{"id":7383,"date":"2021-04-15T20:27:57","date_gmt":"2021-04-15T18:27:57","guid":{"rendered":"https:\/\/www.foment.com\/digitalitzat\/?page_id=7383"},"modified":"2021-09-07T11:51:15","modified_gmt":"2021-09-07T09:51:15","slug":"on-som","status":"publish","type":"page","link":"https:\/\/www.foment.com\/digitalitzat\/on-som\/","title":{"rendered":"On som"},"content":{"rendered":"<p>[et_pb_section fb_built=&#8221;1&#8243; fullwidth=&#8221;on&#8221; _builder_version=&#8221;4.9.0&#8243; _module_preset=&#8221;default&#8221; background_color=&#8221;RGBA(0,0,0,0)&#8221; background_image=&#8221;https:\/\/www.foment.com\/digitalitzat\/wp-content\/uploads\/2021\/04\/slider.jpg&#8221; custom_margin=&#8221;-15px||-50px||false|false&#8221; custom_margin_tablet=&#8221;&#8221; custom_margin_phone=&#8221;-5px||||false|false&#8221; custom_margin_last_edited=&#8221;on|phone&#8221; hover_enabled=&#8221;0&#8243; da_disable_devices=&#8221;off|off|off&#8221; collapsed=&#8221;off&#8221; sticky_enabled=&#8221;0&#8243; da_is_popup=&#8221;off&#8221; da_exit_intent=&#8221;off&#8221; da_has_close=&#8221;on&#8221; da_alt_close=&#8221;off&#8221; da_dark_close=&#8221;off&#8221; da_not_modal=&#8221;on&#8221; da_is_singular=&#8221;off&#8221; da_with_loader=&#8221;off&#8221; da_has_shadow=&#8221;on&#8221;][et_pb_fullwidth_slider _builder_version=&#8221;4.9.0&#8243; _module_preset=&#8221;default&#8221; body_font_size=&#8221;22px&#8221; width=&#8221;70%&#8221; width_tablet=&#8221;90%&#8221; width_phone=&#8221;&#8221; width_last_edited=&#8221;on|desktop&#8221; module_alignment=&#8221;center&#8221; content_width_tablet=&#8221;&#8221; content_width_phone=&#8221;&#8221; content_width_last_edited=&#8221;on|phone&#8221; custom_margin=&#8221;||||false|false&#8221; custom_margin_tablet=&#8221;||||false|false&#8221; custom_margin_phone=&#8221;||||false|false&#8221; custom_margin_last_edited=&#8221;on|phone&#8221; custom_padding=&#8221;25px||||false|false&#8221; custom_padding_tablet=&#8221;||||false|false&#8221; custom_padding_phone=&#8221;||||false|false&#8221; custom_padding_last_edited=&#8221;on|phone&#8221; hover_enabled=&#8221;0&#8243; sticky_enabled=&#8221;0&#8243;][et_pb_slide heading=&#8221;Una representaci\u00f3 arreu del territori catal\u00e0&#8221; _builder_version=&#8221;4.9.0&#8243; _module_preset=&#8221;default&#8221; body_font=&#8221;Montserrat|500|||||||&#8221; body_font_size=&#8221;69px&#8221; body_line_height=&#8221;1.9em&#8221; background_color=&#8221;RGBA(0,0,0,0)&#8221; background_enable_color=&#8221;on&#8221; background_enable_image=&#8221;off&#8221; custom_padding=&#8221;250px||||false|false&#8221; custom_padding_tablet=&#8221;150px||||false|false&#8221; custom_padding_phone=&#8221;100px||||false|false&#8221; custom_padding_last_edited=&#8221;on|desktop&#8221; body_font_size_tablet=&#8221;&#8221; body_font_size_phone=&#8221;18px&#8221; body_font_size_last_edited=&#8221;on|phone&#8221; sticky_transition=&#8221;on&#8221;]<\/p>\n<h4 style=\"text-align: center;\"><span style=\"color: #ffffffb5;\">Foment juntament amb les seves associacions territorials representen el teixit empresarial catal\u00e0 de les quatre prov\u00edncies. Amb elles impulsem un espai que generar\u00e0 noves oportunitats, projectes i aliances. <\/span><\/h4>\n<p>[\/et_pb_slide][et_pb_slide heading=&#8221;Una representaci\u00f3 arreu del territori catal\u00e0&#8221; _builder_version=&#8221;4.9.0&#8243; _module_preset=&#8221;default&#8221; body_font=&#8221;Montserrat|500|||||||&#8221; body_font_size=&#8221;69px&#8221; body_line_height=&#8221;1.9em&#8221; background_color=&#8221;RGBA(0,0,0,0)&#8221; background_enable_color=&#8221;on&#8221; background_enable_image=&#8221;off&#8221; custom_padding=&#8221;250px||||false|false&#8221; custom_padding_tablet=&#8221;150px||||false|false&#8221; custom_padding_phone=&#8221;100px||||false|false&#8221; custom_padding_last_edited=&#8221;on|desktop&#8221; body_font_size_tablet=&#8221;&#8221; body_font_size_phone=&#8221;18px&#8221; body_font_size_last_edited=&#8221;on|phone&#8221; sticky_transition=&#8221;on&#8221;]<\/p>\n<h4 style=\"text-align: center;\"><span style=\"color: #ffffffb5;\">Foment juntament amb les seves associacions territorials representen el teixit empresarial catal\u00e0 de les quatre prov\u00edncies. Amb elles impulsem un espai que generar\u00e0 noves oportunitats, projectes i aliances. <\/span><\/h4>\n<p>[\/et_pb_slide][et_pb_slide heading=&#8221;Una representaci\u00f3 arreu del territori catal\u00e0&#8221; _builder_version=&#8221;4.9.0&#8243; _module_preset=&#8221;default&#8221; body_font=&#8221;Montserrat|500|||||||&#8221; body_font_size=&#8221;69px&#8221; body_line_height=&#8221;1.9em&#8221; background_color=&#8221;RGBA(0,0,0,0)&#8221; background_enable_color=&#8221;on&#8221; background_enable_image=&#8221;off&#8221; custom_padding=&#8221;250px||||false|false&#8221; custom_padding_tablet=&#8221;150px||||false|false&#8221; custom_padding_phone=&#8221;100px||||false|false&#8221; custom_padding_last_edited=&#8221;on|desktop&#8221; body_font_size_tablet=&#8221;&#8221; body_font_size_phone=&#8221;18px&#8221; body_font_size_last_edited=&#8221;on|phone&#8221; sticky_transition=&#8221;on&#8221;]<\/p>\n<h4 style=\"text-align: center;\"><span style=\"color: #ffffffb5;\">Foment juntament amb les seves associacions territorials representen el teixit empresarial catal\u00e0 de les quatre prov\u00edncies. Amb elles impulsem un espai que generar\u00e0 noves oportunitats, projectes i aliances. <\/span><\/h4>\n<p>[\/et_pb_slide][\/et_pb_fullwidth_slider][\/et_pb_section][et_pb_section fb_built=&#8221;1&#8243; _builder_version=&#8221;4.9.0&#8243; _module_preset=&#8221;default&#8221; width=&#8221;100%&#8221; width_tablet=&#8221;&#8221; width_phone=&#8221;&#8221; width_last_edited=&#8221;on|phone&#8221; module_alignment=&#8221;center&#8221; hover_enabled=&#8221;0&#8243; da_disable_devices=&#8221;off|off|off&#8221; collapsed=&#8221;off&#8221; sticky_enabled=&#8221;0&#8243; da_is_popup=&#8221;off&#8221; da_exit_intent=&#8221;off&#8221; da_has_close=&#8221;on&#8221; da_alt_close=&#8221;off&#8221; da_dark_close=&#8221;off&#8221; da_not_modal=&#8221;on&#8221; da_is_singular=&#8221;off&#8221; da_with_loader=&#8221;off&#8221; da_has_shadow=&#8221;on&#8221;][et_pb_row _builder_version=&#8221;4.9.0&#8243; _module_preset=&#8221;default&#8221; width=&#8221;60%&#8221; width_tablet=&#8221;&#8221; width_phone=&#8221;&#8221; width_last_edited=&#8221;on|tablet&#8221; module_alignment=&#8221;center&#8221; hover_enabled=&#8221;0&#8243; collapsed=&#8221;off&#8221; sticky_enabled=&#8221;0&#8243;][et_pb_column type=&#8221;4_4&#8243; _builder_version=&#8221;4.9.0&#8243; _module_preset=&#8221;default&#8221;][et_pb_text _builder_version=&#8221;4.9.0&#8243; _module_preset=&#8221;default&#8221; text_font=&#8221;||||||||&#8221; width=&#8221;100%&#8221; width_tablet=&#8221;&#8221; width_phone=&#8221;&#8221; width_last_edited=&#8221;on|tablet&#8221; module_alignment=&#8221;center&#8221; hover_enabled=&#8221;0&#8243; sticky_enabled=&#8221;0&#8243;]<\/p>\n<p>La relaci\u00f3 amb totes les associacions territorials permetr\u00e0 impulsar la capacitat d&#8217;innovaci\u00f3, la competitivitat i l&#8217;ocupaci\u00f3, aix\u00ed com donar m\u00e9s visibilitat a la capacitat que tenen les organitzacions empresarials d&#8217;aportar valor a tot el teixit empresarial.<\/p>\n<p>Els objectius s\u00f3n clars: col\u00b7laborar, crear noves oportunitats, donar visibilitat a les empreses innovadores i tamb\u00e9 a la innovaci\u00f3 capdavantera que tenim al territori i aix\u00ed ampliar la participaci\u00f3 de m\u00e9s agents.<\/p>\n<p>[\/et_pb_text][et_pb_text _builder_version=&#8221;4.9.0&#8243; _module_preset=&#8221;default&#8221; text_font=&#8221;||||||||&#8221; width=&#8221;100%&#8221; width_tablet=&#8221;&#8221; width_phone=&#8221;&#8221; width_last_edited=&#8221;on|tablet&#8221; module_alignment=&#8221;center&#8221; hover_enabled=&#8221;0&#8243; sticky_enabled=&#8221;0&#8243;]<\/p>\n<p>&nbsp;<\/p>\n<p style=\"text-align: justify;\"><strong>Entitats implicades:<\/strong><\/p>\n<p>&nbsp;<\/p>\n<ul>\n<li style=\"text-align: justify;\">Federaci\u00f3 de la petita i mitjana empresa de Catalunya (FEPIME)<\/li>\n<li style=\"text-align: justify;\">Federaci\u00f3 d\u2019Organitzacions Empresarials de Girona (FOEG)<\/li>\n<li style=\"text-align: justify;\">Confederaci\u00f3 Empresarial de la Prov\u00edncia de Tarragona (CEPTA)<\/li>\n<li style=\"text-align: justify;\">Confederaci\u00f3 d&#8217;Organitzacions Empresarials de Lleida (COELL)<\/li>\n<li style=\"text-align: justify;\">Uni\u00f3 Intersectorial Empresarial del Ripoll\u00e8s (UIER)<\/li>\n<li style=\"text-align: justify;\">CECOT<\/li>\n<li style=\"text-align: justify;\">Fundaci\u00f3 per la Ind\u00fastria i Gremi de Fabricants de Sabadell<\/li>\n<li style=\"text-align: justify;\">Federaci\u00f3 Empresarial Gran Pened\u00e8s (FEGP)<\/li>\n<li style=\"text-align: justify;\">Federaci\u00f3 d\u2019Associacions i gremis empresarials del Maresme (FAGEM)<\/li>\n<li style=\"text-align: justify;\">Uni\u00f3 Empresarial de l\u2019Anoia (UEA)<\/li>\n<li style=\"text-align: justify;\">Associaci\u00f3 Comarcal d&#8217;Empresaris del Bergued\u00e0 (ACEB)<\/li>\n<li>Associaci\u00f3 Empresarial de l&#8217;Hospitalet i Baix Llobregat (AEBALL)<\/li>\n<\/ul>\n<p>[\/et_pb_text][\/et_pb_column][\/et_pb_row][\/et_pb_section][et_pb_section fb_built=&#8221;1&#8243; _builder_version=&#8221;4.9.0&#8243; _module_preset=&#8221;default&#8221; module_alignment=&#8221;center&#8221; custom_margin=&#8221;-25px||||false|false&#8221; da_disable_devices=&#8221;off|off|off&#8221; collapsed=&#8221;off&#8221; da_is_popup=&#8221;off&#8221; da_exit_intent=&#8221;off&#8221; da_has_close=&#8221;on&#8221; da_alt_close=&#8221;off&#8221; da_dark_close=&#8221;off&#8221; da_not_modal=&#8221;on&#8221; da_is_singular=&#8221;off&#8221; da_with_loader=&#8221;off&#8221; da_has_shadow=&#8221;on&#8221;][et_pb_row column_structure=&#8221;1_2,1_2&#8243; _builder_version=&#8221;4.9.0&#8243; _module_preset=&#8221;default&#8221; module_alignment=&#8221;center&#8221; collapsed=&#8221;off&#8221;][et_pb_column type=&#8221;1_2&#8243; _builder_version=&#8221;4.9.0&#8243; _module_preset=&#8221;default&#8221;][et_pb_text _builder_version=&#8221;4.9.0&#8243; _module_preset=&#8221;default&#8221; header_2_font=&#8221;|800|||||||&#8221; module_alignment=&#8221;right&#8221; custom_margin=&#8221;80px||||false|false&#8221; custom_margin_tablet=&#8221;&#8221; custom_margin_phone=&#8221;5px||||false|false&#8221; custom_margin_last_edited=&#8221;on|desktop&#8221; custom_padding=&#8221;|50px||50px|false|false&#8221; custom_padding_tablet=&#8221;&#8221; custom_padding_phone=&#8221;|0px||0px|false|false&#8221; custom_padding_last_edited=&#8221;on|tablet&#8221;]<\/p>\n<h2>Un programa amb pres\u00e8ncia arreu de Catalunya<\/h2>\n<p>&nbsp;<\/p>\n<p>Digitalitza\u2019t consta d\u2019una xarxa d&#8217;oficines de transformaci\u00f3 digital per tot el territori catal\u00e0. Gr\u00e0cies als espais de Foment, de la xarxa d\u2019organitzacions territorials i de les entitats col\u00b7laboradores, es cobreixen les quatre prov\u00edncies de Catalunya.<\/p>\n<p>&nbsp;<\/p>\n<p>[\/et_pb_text][\/et_pb_column][et_pb_column type=&#8221;1_2&#8243; _builder_version=&#8221;4.9.0&#8243; _module_preset=&#8221;default&#8221;][et_pb_text _builder_version=&#8221;4.9.0&#8243; _module_preset=&#8221;default&#8221; module_alignment=&#8221;right&#8221;]<\/p>\n<p style=\"text-align: center;\"><div id=\"image-map-pro-8023\"><\/div><\/p>\n<p>[\/et_pb_text][\/et_pb_column][\/et_pb_row][\/et_pb_section][et_pb_section fb_built=&#8221;1&#8243; _builder_version=&#8221;4.9.0&#8243; _module_preset=&#8221;default&#8221; background_color=&#8221;#f9f9f9&#8243; width=&#8221;100%&#8221; width_tablet=&#8221;&#8221; width_phone=&#8221;&#8221; width_last_edited=&#8221;on|phone&#8221; module_alignment=&#8221;center&#8221; custom_margin=&#8221;||||false|false&#8221; da_disable_devices=&#8221;off|off|off&#8221; collapsed=&#8221;off&#8221; da_is_popup=&#8221;off&#8221; da_exit_intent=&#8221;off&#8221; da_has_close=&#8221;on&#8221; da_alt_close=&#8221;off&#8221; da_dark_close=&#8221;off&#8221; da_not_modal=&#8221;on&#8221; da_is_singular=&#8221;off&#8221; da_with_loader=&#8221;off&#8221; da_has_shadow=&#8221;on&#8221;][et_pb_row _builder_version=&#8221;4.9.0&#8243; _module_preset=&#8221;default&#8221; width=&#8221;60%&#8221; width_tablet=&#8221;&#8221; width_phone=&#8221;&#8221; width_last_edited=&#8221;on|phone&#8221; module_alignment=&#8221;center&#8221; custom_margin=&#8221;||30px||false|false&#8221; collapsed=&#8221;on&#8221;][et_pb_column type=&#8221;4_4&#8243; _builder_version=&#8221;4.9.0&#8243; _module_preset=&#8221;default&#8221;][et_pb_text _builder_version=&#8221;4.9.0&#8243; _module_preset=&#8221;default&#8221; text_font=&#8221;||||||||&#8221; width_tablet=&#8221;&#8221; width_phone=&#8221;&#8221; width_last_edited=&#8221;on|phone&#8221; module_alignment=&#8221;center&#8221;]<\/p>\n<h2>La nostra<br \/>infraestructura<\/h2>\n<p>&nbsp;<\/p>\n<p style=\"text-align: justify;\">Des de la perspectiva d&#8217;infraestructura i espais per desenvolupar les activitats es pot destacar que Foment disposa a la seva seu ubicada al centre de la ciutat de Barcelona, un conjunt de sales i despatxos amb una capacitat d&#8217;entre 10 i 225 persones, aptes per a reunions i esdeveniments especials, adaptables a diferents usos i necessitats. Al seu torn la xarxa d&#8217;organitzacions territorials tamb\u00e9 aporten espais per poder atendre les consultes de forma f\u00edsica en cadascuna de les seus.<\/p>\n<p style=\"text-align: justify;\">Es preveu la realitzaci\u00f3 de sessions i jornades de forma peri\u00f2dica per impulsar al m\u00e0xim el debat dels beneficis de la transformaci\u00f3 digital. Aquestes sessions es duran a terme a Barcelona o en algunes de les seus de les entitats col\u00b7laboradores. Malgrat la disponibilitat d\u2019infraestructures, \u00e9s molt probable que, per l\u2019estadi en qu\u00e8 ens trobem, moltes d\u2019aquestes accions detallades en aquest programa siguin en format online.<\/p>\n<p>[\/et_pb_text][\/et_pb_column][\/et_pb_row][\/et_pb_section]<\/p>\n","protected":false},"excerpt":{"rendered":"<p>[et_pb_section fb_built=&#8221;1&#8243; fullwidth=&#8221;on&#8221; _builder_version=&#8221;4.9.0&#8243; _module_preset=&#8221;default&#8221; background_color=&#8221;RGBA(0,0,0,0)&#8221; background_image=&#8221;https:\/\/www.foment.com\/digitalitzat\/wp-content\/uploads\/2021\/04\/slider.jpg&#8221; custom_margin=&#8221;-15px||-50px||false|false&#8221; custom_margin_tablet=&#8221;&#8221; custom_margin_phone=&#8221;-5px||||false|false&#8221; custom_margin_last_edited=&#8221;on|phone&#8221; hover_enabled=&#8221;0&#8243; da_disable_devices=&#8221;off|off|off&#8221; collapsed=&#8221;off&#8221; sticky_enabled=&#8221;0&#8243; da_is_popup=&#8221;off&#8221; da_exit_intent=&#8221;off&#8221; da_has_close=&#8221;on&#8221; da_alt_close=&#8221;off&#8221; da_dark_close=&#8221;off&#8221; da_not_modal=&#8221;on&#8221; da_is_singular=&#8221;off&#8221; da_with_loader=&#8221;off&#8221; da_has_shadow=&#8221;on&#8221;][et_pb_fullwidth_slider _builder_version=&#8221;4.9.0&#8243; _module_preset=&#8221;default&#8221; body_font_size=&#8221;22px&#8221; width=&#8221;70%&#8221; width_tablet=&#8221;90%&#8221; width_phone=&#8221;&#8221; width_last_edited=&#8221;on|desktop&#8221; module_alignment=&#8221;center&#8221; content_width_tablet=&#8221;&#8221; content_width_phone=&#8221;&#8221; content_width_last_edited=&#8221;on|phone&#8221; custom_margin=&#8221;||||false|false&#8221; custom_margin_tablet=&#8221;||||false|false&#8221; custom_margin_phone=&#8221;||||false|false&#8221; custom_margin_last_edited=&#8221;on|phone&#8221; custom_padding=&#8221;25px||||false|false&#8221; custom_padding_tablet=&#8221;||||false|false&#8221; custom_padding_phone=&#8221;||||false|false&#8221; custom_padding_last_edited=&#8221;on|phone&#8221; hover_enabled=&#8221;0&#8243; sticky_enabled=&#8221;0&#8243;][et_pb_slide heading=&#8221;Una representaci\u00f3 arreu del territori catal\u00e0&#8221; _builder_version=&#8221;4.9.0&#8243; _module_preset=&#8221;default&#8221; body_font=&#8221;Montserrat|500|||||||&#8221; body_font_size=&#8221;69px&#8221; [&hellip;]<\/p>\n","protected":false},"author":1,"featured_media":0,"parent":0,"menu_order":0,"comment_status":"closed","ping_status":"closed","template":"","meta":{"_et_pb_use_builder":"on","_et_pb_old_content":"","_et_gb_content_width":""},"_links":{"self":[{"href":"https:\/\/www.foment.com\/digitalitzat\/wp-json\/wp\/v2\/pages\/7383"}],"collection":[{"href":"https:\/\/www.foment.com\/digitalitzat\/wp-json\/wp\/v2\/pages"}],"about":[{"href":"https:\/\/www.foment.com\/digitalitzat\/wp-json\/wp\/v2\/types\/page"}],"author":[{"embeddable":true,"href":"https:\/\/www.foment.com\/digitalitzat\/wp-json\/wp\/v2\/users\/1"}],"replies":[{"embeddable":true,"href":"https:\/\/www.foment.com\/digitalitzat\/wp-json\/wp\/v2\/comments?post=7383"}],"version-history":[{"count":26,"href":"https:\/\/www.foment.com\/digitalitzat\/wp-json\/wp\/v2\/pages\/7383\/revisions"}],"predecessor-version":[{"id":9307,"href":"https:\/\/www.foment.com\/digitalitzat\/wp-json\/wp\/v2\/pages\/7383\/revisions\/9307"}],"wp:attachment":[{"href":"https:\/\/www.foment.com\/digitalitzat\/wp-json\/wp\/v2\/media?parent=7383"}],"curies":[{"name":"wp","href":"https:\/\/api.w.org\/{rel}","templated":true}]}}