{"id":22336,"date":"2016-11-08T18:11:49","date_gmt":"2016-11-08T17:11:49","guid":{"rendered":"http:\/\/foment.itartech.com\/en\/biblioteca-archivo\/"},"modified":"2024-09-27T10:46:08","modified_gmt":"2024-09-27T08:46:08","slug":"library-archives","status":"publish","type":"page","link":"https:\/\/www.foment.com\/en\/about-us\/library-archives\/","title":{"rendered":"Library and Archive"},"content":{"rendered":"<section class=\"wpb-content-wrapper\"><p>[vc_section][vc_row][vc_column width=&#8221;1\/1&#8243;]\n\t\t\t<!-- START biblioteca en REVOLUTION SLIDER 6.4.6 --><p class=\"rs-p-wp-fix\"><\/p>\n\t\t\t<rs-module-wrap id=\"rev_slider_220_1_wrapper\" data-source=\"gallery\" style=\"background:transparent;padding:0;margin:0px auto;margin-top:0;margin-bottom:0;\">\n\t\t\t\t<rs-module id=\"rev_slider_220_1\" style=\"\" data-version=\"6.4.6\">\n\t\t\t\t\t<rs-slides>\n\t\t\t\t\t\t<rs-slide data-key=\"rs-271\" data-title=\"Slide\" data-anim=\"ms:600;\" data-in=\"o:0;\" data-out=\"a:false;\">\n\t\t\t\t\t\t\t<img src=\"\/\/www.foment.com\/wp-content\/plugins\/revslider\/public\/assets\/assets\/dummy.png\" title=\"biblioteca\" width=\"875\" height=\"281\" class=\"rev-slidebg tp-rs-img rs-lazyload\" data-lazyload=\"\/\/www.foment.com\/wp-content\/uploads\/2021\/05\/biblioteca.jpeg\" data-parallax=\"off\" data-no-retina>\n<!--\n\t\t\t\t\t\t\t--><rs-layer\n\t\t\t\t\t\t\t\tid=\"slider-220-slide-271-layer-0\" \n\t\t\t\t\t\t\t\tdata-type=\"text\"\n\t\t\t\t\t\t\t\tdata-rsp_ch=\"on\"\n\t\t\t\t\t\t\t\tdata-xy=\"x:c;y:m;yo:-10px,-10px,-10px,0;\"\n\t\t\t\t\t\t\t\tdata-text=\"w:normal;s:30,30,28,25;l:66,54,41,25;fw:700;a:center;\"\n\t\t\t\t\t\t\t\tdata-dim=\"w:979px,808px,613px,378px;\"\n\t\t\t\t\t\t\t\tdata-frame_999=\"o:0;st:w;\"\n\t\t\t\t\t\t\t\tstyle=\"z-index:5;font-family:Montserrat;\"\n\t\t\t\t\t\t\t>LIBRARY AND ARCHIVE \n\t\t\t\t\t\t\t<\/rs-layer><!--\n-->\t\t\t\t\t\t<\/rs-slide>\n\t\t\t\t\t<\/rs-slides>\n\t\t\t\t<\/rs-module>\n\t\t\t\t<script type=\"text\/javascript\">\n\t\t\t\t\tsetREVStartSize({c: 'rev_slider_220_1',rl:[1240,1024,778,480],el:[500,600,360,360],gw:[1240,1024,778,480],gh:[500,600,360,360],type:'hero',justify:'',layout:'fullwidth',mh:\"0\"});\n\t\t\t\t\tvar\trevapi220,\n\t\t\t\t\t\ttpj;\n\t\t\t\t\tfunction revinit_revslider2201() {\n\t\t\t\t\tjQuery(function() {\n\t\t\t\t\t\ttpj = jQuery;\n\t\t\t\t\t\trevapi220 = tpj(\"#rev_slider_220_1\");\n\t\t\t\t\t\tif(revapi220==undefined || revapi220.revolution == undefined){\n\t\t\t\t\t\t\trevslider_showDoubleJqueryError(\"rev_slider_220_1\");\n\t\t\t\t\t\t}else{\n\t\t\t\t\t\t\trevapi220.revolution({\n\t\t\t\t\t\t\t\tsliderType:\"hero\",\n\t\t\t\t\t\t\t\tDPR:\"dpr\",\n\t\t\t\t\t\t\t\tsliderLayout:\"fullwidth\",\n\t\t\t\t\t\t\t\tvisibilityLevels:\"1240,1024,778,480\",\n\t\t\t\t\t\t\t\tgridwidth:\"1240,1024,778,480\",\n\t\t\t\t\t\t\t\tgridheight:\"500,600,360,360\",\n\t\t\t\t\t\t\t\tlazyType:\"smart\",\n\t\t\t\t\t\t\t\tperspective:600,\n\t\t\t\t\t\t\t\tperspectiveType:\"local\",\n\t\t\t\t\t\t\t\teditorheight:\"500,600,360,360\",\n\t\t\t\t\t\t\t\tresponsiveLevels:\"1240,1024,778,480\",\n\t\t\t\t\t\t\t\tprogressBar:{disableProgressBar:true},\n\t\t\t\t\t\t\t\tparallax: {\n\t\t\t\t\t\t\t\t\tlevels:[2,3,4,5,6,7,12,16,10,50,47,48,49,50,51,55],\n\t\t\t\t\t\t\t\t\ttype:\"mouse\",\n\t\t\t\t\t\t\t\t\torigo:\"slidercenter\",\n\t\t\t\t\t\t\t\t\tspeed:2000\n\t\t\t\t\t\t\t\t},\n\t\t\t\t\t\t\t\tfallbacks: {\n\t\t\t\t\t\t\t\t\tallowHTML5AutoPlayOnAndroid:true\n\t\t\t\t\t\t\t\t},\n\t\t\t\t\t\t\t});\n\t\t\t\t\t\t}\n\t\t\t\t\t\t\n\t\t\t\t\t});\n\t\t\t\t\t} \/\/ End of RevInitScript\n\t\t\t\tvar once_revslider2201 = false;\n\t\t\t\tif (document.readyState === \"loading\") {document.addEventListener('readystatechange',function() { if((document.readyState === \"interactive\" || document.readyState === \"complete\") && !once_revslider2201 ) { once_revslider2201 = true; revinit_revslider2201();}});} else {once_revslider2201 = true; revinit_revslider2201();}\n\t\t\t\t<\/script>\n\t\t\t<\/rs-module-wrap>\n\t\t\t<!-- END REVOLUTION SLIDER -->\n[\/vc_column][\/vc_row][\/vc_section][vc_row text_align=&#8221;center&#8221; top_padding=&#8221;60&#8243; bottom_padding=&#8221;40&#8243;][vc_column width=&#8221;1\/1&#8243;][vc_column_text]<\/p>\n<p style=\"text-align: center;\">The Library and the Archive were created in 1889, the year in which Foment del Treball Nacional was formally founded. They represent the history of the business associations of Catalonia and especially of those of the 19th century, even though it has books prior to 1800.<\/p>\n<p style=\"text-align: center;\">In 1892, the Board of Directors approved a Regulation for the Library and the Reading Room (1892) and publishes a printed catalogue of subjects that in 1914 is adapted to the system of Documentary Classification of Brussels (1907) by the librarian Sebasti\u00e0 Farn\u00e9s.<\/p>\n<p style=\"text-align: center;\">Foment del Treball has begun the first phase of digitalization of its historic archive between 1829-1936, with 136 volumes and 31,000 digitalized images. Amongst these documents are minutes, the registry of trades, and correspondence.<\/p>\n<p>[\/vc_column_text][\/vc_column][\/vc_row][vc_row type=&#8221;full_width_section&#8221; top_padding=&#8221;30&#8243; bottom_padding=&#8221;20&#8243;][vc_column width=&#8221;1\/1&#8243;]<h4 class=\"headline font-special fontsize-xxl fontweight-700 lh-inherit align-center transform-inherit \" style=\"margin: 0 0 20px 0; color: #d2112d;\">Contact with the Library and the Archive<\/h4>[\/vc_column][\/vc_row][vc_row type=&#8221;full_width_section&#8221; top_padding=&#8221;10&#8243; bottom_padding=&#8221;40&#8243;][vc_column text_align=&#8221;center&#8221; width=&#8221;1\/3&#8243;][vc_column_text]<\/p>\n<p style=\"text-align: center;\"><strong>Hour Hand:<\/strong><br \/>\n9-14 h and 15-18 h<\/p>\n<p>[\/vc_column_text][\/vc_column][vc_column width=&#8221;1\/3&#8243;][vc_column_text]<\/p>\n<p style=\"text-align: center;\"><strong>Phone:<\/strong><br \/>\n+34 934841257<\/p>\n<p>[\/vc_column_text][\/vc_column][vc_column width=&#8221;1\/3&#8243;][vc_column_text]<\/p>\n<p style=\"text-align: center;\"><strong>E-mail:<br \/>\n<\/strong><a href=\"mailto:biblioteca@foment.com\">biblioteca@foment.com<\/a><\/p>\n<p>[\/vc_column_text][\/vc_column][\/vc_row][vc_row top_padding=&#8221;40&#8243; bottom_padding=&#8221;40&#8243;][vc_column width=&#8221;1\/1&#8243;]<div class=\"flexslider wpb_content_element\"><ul class=\"slides\"><li><img src=\"https:\/\/www.foment.com\/wp-content\/uploads\/2016\/09\/Foment_del_Treball_Biblioteca_Arxiu_3.png\" alt=\"\" \/><\/li><li><img src=\"https:\/\/www.foment.com\/wp-content\/uploads\/2016\/09\/Foment_del_Treball_Biblioteca_Arxiu_2.png\" alt=\"\" \/><\/li><li><img src=\"https:\/\/www.foment.com\/wp-content\/uploads\/2016\/09\/Foment_del_Treball_Biblioteca_Arxiu.png\" alt=\"\" \/><\/li><li><img src=\"https:\/\/www.foment.com\/wp-content\/uploads\/2016\/09\/Foment_del_Treball_Biblioteca_Arxiu_4.png\" alt=\"\" \/><\/li><\/ul><\/div>[\/vc_column][\/vc_row][vc_row bg_color=&#8221;#efefef&#8221; top_padding=&#8221;80&#8243; bottom_padding=&#8221;80&#8243; class=&#8221;pestanyesarxiu&#8221; bg_position=&#8221;left top&#8221;][vc_column el_class=&#8221;pestanyesarxiu&#8221; width=&#8221;1\/1&#8243;]<h5 class=\"headline font-inherit fontsize-m fontweight-700 lh-inherit align-center transform-inherit \" style=\"margin: 0 0 20px 0; color: #000000;\">The library of Foment has more than 80,000 volumes divided into four sections:<\/h5>[vc_tta_tabs style=&#8221;flat&#8221; shape=&#8221;square&#8221; color=&#8221;white&#8221; active_section=&#8221;1&#8243; el_class=&#8221;pestanyesarxiu&#8221;][vc_tta_section title=&#8221;HISTORICAL ARCHIVES&#8221; tab_id=&#8221;1624888897041-7accfc04-4a56&#8243;][vc_column_text el_class=&#8221;espaiat&#8221;]The Archives of Foment (AFTN) reflect the history of business associations in Catalonia. They conserve the legacy left by the diverse institutions precursor to the current Foment, such as the writings and manuscript documents generated by the Commission of Factories.<br \/>\nWe can summarize the contents in sections and series:<\/p>\n<h3 class=\"blue\">Sections:<\/h3>\n<ul>\n<li>Comissi\u00f3 de F\u00e0briques, Teixits i Estampats de Cot\u00f3 de Catalunya (1829-1847)<\/li>\n<li>Junta de F\u00e0briques (1847-1861)<\/li>\n<li>Institut Industrial de Catalunya (1848-1879)<\/li>\n<li>Foment de la Producci\u00f3 Nacional (1869-1880)<\/li>\n<li>Foment de la Producci\u00f3 Espanyola (1876-1888)<\/li>\n<li>Institut de Foment del Treball Nacional (1879-1889)<\/li>\n<li>Foment del Treball Nacional (1889-1936)<\/li>\n<\/ul>\n<h3 class=\"blue\">Series:<\/h3>\n<ul>\n<li>Actas Junta Directiva i Comisi\u00f3n de Gobierno interior<\/li>\n<li>Copiador de Cartas, oficios, comunicaciones<\/li>\n<li>Libros de administraci\u00f3n y contabilidad<\/li>\n<li>Legajos de correspondencia recibida<\/li>\n<li>Legajos de asuntos internos(edificio, presupuestos, homenajes\u2026)<\/li>\n<li>Memorias (1883 &#8212; )<\/li>\n<li>Publicaciones peri\u00f3dicas:\n<dl>\n<dt><\/dt>\n<dd>1849-1850 &#8220;El Bien P\u00fablico&#8221;<\/dd>\n<dd>1869 &#8220;El Protector del Pueblo&#8221;<\/dd>\n<dd>1869-1870 &#8220;Fomento de la Producci\u00f3n Nacional&#8221;<\/dd>\n<dd>1870-1879 &#8220;Fomento de la Producci\u00f3n Nacional&#8221;<\/dd>\n<dd>1876-1889 &#8220;Fomento del la Producci\u00f3n Espa\u00f1ola&#8221;<\/dd>\n<dd>1880-1888 &#8220;El Eco de la Producci\u00f3n&#8221;<\/dd>\n<dd>1890-1892 &#8220;El Economista Espa\u00f1ol&#8221;<\/dd>\n<dd>1892-1936 &#8220;El <a id=\"_GPLITA_0\" title=\"Powered by Text-Enhance\" href=\"\/en\/about-us\/library-archives\/\">Trabajo<\/a> Nacional&#8221;<\/dd>\n<dd>1942-1943\u00a0<em> &#8220;<\/em>Informaci\u00f3n Econ\u00f3mica&#8221;<\/dd>\n<dd>1943-1970 &#8220;Fomento del <a id=\"_GPLITA_0\" title=\"Powered by Text-Enhance\" href=\"\/en\/about-us\/library-archives\/\">Trabajo<\/a> Nacional&#8221;<\/dd>\n<dd>Econom\u00eda nacional, internacional y de la empresa<\/dd>\n<dd>1970-1978 &#8220;Fomento del <a id=\"_GPLITA_0\" title=\"Powered by Text-Enhance\" href=\"\/en\/about-us\/library-archives\/\">Trabajo<\/a> Nacional&#8221;<\/dd>\n<dd>1978- &#8220;Horizonte Empresarial&#8221;<\/dd>\n<\/dl>\n<\/li>\n<\/ul>\n<p>[\/vc_column_text][\/vc_tta_section][vc_tta_section title=&#8221;BOOKS AND BROCHURES&#8221; tab_id=&#8221;1624888897064-94483f6e-b3cf&#8221;][vc_column_text el_class=&#8221;espaiat&#8221;]The Library has 80,000 volumes, mainly on economic and social subjects. Some donators contributed to the collection: Josep Ferrer i Vidal, Frederic Rahola, Guillem Graell, Emili Orellana, V\u00edctor Balaguer, Llu\u00eds Seg\u00f3, Juan Navarro Reverter, Josep M. Albert Despujol, Bar\u00f3 de Terrades, among others.<\/p>\n<p>It has an important background of more than 200 books prior to 1800 (3 books from the 16th century, 25 from the 17th century and 183 from the 18th century).<\/p>\n<p>Among these are:<\/p>\n<ul>\n<li>Constitucions i altres drets de Catalunya, 1589, 1r vol.<\/li>\n<li>Marco Tilius Tir\u00f3n. Notae romanorum veterum. Quibus litera verbum facit (Taquigrafia romana), 1603. Shorthand was used to collect the speeches from the Roman Senate.<\/li>\n<li>Miguel de Cervantes Saavedra. Don Quijote de la Mancha (1605) and 1st edition photo-typography, 1872. Edition of only 1605 copies for Spain.<\/li>\n<li>Frigola, Vicente. Relaci\u00f3n de los pueblos de que consta el Principado, 1824. Considered the first Catalan catalogue of names.<\/li>\n<li>Tos, Joaqu\u00edn. Paleograf\u00eda que para la inteligencia de los manuscritos antiguos de este Principado. Appendix of scribes and notaries of Barcelona from the 13th century. Catalan paleography. (prior to 1828).<\/li>\n<\/ul>\n<p>[\/vc_column_text][\/vc_tta_section][vc_tta_section title=&#8221;PERIODICALS&#8221; tab_id=&#8221;1624888970065-0bce2cbd-86a3&#8243;][vc_column_text el_class=&#8221;espaiat&#8221;]The magazine title catalogue of Foment del Treball has more than 1500 closed entries.; four from the 18th century and more than 160 from the 19th century.<\/p>\n<p>Among the most important collections are:<\/p>\n<ul>\n<li>Mercurio hist\u00f3rico y pol\u00edtico, 1743<\/li>\n<li>Descriptions des Arts et Metiers 1761 87 vols.<\/li>\n<li>Diario de Barcelona (1793)<\/li>\n<li>Gaceta de Madrid (1848)<\/li>\n<li>Diario de Sesiones de las Cortes, Congreso de Diputados desde las Cortes de Castilla y de C\u00e1diz (1563). (Volums publicats el 1877)<\/li>\n<li>The Economist (1876)<\/li>\n<li>Dekorative Vorbilber, 1890. 21 vol.<\/li>\n<li>Bolet\u00edn de Reformas Sociales (1904-1924)<\/li>\n<\/ul>\n<p>[\/vc_column_text][\/vc_tta_section][vc_tta_section title=&#8221;MANUSCRIPTS AND UNIQUE COPIES&#8221; tab_id=&#8221;1624889020181-940bcb94-bf8d&#8221;][vc_column_text el_class=&#8221;espaiat&#8221;]<\/p>\n<ul>\n<li>Colecciones de letras de cambio adquiridas por Foment del Treball en el a\u00f1o 1895:\n<ul>\n<li>Lletra de Canvi de Val\u00e8ncia (s.XV)<\/li>\n<li>Lletra de Vanio de N\u00e0pols (s. XVI)<\/li>\n<\/ul>\n<\/li>\n<li>Samponts Roca, Francisco. Noticia de una nueva Bomba de Fuego, 1805<\/li>\n<li>Rovira, Joaqu\u00edn. Libro de teor\u00eda de la fabricaci\u00f3n de la seda &#8230;1838<\/li>\n<li>Rico y Sinobas. Ornamentaci\u00f3n catalana: cerrajer\u00eda en la Edad Media, 1880<\/li>\n<\/ul>\n<p>[\/vc_column_text][\/vc_tta_section][\/vc_tta_tabs][\/vc_column][\/vc_row]<\/p>\n<\/section>","protected":false},"excerpt":{"rendered":"<p>[vc_section][vc_row][vc_column width=&#8221;1\/1&#8243;][\/vc_column][\/vc_row][\/vc_section][vc_row text_align=&#8221;center&#8221; top_padding=&#8221;60&#8243; bottom_padding=&#8221;40&#8243;][vc_column width=&#8221;1\/1&#8243;][vc_column_text] The Library and the Archive were created in 1889, the year in which Foment del Treball Nacional was formally founded. They represent the history of the business associations of Catalonia and especially of those of the 19th century, even though it has books prior to 1800. In 1892, the Board of Directors approved a Regulation for the Library and the Reading Room (1892) and publishes a printed catalogue of subjects that in 1914 is adapted to the system of Documentary Classification of Brussels (1907) by the librarian Sebasti\u00e0 Farn\u00e9s. Foment del Treball has begun the first phase of digitalization of its historic archive between 1829-1936, with 136 volumes and 31,000 digitalized images. Amongst these documents are minutes, the registry of trades, and correspondence. [\/vc_column_text][\/vc_column][\/vc_row][vc_row type=&#8221;full_width_section&#8221; top_padding=&#8221;30&#8243; bottom_padding=&#8221;20&#8243;][vc_column width=&#8221;1\/1&#8243;][\/vc_column][\/vc_row][vc_row type=&#8221;full_width_section&#8221; top_padding=&#8221;10&#8243; bottom_padding=&#8221;40&#8243;][vc_column text_align=&#8221;center&#8221; width=&#8221;1\/3&#8243;][vc_column_text] Hour Hand: 9-14 h and 15-18 h [\/vc_column_text][\/vc_column][vc_column width=&#8221;1\/3&#8243;][vc_column_text] Phone: +34 934841257 [\/vc_column_text][\/vc_column][vc_column width=&#8221;1\/3&#8243;][vc_column_text] E-mail: biblioteca@foment.com [\/vc_column_text][\/vc_column][\/vc_row][vc_row top_padding=&#8221;40&#8243; bottom_padding=&#8221;40&#8243;][vc_column width=&#8221;1\/1&#8243;][\/vc_column][\/vc_row][vc_row bg_color=&#8221;#efefef&#8221; top_padding=&#8221;80&#8243; bottom_padding=&#8221;80&#8243; class=&#8221;pestanyesarxiu&#8221; bg_position=&#8221;left top&#8221;][vc_column el_class=&#8221;pestanyesarxiu&#8221; width=&#8221;1\/1&#8243;][vc_tta_tabs style=&#8221;flat&#8221; shape=&#8221;square&#8221; color=&#8221;white&#8221; active_section=&#8221;1&#8243; el_class=&#8221;pestanyesarxiu&#8221;][vc_tta_section title=&#8221;HISTORICAL ARCHIVES&#8221; tab_id=&#8221;1624888897041-7accfc04-4a56&#8243;][vc_column_text el_class=&#8221;espaiat&#8221;]The Archives of Foment (AFTN) reflect the history of business associations in Catalonia. They conserve the legacy left by the diverse institutions precursor to the [&hellip;]<\/p>\n","protected":false},"author":1,"featured_media":0,"parent":24391,"menu_order":0,"comment_status":"closed","ping_status":"closed","template":"","meta":{"_links_to":"","_links_to_target":""},"acf":[],"wps_subtitle":"","_links":{"self":[{"href":"https:\/\/www.foment.com\/en\/wp-json\/wp\/v2\/pages\/22336"}],"collection":[{"href":"https:\/\/www.foment.com\/en\/wp-json\/wp\/v2\/pages"}],"about":[{"href":"https:\/\/www.foment.com\/en\/wp-json\/wp\/v2\/types\/page"}],"author":[{"embeddable":true,"href":"https:\/\/www.foment.com\/en\/wp-json\/wp\/v2\/users\/1"}],"replies":[{"embeddable":true,"href":"https:\/\/www.foment.com\/en\/wp-json\/wp\/v2\/comments?post=22336"}],"version-history":[{"count":12,"href":"https:\/\/www.foment.com\/en\/wp-json\/wp\/v2\/pages\/22336\/revisions"}],"predecessor-version":[{"id":190227,"href":"https:\/\/www.foment.com\/en\/wp-json\/wp\/v2\/pages\/22336\/revisions\/190227"}],"up":[{"embeddable":true,"href":"https:\/\/www.foment.com\/en\/wp-json\/wp\/v2\/pages\/24391"}],"wp:attachment":[{"href":"https:\/\/www.foment.com\/en\/wp-json\/wp\/v2\/media?parent=22336"}],"curies":[{"name":"wp","href":"https:\/\/api.w.org\/{rel}","templated":true}]}}