{"id":22354,"date":"2016-08-29T17:52:27","date_gmt":"2016-08-29T15:52:27","guid":{"rendered":"http:\/\/foment.itartech.com\/en\/organos-consultivos\/"},"modified":"2026-03-20T11:19:09","modified_gmt":"2026-03-20T10:19:09","slug":"advisory-bodies","status":"publish","type":"page","link":"https:\/\/www.foment.com\/en\/about-us\/advisory-bodies\/","title":{"rendered":"Advisory Bodies"},"content":{"rendered":"<section class=\"wpb-content-wrapper\"><p>[vc_row][vc_column width=&#8221;1\/1&#8243;]\n\t\t\t<!-- START organs consultius EN REVOLUTION SLIDER 6.4.6 --><p class=\"rs-p-wp-fix\"><\/p>\n\t\t\t<rs-module-wrap id=\"rev_slider_214_1_wrapper\" data-source=\"gallery\" style=\"background:transparent;padding:0;margin:0px auto;margin-top:0;margin-bottom:0;\">\n\t\t\t\t<rs-module id=\"rev_slider_214_1\" style=\"\" data-version=\"6.4.6\">\n\t\t\t\t\t<rs-slides>\n\t\t\t\t\t\t<rs-slide data-key=\"rs-265\" data-title=\"Slide\" data-anim=\"ms:600;\" data-in=\"o:0;\" data-out=\"a:false;\">\n\t\t\t\t\t\t\t<img src=\"\/\/www.foment.com\/wp-content\/plugins\/revslider\/public\/assets\/assets\/dummy.png\" title=\"organs\" width=\"875\" height=\"252\" class=\"rev-slidebg tp-rs-img rs-lazyload\" data-lazyload=\"\/\/www.foment.com\/wp-content\/uploads\/2021\/05\/organs.png\" data-parallax=\"off\" data-no-retina>\n<!--\n\t\t\t\t\t\t\t--><rs-layer\n\t\t\t\t\t\t\t\tid=\"slider-214-slide-265-layer-0\" \n\t\t\t\t\t\t\t\tdata-type=\"text\"\n\t\t\t\t\t\t\t\tdata-rsp_ch=\"on\"\n\t\t\t\t\t\t\t\tdata-xy=\"x:c;y:m;yo:-150px,-189px,-140px,-149px;\"\n\t\t\t\t\t\t\t\tdata-text=\"w:normal;s:30,30,28,25;l:66,54,41,25;fw:700;a:center;\"\n\t\t\t\t\t\t\t\tdata-dim=\"w:979px,808px,613px,378px;\"\n\t\t\t\t\t\t\t\tdata-frame_999=\"o:0;st:w;\"\n\t\t\t\t\t\t\t\tstyle=\"z-index:5;font-family:Montserrat;\"\n\t\t\t\t\t\t\t>ADVISORY BODIES<br \/>\n \n\t\t\t\t\t\t\t<\/rs-layer><!--\n\n\t\t\t\t\t\t\t--><rs-layer\n\t\t\t\t\t\t\t\tid=\"slider-214-slide-265-layer-2\" \n\t\t\t\t\t\t\t\tdata-type=\"text\"\n\t\t\t\t\t\t\t\tdata-rsp_ch=\"on\"\n\t\t\t\t\t\t\t\tdata-xy=\"x:c;y:m;yo:50px,32px,25px,25px;\"\n\t\t\t\t\t\t\t\tdata-text=\"w:normal;s:18,18,14,14;l:30,30,25,20;a:center;\"\n\t\t\t\t\t\t\t\tdata-dim=\"w:1083px,855px,650px,441px;\"\n\t\t\t\t\t\t\t\tdata-frame_999=\"o:0;st:w;\"\n\t\t\t\t\t\t\t\tstyle=\"z-index:7;font-family:Montserrat;\"\n\t\t\t\t\t\t\t>The governing bodies of Foment del Treball count on the collaboration of the Advisory Board and the Advisory Council.<br \/>\n<br \/>\nThe Advisory Board is the organism that proposes the fundamental lines of action. Its members are nominated by the Board of Directors as proposed by the President.<br \/>\n<br \/>\nThe Advisory Council elaborates specific proposals for actions of the institution.<br \/>\n<br \/>\nThe Advisory Commissions are study and consultation organisations specialized in subjects of economic or social interest. Comission members are appointed by the associated members and the work programme is designed by each commission. \n\t\t\t\t\t\t\t<\/rs-layer><!--\n-->\t\t\t\t\t\t<\/rs-slide>\n\t\t\t\t\t<\/rs-slides>\n\t\t\t\t<\/rs-module>\n\t\t\t\t<script type=\"text\/javascript\">\n\t\t\t\t\tsetREVStartSize({c: 'rev_slider_214_1',rl:[1240,1024,778,480],el:[500,600,360,360],gw:[1240,1024,778,480],gh:[500,600,360,360],type:'hero',justify:'',layout:'fullwidth',mh:\"0\"});\n\t\t\t\t\tvar\trevapi214,\n\t\t\t\t\t\ttpj;\n\t\t\t\t\tfunction revinit_revslider2141() {\n\t\t\t\t\tjQuery(function() {\n\t\t\t\t\t\ttpj = jQuery;\n\t\t\t\t\t\trevapi214 = tpj(\"#rev_slider_214_1\");\n\t\t\t\t\t\tif(revapi214==undefined || revapi214.revolution == undefined){\n\t\t\t\t\t\t\trevslider_showDoubleJqueryError(\"rev_slider_214_1\");\n\t\t\t\t\t\t}else{\n\t\t\t\t\t\t\trevapi214.revolution({\n\t\t\t\t\t\t\t\tsliderType:\"hero\",\n\t\t\t\t\t\t\t\tDPR:\"dpr\",\n\t\t\t\t\t\t\t\tsliderLayout:\"fullwidth\",\n\t\t\t\t\t\t\t\tvisibilityLevels:\"1240,1024,778,480\",\n\t\t\t\t\t\t\t\tgridwidth:\"1240,1024,778,480\",\n\t\t\t\t\t\t\t\tgridheight:\"500,600,360,360\",\n\t\t\t\t\t\t\t\tlazyType:\"smart\",\n\t\t\t\t\t\t\t\tperspective:600,\n\t\t\t\t\t\t\t\tperspectiveType:\"local\",\n\t\t\t\t\t\t\t\teditorheight:\"500,600,360,360\",\n\t\t\t\t\t\t\t\tresponsiveLevels:\"1240,1024,778,480\",\n\t\t\t\t\t\t\t\tprogressBar:{disableProgressBar:true},\n\t\t\t\t\t\t\t\tparallax: {\n\t\t\t\t\t\t\t\t\tlevels:[2,3,4,5,6,7,12,16,10,50,47,48,49,50,51,55],\n\t\t\t\t\t\t\t\t\ttype:\"mouse\",\n\t\t\t\t\t\t\t\t\torigo:\"slidercenter\",\n\t\t\t\t\t\t\t\t\tspeed:2000\n\t\t\t\t\t\t\t\t},\n\t\t\t\t\t\t\t\tfallbacks: {\n\t\t\t\t\t\t\t\t\tallowHTML5AutoPlayOnAndroid:true\n\t\t\t\t\t\t\t\t},\n\t\t\t\t\t\t\t});\n\t\t\t\t\t\t}\n\t\t\t\t\t\t\n\t\t\t\t\t});\n\t\t\t\t\t} \/\/ End of RevInitScript\n\t\t\t\tvar once_revslider2141 = false;\n\t\t\t\tif (document.readyState === \"loading\") {document.addEventListener('readystatechange',function() { if((document.readyState === \"interactive\" || document.readyState === \"complete\") && !once_revslider2141 ) { once_revslider2141 = true; revinit_revslider2141();}});} else {once_revslider2141 = true; revinit_revslider2141();}\n\t\t\t\t<\/script>\n\t\t\t<\/rs-module-wrap>\n\t\t\t<!-- END REVOLUTION SLIDER -->\n[\/vc_column][\/vc_row][vc_row top_padding=&#8221;50&#8243; bottom_padding=&#8221;50&#8243; class=&#8221;pestanyesorgans&#8221;][vc_column width=&#8221;1\/1&#8243;][vc_tta_tabs style=&#8221;flat&#8221; shape=&#8221;square&#8221; color=&#8221;white&#8221; active_section=&#8221;1&#8243; no_fill_content_area=&#8221;true&#8221; el_class=&#8221;pestanyesorgans&#8221;][vc_tta_section title=&#8221;Advisory Bodies&#8221; tab_id=&#8221;1472483623317-d0abf7f4-c8be&#8221;][vc_column_text el_class=&#8221;espaiat&#8221;]<\/p>\n<h3 class=\"blue\"><span style=\"vertical-align: inherit;\"><span style=\"vertical-align: inherit;\">President<\/span><\/span><\/h3>\n<p><strong><span style=\"vertical-align: inherit;\"><span style=\"vertical-align: inherit;\">Josep S\u00e1nchez Llibre<\/span><\/span><\/strong><\/p>\n<h3 class=\"blue\"><span style=\"vertical-align: inherit;\"><span style=\"vertical-align: inherit;\">Ex president<\/span><\/span><\/h3>\n<p><strong><span style=\"vertical-align: inherit;\"><span style=\"vertical-align: inherit;\">Juan Rosell Lastortras <\/span><\/span><br \/>\n<span style=\"vertical-align: inherit;\"><span style=\"vertical-align: inherit;\">Joaquim Gay de Montell\u00e0 Ferrer-Vidal<\/span><\/span><br \/>\n<\/strong><\/p>\n<h3 class=\"blue\"><span style=\"vertical-align: inherit;\"><span style=\"vertical-align: inherit;\">General Secretary<\/span><\/span><\/h3>\n<p><span style=\"vertical-align: inherit;\"><span style=\"vertical-align: inherit;\">David Tornos<\/span><\/span><\/p>\n<h3 class=\"blue\">President&#8217;s Cabinet Head<\/h3>\n<p>Merxe Puig Mart\u00ednez<b><\/b><\/p>\n<p>&nbsp;<\/p>\n<h3 class=\"blue\"><span style=\"vertical-align: inherit;\"><span style=\"vertical-align: inherit;\">Membrers<\/span><\/span><\/h3>\n<div class=\"wpb_row vc_row-fluid standard-section section section-no-parallax stretch \" data-speed=\"1\">\n<div class=\"col span_12 color-dark left\">\n<div class=\"vc_col-sm-12 wpb_column column_container col no-padding color-dark\" data-animation=\"\" data-delay=\"\">\n<div class=\"wpb_wrapper\">\n<div class=\"vc_tta-container\" data-vc-action=\"collapse\">\n<div class=\"vc_general vc_tta vc_tta-tabs vc_tta-color-grey vc_tta-style-classic vc_tta-shape-rounded vc_tta-spacing-1 vc_tta-tabs-position-top vc_tta-controls-align-left\">\n<div class=\"vc_tta-panels-container\">\n<div class=\"vc_tta-panels\">\n<div id=\"1472483623317-d0abf7f4-c8be\" class=\"vc_tta-panel vc_active\" data-vc-content=\".vc_tta-panel-body\">\n<div class=\"vc_tta-panel-body\">\n<div class=\"wpb_text_column wpb_content_element \">\n<div class=\"wpb_wrapper\">\n<p><strong>Fausto Agelet<br \/>\n<\/strong>Borsa de Barcelona &#8211; Grupo BME<br \/>\n<strong>Joaquim Agut Bonsfills<\/strong><br \/>\nCIRSA<br \/>\n<strong>Esther Alcocer Koplowitz<\/strong><br \/>\nFCC Servicios Ciudadanos<br \/>\n<strong>Josep Ametller<\/strong><br \/>\nAmetller Origen<br \/>\n<strong>Enric Asunci\u00f3n<\/strong><br \/>\nWallbox Chargers<br \/>\n<strong>Francisco Belil Creixell<\/strong><br \/>\nFundaci\u00f3n Bertelsmann<br \/>\n<strong>Joan Boix<\/strong><br \/>\nNoel<br \/>\n<strong>Jos\u00e9 Luis Bonet<\/strong><br \/>\nC\u00e1mara de Comercio de Espa\u00f1a<br \/>\n<strong>Joan Camprub\u00ed<br \/>\n<\/strong>Plain Concepts<br \/>\n<strong>Jos\u00e9 Manuel Casas<\/strong><br \/>\nTelef\u00f3nica<br \/>\n<strong>Jos\u00e9 Alberto Carbonell Camallonga<\/strong><br \/>\nAutoritat Portu\u00e0ria de Barcelona<br \/>\n<strong>Joan Castells<\/strong><br \/>\nFIATC<br \/>\n<strong>Sonia Colomar<\/strong><br \/>\nBanco Santander<br \/>\n<strong>Emili Cuatrecasas Figueras<\/strong><br \/>\nEMESA Corporaci\u00f3n Empresarial<br \/>\n<strong>Adriana de Jos\u00e9<br \/>\n<\/strong>The Boston Consulting Group<br \/>\n<strong>Raul D\u00edaz-Varela<\/strong><br \/>\nGrupo Indukern<br \/>\n<strong>Nicolas Dumoulin<\/strong><br \/>\nBoehringer Ingelheim Espa\u00f1a<br \/>\n<strong>Josep Antoni Duran i Lleida\u00a0<\/strong><br \/>\nBufet Colls<br \/>\n<strong>Carlos Gallardo Ballart<\/strong><br \/>\nAlmirall, S.A.<br \/>\n<strong>Teresa Garcia-Mil\u00e0<\/strong><br \/>\nCercle d&#8217;Economia<br \/>\n<strong>Carlos God\u00f3<\/strong><br \/>\nGrupo God\u00f3<br \/>\n<strong>Victor Gr\u00edfols D\u00e9u<\/strong><br \/>\nGr\u00edfols, S.A.<br \/>\n<strong>Raimon Gr\u00edfols Roura<\/strong><br \/>\nGr\u00edfols, S.A.<br \/>\n<strong>Franz Heukamp<\/strong><br \/>\nIESE<br \/>\n<strong>Jordi Jacques<\/strong><br \/>\nNestl\u00e9 Espa\u00f1a<br \/>\n<strong>Enrique Lacalle Coll<\/strong><br \/>\nC\u00edrculo Ecuestre<br \/>\n<strong>Antoni Llard\u00e9n<\/strong><br \/>\nENAGAS<br \/>\n<strong>Sergi Loughney<\/strong><br \/>\nGrupo Fundaci\u00f3n La Caixa<br \/>\n<strong>Jaime Malet<\/strong><br \/>\nCambra Comer\u00e7 EUA<br \/>\n<strong>Ignacio Manzano<\/strong><br \/>\nNortia Capital Investment Holding<br \/>\n<strong>Jaume Masana<\/strong><br \/>\nCaixaBank<br \/>\n<strong>Arturo Mas-Sard\u00e1<\/strong><br \/>\nPort Aventura<br \/>\n<strong>Josep Mateu<\/strong><br \/>\nReial Autom\u00f2bil Club de Catalunya<br \/>\n<strong>Eduardo Mendiluce Fradera<\/strong><br \/>\nAnticipa Real Estate<br \/>\n<strong>Pere Navarro<\/strong><br \/>\nConsorci Zona Franca<br \/>\n<strong>David Nogareda<\/strong><br \/>\nHipra<br \/>\n<strong>Adri\u00e1n Orbea<\/strong><br \/>\nHenkel Iberica Operations, SLU<br \/>\n<strong>Carles Puig de Travy<\/strong><br \/>\nCol\u00b7legi d&#8217;Economistes de Catalunya<br \/>\n<strong>Jos\u00e9 M\u00aa Pujol Artigas<\/strong><br \/>\nFICOSA Internacional, S.A.<br \/>\n<strong>Pau Relat<\/strong><br \/>\nFira de Barcelona<br \/>\n<strong>Miquel Roca Junyent<\/strong><br \/>\nRoca Junyent<br \/>\n<strong>Ricardo Rodrigo Amar<\/strong><br \/>\nGrupo Editorial RBA<br \/>\n<strong>Carles Ruiz Novella<\/strong><br \/>\nFerrocarrils de la Generalitat de Catalunya<br \/>\n<strong>Enrique S\u00e1nchez Balser<\/strong>a<br \/>\nMutua Madrile\u00f1a<br \/>\n<strong>Josep Santacreu<\/strong><br \/>\nCambra Comer\u00e7 Barcelona<br \/>\n<strong>Hugo Serra<\/strong><br \/>\nCatalana Occidente<br \/>\n<strong>Carles Sumarroca Claverol<br \/>\n<\/strong>Agromillora Group<br \/>\n<strong>Miguel Agust\u00ed Torres Riera<\/strong><br \/>\nMiguel Torres, S.A.<br \/>\n<strong>Enrique Uriach Torell\u00f3<\/strong><br \/>\nGrupo J. Uriach<br \/>\n<strong>Cristina Vallejo Ros<\/strong><br \/>\nIl\u00b7lustre Col\u00b7legi de l&#8217;Advocacia de Barcelona<br \/>\n<strong>Carlos Vent\u00f3s Omedes<\/strong><br \/>\nLucta<br \/>\n<strong>Carlos Ventura<\/strong><br \/>\nBanc de Sabadell<br \/>\n<strong>Rafael Villaseca Marco<\/strong><br \/>\nFundaci\u00f3 Naturgy<br \/>\nCELSA<br \/>\n<strong>Jorge Villavecchia<\/strong><br \/>\nDamm<\/p>\n<\/div>\n<\/div>\n<\/div>\n<\/div>\n<\/div>\n<\/div>\n<\/div>\n<\/div>\n<\/div>\n<\/div>\n<\/div>\n<\/div>\n<p>[\/vc_column_text][\/vc_tta_section][vc_tta_section title=&#8221;Expert Council&#8221; tab_id=&#8221;1472483623398-93e4016e-3063&#8243;][vc_column_text el_class=&#8221;pestanyesorgans&#8221;]<\/p>\n<h3 class=\"blue\">President<\/h3>\n<p>Josep S\u00e1nchez Llibre<strong><br \/>\n<\/strong><\/p>\n<h3 class=\"blue\">General Secretary<\/h3>\n<p>David Tornos<\/p>\n<h3 class=\"blue\">President&#8217;s Cabinet Head<\/h3>\n<p>Merc\u00e8 Puig Mart\u00ednez<\/p>\n<h3 class=\"blue\">Members<\/h3>\n<div class=\"wpb_row vc_row-fluid standard-section section section-no-parallax stretch \" data-speed=\"1\">\n<div class=\"col span_12 color-dark left\">\n<div class=\"vc_col-sm-12 wpb_column column_container col no-padding color-dark\" data-animation=\"\" data-delay=\"\">\n<div class=\"wpb_wrapper\">\n<div class=\"vc_tta-container\" data-vc-action=\"collapse\">\n<div class=\"vc_general vc_tta vc_tta-tabs vc_tta-color-grey vc_tta-style-classic vc_tta-shape-rounded vc_tta-spacing-1 vc_tta-tabs-position-top vc_tta-controls-align-left\">\n<div class=\"vc_tta-panels-container\">\n<div class=\"vc_tta-panels\">\n<div id=\"1472483623398-93e4016e-3063\" class=\"vc_tta-panel vc_active\" data-vc-content=\".vc_tta-panel-body\">\n<div class=\"vc_tta-panel-body\">\n<div class=\"wpb_text_column wpb_content_element \">\n<div class=\"wpb_wrapper\">\n<p><strong>Silvia Alsina<\/strong><br \/>\nROMAN REPUTATION MATTERS<br \/>\n<strong>Josep Barcel\u00f3 Moles<\/strong><br \/>\nCaprabo, S.A.U.<br \/>\n<strong>Jaume Blancafort<\/strong><br \/>\nFECIC<br \/>\n<strong>Jordi Campalans<\/strong><br \/>\nAdam Foods<br \/>\n<strong>Joan Camprub\u00ed Potau<\/strong><br \/>\nAnella XXI<br \/>\n<strong>Andr\u00e9s Carasso Vendrell<\/strong><br \/>\nIberdrola<br \/>\n<strong>Xavier Casas Porta<\/strong><br \/>\nFederaci\u00f3 Farmac\u00e9utica, S. Coop.<br \/>\n<strong>Carmelo Cepero Ascaso<\/strong><br \/>\nEcoarome Alimentaria<br \/>\n<strong>David Cortacans S\u00e1nchez<\/strong><br \/>\nBestinver<br \/>\n<strong>Oscar de Santiago<\/strong><br \/>\nGarrigues<br \/>\n<strong>Ferran Debant<\/strong><br \/>\nGCT Plus<br \/>\n<strong>Amaya Echevarria<\/strong><br \/>\nNOVARTIS<br \/>\n<strong>Marta Escandell Vall\u00e9s<\/strong><br \/>\nGrupo EULEN<br \/>\n<strong>Manuel Escand\u00f3n Vidal<\/strong><br \/>\nSECURITAS<br \/>\n<strong>Xavier Fontanet<\/strong><br \/>\nMEMORA SERVICIOS FUNERARIOS S.L.<br \/>\n<strong>Jorge Gay de Montell\u00e0<\/strong><br \/>\nGrupo Estram<br \/>\n<strong>Joan Guinart<\/strong><br \/>\nTorraspapel<br \/>\n<strong>Cristina Guiral del Pozo<\/strong><br \/>\nTradisa\/Agora Invest<br \/>\n<strong>Francisco Hortig\u00fcela<\/strong><br \/>\nAMETIC<br \/>\n<strong>Joaquim Llans\u00f3 Nores<br \/>\n<\/strong>Consell Assessor d&#8217;Infraestructures<br \/>\n<strong>Iv\u00e1n Mart\u00ed Bertrand<\/strong><br \/>\nREPSOL<br \/>\n<strong>Jos\u00e9 M. Mesa Parra<\/strong><br \/>\nSAGITAL<br \/>\n<strong>Sacha Michaud<\/strong><br \/>\nGlovo<br \/>\n<strong>Javier Mirallas Sarabia<\/strong><br \/>\nFundaci\u00f3n Salud y Persona<br \/>\n<strong>Emma Montserrat<\/strong><br \/>\nBankinter<br \/>\n<strong>M. Carmen Mur G\u00f3mez<\/strong><br \/>\nMur &amp; Partners<br \/>\n<strong>Josep Llu\u00eds N\u00fa\u00f1ez Navarro<\/strong><br \/>\nGrup N\u00fa\u00f1ez i Navarro<br \/>\n<strong>Anna Ort\u00ed Albadalejo<\/strong><br \/>\nIndra<br \/>\n<strong>Xavier P\u00e9rez Farguell<\/strong><br \/>\nClearwater International<br \/>\n<strong>Eduardo Piedrafita Soler<br \/>\n<\/strong>ARESBANK<br \/>\n<strong>Oscar Pierre<\/strong><br \/>\nAggity Europe<br \/>\n<strong>Marc Pifarr\u00e9 Estrada<\/strong><br \/>\nCompanyia General d&#8217;Aig\u00fces de Catalunya<br \/>\n<strong>Valent\u00edn Pinuaga<\/strong><br \/>\nEquinix Spain<br \/>\n<strong>Francisco Pla Rodrigo<\/strong><br \/>\nBBVA Catalunya<br \/>\n<strong>Manel Plana Castarlenas<\/strong><br \/>\nMC Mutual<br \/>\n<strong>Xavi Pons<\/strong><br \/>\nIdilia Foods<br \/>\n<strong>Ramon Pujol<\/strong><br \/>\nMapfre, S.A.<br \/>\n<strong>Esteve Rabat Sabater<\/strong><br \/>\nFlash D&#8217;Or &#8211; Joieria Rabat<br \/>\n<strong>Carles Ransanz<\/strong><br \/>\nSAGE Spain<br \/>\n<strong>Josep Riba<\/strong><br \/>\nRiba Vidal Abogados, S.L.U<br \/>\n<strong>Jordi Roma\u00f1ach<\/strong><br \/>\nEl Corte Ingl\u00e9s<br \/>\n<strong>Jonhy Rosell Trallero<\/strong><br \/>\nCongost Plastic, S.A.<br \/>\n<strong>Joan Rovira<\/strong><br \/>\nSUNDISA<br \/>\n<strong>Joan A. S\u00e0nchez Carret\u00e9<\/strong><br \/>\nINVERSAFE<br \/>\n<strong>Xevi S\u00e1nchez-Llibre Galv\u00e1n<\/strong><br \/>\nGrupo Dani<br \/>\n<strong>Carlos S\u00e1nchez-Llibre P\u00e9rez<\/strong><br \/>\nBakery Group<br \/>\n<strong>Jaume Sanpera<\/strong><br \/>\nSateliot<br \/>\n<strong>Francesc Sim\u00f3<\/strong><br \/>\nBasf Espa\u00f1ola<br \/>\n<strong>Santiago Soler P\u00e9rez<\/strong><br \/>\nThe Adecco Group<br \/>\n<strong>Patricia Such Faro<\/strong><br \/>\nSEAT, S.A.<br \/>\n<strong>Guillermo Vallet<\/strong><br \/>\nHotels Catalonia<br \/>\n<strong>Judith Viader<\/strong><br \/>\nFrit Ravich<\/p>\n<\/div>\n<\/div>\n<\/div>\n<\/div>\n<\/div>\n<\/div>\n<\/div>\n<\/div>\n<\/div>\n<\/div>\n<\/div>\n<\/div>\n<p>[\/vc_column_text][\/vc_tta_section][vc_tta_section title=&#8221;Trustworthy Circle&#8221; tab_id=&#8221;1556616621890-ba158673-1785&#8243;][vc_column_text el_class=&#8221;pestanyesorgans&#8221;]<\/p>\n<h3 class=\"blue\">President<\/h3>\n<p>Josep S\u00e1nchez Llibre<strong><br \/>\n<\/strong><\/p>\n<h3 class=\"blue\">General Secretary<\/h3>\n<p>David Tornos<\/p>\n<h3 class=\"blue\">President&#8217;s Cabinet Head<\/h3>\n<p>Merc\u00e8 Puig Mart\u00ednez<\/p>\n<p><strong>\u00a0<\/strong><\/p>\n<h3 class=\"blue\">Members<\/h3>\n<p><b>Salvador Alemany<br \/>\n<\/b>Saba Infraestructuras<br \/>\n<strong>Ramon Asensio<\/strong><br \/>\nRoca Corp. Empresarial<br \/>\n<b>Antoni Brufau<br \/>\n<\/b>Repsol<br \/>\n<b>Josep Creuheras<br \/>\n<\/b>Grupo Planeta<br \/>\n<b>Isidre Fain\u00e9<br \/>\n<\/b>Fundaci\u00f3 Banc\u00e0ria \u201cla Caixa\u201d<br \/>\n<b>Jorge Gallardo<br \/>\n<\/b>Almirall, SA<br \/>\n<b>Javier God\u00f3<br \/>\n<\/b>Grupo God\u00f3<br \/>\n<b>Jordi Gual<br \/>\n<\/b>Caixabank<br \/>\n<b>Amancio L\u00f3pez<br \/>\n<\/b>Hotusa<br \/>\n<strong>Tob\u00edas Mart\u00ednez Gimeno<br \/>\n<\/strong>Cellnex<br \/>\n<b>Luca de Meo<br \/>\n<\/b>Seat<br \/>\n<b>Josep Oliu<br \/>\n<\/b>Banc Sabadell<br \/>\n<strong>Marc Puig<\/strong><br \/>\nGrupo Puig<br \/>\n<b>Francisco Reyn\u00e9s<br \/>\n<\/b>Naturgy<br \/>\n<strong>Josep M. Serra<\/strong><br \/>\nCatalana Occidente<br \/>\n<b>\u00c0ngel Sim\u00f3n<\/b><br \/>\nAgbar<br \/>\n<b>Juan Manuel Soler<br \/>\n<\/b>Quadis[\/vc_column_text][\/vc_tta_section][vc_tta_section title=&#8221;Advisory Com.&#8221; tab_id=&#8221;1472485595504-ba132269-7b1b&#8221;][vc_column_text el_class=&#8221;pestanyesorgans&#8221;]<\/p>\n<h3>President. <strong>Comission<\/strong><\/h3>\n<p>Baldiri Ros. <strong>Agriculture<\/strong><\/p>\n<p>Ignasi Costas. <strong>Artificial Intelligence<\/strong><\/p>\n<p>Roser Fern\u00e1ndez. <strong>Personal Care, Health and Social<\/strong><\/p>\n<p>Cristina P\u00e9rez.<strong> Self-Employed<\/strong><\/p>\n<p>Roger Gasca.\u00a0<strong>Commercial Competitiveness and Commerce<\/strong><\/p>\n<p>F\u00e8lix Riera. <strong>Cultural industries<\/strong><\/p>\n<p>Narc\u00eds Berberana. <strong>Sustainable development<\/strong><\/p>\n<p>Valent\u00ed Pich Rosell. <strong>Fiscal and Economy<\/strong><\/p>\n<p>Estefan\u00eda Gonz\u00e1lez. <strong>Entrepreneurs<\/strong><\/p>\n<p>David Cortacans. <strong>Business Financing &#8211; Business Rescue<\/strong><\/p>\n<p>Manuel Rosillo L\u00f3pez.\u00a0<strong>Formation<\/strong><\/p>\n<p>Gerard Esteva. <strong>Sports<\/strong><\/p>\n<p>Anna Cornad\u00f3. <strong>Infrastructures<br \/>\n<\/strong><\/p>\n<p>Xavier Vilajoana. <strong>Housing and Urban Planning<\/strong><\/p>\n<p>Ignasi Ca\u00f1agueral. <strong>Industry<\/strong><\/p>\n<p>Virginia Guinda.\u00a0<strong>Energy and Enterprises<\/strong><\/p>\n<p>Cinta Pascual. <strong>Business Ethics<\/strong><\/p>\n<p>Joaqu\u00edn Tornos.\u00a0<strong>Legal<\/strong><\/p>\n<p>Jordi Bosch.\u00a0<strong>Innovation<\/strong><\/p>\n<p>Francina Valls. <strong>Equality<\/strong><\/p>\n<p>Anna Ma. S\u00e1nchez.\u00a0<strong>Digital Society<\/strong><\/p>\n<p>Luis P\u00e9rez. <strong>Labor and Human Resources<\/strong><\/p>\n<p>M. Helena de Felipa. <strong>International<\/strong><\/p>\n<p>Miquel Gotanegra. <strong>Tourism and Services<\/strong><\/p>\n<p>Josep M. Mart\u00ed. <strong>Transport and Logistics<\/strong><\/p>\n<p>Ernest Quingles. <strong>European Union and European Programs<\/strong><\/p>\n<p>Vicente Codes.<strong> Safety<\/strong>[\/vc_column_text][\/vc_tta_section][vc_tta_section title=&#8221;Statutory Com.&#8221; tab_id=&#8221;1547196373104-2ad01241-bc7a&#8221;][vc_column_text el_class=&#8221;pestanyesorgans&#8221;]<\/p>\n<h3>President.<strong> Comission<\/strong><\/h3>\n<p>Santiago Ballest\u00e9 Clofent.\u00a0<strong>Delegate Economic Commission<\/strong><\/p>\n<p>Ignacio Marull. <strong>Compliance<\/strong><\/p>\n<p>Joan Canals.<strong>\u00a0Internal Affairs<\/strong>[\/vc_column_text][\/vc_tta_section][vc_tta_section title=&#8221;Commissioners&#8221; tab_id=&#8221;1547196374657-575f4158-b43b&#8221;][vc_column_text el_class=&#8221;pestanyesorgans&#8221;]<strong>Mar Alarc\u00f3n Batlle<\/strong>.\u00a0Digitization and Innovation<\/p>\n<p><strong>Elisabeth Ca\u00f1igueral<\/strong>.\u00a0Entrepreneur&#8217;s Day<\/p>\n<p><strong>Ma. Cinta Pascual<\/strong>.\u00a0Ethics and Commitment[\/vc_column_text][\/vc_tta_section][vc_tta_section title=&#8221;President Counselors&#8221; tab_id=&#8221;1559743148846-3a4efd11-bef3&#8243;][vc_column_text el_class=&#8221;pestanyesorgans&#8221;]<strong>Marta Angerri Feu<\/strong><\/p>\n<p><strong>Elsa Artadi Vila<\/strong><\/p>\n<p><strong>Isabel Buesa Gambau<\/strong><\/p>\n<p><strong>Jordi Casas i Bed\u00f3s<\/strong><\/p>\n<p><strong>Valeriano G\u00f3mez S\u00e1nchez<\/strong><\/p>\n<p><strong>Josep Ma. Guinart Sol\u00e0<\/strong><\/p>\n<p><strong>Antoni Isac Aguilar<\/strong><\/p>\n<p><strong>Enrique Lacalle Coll<\/strong><\/p>\n<p><strong>Vicente Mart\u00ednez-Pujalte L\u00f3pez<\/strong><\/p>\n<p><strong>Carles Mund\u00f3 i Blanch<\/strong><\/p>\n<p><strong>Laura Pellis\u00e9 Urquiza<\/strong><\/p>\n<p><strong>Alex S\u00e1ez Jubero<\/strong><\/p>\n<p><strong>Manel J. Silva S\u00e1nchez<\/strong>[\/vc_column_text][\/vc_tta_section][\/vc_tta_tabs][\/vc_column][\/vc_row][vc_row][vc_column][vc_column_text]<\/p>\n<p>[\/vc_column_text][\/vc_column][\/vc_row]<\/p>\n<\/section>","protected":false},"excerpt":{"rendered":"<p>[vc_row][vc_column width=&#8221;1\/1&#8243;][\/vc_column][\/vc_row][vc_row top_padding=&#8221;50&#8243; bottom_padding=&#8221;50&#8243; class=&#8221;pestanyesorgans&#8221;][vc_column width=&#8221;1\/1&#8243;][vc_tta_tabs style=&#8221;flat&#8221; shape=&#8221;square&#8221; color=&#8221;white&#8221; active_section=&#8221;1&#8243; no_fill_content_area=&#8221;true&#8221; el_class=&#8221;pestanyesorgans&#8221;][vc_tta_section title=&#8221;Advisory Bodies&#8221; tab_id=&#8221;1472483623317-d0abf7f4-c8be&#8221;][vc_column_text el_class=&#8221;espaiat&#8221;] President Josep S\u00e1nchez Llibre Ex president Juan Rosell Lastortras Joaquim Gay de Montell\u00e0 Ferrer-Vidal General Secretary David Tornos President&#8217;s Cabinet Head Merxe Puig Mart\u00ednez &nbsp; Membrers Fausto Agelet Borsa de Barcelona &#8211; Grupo BME Joaquim Agut Bonsfills CIRSA Esther Alcocer Koplowitz FCC Servicios Ciudadanos Josep Ametller Ametller Origen Enric Asunci\u00f3n Wallbox Chargers Francisco Belil Creixell Fundaci\u00f3n Bertelsmann Joan Boix Noel Jos\u00e9 Luis Bonet C\u00e1mara de Comercio de Espa\u00f1a Joan Camprub\u00ed Plain Concepts Jos\u00e9 Manuel Casas Telef\u00f3nica Jos\u00e9 Alberto Carbonell Camallonga Autoritat Portu\u00e0ria de Barcelona Joan Castells FIATC Sonia Colomar Banco Santander Emili Cuatrecasas Figueras EMESA Corporaci\u00f3n Empresarial Adriana de Jos\u00e9 The Boston Consulting Group Raul D\u00edaz-Varela Grupo Indukern Nicolas Dumoulin Boehringer Ingelheim Espa\u00f1a Josep Antoni Duran i Lleida\u00a0 Bufet Colls Carlos Gallardo Ballart Almirall, S.A. Teresa Garcia-Mil\u00e0 Cercle d&#8217;Economia Carlos God\u00f3 Grupo God\u00f3 Victor Gr\u00edfols D\u00e9u Gr\u00edfols, S.A. Raimon Gr\u00edfols Roura Gr\u00edfols, S.A. Franz Heukamp IESE Jordi Jacques Nestl\u00e9 Espa\u00f1a Enrique Lacalle Coll C\u00edrculo Ecuestre Antoni Llard\u00e9n ENAGAS Sergi Loughney Grupo Fundaci\u00f3n La Caixa Jaime Malet Cambra Comer\u00e7 EUA Ignacio Manzano Nortia Capital Investment Holding Jaume Masana CaixaBank Arturo Mas-Sard\u00e1 Port Aventura Josep Mateu [&hellip;]<\/p>\n","protected":false},"author":1,"featured_media":0,"parent":24391,"menu_order":0,"comment_status":"closed","ping_status":"closed","template":"","meta":{"_links_to":"","_links_to_target":""},"acf":[],"wps_subtitle":"","_links":{"self":[{"href":"https:\/\/www.foment.com\/en\/wp-json\/wp\/v2\/pages\/22354"}],"collection":[{"href":"https:\/\/www.foment.com\/en\/wp-json\/wp\/v2\/pages"}],"about":[{"href":"https:\/\/www.foment.com\/en\/wp-json\/wp\/v2\/types\/page"}],"author":[{"embeddable":true,"href":"https:\/\/www.foment.com\/en\/wp-json\/wp\/v2\/users\/1"}],"replies":[{"embeddable":true,"href":"https:\/\/www.foment.com\/en\/wp-json\/wp\/v2\/comments?post=22354"}],"version-history":[{"count":58,"href":"https:\/\/www.foment.com\/en\/wp-json\/wp\/v2\/pages\/22354\/revisions"}],"predecessor-version":[{"id":216609,"href":"https:\/\/www.foment.com\/en\/wp-json\/wp\/v2\/pages\/22354\/revisions\/216609"}],"up":[{"embeddable":true,"href":"https:\/\/www.foment.com\/en\/wp-json\/wp\/v2\/pages\/24391"}],"wp:attachment":[{"href":"https:\/\/www.foment.com\/en\/wp-json\/wp\/v2\/media?parent=22354"}],"curies":[{"name":"wp","href":"https:\/\/api.w.org\/{rel}","templated":true}]}}