{"id":25504,"date":"2016-09-22T10:48:18","date_gmt":"2016-09-22T08:48:18","guid":{"rendered":"http:\/\/foment.itartech.com\/en\/relaciones-laborales\/"},"modified":"2021-08-24T11:36:40","modified_gmt":"2021-08-24T09:36:40","slug":"labour-relations","status":"publish","type":"page","link":"https:\/\/www.foment.com\/en\/labour-relations\/","title":{"rendered":"Labour Relations"},"content":{"rendered":"<section class=\"wpb-content-wrapper\"><p>[vc_row][vc_column width=&#8221;1\/1&#8243;]\t\t\t<script type=\"text\/javascript\" src=\"\/\/www.foment.com\/wp-content\/plugins\/revslider\/public\/assets\/js\/rbtools.min.js?rev=6.4.6\"><\/script>\n\t\t\t<script type=\"text\/javascript\" src=\"\/\/www.foment.com\/wp-content\/plugins\/revslider\/public\/assets\/js\/rs6.min.js?rev=6.4.6\"><\/script>\n\n\t\t\t<!-- START post relaciones laborales REVOLUTION SLIDER 6.4.6 --><p class=\"rs-p-wp-fix\"><\/p>\n\t\t\t<rs-module-wrap id=\"rev_slider_141_1_wrapper\" data-source=\"post\" style=\"background:transparent;padding:0;margin:0px auto;margin-top:0;margin-bottom:0;\">\n\t\t\t\t<rs-module id=\"rev_slider_141_1\" style=\"\" data-version=\"6.4.6\">\n\t\t\t\t\t<rs-slides>\n\t\t\t\t\t\t<rs-slide data-key=\"rs-25331\" data-title=\"The negotiation of Collective Agreements gains speed during the first semester of 2015\" data-link=\"\/\/www.foment.com\/en\/the-negotiation-of-collective-agreements-gains-speed-during-the-first-semester-of-2015\/\" data-target=\"_self\" data-seoz=\"front\" data-in=\"o:0;\" data-out=\"a:false;\">\n\t\t\t\t\t\t\t<img src=\"\/\/www.foment.com\/wp-content\/plugins\/revslider\/public\/assets\/assets\/dummy.png\" title=\"Informe Mercat Laboral\" width=\"600\" height=\"400\" class=\"rev-slidebg tp-rs-img rs-lazyload\" data-lazyload=\"\/\/www.foment.com\/wp-content\/uploads\/2016\/08\/Informe_Mercat_Laboral.jpg\" data-parallax=\"off\" data-no-retina>\n<!--\n\t\t\t\t\t\t\t--><rs-layer\n\t\t\t\t\t\t\t\tid=\"slider-141-slide-25331-layer-1\" \n\t\t\t\t\t\t\t\tclass=\"tp-shape tp-shapewrapper\"\n\t\t\t\t\t\t\t\tdata-type=\"shape\"\n\t\t\t\t\t\t\t\tdata-rsp_ch=\"on\"\n\t\t\t\t\t\t\t\tdata-xy=\"x:c;y:b;\"\n\t\t\t\t\t\t\t\tdata-text=\"w:normal;fw:100;\"\n\t\t\t\t\t\t\t\tdata-dim=\"w:100%;h:100%;\"\n\t\t\t\t\t\t\t\tdata-basealign=\"slide\"\n\t\t\t\t\t\t\t\tdata-frame_1=\"e:power2.inOut;st:500;\"\n\t\t\t\t\t\t\t\tdata-frame_999=\"o:0;e:nothing;st:w;\"\n\t\t\t\t\t\t\t\tstyle=\"z-index:8;background-color:rgba(30,30,30,0.5);\"\n\t\t\t\t\t\t\t> \n\t\t\t\t\t\t\t<\/rs-layer><!--\n\n\t\t\t\t\t\t\t--><rs-layer\n\t\t\t\t\t\t\t\tid=\"slider-141-slide-25331-layer-2\" \n\t\t\t\t\t\t\t\tclass=\"Newspaper-Title\"\n\t\t\t\t\t\t\t\tdata-type=\"text\"\n\t\t\t\t\t\t\t\tdata-color=\"rgba(255,255,255,1)\"\n\t\t\t\t\t\t\t\tdata-rsp_ch=\"on\"\n\t\t\t\t\t\t\t\tdata-xy=\"x:c;y:m;yo:0,-120px,-60px,-70px;\"\n\t\t\t\t\t\t\t\tdata-text=\"w:normal;s:28,28,28,22;l:35,35,32,32;fw:700;a:center;\"\n\t\t\t\t\t\t\t\tdata-dim=\"w:882px,882px,673px,407px;h:90px,90px,95px,95px;\"\n\t\t\t\t\t\t\t\tdata-padding=\"b:10,10,11,11;\"\n\t\t\t\t\t\t\t\tdata-frame_1=\"x:0,0,0px,0px;y:0,0,0px,0px;e:power2.inOut;st:500;\"\n\t\t\t\t\t\t\t\tdata-frame_999=\"o:0;e:nothing;st:w;\"\n\t\t\t\t\t\t\t\tstyle=\"z-index:10;font-family:Montserrat;text-transform:uppercase;\"\n\t\t\t\t\t\t\t>The negotiation of Collective Agreements gains speed during the first semester of 2015 \n\t\t\t\t\t\t\t<\/rs-layer><!--\n-->\t\t\t\t\t\t<\/rs-slide>\n\t\t\t\t\t<\/rs-slides>\n\t\t\t\t<\/rs-module>\n\t\t\t\t<script type=\"text\/javascript\">\n\t\t\t\t\tsetREVStartSize({c: 'rev_slider_141_1',rl:[1240,1024,778,480],el:[500,500,360,360],gw:[1600,1024,778,480],gh:[500,500,360,360],type:'standard',justify:'',layout:'fullwidth',mh:\"0\"});\n\t\t\t\t\tvar\trevapi141,\n\t\t\t\t\t\ttpj;\n\t\t\t\t\tfunction revinit_revslider1411() {\n\t\t\t\t\tjQuery(function() {\n\t\t\t\t\t\ttpj = jQuery;\n\t\t\t\t\t\trevapi141 = tpj(\"#rev_slider_141_1\");\n\t\t\t\t\t\ttpj.noConflict();\n\t\t\t\t\t\tif(revapi141==undefined || revapi141.revolution == undefined){\n\t\t\t\t\t\t\trevslider_showDoubleJqueryError(\"rev_slider_141_1\");\n\t\t\t\t\t\t}else{\n\t\t\t\t\t\t\trevapi141.revolution({\n\t\t\t\t\t\t\t\tDPR:\"dpr\",\n\t\t\t\t\t\t\t\tsliderLayout:\"fullwidth\",\n\t\t\t\t\t\t\t\tvisibilityLevels:\"1240,1024,778,480\",\n\t\t\t\t\t\t\t\tgridwidth:\"1600,1024,778,480\",\n\t\t\t\t\t\t\t\tgridheight:\"500,500,360,360\",\n\t\t\t\t\t\t\t\tlazyType:\"smart\",\n\t\t\t\t\t\t\t\tperspective:600,\n\t\t\t\t\t\t\t\tperspectiveType:\"local\",\n\t\t\t\t\t\t\t\teditorheight:\"500,500,360,360\",\n\t\t\t\t\t\t\t\tresponsiveLevels:\"1240,1024,778,480\",\n\t\t\t\t\t\t\t\tprogressBar:{disableProgressBar:true},\n\t\t\t\t\t\t\t\tnavigation: {\n\t\t\t\t\t\t\t\t\tmouseScrollNavigation:false,\n\t\t\t\t\t\t\t\t\twheelCallDelay:1000,\n\t\t\t\t\t\t\t\t\tonHoverStop:false,\n\t\t\t\t\t\t\t\t\ttouch: {\n\t\t\t\t\t\t\t\t\t\ttouchenabled:true,\n\t\t\t\t\t\t\t\t\t\tswipe_min_touches:50\n\t\t\t\t\t\t\t\t\t}\n\t\t\t\t\t\t\t\t},\n\t\t\t\t\t\t\t\tparallax: {\n\t\t\t\t\t\t\t\t\tlevels:[2,3,4,5,6,7,12,16,10,50,47,48,49,50,51,55],\n\t\t\t\t\t\t\t\t\ttype:\"mouse\",\n\t\t\t\t\t\t\t\t\torigo:\"slidercenter\",\n\t\t\t\t\t\t\t\t\tspeed:2000\n\t\t\t\t\t\t\t\t},\n\t\t\t\t\t\t\t\tfallbacks: {\n\t\t\t\t\t\t\t\t\tallowHTML5AutoPlayOnAndroid:true\n\t\t\t\t\t\t\t\t},\n\t\t\t\t\t\t\t});\n\t\t\t\t\t\t}\n\t\t\t\t\t\t\n\t\t\t\t\t});\n\t\t\t\t\t} \/\/ End of RevInitScript\n\t\t\t\tvar once_revslider1411 = false;\n\t\t\t\tif (document.readyState === \"loading\") {document.addEventListener('readystatechange',function() { if((document.readyState === \"interactive\" || document.readyState === \"complete\") && !once_revslider1411 ) { once_revslider1411 = true; revinit_revslider1411();}});} else {once_revslider1411 = true; revinit_revslider1411();}\n\t\t\t\t<\/script>\n\t\t\t<\/rs-module-wrap>\n\t\t\t<!-- END REVOLUTION SLIDER -->\n[\/vc_column][\/vc_row][vc_row bg_color=&#8221;#efefef&#8221; top_padding=&#8221;60&#8243; bottom_padding=&#8221;20&#8243;][vc_column width=&#8221;1\/1&#8243;][vc_row_inner][vc_column_inner][vc_column_text]<\/p>\n<p style=\"text-align: center;\">Unemployment is a serious issue in our country: it poses a complex challenge for the economic and political world, in general, and social agents, in particular.<\/p>\n<p style=\"text-align: center;\">From a business point of view, necessary reforms for the modernization of the labour market need to achieve quality employment. At the same time, there is a need of fiscal mechanisms that promote employment in all activities in general, and especially in recently created companies. Self-employed workers need special attention.<\/p>\n<p>[\/vc_column_text]<div class=\"iconbox  iconbox-style-7 icon-color-accent color-dark clearfix\"><img src='https:\/\/www.foment.com\/wp-content\/uploads\/2021\/05\/icono-laboral.png' class='iconimg' alt='Lines of action' \/><h3>Lines of action<\/h3><p>\n<ul style=\"list-style-type: disc; color: #d2112d;\">\n<li class=\"black\" style=\"text-align: left;\"><span style=\"color: #000000;\"><strong>Monitoring the development and\/or possible revision of the planning tools and proposals geared towards innovation<\/strong>. These include the Plan Nacional of R+D+i 2012, the Plan Avanza 2010-2015, the Estrat\u00e8gia Estatal per a la Innovaci\u00f3, and the Pacte Nacional per a la Innovaci\u00f3.<\/span><\/li>\n<li class=\"black\" style=\"text-align: left;\"><span style=\"color: #000000;\"><strong>Identifying the priority areas of innovation<\/strong>. For example: ICT, energy, audiovisual\/communication, eco-innovation.<\/span><\/li>\n<li class=\"black\" style=\"text-align: left;\"><span style=\"color: #000000;\"><strong>Identifying challenges and drafting proposals<\/strong>, including needs in technological infrastructures.<\/span><\/li>\n<li class=\"black\" style=\"text-align: left;\"><span style=\"color: #000000;\"><strong>Improving companies&#8217; accessibility to existing aid for innovation processes and new investments in R&amp;D and innovation.\u00a0<\/strong><\/span><\/li>\n<li class=\"black\" style=\"text-align: left;\"><span style=\"color: #000000;\"><strong>Achieving taxation policies favorable to these investments<\/strong><\/span><\/li>\n<li class=\"black\" style=\"text-align: left;\"><span style=\"color: #000000;\"><strong><strong>Improving the transfer of technology to companies<\/strong>, joining Universities and Technological centers.<\/strong><\/span><\/li>\n<li class=\"black\" style=\"text-align: left;\"><span style=\"color: #000000;\"><strong>Promoting entrepreneurship in technological areas.\u00a0<\/strong><\/span><\/li>\n<li class=\"black\" style=\"text-align: left;\"><span style=\"color: #000000;\"><strong><strong>Supporting future platforms or clusters<\/strong>.<\/strong><\/span><\/li>\n<\/ul>\n<\/p><\/div>[\/vc_column_inner][\/vc_row_inner]<h2 class=\"headline font-inherit fontsize-l fontweight-600 lh-inherit align-left transform-inherit \" style=\"margin: 0 0 20px 0;\">Learn more:<\/h2>[vc_column_text]<a href=\"http:\/\/www.tribulab.cat\/\" target=\"_blank\" rel=\"noopener\"><img loading=\"lazy\" class=\"alignnone wp-image-20086 size-full\" src=\"https:\/\/www.foment.com\/wp-content\/uploads\/2016\/09\/TLC.png\" alt=\"tlc\" width=\"154\" height=\"154\" srcset=\"https:\/\/www.foment.com\/wp-content\/uploads\/2016\/09\/TLC.png 154w, https:\/\/www.foment.com\/wp-content\/uploads\/2016\/09\/TLC-150x150.png 150w, https:\/\/www.foment.com\/wp-content\/uploads\/2016\/09\/TLC-80x80.png 80w\" sizes=\"(max-width: 154px) 100vw, 154px\" \/><\/a>\u00a0 \u00a0\u00a0<a href=\"http:\/\/soafi.foment.com\/es\/index.h3p\" target=\"_blank\" rel=\"noopener\"><img loading=\"lazy\" class=\"alignnone wp-image-20089 size-full\" src=\"https:\/\/www.foment.com\/wp-content\/uploads\/2016\/09\/SOAFI.png\" alt=\"soafi\" width=\"150\" height=\"150\" srcset=\"https:\/\/www.foment.com\/wp-content\/uploads\/2016\/09\/SOAFI.png 150w, https:\/\/www.foment.com\/wp-content\/uploads\/2016\/09\/SOAFI-80x80.png 80w\" sizes=\"(max-width: 150px) 100vw, 150px\" \/><\/a>[\/vc_column_text][\/vc_column][\/vc_row][vc_row bg_color=&#8221;#f9f9f9&#8243; top_padding=&#8221;40&#8243; bottom_padding=&#8221;60&#8243;][vc_column width=&#8221;1\/1&#8243;]<h1 class=\"headline font-inherit fontsize-xxxl fontweight-700 lh-inherit align-center transform-inherit \" style=\"margin: 0 0 30px 0; color: #d2112d;\">MORE ISSUES<\/h1>[vc_row_inner][vc_column_inner width=&#8221;1\/3&#8243;]<div onclick=\"location.href='\/en\/entrepreneurship-business\/';\" style=\"cursor:pointer;\"><div class=\"iconbox  wpb_content_element iconbox-style-3 icon-color-accent color-dark\"><img src='https:\/\/www.foment.com\/wp-content\/uploads\/2021\/05\/icono-emprenedoria.png' class='iconimg' alt='Entrepreneurship and Business' \/><h3>Entrepreneurship and Business<\/h3><p>The lines of action for the company and entrepreneurship are directly related to the operation of the business unit.<\/p><\/div><\/div><div class=\"spacer\" style=\"height: 40pxpx;\"><\/div>[\/vc_column_inner][vc_column_inner width=&#8221;1\/3&#8243;]<div onclick=\"location.href='\/en\/industry\/';\" style=\"cursor:pointer;\"><div class=\"iconbox  wpb_content_element iconbox-style-3 icon-color-accent color-dark\"><img src='https:\/\/www.foment.com\/wp-content\/uploads\/2021\/08\/Icon-Industria2.png' class='iconimg' alt='Industry' \/><h3>Industry<\/h3><p>Foment del Treball is aware of the planning tools and proposals oriented towards the industrial sector.<\/p><\/div><\/div><div class=\"spacer\" style=\"height: 40px;\"><\/div>[\/vc_column_inner][vc_column_inner width=&#8221;1\/3&#8243;]<div onclick=\"location.href='\/en\/energy\/';\" style=\"cursor:pointer;\"><div class=\"iconbox  wpb_content_element iconbox-style-3 icon-color-accent color-dark\"><img src='https:\/\/www.foment.com\/wp-content\/uploads\/2021\/05\/icono-energia.png' class='iconimg' alt='Energy' \/><h3>Energy<\/h3><p>Energy sources and the debate on their future are important key points in a time of change and an adverse economic situation.<\/p><\/div><\/div><div class=\"spacer\" style=\"height: 40pxpx;\"><\/div>[\/vc_column_inner][\/vc_row_inner][vc_row_inner][vc_column_inner width=&#8221;1\/3&#8243;]<div onclick=\"location.href='\/en\/labour-relations\/';\" style=\"cursor:pointer;\"><div class=\"iconbox  wpb_content_element iconbox-style-3 icon-color-accent color-dark\"><img src='https:\/\/www.foment.com\/wp-content\/uploads\/2021\/05\/icono-laboral.png' class='iconimg' alt='Labour Relations' \/><h3>Labour Relations<\/h3><p>From a business point of view, necessary reforms for the modernization of the labour market need to achieve quality employment.<\/p><\/div><\/div><div class=\"spacer\" style=\"height: 40px;\"><\/div>[\/vc_column_inner][vc_column_inner width=&#8221;1\/3&#8243;]<div onclick=\"location.href='\/en\/innovation\/';\" style=\"cursor:pointer;\"><div class=\"iconbox  wpb_content_element iconbox-style-3 icon-color-accent color-dark\"><img src='https:\/\/www.foment.com\/wp-content\/uploads\/2021\/08\/Icon-Innov2.png' class='iconimg' alt='Innovation' \/><h3>Innovation<\/h3><p>One of the objectives is favoring business competitiveness. And to be competitive, the investments in research, development, and innovation are indispensable.<\/p><\/div><\/div><div class=\"spacer\" style=\"height: 40px;\"><\/div>[\/vc_column_inner][vc_column_inner width=&#8221;1\/3&#8243;]<div onclick=\"location.href='\/en\/infrastructures\/';\" style=\"cursor:pointer;\"><div class=\"iconbox  wpb_content_element iconbox-style-3 icon-color-accent color-dark\"><img src='https:\/\/www.foment.com\/wp-content\/uploads\/2021\/05\/icono-infraestructuras.png' class='iconimg' alt='Infrastructures' \/><h3>Infrastructures<\/h3><p>Economic recovery must happen in order to set priorities and assure the creation of basic infrastructures (railway, environmental, technological, energy, etc.).<\/p><\/div><\/div><div class=\"spacer\" style=\"height: 40px;\"><\/div>[\/vc_column_inner][\/vc_row_inner][vc_row_inner][vc_column_inner width=&#8221;1\/3&#8243;]<div onclick=\"location.href='\/en\/sustainability-environment\/';\" style=\"cursor:pointer;\"><div class=\"iconbox  wpb_content_element iconbox-style-3 icon-color-accent color-dark\"><img src='https:\/\/www.foment.com\/wp-content\/uploads\/2021\/05\/icono-sostenibilitatb.png' class='iconimg' alt='Sustainibility and Environment' \/><h3>Sustainibility and Environment<\/h3><p>Making the defense of general principles of market freedom compatible with the environmental commitment is the backbone of Foment del Treball.<\/p><\/div><\/div>[\/vc_column_inner][vc_column_inner width=&#8221;1\/3&#8243;]<div onclick=\"location.href='\/en\/training-business\/';\" style=\"cursor:pointer;\"><div class=\"iconbox  wpb_content_element iconbox-style-3 icon-color-accent color-dark\"><img src='https:\/\/www.foment.com\/wp-content\/uploads\/2021\/05\/icono-formacio.png' class='iconimg' alt='Training and Business' \/><h3>Training and Business<\/h3><p>Training and the link between the academic and the business worlds are essential for the productivity of the country.<\/p><\/div><\/div>[\/vc_column_inner][vc_column_inner width=&#8221;1\/3&#8243;]<div onclick=\"location.href='\/en\/globalization\/';\" style=\"cursor:pointer;\"><div class=\"iconbox  wpb_content_element iconbox-style-3 icon-color-accent color-dark\"><img src='https:\/\/www.foment.com\/wp-content\/uploads\/2021\/05\/icono-internacional.png' class='iconimg' alt='Globalization' \/><h3>Globalization<\/h3><p>Growing is looking forward. Being able to access foreign markets is an opportunity for companies with a vocation for development.<\/p><\/div><\/div>[\/vc_column_inner][\/vc_row_inner][\/vc_column][\/vc_row]<\/p>\n<\/section>","protected":false},"excerpt":{"rendered":"<p>[vc_row][vc_column width=&#8221;1\/1&#8243;][\/vc_column][\/vc_row][vc_row bg_color=&#8221;#efefef&#8221; top_padding=&#8221;60&#8243; bottom_padding=&#8221;20&#8243;][vc_column width=&#8221;1\/1&#8243;][vc_row_inner][vc_column_inner][vc_column_text] Unemployment is a serious issue in our country: it poses a complex challenge for the economic and political world, in general, and social agents, in particular. From a business point of view, necessary reforms for the modernization of the labour market need to achieve quality employment. At the same time, there is a need of fiscal mechanisms that promote employment in all activities in general, and especially in recently created companies. Self-employed workers need special attention. [\/vc_column_text][\/vc_column_inner][\/vc_row_inner][vc_column_text]\u00a0 \u00a0\u00a0[\/vc_column_text][\/vc_column][\/vc_row][vc_row bg_color=&#8221;#f9f9f9&#8243; top_padding=&#8221;40&#8243; bottom_padding=&#8221;60&#8243;][vc_column width=&#8221;1\/1&#8243;][vc_row_inner][vc_column_inner width=&#8221;1\/3&#8243;][\/vc_column_inner][vc_column_inner width=&#8221;1\/3&#8243;][\/vc_column_inner][vc_column_inner width=&#8221;1\/3&#8243;][\/vc_column_inner][\/vc_row_inner][vc_row_inner][vc_column_inner width=&#8221;1\/3&#8243;][\/vc_column_inner][vc_column_inner width=&#8221;1\/3&#8243;][\/vc_column_inner][vc_column_inner width=&#8221;1\/3&#8243;][\/vc_column_inner][\/vc_row_inner][vc_row_inner][vc_column_inner width=&#8221;1\/3&#8243;][\/vc_column_inner][vc_column_inner width=&#8221;1\/3&#8243;][\/vc_column_inner][vc_column_inner width=&#8221;1\/3&#8243;][\/vc_column_inner][\/vc_row_inner][\/vc_column][\/vc_row]<\/p>\n","protected":false},"author":1,"featured_media":0,"parent":0,"menu_order":0,"comment_status":"closed","ping_status":"closed","template":"","meta":{"_links_to":"","_links_to_target":""},"acf":[],"wps_subtitle":"","_links":{"self":[{"href":"https:\/\/www.foment.com\/en\/wp-json\/wp\/v2\/pages\/25504"}],"collection":[{"href":"https:\/\/www.foment.com\/en\/wp-json\/wp\/v2\/pages"}],"about":[{"href":"https:\/\/www.foment.com\/en\/wp-json\/wp\/v2\/types\/page"}],"author":[{"embeddable":true,"href":"https:\/\/www.foment.com\/en\/wp-json\/wp\/v2\/users\/1"}],"replies":[{"embeddable":true,"href":"https:\/\/www.foment.com\/en\/wp-json\/wp\/v2\/comments?post=25504"}],"version-history":[{"count":5,"href":"https:\/\/www.foment.com\/en\/wp-json\/wp\/v2\/pages\/25504\/revisions"}],"predecessor-version":[{"id":119534,"href":"https:\/\/www.foment.com\/en\/wp-json\/wp\/v2\/pages\/25504\/revisions\/119534"}],"wp:attachment":[{"href":"https:\/\/www.foment.com\/en\/wp-json\/wp\/v2\/media?parent=25504"}],"curies":[{"name":"wp","href":"https:\/\/api.w.org\/{rel}","templated":true}]}}