{"id":106065,"date":"2020-12-11T16:03:03","date_gmt":"2020-12-11T15:03:03","guid":{"rendered":"https:\/\/www.foment.com\/relacio-informativa-fons-recuperacio-europeus\/"},"modified":"2021-03-11T17:08:47","modified_gmt":"2021-03-11T16:08:47","slug":"relacion-informativa-fondos-recuperacion-europeos","status":"publish","type":"page","link":"https:\/\/www.foment.com\/es\/relacion-informativa-fondos-recuperacion-europeos\/","title":{"rendered":"Relaci\u00f3n informativa sobre los fondos de recuperaci\u00f3n europeos"},"content":{"rendered":"<section class=\"wpb-content-wrapper\"><p>[vc_row text_align=\u00bbcenter\u00bb top_padding=\u00bb40&#8243; bottom_padding=\u00bb60&#8243;][vc_column width=\u00bb1\/1&#8243;][vc_tta_accordion style=\u00bbmodern\u00bb shape=\u00bbsquare\u00bb color=\u00bbblack\u00bb active_section=\u00bb1&#8243;][vc_tta_section title=\u00bbFebrero 2021&#8243; tab_id=\u00bb1612285022427-353ca795-96ba\u00bb][vc_column_text]<\/p>\n<p style=\"text-align: left;\">Publicaci\u00f3n del Gobierno Espa\u00f1a: <a href=\"https:\/\/www.foment.com\/wp-content\/uploads\/2021\/03\/20210225-PPT-Plan-de-Recuperacio\u0301n.pdf\" target=\"_blank\" rel=\"noopener noreferrer\"><em>Plan de Recuperaci\u00f3n, Transformaci\u00f3n y Resiliencia de la Econom\u00eda Espa\u00f1ola. 25 de\u00a0 febrero de 2021<\/em><\/a><\/p>\n<p style=\"text-align: left;\">Publicaci\u00f3n del Gobierno Espa\u00f1a: <a href=\"https:\/\/www.foment.com\/wp-content\/uploads\/2021\/03\/210225-Comparecencia-Comisio\u0301n-Mixta-UE.pdf\" target=\"_blank\" rel=\"noopener noreferrer\"><em>Comparecencia de la vicepresidenta tercera y ministra de Asuntos Econ\u00f3micos y Transformaci\u00f3n Digital para informar del Plan de Recuperaci\u00f3n , Transformaci\u00f3n y Resiliencia Econ\u00f3mica, presentado por el presidente del Gobierno el pasado 7 de octubre de 2020 en el Palacio de la Moncloa. 25 de febrero de 2021<\/em><\/a><\/p>\n<p style=\"text-align: left;\">Publicaci\u00f3n de Foment del Treball:\u00bb<a href=\"https:\/\/www.foment.com\/wp-content\/uploads\/2021\/02\/Nova-informaci\u00f3-dinter\u00e8s-Pla-de-Recuperaci\u00f3-Europeu-16.02.2021.docx-1.pdf\" target=\"_blank\" rel=\"noopener noreferrer\"><span style=\"color: #c1002b;\"><em style=\"color: #c1002b;\"> Manifestaci\u00f3 d&#8217;inter\u00e8s vigent a 16 de febrer de 2021:\u00bbPla de Recuperaci\u00f3 Europeu\u00bb<\/em><\/span><\/a><\/p>\n<p style=\"text-align: left;\">Publicaci\u00f3n de Foment del Treball:<a href=\"https:\/\/www.foment.com\/wp-content\/uploads\/2021\/02\/Circular-Internaciona_documentacio-interes-2_2_2021.pdf\" target=\"_blank\" rel=\"noopener noreferrer\"><span style=\"color: #c1002b;\"><em style=\"color: #c1002b;\"> \u00abManifestaci\u00f3 d&#8217;inter\u00e8s\u00a0 vigent a 2 de febrer de 2021:\u00bbPla de Recuperaci\u00f3, Transformaci\u00f3\u00a0 Resili\u00e8ncia\u00bb<\/em><\/span><\/a><\/p>\n<p style=\"text-align: left;\">Publicaci\u00f3n de CEOE: <a href=\"https:\/\/www.ceoexeuropa.es\/vision-espana\/\" target=\"_blank\" rel=\"noopener noreferrer\">Visi\u00f3n Espa\u00f1a- Plan nacional de reformas e inversiones 2021-2023: Planes Sectoriales<\/a><\/p>\n<p style=\"text-align: left;\">Publicaci\u00f3n del Gobierno de la Generalitat de Catalu\u00f1a: <a href=\"https:\/\/www.foment.com\/wp-content\/uploads\/2021\/02\/Circular-Internaciona_NEXT-GENERATION-CATALONIA.pdf\" target=\"_blank\" rel=\"noopener noreferrer\">\u00abNext Generation Catalonia\u00bb<\/a><\/p>\n<p>[\/vc_column_text][\/vc_tta_section][vc_tta_section title=\u00bbEnero 2021&#8243; tab_id=\u00bb1610710050860-df277fca-ebbc\u00bb][vc_column_text]<\/p>\n<p style=\"text-align: left;\">Publicaci\u00f3n de CEOE: <a href=\"https:\/\/www.foment.com\/wp-content\/uploads\/2021\/01\/Circular-01-Normativa-Fondos-Europeos-ENERO-2021.pdf\" target=\"_blank\" rel=\"noopener noreferrer\"><em><span style=\"color: #c1002b;\">\u00abActualizaci\u00f3n normativa en materia de fondos europeos\u00bb<\/span><\/em><\/a><\/p>\n<p style=\"text-align: left;\">Publicaci\u00f3n de Foment del Treball:<span style=\"color: #c1002b;\"><a style=\"color: #c1002b;\" href=\"https:\/\/www.foment.com\/wp-content\/uploads\/2021\/01\/Nova-informaci\u00f3-dinter\u00e8s-Pla-de-Recuperaci\u00f3-Europeu-13.01.2021-cast.pdf\" target=\"_blank\" rel=\"noopener noreferrer\"><em> \u00abManifestaci\u00f3 d&#8217; inter\u00e8s vigent a 13 de gener de 2021: Plan de Recuperaci\u00f3n Europeo\u00bb<\/em><\/a><\/span><\/p>\n<p style=\"text-align: left;\">Publicaci\u00f3n del Gobierno<em> de Espa\u00f1a &#8211;<\/em><span style=\"color: #c1002b;\"><a style=\"color: #c1002b;\" href=\"https:\/\/www.lamoncloa.gob.es\/presidente\/actividades\/Paginas\/2020\/071020-sanchez_plan.aspx\" target=\"_blank\" rel=\"noopener noreferrer\"><em>Plan de\u00a0 Recuperaci\u00f3n, Transformaci\u00f3n y Resiliencia<\/em><\/a><\/span><\/p>\n<p>[\/vc_column_text][\/vc_tta_section][vc_tta_section title=\u00bbDiciembre 2020&#8243; tab_id=\u00bbdocumentacion-diciembre-2020&#8243;][vc_row_inner][vc_column_inner][vc_column_text]<\/p>\n<p style=\"text-align: left;\">Publicaci\u00f3n de la CEOE: <a href=\"https:\/\/www.foment.com\/wp-content\/uploads\/2020\/12\/101220-Cat\u00e1logo-IEP-CEOE-vDEF.pdf\" target=\"_blank\" rel=\"noopener noreferrer\"><em>21 Iniciativas estrat\u00e9gicas de pa\u00eds para la recuperaci\u00f3n y transformaci\u00f3n de la econom\u00eda espa\u00f1ola<\/em><\/a>.<\/p>\n<p>[\/vc_column_text][\/vc_column_inner][\/vc_row_inner][\/vc_tta_section][vc_tta_section title=\u00bbNoviembre 2020&#8243; tab_id=\u00bbdocumentacion-noviembre-2020&#8243;][vc_column_text]<\/p>\n<p style=\"text-align: left;\">CEOE: <a href=\"https:\/\/www.ceoexeuropa.es\/\" target=\"_blank\" rel=\"noopener noreferrer\"><em>Plataforma: CEOE por Europa<\/em><\/a><\/p>\n<p style=\"text-align: left;\">Publicaci\u00f3n de la CEOE: <em><a href=\"https:\/\/www.youtube.com\/watch?v=pxwnB2BOZJ4\" target=\"_blank\" rel=\"noopener noreferrer\">V\u00eddeo presentaci\u00f3n de la plataforma CEOE por Europa<\/a><\/em><\/p>\n<p>[\/vc_column_text][\/vc_tta_section][vc_tta_section title=\u00bbOctubre 2020&#8243; tab_id=\u00bbdocumentacion-octubre-2020&#8243;][vc_column_text]<\/p>\n<p style=\"text-align: left;\">Publicaci\u00f3n del Gobierno de Espa\u00f1a: <em><a href=\"https:\/\/www.foment.com\/wp-content\/uploads\/2020\/12\/07102020_PlanRecuperacion.pdf\" target=\"_blank\" rel=\"noopener noreferrer\">Pla de Recuperaci\u00f3, Transformaci\u00f3 i Resili\u00e8ncia de l&#8217;Economia espanyola<\/a><\/em><\/p>\n<p>[\/vc_column_text][\/vc_tta_section][vc_tta_section title=\u00bbSeptiembre 2020&#8243; tab_id=\u00bbdocumentacion-septiembre-2020&#8243;][vc_column_text]<\/p>\n<p style=\"text-align: left;\">Publicaci\u00f3n de la CE: <a href=\"https:\/\/www.foment.com\/wp-content\/uploads\/2020\/12\/CELEX_52020DC0575_ES_TXT.pdf\" target=\"_blank\" rel=\"noopener noreferrer\"><em>Comunicaci\u00f3 de la Comisi\u00f3n al Parlamento Europeo, al Consejo Europeo, al Consejo, al Banco Central Europeo, al Comit\u00e9 Econ\u00f3mico y Social Europeo, al Comit\u00e9 de las Regiones y al Banco Europeo de las Inversiones. Estrategia anual de crecimiento sostenible 2021<\/em><\/a><\/p>\n<p>[\/vc_column_text][\/vc_tta_section][vc_tta_section title=\u00bbJulio 2020&#8243; tab_id=\u00bbdocumentacion-julio-2020&#8243;][vc_column_text]<\/p>\n<p style=\"text-align: left;\">Publicaci\u00f3n de la CE:\u00a0<a href=\"https:\/\/www.foment.com\/wp-content\/uploads\/2020\/12\/210720-euco-final-conclusions-es.pdf\" target=\"_blank\" rel=\"noopener noreferrer\"><em>Acord sobre un fons de recuperaci\u00f3 de 750.000 milions d&#8217;euros<\/em><\/a><\/p>\n<p>[\/vc_column_text][\/vc_tta_section][vc_tta_section title=\u00bbMayo 2020&#8243; tab_id=\u00bbdocumentacion-mayo-2020&#8243;][vc_column_text]<\/p>\n<p style=\"text-align: left;\">Publicaci\u00f3 de Foment del Treball:\u00a0<a href=\"https:\/\/www.foment.com\/wp-content\/uploads\/2020\/05\/circular_informativa_internacional_ue_mecanismederecuperaci%C3%B3iresiliencia_29.05.20cat.pdf\" target=\"_blank\" rel=\"noopener noreferrer\"><em>Mecanisme de Recuperaci\u00f3 i Resili\u00e8ncia proposat per la Comissi\u00f3 Europea en el marc del seu pla de recuperaci\u00f3 per la UE<\/em><\/a><\/p>\n<p class=\"ecl-heading ecl-heading--h1 ecl-u-color-white\" style=\"text-align: left;\">Publicaci\u00f3 de la CE: <a href=\"https:\/\/ec.europa.eu\/commission\/presscorner\/detail\/es\/qanda_20_948\" target=\"_blank\" rel=\"noopener noreferrer\">Presupuesto de la UE para la recuperaci\u00f3n: preguntas y respuestas sobre REACT-EU, la pol\u00edtica de cohesi\u00f3n posterior a 2020 y el Fondo Social Europeo Plus<\/a><\/p>\n<p style=\"text-align: left;\">Publicaci\u00f3 de la CE: <a href=\"https:\/\/www.foment.com\/wp-content\/uploads\/2020\/12\/2020-european-semester-csr-comm-recommendation-spain_es.pdf\"><em>Recomendaciones del Consejo relativa al Programa Nacional de Reformas de 2020 de Espa\u00f1a y por la que se emite un dictamen del Consejo sobre el Programa de Estabilidad de 2020 de Espa\u00f1a<\/em><\/a><\/p>\n<p>[\/vc_column_text][\/vc_tta_section][vc_tta_section title=\u00bb2019&#8243; tab_id=\u00bbdocumentaci\u00f3n-2019&#8243;][vc_column_text]<\/p>\n<p style=\"text-align: left;\">Publicaci\u00f3n de la CE: <a href=\"https:\/\/www.foment.com\/wp-content\/uploads\/2020\/12\/2019-european-semester-country-specific-recommendation-commission-recommendation-spain_es.pdf\" target=\"_blank\" rel=\"noopener noreferrer\"><em>Recomendaci\u00f3n del Consejo relativa al Programa Nacional de Reformas de 2019 de Espa\u00f1a y por la que se emite un dictamen del Consejo sobre el Programa de Estabilidad de 2019 de Espa\u00f1a- Junio 2019&#8243;<\/em><\/a><\/p>\n<p>[\/vc_column_text][\/vc_tta_section][\/vc_tta_accordion][\/vc_column][\/vc_row]<\/p>\n<\/section>","protected":false},"excerpt":{"rendered":"<p>[vc_row text_align=\u00bbcenter\u00bb top_padding=\u00bb40&#8243; bottom_padding=\u00bb60&#8243;][vc_column width=\u00bb1\/1&#8243;][vc_tta_accordion style=\u00bbmodern\u00bb shape=\u00bbsquare\u00bb color=\u00bbblack\u00bb active_section=\u00bb1&#8243;][vc_tta_section title=\u00bbFebrero 2021&#8243; tab_id=\u00bb1612285022427-353ca795-96ba\u00bb][vc_column_text] Publicaci\u00f3n del Gobierno Espa\u00f1a: Plan de Recuperaci\u00f3n, Transformaci\u00f3n y Resiliencia de la Econom\u00eda Espa\u00f1ola. 25 de\u00a0 febrero de 2021 Publicaci\u00f3n del Gobierno Espa\u00f1a: Comparecencia de la vicepresidenta tercera y ministra de Asuntos Econ\u00f3micos y Transformaci\u00f3n Digital para informar del Plan de Recuperaci\u00f3n , Transformaci\u00f3n y Resiliencia Econ\u00f3mica, presentado por el presidente del Gobierno el pasado 7 de octubre de 2020 en el Palacio de la Moncloa. 25 de febrero de 2021 Publicaci\u00f3n de Foment del Treball:\u00bb Manifestaci\u00f3 d&#8217;inter\u00e8s vigent a 16 de febrer de 2021:\u00bbPla de Recuperaci\u00f3 Europeu\u00bb Publicaci\u00f3n de Foment del Treball: \u00abManifestaci\u00f3 d&#8217;inter\u00e8s\u00a0 vigent a 2 de febrer de 2021:\u00bbPla de Recuperaci\u00f3, Transformaci\u00f3\u00a0 Resili\u00e8ncia\u00bb Publicaci\u00f3n de CEOE: Visi\u00f3n Espa\u00f1a- Plan nacional de reformas e inversiones 2021-2023: Planes Sectoriales Publicaci\u00f3n del Gobierno de la Generalitat de Catalu\u00f1a: \u00abNext Generation Catalonia\u00bb [\/vc_column_text][\/vc_tta_section][vc_tta_section title=\u00bbEnero 2021&#8243; tab_id=\u00bb1610710050860-df277fca-ebbc\u00bb][vc_column_text] Publicaci\u00f3n de CEOE: \u00abActualizaci\u00f3n normativa en materia de fondos europeos\u00bb Publicaci\u00f3n de Foment del Treball: \u00abManifestaci\u00f3 d&#8217; inter\u00e8s vigent a 13 de gener de 2021: Plan de Recuperaci\u00f3n Europeo\u00bb Publicaci\u00f3n del Gobierno de Espa\u00f1a &#8211;Plan de\u00a0 Recuperaci\u00f3n, Transformaci\u00f3n y Resiliencia [\/vc_column_text][\/vc_tta_section][vc_tta_section title=\u00bbDiciembre 2020&#8243; tab_id=\u00bbdocumentacion-diciembre-2020&#8243;][vc_row_inner][vc_column_inner][vc_column_text] Publicaci\u00f3n de la CEOE: 21 Iniciativas estrat\u00e9gicas de pa\u00eds [&hellip;]<\/p>\n","protected":false},"author":10,"featured_media":0,"parent":0,"menu_order":0,"comment_status":"closed","ping_status":"closed","template":"","meta":{"_links_to":"","_links_to_target":""},"acf":[],"wps_subtitle":"","_links":{"self":[{"href":"https:\/\/www.foment.com\/es\/wp-json\/wp\/v2\/pages\/106065"}],"collection":[{"href":"https:\/\/www.foment.com\/es\/wp-json\/wp\/v2\/pages"}],"about":[{"href":"https:\/\/www.foment.com\/es\/wp-json\/wp\/v2\/types\/page"}],"author":[{"embeddable":true,"href":"https:\/\/www.foment.com\/es\/wp-json\/wp\/v2\/users\/10"}],"replies":[{"embeddable":true,"href":"https:\/\/www.foment.com\/es\/wp-json\/wp\/v2\/comments?post=106065"}],"version-history":[{"count":24,"href":"https:\/\/www.foment.com\/es\/wp-json\/wp\/v2\/pages\/106065\/revisions"}],"predecessor-version":[{"id":113140,"href":"https:\/\/www.foment.com\/es\/wp-json\/wp\/v2\/pages\/106065\/revisions\/113140"}],"wp:attachment":[{"href":"https:\/\/www.foment.com\/es\/wp-json\/wp\/v2\/media?parent=106065"}],"curies":[{"name":"wp","href":"https:\/\/api.w.org\/{rel}","templated":true}]}}