{"id":107797,"date":"2021-01-26T10:07:41","date_gmt":"2021-01-26T09:07:41","guid":{"rendered":"https:\/\/www.foment.com\/adhesio-manifest-rescat-pimes-autonoms\/"},"modified":"2021-01-26T11:28:09","modified_gmt":"2021-01-26T10:28:09","slug":"adhesion-manifiesto-rescate-pymes-autonomos","status":"publish","type":"page","link":"https:\/\/www.foment.com\/es\/adhesion-manifiesto-rescate-pymes-autonomos\/","title":{"rendered":"ADHI\u00c9RETE AL MANIFIESTO"},"content":{"rendered":"<section class=\"wpb-content-wrapper\"><p>[vc_row][vc_column width=\u00bb1\/1&#8243;]<div class=\"single_image wpb_content_element align-center    \" data-animation=\"none\" data-delay=\"0\"><img width=\"400\" height=\"103\" src=\"https:\/\/www.foment.com\/wp-content\/uploads\/2021\/01\/rescatxpimes_capas_video_negre_vermell.png\" class=\"attachment-full\" alt=\"\" loading=\"lazy\" title=\"rescatxpimes_capas_video_negre_vermell\" srcset=\"https:\/\/www.foment.com\/wp-content\/uploads\/2021\/01\/rescatxpimes_capas_video_negre_vermell.png 400w, https:\/\/www.foment.com\/wp-content\/uploads\/2021\/01\/rescatxpimes_capas_video_negre_vermell-300x77.png 300w\" sizes=\"(max-width: 400px) 100vw, 400px\" \/><\/div><div class=\"spacer\" style=\"height: 10px;\"><\/div>[\/vc_column][\/vc_row][vc_row][vc_column width=\u00bb1\/1&#8243;][vc_column_text]Transcurrido m\u00e1s de medio a\u00f1o desde el inicio de la\u00a0pandemia de la Covid-19 y despu\u00e9s de tres meses de confinamiento domiciliario y m\u00faltiples restricciones,\u00a0<strong>las empresas\u00a0y los aut\u00f3nomos\u00a0afrontamos una nueva etapa de cierre administrativo de una amplia mayor\u00eda de actividades<\/strong>.<\/p>\n<p>La\u00a0<strong>salud<\/strong>\u00a0<strong>p<\/strong><strong>\u00fa<\/strong><strong>blica<\/strong>\u00a0es,\u00a0puede ser y\u00a0debe ser\u00a0<strong>compatible con la actividad empresarial<\/strong>\u00a0y las medidas tomadas en esta materia deben basarse\u00a0siempre\u00a0en datos objetivos\u00a0y en\u00a0herramientas avanzadas\u00a0de gesti\u00f3n, detecci\u00f3n, preparaci\u00f3n\u00a0y consenso.<\/p>\n<p>Ante estos hechos, con la iniciativa de PIMEC y el apoyo de cerca de m\u00e1s de 200 entidades y colectivos, se ha presentado el MANIFIESTO\u00a0#RESCATXPIMES #RESCATXAUT\u00d2NOMS, con una serie de reivindicaciones que pedimos sean escuchadas y tomadas en consideraci\u00f3n por la Administraci\u00f3n, para\u00a0<strong>buscar conjuntamente las mejores opciones y los recursos<\/strong>\u00a0<strong>necesarios<\/strong>\u00a0<strong>para poder garantizar la viabilidad empresarial, evitando el cierre y la p<\/strong><strong>\u00e9<\/strong><strong>rdida de puestos de trabajo.<\/strong>[\/vc_column_text]<div class=\"spacer\" style=\"height: 10px;\"><\/div>[\/vc_column][\/vc_row][vc_row][vc_column width=\u00bb2\/3&#8243;][vc_column_text]<\/p>\n<h5><strong>\u00a1\u00daNETE!<\/strong><\/h5>\n<p><strong>Sin las pymes<\/strong>\u00a0<strong>y los aut<\/strong><strong>\u00f3<\/strong><strong>nomos<\/strong>\u00a0<strong>no habr<\/strong><strong>\u00e1<\/strong><strong>\u00a0empleo ni riqueza en el territorio.<\/strong><\/p>\n<p><strong>Sin las pymes y los aut<\/strong><strong>\u00f3<\/strong><strong>nomos no hay futuro.<\/strong><\/p>\n<p><strong>Evitemos la pandemia econ<\/strong><strong>\u00f3<\/strong><strong>mica.<\/strong>[\/vc_column_text]<div class=\"spacer\" style=\"height: 10px;\"><\/div>[\/vc_column][vc_column width=\u00bb1\/3&#8243;]<div class=\"box clearfix style-1 wpb_content_element align-center \" style=\"padding: 20px 20px 20px 20px; \">\n<h3>Lee aqu\u00ed el manifiesto<\/h3>\n<a href=\"https:\/\/www.foment.com\/wp-content\/uploads\/2020\/12\/2020.11.02_Manifiesto-RescatXPimes-RescatXAuto%CC%80noms.CAST_.pdf\" target=\"_blank\" class=\"button color-2 medium \" style=\"border-radius: 2px;\">Descargar<\/a><\/div><div class=\"spacer\" style=\"height: 10px;\"><\/div>[\/vc_column][\/vc_row][vc_row][vc_column width=\u00bb1\/1&#8243;]<div class=\"newdivider align-center\" style=\"border-bottom-style: solid; border-color: #c1002b; border-bottom-width: 1px; margin-top: 0; margin-bottom: 0; width: 100%; \"><\/div><div class=\"clear\"><\/div><div class=\"spacer\" style=\"height: 10px;\"><\/div>[vc_column_text]<\/p>\n<h3>Rellena los datos del formulario:<\/h3>\n<p>[\/vc_column_text]<noscript class=\"ninja-forms-noscript-message\">\n\tAviso: Se requiere JavaScript para este contenido.<\/noscript>\n<div id=\"nf-form-21-cont\" class=\"nf-form-cont\" aria-live=\"polite\" aria-labelledby=\"nf-form-title-21\" aria-describedby=\"nf-form-errors-21\" role=\"form\">\n\n    <div class=\"nf-loading-spinner\"><\/div>\n\n<\/div>\n        <!-- TODO: Move to Template File. -->\n        <script>var formDisplay=1;var nfForms=nfForms||[];var form=[];form.id='21';form.settings={\"objectType\":\"Form Setting\",\"editActive\":true,\"title\":\"Adhesi\\u00f3n al manifiesto #RESCATXPIMES #RESCATXAUT\\u00d2NOMS\",\"created_at\":\"2021-01-26 11:25:14\",\"default_label_pos\":\"above\",\"show_title\":\"0\",\"clear_complete\":\"1\",\"hide_complete\":\"1\",\"logged_in\":\"\",\"wrapper_class\":\"\",\"element_class\":\"\",\"key\":\"\",\"add_submit\":\"1\",\"currency\":\"\",\"unique_field_error\":\"A form with this value has already been submitted.\",\"not_logged_in_msg\":\"\",\"sub_limit_msg\":\"The form has reached its submission limit.\",\"calculations\":[],\"formContentData\":[\"nombre_de_la_empresa_1611656809564\",\"nombre_y_apellido_de_la_persona_de_contacto_1611656818943\",\"email_1523908522614\",\"telefono_1611656827056\",\"quiero_adherirme_al_manifiesto_rescatxpimes_rescatxautonoms_1611656846954\",\"enviar_1584900826186\"],\"drawerDisabled\":false,\"changeEmailErrorMsg\":\"Introduce una direcci\\u00f3n de correo electr\\u00f3nico v\\u00e1lida.\",\"changeDateErrorMsg\":\"\\u00a1Introduce una fecha v\\u00e1lida!\",\"confirmFieldErrorMsg\":\"Estos campos deben coincidir.\",\"fieldNumberNumMinError\":\"Error de n\\u00famero m\\u00ednimo\",\"fieldNumberNumMaxError\":\"Error de n\\u00famero m\\u00e1ximo\",\"fieldNumberIncrementBy\":\"Increm\\u00e9ntalo por \",\"formErrorsCorrectErrors\":\"Corrige los errores antes de enviar este formulario.\",\"validateRequiredField\":\"Este campo es obligatorio.\",\"honeypotHoneypotError\":\"Error de Honeypot\",\"fieldsMarkedRequired\":\"Los campos marcados con * son requeridos\",\"allow_public_link\":0,\"embed_form\":\"\",\"ninjaForms\":\"Ninja Forms\",\"fieldTextareaRTEInsertLink\":\"Insertar enlace\",\"fieldTextareaRTEInsertMedia\":\"Insertar medios\",\"fieldTextareaRTESelectAFile\":\"Seleccione un archivo\",\"formHoneypot\":\"Si eres un ser humano y est\\u00e1s viendo este campo, por favor d\\u00e9jalo vac\\u00edo.\",\"fileUploadOldCodeFileUploadInProgress\":\"Subida de archivo en curso.\",\"fileUploadOldCodeFileUpload\":\"SUBIDA DE ARCHIVO\",\"currencySymbol\":\"&#36;\",\"thousands_sep\":\".\",\"decimal_point\":\",\",\"siteLocale\":\"es_ES\",\"dateFormat\":\"m\\\/d\\\/Y\",\"startOfWeek\":\"1\",\"of\":\"de\",\"previousMonth\":\"Mes anterior\",\"nextMonth\":\"Pr\\u00f3ximo mes\",\"months\":[\"Enero\",\"Febrero\",\"Marzo\",\"Abril\",\"Mayo\",\"Junio\",\"Julio\",\"Agosto\",\"Septiembre\",\"Octubre\",\"Noviembre\",\"Diciembre\"],\"monthsShort\":[\"Ene\",\"Feb\",\"Mar\",\"Abr\",\"Mayo\",\"Jun\",\"Jul\",\"Ago\",\"Sep\",\"Oct\",\"Nov\",\"Dic\"],\"weekdays\":[\"Domingo\",\"Lunes\",\"Martes\",\"Mi\\u00e9rcoles\",\"Jueves\",\"Viernes\",\"S\\u00e1bado\"],\"weekdaysShort\":[\"Dom\",\"Lun\",\"Mar\",\"Mi\\u00e9\",\"Jue\",\"Vie\",\"S\\u00e1b\"],\"weekdaysMin\":[\"Do\",\"Lu\",\"Ma\",\"Mi\",\"Ju\",\"Vi\",\"S\\u00e1\"],\"recaptchaConsentMissing\":\"reCapctha validation couldn&#039;t load.\",\"recaptchaMissingCookie\":\"reCaptcha v3 validation couldn&#039;t load the cookie needed to submit the form.\",\"recaptchaConsentEvent\":\"Accept reCaptcha cookies before sending the form.\",\"currency_symbol\":\"\",\"beforeForm\":\"\",\"beforeFields\":\"\",\"afterFields\":\"\",\"afterForm\":\"\"};form.fields=[{\"objectType\":\"Field\",\"objectDomain\":\"fields\",\"editActive\":false,\"order\":1,\"field_label\":\"Nom de l'empresa\",\"field_key\":\"nom_de_l_empresa_1584900672080\",\"label_pos\":\"above\",\"required\":1,\"default\":\"\",\"placeholder\":\"\",\"container_class\":\"one-half first\",\"element_class\":\"\",\"admin_label\":\"\",\"help_text\":\"\",\"custom_name_attribute\":\"fname\",\"label\":\"Nombre de la empresa\",\"type\":\"firstname\",\"key\":\"nombre_de_la_empresa_1611656809564\",\"created_at\":\"2020-03-22 19:09:30\",\"personally_identifiable\":1,\"value\":\"\",\"drawerDisabled\":\"\",\"id\":350,\"beforeField\":\"\",\"afterField\":\"\",\"parentType\":\"firstname\",\"element_templates\":[\"firstname\",\"input\"],\"old_classname\":\"\",\"wrap_template\":\"wrap\"},{\"objectType\":\"Field\",\"objectDomain\":\"fields\",\"editActive\":false,\"order\":2,\"field_label\":\"Nom i cognom de la persona de contacte\",\"field_key\":\"nom_i_cognom_de_la_persona_de_contacte_1584900683122\",\"label_pos\":\"above\",\"required\":1,\"default\":\"\",\"placeholder\":\"\",\"container_class\":\"one-half second\",\"element_class\":\"\",\"admin_label\":\"\",\"help_text\":\"\",\"custom_name_attribute\":\"lname\",\"drawerDisabled\":\"\",\"label\":\"Nombre y apellido de la persona de contacto\",\"type\":\"lastname\",\"key\":\"nombre_y_apellido_de_la_persona_de_contacto_1611656818943\",\"created_at\":\"2020-03-22 19:09:30\",\"personally_identifiable\":1,\"value\":\"\",\"id\":351,\"beforeField\":\"\",\"afterField\":\"\",\"parentType\":\"lastname\",\"element_templates\":[\"lastname\",\"input\"],\"old_classname\":\"\",\"wrap_template\":\"wrap\"},{\"objectType\":\"Field\",\"objectDomain\":\"fields\",\"editActive\":false,\"order\":3,\"field_label\":\"Email\",\"field_key\":\"email_1523908522614\",\"label_pos\":\"above\",\"required\":1,\"default\":\"\",\"placeholder\":\"\",\"container_class\":\"one-half first\",\"element_class\":\"\",\"admin_label\":\"\",\"help_text\":\"\",\"custom_name_attribute\":\"email\",\"label\":\"Email\",\"type\":\"email\",\"key\":\"email_1523908522614\",\"created_at\":\"2020-03-22 19:09:30\",\"personally_identifiable\":1,\"value\":\"\",\"drawerDisabled\":\"\",\"id\":352,\"beforeField\":\"\",\"afterField\":\"\",\"parentType\":\"email\",\"element_templates\":[\"email\",\"input\"],\"old_classname\":\"\",\"wrap_template\":\"wrap\"},{\"objectType\":\"Field\",\"objectDomain\":\"fields\",\"editActive\":false,\"order\":4,\"field_label\":\"Tel\\u00e8fon\",\"field_key\":\"telefon_1584900692270\",\"label_pos\":\"above\",\"required\":1,\"default\":\"\",\"placeholder\":\"\",\"container_class\":\"one-half second\",\"element_class\":\"\",\"input_limit\":\"\",\"input_limit_type\":\"characters\",\"input_limit_msg\":\"Character(s) left\",\"manual_key\":\"\",\"admin_label\":\"\",\"help_text\":\"\",\"mask\":\"\",\"custom_mask\":\"\",\"custom_name_attribute\":\"phone\",\"label\":\"Tel\\u00e9fono\",\"type\":\"phone\",\"key\":\"telefono_1611656827056\",\"created_at\":\"2020-03-22 19:09:30\",\"personally_identifiable\":1,\"value\":\"\",\"drawerDisabled\":\"\",\"id\":353,\"beforeField\":\"\",\"afterField\":\"\",\"parentType\":\"textbox\",\"element_templates\":[\"tel\",\"textbox\",\"input\"],\"old_classname\":\"\",\"wrap_template\":\"wrap\"},{\"objectType\":\"Field\",\"objectDomain\":\"fields\",\"editActive\":false,\"order\":5,\"field_label\":\"Vull aherir-me al manifest #RESCATXPIMES #RESCATXAUT\\u00d2NOMS\",\"field_key\":\"vull_aherir-me_al_manifest_rescatxpimes_rescatxautonoms_1611652386015\",\"label_pos\":\"right\",\"required\":1,\"container_class\":\"\",\"element_class\":\"\",\"manual_key\":\"\",\"admin_label\":\"\",\"help_text\":\"\",\"default_value\":\"unchecked\",\"checked_value\":\"Checked\",\"unchecked_value\":\"Unchecked\",\"drawerDisabled\":false,\"default\":\"unchecked\",\"type\":\"checkbox\",\"label\":\"Quiero adherirme al manifiesto #RESCATXPIMES #RESCATXAUT\\u00d2NOMS\",\"key\":\"quiero_adherirme_al_manifiesto_rescatxpimes_rescatxautonoms_1611656846954\",\"created_at\":\"2020-03-22 19:09:30\",\"checked_calc_value\":\"\",\"unchecked_calc_value\":\"\",\"value\":\"unchecked\",\"id\":354,\"beforeField\":\"\",\"afterField\":\"\",\"parentType\":\"checkbox\",\"element_templates\":[\"checkbox\",\"input\"],\"old_classname\":\"\",\"wrap_template\":\"wrap\"},{\"objectType\":\"Field\",\"objectDomain\":\"fields\",\"editActive\":false,\"order\":6,\"field_label\":\"Enviar\",\"field_key\":\"enviar_1584900826186\",\"processing_label\":\"Processing\",\"container_class\":\"\",\"element_class\":\"\",\"type\":\"submit\",\"label\":\"Enviar\",\"key\":\"enviar_1584900826186\",\"created_at\":\"2020-03-22 19:09:30\",\"drawerDisabled\":\"\",\"id\":355,\"beforeField\":\"\",\"afterField\":\"\",\"value\":\"\",\"label_pos\":\"above\",\"parentType\":\"textbox\",\"element_templates\":[\"submit\",\"button\",\"input\"],\"old_classname\":\"\",\"wrap_template\":\"wrap-no-label\"}];nfForms.push(form);<\/script>\n        [\/vc_column][\/vc_row]<\/p>\n<\/section>","protected":false},"excerpt":{"rendered":"<p>[vc_row][vc_column width=\u00bb1\/1&#8243;][\/vc_column][\/vc_row][vc_row][vc_column width=\u00bb1\/1&#8243;][vc_column_text]Transcurrido m\u00e1s de medio a\u00f1o desde el inicio de la\u00a0pandemia de la Covid-19 y despu\u00e9s de tres meses de confinamiento domiciliario y m\u00faltiples restricciones,\u00a0las empresas\u00a0y los aut\u00f3nomos\u00a0afrontamos una nueva etapa de cierre administrativo de una amplia mayor\u00eda de actividades. La\u00a0salud\u00a0p\u00fablica\u00a0es,\u00a0puede ser y\u00a0debe ser\u00a0compatible con la actividad empresarial\u00a0y las medidas tomadas en esta materia deben basarse\u00a0siempre\u00a0en datos objetivos\u00a0y en\u00a0herramientas avanzadas\u00a0de gesti\u00f3n, detecci\u00f3n, preparaci\u00f3n\u00a0y consenso. Ante estos hechos, con la iniciativa de PIMEC y el apoyo de cerca de m\u00e1s de 200 entidades y colectivos, se ha presentado el MANIFIESTO\u00a0#RESCATXPIMES #RESCATXAUT\u00d2NOMS, con una serie de reivindicaciones que pedimos sean escuchadas y tomadas en consideraci\u00f3n por la Administraci\u00f3n, para\u00a0buscar conjuntamente las mejores opciones y los recursos\u00a0necesarios\u00a0para poder garantizar la viabilidad empresarial, evitando el cierre y la p\u00e9rdida de puestos de trabajo.[\/vc_column_text][\/vc_column][\/vc_row][vc_row][vc_column width=\u00bb2\/3&#8243;][vc_column_text] \u00a1\u00daNETE! Sin las pymes\u00a0y los aut\u00f3nomos\u00a0no habr\u00e1\u00a0empleo ni riqueza en el territorio. Sin las pymes y los aut\u00f3nomos no hay futuro. Evitemos la pandemia econ\u00f3mica.[\/vc_column_text][\/vc_column][vc_column width=\u00bb1\/3&#8243;][\/vc_column][\/vc_row][vc_row][vc_column width=\u00bb1\/1&#8243;][vc_column_text] Rellena los datos del formulario: [\/vc_column_text][\/vc_column][\/vc_row]<\/p>\n","protected":false},"author":10,"featured_media":0,"parent":0,"menu_order":0,"comment_status":"closed","ping_status":"closed","template":"","meta":{"_links_to":"","_links_to_target":""},"acf":[],"wps_subtitle":"","_links":{"self":[{"href":"https:\/\/www.foment.com\/es\/wp-json\/wp\/v2\/pages\/107797"}],"collection":[{"href":"https:\/\/www.foment.com\/es\/wp-json\/wp\/v2\/pages"}],"about":[{"href":"https:\/\/www.foment.com\/es\/wp-json\/wp\/v2\/types\/page"}],"author":[{"embeddable":true,"href":"https:\/\/www.foment.com\/es\/wp-json\/wp\/v2\/users\/10"}],"replies":[{"embeddable":true,"href":"https:\/\/www.foment.com\/es\/wp-json\/wp\/v2\/comments?post=107797"}],"version-history":[{"count":4,"href":"https:\/\/www.foment.com\/es\/wp-json\/wp\/v2\/pages\/107797\/revisions"}],"predecessor-version":[{"id":107805,"href":"https:\/\/www.foment.com\/es\/wp-json\/wp\/v2\/pages\/107797\/revisions\/107805"}],"wp:attachment":[{"href":"https:\/\/www.foment.com\/es\/wp-json\/wp\/v2\/media?parent=107797"}],"curies":[{"name":"wp","href":"https:\/\/api.w.org\/{rel}","templated":true}]}}