{"id":112205,"date":"2021-03-03T13:47:26","date_gmt":"2021-03-03T12:47:26","guid":{"rendered":"https:\/\/www.foment.com\/organitzacions-adherides-manifest-ja-hi-ha-prou-centemnos-recuperacio\/"},"modified":"2021-03-16T15:37:21","modified_gmt":"2021-03-16T14:37:21","slug":"organizaciones-adheridas-manifiesto-ja-hi-ha-prou-centemnos-recuperacio","status":"publish","type":"page","link":"https:\/\/www.foment.com\/es\/organizaciones-adheridas-manifiesto-ja-hi-ha-prou-centemnos-recuperacio\/","title":{"rendered":"Organizaciones adheridas al manifiesto &#8216;Ja n&#8217;hi ha prou, centrem-nos en la recuperaci\u00f3&#8217;"},"content":{"rendered":"<ol>\n<li>22@ Network BCN<\/li>\n<li>A Contracorriente Films<\/li>\n<li>ACAVE<\/li>\n<li>ACEBA<\/li>\n<li>ACEC<\/li>\n<li>ACEDE<\/li>\n<li>ACES &#8211; Asociaci\u00f3n de Cadenas Espa\u00f1olas de Supermercados<\/li>\n<li>ACMIL\u2019H \u2013 Agrupaci\u00f3 d\u2019Empreses del Pol\u00edgon Carretera del Mig de L\u2019Hospitalet<\/li>\n<li>ACOGEN<\/li>\n<li>ACRA<\/li>\n<li>ACTA HOTELS, SL<\/li>\n<li>AdSalutem Institut<\/li>\n<li>AEBALL \u2013 Asociaci\u00f3n Empresarial de L\u2019Hospitalet y Baix Llobregat<\/li>\n<li>AECC \u2013 Associaci\u00f3 Espanyola de Centres Comercials<\/li>\n<li>AECEBRE<\/li>\n<li>AECIP<\/li>\n<li>AEGEA<\/li>\n<li>AEME &#8211; Agrupaci\u00f3 d&#8217;Empreses de Mobilitat El\u00e8ctrica<\/li>\n<li>AEMTIA ASSESSORS S.L<\/li>\n<li>AFCA<\/li>\n<li>AFYDAD<\/li>\n<li>AGBAR<\/li>\n<li>Agrupaci\u00f3 de comerciants i industrials de la Barceloneta-ACIB<\/li>\n<li>Agrupaci\u00f3 de Pol\u00edgons de Terrassa<\/li>\n<li>Agrupaci\u00f3n Textil<\/li>\n<li>Agrupament de botiguers i comerciants de Catalunya<\/li>\n<li>AIJEC<\/li>\n<li>ALCAM BARCELONA S.L<\/li>\n<li>ALEJANDRO CASAJUANA WALTER<\/li>\n<li>ALEXANDRA BARCELONA HOTEL<\/li>\n<li>Alianza de Comercio y Hosteler\u00eda de Espa\u00f1a<\/li>\n<li>Alzamora<\/li>\n<li>AMEC<\/li>\n<li>AMES GROUP<\/li>\n<li>AMETIC<\/li>\n<li>AMITS<\/li>\n<li>ANDEMAR<\/li>\n<li>ANGED &#8211; Asociaci\u00f3n Nacional Grandes de Empresas de Distribuci\u00f3n<\/li>\n<li>ANTALA INDUSTRIAL, S.L.,<\/li>\n<li>APAE\u00a0 (Associaci\u00f3 de Professionals Aut\u00f2noms Europeus)<\/li>\n<li>Apartamentos SATA<\/li>\n<li>Aparteasy, S.L.<\/li>\n<li>APARTUR- Associaci\u00f3 d\u2019apartaments turistics de barcelona<\/li>\n<li>APEL\u2019H &#8211; Agrupaci\u00f3 d&#8217;Empreses de la Pla\u00e7a Europa, Gran Via i Pol\u00edgon Pedrosa de L&#8217;Hospitalet<\/li>\n<li>ASCEF<\/li>\n<li>ASCEN<\/li>\n<li>ASCIPORT<\/li>\n<li>ASINCA<\/li>\n<li>Asociaci\u00f3n Compa\u00f1\u00eda de las Obras<\/li>\n<li>Asociaci\u00f3n de Empresarios Gallegos de Catalu\u00f1a (AEGA-CAT)<\/li>\n<li>Asociaci\u00f3n Espa\u00f1ola de Directivos<\/li>\n<li>Asociaci\u00f3n Espa\u00f1ola de Empresas Especialistas en Taludes<\/li>\n<li>Asociaci\u00f3n Nacional de Grandes Empresas de Distribuci\u00f3n<\/li>\n<li>Aspasion Short Rentals SL<\/li>\n<li>Associaci\u00f3 amics del Passeig de Gr\u00e0cia<\/li>\n<li>Associaci\u00f3 amics, veins i comerciants amics de la Rambla i pla\u00e7a de Catalunya<\/li>\n<li>Associaci\u00f3 Balne\u00e0ria<\/li>\n<li>Associaci\u00f3 Born comer\u00e7<\/li>\n<li>Associaci\u00f3 Catalana de Corredors i Corredories d&#8217;Assegurances<\/li>\n<li>Associaci\u00f3 Catalana d\u2019Empreses d\u2019Instal\u00b7lacions i Manteniment (ACEIM)<\/li>\n<li>Associaci\u00f3 Catalana de l&#8217;Empresa Familiar<\/li>\n<li>Associaci\u00f3 comarcal d\u2019empresaris del Bergued\u00e0 (ACEB)<\/li>\n<li>Associaci\u00f3 comerciants centres comercial de Catalunya<\/li>\n<li>Associaci\u00f3 d\u2019amics i comerciants de la pla\u00e7a Reial<\/li>\n<li>Associaci\u00f3 d\u2019Empresaris dels Pol\u00edgons de l\u2019Ametlla<\/li>\n<li>Associaci\u00f3 d\u2019Empresaris i Pol\u00edgons de Canovelles<\/li>\n<li>Associaci\u00f3 d\u2019Empresaris Pol\u00edgon Palou Nord<\/li>\n<li>Associaci\u00f3 d\u2019Empreses d\u2019inform\u00e0tica i Tecnologies de la\u00a0 Comunicaci\u00f3 de Catalunya |ASEITEC<\/li>\n<li>Associaci\u00f3 d\u2019Empreses dels Pol\u00edgons Industrials del Circuit<\/li>\n<li>Associaci\u00f3 d\u2019Hotels del Vall\u00e8s Oriental<\/li>\n<li>Associaci\u00f3 de bencineres de Barcelona i Tarragona<\/li>\n<li>Associaci\u00f3 de comerciants\u00a0 l\u2019Illa Diagonal<\/li>\n<li>Associaci\u00f3 de comerciants del carrer Pelai, pla\u00e7a Universitat i rodalies<\/li>\n<li>Associaci\u00f3 de Concessionaris de Mercabarna -ASSOCOME<\/li>\n<li>ADIME &#8211; Asociaci\u00f3n de Distribuidores de Material El\u00e9ctrico<\/li>\n<li>Associaci\u00f3 de Promotors i Constructors d\u2019Edificis de Catalunya<\/li>\n<li>Associacio de Propietaris de Catalunya<\/li>\n<li>Associaci\u00f3 Empresarial de Publicitat<\/li>\n<li>ASSOCIACI\u00d3 EMPRESARIS ALT URGELL<\/li>\n<li>Associaci\u00f3 General d\u00b4Aut\u00f2noms-Pimes Transportistes de Catalunya (A.G.T.C.),<\/li>\n<li>ASSOCIACI\u00d3 HOTELERA SALOU CAMBRILS LA PINEDA<\/li>\n<li>Associaci\u00f3 Provincial d\u2019Estacions de Servei de Barcelona<\/li>\n<li>Associaci\u00f3 Rambla Catalunya i Travessers<\/li>\n<li>Associaci\u00f3 Sport Cultura Barcelona<\/li>\n<li>Associaci\u00f3n Espa\u00f1ola de Floristas<\/li>\n<li>ATA CATALUNYA<\/li>\n<li>ATEIA &#8211; OLTRA<\/li>\n<li>Axel Hotels<\/li>\n<li>Barcelona Distrito Federal<\/li>\n<li>Barcelona Global<\/li>\n<li>Barcelona Oberta<\/li>\n<li>BARCELONA TECH CITY<\/li>\n<li>BCN TOWN<\/li>\n<li>BEDIGITAL<\/li>\n<li>Born 19 partners SL<\/li>\n<li>BRUMAT SA<\/li>\n<li>BUENAVENTURA CONILL CONSULTING SL<\/li>\n<li>CABRERA II PUIGVERT<\/li>\n<li>C\u00e1mara de Comercio de Espa\u00f1a<\/li>\n<li>Cambra Oficial de Comer\u00e7, Ind\u00fastria, Serveis i Navegaci\u00f3 de Tarragona<\/li>\n<li>Cambra Oficial de Contractistes d&#8217;Obres de Catalunya<\/li>\n<li>Carreres Comunicaci\u00f3n<\/li>\n<li>CAT FORMACI\u00d3<\/li>\n<li>CATSERVEISSXXI GESTIO CTI, S.L.<\/li>\n<li>CC Gl\u00f2ries<\/li>\n<li>CECOT<\/li>\n<li>Cecot Comer\u00e7<\/li>\n<li>Cecot Rub\u00ed<\/li>\n<li>CEDAC &#8211; Consell d\u2019Empreses Distribu\u00efdores d\u2019Alimentaci\u00f3 de Catalunya<\/li>\n<li>Cellnex<\/li>\n<li>CEMAC &#8211; Consell Empreses Majoristes Alimentaci\u00f3 de Catalunya<\/li>\n<li>Centre Empresarial Metal\u00b7l\u00fargic<\/li>\n<li>CENTRE INTERNACIONAL DE NEGOCIS DE CATALUNYA, S.L.<\/li>\n<li>CENTRE METAL.LURGIC &#8211; CENTREM<\/li>\n<li>Cercle Cecot de Joves Empresaris<\/li>\n<li>CERCLE DE LES LLIBERTATS<\/li>\n<li>Cercle d&#8217;Economia<\/li>\n<li>Check-in Born, S.L<\/li>\n<li>CIESC<\/li>\n<li>Ciment Catal\u00e0<\/li>\n<li>Cinemes Verdi<\/li>\n<li>C\u00edrculo Ecuestre<\/li>\n<li>CIRSA<\/li>\n<li>CISTERNAS DEL VALLES,S.A<\/li>\n<li>Cive Explotaci\u00f3n Hotelera S.L. (Hotel Turin de Barcelona)<\/li>\n<li>ClearWater<\/li>\n<li>Club Nataci\u00f3 Atl\u00e8tic-Barceloneta<\/li>\n<li>COACB &#8211; Col.legi Oficial d\u2019Agents Comercials de Barcelona<\/li>\n<li>COELL<\/li>\n<li>Col\u00b7legi d&#8217;Administradors de Finques de Barcelona &#8211; Lleida<\/li>\n<li>Col\u00b7legi de l\u2019Advocacia de Barcelona (ICAB)<\/li>\n<li>Col\u00b7legi de Graduats Socials de Catalunya<\/li>\n<li>Col.legi Oficial de Professionals del Sector Tur\u00edstic a Catalunya<\/li>\n<li>Col\u00b7legi professional de l&#8217;Audiovisual de Cataluyna<\/li>\n<li>Colegio de Procuradores de Barcelona<\/li>\n<li>Comercial catalana de zapaterias, s.a.<\/li>\n<li>Comertia<\/li>\n<li>Companyia General d\u2019Aig\u00fces de Catalunya<\/li>\n<li>Confederaci\u00f3 Catalana d&#8217;Associacions de Marxants (COCAM)<\/li>\n<li>Confederaci\u00f3 Empresarial d\u2019Hostaleria i Restauraci\u00f3 de Catalunya, ConfeCat<\/li>\n<li>Consell de Gremis de Comer\u00e7, Serveis i Turisme de Barcelona<\/li>\n<li>Consell Empresarial d&#8217;Osona<\/li>\n<li>Convergents<\/li>\n<li>CTecno<\/li>\n<li>CURIO COLLECTION BY HILTON<\/li>\n<li>Dagpap<\/li>\n<li>DERBY HOTELS COLLECTION<\/li>\n<li>Diagonal Boulevard<\/li>\n<li>Didald\u2019or<\/li>\n<li>ECIS, S.L<\/li>\n<li>Eix Barnavasi<\/li>\n<li>Eix Clot<\/li>\n<li>Eix Comercial de Lleida<\/li>\n<li>Eix comercial Sagrada Fam\u00edlia<\/li>\n<li>Eix comercial sant Andreu<\/li>\n<li>Eix Cor Eixample<\/li>\n<li>Eix Creu Coberta<\/li>\n<li>Eix Encants nous<\/li>\n<li>Eix Fabra centre<\/li>\n<li>Eix gaixample &#8211; ACEGAL<\/li>\n<li>Eix Gran de Gr\u00e0cia<\/li>\n<li>Eix La Marina<\/li>\n<li>Eix Maragall<\/li>\n<li>Eix Nou Barris<\/li>\n<li>Eix Nou Eixample<\/li>\n<li>Eix Poblenou<\/li>\n<li>Eix Poblesec Paral\u2022lel<\/li>\n<li>Eix Sagrada Fam\u00edlia<\/li>\n<li>Eix Sant Antoni<\/li>\n<li>Eix Sants Establiments units<\/li>\n<li>Eix Sants-Les Corts<\/li>\n<li>Eix Sarri\u00e0<\/li>\n<li>Elite Excellence &#8211; Federaci\u00f3n Espa\u00f1ola del Lujo<\/li>\n<li>Empresaris de Bingo de Catalunya (AEJEA)<\/li>\n<li>ENAE \u2013 ESCUELA DE NEGOCIOS Y ADMINISTRACI\u00d3N DE EMPRESAS<\/li>\n<li>EPSON<\/li>\n<li>Espai Valldeburg sl<\/li>\n<li>Esteve Teijin Healthcare<\/li>\n<li>ETL GLOBAL<\/li>\n<li>ETL Medvision<\/li>\n<li>EWAB ENGINEERING, S.A.U.<\/li>\n<li>F2M ARQUITECTURA<\/li>\n<li>FAGEM<\/li>\n<li>FECALON<\/li>\n<li>FECAV<\/li>\n<li>Fecavem, Patronal Catalana de la Distribuci\u00f3 de l\u2019Automoci\u00f3<\/li>\n<li>FECEMINTE<\/li>\n<li>FECETC<\/li>\n<li>FECOM &#8211; Federaci\u00f3 Provincial d&#8217;Empresaris de Comer\u00e7 de Lleida<\/li>\n<li>FEDEQUIM<\/li>\n<li>Federaci\u00f3 Catalana de Tallers de Reparaci\u00f3 d&#8217;Autom\u00f2vils<\/li>\n<li>Federacio d\u2019associacions barna centre<\/li>\n<li>Federaci\u00f3 d\u2019Hostaleria de les Comarques de Girona<\/li>\n<li>FEDERACI\u00d3 D&#8217;HOSTALERIA DE LES COMARQUES DE GIRONA<\/li>\n<li>Federaci\u00f3 Empresarial d&#8217;Hostaleria i Turisme de la Prov\u00edncia de Tarragona<\/li>\n<li>Federaciones y Asociaciones del de Empresarias del Mediterr\u00e1neo- AFAEMME<\/li>\n<li>FEDERATUR &#8211; Federaci\u00f3 catalana d\u2019apartaments tur\u00edstics<\/li>\n<li>FEGP<\/li>\n<li>FEMCAT<\/li>\n<li>FEPIME CATALUNYA<\/li>\n<li>FESITEL<\/li>\n<li>FG ACTA GROUP, SL<\/li>\n<li>FOEG &#8211; Federaci\u00f3 d&#8217;Organitzaci\u00f3ns Empresarials de Girona<\/li>\n<li>Foro Puente Aereo<\/li>\n<li>FORUM EMPRESARIAL DEL LLOBREGAT<\/li>\n<li>FOMENT DE LES ARTS I DEL DISSENY<\/li>\n<li>Fundaci\u00f3 Barcelona Comer\u00e7<\/li>\n<li>FUNDACIO CATALUNYA CULTURA<\/li>\n<li>Fundacio Dr. Antoni Esteve<\/li>\n<li>Fundaci\u00f3 el molino- FEM<\/li>\n<li>Fundacion Ergon<\/li>\n<li>FUNDACIO GRESOL<\/li>\n<li>FUNDACI\u00d3 IBN BATTUTA<\/li>\n<li>Gaud\u00ed shopping<\/li>\n<li>GAY-ROSELL &amp; SOLANO,SLP<\/li>\n<li>GESCODE<\/li>\n<li>Gravando Sound SL<\/li>\n<li>GRECOJOC<\/li>\n<li>Gremi Artes\u00e0 d\u2019Est\u00e8tica i Bellesa de Catalunya<\/li>\n<li>GREMI CONSTRUCTORS D&#8217;OBRES<\/li>\n<li>Gremi d\u2019Empresaris del Caravaning<\/li>\n<li>Gremi d\u2019Empreses de Pintura de Barcelona i Comarques<\/li>\n<li>Gremi d\u2019Hotels de Barcelona<\/li>\n<li>GREMI D&#8217;ARIDS<\/li>\n<li>Gremi de carnissers, cansaladers-xarcuters<\/li>\n<li>Gremi de Consructors de Barcelona i Comarques<\/li>\n<li>GREMI DE CONSTRUCTORS D&#8217;OBRES<\/li>\n<li>Gremi de Constructors i Promotors d&#8217;Obres de Matar\u00f3 i Comarca<\/li>\n<li>Gremi de Fabricants de Sabadell<\/li>\n<li>Gremi de Flequers de la prov\u00edncia de Barcelona<\/li>\n<li>Gremi de Flequers i Pastissers de Terrassa i Comarca<\/li>\n<li>Gremi de Garatges de Barcelona i Prov\u00edncia<\/li>\n<li>GREMI DE JARDINERS DE CATALUNYA<\/li>\n<li>Gremi de la Construcci\u00f3 del Vall\u00e8s<\/li>\n<li>Gremi de la Fusta<\/li>\n<li>Gremi de la Ind\u00fastria Gr\u00e0fica de Catalunya<\/li>\n<li>Gremi de Reformes d\u2019Interiors, Cuines i Banys de Catalunya<\/li>\n<li>GREMI DE RESTURACI\u00d3 DE BARCELONA<\/li>\n<li>Gremi de Transports i Log\u00edstica de Catalunya<\/li>\n<li>Gremi del Motor de Barcelona<\/li>\n<li>GREMI D&#8217;HOSTALERIA DEL MARESME<\/li>\n<li>Gremi d&#8217;Hostaleria i Turisme de Matar\u00f3 i el Maresme<\/li>\n<li>GREMI FUSTA I MOBLE<\/li>\n<li>Gremi h\u00e0bitat<\/li>\n<li>GREMI HERBOLARIS DE CATALUNYA<\/li>\n<li>GREMI INSTAL\u00b7LADORS VALLES ORIENTAL<\/li>\n<li>Gremi Qu\u00edmic<\/li>\n<li>Gremi T\u00e8xtil \u2013 Institut Industrial de Terrassa<\/li>\n<li>Grill Room 8 SL<\/li>\n<li>GRUP EMPRESARIAL: PRENSA IBERICA MEDIA<\/li>\n<li>GRUP FOCUS<\/li>\n<li>Grupo Actua<\/li>\n<li>Grupo Zurich<\/li>\n<li>HCC Hotels<\/li>\n<li>Hidem-sas, SL<\/li>\n<li>Hosteleria Garmi, S.L<\/li>\n<li>HOTELES DANTE<\/li>\n<li>IBERMICAR<\/li>\n<li>Icsa Grupo<\/li>\n<li>IDILIA FOODS, S.L.<\/li>\n<li>Immobili\u00e0ria Fortuny 21 S.L.,<\/li>\n<li>INSTITUCION PAU CASALS<\/li>\n<li>INSTITUT AGRICOLA CATAL\u00c0 SANT ISIDRE<\/li>\n<li>INTERTEXT Traducci\u00f3n y documentaci\u00f3n multiling\u00fce, S.L.<\/li>\n<li>INVERSIONS RIERA SANT MIQUEL, SL<\/li>\n<li>IOW<\/li>\n<li>Josep Vidal Bartol\u00ed<\/li>\n<li>LABORATORIS ESTEVE<\/li>\n<li>Le Meridien Barcelona<\/li>\n<li>LEITAT<\/li>\n<li>LLUCH ESSENCE<\/li>\n<li>LOFT IMMOBLES, S.L.<\/li>\n<li>London bar partners SL<\/li>\n<li>MACBUDA<\/li>\n<li>MANUFACTURAS ARPE SL<\/li>\n<li>MARIA JOSE TARANCON RODRIGUEZ<\/li>\n<li>MERCADONA, S.A.<\/li>\n<li>Mercer Hoteles<\/li>\n<li>MES ADVOCATS INTERNACIONAL, SLP<\/li>\n<li>Metyis Business Advisors, SL<\/li>\n<li>MONTABER INVEST, SL<\/li>\n<li>NET CRAMAN ABOGADOS<\/li>\n<li>NUCE<\/li>\n<li>Organitzaci\u00f3 d\u2019Aut\u00f2noms de Catalunya | Autcat<\/li>\n<li>PHIRA COMPONENTES AUTOMOCI\u00d3N, S.A.<\/li>\n<li>PINTER<\/li>\n<li>PORT AVENTURA<\/li>\n<li>Portes Obertes al Catalanisme<\/li>\n<li>Porxos del port<\/li>\n<li>PROMAX TEST &amp; MEASUREMENT SLU<\/li>\n<li>PROMOVEN XXI SL<\/li>\n<li>Proyectos e Inmuebles S.A.<\/li>\n<li>PWC<\/li>\n<li>Q.A.CONTROL S.L.<\/li>\n<li>QUADIS<\/li>\n<li>RACC<\/li>\n<li>Randstad<\/li>\n<li>RETAILCat<\/li>\n<li>Ribas&amp; YOU<\/li>\n<li>ROUND &amp; ROUND GADGET, SL<\/li>\n<li>S4Gaming, SL<\/li>\n<li>SABA<\/li>\n<li>Savills Aguirre Newman<\/li>\n<li>SECTOR FUSTA CATALUNYA<\/li>\n<li>Singular Market<\/li>\n<li>SMART SPACE<\/li>\n<li>SOLER I SAURET<\/li>\n<li>Solsalou Hotel<\/li>\n<li>STANPA<\/li>\n<li>Suiris, S.L.<\/li>\n<li>Talent Hub Institute<\/li>\n<li>The Right Site<\/li>\n<li>TEMPEL GROUP<\/li>\n<li>TEXFOR<\/li>\n<li>The Urban Suites<\/li>\n<li>TRADING INMOBILIARIO S.L.<\/li>\n<li>Tradisa Operador Log\u00edstico<\/li>\n<li>TRANSCALIT<\/li>\n<li>Total Talent Gropu SLNE<\/li>\n<li>T\u00dcNKERS IBERICA, S.L.<\/li>\n<li>Uni\u00f3 Catalana d\u2019Hospitals -La Uni\u00f3<\/li>\n<li>Uni\u00f3 d\u2019Empresaris d\u2019Automoci\u00f3 de Catalunya<\/li>\n<li>Uni\u00f3 d\u2019Empresaris de la Fusta del Vall\u00e8s Oriental<\/li>\n<li>Uni\u00f3 de Carnissers i Cansaladers-Xarcuters de Terrassa i Comarca<\/li>\n<li>Uni\u00f3 de Licoristes de Catalunya<\/li>\n<li>Uni\u00f3 de Perruqueria i Est\u00e8tica del Vall\u00e8s Oriental<\/li>\n<li>Uni\u00f3 Empresarial &#8211; Cercle d\u2019Empresaris<\/li>\n<li>Uni\u00f3 Empresarial Metal\u00b7l\u00fargica de Terrassa<\/li>\n<li>Uni\u00f3 Intersectorial Empresarial del Ripoll\u00e8s (UIER)<\/li>\n<li>Uni\u00f3 Patronal Metal\u00fargica<\/li>\n<li>UPMBALL \u2013 Uni\u00f3n Patronal Metal\u00fargica de L\u2019Hospitalet y Baix Llobregat<\/li>\n<li>Videos SL<\/li>\n<li>VIMAPE BROS, SL<\/li>\n<li>WILL BCN<\/li>\n<li>Zona Alta, l\u2019\u00e0rea comercial de Lleida<\/li>\n<\/ol>\n","protected":false},"excerpt":{"rendered":"<p>22@ Network BCN A Contracorriente Films ACAVE ACEBA ACEC ACEDE ACES &#8211; Asociaci\u00f3n de Cadenas Espa\u00f1olas de Supermercados ACMIL\u2019H \u2013 Agrupaci\u00f3 d\u2019Empreses del Pol\u00edgon Carretera del Mig de L\u2019Hospitalet ACOGEN ACRA ACTA HOTELS, SL AdSalutem Institut AEBALL \u2013 Asociaci\u00f3n Empresarial de L\u2019Hospitalet y Baix Llobregat AECC \u2013 Associaci\u00f3 Espanyola de Centres Comercials AECEBRE AECIP AEGEA AEME &#8211; Agrupaci\u00f3 d&#8217;Empreses de Mobilitat El\u00e8ctrica AEMTIA ASSESSORS S.L AFCA AFYDAD AGBAR Agrupaci\u00f3 de comerciants i industrials de la Barceloneta-ACIB Agrupaci\u00f3 de Pol\u00edgons de Terrassa Agrupaci\u00f3n Textil Agrupament de botiguers i comerciants de Catalunya AIJEC ALCAM BARCELONA S.L ALEJANDRO CASAJUANA WALTER ALEXANDRA BARCELONA HOTEL Alianza de Comercio y Hosteler\u00eda de Espa\u00f1a Alzamora AMEC AMES GROUP AMETIC AMITS ANDEMAR ANGED &#8211; Asociaci\u00f3n Nacional Grandes de Empresas de Distribuci\u00f3n ANTALA INDUSTRIAL, S.L., APAE\u00a0 (Associaci\u00f3 de Professionals Aut\u00f2noms Europeus) Apartamentos SATA Aparteasy, S.L. APARTUR- Associaci\u00f3 d\u2019apartaments turistics de barcelona APEL\u2019H &#8211; Agrupaci\u00f3 d&#8217;Empreses de la Pla\u00e7a Europa, Gran Via i Pol\u00edgon Pedrosa de L&#8217;Hospitalet ASCEF ASCEN ASCIPORT ASINCA Asociaci\u00f3n Compa\u00f1\u00eda de las Obras Asociaci\u00f3n de Empresarios Gallegos de Catalu\u00f1a (AEGA-CAT) Asociaci\u00f3n Espa\u00f1ola de Directivos Asociaci\u00f3n Espa\u00f1ola de Empresas Especialistas en Taludes Asociaci\u00f3n Nacional de Grandes Empresas de Distribuci\u00f3n Aspasion Short Rentals SL Associaci\u00f3 amics del Passeig de [&hellip;]<\/p>\n","protected":false},"author":10,"featured_media":0,"parent":0,"menu_order":0,"comment_status":"closed","ping_status":"closed","template":"","meta":{"_links_to":"","_links_to_target":""},"acf":[],"wps_subtitle":"","_links":{"self":[{"href":"https:\/\/www.foment.com\/es\/wp-json\/wp\/v2\/pages\/112205"}],"collection":[{"href":"https:\/\/www.foment.com\/es\/wp-json\/wp\/v2\/pages"}],"about":[{"href":"https:\/\/www.foment.com\/es\/wp-json\/wp\/v2\/types\/page"}],"author":[{"embeddable":true,"href":"https:\/\/www.foment.com\/es\/wp-json\/wp\/v2\/users\/10"}],"replies":[{"embeddable":true,"href":"https:\/\/www.foment.com\/es\/wp-json\/wp\/v2\/comments?post=112205"}],"version-history":[{"count":10,"href":"https:\/\/www.foment.com\/es\/wp-json\/wp\/v2\/pages\/112205\/revisions"}],"predecessor-version":[{"id":113733,"href":"https:\/\/www.foment.com\/es\/wp-json\/wp\/v2\/pages\/112205\/revisions\/113733"}],"wp:attachment":[{"href":"https:\/\/www.foment.com\/es\/wp-json\/wp\/v2\/media?parent=112205"}],"curies":[{"name":"wp","href":"https:\/\/api.w.org\/{rel}","templated":true}]}}