{"id":112206,"date":"2021-03-03T13:51:14","date_gmt":"2021-03-03T12:51:14","guid":{"rendered":"https:\/\/www.foment.com\/adhesio-manifest-ja-hi-ha-prou-centemnos-recuperacio\/"},"modified":"2021-03-10T12:34:02","modified_gmt":"2021-03-10T11:34:02","slug":"adhesion-manifiesto-ja-hi-ha-prou-centemnos-recuperacio","status":"publish","type":"page","link":"https:\/\/www.foment.com\/es\/adhesion-manifiesto-ja-hi-ha-prou-centemnos-recuperacio\/","title":{"rendered":"ADHIERET\u00c9 AL MANIFIESTO"},"content":{"rendered":"<section class=\"wpb-content-wrapper\"><p>[vc_row][vc_column width=\u00bb1\/1&#8243;][vc_column_text]<\/p>\n<h1 style=\"text-align: center;\"><span style=\"color: #c1002b;\"><strong>&#8216;Basta ya,<\/strong><strong> centremon\u00f3s en la recuperaci\u00f3n&#8217;<\/strong><\/span><\/h1>\n<p>[\/vc_column_text]<div class=\"spacer\" style=\"height: 10px;\"><\/div>[\/vc_column][\/vc_row][vc_row][vc_column width=\u00bb2\/3&#8243;][vc_column_text]Despu\u00e9s de varias semanas de graves actos de violencia y saqueos en la ciudad de Barcelona y en otros lugares del pa\u00eds, <strong>los empresarios catalanes reclaman de manera unitaria, urgente e inminente, a trav\u00e9s del manifiesto <em><span style=\"color: #000000;\">&#8216;<\/span><\/em><\/strong><em><span style=\"color: #000000;\"><strong>Basta ya,<\/strong><strong> centremon\u00f3s en la recuperaci\u00f3n<\/strong><\/span><\/em><strong><span style=\"color: #000000;\"><em>&#8216;<\/em>,<\/span> la condena de actos vand\u00e1licos sin precedentes y exigen responsabilidad pol\u00edtica al Gobierno de la Generalitat y al Ayuntamiento de Barcelona y dar apoyo total a los cuerpos de seguridad.<\/strong><\/p>\n<p><strong>Los actos vand\u00e1licos de estos d\u00edas y las im\u00e1genes que se han ofrecido al mundo comprometen el futuro de Barcelona y de Catalu\u00f1a<\/strong>. No solo afectan con graves e important\u00edsimos da\u00f1os a la propiedad p\u00fablica y privada, sino que son el peor reclamo para las inversiones extranjeras y perjudican a la econom\u00eda de Catalu\u00f1a, especialmente afectada por la crisis sanitaria y social derivada de la pandemia, provocando graves repercusiones para la recuperaci\u00f3n del tejido comercial y empresarial.<\/p>\n<p>Por este motivo, m\u00e1s de <strong>300 entidades del mundo econ\u00f3mico, cultural y social de Catalu\u00f1a se han adherido al manifiesto<\/strong> en defensa de soluciones inminentes para frenar esta situaci\u00f3n insostenible que perjudica gravemente el avance del pa\u00eds.<\/p>\n<p>[\/vc_column_text]<div class=\"spacer\" style=\"height: 10px;\"><\/div>[\/vc_column][vc_column width=\u00bb1\/3&#8243;]<div class=\"box clearfix style-1 wpb_content_element align-center \" style=\"padding: 20px 20px 20px 20px; \">\n<h3>Lee aqu\u00ed el manifiesto<\/h3>\n<a href=\"https:\/\/www.foment.com\/wp-content\/uploads\/2021\/03\/Manifiesto_Basta-ya.-Centremonos-en-la-recuperaci\u00f3n.pdf\" target=\"_blank\" class=\"button color-2 medium \" style=\"border-radius: 2px;\">Descargar<\/a><\/div><div class=\"box clearfix style-1 wpb_content_element align-center \" style=\"padding: 20px 20px 20px 20px; \">\n<h3>Organizaciones adheridas<\/h3>\n<a href=\"https:\/\/www.foment.com\/es\/organizaciones-adheridas-manifiesto-ja-hi-ha-prou-centemnos-recuperacio\/\" target=\"_blank\" class=\"button color-2 medium \" style=\"border-radius: 2px;\">Con\u00f3celas<\/a><\/div><div class=\"spacer\" style=\"height: 10px;\"><\/div>[\/vc_column][\/vc_row][vc_row][vc_column width=\u00bb1\/1&#8243;]<div class=\"newdivider align-center\" style=\"border-bottom-style: solid; border-color: #c1002b; border-bottom-width: 1px; margin-top: 0; margin-bottom: 0; width: 100%; \"><\/div><div class=\"clear\"><\/div><div class=\"spacer\" style=\"height: 10px;\"><\/div>[vc_column_text]<\/p>\n<h3>Para dar tu apoyo completa el siguiente formulario:<\/h3>\n<p>[\/vc_column_text]<noscript class=\"ninja-forms-noscript-message\">\n\tAviso: Se requiere JavaScript para este contenido.<\/noscript>\n<div id=\"nf-form-23-cont\" class=\"nf-form-cont\" aria-live=\"polite\" aria-labelledby=\"nf-form-title-23\" aria-describedby=\"nf-form-errors-23\" role=\"form\">\n\n    <div class=\"nf-loading-spinner\"><\/div>\n\n<\/div>\n        <!-- TODO: Move to Template File. -->\n        <script>var formDisplay=1;var nfForms=nfForms||[];var form=[];form.id='23';form.settings={\"objectType\":\"Form Setting\",\"editActive\":true,\"title\":\"Adhesi\\u00f3n al manifiesto &#039;Ja n&#039;hi ha prou, centrem-nos en la recuperaci\\u00f3&#039;\",\"created_at\":\"2021-03-03 16:03:41\",\"default_label_pos\":\"above\",\"show_title\":\"0\",\"clear_complete\":\"1\",\"hide_complete\":\"1\",\"logged_in\":\"\",\"wrapper_class\":\"\",\"element_class\":\"\",\"key\":\"\",\"add_submit\":\"1\",\"currency\":\"\",\"unique_field_error\":\"A form with this value has already been submitted.\",\"not_logged_in_msg\":\"\",\"sub_limit_msg\":\"The form has reached its submission limit.\",\"calculations\":[],\"formContentData\":[\"nombre_de_la_empresa_1614783864582\",\"nombre_y_apellido_de_la_persona_de_contacto_1614783880912\",\"email_1523908522614\",\"telefono_1614783893012\",\"quiero_adherirme_al_manifiesto_ja_n_hi_ha_prou_centem-nos_en_la_recuperacio_1614783916404\",\"enviar_1584900826186\"],\"drawerDisabled\":false,\"changeEmailErrorMsg\":\"Introduce una direcci\\u00f3n de correo electr\\u00f3nico v\\u00e1lida.\",\"changeDateErrorMsg\":\"\\u00a1Introduce una fecha v\\u00e1lida!\",\"confirmFieldErrorMsg\":\"Estos campos deben coincidir.\",\"fieldNumberNumMinError\":\"Error de n\\u00famero m\\u00ednimo\",\"fieldNumberNumMaxError\":\"Error de n\\u00famero m\\u00e1ximo\",\"fieldNumberIncrementBy\":\"Increm\\u00e9ntalo por \",\"formErrorsCorrectErrors\":\"Corrige los errores antes de enviar este formulario.\",\"validateRequiredField\":\"Este campo es obligatorio.\",\"honeypotHoneypotError\":\"Error de Honeypot\",\"fieldsMarkedRequired\":\"Los campos marcados con * son requeridos\",\"allow_public_link\":0,\"public_link\":\"https:\\\/\\\/www.foment.com\\\/ninja-forms\\\/23ssji\",\"embed_form\":\"\",\"public_link_key\":\"23ssji\",\"ninjaForms\":\"Ninja Forms\",\"fieldTextareaRTEInsertLink\":\"Insertar enlace\",\"fieldTextareaRTEInsertMedia\":\"Insertar medios\",\"fieldTextareaRTESelectAFile\":\"Seleccione un archivo\",\"formHoneypot\":\"Si eres un ser humano y est\\u00e1s viendo este campo, por favor d\\u00e9jalo vac\\u00edo.\",\"fileUploadOldCodeFileUploadInProgress\":\"Subida de archivo en curso.\",\"fileUploadOldCodeFileUpload\":\"SUBIDA DE ARCHIVO\",\"currencySymbol\":\"&#36;\",\"thousands_sep\":\".\",\"decimal_point\":\",\",\"siteLocale\":\"es_ES\",\"dateFormat\":\"m\\\/d\\\/Y\",\"startOfWeek\":\"1\",\"of\":\"de\",\"previousMonth\":\"Mes anterior\",\"nextMonth\":\"Pr\\u00f3ximo mes\",\"months\":[\"Enero\",\"Febrero\",\"Marzo\",\"Abril\",\"Mayo\",\"Junio\",\"Julio\",\"Agosto\",\"Septiembre\",\"Octubre\",\"Noviembre\",\"Diciembre\"],\"monthsShort\":[\"Ene\",\"Feb\",\"Mar\",\"Abr\",\"Mayo\",\"Jun\",\"Jul\",\"Ago\",\"Sep\",\"Oct\",\"Nov\",\"Dic\"],\"weekdays\":[\"Domingo\",\"Lunes\",\"Martes\",\"Mi\\u00e9rcoles\",\"Jueves\",\"Viernes\",\"S\\u00e1bado\"],\"weekdaysShort\":[\"Dom\",\"Lun\",\"Mar\",\"Mi\\u00e9\",\"Jue\",\"Vie\",\"S\\u00e1b\"],\"weekdaysMin\":[\"Do\",\"Lu\",\"Ma\",\"Mi\",\"Ju\",\"Vi\",\"S\\u00e1\"],\"recaptchaConsentMissing\":\"reCapctha validation couldn&#039;t load.\",\"recaptchaMissingCookie\":\"reCaptcha v3 validation couldn&#039;t load the cookie needed to submit the form.\",\"recaptchaConsentEvent\":\"Accept reCaptcha cookies before sending the form.\",\"currency_symbol\":\"\",\"beforeForm\":\"\",\"beforeFields\":\"\",\"afterFields\":\"\",\"afterForm\":\"\"};form.fields=[{\"objectType\":\"Field\",\"objectDomain\":\"fields\",\"editActive\":false,\"order\":1,\"field_label\":\"Nom de l'empresa\",\"field_key\":\"nom_de_l_empresa_1584900672080\",\"label_pos\":\"above\",\"required\":1,\"default\":\"\",\"placeholder\":\"\",\"container_class\":\"one-half first\",\"element_class\":\"\",\"admin_label\":\"\",\"help_text\":\"\",\"custom_name_attribute\":\"fname\",\"label\":\"Nombre de la empresa\",\"type\":\"firstname\",\"key\":\"nombre_de_la_empresa_1614783864582\",\"created_at\":\"2020-03-22 19:09:30\",\"personally_identifiable\":1,\"value\":\"\",\"drawerDisabled\":false,\"id\":362,\"beforeField\":\"\",\"afterField\":\"\",\"parentType\":\"firstname\",\"element_templates\":[\"firstname\",\"input\"],\"old_classname\":\"\",\"wrap_template\":\"wrap\"},{\"objectType\":\"Field\",\"objectDomain\":\"fields\",\"editActive\":false,\"order\":2,\"field_label\":\"Nom i cognom de la persona de contacte\",\"field_key\":\"nom_i_cognom_de_la_persona_de_contacte_1584900683122\",\"label_pos\":\"above\",\"required\":1,\"default\":\"\",\"placeholder\":\"\",\"container_class\":\"one-half second\",\"element_class\":\"\",\"admin_label\":\"\",\"help_text\":\"\",\"custom_name_attribute\":\"lname\",\"drawerDisabled\":\"\",\"label\":\"Nombre y apellido de la persona de contacto\",\"type\":\"lastname\",\"key\":\"nombre_y_apellido_de_la_persona_de_contacto_1614783880912\",\"created_at\":\"2020-03-22 19:09:30\",\"personally_identifiable\":1,\"value\":\"\",\"id\":363,\"beforeField\":\"\",\"afterField\":\"\",\"parentType\":\"lastname\",\"element_templates\":[\"lastname\",\"input\"],\"old_classname\":\"\",\"wrap_template\":\"wrap\"},{\"objectType\":\"Field\",\"objectDomain\":\"fields\",\"editActive\":false,\"order\":3,\"field_label\":\"Email\",\"field_key\":\"email_1523908522614\",\"label_pos\":\"above\",\"required\":1,\"default\":\"\",\"placeholder\":\"\",\"container_class\":\"one-half first\",\"element_class\":\"\",\"admin_label\":\"\",\"help_text\":\"\",\"custom_name_attribute\":\"email\",\"label\":\"Email\",\"type\":\"email\",\"key\":\"email_1523908522614\",\"created_at\":\"2020-03-22 19:09:30\",\"personally_identifiable\":1,\"value\":\"\",\"drawerDisabled\":\"\",\"id\":364,\"beforeField\":\"\",\"afterField\":\"\",\"parentType\":\"email\",\"element_templates\":[\"email\",\"input\"],\"old_classname\":\"\",\"wrap_template\":\"wrap\"},{\"objectType\":\"Field\",\"objectDomain\":\"fields\",\"editActive\":false,\"order\":4,\"field_label\":\"Tel\\u00e8fon\",\"field_key\":\"telefon_1584900692270\",\"label_pos\":\"above\",\"required\":1,\"default\":\"\",\"placeholder\":\"\",\"container_class\":\"one-half second\",\"element_class\":\"\",\"input_limit\":\"\",\"input_limit_type\":\"characters\",\"input_limit_msg\":\"Character(s) left\",\"manual_key\":\"\",\"admin_label\":\"\",\"help_text\":\"\",\"mask\":\"\",\"custom_mask\":\"\",\"custom_name_attribute\":\"phone\",\"label\":\"Tel\\u00e9fono\",\"type\":\"phone\",\"key\":\"telefono_1614783893012\",\"created_at\":\"2020-03-22 19:09:30\",\"personally_identifiable\":1,\"value\":\"\",\"drawerDisabled\":\"\",\"id\":365,\"beforeField\":\"\",\"afterField\":\"\",\"parentType\":\"textbox\",\"element_templates\":[\"tel\",\"textbox\",\"input\"],\"old_classname\":\"\",\"wrap_template\":\"wrap\"},{\"objectType\":\"Field\",\"objectDomain\":\"fields\",\"editActive\":false,\"order\":5,\"field_label\":\"Vull aherir-me al manifest 'Ja n'hi ha prou, centem-nos en la recuperaci\\u00f3'\",\"field_key\":\"vull_aherir-me_al_manifest_ja_n_hi_ha_prou_centem-nos_en_la_recuperacio_1614775702086\",\"label_pos\":\"right\",\"required\":1,\"container_class\":\"\",\"element_class\":\"\",\"manual_key\":\"\",\"admin_label\":\"\",\"help_text\":\"\",\"default_value\":\"unchecked\",\"checked_value\":\"Checked\",\"unchecked_value\":\"Unchecked\",\"drawerDisabled\":false,\"default\":\"unchecked\",\"type\":\"checkbox\",\"label\":\"Quiero adherirme al manifiesto 'Ja n'hi ha prou, centem-nos en la recuperaci\\u00f3'\",\"key\":\"quiero_adherirme_al_manifiesto_ja_n_hi_ha_prou_centem-nos_en_la_recuperacio_1614783916404\",\"created_at\":\"2020-03-22 19:09:30\",\"checked_calc_value\":\"\",\"unchecked_calc_value\":\"\",\"value\":\"unchecked\",\"id\":366,\"beforeField\":\"\",\"afterField\":\"\",\"parentType\":\"checkbox\",\"element_templates\":[\"checkbox\",\"input\"],\"old_classname\":\"\",\"wrap_template\":\"wrap\"},{\"objectType\":\"Field\",\"objectDomain\":\"fields\",\"editActive\":false,\"order\":6,\"field_label\":\"Enviar\",\"field_key\":\"enviar_1584900826186\",\"processing_label\":\"Processing\",\"container_class\":\"\",\"element_class\":\"\",\"type\":\"submit\",\"label\":\"Enviar\",\"key\":\"enviar_1584900826186\",\"created_at\":\"2020-03-22 19:09:30\",\"drawerDisabled\":\"\",\"id\":367,\"beforeField\":\"\",\"afterField\":\"\",\"value\":\"\",\"label_pos\":\"above\",\"parentType\":\"textbox\",\"element_templates\":[\"submit\",\"button\",\"input\"],\"old_classname\":\"\",\"wrap_template\":\"wrap-no-label\"}];nfForms.push(form);<\/script>\n        [\/vc_column][\/vc_row]<\/p>\n<\/section>","protected":false},"excerpt":{"rendered":"<p>[vc_row][vc_column width=\u00bb1\/1&#8243;][vc_column_text] &#8216;Basta ya, centremon\u00f3s en la recuperaci\u00f3n&#8217; [\/vc_column_text][\/vc_column][\/vc_row][vc_row][vc_column width=\u00bb2\/3&#8243;][vc_column_text]Despu\u00e9s de varias semanas de graves actos de violencia y saqueos en la ciudad de Barcelona y en otros lugares del pa\u00eds, los empresarios catalanes reclaman de manera unitaria, urgente e inminente, a trav\u00e9s del manifiesto &#8216;Basta ya, centremon\u00f3s en la recuperaci\u00f3n&#8216;, la condena de actos vand\u00e1licos sin precedentes y exigen responsabilidad pol\u00edtica al Gobierno de la Generalitat y al Ayuntamiento de Barcelona y dar apoyo total a los cuerpos de seguridad. Los actos vand\u00e1licos de estos d\u00edas y las im\u00e1genes que se han ofrecido al mundo comprometen el futuro de Barcelona y de Catalu\u00f1a. No solo afectan con graves e important\u00edsimos da\u00f1os a la propiedad p\u00fablica y privada, sino que son el peor reclamo para las inversiones extranjeras y perjudican a la econom\u00eda de Catalu\u00f1a, especialmente afectada por la crisis sanitaria y social derivada de la pandemia, provocando graves repercusiones para la recuperaci\u00f3n del tejido comercial y empresarial. Por este motivo, m\u00e1s de 300 entidades del mundo econ\u00f3mico, cultural y social de Catalu\u00f1a se han adherido al manifiesto en defensa de soluciones inminentes para frenar esta situaci\u00f3n insostenible que perjudica gravemente el avance del pa\u00eds. [\/vc_column_text][\/vc_column][vc_column width=\u00bb1\/3&#8243;][\/vc_column][\/vc_row][vc_row][vc_column width=\u00bb1\/1&#8243;][vc_column_text] Para dar [&hellip;]<\/p>\n","protected":false},"author":10,"featured_media":0,"parent":0,"menu_order":0,"comment_status":"closed","ping_status":"closed","template":"","meta":{"_links_to":"","_links_to_target":""},"acf":[],"wps_subtitle":"","_links":{"self":[{"href":"https:\/\/www.foment.com\/es\/wp-json\/wp\/v2\/pages\/112206"}],"collection":[{"href":"https:\/\/www.foment.com\/es\/wp-json\/wp\/v2\/pages"}],"about":[{"href":"https:\/\/www.foment.com\/es\/wp-json\/wp\/v2\/types\/page"}],"author":[{"embeddable":true,"href":"https:\/\/www.foment.com\/es\/wp-json\/wp\/v2\/users\/10"}],"replies":[{"embeddable":true,"href":"https:\/\/www.foment.com\/es\/wp-json\/wp\/v2\/comments?post=112206"}],"version-history":[{"count":10,"href":"https:\/\/www.foment.com\/es\/wp-json\/wp\/v2\/pages\/112206\/revisions"}],"predecessor-version":[{"id":112938,"href":"https:\/\/www.foment.com\/es\/wp-json\/wp\/v2\/pages\/112206\/revisions\/112938"}],"wp:attachment":[{"href":"https:\/\/www.foment.com\/es\/wp-json\/wp\/v2\/media?parent=112206"}],"curies":[{"name":"wp","href":"https:\/\/api.w.org\/{rel}","templated":true}]}}