{"id":118160,"date":"2021-06-25T14:03:48","date_gmt":"2021-06-25T12:03:48","guid":{"rendered":"https:\/\/www.foment.com\/?page_id=118160"},"modified":"2021-12-16T18:49:10","modified_gmt":"2021-12-16T17:49:10","slug":"serveis","status":"publish","type":"page","link":"https:\/\/www.foment.com\/es\/serveis\/","title":{"rendered":"Serveis"},"content":{"rendered":"<section class=\"wpb-content-wrapper\"><p>[vc_section][vc_row][vc_column width=\u00bb1\/1&#8243;]\n\t\t\t<!-- START servicios REVOLUTION SLIDER 6.4.6 --><p class=\"rs-p-wp-fix\"><\/p>\n\t\t\t<rs-module-wrap id=\"rev_slider_205_1_wrapper\" data-source=\"gallery\" style=\"background:transparent;padding:0;margin:0px auto;margin-top:0;margin-bottom:0;\">\n\t\t\t\t<rs-module id=\"rev_slider_205_1\" style=\"\" data-version=\"6.4.6\">\n\t\t\t\t\t<rs-slides>\n\t\t\t\t\t\t<rs-slide data-key=\"rs-256\" data-title=\"Slide\" data-anim=\"ms:600;\" data-in=\"o:0;\" data-out=\"a:false;\">\n\t\t\t\t\t\t\t<img src=\"\/\/www.foment.com\/wp-content\/plugins\/revslider\/public\/assets\/assets\/dummy.png\" title=\"baner serveis\" width=\"1800\" height=\"641\" class=\"rev-slidebg tp-rs-img rs-lazyload\" data-lazyload=\"\/\/www.foment.com\/wp-content\/uploads\/2021\/06\/baner-serveis.jpg\" data-parallax=\"off\" data-no-retina>\n<!--\n\t\t\t\t\t\t\t--><rs-layer\n\t\t\t\t\t\t\t\tid=\"slider-205-slide-256-layer-0\" \n\t\t\t\t\t\t\t\tdata-type=\"text\"\n\t\t\t\t\t\t\t\tdata-rsp_ch=\"on\"\n\t\t\t\t\t\t\t\tdata-xy=\"x:c;y:m;yo:-10px,-28px,-21px,-12px;\"\n\t\t\t\t\t\t\t\tdata-text=\"w:normal;s:30,30,28,23;l:50,41,36,34;fw:700;a:center;\"\n\t\t\t\t\t\t\t\tdata-dim=\"w:912px,753px,572px,410px;\"\n\t\t\t\t\t\t\t\tdata-frame_999=\"o:0;st:w;\"\n\t\t\t\t\t\t\t\tstyle=\"z-index:5;font-family:Montserrat;\"\n\t\t\t\t\t\t\t>DAMOS A CONOCER TU EMPRESA Y AMPLIAMOS TU MERCADO A TRAV\u00c9S DE NUESTROS SERVICIOS NETWORKING. DESC\u00daBRELOS Y ELIGE AQUELLOS QUE M\u00c1S SE ADAPTEN A TU NEGOCIO \n\t\t\t\t\t\t\t<\/rs-layer><!--\n-->\t\t\t\t\t\t<\/rs-slide>\n\t\t\t\t\t<\/rs-slides>\n\t\t\t\t<\/rs-module>\n\t\t\t\t<script type=\"text\/javascript\">\n\t\t\t\t\tsetREVStartSize({c: 'rev_slider_205_1',rl:[1240,1024,778,480],el:[500,600,500,400],gw:[1240,1024,778,480],gh:[500,600,500,400],type:'hero',justify:'',layout:'fullwidth',mh:\"0\"});\n\t\t\t\t\tvar\trevapi205,\n\t\t\t\t\t\ttpj;\n\t\t\t\t\tfunction revinit_revslider2051() {\n\t\t\t\t\tjQuery(function() {\n\t\t\t\t\t\ttpj = jQuery;\n\t\t\t\t\t\trevapi205 = tpj(\"#rev_slider_205_1\");\n\t\t\t\t\t\tif(revapi205==undefined || revapi205.revolution == undefined){\n\t\t\t\t\t\t\trevslider_showDoubleJqueryError(\"rev_slider_205_1\");\n\t\t\t\t\t\t}else{\n\t\t\t\t\t\t\trevapi205.revolution({\n\t\t\t\t\t\t\t\tsliderType:\"hero\",\n\t\t\t\t\t\t\t\tDPR:\"dpr\",\n\t\t\t\t\t\t\t\tsliderLayout:\"fullwidth\",\n\t\t\t\t\t\t\t\tvisibilityLevels:\"1240,1024,778,480\",\n\t\t\t\t\t\t\t\tgridwidth:\"1240,1024,778,480\",\n\t\t\t\t\t\t\t\tgridheight:\"500,600,500,400\",\n\t\t\t\t\t\t\t\tlazyType:\"smart\",\n\t\t\t\t\t\t\t\tperspective:600,\n\t\t\t\t\t\t\t\tperspectiveType:\"local\",\n\t\t\t\t\t\t\t\teditorheight:\"500,600,500,400\",\n\t\t\t\t\t\t\t\tresponsiveLevels:\"1240,1024,778,480\",\n\t\t\t\t\t\t\t\tprogressBar:{disableProgressBar:true},\n\t\t\t\t\t\t\t\tparallax: {\n\t\t\t\t\t\t\t\t\tlevels:[2,3,4,5,6,7,12,16,10,50,47,48,49,50,51,55],\n\t\t\t\t\t\t\t\t\ttype:\"mouse\",\n\t\t\t\t\t\t\t\t\torigo:\"slidercenter\",\n\t\t\t\t\t\t\t\t\tspeed:2000\n\t\t\t\t\t\t\t\t},\n\t\t\t\t\t\t\t\tfallbacks: {\n\t\t\t\t\t\t\t\t\tallowHTML5AutoPlayOnAndroid:true\n\t\t\t\t\t\t\t\t},\n\t\t\t\t\t\t\t});\n\t\t\t\t\t\t}\n\t\t\t\t\t\t\n\t\t\t\t\t});\n\t\t\t\t\t} \/\/ End of RevInitScript\n\t\t\t\tvar once_revslider2051 = false;\n\t\t\t\tif (document.readyState === \"loading\") {document.addEventListener('readystatechange',function() { if((document.readyState === \"interactive\" || document.readyState === \"complete\") && !once_revslider2051 ) { once_revslider2051 = true; revinit_revslider2051();}});} else {once_revslider2051 = true; revinit_revslider2051();}\n\t\t\t\t<\/script>\n\t\t\t<\/rs-module-wrap>\n\t\t\t<!-- END REVOLUTION SLIDER -->\n[\/vc_column][\/vc_row][\/vc_section][vc_section css=\u00bb.vc_custom_1622202480661{background-color: #efefef !important;}\u00bb][vc_row][vc_column width=\u00bb1\/1&#8243;][vc_row_inner][vc_column_inner]<h1 class=\"headline font-inherit fontsize-xxxl fontweight-700 lh-inherit align-center transform-inherit \" style=\"margin: 0 0 20px 0; color: #000000;\">SERVICIOS NETWORKING<\/h1>[\/vc_column_inner][\/vc_row_inner][vc_column_text]<\/p>\n<p style=\"text-align: center;\">Nueva \u00e1rea de negocio para ayudarle a captar nuevos clientes.<br \/>\nPodr\u00e1 generar oportunidades de negocio y \/ o potenciar los contactos<\/p>\n<p>[\/vc_column_text][\/vc_column][\/vc_row][vc_row type=\u00bbfull_width_section\u00bb top_padding=\u00bb20&#8243; bottom_padding=\u00bb35&#8243;][vc_column width=\u00bb1\/1&#8243;][vc_row_inner el_id=\u00bbblah\u00bb][vc_column_inner][vc_column_text]<div class='white' style='background:rgba(0,0,0,0); border:solid 0px rgba(0,0,0,0); border-radius:0px; padding:0px 0px 0px 0px; overflow:hidden;'>\n<div id='slider_118151' class='owl-carousel sa_owl_theme owl-pagination-true autohide-arrows showcase_tablet showcase_hide_mobile' data-slider-id='slider_118151' style='visibility:hidden; width:120%; left:-10%; --widthtab:130%; --lefttab:-15%;'>\n<div id='slider_118151_slide01' class='sa_hover_container sa_vert_center_wrap' style='padding:7.4% 0%; margin:0px 5%; min-height:425px; '><div class='sa_vert_center'><div style=\"background: white; padding: 5%; height: 400px;\">\r\n<h4 style=\"text-align: center;\"><br \/><a href=\"https:\/\/www.foment.com\/es\/asociados\/acuerdos-comerciales\/\"><img class=\"alignnone wp-image-116747 size-full\" src=\"\/wp-content\/uploads\/2021\/06\/net-acords.png\" alt=\"\" width=\"107\" height=\"101\" \/><\/a><\/h4>\r\n<br \/>\r\n<h4 style=\"text-align: center;\"><a href=\"https:\/\/www.foment.com\/es\/asociados\/acuerdos-comerciales\/\">ACCIONES NETWORKING<\/a><\/h4>\r\n<p style=\"text-align: center;\">Creamos conexiones, creamos oportunidades. Accede a una Red de m\u00e1s de 280.000 empresas y llega a todo el tejido empresarial.<\/p>\r\n<\/div><\/div><\/div>\n<div id='slider_118151_slide02' class='sa_hover_container sa_vert_center_wrap' style='padding:7.4% 0%; margin:0px 5%; min-height:425px; '><div class='sa_vert_center'><div style=\"background: white; padding: 5%; height: 400px;\">\r\n<h4 style=\"text-align: center;\"><br \/><a href=\"https:\/\/www.foment.com\/es\/marketplace\/\"><img class=\"alignnone wp-image-119268 size-full\" src=\"https:\/\/www.foment.com\/wp-content\/uploads\/2021\/06\/Ic-Market-Place-n.png\" alt=\"\" width=\"129\" height=\"129\" \/><\/a><\/h4>\r\n<br \/>\r\n<h4 style=\"text-align: center;\"><a href=\"https:\/\/www.foment.com\/es\/marketplace\/\">MARKETPLACE ONLINE<\/a><\/h4>\r\n<p style=\"text-align: center;\">El espacio de Foment para hacer negocios y nuevas relaciones comerciales, una web donde encontrar\u00e1s servicios, descuentos, formaci\u00f3n y asesoramiento Covid.<\/p>\r\n<\/div><\/div><\/div>\n<div id='slider_118151_slide03' class='sa_hover_container sa_vert_center_wrap' style='padding:7.4% 0%; margin:0px 5%; min-height:425px; '><div class='sa_vert_center'><div style=\"background: white; padding: 5%; height: 400px;\">\r\n<h4 style=\"text-align: center;\"><br \/><a href=\"https:\/\/www.foment.com\/es\/contacto\/\"><img class=\"alignnone wp-image-116777 size-full\" src=\"\/wp-content\/uploads\/2021\/06\/net-face-to-face-1.png\" alt=\"\" width=\"115\" height=\"103\" \/><\/a><\/h4>\r\n<br \/>\r\n<h4 style=\"text-align: center;\"><a href=\"https:\/\/www.foment.com\/es\/contacto\/\">FACE TO FACE<\/a><\/h4>\r\n<p style=\"text-align: center;\">Facilitamos la interacci\u00f3n entre empresas. Accede a m\u00e1s de 280.000 empresas y llega a todo el tejido empresarial. Podr\u00e1s ser asesorado por comisiones expertas.<\/p>\r\n<\/div><\/div><\/div>\n<div id='slider_118151_slide04' class='sa_hover_container sa_vert_center_wrap' style='padding:7.4% 0%; margin:0px 5%; min-height:425px; '><div class='sa_vert_center'><div style=\"background: white; padding: 5%; height: 400px;\">\r\n<h4 style=\"text-align: center;\"><br \/><a href=\"https:\/\/larevista.foment.com\/\"><img class=\"alignnone wp-image-116759 size-full\" src=\"\/wp-content\/uploads\/2021\/12\/picto-revista.png\" alt=\"\" width=\"108\" height=\"107\" \/><\/a><\/h4>\r\n<br \/>\r\n<h4 style=\"text-align: center;\"><a href=\"https:\/\/larevista.foment.com\/\">REVISTA F DE FOMENT<\/a><\/h4>\r\n<p style=\"text-align: center;\">Cada semana publicamos nuestra Revista online donde los Socios pueden encontrar todo aquello que sea de su inter\u00e9s, art\u00edculos, servicios, eventos...<\/p>\r\n<\/div><\/div><\/div>\n<div id='slider_118151_slide05' class='sa_hover_container sa_vert_center_wrap' style='padding:7.4% 0%; margin:0px 5%; min-height:425px; '><div class='sa_vert_center'><div style=\"background: white; padding: 5%; height: 400px;\">\r\n<h4 style=\"text-align: center;\"><br \/><a href=\"https:\/\/www.foment.com\/es\/actividades\/\"><img class=\"alignnone wp-image-116750 size-full\" src=\"\/wp-content\/uploads\/2021\/06\/net-esdevenim.png\" alt=\"\" width=\"94\" height=\"94\" \/><\/a><\/h4>\r\n<br \/>\r\n<h4 style=\"text-align: center;\"><a href=\"https:\/\/www.foment.com\/es\/actividades\/\">EVENTOS<\/a><\/h4>\r\n<p style=\"text-align: center;\">Organizamos eventos a medida, presentaciones y webinars.<br \/>Segmentamos bases de datos y convocamos clientes potenciales a los que poder presentar vuestros servicios y productos.<\/p>\r\n<\/div><\/div><\/div>\n<\/div>\n<div id='showcase_118151' class='showcase_nav owl-nav autohide_arrows'><\/div>\n<\/div>\n<script type='text\/javascript'>\n\tjQuery(document).ready(function() {\n\t\tjQuery('#slider_118151').owlCarousel({\n\t\t\tresponsive:{\n\t\t\t\t0:{ items:1 },\n\t\t\t\t480:{ items:1 },\n\t\t\t\t768:{ items:1 },\n\t\t\t\t980:{ items:2 },\n\t\t\t\t1200:{ items:5 },\n\t\t\t\t1500:{ items:5 }\n\t\t\t},\n\t\t\tautoplay : false,\n\t\t\tautoplayHoverPause : false,\n\t\t\tsmartSpeed : 200,\n\t\t\tfluidSpeed : 200,\n\t\t\tautoplaySpeed : 200,\n\t\t\tnavSpeed : 200,\n\t\t\tdotsSpeed : 200,\n\t\t\tdotsEach : 1,\n\t\t\tloop : true,\n\t\t\tnav : false,\n\t\t\tnavText : ['Previous','Next'],\n\t\t\tnavContainer : '#showcase_118151',\n\t\t\tdots : true,\n\t\t\tresponsiveRefreshRate : 200,\n\t\t\tslideBy : 3,\n\t\t\tmergeFit : true,\n\t\t\tautoHeight : false,\n\t\t\tmouseDrag : false,\n\t\t\ttouchDrag : true\n\t\t});\n\t\tjQuery('#slider_118151').css('visibility', 'visible');\n\t\tset_first_last_active_classes('slider_118151');\n\t\tjQuery('#slider_118151').on('translated.owl.carousel resized.owl.carousel', function(event) {\n\t\t\tset_first_last_active_classes('slider_118151');\n\t\t});\n\t\tfunction set_first_last_active_classes(css_id) {\n\t\t\tvar total = jQuery('#slider_118151 .owl-stage .owl-item.active').length;\n\t\t\tjQuery('#slider_118151 .owl-stage .owl-item').removeClass('sc_partial');\n\t\t\tjQuery('#slider_118151 .owl-stage .owl-item.active').each(function(index){\n\t\t\t\tif (index === 0) {\n\t\t\t\t\tjQuery(this).addClass('sc_partial');\n\t\t\t\t}\n\t\t\t\tif (index === total - 1 && total > 1) {\n\t\t\t\t\tjQuery(this).addClass('sc_partial');\n\t\t\t\t}\n\t\t\t});\n\t\t}\n\t\tvar owl_goto = jQuery('#slider_118151');\n\t\tjQuery('.slider_118151_goto1').click(function(event){\n\t\t\towl_goto.trigger('to.owl.carousel', 0);\n\t\t});\n\t\tjQuery('.slider_118151_goto2').click(function(event){\n\t\t\towl_goto.trigger('to.owl.carousel', 1);\n\t\t});\n\t\tjQuery('.slider_118151_goto3').click(function(event){\n\t\t\towl_goto.trigger('to.owl.carousel', 2);\n\t\t});\n\t\tjQuery('.slider_118151_goto4').click(function(event){\n\t\t\towl_goto.trigger('to.owl.carousel', 3);\n\t\t});\n\t\tjQuery('.slider_118151_goto5').click(function(event){\n\t\t\towl_goto.trigger('to.owl.carousel', 4);\n\t\t});\n\t\tvar resize_118151 = jQuery('.owl-carousel');\n\t\tresize_118151.on('initialized.owl.carousel', function(e) {\n\t\t\tif (typeof(Event) === 'function') {\n\t\t\t\twindow.dispatchEvent(new Event('resize'));\n\t\t\t} else {\n\t\t\t\tvar evt = window.document.createEvent('UIEvents');\n\t\t\t\tevt.initUIEvent('resize', true, false, window, 0);\n\t\t\t\twindow.dispatchEvent(evt);\n\t\t\t}\n\t\t});\n\t});\n<\/script>\n[\/vc_column_text][\/vc_column_inner][\/vc_row_inner][\/vc_column][\/vc_row][\/vc_section][vc_row][vc_column width=\u00bb1\/1&#8243;]\n\t\t\t<!-- START patros esp REVOLUTION SLIDER 6.4.6 --><p class=\"rs-p-wp-fix\"><\/p>\n\t\t\t<rs-module-wrap id=\"rev_slider_249_2_wrapper\" data-source=\"gallery\" style=\"background:#ff3a2d;padding:0;margin:0px auto;margin-top:0;margin-bottom:0;\">\n\t\t\t\t<rs-module id=\"rev_slider_249_2\" style=\"\" data-version=\"6.4.6\">\n\t\t\t\t\t<rs-slides>\n\t\t\t\t\t\t<rs-slide data-key=\"rs-308\" data-title=\"Slide\" data-anim=\"ms:600;\" data-filter=\"g:0%;h:100%;i:0px;\" data-in=\"o:0;\" data-out=\"a:false;\">\n\t\t\t\t\t\t\t<img src=\"\/\/www.foment.com\/wp-content\/plugins\/revslider\/public\/assets\/assets\/dummy.png\" title=\"FOMENT_FOTO_WEB\" width=\"1200\" height=\"548\" class=\"rev-slidebg tp-rs-img rs-lazyload\" data-lazyload=\"\/\/www.foment.com\/wp-content\/uploads\/2021\/12\/FOMENT_FOTO_WEB.jpg\" data-bg=\"p:center top;\" data-parallax=\"off\" data-no-retina>\n<!--\n\t\t\t\t\t\t\t--><rs-layer\n\t\t\t\t\t\t\t\tid=\"slider-249-slide-308-layer-0\" \n\t\t\t\t\t\t\t\tdata-type=\"text\"\n\t\t\t\t\t\t\t\tdata-rsp_ch=\"on\"\n\t\t\t\t\t\t\t\tdata-xy=\"x:c;y:m;yo:-130px,-120px,-70px,-59px;\"\n\t\t\t\t\t\t\t\tdata-text=\"w:normal;s:24,24,20,19;l:39,32,29,28;a:center;\"\n\t\t\t\t\t\t\t\tdata-dim=\"w:979px,889px,675px,416px;\"\n\t\t\t\t\t\t\t\tdata-frame_999=\"o:0;st:w;\"\n\t\t\t\t\t\t\t\tstyle=\"z-index:5;font-family:Montserrat;\"\n\t\t\t\t\t\t\t>Si eres Socio ll\u00e1manos y te informaremos de nuestros servicios gratuitos Networking, entre los que podr\u00e1s disfrutar del nuevo espacio y Marketplace, de nuestras acciones Networking y la Revista F de Foment dedicada al Socio. \n\t\t\t\t\t\t\t<\/rs-layer><!--\n\n\t\t\t\t\t\t\t--><rs-layer\n\t\t\t\t\t\t\t\tid=\"slider-249-slide-308-layer-1\" \n\t\t\t\t\t\t\t\tclass=\"rev-btn\"\n\t\t\t\t\t\t\t\tdata-type=\"button\"\n\t\t\t\t\t\t\t\tdata-rsp_ch=\"on\"\n\t\t\t\t\t\t\t\tdata-xy=\"x:c;y:t,t,m,m;yo:226px,265px,51px,91px;\"\n\t\t\t\t\t\t\t\tdata-text=\"w:normal;s:18,18,17,18;l:31,25,23,25;fw:500;a:center;\"\n\t\t\t\t\t\t\t\tdata-dim=\"minh:0px,none,none,none;\"\n\t\t\t\t\t\t\t\tdata-padding=\"r:25,21,16,10;l:25,21,16,10;\"\n\t\t\t\t\t\t\t\tdata-border=\"bos:solid;boc:#ffffff;bow:2px,2px,2px,2px;\"\n\t\t\t\t\t\t\t\tdata-frame_999=\"o:0;st:w;\"\n\t\t\t\t\t\t\t\tdata-frame_hover=\"bgc:rgba(0,0,0,0);boc:rgba(255,255,255,0.75);bor:0px,0px,0px,0px;bos:solid;bow:2px,2px,2px,2px;e:power1.inOut;\"\n\t\t\t\t\t\t\t\tstyle=\"z-index:6;background-color:rgba(0,0,0,0);font-family:Roboto;\"\n\t\t\t\t\t\t\t>M\u00e1s informaci\u00f3n:<br \/>\nnetworking@foment.con<br \/>\n934841286 \n\t\t\t\t\t\t\t<\/rs-layer><!--\n-->\t\t\t\t\t\t<\/rs-slide>\n\t\t\t\t\t<\/rs-slides>\n\t\t\t\t<\/rs-module>\n\t\t\t\t<script type=\"text\/javascript\">\n\t\t\t\t\tsetREVStartSize({c: 'rev_slider_249_2',rl:[1240,1024,778,480],el:[500,600,360,360],gw:[1240,1024,778,480],gh:[500,600,360,360],type:'hero',justify:'',layout:'fullwidth',mh:\"0\"});\n\t\t\t\t\tvar\trevapi249,\n\t\t\t\t\t\ttpj;\n\t\t\t\t\tfunction revinit_revslider2492() {\n\t\t\t\t\tjQuery(function() {\n\t\t\t\t\t\ttpj = jQuery;\n\t\t\t\t\t\trevapi249 = tpj(\"#rev_slider_249_2\");\n\t\t\t\t\t\tif(revapi249==undefined || revapi249.revolution == undefined){\n\t\t\t\t\t\t\trevslider_showDoubleJqueryError(\"rev_slider_249_2\");\n\t\t\t\t\t\t}else{\n\t\t\t\t\t\t\trevapi249.revolution({\n\t\t\t\t\t\t\t\tsliderType:\"hero\",\n\t\t\t\t\t\t\t\tDPR:\"dpr\",\n\t\t\t\t\t\t\t\tsliderLayout:\"fullwidth\",\n\t\t\t\t\t\t\t\tvisibilityLevels:\"1240,1024,778,480\",\n\t\t\t\t\t\t\t\tgridwidth:\"1240,1024,778,480\",\n\t\t\t\t\t\t\t\tgridheight:\"500,600,360,360\",\n\t\t\t\t\t\t\t\tlazyType:\"smart\",\n\t\t\t\t\t\t\t\tperspective:600,\n\t\t\t\t\t\t\t\tperspectiveType:\"local\",\n\t\t\t\t\t\t\t\teditorheight:\"500,600,360,360\",\n\t\t\t\t\t\t\t\tresponsiveLevels:\"1240,1024,778,480\",\n\t\t\t\t\t\t\t\tprogressBar:{disableProgressBar:true},\n\t\t\t\t\t\t\t\tparallax: {\n\t\t\t\t\t\t\t\t\tlevels:[2,3,4,5,6,7,12,16,10,50,47,48,49,50,51,55],\n\t\t\t\t\t\t\t\t\ttype:\"mouse\",\n\t\t\t\t\t\t\t\t\torigo:\"slidercenter\",\n\t\t\t\t\t\t\t\t\tspeed:2000\n\t\t\t\t\t\t\t\t},\n\t\t\t\t\t\t\t\tfallbacks: {\n\t\t\t\t\t\t\t\t\tallowHTML5AutoPlayOnAndroid:true\n\t\t\t\t\t\t\t\t},\n\t\t\t\t\t\t\t});\n\t\t\t\t\t\t}\n\t\t\t\t\t\t\n\t\t\t\t\t});\n\t\t\t\t\t} \/\/ End of RevInitScript\n\t\t\t\tvar once_revslider2492 = false;\n\t\t\t\tif (document.readyState === \"loading\") {document.addEventListener('readystatechange',function() { if((document.readyState === \"interactive\" || document.readyState === \"complete\") && !once_revslider2492 ) { once_revslider2492 = true; revinit_revslider2492();}});} else {once_revslider2492 = true; revinit_revslider2492();}\n\t\t\t\t<\/script>\n\t\t\t<\/rs-module-wrap>\n\t\t\t<!-- END REVOLUTION SLIDER -->\n[\/vc_column][\/vc_row]<\/p>\n<\/section>","protected":false},"excerpt":{"rendered":"<p>[vc_section][vc_row][vc_column width=\u00bb1\/1&#8243;][\/vc_column][\/vc_row][\/vc_section][vc_section css=\u00bb.vc_custom_1622202480661{background-color: #efefef !important;}\u00bb][vc_row][vc_column width=\u00bb1\/1&#8243;][vc_row_inner][vc_column_inner][\/vc_column_inner][\/vc_row_inner][vc_column_text] Nueva \u00e1rea de negocio para ayudarle a captar nuevos clientes. Podr\u00e1 generar oportunidades de negocio y \/ o potenciar los contactos [\/vc_column_text][\/vc_column][\/vc_row][vc_row type=\u00bbfull_width_section\u00bb top_padding=\u00bb20&#8243; bottom_padding=\u00bb35&#8243;][vc_column width=\u00bb1\/1&#8243;][vc_row_inner el_id=\u00bbblah\u00bb][vc_column_inner][vc_column_text][\/vc_column_text][\/vc_column_inner][\/vc_row_inner][\/vc_column][\/vc_row][\/vc_section][vc_row][vc_column width=\u00bb1\/1&#8243;][\/vc_column][\/vc_row]<\/p>\n","protected":false},"author":1,"featured_media":0,"parent":0,"menu_order":0,"comment_status":"closed","ping_status":"closed","template":"","meta":{"_links_to":"","_links_to_target":""},"acf":[],"wps_subtitle":"","_links":{"self":[{"href":"https:\/\/www.foment.com\/es\/wp-json\/wp\/v2\/pages\/118160"}],"collection":[{"href":"https:\/\/www.foment.com\/es\/wp-json\/wp\/v2\/pages"}],"about":[{"href":"https:\/\/www.foment.com\/es\/wp-json\/wp\/v2\/types\/page"}],"author":[{"embeddable":true,"href":"https:\/\/www.foment.com\/es\/wp-json\/wp\/v2\/users\/1"}],"replies":[{"embeddable":true,"href":"https:\/\/www.foment.com\/es\/wp-json\/wp\/v2\/comments?post=118160"}],"version-history":[{"count":52,"href":"https:\/\/www.foment.com\/es\/wp-json\/wp\/v2\/pages\/118160\/revisions"}],"predecessor-version":[{"id":134568,"href":"https:\/\/www.foment.com\/es\/wp-json\/wp\/v2\/pages\/118160\/revisions\/134568"}],"wp:attachment":[{"href":"https:\/\/www.foment.com\/es\/wp-json\/wp\/v2\/media?parent=118160"}],"curies":[{"name":"wp","href":"https:\/\/api.w.org\/{rel}","templated":true}]}}