{"id":118316,"date":"2021-06-27T10:19:00","date_gmt":"2021-06-27T08:19:00","guid":{"rendered":"https:\/\/www.foment.com\/marketplace\/"},"modified":"2023-05-08T16:10:56","modified_gmt":"2023-05-08T14:10:56","slug":"marketplace","status":"publish","type":"page","link":"https:\/\/www.foment.com\/es\/marketplace\/","title":{"rendered":"Marketplace"},"content":{"rendered":"<section class=\"wpb-content-wrapper\"><p>[vc_row top_padding=\u00bb70&#8243; bottom_padding=\u00bb30&#8243;][vc_column width=\u00bb1\/1&#8243;][vc_row_inner][vc_column_inner][vc_column_text]<form data-sf-form-id='119353' data-is-rtl='0' data-maintain-state='' data-results-url='\/es\/marketplace' data-ajax-url='https:\/\/www.foment.com\/es\/?sfid=119353&amp;sf_action=get_data&amp;sf_data=all' data-ajax-form-url='https:\/\/www.foment.com\/es\/?sfid=119353&amp;sf_action=get_data&amp;sf_data=form' data-display-result-method='shortcode' data-use-history-api='1' data-template-loaded='0' data-lang-code='es' data-ajax='1' data-ajax-data-type='json' data-ajax-links-selector='.pagination a' data-ajax-target='#search-filter-results-119353' data-ajax-pagination-type='normal' data-update-ajax-url='1' data-only-results-ajax='1' data-scroll-to-pos='0' data-init-paged='1' data-auto-update='1' data-auto-count='1' data-auto-count-refresh-mode='1' action='\/es\/marketplace' method='post' class='searchandfilter' id='search-filter-form-119353' autocomplete='off' data-instance-count='1'><ul><li class=\"sf-field-post-meta-categoria_es\" data-sf-field-name=\"_sfm_categoria_es\" data-sf-field-type=\"post_meta\" data-sf-field-input-type=\"select\" data-sf-meta-type=\"choice\">\t\t<label>\n\t\t\t\t   \t\t<select name=\"_sfm_categoria_es[]\" class=\"sf-input-select\" title=\"\">\n\t\t\t\t\t\t  \t\t\t<option class=\"sf-level-0 sf-item-0 sf-option-active\" selected=\"selected\" data-sf-depth=\"0\" value=\"\">CATEGOR\u00cdA<\/option>\n\t\t\t\t\t\t\t\t\t\t\t<option class=\"sf-level-0 \" data-sf-count=\"4\" data-sf-depth=\"0\" value=\"Asesor\u00eda Jur\u00eddica y Fiscal\">Asesor\u00eda Jur\u00eddica y Fiscal&nbsp;&nbsp;(4)<\/option>\n\t\t\t\t\t\t\t\t\t\t\t<option class=\"sf-level-0 \" data-sf-count=\"10\" data-sf-depth=\"0\" value=\"Consultor\u00eda\">Consultor\u00eda&nbsp;&nbsp;(10)<\/option>\n\t\t\t\t\t\t\t\t\t\t\t<option class=\"sf-level-0 \" data-sf-count=\"6\" data-sf-depth=\"0\" value=\"Fondos Next Generation\">Fondos Next Generation&nbsp;&nbsp;(6)<\/option>\n\t\t\t\t\t\t\t\t\t\t\t<option class=\"sf-level-0 \" data-sf-count=\"1\" data-sf-depth=\"0\" value=\"Informes y BBDD\">Informes y BBDD&nbsp;&nbsp;(1)<\/option>\n\t\t\t\t\t\t\t\t\t\t\t<option class=\"sf-level-0 \" data-sf-count=\"3\" data-sf-depth=\"0\" value=\"Prevenci\u00f3n de Riesgos\">Prevenci\u00f3n de Riesgos&nbsp;&nbsp;(3)<\/option>\n\t\t\t\t\t\t\t\t\t\t\t<option class=\"sf-level-0 \" data-sf-count=\"4\" data-sf-depth=\"0\" value=\"RRHH\">RRHH&nbsp;&nbsp;(4)<\/option>\n\t\t\t\t\t\t\t\t\t\t\t<option class=\"sf-level-0 \" data-sf-count=\"4\" data-sf-depth=\"0\" value=\"Servicios Digitales\">Servicios Digitales&nbsp;&nbsp;(4)<\/option>\n\t\t\t\t\t\t\t\t\t\t\t<option class=\"sf-level-0 \" data-sf-count=\"4\" data-sf-depth=\"0\" value=\"Servicios Financieros\">Servicios Financieros&nbsp;&nbsp;(4)<\/option>\n\t\t\t\t\t\t\t\t\t\t\t<option class=\"sf-level-0 \" data-sf-count=\"2\" data-sf-depth=\"0\" value=\"Tecnolog\u00eda e innovaci\u00f3n\">Tecnolog\u00eda e innovaci\u00f3n&nbsp;&nbsp;(2)<\/option>\n\t\t\t\t\t\t\t\t\t\t\t<option class=\"sf-level-0 \" data-sf-count=\"9\" data-sf-depth=\"0\" value=\"Ventajas y descuentos\">Ventajas y descuentos&nbsp;&nbsp;(9)<\/option>\n\t\t\t\t\t\t\t\t\t\t\t<\/select><\/label>\t\t\t\t\t\t\t\t\t\t<\/li><li class=\"sf-field-sort_order\" data-sf-field-name=\"_sf_sort_order\" data-sf-field-type=\"sort_order\" data-sf-field-input-type=\"select\">\t\t<label>\n\t\t\t\t   \t\t\t<span class=\"screen-reader-text\">Orden<\/span>\n\t\t\t\t\t\t\t\t<select name=\"_sf_sort_order[]\" class=\"sf-input-select\" title=\"Orden\">\n\t\t\t\t\t\t  \t\t\t<option class=\"sf-level-0 sf-item-0 sf-option-active\" selected=\"selected\" data-sf-depth=\"0\" value=\"\">ORDENAR POR:<\/option>\n\t\t\t\t\t\t\t\t\t\t\t<option class=\"sf-level-0 \" data-sf-depth=\"0\" value=\"title+desc\">Nombre empresa<\/option>\n\t\t\t\t\t\t\t\t\t\t\t<option class=\"sf-level-0 \" data-sf-depth=\"0\" value=\"modified+desc\">Nuevas incorporaciones<\/option>\n\t\t\t\t\t\t\t\t\t\t\t<\/select><\/label>\t\t\t\t\t\t\t\t\t\t<\/li><li class=\"sf-field-search\" data-sf-field-name=\"search\" data-sf-field-type=\"search\" data-sf-field-input-type=\"\">\t\t<label>\n\t\t\t\t   \t\t\t<span class=\"screen-reader-text\">Nombre de la empresa<\/span><input placeholder=\"BUSCA\" name=\"_sf_search[]\" class=\"sf-input-text\" type=\"text\" value=\"\" title=\"Nombre de la empresa\"><\/label>\t\t<\/li><\/ul><\/form>[\/vc_column_text][vc_column_text]<div class=\"search-filter-results\" id=\"search-filter-results-119353\">\t<hr>\t\t\n\t\t<div class=\"vc_col-sm-4 mktmp\">\n\n\t\t\t\t\t\t\t\t\t\t<span id=\"197029\"><\/span>\t\n\t\t\t\t\t<div id=\"labelmkt-GOLD-PARTNER\">GOLD-PARTNER<\/div>\n\t\t\t\t\t<div id=\"imatgemkt\" style=\"background-image:url(https:\/\/www.foment.com\/wp-content\/uploads\/2025\/02\/Logo-Digital-semiplano.jpg);height:200px; background-repeat:no-repeat;background-position: center;\"><span id=\"mktetiquetaimatge\">202 Digital Reputation<\/span><\/div>\n\t\t\t\t\t<div id=\"mktresum\"> En 202 estamos especializados en la gesti\u00f3n integral de la identidad y la reputaci\u00f3n digital, con m\u00e1s de 350 casos de \u00e9xito en todo el mundo.<\/div>\n\n\t\t\t\t\t<a href=\"https:\/\/www.foment.com\/es\/market-place\/202-digital-reputation\/\"><span id=\"mktmesinfo\">M\u00e1s informaci\u00f3n ><\/span><\/a>\n\t\t\t\n\t\t\t\t\t\n\n\t\t\t\n\t\t<\/div>\n\t\t\t\t\n\t\t<div class=\"vc_col-sm-4 mktmp\">\n\n\t\t\t\t\t\t\t\t\t\t<span id=\"215688\"><\/span>\t\n\t\t\t\t\t<div id=\"labelmkt-GOLD-PARTNER\">GOLD-PARTNER<\/div>\n\t\t\t\t\t<div id=\"imatgemkt\" style=\"background-image:url(https:\/\/www.foment.com\/wp-content\/uploads\/2026\/03\/Diseno-sin-titulo-10.jpg);height:200px; background-repeat:no-repeat;background-position: center;\"><span id=\"mktetiquetaimatge\">ATLAS Energia<\/span><\/div>\n\t\t\t\t\t<div id=\"mktresum\"> Compa\u00f1\u00eda energ\u00e9tica con modelo integral 360\u00ba y estructura de integraci\u00f3n vertical para ofrecer todos los servicios clave del sector desde una \u00fanica organizaci\u00f3n.<\/div>\n\n\t\t\t\t\t<a href=\"https:\/\/www.foment.com\/es\/market-place\/atlas-energia\/\"><span id=\"mktmesinfo\">M\u00e1s informaci\u00f3n ><\/span><\/a>\n\t\t\t\n\t\t\t\t\t\n\n\t\t\t\n\t\t<\/div>\n\t\t\t\t\n\t\t<div class=\"vc_col-sm-4 mktmp\">\n\n\t\t\t\t\t\t\t\t\t\t<span id=\"161738\"><\/span>\t\n\t\t\t\t\t<div id=\"labelmkt-GOLD-PARTNER\">GOLD-PARTNER<\/div>\n\t\t\t\t\t<div id=\"imatgemkt\" style=\"background-image:url(https:\/\/www.foment.com\/wp-content\/uploads\/2023\/04\/logo-banco-sabadell-2.png);height:200px; background-repeat:no-repeat;background-position: center;\"><span id=\"mktetiquetaimatge\">Banc de Sabadell<\/span><\/div>\n\t\t\t\t\t<div id=\"mktresum\"> Sabadell es uno de los principales grupos bancarios del sistema financiero espa\u00f1ol, fundado en 1881 y perteneciente al IBEX 35.<\/div>\n\n\t\t\t\t\t<a href=\"https:\/\/www.foment.com\/es\/market-place\/banc-de-sabadell\/\"><span id=\"mktmesinfo\">M\u00e1s informaci\u00f3n ><\/span><\/a>\n\t\t\t\n\t\t\t\t\t\n\n\t\t\t\n\t\t<\/div>\n\t\t\t\t\n\t\t<div class=\"vc_col-sm-4 mktmp\">\n\n\t\t\t\t\t\t\t\t\t\t<span id=\"138147\"><\/span>\t\n\t\t\t\t\t<div id=\"labelmkt-GOLD-PARTNER\">GOLD-PARTNER<\/div>\n\t\t\t\t\t<div id=\"imatgemkt\" style=\"background-image:url(https:\/\/www.foment.com\/wp-content\/uploads\/2022\/02\/caixabank.png);height:200px; background-repeat:no-repeat;background-position: center;\"><span id=\"mktetiquetaimatge\">CaixaBank<\/span><\/div>\n\t\t\t\t\t<div id=\"mktresum\"> BusinessBank\u00a0es un nuevo servicio de CaixaBank especializado en peque\u00f1as empresas, emprendedores y empresarios<\/div>\n\n\t\t\t\t\t<a href=\"https:\/\/www.foment.com\/es\/market-place\/caixabank\/\"><span id=\"mktmesinfo\">M\u00e1s informaci\u00f3n ><\/span><\/a>\n\t\t\t\n\t\t\t\t\t\n\n\t\t\t\n\t\t<\/div>\n\t\t\t\t\n\t\t<div class=\"vc_col-sm-4 mktmp\">\n\n\t\t\t\t\t\t\t\t\t\t<span id=\"138141\"><\/span>\t\n\t\t\t\t\t<div id=\"labelmkt-GOLD-PARTNER\">GOLD-PARTNER<\/div>\n\t\t\t\t\t<div id=\"imatgemkt\" style=\"background-image:url(https:\/\/www.foment.com\/wp-content\/uploads\/2022\/02\/conversia.png);height:200px; background-repeat:no-repeat;background-position: center;\"><span id=\"mktetiquetaimatge\">CONVERSIA<\/span><\/div>\n\t\t\t\t\t<div id=\"mktresum\"> El cometido de Conversia es guiarte y asesorarte en materia de cumplimiento normativo<\/div>\n\n\t\t\t\t\t<a href=\"https:\/\/www.foment.com\/es\/market-place\/conversia\/\"><span id=\"mktmesinfo\">M\u00e1s informaci\u00f3n ><\/span><\/a>\n\t\t\t\n\t\t\t\t\t\n\n\t\t\t\n\t\t<\/div>\n\t\t\t\t\n\t\t<div class=\"vc_col-sm-4 mktmp\">\n\n\t\t\t\t\t\t\t\t\t\t<span id=\"138133\"><\/span>\t\n\t\t\t\t\t<div id=\"labelmkt-GOLD-PARTNER\">GOLD-PARTNER<\/div>\n\t\t\t\t\t<div id=\"imatgemkt\" style=\"background-image:url(https:\/\/www.foment.com\/wp-content\/uploads\/2022\/02\/informa.png);height:200px; background-repeat:no-repeat;background-position: center;\"><span id=\"mktetiquetaimatge\">Informa<\/span><\/div>\n\t\t\t\t\t<div id=\"mktresum\"> Ayudar a las empresas en la gesti\u00f3n comercial y reputacional y en la tarea de prospecci\u00f3n y captaci\u00f3n de nuevo negocio.<\/div>\n\n\t\t\t\t\t<a href=\"https:\/\/www.foment.com\/es\/market-place\/informa\/\"><span id=\"mktmesinfo\">M\u00e1s informaci\u00f3n ><\/span><\/a>\n\t\t\t\n\t\t\t\t\t\n\n\t\t\t\n\t\t<\/div>\n\t\t\t\t\n\t\t<div class=\"vc_col-sm-4 mktmp\">\n\n\t\t\t\t\t\t\t\t\t\t<span id=\"138145\"><\/span>\t\n\t\t\t\t\t<div id=\"labelmkt-GOLD-PARTNER\">GOLD-PARTNER<\/div>\n\t\t\t\t\t<div id=\"imatgemkt\" style=\"background-image:url(https:\/\/www.foment.com\/wp-content\/uploads\/2022\/02\/solred.png);height:200px; background-repeat:no-repeat;background-position: center;\"><span id=\"mktetiquetaimatge\">Solred<\/span><\/div>\n\t\t\t\t\t<div id=\"mktresum\"> Acuerdos comerciales y descuentos para profesionales.<\/div>\n\n\t\t\t\t\t<a href=\"https:\/\/www.foment.com\/es\/market-place\/solred\/\"><span id=\"mktmesinfo\">M\u00e1s informaci\u00f3n ><\/span><\/a>\n\t\t\t\n\t\t\t\t\t\n\n\t\t\t\n\t\t<\/div>\n\t\t\t\t\n\t\t<div class=\"vc_col-sm-4 mktmp\">\n\n\t\t\t\t\t\t\t\t\t\t<span id=\"155206\"><\/span>\t\n\t\t\t\t\t<div id=\"labelmkt-GOLD-PARTNER\">GOLD-PARTNER<\/div>\n\t\t\t\t\t<div id=\"imatgemkt\" style=\"background-image:url(https:\/\/www.foment.com\/wp-content\/uploads\/2022\/11\/images.jpg);height:200px; background-repeat:no-repeat;background-position: center;\"><span id=\"mktetiquetaimatge\">vLex<\/span><\/div>\n\t\t\t\t\t<div id=\"mktresum\"> vLex dispone de la colecci\u00f3n de v\u00eddeos m\u00e1s completa del mercado donde magistrados, abogados y expertos profundizan sobre temas de rigurosa actualidad. <\/div>\n\n\t\t\t\t\t<a href=\"https:\/\/www.foment.com\/es\/market-place\/vlex\/\"><span id=\"mktmesinfo\">M\u00e1s informaci\u00f3n ><\/span><\/a>\n\t\t\t\n\t\t\t\t\t\n\n\t\t\t\n\t\t<\/div>\n\t\t\t\t\n\t\t<div class=\"vc_col-sm-4 mktmp\">\n\n\t\t\t\t\t\t\t\t\t\t<span id=\"138337\"><\/span>\t\n\t\t\t\t\t<div id=\"labelmkt-\"><\/div>\n\t\t\t\t\t<div id=\"imatgemkt\" style=\"background-image:url(https:\/\/www.foment.com\/wp-content\/uploads\/2022\/02\/ADGORITMO.png);height:200px; background-repeat:no-repeat;background-position: center;\"><span id=\"mktetiquetaimatge\">Adgoritmo<\/span><\/div>\n\t\t\t\t\t<div id=\"mktresum\"> Somos especialistas en el desarrollo de estrategias digitales completas que ayudan a conseguir un mayor retorno de la inversi\u00f3n.<\/div>\n\n\t\t\t\t\t<a href=\"https:\/\/www.foment.com\/es\/market-place\/adgoritmo\/\"><span id=\"mktmesinfo\">M\u00e1s informaci\u00f3n ><\/span><\/a>\n\t\t\t\n\t\t\t\t\t\n\n\t\t\t\n\t\t<\/div>\n\t\t\t\t\n\t\t<div class=\"vc_col-sm-4 mktmp\">\n\n\t\t\t\t\t\t\t\t\t\t<span id=\"207637\"><\/span>\t\n\t\t\t\t\t<div id=\"labelmkt-\"><\/div>\n\t\t\t\t\t<div id=\"imatgemkt\" style=\"background-image:url(https:\/\/www.foment.com\/wp-content\/uploads\/2025\/10\/Aktios_cmyk_pos_page-0001.jpg);height:200px; background-repeat:no-repeat;background-position: center;\"><span id=\"mktetiquetaimatge\">AKTIOS GLOBAL IT SERVICES S.L.<\/span><\/div>\n\t\t\t\t\t<div id=\"mktresum\"> En Aktios impulsamos la transformaci\u00f3n digital de las organizaciones integrando tecnolog\u00eda y estrategia para generar valor y mejorar la competitividad empresarial.<\/div>\n\n\t\t\t\t\t<a href=\"https:\/\/www.foment.com\/es\/market-place\/aktios\/\"><span id=\"mktmesinfo\">M\u00e1s informaci\u00f3n ><\/span><\/a>\n\t\t\t\n\t\t\t\t\t\n\n\t\t\t\n\t\t<\/div>\n\t\t\t\t\n\t\t<div class=\"vc_col-sm-4 mktmp\">\n\n\t\t\t\t\t\t\t\t\t\t<span id=\"206401\"><\/span>\t\n\t\t\t\t\t<div id=\"labelmkt-\"><\/div>\n\t\t\t\t\t<div id=\"imatgemkt\" style=\"background-image:url(https:\/\/www.foment.com\/wp-content\/uploads\/2025\/09\/photo_5949312428846204381_y.jpg);height:200px; background-repeat:no-repeat;background-position: center;\"><span id=\"mktetiquetaimatge\">Artefacto Studio<\/span><\/div>\n\t\t\t\t\t<div id=\"mktresum\"> Estudio estrat\u00e9gico que acompa\u00f1a a las organizaciones a construir su yo del futuro: una versi\u00f3n m\u00e1s preparada, eficiente y humana de s\u00ed mismas.<\/div>\n\n\t\t\t\t\t<a href=\"https:\/\/www.foment.com\/es\/market-place\/artefacto-studio\/\"><span id=\"mktmesinfo\">M\u00e1s informaci\u00f3n ><\/span><\/a>\n\t\t\t\n\t\t\t\t\t\n\n\t\t\t\n\t\t<\/div>\n\t\t\t\t\n\t\t<div class=\"vc_col-sm-4 mktmp\">\n\n\t\t\t\t\t\t\t\t\t\t<span id=\"200605\"><\/span>\t\n\t\t\t\t\t<div id=\"labelmkt-\"><\/div>\n\t\t\t\t\t<div id=\"imatgemkt\" style=\"background-image:url(https:\/\/www.foment.com\/wp-content\/uploads\/2025\/04\/Imagen-2.jpg);height:200px; background-repeat:no-repeat;background-position: center;\"><span id=\"mktetiquetaimatge\">Atrevia Comunicaci\u00f3n<\/span><\/div>\n\t\t\t\t\t<div id=\"mktresum\"> Empresa consultora de comunicaci\u00f3n y posicionamiento estrat\u00e9gico nacida en Barcelona, \u200b\u200bde impacto global en diversos temas como Public Affairs, digital, etc.<\/div>\n\n\t\t\t\t\t<a href=\"https:\/\/www.foment.com\/es\/market-place\/atrevia-comunicacion\/\"><span id=\"mktmesinfo\">M\u00e1s informaci\u00f3n ><\/span><\/a>\n\t\t\t\n\t\t\t\t\t\n\n\t\t\t\n\t\t<\/div>\n\t\t\t\n\t\n\t<div class=\"pagination\" style=\"clear: both;\">\n\t\t\n\n\t\t\t\t\t\t\t\n\n\t\t\t\t\t\t\t<div id=\"mkt-nav-previous\"><a href=\"\/es\/marketplace?sf_paged=2\" >Siguientes ><\/a><\/div>\n\t\t\t\t\t\t\t<div id=\"mkt-nav-next\"><\/div>\n\t\t\t\t\t\t\t<div id=\"mktpages\">P\u00e1g. 1 de 3<br \/><\/div>\n\t\t\t\n\t\t\t\t\t\n\n\n\n\n\t<\/div>\n\t<\/div>[\/vc_column_text][\/vc_column_inner][\/vc_row_inner][\/vc_column][\/vc_row][vc_row][vc_column width=\u00bb1\/1&#8243;]\n\t\t\t<!-- START Asociarse REVOLUTION SLIDER 6.4.6 --><p class=\"rs-p-wp-fix\"><\/p>\n\t\t\t<rs-module-wrap id=\"rev_slider_180_1_wrapper\" data-source=\"gallery\" style=\"background:linear-gradient(rgba(247,247,247,1) 0%, rgba(215,215,215,1) 100%);padding:0;margin:0px auto;margin-top:0;margin-bottom:0;\">\n\t\t\t\t<rs-module id=\"rev_slider_180_1\" style=\"\" data-version=\"6.4.6\">\n\t\t\t\t\t<rs-slides>\n\t\t\t\t\t\t<rs-slide data-key=\"rs-231\" data-title=\"Slide\" data-anim=\"ms:600;\" data-in=\"o:0;\" data-out=\"a:false;\">\n\t\t\t\t\t\t\t<img src=\"\/\/www.foment.com\/wp-content\/plugins\/revslider\/public\/assets\/assets\/dummy.png\" title=\"Mkpl\" width=\"875\" height=\"358\" class=\"rev-slidebg tp-rs-img rs-lazyload\" data-lazyload=\"\/\/www.foment.com\/wp-content\/uploads\/2021\/05\/Mkpl.jpg\" data-parallax=\"off\" data-no-retina>\n<!--\n\t\t\t\t\t\t\t--><rs-layer\n\t\t\t\t\t\t\t\tid=\"slider-180-slide-231-layer-0\" \n\t\t\t\t\t\t\t\tdata-type=\"text\"\n\t\t\t\t\t\t\t\tdata-rsp_ch=\"on\"\n\t\t\t\t\t\t\t\tdata-xy=\"x:c;yo:84px,149px,53px,52px;\"\n\t\t\t\t\t\t\t\tdata-text=\"w:normal;s:49,40,32,32;l:90,74,56,34;fw:700;a:center;\"\n\t\t\t\t\t\t\t\tdata-dim=\"w:913px,753px,572px,352px;\"\n\t\t\t\t\t\t\t\tdata-frame_999=\"o:0;st:w;\"\n\t\t\t\t\t\t\t\tstyle=\"z-index:5;font-family:Montserrat;\"\n\t\t\t\t\t\t\t>HAZTE SOCIO \n\t\t\t\t\t\t\t<\/rs-layer><!--\n\n\t\t\t\t\t\t\t--><rs-layer\n\t\t\t\t\t\t\t\tid=\"slider-180-slide-231-layer-1\" \n\t\t\t\t\t\t\t\tdata-type=\"text\"\n\t\t\t\t\t\t\t\tdata-rsp_ch=\"on\"\n\t\t\t\t\t\t\t\tdata-xy=\"x:c;yo:203px,247px,129px,106px;\"\n\t\t\t\t\t\t\t\tdata-text=\"w:normal;s:25,22,24,22;l:30,24,26,26;fw:500;a:center;\"\n\t\t\t\t\t\t\t\tdata-dim=\"w:638px,526px,614px,401px;h:78px,64px,auto,auto;\"\n\t\t\t\t\t\t\t\tdata-frame_999=\"o:0;st:w;\"\n\t\t\t\t\t\t\t\tstyle=\"z-index:6;font-family:Montserrat;\"\n\t\t\t\t\t\t\t>\u00danete a Foment del Treball y aprovecha todas las ventajas de formar parte de la mayor red de empresarios catalanes del suroeste de Europa. \n\t\t\t\t\t\t\t<\/rs-layer><!--\n\n\t\t\t\t\t\t\t--><a\n\t\t\t\t\t\t\t\tid=\"slider-180-slide-231-layer-2\" \n\t\t\t\t\t\t\t\tclass=\"rs-layer rev-btn\"\n\t\t\t\t\t\t\t\thref=\"\/es\/asociados\" target=\"_self\"\n\t\t\t\t\t\t\t\tdata-type=\"button\"\n\t\t\t\t\t\t\t\tdata-rsp_ch=\"on\"\n\t\t\t\t\t\t\t\tdata-xy=\"x:c;yo:326px,349px,230px,252px;\"\n\t\t\t\t\t\t\t\tdata-text=\"w:normal;s:14,13,18,16;l:57,55,58,51;fw:600;a:center;\"\n\t\t\t\t\t\t\t\tdata-dim=\"minh:0,none,none,none;\"\n\t\t\t\t\t\t\t\tdata-padding=\"r:36,35,38,34;l:36,35,38,34;\"\n\t\t\t\t\t\t\t\tdata-border=\"bos:solid;boc:#ffffff;bow:1px,1px,1px,1px;bor:25px,25px,25px,25px;\"\n\t\t\t\t\t\t\t\tdata-frame_999=\"o:0;st:w;\"\n\t\t\t\t\t\t\t\tdata-frame_hover=\"bgc:rgba(0,0,0,0);boc:rgba(255,255,255,0.75);bor:25px,25px,25px,25px;bos:solid;bow:1px,1px,1px,1px;e:power1.inOut;\"\n\t\t\t\t\t\t\t\tstyle=\"z-index:7;background-color:#d2112d;font-family:Montserrat;\"\n\t\t\t\t\t\t\t>M\u00c1S INFORMACI\u00d3N \n\t\t\t\t\t\t\t<\/a><!--\n-->\t\t\t\t\t\t<\/rs-slide>\n\t\t\t\t\t<\/rs-slides>\n\t\t\t\t<\/rs-module>\n\t\t\t\t<script type=\"text\/javascript\">\n\t\t\t\t\tsetREVStartSize({c: 'rev_slider_180_1',rl:[1240,1024,778,480],el:[500,600,360,360],gw:[1240,1024,778,480],gh:[500,600,360,360],type:'hero',justify:'',layout:'fullwidth',mh:\"0\"});\n\t\t\t\t\tvar\trevapi180,\n\t\t\t\t\t\ttpj;\n\t\t\t\t\tfunction revinit_revslider1801() {\n\t\t\t\t\tjQuery(function() {\n\t\t\t\t\t\ttpj = jQuery;\n\t\t\t\t\t\trevapi180 = tpj(\"#rev_slider_180_1\");\n\t\t\t\t\t\tif(revapi180==undefined || revapi180.revolution == undefined){\n\t\t\t\t\t\t\trevslider_showDoubleJqueryError(\"rev_slider_180_1\");\n\t\t\t\t\t\t}else{\n\t\t\t\t\t\t\trevapi180.revolution({\n\t\t\t\t\t\t\t\tsliderType:\"hero\",\n\t\t\t\t\t\t\t\tDPR:\"dpr\",\n\t\t\t\t\t\t\t\tsliderLayout:\"fullwidth\",\n\t\t\t\t\t\t\t\tvisibilityLevels:\"1240,1024,778,480\",\n\t\t\t\t\t\t\t\tgridwidth:\"1240,1024,778,480\",\n\t\t\t\t\t\t\t\tgridheight:\"500,600,360,360\",\n\t\t\t\t\t\t\t\tlazyType:\"smart\",\n\t\t\t\t\t\t\t\tperspective:600,\n\t\t\t\t\t\t\t\tperspectiveType:\"local\",\n\t\t\t\t\t\t\t\teditorheight:\"500,600,360,360\",\n\t\t\t\t\t\t\t\tresponsiveLevels:\"1240,1024,778,480\",\n\t\t\t\t\t\t\t\tprogressBar:{disableProgressBar:true},\n\t\t\t\t\t\t\t\tparallax: {\n\t\t\t\t\t\t\t\t\tlevels:[2,3,4,5,6,7,12,16,10,50,47,48,49,50,51,55],\n\t\t\t\t\t\t\t\t\ttype:\"mouse\",\n\t\t\t\t\t\t\t\t\torigo:\"slidercenter\",\n\t\t\t\t\t\t\t\t\tspeed:2000\n\t\t\t\t\t\t\t\t},\n\t\t\t\t\t\t\t\tfallbacks: {\n\t\t\t\t\t\t\t\t\tallowHTML5AutoPlayOnAndroid:true\n\t\t\t\t\t\t\t\t},\n\t\t\t\t\t\t\t});\n\t\t\t\t\t\t}\n\t\t\t\t\t\t\n\t\t\t\t\t});\n\t\t\t\t\t} \/\/ End of RevInitScript\n\t\t\t\tvar once_revslider1801 = false;\n\t\t\t\tif (document.readyState === \"loading\") {document.addEventListener('readystatechange',function() { if((document.readyState === \"interactive\" || document.readyState === \"complete\") && !once_revslider1801 ) { once_revslider1801 = true; revinit_revslider1801();}});} else {once_revslider1801 = true; revinit_revslider1801();}\n\t\t\t\t<\/script>\n\t\t\t<\/rs-module-wrap>\n\t\t\t<!-- END REVOLUTION SLIDER -->\n[\/vc_column][\/vc_row]<\/p>\n<\/section>","protected":false},"excerpt":{"rendered":"<p>[vc_row top_padding=\u00bb70&#8243; bottom_padding=\u00bb30&#8243;][vc_column width=\u00bb1\/1&#8243;][vc_row_inner][vc_column_inner][vc_column_text][\/vc_column_text][vc_column_text][\/vc_column_text][\/vc_column_inner][\/vc_row_inner][\/vc_column][\/vc_row][vc_row][vc_column width=\u00bb1\/1&#8243;][\/vc_column][\/vc_row]<\/p>\n","protected":false},"author":1,"featured_media":0,"parent":0,"menu_order":0,"comment_status":"closed","ping_status":"closed","template":"","meta":{"_links_to":"","_links_to_target":""},"acf":[],"wps_subtitle":"","_links":{"self":[{"href":"https:\/\/www.foment.com\/es\/wp-json\/wp\/v2\/pages\/118316"}],"collection":[{"href":"https:\/\/www.foment.com\/es\/wp-json\/wp\/v2\/pages"}],"about":[{"href":"https:\/\/www.foment.com\/es\/wp-json\/wp\/v2\/types\/page"}],"author":[{"embeddable":true,"href":"https:\/\/www.foment.com\/es\/wp-json\/wp\/v2\/users\/1"}],"replies":[{"embeddable":true,"href":"https:\/\/www.foment.com\/es\/wp-json\/wp\/v2\/comments?post=118316"}],"version-history":[{"count":9,"href":"https:\/\/www.foment.com\/es\/wp-json\/wp\/v2\/pages\/118316\/revisions"}],"predecessor-version":[{"id":162509,"href":"https:\/\/www.foment.com\/es\/wp-json\/wp\/v2\/pages\/118316\/revisions\/162509"}],"wp:attachment":[{"href":"https:\/\/www.foment.com\/es\/wp-json\/wp\/v2\/media?parent=118316"}],"curies":[{"name":"wp","href":"https:\/\/api.w.org\/{rel}","templated":true}]}}