{"id":138911,"date":"2022-03-01T17:11:09","date_gmt":"2022-03-01T16:11:09","guid":{"rendered":"https:\/\/www.foment.com\/?page_id=138911"},"modified":"2025-09-10T10:47:12","modified_gmt":"2025-09-10T08:47:12","slug":"asesoramiento-tecnico-en-prl","status":"publish","type":"page","link":"https:\/\/www.foment.com\/es\/prevencion-de-riesgos-laborales-prl\/asesoramiento-tecnico-en-prl\/","title":{"rendered":"Asesoramiento t\u00e9cnico en PRL"},"content":{"rendered":"<section class=\"wpb-content-wrapper\"><p>[vc_row][vc_column width=\u00bb1\/1&#8243;]\n\t\t\t<!-- START Oficina PRL REVOLUTION SLIDER 6.4.6 --><p class=\"rs-p-wp-fix\"><\/p>\n\t\t\t<rs-module-wrap id=\"rev_slider_277_1_wrapper\" data-source=\"gallery\" style=\"background:transparent;padding:0;margin:0px auto;margin-top:0;margin-bottom:0;\">\n\t\t\t\t<rs-module id=\"rev_slider_277_1\" style=\"\" data-version=\"6.4.6\">\n\t\t\t\t\t<rs-slides>\n\t\t\t\t\t\t<rs-slide data-key=\"rs-365\" data-title=\"Slide\" data-anim=\"ms:600;\" data-in=\"o:0;\" data-out=\"a:false;\">\n\t\t\t\t\t\t\t<img src=\"\/\/www.foment.com\/wp-content\/plugins\/revslider\/public\/assets\/assets\/dummy.png\" title=\"baner central\" width=\"875\" height=\"270\" class=\"rev-slidebg tp-rs-img rs-lazyload\" data-lazyload=\"\/\/www.foment.com\/wp-content\/uploads\/2021\/05\/baner-central.jpg\" data-parallax=\"off\" data-no-retina>\n<!--\n\t\t\t\t\t\t\t--><rs-layer\n\t\t\t\t\t\t\t\tid=\"slider-277-slide-365-layer-0\" \n\t\t\t\t\t\t\t\tdata-type=\"text\"\n\t\t\t\t\t\t\t\tdata-rsp_ch=\"on\"\n\t\t\t\t\t\t\t\tdata-xy=\"x:c;y:m;yo:-40px,-43px,-32px,-40px;\"\n\t\t\t\t\t\t\t\tdata-text=\"w:normal;s:45,40,30,28;l:54,44,33,31;fw:700;a:center;\"\n\t\t\t\t\t\t\t\tdata-dim=\"w:791px,653px,496px,396px;\"\n\t\t\t\t\t\t\t\tdata-frame_999=\"o:0;st:w;\"\n\t\t\t\t\t\t\t\tstyle=\"z-index:8;font-family:Montserrat;\"\n\t\t\t\t\t\t\t> \n\t\t\t\t\t\t\t<\/rs-layer><!--\n\n\t\t\t\t\t\t\t--><rs-layer\n\t\t\t\t\t\t\t\tid=\"slider-277-slide-365-layer-2\" \n\t\t\t\t\t\t\t\tdata-type=\"image\"\n\t\t\t\t\t\t\t\tdata-rsp_ch=\"on\"\n\t\t\t\t\t\t\t\tdata-xy=\"x:c;y:m;\"\n\t\t\t\t\t\t\t\tdata-text=\"w:normal;s:20,16,12,7;l:0,20,15,9;\"\n\t\t\t\t\t\t\t\tdata-dim=\"w:400px,330px,250px,154px;h:134px,110px,83px,51px;\"\n\t\t\t\t\t\t\t\tdata-frame_999=\"o:0;st:w;\"\n\t\t\t\t\t\t\t\tstyle=\"z-index:9;\"\n\t\t\t\t\t\t\t><img src=\"\/\/www.foment.com\/wp-content\/plugins\/revslider\/public\/assets\/assets\/dummy.png\" class=\"tp-rs-img rs-lazyload\" width=\"6493\" height=\"2171\" data-lazyload=\"\/\/www.foment.com\/wp-content\/uploads\/2022\/02\/nou_logo_PRL_b_curt_es..png\" data-no-retina> \n\t\t\t\t\t\t\t<\/rs-layer><!--\n-->\t\t\t\t\t\t<\/rs-slide>\n\t\t\t\t\t<\/rs-slides>\n\t\t\t\t<\/rs-module>\n\t\t\t\t<script type=\"text\/javascript\">\n\t\t\t\t\tsetREVStartSize({c: 'rev_slider_277_1',rl:[1240,1024,778,480],el:[400,400,300,300],gw:[1240,1024,778,480],gh:[400,400,300,300],type:'standard',justify:'',layout:'fullwidth',mh:\"0\"});\n\t\t\t\t\tvar\trevapi277,\n\t\t\t\t\t\ttpj;\n\t\t\t\t\tfunction revinit_revslider2771() {\n\t\t\t\t\tjQuery(function() {\n\t\t\t\t\t\ttpj = jQuery;\n\t\t\t\t\t\trevapi277 = tpj(\"#rev_slider_277_1\");\n\t\t\t\t\t\tif(revapi277==undefined || revapi277.revolution == undefined){\n\t\t\t\t\t\t\trevslider_showDoubleJqueryError(\"rev_slider_277_1\");\n\t\t\t\t\t\t}else{\n\t\t\t\t\t\t\trevapi277.revolution({\n\t\t\t\t\t\t\t\tDPR:\"dpr\",\n\t\t\t\t\t\t\t\tsliderLayout:\"fullwidth\",\n\t\t\t\t\t\t\t\tvisibilityLevels:\"1240,1024,778,480\",\n\t\t\t\t\t\t\t\tgridwidth:\"1240,1024,778,480\",\n\t\t\t\t\t\t\t\tgridheight:\"400,400,300,300\",\n\t\t\t\t\t\t\t\tlazyType:\"smart\",\n\t\t\t\t\t\t\t\tperspective:600,\n\t\t\t\t\t\t\t\tperspectiveType:\"local\",\n\t\t\t\t\t\t\t\teditorheight:\"400,400,300,300\",\n\t\t\t\t\t\t\t\tresponsiveLevels:\"1240,1024,778,480\",\n\t\t\t\t\t\t\t\tprogressBar:{disableProgressBar:true},\n\t\t\t\t\t\t\t\tnavigation: {\n\t\t\t\t\t\t\t\t\tmouseScrollNavigation:false,\n\t\t\t\t\t\t\t\t\twheelCallDelay:1000,\n\t\t\t\t\t\t\t\t\ttouch: {\n\t\t\t\t\t\t\t\t\t\ttouchenabled:true,\n\t\t\t\t\t\t\t\t\t\tswipe_min_touches:50\n\t\t\t\t\t\t\t\t\t}\n\t\t\t\t\t\t\t\t},\n\t\t\t\t\t\t\t\tparallax: {\n\t\t\t\t\t\t\t\t\tlevels:[2,3,4,5,6,7,12,16,10,50,47,48,49,50,51,55],\n\t\t\t\t\t\t\t\t\ttype:\"mouse\",\n\t\t\t\t\t\t\t\t\torigo:\"slidercenter\",\n\t\t\t\t\t\t\t\t\tspeed:2000\n\t\t\t\t\t\t\t\t},\n\t\t\t\t\t\t\t\tfanim: {\n\t\t\t\t\t\t\t\t\tin:{\"o\":0},\n\t\t\t\t\t\t\t\t\tout:{\"a\":false},\n\t\t\t\t\t\t\t\t\tspeed:1500\n\t\t\t\t\t\t\t\t},\n\t\t\t\t\t\t\t\tfallbacks: {\n\t\t\t\t\t\t\t\t\tallowHTML5AutoPlayOnAndroid:true\n\t\t\t\t\t\t\t\t},\n\t\t\t\t\t\t\t});\n\t\t\t\t\t\t}\n\t\t\t\t\t\t\n\t\t\t\t\t});\n\t\t\t\t\t} \/\/ End of RevInitScript\n\t\t\t\tvar once_revslider2771 = false;\n\t\t\t\tif (document.readyState === \"loading\") {document.addEventListener('readystatechange',function() { if((document.readyState === \"interactive\" || document.readyState === \"complete\") && !once_revslider2771 ) { once_revslider2771 = true; revinit_revslider2771();}});} else {once_revslider2771 = true; revinit_revslider2771();}\n\t\t\t\t<\/script>\n\t\t\t<\/rs-module-wrap>\n\t\t\t<!-- END REVOLUTION SLIDER -->\n[\/vc_column][\/vc_row][vc_row bg_color=\u00bb#ffffff\u00bb top_padding=\u00bb60&#8243; bottom_padding=\u00bb40&#8243;][vc_column width=\u00bb2\/3&#8243;]<h2 class=\"headline font-special fontsize-xxxl fontweight-700 lh-inherit align-left transform-uppercase \" style=\"margin: 0 0 40px 0; color: #000000;\">ASESORAMIENTO T\u00c9CNICO EN PRL<\/h2>[vc_column_text]<\/p>\n<p style=\"text-align: justify;\">Una de las l\u00edneas de actuaci\u00f3n de asesoramiento desarrolladas, con el apoyo del Departament d\u2019Empresa i Treball de la Generalitat de Catalunya, consiste en la realizaci\u00f3n de un\u00a0<strong >servicio de atenci\u00f3n personalizada para empresas mediante la resoluci\u00f3n de consultas telef\u00f3nicas, correo electr\u00f3nico y asistencia presencial<\/strong>\u00a0en las instalaciones de Foment del Treball.<\/p>\n<p style=\"text-align: justify;\">Este servicio, permite a las empresas resolver cualquier tipo de duda en materia de seguridad y salud laboral y acompa\u00f1ar al empresario en el proceso de implementaci\u00f3n de la actividad preventiva.<\/p>\n<p>[\/vc_column_text][\/vc_column][vc_column text_align=\u00bbcenter\u00bb width=\u00bb1\/3&#8243;][vc_single_image image=\u00bb27319&#8243; img_size=\u00bbfull\u00bb alignment=\u00bbcenter\u00bb]<h2 class=\"headline font-inherit fontsize-m fontweight-600 lh-inherit align-center transform-inherit \" style=\"margin: 0 0 20px 0; color: #d2112d;\">Desde su creaci\u00f3n en 2001, la Oficina de Prevenci\u00f3n de Riesgos Laborales (OPRL) de Fomento del Trabajo desarrolla acciones de apoyo a la peque\u00f1a y mediana empresa durante el proceso de implementaci\u00f3n de la actividad preventiva<\/h2>[\/vc_column][\/vc_row][vc_row text_align=\u00bbcenter\u00bb][vc_column text_align=\u00bbcenter\u00bb width=\u00bb1\/1&#8243;][vc_single_image image=\u00bb197011&#8243; img_size=\u00bbfull\u00bb][vc_single_image image=\u00bb180397&#8243; img_size=\u00bblarge\u00bb alignment=\u00bbcenter\u00bb][\/vc_column][\/vc_row][vc_row][vc_column width=\u00bb1\/1&#8243;][vc_single_image image=\u00bb178286&#8243; img_size=\u00bblarge\u00bb alignment=\u00bbcenter\u00bb]\n\t\t\t<!-- START asesoramiento PRL esp REVOLUTION SLIDER 6.4.6 --><p class=\"rs-p-wp-fix\"><\/p>\n\t\t\t<rs-module-wrap id=\"rev_slider_280_2_wrapper\" data-source=\"gallery\" style=\"background:#ff3a2d;padding:0;margin:0px auto;margin-top:0;margin-bottom:0;\">\n\t\t\t\t<rs-module id=\"rev_slider_280_2\" style=\"\" data-version=\"6.4.6\">\n\t\t\t\t\t<rs-slides>\n\t\t\t\t\t\t<rs-slide data-key=\"rs-368\" data-title=\"Slide\" data-anim=\"ms:600;\" data-filter=\"g:0%;h:100%;i:0px;\" data-in=\"o:0;\" data-out=\"a:false;\">\n\t\t\t\t\t\t\t<img src=\"\/\/www.foment.com\/wp-content\/plugins\/revslider\/public\/assets\/assets\/dummy.png\" title=\"FOMENT_FOTO_WEB\" width=\"1200\" height=\"548\" class=\"rev-slidebg tp-rs-img rs-lazyload\" data-lazyload=\"\/\/www.foment.com\/wp-content\/uploads\/2021\/12\/FOMENT_FOTO_WEB.jpg\" data-bg=\"p:center top;\" data-parallax=\"off\" data-no-retina>\n<!--\n\t\t\t\t\t\t\t--><rs-layer\n\t\t\t\t\t\t\t\tid=\"slider-280-slide-368-layer-0\" \n\t\t\t\t\t\t\t\tdata-type=\"text\"\n\t\t\t\t\t\t\t\tdata-rsp_ch=\"on\"\n\t\t\t\t\t\t\t\tdata-xy=\"x:c;y:m;yo:-130px,-120px,-70px,-59px;\"\n\t\t\t\t\t\t\t\tdata-text=\"w:normal;s:24,24,20,19;l:39,32,29,28;a:center;\"\n\t\t\t\t\t\t\t\tdata-dim=\"w:979px,889px,675px,416px;\"\n\t\t\t\t\t\t\t\tdata-frame_999=\"o:0;st:w;\"\n\t\t\t\t\t\t\t\tstyle=\"z-index:5;font-family:Montserrat;\"\n\t\t\t\t\t\t\t>Si tienes dudas en materia de seguridad y salud laboral ll\u00e1manos y te ofreceremos nuestro servicio gratuito de asesoramiento de prevenci\u00f3n de riesgos laborales. \n\t\t\t\t\t\t\t<\/rs-layer><!--\n\n\t\t\t\t\t\t\t--><rs-layer\n\t\t\t\t\t\t\t\tid=\"slider-280-slide-368-layer-1\" \n\t\t\t\t\t\t\t\tclass=\"rev-btn\"\n\t\t\t\t\t\t\t\tdata-type=\"button\"\n\t\t\t\t\t\t\t\tdata-rsp_ch=\"on\"\n\t\t\t\t\t\t\t\tdata-xy=\"x:c;y:t,t,m,m;yo:226px,265px,51px,91px;\"\n\t\t\t\t\t\t\t\tdata-text=\"w:normal;s:18,18,17,18;l:31,25,23,25;fw:500;a:center;\"\n\t\t\t\t\t\t\t\tdata-dim=\"minh:0px,none,none,none;\"\n\t\t\t\t\t\t\t\tdata-padding=\"r:25,21,16,10;l:25,21,16,10;\"\n\t\t\t\t\t\t\t\tdata-border=\"bos:solid;boc:#ffffff;bow:2px,2px,2px,2px;\"\n\t\t\t\t\t\t\t\tdata-frame_999=\"o:0;st:w;\"\n\t\t\t\t\t\t\t\tdata-frame_hover=\"bgc:rgba(0,0,0,0);boc:rgba(255,255,255,0.75);bor:0px,0px,0px,0px;bos:solid;bow:2px,2px,2px,2px;e:power1.inOut;\"\n\t\t\t\t\t\t\t\tstyle=\"z-index:6;background-color:rgba(0,0,0,0);font-family:Roboto;\"\n\t\t\t\t\t\t\t>M\u00e1s informaci\u00f3n:<br \/>\noficicinatecnica@foment.con<br \/>\n934841275 \n\t\t\t\t\t\t\t<\/rs-layer><!--\n-->\t\t\t\t\t\t<\/rs-slide>\n\t\t\t\t\t<\/rs-slides>\n\t\t\t\t<\/rs-module>\n\t\t\t\t<script type=\"text\/javascript\">\n\t\t\t\t\tsetREVStartSize({c: 'rev_slider_280_2',rl:[1240,1024,778,480],el:[500,600,360,360],gw:[1240,1024,778,480],gh:[500,600,360,360],type:'hero',justify:'',layout:'fullwidth',mh:\"0\"});\n\t\t\t\t\tvar\trevapi280,\n\t\t\t\t\t\ttpj;\n\t\t\t\t\tfunction revinit_revslider2802() {\n\t\t\t\t\tjQuery(function() {\n\t\t\t\t\t\ttpj = jQuery;\n\t\t\t\t\t\trevapi280 = tpj(\"#rev_slider_280_2\");\n\t\t\t\t\t\tif(revapi280==undefined || revapi280.revolution == undefined){\n\t\t\t\t\t\t\trevslider_showDoubleJqueryError(\"rev_slider_280_2\");\n\t\t\t\t\t\t}else{\n\t\t\t\t\t\t\trevapi280.revolution({\n\t\t\t\t\t\t\t\tsliderType:\"hero\",\n\t\t\t\t\t\t\t\tDPR:\"dpr\",\n\t\t\t\t\t\t\t\tsliderLayout:\"fullwidth\",\n\t\t\t\t\t\t\t\tvisibilityLevels:\"1240,1024,778,480\",\n\t\t\t\t\t\t\t\tgridwidth:\"1240,1024,778,480\",\n\t\t\t\t\t\t\t\tgridheight:\"500,600,360,360\",\n\t\t\t\t\t\t\t\tlazyType:\"smart\",\n\t\t\t\t\t\t\t\tperspective:600,\n\t\t\t\t\t\t\t\tperspectiveType:\"local\",\n\t\t\t\t\t\t\t\teditorheight:\"500,600,360,360\",\n\t\t\t\t\t\t\t\tresponsiveLevels:\"1240,1024,778,480\",\n\t\t\t\t\t\t\t\tprogressBar:{disableProgressBar:true},\n\t\t\t\t\t\t\t\tparallax: {\n\t\t\t\t\t\t\t\t\tlevels:[2,3,4,5,6,7,12,16,10,50,47,48,49,50,51,55],\n\t\t\t\t\t\t\t\t\ttype:\"mouse\",\n\t\t\t\t\t\t\t\t\torigo:\"slidercenter\",\n\t\t\t\t\t\t\t\t\tspeed:2000\n\t\t\t\t\t\t\t\t},\n\t\t\t\t\t\t\t\tfallbacks: {\n\t\t\t\t\t\t\t\t\tallowHTML5AutoPlayOnAndroid:true\n\t\t\t\t\t\t\t\t},\n\t\t\t\t\t\t\t});\n\t\t\t\t\t\t}\n\t\t\t\t\t\t\n\t\t\t\t\t});\n\t\t\t\t\t} \/\/ End of RevInitScript\n\t\t\t\tvar once_revslider2802 = false;\n\t\t\t\tif (document.readyState === \"loading\") {document.addEventListener('readystatechange',function() { if((document.readyState === \"interactive\" || document.readyState === \"complete\") && !once_revslider2802 ) { once_revslider2802 = true; revinit_revslider2802();}});} else {once_revslider2802 = true; revinit_revslider2802();}\n\t\t\t\t<\/script>\n\t\t\t<\/rs-module-wrap>\n\t\t\t<!-- END REVOLUTION SLIDER -->\n[\/vc_column][\/vc_row][vc_row][vc_column width=\u00bb1\/1&#8243;][\/vc_column][\/vc_row]<\/p>\n<\/section>","protected":false},"excerpt":{"rendered":"<p>[vc_row][vc_column width=\u00bb1\/1&#8243;][\/vc_column][\/vc_row][vc_row bg_color=\u00bb#ffffff\u00bb top_padding=\u00bb60&#8243; bottom_padding=\u00bb40&#8243;][vc_column width=\u00bb2\/3&#8243;][vc_column_text] Una de las l\u00edneas de actuaci\u00f3n de asesoramiento desarrolladas, con el apoyo del Departament d\u2019Empresa i Treball de la Generalitat de Catalunya, consiste en la realizaci\u00f3n de un\u00a0servicio de atenci\u00f3n personalizada para empresas mediante la resoluci\u00f3n de consultas telef\u00f3nicas, correo electr\u00f3nico y asistencia presencial\u00a0en las instalaciones de Foment del Treball. Este servicio, permite a las empresas resolver cualquier tipo de duda en materia de seguridad y salud laboral y acompa\u00f1ar al empresario en el proceso de implementaci\u00f3n de la actividad preventiva. [\/vc_column_text][\/vc_column][vc_column text_align=\u00bbcenter\u00bb width=\u00bb1\/3&#8243;][vc_single_image image=\u00bb27319&#8243; img_size=\u00bbfull\u00bb alignment=\u00bbcenter\u00bb][\/vc_column][\/vc_row][vc_row text_align=\u00bbcenter\u00bb][vc_column text_align=\u00bbcenter\u00bb width=\u00bb1\/1&#8243;][vc_single_image image=\u00bb197011&#8243; img_size=\u00bbfull\u00bb][vc_single_image image=\u00bb180397&#8243; img_size=\u00bblarge\u00bb alignment=\u00bbcenter\u00bb][\/vc_column][\/vc_row][vc_row][vc_column width=\u00bb1\/1&#8243;][vc_single_image image=\u00bb178286&#8243; img_size=\u00bblarge\u00bb alignment=\u00bbcenter\u00bb][\/vc_column][\/vc_row][vc_row][vc_column width=\u00bb1\/1&#8243;][\/vc_column][\/vc_row]<\/p>\n","protected":false},"author":15,"featured_media":0,"parent":127037,"menu_order":0,"comment_status":"closed","ping_status":"closed","template":"","meta":{"_links_to":"","_links_to_target":""},"acf":[],"wps_subtitle":"Este servicio, permite a las empresas resolver cualquier tipo de duda en materia de seguridad y salud laboral y acompa\u00f1ar al empresario en el proceso de implementaci\u00f3n de la actividad preventiva.","_links":{"self":[{"href":"https:\/\/www.foment.com\/es\/wp-json\/wp\/v2\/pages\/138911"}],"collection":[{"href":"https:\/\/www.foment.com\/es\/wp-json\/wp\/v2\/pages"}],"about":[{"href":"https:\/\/www.foment.com\/es\/wp-json\/wp\/v2\/types\/page"}],"author":[{"embeddable":true,"href":"https:\/\/www.foment.com\/es\/wp-json\/wp\/v2\/users\/15"}],"replies":[{"embeddable":true,"href":"https:\/\/www.foment.com\/es\/wp-json\/wp\/v2\/comments?post=138911"}],"version-history":[{"count":22,"href":"https:\/\/www.foment.com\/es\/wp-json\/wp\/v2\/pages\/138911\/revisions"}],"predecessor-version":[{"id":205847,"href":"https:\/\/www.foment.com\/es\/wp-json\/wp\/v2\/pages\/138911\/revisions\/205847"}],"up":[{"embeddable":true,"href":"https:\/\/www.foment.com\/es\/wp-json\/wp\/v2\/pages\/127037"}],"wp:attachment":[{"href":"https:\/\/www.foment.com\/es\/wp-json\/wp\/v2\/media?parent=138911"}],"curies":[{"name":"wp","href":"https:\/\/api.w.org\/{rel}","templated":true}]}}