{"id":142740,"date":"2022-04-12T16:28:07","date_gmt":"2022-04-12T14:28:07","guid":{"rendered":"https:\/\/www.foment.com\/?page_id=142740"},"modified":"2025-03-27T10:38:46","modified_gmt":"2025-03-27T09:38:46","slug":"jordi-rodriguez","status":"publish","type":"page","link":"https:\/\/www.foment.com\/es\/actividades\/foro-recursos-humanos\/jordi-rodriguez\/","title":{"rendered":"Jordi Rodr\u00edguez"},"content":{"rendered":"<section class=\"wpb-content-wrapper\"><p>[vc_row top_padding=\u00bb60&#8243; bottom_padding=\u00bb60&#8243;][vc_column width=\u00bb1\/1&#8243;][vc_row_inner][vc_column_inner width=\u00bb1\/3&#8243;]<div class=\"imagebox wpb_content_element style-1\"><div class=\"imagebox-img\"><img src=\"https:\/\/www.foment.com\/wp-content\/uploads\/2024\/07\/Jordi-Rodriguez.jpg\" alt=\"\" \/><\/div>\n<blockquote>\n<div class=\"gdlr-core-pbf-element\">\n<div class=\"gdlr-core-blockquote-item gdlr-core-item-pdlr gdlr-core-item-pdb gdlr-core-center-align gdlr-core-medium-size\">\n<div class=\"gdlr-core-blockquote gdlr-core-info-font\">\n<div class=\"gdlr-core-blockquote-item-content-wrap\">\n<div class=\"gdlr-core-blockquote-item-content gdlr-core-skin-content\">\n<div class=\"gdlr-core-pbf-element\">\n<div class=\"gdlr-core-blockquote-item gdlr-core-item-pdlr gdlr-core-item-pdb gdlr-core-center-align gdlr-core-medium-size\">\n<div class=\"gdlr-core-blockquote gdlr-core-info-font\">\n<div class=\"gdlr-core-blockquote-item-content-wrap\">\n<div class=\"gdlr-core-blockquote-item-content gdlr-core-skin-content\">\n<p>Me considero un apasionado de los Recursos Humanos y de las personas.<\/p>\n<\/div>\n<\/div>\n<\/div>\n<\/div>\n<\/div>\n<\/div>\n<\/div>\n<\/div>\n<\/div>\n<\/div>\n<\/blockquote>\n<\/div>[vc_column_text][\/vc_column_text][\/vc_column_inner][vc_column_inner width=\u00bb2\/3&#8243;]<h3 class=\"headline font-special fontsize-m fontweight-inherit lh-inherit align-left transform-inherit \" style=\"margin: 0 0 20px 0; color: #000000;\">Director Corporativo de Personas de Sorigu\u00e9<\/h3>[vc_column_text]<span style=\"color: #ab192d;\"><strong>BIOGRAF\u00cdA<\/strong><\/span><\/p>\n<p>Llevo m\u00e1s de 20 a\u00f1os ayudando a las empresas a conseguir sus objetivos, en una primera etapa como asesor desde una vertiente de consultor y posteriormente en diferentes posiciones de responsabilidad en las \u00e1reas de Recursos Humanos.<br \/>\nMi experiencia en consultor\u00eda estrat\u00e9gica y despu\u00e9s en empresas de \u00e1mbito nacional e internacional, me ha ayuda a aportar un valor diferencial y entender la realidad de cada organizaci\u00f3n en su contexto. Tanto la experiencia a HAYGROUP, como CAJA PENED\u00c8S y NATURGY han sido un reto profesional apasionante en un contexto empresarial y econ\u00f3mico diferente. Todo y las diferencias de sectores y contextos econ\u00f3micos y de mercado, siempre ha habido un com\u00fan denominador que ha sido mi foco de actuaci\u00f3n, las personas como motor del cambio y la transformaci\u00f3n.<\/p>\n<p>En 2021 tengo el privilegio de asumir un nuevo reto profesional como Director de Talento, Organizaci\u00f3n y Compensaci\u00f3n de SORIGU\u00c9, empresa familiar del sector industrial con una plantilla de 5.000 personas y desde el a\u00f1o 2024 como Director Corporativo de Personas.<\/p>\n<p>Licenciado en Psicolog\u00eda industrial por la UB y\u00a0Master\u00a0en desarrollo organizacional y consultor\u00eda de procesos con\u00a0Itamar\u00a0Rogousky, mi verdadera escuela metodol\u00f3gica fue en mis inicios\u00a0HayGroup\u00a0y posteriormente la intensa experiencia de trabajar en funciones de responsabilidades en sectores estrat\u00e9gicos como el financiero, energ\u00e9tico y actualmente el industrial.<\/p>\n<p>Soy padre de dos hijos (Alba y Xavi) y amante del deporte en general, que uso como v\u00e1lvula de escape para desconectar y relajarme.<br \/>\nMi pasi\u00f3n es mi familia y entre mis prioridades esta transmitir a mis hijos los valores que transmitieron mis padres y que me ha ayudado a superar cada dificultad con sentido com\u00fan y esfuerzo.[\/vc_column_text][\/vc_column_inner][\/vc_row_inner][\/vc_column][\/vc_row][vc_row][vc_column width=\u00bb1\/1&#8243;][\/vc_column][\/vc_row]<\/p>\n<\/section>","protected":false},"excerpt":{"rendered":"<p>[vc_row top_padding=\u00bb60&#8243; bottom_padding=\u00bb60&#8243;][vc_column width=\u00bb1\/1&#8243;][vc_row_inner][vc_column_inner width=\u00bb1\/3&#8243;][vc_column_text][\/vc_column_text][\/vc_column_inner][vc_column_inner width=\u00bb2\/3&#8243;][vc_column_text]BIOGRAF\u00cdA Llevo m\u00e1s de 20 a\u00f1os ayudando a las empresas a conseguir sus objetivos, en una primera etapa como asesor desde una vertiente de consultor y posteriormente en diferentes posiciones de responsabilidad en las \u00e1reas de Recursos Humanos. Mi experiencia en consultor\u00eda estrat\u00e9gica y despu\u00e9s en empresas de \u00e1mbito nacional e internacional, me ha ayuda a aportar un valor diferencial y entender la realidad de cada organizaci\u00f3n en su contexto. Tanto la experiencia a HAYGROUP, como CAJA PENED\u00c8S y NATURGY han sido un reto profesional apasionante en un contexto empresarial y econ\u00f3mico diferente. Todo y las diferencias de sectores y contextos econ\u00f3micos y de mercado, siempre ha habido un com\u00fan denominador que ha sido mi foco de actuaci\u00f3n, las personas como motor del cambio y la transformaci\u00f3n. En 2021 tengo el privilegio de asumir un nuevo reto profesional como Director de Talento, Organizaci\u00f3n y Compensaci\u00f3n de SORIGU\u00c9, empresa familiar del sector industrial con una plantilla de 5.000 personas y desde el a\u00f1o 2024 como Director Corporativo de Personas. Licenciado en Psicolog\u00eda industrial por la UB y\u00a0Master\u00a0en desarrollo organizacional y consultor\u00eda de procesos con\u00a0Itamar\u00a0Rogousky, mi verdadera escuela metodol\u00f3gica fue en mis inicios\u00a0HayGroup\u00a0y posteriormente la intensa experiencia [&hellip;]<\/p>\n","protected":false},"author":7,"featured_media":0,"parent":20441,"menu_order":0,"comment_status":"closed","ping_status":"closed","template":"","meta":{"_links_to":"","_links_to_target":""},"acf":[],"wps_subtitle":"","_links":{"self":[{"href":"https:\/\/www.foment.com\/es\/wp-json\/wp\/v2\/pages\/142740"}],"collection":[{"href":"https:\/\/www.foment.com\/es\/wp-json\/wp\/v2\/pages"}],"about":[{"href":"https:\/\/www.foment.com\/es\/wp-json\/wp\/v2\/types\/page"}],"author":[{"embeddable":true,"href":"https:\/\/www.foment.com\/es\/wp-json\/wp\/v2\/users\/7"}],"replies":[{"embeddable":true,"href":"https:\/\/www.foment.com\/es\/wp-json\/wp\/v2\/comments?post=142740"}],"version-history":[{"count":8,"href":"https:\/\/www.foment.com\/es\/wp-json\/wp\/v2\/pages\/142740\/revisions"}],"predecessor-version":[{"id":199325,"href":"https:\/\/www.foment.com\/es\/wp-json\/wp\/v2\/pages\/142740\/revisions\/199325"}],"up":[{"embeddable":true,"href":"https:\/\/www.foment.com\/es\/wp-json\/wp\/v2\/pages\/20441"}],"wp:attachment":[{"href":"https:\/\/www.foment.com\/es\/wp-json\/wp\/v2\/media?parent=142740"}],"curies":[{"name":"wp","href":"https:\/\/api.w.org\/{rel}","templated":true}]}}