{"id":15856,"date":"2016-06-18T16:10:44","date_gmt":"2016-06-18T16:10:44","guid":{"rendered":"http:\/\/foment.itartech.com\/contacte\/"},"modified":"2025-03-18T11:26:12","modified_gmt":"2025-03-18T10:26:12","slug":"contacto","status":"publish","type":"page","link":"https:\/\/www.foment.com\/es\/contacto\/","title":{"rendered":"Contacto"},"content":{"rendered":"<section class=\"wpb-content-wrapper\"><p>[vc_section][vc_row][vc_column width=\u00bb1\/1&#8243;]\n\t\t\t<!-- START contacte es REVOLUTION SLIDER 6.4.6 --><p class=\"rs-p-wp-fix\"><\/p>\n\t\t\t<rs-module-wrap id=\"rev_slider_225_1_wrapper\" data-source=\"gallery\" style=\"background:transparent;padding:0;margin:0px auto;margin-top:0;margin-bottom:0;\">\n\t\t\t\t<rs-module id=\"rev_slider_225_1\" style=\"\" data-version=\"6.4.6\">\n\t\t\t\t\t<rs-slides>\n\t\t\t\t\t\t<rs-slide data-key=\"rs-276\" data-title=\"Slide\" data-anim=\"ms:600;\" data-in=\"o:0;\" data-out=\"a:false;\">\n\t\t\t\t\t\t\t<img src=\"\/\/www.foment.com\/wp-content\/plugins\/revslider\/public\/assets\/assets\/dummy.png\" title=\"5-Contacte\" width=\"1080\" height=\"651\" class=\"rev-slidebg tp-rs-img rs-lazyload\" data-lazyload=\"\/\/www.foment.com\/wp-content\/uploads\/2021\/08\/5-Contacte.jpg\" data-parallax=\"off\" data-no-retina>\n<!--\n\t\t\t\t\t\t\t--><rs-layer\n\t\t\t\t\t\t\t\tid=\"slider-225-slide-276-layer-0\" \n\t\t\t\t\t\t\t\tdata-type=\"text\"\n\t\t\t\t\t\t\t\tdata-rsp_ch=\"on\"\n\t\t\t\t\t\t\t\tdata-xy=\"x:c;y:m;yo:-10px,-10px,-10px,0;\"\n\t\t\t\t\t\t\t\tdata-text=\"w:normal;s:30,30,28,25;l:66,54,41,25;fw:700;a:center;\"\n\t\t\t\t\t\t\t\tdata-dim=\"w:979px,808px,613px,378px;\"\n\t\t\t\t\t\t\t\tdata-frame_999=\"o:0;st:w;\"\n\t\t\t\t\t\t\t\tstyle=\"z-index:5;font-family:Montserrat;\"\n\t\t\t\t\t\t\t>CONTACTO \n\t\t\t\t\t\t\t<\/rs-layer><!--\n-->\t\t\t\t\t\t<\/rs-slide>\n\t\t\t\t\t<\/rs-slides>\n\t\t\t\t<\/rs-module>\n\t\t\t\t<script type=\"text\/javascript\">\n\t\t\t\t\tsetREVStartSize({c: 'rev_slider_225_1',rl:[1240,1024,778,480],el:[500,600,360,360],gw:[1240,1024,778,480],gh:[500,600,360,360],type:'hero',justify:'',layout:'fullwidth',mh:\"0\"});\n\t\t\t\t\tvar\trevapi225,\n\t\t\t\t\t\ttpj;\n\t\t\t\t\tfunction revinit_revslider2251() {\n\t\t\t\t\tjQuery(function() {\n\t\t\t\t\t\ttpj = jQuery;\n\t\t\t\t\t\trevapi225 = tpj(\"#rev_slider_225_1\");\n\t\t\t\t\t\tif(revapi225==undefined || revapi225.revolution == undefined){\n\t\t\t\t\t\t\trevslider_showDoubleJqueryError(\"rev_slider_225_1\");\n\t\t\t\t\t\t}else{\n\t\t\t\t\t\t\trevapi225.revolution({\n\t\t\t\t\t\t\t\tsliderType:\"hero\",\n\t\t\t\t\t\t\t\tDPR:\"dpr\",\n\t\t\t\t\t\t\t\tsliderLayout:\"fullwidth\",\n\t\t\t\t\t\t\t\tvisibilityLevels:\"1240,1024,778,480\",\n\t\t\t\t\t\t\t\tgridwidth:\"1240,1024,778,480\",\n\t\t\t\t\t\t\t\tgridheight:\"500,600,360,360\",\n\t\t\t\t\t\t\t\tlazyType:\"smart\",\n\t\t\t\t\t\t\t\tperspective:600,\n\t\t\t\t\t\t\t\tperspectiveType:\"local\",\n\t\t\t\t\t\t\t\teditorheight:\"500,600,360,360\",\n\t\t\t\t\t\t\t\tresponsiveLevels:\"1240,1024,778,480\",\n\t\t\t\t\t\t\t\tprogressBar:{disableProgressBar:true},\n\t\t\t\t\t\t\t\tparallax: {\n\t\t\t\t\t\t\t\t\tlevels:[2,3,4,5,6,7,12,16,10,50,47,48,49,50,51,55],\n\t\t\t\t\t\t\t\t\ttype:\"mouse\",\n\t\t\t\t\t\t\t\t\torigo:\"slidercenter\",\n\t\t\t\t\t\t\t\t\tspeed:2000\n\t\t\t\t\t\t\t\t},\n\t\t\t\t\t\t\t\tfallbacks: {\n\t\t\t\t\t\t\t\t\tallowHTML5AutoPlayOnAndroid:true\n\t\t\t\t\t\t\t\t},\n\t\t\t\t\t\t\t});\n\t\t\t\t\t\t}\n\t\t\t\t\t\t\n\t\t\t\t\t});\n\t\t\t\t\t} \/\/ End of RevInitScript\n\t\t\t\tvar once_revslider2251 = false;\n\t\t\t\tif (document.readyState === \"loading\") {document.addEventListener('readystatechange',function() { if((document.readyState === \"interactive\" || document.readyState === \"complete\") && !once_revslider2251 ) { once_revslider2251 = true; revinit_revslider2251();}});} else {once_revslider2251 = true; revinit_revslider2251();}\n\t\t\t\t<\/script>\n\t\t\t<\/rs-module-wrap>\n\t\t\t<!-- END REVOLUTION SLIDER -->\n[\/vc_column][\/vc_row][\/vc_section][vc_row top_padding=\u00bb30&#8243; bg_position=\u00bbleft top\u00bb][vc_column width=\u00bb1\/1&#8243;][vc_gmaps link=\u00bb#E-8_JTNDaWZyYW1lJTIwc3JjJTNEJTIyaHR0cHMlM0ElMkYlMkZ3d3cuZ29vZ2xlLmNvbSUyRm1hcHMlMkZlbWJlZCUzRnBiJTNEJTIxMW0xOCUyMTFtMTIlMjExbTMlMjExZDI5OTMuNDczODA5NzA2MTMzNiUyMTJkMi4xNzUwMjI0MTU2NzA1MTQyJTIxM2Q0MS4zODU1MTU2MDQwNzM3MSUyMTJtMyUyMTFmMCUyMTJmMCUyMTNmMCUyMTNtMiUyMTFpMTAyNCUyMTJpNzY4JTIxNGYxMy4xJTIxM20zJTIxMW0yJTIxMXMweDEyYTRhMmY5N2E3NTExMmQlMjUzQTB4NzgxMDE4OTMyYjRjYzgxYSUyMTJzQXJ4aXUlMjUyMERlbCUyNTIwRm9tZW50JTI1MjBEZWwlMjUyMFRyZWJhbGwlMjUyME5hY2lvbmFsJTIxNWUwJTIxM20yJTIxMXNlcyUyMTJzZXMlMjE0djE2MjEwNzcyMjA1ODIlMjE1bTIlMjExc2VzJTIxMnNlcyUyMiUyMHdpZHRoJTNEJTIyNjAwJTIyJTIwaGVpZ2h0JTNEJTIyNDUwJTIyJTIwc3R5bGUlM0QlMjJib3JkZXIlM0EwJTNCJTIyJTIwYWxsb3dmdWxsc2NyZWVuJTNEJTIyJTIyJTIwbG9hZGluZyUzRCUyMmxhenklMjIlM0UlM0MlMkZpZnJhbWUlM0U=\u00bb][\/vc_column][\/vc_row][vc_row bg_color=\u00bb#ffffff\u00bb top_padding=\u00bb60&#8243; bottom_padding=\u00bb60&#8243; bg_position=\u00bbleft top\u00bb][vc_column width=\u00bb1\/4&#8243;]<h3 class=\"headline font-special fontsize-m fontweight-700 lh-inherit align-left transform-uppercase \" style=\"margin: 0 0 20px 0;\">Detalles<\/h3>[vc_column_text]Via Laietana 32<br \/>\n08003 Barcelona<br \/>\nTel. 93 484 12 00<br \/>\nFax. 93 484 12 30<br \/>\nfoment@foment.com[\/vc_column_text]<div class=\"spacer\" style=\"height: 20px;\"><\/div><h3 class=\"headline font-special fontsize-m fontweight-700 lh-inherit align-left transform-uppercase \" style=\"margin: 0 0 20px 0;\">Conecta con nosotros<\/h3>[vc_raw_html]JTNDZGl2JTIwY2xhc3MlM0QlMjJmb290ZXItc29jaWFsLWNvbnRlbnQlMjIlM0UlMEElM0NhJTIwY2xhc3MlM0QlMjJmb290ZXItc29jaWFsLWljb25zJTIyJTIwaHJlZiUzRCUyMmh0dHAlM0ElMkYlMkZ3d3cuZmFjZWJvb2suY29tJTJGRm9tZW50ZGVsVHJlYmFsbCUyRiUyMiUyMHRhcmdldCUzRCUyMl9ibGFuayUyMiUyMHRpdGxlJTNEJTIyRmFjZWJvb2slMjIlM0UlM0NpJTIwY2xhc3MlM0QlMjJmYSUyMGZhLWZhY2Vib29rJTIyJTNFJTNDJTJGaSUzRSUzQyUyRmElM0UlMEElM0NhJTIwY2xhc3MlM0QlMjJmb290ZXItc29jaWFsLWljb25zJTIyJTIwaHJlZiUzRCUyMmh0dHBzJTNBJTJGJTJGd3d3LmZsaWNrci5jb20lMkZwaG90b3MlMkZmb21lbnRkZWx0cmViYWxsJTJGJTIyJTIwdGFyZ2V0JTNEJTIyX2JsYW5rJTIyJTIwdGl0bGUlM0QlMjJGbGlja3IlMjIlM0UlM0NpJTIwY2xhc3MlM0QlMjJmYSUyMGZhLWZsaWNrciUyMiUzRSUzQyUyRmklM0UlM0MlMkZhJTNFJTBBJTNDYSUyMGNsYXNzJTNEJTIyZm9vdGVyLXNvY2lhbC1pY29ucyUyMiUyMGhyZWYlM0QlMjJodHRwcyUzQSUyRiUyRnd3dy5pbnN0YWdyYW0uY29tJTJGZm9tZW50ZGVsdHJlYmFsbCUyRiUyMiUyMHRhcmdldCUzRCUyMl9ibGFuayUyMiUyMHRpdGxlJTNEJTIySW5zdGFncmFtJTIyJTNFJTNDaSUyMGNsYXNzJTNEJTIyZmElMjBmYS1nb29nbGUtcGx1cyUyMiUzRSUzQyUyRmklM0UlM0MlMkZhJTNFJTBBJTNDYSUyMGNsYXNzJTNEJTIyZm9vdGVyLXNvY2lhbC1pY29ucyUyMiUyMGhyZWYlM0QlMjJodHRwcyUzQSUyRiUyRnd3dy5saW5rZWRpbi5jb20lMkZjb21wYW55JTJGZm9tZW50LWRlbC10cmViYWxsLW5hY2lvbmFsJTIyJTIwdGFyZ2V0JTNEJTIyX2JsYW5rJTIyJTIwdGl0bGUlM0QlMjJMaW5rZWRJbiUyMiUzRSUzQ2klMjBjbGFzcyUzRCUyMmZhJTIwZmEtbGlua2VkaW4lMjIlM0UlM0MlMkZpJTNFJTNDJTJGYSUzRSUwQSUzQ2ElMjBjbGFzcyUzRCUyMmZvb3Rlci1zb2NpYWwtaWNvbnMlMjIlMjBocmVmJTNEJTIyaHR0cHMlM0ElMkYlMkZ4LmNvbSUyRkZvbWVudFRyZWJhbGwlMjIlMjB0YXJnZXQlM0QlMjJfYmxhbmslMjIlMjB0aXRsZSUzRCUyMlglMjIlM0UlM0NpbWclMjBzcmMlM0QlMjJodHRwcyUzQSUyRiUyRnd3dy5mb21lbnQuY29tJTJGd3AtY29udGVudCUyRnVwbG9hZHMlMkYyMDI0JTJGMDklMkZwaG90b181OTg5ODE3MTc0NDkzMDg2MTkxX3ktNS5qcGclMjIlMjBhbHQlM0QlMjJYJTIyJTNFJTNDJTJGYSUzRSUwQSUzQ2ElMjBjbGFzcyUzRCUyMmZvb3Rlci1zb2NpYWwtaWNvbnMlMjIlMjBocmVmJTNEJTIyaHR0cHMlM0ElMkYlMkZ3d3cueW91dHViZS5jb20lMkZjaGFubmVsJTJGVUNqZzBhX3JqMWowUUtBMEpxTFBhcWNnJTIyJTIwdGFyZ2V0JTNEJTIyX2JsYW5rJTIyJTIwdGl0bGUlM0QlMjJZb3VUdWJlJTIyJTNFJTNDaSUyMGNsYXNzJTNEJTIyZmElMjBmYS15b3V0dWJlLXBsYXklMjIlM0UlM0MlMkZpJTNFJTNDJTJGYSUzRSUwQSUwQSUzQyUyRmRpdiUzRQ==[\/vc_raw_html][\/vc_column][vc_column width=\u00bb3\/4&#8243;]<h3 class=\"headline font-special fontsize-m fontweight-700 lh-inherit align-left transform-uppercase \" style=\"margin: 0 0 20px 0;\">D\u00e9janos un comentario<\/h3>[vc_column_text]<\/p>\n<p class=\"ms-rteElement-P\">Si nos facilitas los datos de car\u00e1cter personal, consientes inequ\u00edvocamente la incorporaci\u00f3n de las mismas a los ficheros automatizados existentes en la entidad as\u00ed como su tratamiento, informatizado o no. La finalidad del tratamiento de sus datos es la de poder remitirle (siempre a trav\u00e9s nuestro) comunicaciones corporativas, publicitarias o promocionales referidas a actividades propias del objeto social de Foment.<\/p>\n<p class=\"ms-rteElement-P\">Podr\u00e1s ejercer, en cualquier momento y en los t\u00e9rminos establecidos en la LOPDGDD, tu derecho de acceso, rectificaci\u00f3n, supresi\u00f3n y oposici\u00f3n de tus datos y revocar la autorizaci\u00f3n concedida para Foment te env\u00ede comunicaciones corporativas, publicitarias o promocionales , notific\u00e1ndolo a Foment bien mediante e-mail a la direcci\u00f3n <a href=\"mailto:rgpd@foment.com\">rgpd@foment.com<\/a>, bien mediante carta dirigida al \u00c1rea de Socios y Relaciones Externas, Via Laietana n\u00fam. 32, 1 piso, 08003 de Barcelona.<\/p>\n<p>[\/vc_column_text]\n<div class=\"wpcf7 no-js\" id=\"wpcf7-f5-o1\" lang=\"ca\" dir=\"ltr\">\n<div class=\"screen-reader-response\"><p role=\"status\" aria-live=\"polite\" aria-atomic=\"true\"><\/p> <ul><\/ul><\/div>\n<form action=\"\/es\/wp-json\/wp\/v2\/pages\/15856#wpcf7-f5-o1\" method=\"post\" class=\"wpcf7-form init\" aria-label=\"Formulari de contacte\" novalidate=\"novalidate\" data-status=\"init\">\n<div style=\"display: none;\">\n<input type=\"hidden\" name=\"_wpcf7\" value=\"5\" \/>\n<input type=\"hidden\" name=\"_wpcf7_version\" value=\"5.7.7\" \/>\n<input type=\"hidden\" name=\"_wpcf7_locale\" value=\"ca\" \/>\n<input type=\"hidden\" name=\"_wpcf7_unit_tag\" value=\"wpcf7-f5-o1\" \/>\n<input type=\"hidden\" name=\"_wpcf7_container_post\" value=\"0\" \/>\n<input type=\"hidden\" name=\"_wpcf7_posted_data_hash\" value=\"\" \/>\n<input type=\"hidden\" name=\"_wpcf7_recaptcha_response\" value=\"\" \/>\n<\/div>\n<p>Nombre *\n<\/p>\n<p><span class=\"wpcf7-form-control-wrap\" data-name=\"your-name\"><input size=\"40\" class=\"wpcf7-form-control wpcf7-text wpcf7-validates-as-required\" aria-required=\"true\" aria-invalid=\"false\" value=\"\" type=\"text\" name=\"your-name\" \/><\/span>\n<\/p>\n<p>Email *\n<\/p>\n<p><span class=\"wpcf7-form-control-wrap\" data-name=\"your-email\"><input size=\"40\" class=\"wpcf7-form-control wpcf7-text wpcf7-email wpcf7-validates-as-required wpcf7-validates-as-email\" aria-required=\"true\" aria-invalid=\"false\" value=\"\" type=\"email\" name=\"your-email\" \/><\/span>\n<\/p>\n<p>Asunto *\n<\/p>\n<p><span class=\"wpcf7-form-control-wrap\" data-name=\"your-subject\"><input size=\"40\" class=\"wpcf7-form-control wpcf7-text wpcf7-validates-as-required\" aria-required=\"true\" aria-invalid=\"false\" value=\"\" type=\"text\" name=\"your-subject\" \/><\/span>\n<\/p>\n<p>Mensaje\n<\/p>\n<p><span class=\"wpcf7-form-control-wrap\" data-name=\"your-message\"><textarea cols=\"40\" rows=\"10\" class=\"wpcf7-form-control wpcf7-textarea\" aria-invalid=\"false\" name=\"your-message\"><\/textarea><\/span>\n<\/p>\n<p><br \/>\n<strong><u>Informaci\u00f3n b\u00e1sica sobre Protecci\u00f3n de Datos<\/u><\/strong>\n<\/p>\n<p>De conformidad con lo dispuesto por el RGPD y la LOPDGDD, le informamos que sus datos personales ser\u00e1n tratados por FOMENT DEL TREBALL NACIONAL con la finalidad de responder a sus dudas y\/o quejas formuladas mediante este formulario y proporcionar la informaci\u00f3n solicitada y, en caso de que nos autorice, con fines comerciales. Puede solicitar m\u00e1s informaci\u00f3n acerca del tratamiento de sus datos, as\u00ed como ejercer los derechos reconocidos en las normativas mencionadas visitando nuestra <a href=\"\/es\/politica-de-privacidad\/\" target=\"_blank\">Pol\u00edtica de Privacidad<\/a>.\n<\/p>\n<div>\n\t<p><span class=\"wpcf7-form-control-wrap\" data-name=\"acceptance-rgdp\"><span class=\"wpcf7-form-control wpcf7-acceptance\"><span class=\"wpcf7-list-item\"><label><input type=\"checkbox\" name=\"acceptance-rgdp\" value=\"1\" aria-invalid=\"false\" \/><span class=\"wpcf7-list-item-label\">Acepto el tratamiento de mis datos personales con la finalidad de gestionar mi solicitud *<\/span><\/label><\/span><\/span><\/span>\n\t<\/p>\n<\/div>\n<p>\n\n<\/p>\n<p><input class=\"wpcf7-form-control has-spinner wpcf7-submit\" type=\"submit\" value=\"Enviar\" \/>\n<\/p><p style=\"display: none !important;\" class=\"akismet-fields-container\" data-prefix=\"_wpcf7_ak_\"><label>&#916;<textarea name=\"_wpcf7_ak_hp_textarea\" cols=\"45\" rows=\"8\" maxlength=\"100\"><\/textarea><\/label><input type=\"hidden\" id=\"ak_js_1\" name=\"_wpcf7_ak_js\" value=\"118\"\/><script>document.getElementById( \"ak_js_1\" ).setAttribute( \"value\", ( new Date() ).getTime() );<\/script><\/p><input type='hidden' class='wpcf7-pum' value='{\"closepopup\":false,\"closedelay\":0,\"openpopup\":false,\"openpopup_id\":0}' \/><div class=\"wpcf7-response-output\" aria-hidden=\"true\"><\/div>\n<\/form>\n<\/div>\n[\/vc_column][\/vc_row]<\/p>\n<\/section>","protected":false},"excerpt":{"rendered":"<p>[vc_section][vc_row][vc_column width=\u00bb1\/1&#8243;][\/vc_column][\/vc_row][\/vc_section][vc_row top_padding=\u00bb30&#8243; bg_position=\u00bbleft top\u00bb][vc_column width=\u00bb1\/1&#8243;][vc_gmaps link=\u00bb#E-8_JTNDaWZyYW1lJTIwc3JjJTNEJTIyaHR0cHMlM0ElMkYlMkZ3d3cuZ29vZ2xlLmNvbSUyRm1hcHMlMkZlbWJlZCUzRnBiJTNEJTIxMW0xOCUyMTFtMTIlMjExbTMlMjExZDI5OTMuNDczODA5NzA2MTMzNiUyMTJkMi4xNzUwMjI0MTU2NzA1MTQyJTIxM2Q0MS4zODU1MTU2MDQwNzM3MSUyMTJtMyUyMTFmMCUyMTJmMCUyMTNmMCUyMTNtMiUyMTFpMTAyNCUyMTJpNzY4JTIxNGYxMy4xJTIxM20zJTIxMW0yJTIxMXMweDEyYTRhMmY5N2E3NTExMmQlMjUzQTB4NzgxMDE4OTMyYjRjYzgxYSUyMTJzQXJ4aXUlMjUyMERlbCUyNTIwRm9tZW50JTI1MjBEZWwlMjUyMFRyZWJhbGwlMjUyME5hY2lvbmFsJTIxNWUwJTIxM20yJTIxMXNlcyUyMTJzZXMlMjE0djE2MjEwNzcyMjA1ODIlMjE1bTIlMjExc2VzJTIxMnNlcyUyMiUyMHdpZHRoJTNEJTIyNjAwJTIyJTIwaGVpZ2h0JTNEJTIyNDUwJTIyJTIwc3R5bGUlM0QlMjJib3JkZXIlM0EwJTNCJTIyJTIwYWxsb3dmdWxsc2NyZWVuJTNEJTIyJTIyJTIwbG9hZGluZyUzRCUyMmxhenklMjIlM0UlM0MlMkZpZnJhbWUlM0U=\u00bb][\/vc_column][\/vc_row][vc_row bg_color=\u00bb#ffffff\u00bb top_padding=\u00bb60&#8243; bottom_padding=\u00bb60&#8243; bg_position=\u00bbleft top\u00bb][vc_column width=\u00bb1\/4&#8243;][vc_column_text]Via Laietana 32 08003 Barcelona Tel. 93 484 12 00 Fax. 93 484 12 30 foment@foment.com[\/vc_column_text][vc_raw_html]JTNDZGl2JTIwY2xhc3MlM0QlMjJmb290ZXItc29jaWFsLWNvbnRlbnQlMjIlM0UlMEElM0NhJTIwY2xhc3MlM0QlMjJmb290ZXItc29jaWFsLWljb25zJTIyJTIwaHJlZiUzRCUyMmh0dHAlM0ElMkYlMkZ3d3cuZmFjZWJvb2suY29tJTJGRm9tZW50ZGVsVHJlYmFsbCUyRiUyMiUyMHRhcmdldCUzRCUyMl9ibGFuayUyMiUyMHRpdGxlJTNEJTIyRmFjZWJvb2slMjIlM0UlM0NpJTIwY2xhc3MlM0QlMjJmYSUyMGZhLWZhY2Vib29rJTIyJTNFJTNDJTJGaSUzRSUzQyUyRmElM0UlMEElM0NhJTIwY2xhc3MlM0QlMjJmb290ZXItc29jaWFsLWljb25zJTIyJTIwaHJlZiUzRCUyMmh0dHBzJTNBJTJGJTJGd3d3LmZsaWNrci5jb20lMkZwaG90b3MlMkZmb21lbnRkZWx0cmViYWxsJTJGJTIyJTIwdGFyZ2V0JTNEJTIyX2JsYW5rJTIyJTIwdGl0bGUlM0QlMjJGbGlja3IlMjIlM0UlM0NpJTIwY2xhc3MlM0QlMjJmYSUyMGZhLWZsaWNrciUyMiUzRSUzQyUyRmklM0UlM0MlMkZhJTNFJTBBJTNDYSUyMGNsYXNzJTNEJTIyZm9vdGVyLXNvY2lhbC1pY29ucyUyMiUyMGhyZWYlM0QlMjJodHRwcyUzQSUyRiUyRnd3dy5pbnN0YWdyYW0uY29tJTJGZm9tZW50ZGVsdHJlYmFsbCUyRiUyMiUyMHRhcmdldCUzRCUyMl9ibGFuayUyMiUyMHRpdGxlJTNEJTIySW5zdGFncmFtJTIyJTNFJTNDaSUyMGNsYXNzJTNEJTIyZmElMjBmYS1nb29nbGUtcGx1cyUyMiUzRSUzQyUyRmklM0UlM0MlMkZhJTNFJTBBJTNDYSUyMGNsYXNzJTNEJTIyZm9vdGVyLXNvY2lhbC1pY29ucyUyMiUyMGhyZWYlM0QlMjJodHRwcyUzQSUyRiUyRnd3dy5saW5rZWRpbi5jb20lMkZjb21wYW55JTJGZm9tZW50LWRlbC10cmViYWxsLW5hY2lvbmFsJTIyJTIwdGFyZ2V0JTNEJTIyX2JsYW5rJTIyJTIwdGl0bGUlM0QlMjJMaW5rZWRJbiUyMiUzRSUzQ2klMjBjbGFzcyUzRCUyMmZhJTIwZmEtbGlua2VkaW4lMjIlM0UlM0MlMkZpJTNFJTNDJTJGYSUzRSUwQSUzQ2ElMjBjbGFzcyUzRCUyMmZvb3Rlci1zb2NpYWwtaWNvbnMlMjIlMjBocmVmJTNEJTIyaHR0cHMlM0ElMkYlMkZ4LmNvbSUyRkZvbWVudFRyZWJhbGwlMjIlMjB0YXJnZXQlM0QlMjJfYmxhbmslMjIlMjB0aXRsZSUzRCUyMlglMjIlM0UlM0NpbWclMjBzcmMlM0QlMjJodHRwcyUzQSUyRiUyRnd3dy5mb21lbnQuY29tJTJGd3AtY29udGVudCUyRnVwbG9hZHMlMkYyMDI0JTJGMDklMkZwaG90b181OTg5ODE3MTc0NDkzMDg2MTkxX3ktNS5qcGclMjIlMjBhbHQlM0QlMjJYJTIyJTNFJTNDJTJGYSUzRSUwQSUzQ2ElMjBjbGFzcyUzRCUyMmZvb3Rlci1zb2NpYWwtaWNvbnMlMjIlMjBocmVmJTNEJTIyaHR0cHMlM0ElMkYlMkZ3d3cueW91dHViZS5jb20lMkZjaGFubmVsJTJGVUNqZzBhX3JqMWowUUtBMEpxTFBhcWNnJTIyJTIwdGFyZ2V0JTNEJTIyX2JsYW5rJTIyJTIwdGl0bGUlM0QlMjJZb3VUdWJlJTIyJTNFJTNDaSUyMGNsYXNzJTNEJTIyZmElMjBmYS15b3V0dWJlLXBsYXklMjIlM0UlM0MlMkZpJTNFJTNDJTJGYSUzRSUwQSUwQSUzQyUyRmRpdiUzRQ==[\/vc_raw_html][\/vc_column][vc_column width=\u00bb3\/4&#8243;][vc_column_text] Si nos facilitas los datos de car\u00e1cter personal, consientes inequ\u00edvocamente la incorporaci\u00f3n de las mismas a los ficheros automatizados existentes en la entidad as\u00ed como su tratamiento, informatizado o no. La finalidad del tratamiento de sus datos es la de poder remitirle (siempre a trav\u00e9s nuestro) comunicaciones corporativas, publicitarias o promocionales referidas a actividades propias del objeto social de Foment. Podr\u00e1s ejercer, en cualquier momento y en los t\u00e9rminos establecidos en la LOPDGDD, tu derecho de acceso, rectificaci\u00f3n, supresi\u00f3n y oposici\u00f3n de tus datos y revocar la autorizaci\u00f3n concedida para Foment te env\u00ede comunicaciones corporativas, publicitarias o promocionales , notific\u00e1ndolo a Foment bien mediante e-mail a la direcci\u00f3n rgpd@foment.com, bien mediante carta dirigida al \u00c1rea de Socios y Relaciones Externas, Via Laietana n\u00fam. 32, 1 piso, 08003 de Barcelona. [\/vc_column_text][\/vc_column][\/vc_row]<\/p>\n","protected":false},"author":1,"featured_media":0,"parent":0,"menu_order":0,"comment_status":"closed","ping_status":"closed","template":"","meta":{"_links_to":"","_links_to_target":""},"acf":[],"wps_subtitle":"","_links":{"self":[{"href":"https:\/\/www.foment.com\/es\/wp-json\/wp\/v2\/pages\/15856"}],"collection":[{"href":"https:\/\/www.foment.com\/es\/wp-json\/wp\/v2\/pages"}],"about":[{"href":"https:\/\/www.foment.com\/es\/wp-json\/wp\/v2\/types\/page"}],"author":[{"embeddable":true,"href":"https:\/\/www.foment.com\/es\/wp-json\/wp\/v2\/users\/1"}],"replies":[{"embeddable":true,"href":"https:\/\/www.foment.com\/es\/wp-json\/wp\/v2\/comments?post=15856"}],"version-history":[{"count":11,"href":"https:\/\/www.foment.com\/es\/wp-json\/wp\/v2\/pages\/15856\/revisions"}],"predecessor-version":[{"id":198820,"href":"https:\/\/www.foment.com\/es\/wp-json\/wp\/v2\/pages\/15856\/revisions\/198820"}],"wp:attachment":[{"href":"https:\/\/www.foment.com\/es\/wp-json\/wp\/v2\/media?parent=15856"}],"curies":[{"name":"wp","href":"https:\/\/api.w.org\/{rel}","templated":true}]}}