{"id":16017,"date":"2016-06-26T18:17:30","date_gmt":"2016-06-26T16:17:30","guid":{"rendered":"http:\/\/foment.itartech.com\/?page_id=16017"},"modified":"2025-03-11T19:13:25","modified_gmt":"2025-03-11T18:13:25","slug":"politica-de-cookies","status":"publish","type":"page","link":"https:\/\/www.foment.com\/es\/politica-de-cookies\/","title":{"rendered":"Pol\u00edtica de cookies"},"content":{"rendered":"<ol>\n<li><strong>Introducci\u00f3n<\/strong><\/li>\n<\/ol>\n<p>Nuestra web, <a href=\"https:\/\/www.foment.com\/es\/\">https:\/\/www.foment.com\/es\/<\/a> (en adelante: \u00abla web\u00bb) utiliza cookies y otras tecnolog\u00edas relacionadas (para mayor comodidad, todas las tecnolog\u00edas se denominan \u00abcookies\u00bb).<\/p>\n<p>A continuaci\u00f3n, brindamos la correspondiente informaci\u00f3n relativa al uso de cookies que emplea esta p\u00e1gina web, de conformidad con lo establecido en la Ley 34\/2002, de 11 de julio, de Servicios de la Sociedad de la Informaci\u00f3n y de Comercio Electr\u00f3nico, el Reglamento (UE) 2016\/679 del Parlamento Europeo y del Consejo de 27 de abril de 2016, la Ley Org\u00e1nica 3\/2018, de 5 de diciembre, de Protecci\u00f3n de Datos Personales y garant\u00eda de los derechos digitales, as\u00ed como de las directrices formuladas por el Comit\u00e9 Europeo de Protecci\u00f3n de Datos (CEPD).<\/p>\n<p><strong>2.\u00a0 \u00bfQu\u00e9 son las cookies?<\/strong><\/p>\n<p>Una cookie es un peque\u00f1o archivo que se env\u00eda junto con las p\u00e1ginas de esta web y que tu navegador almacena en el disco duro de su ordenador u otro dispositivo. La informaci\u00f3n almacenada puede ser devuelta a nuestros servidores o a los servidores de terceros apropiados durante una visita posterior.<\/p>\n<p><strong>3.\u00a0 \u00bfQu\u00e9 son los scripts?<\/strong><\/p>\n<p>Un script es un fragmento de c\u00f3digo de programa que se utiliza para hacer que nuestra web funcione correctamente y de forma interactiva. Este c\u00f3digo se ejecuta en nuestro servidor o en tu dispositivo.<\/p>\n<p><strong>4.\u00a0 \u00bfQu\u00e9 es una baliza web?<\/strong><\/p>\n<p>Una baliza web (o una etiqueta de p\u00edxel) es una peque\u00f1a e invisible pieza de texto o imagen en una web que se utiliza para monitorear el tr\u00e1fico en una web. Para ello, se almacenan varios datos sobre usted mediante estas balizas web.<\/p>\n<ol start=\"5\">\n<li><strong>Cookies<\/strong><\/li>\n<\/ol>\n<p>5.1\u00a0 \u00a0Tipos de cookies seg\u00fan la entidad que las gestione<\/p>\n<p>a) Cookies propias<\/p>\n<p>Son aquellas de las que es responsable el propio editor y que, generalmente, se env\u00edan al equipo terminal del usuario desde un equipo o dominio gestionado por el propio editor y desde el que se presta el servicio solicitado por el usuario.<\/p>\n<p>b)\u00a0 Cookies de terceros<\/p>\n<p>Son aquellas de las que es responsable una entidad distinta del editor y que, generalmente, se env\u00edan al equipo terminal del usuario desde un equipo o dominio que no es gestionado por el editor, sino por otra entidad que trata los datos obtenidos a trav\u00e9s de las cookies.<\/p>\n<p>5.2\u00a0\u00a0 Tipos de cookies seg\u00fan su finalidad<\/p>\n<p>a)\u00a0 \u00a0 Cookies t\u00e9cnicas o funcionales<\/p>\n<p>Son aquellas que permiten al usuario la navegaci\u00f3n a trav\u00e9s de una p\u00e1gina web, plataforma o aplicaci\u00f3n y la utilizaci\u00f3n de las diferentes opciones o servicios que en ella existan, incluyendo aquellas que el editor utiliza para permitir la gesti\u00f3n y operativa de la p\u00e1gina web y habilitar sus funciones y servicios. Estas cookies pueden ser activadas sin el consentimiento del usuario.<\/p>\n<p>b)\u00a0\u00a0\u00a0 Cookies de preferencias o personalizaci\u00f3n<\/p>\n<p>Son aquellas que permiten recordar informaci\u00f3n para que el usuario acceda al servicio con determinadas caracter\u00edsticas que pueden diferenciar su experiencia de la de otros usuarios, como, por ejemplo, el idioma, el n\u00famero de resultados a mostrar cuando el usuario realiza una b\u00fasqueda, el aspecto o contenido del servicio en funci\u00f3n del tipo de navegador a trav\u00e9s del cual el usuario accede al servicio o de la regi\u00f3n desde la que accede al servicio, etc.<\/p>\n<p>c)\u00a0\u00a0\u00a0 Cookies de an\u00e1lisis o medici\u00f3n<\/p>\n<p>Son aquellas que permiten al responsable de las mismas el seguimiento y an\u00e1lisis del comportamiento de los usuarios de los sitios web a los que est\u00e1n vinculadas, incluida la cuantificaci\u00f3n de los impactos de los anuncios. La informaci\u00f3n recogida mediante este tipo de cookies se utiliza en la medici\u00f3n de la actividad de los sitios web, aplicaci\u00f3n o plataforma, con el fin de introducir mejoras en funci\u00f3n del an\u00e1lisis de los datos de uso que hacen los usuarios del servicio.<\/p>\n<p>d)\u00a0\u00a0 Cookies de publicidad comportamental<\/p>\n<p>Son aquellas que almacenan informaci\u00f3n del comportamiento de los usuarios obtenida a trav\u00e9s de la observaci\u00f3n continuada de sus h\u00e1bitos de navegaci\u00f3n, lo que permite desarrollar un perfil espec\u00edfico para mostrar publicidad en funci\u00f3n del mismo.<\/p>\n<p>5.3 Redes sociales<\/p>\n<p>En nuestra web hemos incluido contenido para promover p\u00e1ginas web (p.ej.: \u00abMe gusta\u00bb, \u00abPinear\u00bb) o compartir (p.ej.: \u00abtuitear\u00bb) en redes sociales. Este contenido est\u00e1 incrustado con c\u00f3digo derivado de terceros y guarda cookies. Este contenido podr\u00eda procesar cierta informaci\u00f3n para anuncios personalizados.<\/p>\n<p>Por favor lea la pol\u00edtica de privacidad de estas redes sociales (que puede cambiar frecuentemente) para saber que hacen con sus datos (personales) que procesan usando estas cookies. Los datos que reciben son anonimizados lo m\u00e1ximo posible.<\/p>\n<p><strong>6.\u00a0 Cookies usadas en nuestro sitio web<\/strong><\/p>\n<p><strong><a href=\"https:\/\/www.foment.com\/wp-content\/uploads\/2025\/03\/Imagen1.jpg\"><img loading=\"lazy\" class=\"alignnone size-full wp-image-198527\" src=\"https:\/\/www.foment.com\/wp-content\/uploads\/2025\/03\/Imagen1.jpg\" alt=\"\" width=\"560\" height=\"290\" srcset=\"https:\/\/www.foment.com\/wp-content\/uploads\/2025\/03\/Imagen1.jpg 560w, https:\/\/www.foment.com\/wp-content\/uploads\/2025\/03\/Imagen1-300x155.jpg 300w\" sizes=\"(max-width: 560px) 100vw, 560px\" \/><\/a>\u00a0<\/strong><\/p>\n<ol start=\"7\">\n<li><strong>Consentimiento<\/strong><\/li>\n<\/ol>\n<p>Cuando visites nuestra web por primera vez, te mostraremos una ventana emergente con una explicaci\u00f3n sobre las cookies. Tan pronto como hagas clic en \u00abSave preferences\u00bb, aceptas que usemos las categor\u00edas de cookies y plugins que has seleccionado en la ventana emergente, tal y como se describe en esta pol\u00edtica de cookies. Puedes desactivar el uso de cookies a trav\u00e9s de tu navegador, pero, por favor, ten en cuenta que nuestra web puede dejar de funcionar correctamente.<\/p>\n<p>7.1\u00a0\u00a0 Gestiona tus ajustes de consentimiento<\/p>\n<p><strong><a href=\"https:\/\/www.foment.com\/wp-content\/uploads\/2025\/03\/Imagen2.png\"><img loading=\"lazy\" class=\"alignnone size-full wp-image-198530\" src=\"https:\/\/www.foment.com\/wp-content\/uploads\/2025\/03\/Imagen2.png\" alt=\"\" width=\"553\" height=\"82\" srcset=\"https:\/\/www.foment.com\/wp-content\/uploads\/2025\/03\/Imagen2.png 553w, https:\/\/www.foment.com\/wp-content\/uploads\/2025\/03\/Imagen2-300x44.png 300w\" sizes=\"(max-width: 553px) 100vw, 553px\" \/><\/a>\u00a0<\/strong><\/p>\n<ol start=\"8\">\n<li><strong>Activaci\u00f3n\/desactivaci\u00f3n<\/strong> <strong>y<\/strong> <strong>borrado<\/strong> <strong>de<\/strong> <strong>cookies<\/strong><\/li>\n<\/ol>\n<p>Puedes utilizar tu navegador de Internet para eliminar las cookies de forma autom\u00e1tica o manual. Tambi\u00e9n puedes especificar que ciertas cookies no pueden ser colocadas. Otra opci\u00f3n es cambiar los ajustes de tu navegador de Internet para que recibas un mensaje cada vez que se coloca una cookie. Para obtener m\u00e1s informaci\u00f3n sobre estas opciones, consulta las instrucciones de la secci\u00f3n \u00abAyuda\u00bb de tu navegador. A continuaci\u00f3n, le adjuntamos los links con la informaci\u00f3n de configuraci\u00f3n de los navegadores m\u00e1s comunes:<\/p>\n<ul>\n<li>Chrome: <a href=\"https:\/\/support.google.com\/chrome\/answer\/95647?co=GENIE.Platform%3DDesktop&amp;hl=esttp%3A\/\/support.google.com\/chrome\/bin\/answer.py%3Fhl%3Des&amp;answer=95647\">https:\/\/support.google.com\/chrome\/answer\/95647?co=GENIE.Platform%3<\/a> <a href=\"https:\/\/support.google.com\/chrome\/answer\/95647?co=GENIE.Platform%3DDesktop&amp;hl=esttp%3A\/\/support.google.com\/chrome\/bin\/answer.py%3Fhl%3Des&amp;answer=95647\">DDesktopChl=esttp:\/\/support.google.com\/chrome\/bin\/answer.py?hl=esCa<\/a> <a href=\"https:\/\/support.google.com\/chrome\/answer\/95647?co=GENIE.Platform%3DDesktop&amp;hl=esttp%3A\/\/support.google.com\/chrome\/bin\/answer.py%3Fhl%3Des&amp;answer=95647\">nswer=95647<\/a><\/li>\n<li>Firefox: <a href=\"http:\/\/support.mozilla.org\/es\/kb\/Borrar%20cookies\">http:\/\/support.mozilla.org\/es\/kb\/Borrar%20cookies<\/a><\/li>\n<li>Safari: <a href=\"http:\/\/support.apple.com\/kb\/ph5042\">http:\/\/support.apple.com\/kb\/ph5042<\/a><\/li>\n<li>Microsoft Edge: <a href=\"https:\/\/privacy.microsoft.com\/es-es\/windows-10-microsoft-edge-and-privacy\">https:\/\/privacy.microsoft.com\/es-es\/windows-10-<\/a> <a href=\"https:\/\/privacy.microsoft.com\/es-es\/windows-10-microsoft-edge-and-privacy\">microsoft-edge-and-privacy<\/a><\/li>\n<li>Opera: <a href=\"https:\/\/help.opera.com\/en\/latest\/web-preferences\/#cookies\">https:\/\/help.opera.com\/en\/latest\/web-preferences\/#cookies<\/a><\/li>\n<li>Explorer: <a href=\"https:\/\/support.microsoft.com\/es-es\/kb\/278835\">https:\/\/support.microsoft.com\/es-es\/kb\/278835<\/a><\/li>\n<\/ul>\n<p>Ten en cuenta que nuestra web puede no funcionar correctamente si todas las cookies est\u00e1n desactivadas. Si borras las cookies de tu navegador, se volver\u00e1n a colocar despu\u00e9s de tu consentimiento cuando vuelvas a visitar nuestras webs.<\/p>\n<p><strong>9. Tus derechos con respecto a los datos personales<\/strong><\/p>\n<p>Para obtener informaci\u00f3n sobre como tratamos sus datos personales y ejercer sus derechos reconocidos por las normativas aplicables, visite nuestra <em>\u201cPol\u00edtica de privacidad.\u201d<\/em><\/p>\n<p>En cuanto al plazo de conservaci\u00f3n de los datos personales obtenidos a trav\u00e9s de las cookies que utiliza esta p\u00e1gina web, le informamos que podr\u00e1 obtener dicha informaci\u00f3n a trav\u00e9s del panel desplegable insertado en el apartado <em>\u00ab6.Cookies usadas en nuestro sitio web\u00bb <\/em>de la presente Pol\u00edtica.<\/p>\n<p><strong>10. Modificaciones \/ actualizaci\u00f3n.<\/strong><\/p>\n<p>La presente Pol\u00edtica de cookies puede verse modificada\/actualizada en funci\u00f3n de las exigencias legales o cambios realizados en el portal. Por ello, le recomendamos que visiten peri\u00f3dicamente nuestra Pol\u00edtica de cookies. Asimismo, Si tiene dudas acerca de esta Pol\u00edtica, puede solicitar informaci\u00f3n adicional al Titular de la p\u00e1gina web, a trav\u00e9s del correo electr\u00f3nico: <a href=\"mailto:rgpd@foment.com\">rgpd@foment.com<\/a>.<\/p>\n<p>\u00daLTIMA ACTUALIZACI\u00d3N: Barcelona, marzo de 2025.<\/p>\n","protected":false},"excerpt":{"rendered":"<p>Introducci\u00f3n Nuestra web, https:\/\/www.foment.com\/es\/ (en adelante: \u00abla web\u00bb) utiliza cookies y otras tecnolog\u00edas relacionadas (para mayor comodidad, todas las tecnolog\u00edas se denominan \u00abcookies\u00bb). A continuaci\u00f3n, brindamos la correspondiente informaci\u00f3n relativa al uso de cookies que emplea esta p\u00e1gina web, de conformidad con lo establecido en la Ley 34\/2002, de 11 de julio, de Servicios de la Sociedad de la Informaci\u00f3n y de Comercio Electr\u00f3nico, el Reglamento (UE) 2016\/679 del Parlamento Europeo y del Consejo de 27 de abril de 2016, la Ley Org\u00e1nica 3\/2018, de 5 de diciembre, de Protecci\u00f3n de Datos Personales y garant\u00eda de los derechos digitales, as\u00ed como de las directrices formuladas por el Comit\u00e9 Europeo de Protecci\u00f3n de Datos (CEPD). 2.\u00a0 \u00bfQu\u00e9 son las cookies? Una cookie es un peque\u00f1o archivo que se env\u00eda junto con las p\u00e1ginas de esta web y que tu navegador almacena en el disco duro de su ordenador u otro dispositivo. La informaci\u00f3n almacenada puede ser devuelta a nuestros servidores o a los servidores de terceros apropiados durante una visita posterior. 3.\u00a0 \u00bfQu\u00e9 son los scripts? Un script es un fragmento de c\u00f3digo de programa que se utiliza para hacer que nuestra web funcione correctamente y de forma interactiva. Este c\u00f3digo [&hellip;]<\/p>\n","protected":false},"author":1,"featured_media":0,"parent":0,"menu_order":0,"comment_status":"closed","ping_status":"closed","template":"","meta":{"_links_to":"","_links_to_target":""},"acf":[],"wps_subtitle":"","_links":{"self":[{"href":"https:\/\/www.foment.com\/es\/wp-json\/wp\/v2\/pages\/16017"}],"collection":[{"href":"https:\/\/www.foment.com\/es\/wp-json\/wp\/v2\/pages"}],"about":[{"href":"https:\/\/www.foment.com\/es\/wp-json\/wp\/v2\/types\/page"}],"author":[{"embeddable":true,"href":"https:\/\/www.foment.com\/es\/wp-json\/wp\/v2\/users\/1"}],"replies":[{"embeddable":true,"href":"https:\/\/www.foment.com\/es\/wp-json\/wp\/v2\/comments?post=16017"}],"version-history":[{"count":4,"href":"https:\/\/www.foment.com\/es\/wp-json\/wp\/v2\/pages\/16017\/revisions"}],"predecessor-version":[{"id":198536,"href":"https:\/\/www.foment.com\/es\/wp-json\/wp\/v2\/pages\/16017\/revisions\/198536"}],"wp:attachment":[{"href":"https:\/\/www.foment.com\/es\/wp-json\/wp\/v2\/media?parent=16017"}],"curies":[{"name":"wp","href":"https:\/\/api.w.org\/{rel}","templated":true}]}}