{"id":16021,"date":"2016-06-26T18:20:24","date_gmt":"2016-06-26T16:20:24","guid":{"rendered":"http:\/\/foment.itartech.com\/?page_id=16021"},"modified":"2026-03-16T11:35:45","modified_gmt":"2026-03-16T10:35:45","slug":"politica-de-privacidad","status":"publish","type":"page","link":"https:\/\/www.foment.com\/es\/politica-de-privacidad\/","title":{"rendered":"Pol\u00edtica de privacidad"},"content":{"rendered":"<p><strong>POL\u00cdTICA DE PRIVACIDAD<\/strong><\/p>\n<p>De conformidad con el Reglamento (UE) 2016\/679 del Parlamento Europeo y del Consejo de 27 de abril de 2016 (en adelante, RGPD) y en la Ley Org\u00e1nica 3\/2018, de 5 de diciembre, de Protecci\u00f3n de Datos Personales y garant\u00eda de los derechos digitales (en lo sucesivo, LOPDGDD) a, continuaci\u00f3n le brindamos la correspondiente informaci\u00f3n sobre los distintos tratamientos de datos personales realizados a trav\u00e9s del presente portal web.<\/p>\n<p><strong>RESPONSABLE DE TRATAMIENTO<\/strong><\/p>\n<p>FOMENT DEL TREBALL NACIONAL con NIF G08486607 y domicilio social en V\u00eda Laietana, 32 &#8211; 1\u00ba (08003) Barcelona.<\/p>\n<p><u>Datos de contacto<\/u>: 934 841 200 |\u00a0 <a href=\"mailto:foment@foment.com\">foment@foment.com<\/a><\/p>\n<p>Foment del Treball Nacional es la confederaci\u00f3n que representa desde 1771 a los empresarios y la potente industria catalana. Como organizaci\u00f3n independiente, privada, sin \u00e1nimo de lucro, acogida al derecho constitucional y legal de asociaci\u00f3n de los empresarios, se rige con criterios democr\u00e1ticos por representantes libremente elegidos.<\/p>\n<p><strong>DELEGADO DE PROTECCI\u00d3N DE DATOS<\/strong>:<\/p>\n<p>PROFESSIONAL GROUP CONVERSIA, S.L.U.<\/p>\n<p><u>Contacto<\/u>: <a href=\"mailto:dpd.clientes@conversia.es\">dpd.clientes@conversia.es<\/a> | 902 877 192.<\/p>\n<p><strong>TRATAMIENTOS REALIZADOS<\/strong><\/p>\n<p><strong>FORMULARIO DE CONTACTO<\/strong><\/p>\n<ul>\n<li><u>Finalidad<\/u>: Atender y gestionar las consultas, solicitudes de informaci\u00f3n o comunicaciones formuladas por los usuarios.<\/li>\n<li><u>Base leg\u00edtima<\/u>: Inter\u00e9s leg\u00edtimo del responsable en atender las consultas y solicitudes formuladas por los usuarios (art. 6.1.f RGPD).<\/li>\n<li><u>Tipolog\u00eda de datos<\/u>: Datos identificativos, as\u00ed como aquellos que pudieran consignarse en su solicitud.<\/li>\n<li><u>Cesiones<\/u>: No se prev\u00e9n.<\/li>\n<li><u>Plazo de conservaci\u00f3n<\/u>: Los datos se conservar\u00e1n durante el tiempo necesario para la gesti\u00f3n y resoluci\u00f3n de la consulta planteada y, posteriormente, durante los plazos necesarios para la atenci\u00f3n de posibles responsabilidades legales.<\/li>\n<li><u>Transferencias internacionales<\/u>: No se prev\u00e9n.<\/li>\n<li><u>Elaboraciones de perfiles<\/u>: No se prev\u00e9n.<\/li>\n<\/ul>\n<p><strong>GESTI\u00d3N DE INSCRIPCIONES Y PARTICIPACI\u00d3N EN EVENTOS<\/strong><\/p>\n<ul>\n<li><u>Finalidad<\/u>: Gestionar la inscripci\u00f3n, organizaci\u00f3n y desarrollo de eventos, jornadas, cursos, conferencias u otras actividades organizadas o coorganizadas por la entidad, incluyendo la tramitaci\u00f3n de solicitudes, gesti\u00f3n de asistentes, comunicaciones organizativas vinculadas al evento, control de acceso y, en su caso, emisi\u00f3n de certificados de asistencia.<\/li>\n<li><u>Base leg\u00edtima<\/u>: Ejecuci\u00f3n de la relaci\u00f3n derivada de la inscripci\u00f3n en el evento y aplicaci\u00f3n de medidas precontractuales a solicitud del interesado. (art. 6.1.b RGPD) y cumplimiento de obligaciones legales aplicables al responsable (art. 6.1.c RGPD).<\/li>\n<li><u>Tipolog\u00eda de datos<\/u>: identificativos, profesionales y econ\u00f3micos (cuando proceda).<\/li>\n<li><u>Cesiones<\/u>: Los datos podr\u00e1n comunicarse a entidades financieras para la gesti\u00f3n de cobros y pagos, as\u00ed como a Administraciones P\u00fablicas cuando resulte legalmente exigible. En caso de eventos organizados conjuntamente con otras entidades, los datos podr\u00e1n ser comunicados a las entidades coorganizadoras cuando resulte necesario para la correcta gesti\u00f3n del evento.<\/li>\n<li><u>Plazo de conservaci\u00f3n<\/u>: Los datos se conservar\u00e1n durante el tiempo necesario para la gesti\u00f3n y desarrollo del evento y, posteriormente, durante los plazos de prescripci\u00f3n de las posibles responsabilidades legales derivadas de la actividad. En caso de emisi\u00f3n de certificados o acreditaciones, podr\u00e1n conservarse mientras sea necesario para acreditar la participaci\u00f3n.<\/li>\n<li><u>Transferencias internacionales<\/u>: No se prev\u00e9n.<\/li>\n<li><u>Elaboraciones de perfiles<\/u>: No se prev\u00e9n.<\/li>\n<\/ul>\n<p><strong>GESTI\u00d3N DE CONSULTAS A TRAV\u00c9S DE CHATBOT<\/strong><\/p>\n<ul>\n<li><u>Finalidad<\/u>: Atender y gestionar las consultas, solicitudes de informaci\u00f3n o comunicaciones formuladas por los usuarios a trav\u00e9s del sistema de chatbot integrado en el sitio web, as\u00ed como realizar el seguimiento y respuesta de las mismas.<\/li>\n<li><u>Base leg\u00edtima<\/u>: Inter\u00e9s leg\u00edtimo del responsable en atender las consultas y solicitudes formuladas por los usuarios (art. 6.1.f RGPD).<\/li>\n<li><u>Tipolog\u00eda de datos<\/u>: Datos identificativos.<\/li>\n<li><u>Cesiones<\/u>: No se prev\u00e9n comunicaciones de datos a terceros, salvo obligaci\u00f3n legal. El servicio de chatbot es prestado por un proveedor externo que act\u00faa como encargado del tratamiento conforme al art\u00edculo 28 RGPD.<\/li>\n<li><u>Plazo de conservaci\u00f3n<\/u>: Los datos se conservar\u00e1n durante el tiempo necesario para la gesti\u00f3n y resoluci\u00f3n de la consulta planteada y, posteriormente, durante los plazos necesarios para la atenci\u00f3n de posibles responsabilidades legales.<\/li>\n<li><u>Transferencias internacionales<\/u>: No se prev\u00e9n.<\/li>\n<li><u>Elaboraciones de perfiles<\/u>: No se prev\u00e9n.<\/li>\n<\/ul>\n<p><strong>NEWSLETTERS<\/strong><\/p>\n<ul>\n<li><u>Finalidad<\/u>: Gestionar el alta y mantenimiento de la suscripci\u00f3n a la Newsletter.<\/li>\n<li><u>Base leg\u00edtima<\/u>: Consentimiento de la persona interesada (art\u00edculo 6.1.a RGPD).<\/li>\n<li><u>Tipolog\u00eda de datos<\/u>: Datos identificativos.<\/li>\n<li><u>Cesiones<\/u>: No se prev\u00e9n.<\/li>\n<li><u>Plazo de conservaci\u00f3n<\/u>: Los datos se conservar\u00e1n mientras se mantenga vigente el consentimiento otorgado.<\/li>\n<li><u>Transferencias internacionales<\/u>: No se prev\u00e9n.<\/li>\n<li><u>Elaboraciones de perfiles<\/u>: No se prev\u00e9n.<\/li>\n<\/ul>\n<p><strong>ACCIONES COMERCIALES<\/strong><\/p>\n<ul>\n<li><u>Finalidad<\/u>: Gestionar el env\u00edo de comunicaciones comerciales, publicitarias e informativas relativas a servicios, actividades o novedades de la entidad.<\/li>\n<li><u>Base leg\u00edtima<\/u>: Consentimiento de la persona interesada (art\u00edculo 6.1.a RGPD).<\/li>\n<li><u>Tipolog\u00eda de datos:<\/u> Datos identificativos.<\/li>\n<li><u>Cesiones<\/u>: No se prev\u00e9n.<\/li>\n<li><u>Plazo de conservaci\u00f3n<\/u>: Los datos se conservar\u00e1n mientras se mantenga vigente el consentimiento otorgado.<\/li>\n<li><u>Transferencias internacionales<\/u>: No se prev\u00e9n.<\/li>\n<li><u>Elaboraciones de perfiles<\/u>: No se prev\u00e9n.<\/li>\n<\/ul>\n<p><strong>GESTI\u00d3N DE LAS RESERVAS DE SALAS<\/strong><\/p>\n<ul>\n<li><u>Finalidad<\/u>: Gestionar la disponibilidad, tramitaci\u00f3n, asignaci\u00f3n, coordinaci\u00f3n y control del uso de salas y espacios, incluyendo, la facturaci\u00f3n, gesti\u00f3n de pagos, control de incidencias y cumplimiento de las condiciones de uso establecidas.<\/li>\n<li><u>Base leg\u00edtima<\/u>: Ejecuci\u00f3n de la relaci\u00f3n contractual (art\u00edculo 6.1.b RGPD) y cumplimiento de obligaciones legales (art\u00edculo 6.1.c RGPD).<\/li>\n<li><u>Tipolog\u00eda de datos<\/u>: Datos identificativos y econ\u00f3micos.<\/li>\n<li><u>Cesiones<\/u>: Los datos podr\u00e1n comunicarse, cuando resulte necesario, a la Agencia Estatal de Administraci\u00f3n Tributaria y a entidades financieras para la gesti\u00f3n de cobros y pagos.<\/li>\n<li><u>Plazo de conservaci\u00f3n<\/u>: Los datos se conservar\u00e1n durante la vigencia de la relaci\u00f3n derivada de la reserva y, posteriormente, durante los plazos de prescripci\u00f3n de las responsabilidades contractuales conforme al C\u00f3digo Civil, as\u00ed como durante los plazos legalmente establecidos en la normativa mercantil y tributaria aplicable, en particular el C\u00f3digo de Comercio y la Ley 58\/2003, de 17 de diciembre, General Tributaria.<\/li>\n<li><u>Transferencias internacionales<\/u>: No se prev\u00e9n.<\/li>\n<li><u>Elaboraciones de perfiles<\/u>: No se prev\u00e9n.<\/li>\n<\/ul>\n<p><strong>DETECCI\u00d3N DE AMENAZAS DE CIBERSEGURIDAD<\/strong><\/p>\n<ul>\n<li><u>Finalidad<\/u>: Analizar la actividad en la web para identificar y prevenir ataques inform\u00e1ticos o accesos no autorizados.<\/li>\n<li><u>Base leg\u00edtima<\/u>: Cumplimiento de obligaciones legales (art\u00edculo 6.1.c RGPD) e inter\u00e9s leg\u00edtimo (art\u00edculo 6.1.f RGPD).<\/li>\n<li><u>Tipolog\u00eda de Datos<\/u>: datos de navegaci\u00f3n.<\/li>\n<li><u>Plazo de conservaci\u00f3n<\/u>: Los datos se conservar\u00e1n durante el tiempo necesario para la detecci\u00f3n y an\u00e1lisis de posibles ataques y, posteriormente, se anonimizar\u00e1n o eliminar\u00e1n, salvo que deban conservarse por obligaci\u00f3n legal.<\/li>\n<li><u>Cesiones<\/u>: Los datos podr\u00e1n ser comunicados a las autoridades competentes en caso de detectar actividades il\u00edcitas o amenazas a la seguridad.<\/li>\n<li><u>Transferencias internacionales<\/u>: No se prev\u00e9n transferencias internacionales de datos.<\/li>\n<li><u>Decisiones automatizadas y elaboraciones de perfiles<\/u>: No se realizan decisiones automatizadas, aunque se podr\u00edan aplicar mecanismos de an\u00e1lisis de patrones de comportamiento con fines de ciberseguridad.<\/li>\n<\/ul>\n<p><strong>COMPLEMENTOS Y SERVICIOS DE TERCEROS<\/strong><\/p>\n<ul>\n<li><strong>YouTube:<\/strong> En nuestro sitio web utilizamos complementos de YouTube, los cuales funcionan con la tecnolog\u00eda proporcionada por Google. Solo si est\u00e1s conectado a tu cuenta, YouTube podr\u00e1 asociar tu actividad de navegaci\u00f3n a tu perfil. Si prefieres evitar esto, puedes cerrar sesi\u00f3n. Le recomendamos revisar con atenci\u00f3n la pol\u00edtica de privacidad del proveedor, visitando el siguiente enlace: <a href=\"https:\/\/support.google.com\/youtube\/answer\/10364219?hl=es\">https:\/\/support.google.com\/youtube\/answer\/10364219?hl=es<\/a><\/li>\n<li><strong>reCAPTCHA<\/strong>: Por razones de seguridad y en base al inter\u00e9s leg\u00edtimo, nuestro portal web cuenta con un mecanismo de detecci\u00f3n para distinguir entre usuarios leg\u00edtimos y bots, as\u00ed como otros ataques maliciosos, como fraudes y abusos. Este servicio es proporcionado por Google. En este sentido, le informamos que Google aplica su propia pol\u00edtica de privacidad, por lo que le recomendamos que revise la misma visitando el siguiente enlace: <a href=\"https:\/\/policies.google.com\/privacy?hl=es\">https:\/\/policies.google.com\/privacy?hl=es<\/a><\/li>\n<li><strong>Google maps<\/strong>: Hemos incorporado la API de Google maps Platform con la finalidad de mostrarle mapas interactivos directamente en nuestro portal web. El uso de este servicio est\u00e1 sujeto a la pol\u00edtica de privacidad del proveedor, por ello, le recomendamos que lea detenidamente la pol\u00edtica de privacidad del proveedor, visitando el siguiente enlace: <a href=\"https:\/\/policies.google.com\/privacy?hl=es\">https:\/\/policies.google.com\/privacy?hl=es<\/a><\/li>\n<\/ul>\n<p><strong>DERECHOS DE LOS INTERESADOS<\/strong><\/p>\n<p>FOMENT DEL TREBALL NACIONAL informa a las personas interesadas que, pueden ejercer los derechos de acceso, rectificaci\u00f3n, limitaci\u00f3n, supresi\u00f3n, portabilidad y oposici\u00f3n al tratamiento de sus datos de car\u00e1cter personal, as\u00ed como a la retirar, en su caso, el consentimiento prestado.<\/p>\n<p>Para ello, puede dirigir su solicitud a trav\u00e9s de cualquiera de los siguientes medios:<\/p>\n<ul>\n<li>A trav\u00e9s del correo electr\u00f3nico: <a href=\"mailto:rgpd@foment.com\">rgpd@foment.com<\/a><\/li>\n<li>De forma presencial o v\u00eda postal a la direcci\u00f3n: V\u00eda Laietana, 32 &#8211; 1\u00ba (08003) Barcelona<\/li>\n<\/ul>\n<p>A continuaci\u00f3n, le otorgamos informaci\u00f3n sobre los derechos que, como titular de sus datos personales, le corresponden:<\/p>\n<ul>\n<li><u>Derecho de acceso:<\/u> Es el derecho de las personas interesadas a obtener informaci\u00f3n sobre sus datos concretos de car\u00e1cter personal y del tratamiento que se haya realizado o realice, as\u00ed como de la informaci\u00f3n disponible sobre el origen de dichos datos y las comunicaciones realizadas o previstas de los mismos.<\/li>\n<li><u>Derecho de rectificaci\u00f3n<\/u>: Es el derecho de las personas interesadas a que se modifiquen los datos que resulten ser inexactos o incompletos. S\u00f3lo podr\u00e1 satisfacerse en relaci\u00f3n con aquella informaci\u00f3n que se encuentre bajo el control de la Entidad.<\/li>\n<li><u>Derecho a la limitaci\u00f3n de tratamiento:<\/u> Es el derecho a que se limiten los fines del tratamiento previstos de forma original por el responsable del tratamiento.<\/li>\n<li><u>Derecho de supresi\u00f3n<\/u>: Es el derecho a suprimir los datos de car\u00e1cter personal de las personas interesadas, a excepci\u00f3n de lo previsto en el propio RGPD o en otras normativas aplicables que determinen la obligatoriedad de la conservaci\u00f3n de los mismos, en tiempo y forma.<\/li>\n<li><u>Derecho de portabilidad<\/u>: El derecho a recibir los datos personales que las personas interesadas, hayan facilitado, en un formato estructurado, de uso com\u00fan y lectura mec\u00e1nica, y a transmitirlos a otro responsable, siempre que se cumplan los requisitos expuestos en las normativas aplicables.<\/li>\n<li><u>Derecho de oposici\u00f3n<\/u>: Es el derecho de las personas interesadas a que no se lleve a cabo el tratamiento de sus datos de car\u00e1cter personal o, en su caso, se cese el tratamiento de los mismos por parte de la Entidad.<\/li>\n<li><u>Derecho a no ser objeto de una decisi\u00f3n basada \u00fanicamente en el tratamiento automatizado, incluida la elaboraci\u00f3n de perfiles<\/u> (el Responsable no realiza ninguno de los tratamientos mencionados).<\/li>\n<\/ul>\n<p>El escrito remitido por la persona titular de los datos objeto de tratamiento que solicite el ejercicio, deber\u00e1 de cumplir los siguientes requisitos legales:<\/p>\n<ul>\n<li><u>Identificaci\u00f3n de la persona interesada<\/u>: Ser\u00e1 necesario acreditar la identidad de la persona que formula la solicitud. En caso de actuar mediante representaci\u00f3n, deber\u00e1 identificarse tambi\u00e9n la persona que representa a la interesada, adjuntando copia de su DNI o documento equivalente, as\u00ed como el documento que acredite dicha <u>representaci\u00f3n.<\/u><\/li>\n<li><u>Verificaci\u00f3n de identidad<\/u>: En caso de que existan dudas razonables sobre la identidad de la persona solicitante, el responsable del tratamiento podr\u00e1 requerir informaci\u00f3n adicional para confirmar dicha identidad, de conformidad con lo dispuesto en el art\u00edculo 12.6 del RGPD.<\/li>\n<li><u>Tratamiento del documento de identidad:<\/u> En caso de requerirse el DNI, la persona interesada y, en su caso, su representante, deber\u00e1 ocultar los datos no necesarios para la verificaci\u00f3n (como el n\u00famero de soporte, fotograf\u00eda o nacionalidad).<\/li>\n<\/ul>\n<p>Una vez verificada la identidad, el documento de identidad ser\u00e1 eliminado, dejando constancia \u00fanicamente de que la identificaci\u00f3n ha sido comprobada, sin conservar copia del mismo<\/p>\n<p>En relaci\u00f3n con la <u>captaci\u00f3n de im\u00e1genes y grabaciones audiovisuales realizadas durante eventos organizados por la Entidad<\/u>, las personas asistentes podr\u00e1n ejercer su derecho de oposici\u00f3n al tratamiento de su imagen cuando resulten identificables. Con car\u00e1cter general, las grabaciones se realizan mediante planos generales del p\u00fablico asistente, evitando la captaci\u00f3n individualizada. No obstante, cualquier persona que considere que su imagen ha sido tratada de forma que le resulte identificable podr\u00e1 solicitar la retirada o limitaci\u00f3n de la difusi\u00f3n, que ser\u00e1 valorada conforme a la normativa aplicable.<\/p>\n<p>Asimismo, en cumplimiento de lo dispuesto en el art\u00edculo 21 de la Ley 34\/2002 de servicios de la sociedad de la informaci\u00f3n y comercio electr\u00f3nico, le informamos que, si no desea seguir recibiendo nuestra Newsletter y\/o comunicaciones comerciales, puede cancelar su suscripci\u00f3n enviando un correo a la direcci\u00f3n: <a href=\"mailto:rgpd@foment.com\">rgpd@foment.com<\/a> con el asunto: \u00abBAJAS\u00bb.<\/p>\n<p>Por \u00faltimo, le informamos que, de conformidad con lo dispuesto por el art\u00edculo 77 RGPD, Usted tiene derecho a presentar una reclamaci\u00f3n ante la Agencia Espa\u00f1ola de Protecci\u00f3n de Datos, en caso de que tenga conocimiento o considere que un hecho pueda suponer un incumplimiento de la normativa aplicable en materia de protecci\u00f3n de datos, a trav\u00e9s de su p\u00e1gina web: <a href=\"http:\/\/www.aepd.es\">www.aepd.es<\/a>.<\/p>\n<p><strong>VERACIDAD DE LA INFORMACI\u00d3N<\/strong><\/p>\n<p>Las personas usuarias garantizan que los datos personales e informaci\u00f3n consignada es veraz y exacta y se comprometen a la actualizaci\u00f3n de la misma por los canales habilitados, en caso de resultar necesario. Asimismo, en caso de proporcionar datos de terceros declaran que cuentan con su consentimiento y se comprometen a trasladarles la presente Pol\u00edtica de privacidad, sin que en ning\u00fan caso esta Entidad pueda incurrir en responsabilidades por los da\u00f1os y perjuicios que pudieran derivarse del incumplimiento de las obligaciones anteriormente expuestas.<\/p>\n<p><strong>MEDIDAS DE SEGURIDAD<\/strong><\/p>\n<p>FOMENT DEL TREBALL NACIONAL se compromete a adoptar las medidas t\u00e9cnicas y organizativas necesarias, acorde al nivel de riesgos que acompa\u00f1an los tratamientos realizados de forma que garanticen su integridad, confidencialidad y disponibilidad, todo ello de conformidad con los dispuesto en el art\u00edculo 32 RGPD.<\/p>\n<p><strong>ACTUALIZACI\u00d3N DE LA PRESENTE POL\u00cdTICA<\/strong><\/p>\n<p>Le informamos que la presente Pol\u00edtica de privacidad podr\u00e1 ser modificada o actualizada en funci\u00f3n de los requerimientos legales establecidos o para ajustarse a las directrices de las autoridades en materia de protecci\u00f3n de datos o, en su caso, por modificaciones en nuestro portal web. Por ello, le recomendamos encarecidamente que revise la misma de forma peri\u00f3dica.<\/p>\n<p>Por \u00faltimo, indicamos que, si tiene dudas acerca de la presente Pol\u00edtica de privacidad, puede ponerse en contacto con nosotros a trav\u00e9s de los canales establecidos.<\/p>\n<p><u>\u00daltima actualizaci\u00f3n<\/u>: marzo de 2026.<\/p>\n","protected":false},"excerpt":{"rendered":"<p>POL\u00cdTICA DE PRIVACIDAD De conformidad con el Reglamento (UE) 2016\/679 del Parlamento Europeo y del Consejo de 27 de abril de 2016 (en adelante, RGPD) y en la Ley Org\u00e1nica 3\/2018, de 5 de diciembre, de Protecci\u00f3n de Datos Personales y garant\u00eda de los derechos digitales (en lo sucesivo, LOPDGDD) a, continuaci\u00f3n le brindamos la correspondiente informaci\u00f3n sobre los distintos tratamientos de datos personales realizados a trav\u00e9s del presente portal web. RESPONSABLE DE TRATAMIENTO FOMENT DEL TREBALL NACIONAL con NIF G08486607 y domicilio social en V\u00eda Laietana, 32 &#8211; 1\u00ba (08003) Barcelona. Datos de contacto: 934 841 200 |\u00a0 foment@foment.com Foment del Treball Nacional es la confederaci\u00f3n que representa desde 1771 a los empresarios y la potente industria catalana. Como organizaci\u00f3n independiente, privada, sin \u00e1nimo de lucro, acogida al derecho constitucional y legal de asociaci\u00f3n de los empresarios, se rige con criterios democr\u00e1ticos por representantes libremente elegidos. DELEGADO DE PROTECCI\u00d3N DE DATOS: PROFESSIONAL GROUP CONVERSIA, S.L.U. Contacto: dpd.clientes@conversia.es | 902 877 192. TRATAMIENTOS REALIZADOS FORMULARIO DE CONTACTO Finalidad: Atender y gestionar las consultas, solicitudes de informaci\u00f3n o comunicaciones formuladas por los usuarios. Base leg\u00edtima: Inter\u00e9s leg\u00edtimo del responsable en atender las consultas y solicitudes formuladas por los usuarios (art. 6.1.f [&hellip;]<\/p>\n","protected":false},"author":1,"featured_media":0,"parent":0,"menu_order":0,"comment_status":"closed","ping_status":"closed","template":"","meta":{"_links_to":"","_links_to_target":""},"acf":[],"wps_subtitle":"","_links":{"self":[{"href":"https:\/\/www.foment.com\/es\/wp-json\/wp\/v2\/pages\/16021"}],"collection":[{"href":"https:\/\/www.foment.com\/es\/wp-json\/wp\/v2\/pages"}],"about":[{"href":"https:\/\/www.foment.com\/es\/wp-json\/wp\/v2\/types\/page"}],"author":[{"embeddable":true,"href":"https:\/\/www.foment.com\/es\/wp-json\/wp\/v2\/users\/1"}],"replies":[{"embeddable":true,"href":"https:\/\/www.foment.com\/es\/wp-json\/wp\/v2\/comments?post=16021"}],"version-history":[{"count":9,"href":"https:\/\/www.foment.com\/es\/wp-json\/wp\/v2\/pages\/16021\/revisions"}],"predecessor-version":[{"id":216165,"href":"https:\/\/www.foment.com\/es\/wp-json\/wp\/v2\/pages\/16021\/revisions\/216165"}],"wp:attachment":[{"href":"https:\/\/www.foment.com\/es\/wp-json\/wp\/v2\/media?parent=16021"}],"curies":[{"name":"wp","href":"https:\/\/api.w.org\/{rel}","templated":true}]}}