{"id":16405,"date":"2016-08-29T17:52:27","date_gmt":"2016-08-29T15:52:27","guid":{"rendered":"http:\/\/foment.itartech.com\/?page_id=16405"},"modified":"2026-04-16T16:06:56","modified_gmt":"2026-04-16T14:06:56","slug":"organos-consultivos","status":"publish","type":"page","link":"https:\/\/www.foment.com\/es\/sobre-nosotros\/organos-consultivos\/","title":{"rendered":"\u00d3rganos Consultivos"},"content":{"rendered":"<section class=\"wpb-content-wrapper\"><p>[vc_section][vc_row][vc_column width=\u00bb1\/1&#8243;]\n\t\t\t<!-- START organos consultivos REVOLUTION SLIDER 6.4.6 --><p class=\"rs-p-wp-fix\"><\/p>\n\t\t\t<rs-module-wrap id=\"rev_slider_181_1_wrapper\" data-source=\"gallery\" style=\"background:transparent;padding:0;margin:0px auto;margin-top:0;margin-bottom:0;\">\n\t\t\t\t<rs-module id=\"rev_slider_181_1\" style=\"\" data-version=\"6.4.6\">\n\t\t\t\t\t<rs-slides>\n\t\t\t\t\t\t<rs-slide data-key=\"rs-232\" data-title=\"Slide\" data-anim=\"ms:600;\" data-in=\"o:0;\" data-out=\"a:false;\">\n\t\t\t\t\t\t\t<img src=\"\/\/www.foment.com\/wp-content\/plugins\/revslider\/public\/assets\/assets\/dummy.png\" title=\"organs\" width=\"875\" height=\"252\" class=\"rev-slidebg tp-rs-img rs-lazyload\" data-lazyload=\"\/\/www.foment.com\/wp-content\/uploads\/2021\/05\/organs.png\" data-parallax=\"off\" data-no-retina>\n<!--\n\t\t\t\t\t\t\t--><rs-layer\n\t\t\t\t\t\t\t\tid=\"slider-181-slide-232-layer-0\" \n\t\t\t\t\t\t\t\tdata-type=\"text\"\n\t\t\t\t\t\t\t\tdata-rsp_ch=\"on\"\n\t\t\t\t\t\t\t\tdata-xy=\"x:c;y:m;yo:-150px,-189px,-140px,-149px;\"\n\t\t\t\t\t\t\t\tdata-text=\"w:normal;s:30,30,28,25;l:66,54,41,25;fw:700;a:center;\"\n\t\t\t\t\t\t\t\tdata-dim=\"w:979px,808px,613px,378px;\"\n\t\t\t\t\t\t\t\tdata-frame_999=\"o:0;st:w;\"\n\t\t\t\t\t\t\t\tstyle=\"z-index:5;font-family:Montserrat;\"\n\t\t\t\t\t\t\t>\u00d3RGANOS CONSULTIVOS<br \/>\n \n\t\t\t\t\t\t\t<\/rs-layer><!--\n\n\t\t\t\t\t\t\t--><rs-layer\n\t\t\t\t\t\t\t\tid=\"slider-181-slide-232-layer-2\" \n\t\t\t\t\t\t\t\tdata-type=\"text\"\n\t\t\t\t\t\t\t\tdata-rsp_ch=\"on\"\n\t\t\t\t\t\t\t\tdata-xy=\"x:c;y:m;yo:50px,32px,25px,25px;\"\n\t\t\t\t\t\t\t\tdata-text=\"w:normal;s:18,18,14,14;l:30,30,25,20;a:center;\"\n\t\t\t\t\t\t\t\tdata-dim=\"w:1083px,855px,650px,441px;\"\n\t\t\t\t\t\t\t\tdata-frame_999=\"o:0;st:w;\"\n\t\t\t\t\t\t\t\tstyle=\"z-index:7;font-family:Montserrat;\"\n\t\t\t\t\t\t\t>Los \u00f3rganos de gobierno de Foment del Treball cuentan con la colaboraci\u00f3n del Consejo Consultivo y los Consejos Asesores.<br \/>\n<br \/>\nEl Consejo Consultivo es el \u00f3rgano que propone las l\u00edneas fundamentales de actuaci\u00f3n. Sus miembros son nombrados por la Junta Directiva a propuesta del Presidente.<br \/>\n<br \/>\nLos Consejos Asesores hacen propuestas concretas para acciones de la instituci\u00f3n.<br \/>\n<br \/>\nLas Comisiones Asesoras son \u00f3rganos de estudio y consulta especializados en tem\u00e1ticas de inter\u00e9s econ\u00f3mico o social. Sus miembros son designados por los socios y su programa de trabajo lo decide cada comisi\u00f3n. \n\t\t\t\t\t\t\t<\/rs-layer><!--\n-->\t\t\t\t\t\t<\/rs-slide>\n\t\t\t\t\t<\/rs-slides>\n\t\t\t\t<\/rs-module>\n\t\t\t\t<script type=\"text\/javascript\">\n\t\t\t\t\tsetREVStartSize({c: 'rev_slider_181_1',rl:[1240,1024,778,480],el:[500,600,360,360],gw:[1240,1024,778,480],gh:[500,600,360,360],type:'hero',justify:'',layout:'fullwidth',mh:\"0\"});\n\t\t\t\t\tvar\trevapi181,\n\t\t\t\t\t\ttpj;\n\t\t\t\t\tfunction revinit_revslider1811() {\n\t\t\t\t\tjQuery(function() {\n\t\t\t\t\t\ttpj = jQuery;\n\t\t\t\t\t\trevapi181 = tpj(\"#rev_slider_181_1\");\n\t\t\t\t\t\tif(revapi181==undefined || revapi181.revolution == undefined){\n\t\t\t\t\t\t\trevslider_showDoubleJqueryError(\"rev_slider_181_1\");\n\t\t\t\t\t\t}else{\n\t\t\t\t\t\t\trevapi181.revolution({\n\t\t\t\t\t\t\t\tsliderType:\"hero\",\n\t\t\t\t\t\t\t\tDPR:\"dpr\",\n\t\t\t\t\t\t\t\tsliderLayout:\"fullwidth\",\n\t\t\t\t\t\t\t\tvisibilityLevels:\"1240,1024,778,480\",\n\t\t\t\t\t\t\t\tgridwidth:\"1240,1024,778,480\",\n\t\t\t\t\t\t\t\tgridheight:\"500,600,360,360\",\n\t\t\t\t\t\t\t\tlazyType:\"smart\",\n\t\t\t\t\t\t\t\tperspective:600,\n\t\t\t\t\t\t\t\tperspectiveType:\"local\",\n\t\t\t\t\t\t\t\teditorheight:\"500,600,360,360\",\n\t\t\t\t\t\t\t\tresponsiveLevels:\"1240,1024,778,480\",\n\t\t\t\t\t\t\t\tprogressBar:{disableProgressBar:true},\n\t\t\t\t\t\t\t\tparallax: {\n\t\t\t\t\t\t\t\t\tlevels:[2,3,4,5,6,7,12,16,10,50,47,48,49,50,51,55],\n\t\t\t\t\t\t\t\t\ttype:\"mouse\",\n\t\t\t\t\t\t\t\t\torigo:\"slidercenter\",\n\t\t\t\t\t\t\t\t\tspeed:2000\n\t\t\t\t\t\t\t\t},\n\t\t\t\t\t\t\t\tfallbacks: {\n\t\t\t\t\t\t\t\t\tallowHTML5AutoPlayOnAndroid:true\n\t\t\t\t\t\t\t\t},\n\t\t\t\t\t\t\t});\n\t\t\t\t\t\t}\n\t\t\t\t\t\t\n\t\t\t\t\t});\n\t\t\t\t\t} \/\/ End of RevInitScript\n\t\t\t\tvar once_revslider1811 = false;\n\t\t\t\tif (document.readyState === \"loading\") {document.addEventListener('readystatechange',function() { if((document.readyState === \"interactive\" || document.readyState === \"complete\") && !once_revslider1811 ) { once_revslider1811 = true; revinit_revslider1811();}});} else {once_revslider1811 = true; revinit_revslider1811();}\n\t\t\t\t<\/script>\n\t\t\t<\/rs-module-wrap>\n\t\t\t<!-- END REVOLUTION SLIDER -->\n[\/vc_column][\/vc_row][\/vc_section][vc_row top_padding=\u00bb50&#8243; class=\u00bbpestanyesorgans\u00bb][vc_column width=\u00bb1\/1&#8243;][vc_tta_tabs style=\u00bbflat\u00bb shape=\u00bbsquare\u00bb color=\u00bbwhite\u00bb active_section=\u00bb1&#8243; no_fill_content_area=\u00bbtrue\u00bb el_class=\u00bbpestanyesorgans\u00bb][vc_tta_section title=\u00bbConsejo Consultivo\u00bb tab_id=\u00bb1472483623317-d0abf7f4-c8be\u00bb][vc_column_text el_class=\u00bbespaiat\u00bb]<\/p>\n<h3 class=\"blue\">Presidente<\/h3>\n<p>Josep S\u00e1nchez Llibre<\/p>\n<h3 class=\"blue\">Expresidentes<\/h3>\n<p>Juan Rosell Lastortras<br \/>\nJoaquim Gay de Montell\u00e0 Ferrer-Vidal<strong><br \/>\n<\/strong><\/p>\n<h3 class=\"blue\">Secretario General<\/h3>\n<p>David Tornos Salom\u00f3<\/p>\n<h3 class=\"blue\">Directora Gabinete Presidencia<\/h3>\n<p>Merxe Puig Mart\u00ednez<b><\/b><\/p>\n<p>&nbsp;<\/p>\n<h3 class=\"blue\">Vocales<\/h3>\n<p><strong>Fausto Agelet<br \/>\n<\/strong>Borsa de Barcelona &#8211; Grupo BME<br \/>\n<strong>Joaquim Agut Bonsfills<\/strong><br \/>\nCIRSA<br \/>\n<strong>Esther Alcocer Koplowitz<\/strong><br \/>\nFCC Servicios Ciudadanos<br \/>\n<strong>Josep Ametller<\/strong><br \/>\nAmetller Origen<br \/>\n<strong>Enric Asunci\u00f3n<\/strong><br \/>\nWallbox Chargers<br \/>\n<strong>Francisco Belil Creixell<\/strong><br \/>\nFundaci\u00f3n Bertelsmann<br \/>\n<strong>Joan Boix<\/strong><br \/>\nNoel<br \/>\n<strong>Jos\u00e9 Luis Bonet<\/strong><br \/>\nC\u00e1mara de Comercio de Espa\u00f1a<br \/>\n<strong>Joan Camprub\u00ed<br \/>\n<\/strong>Plain Concepts<br \/>\n<strong>Jos\u00e9 Manuel Casas<\/strong><br \/>\nTelef\u00f3nica<br \/>\n<strong>Jos\u00e9 Alberto Carbonell Camallonga<\/strong><br \/>\nAutoritat Portu\u00e0ria de Barcelona<br \/>\n<strong>Joan Castells<\/strong><br \/>\nFIATC<br \/>\n<strong>Sonia Colomar<\/strong><br \/>\nBanco Santander<br \/>\n<strong>Emili Cuatrecasas Figueras<\/strong><br \/>\nEMESA Corporaci\u00f3n Empresarial<br \/>\n<strong>Adriana de Jos\u00e9<br \/>\n<\/strong>The Boston Consulting Group<br \/>\n<strong>Raul D\u00edaz-Varela<\/strong><br \/>\nGrupo Indukern<br \/>\n<strong>Nicolas Dumoulin<\/strong><br \/>\nBoehringer Ingelheim Espa\u00f1a<br \/>\n<strong>Josep Antoni Duran i Lleida\u00a0<\/strong><br \/>\nBufet Colls<br \/>\n<strong>Carlos Gallardo Ballart<\/strong><br \/>\nAlmirall, S.A.<br \/>\n<strong>Teresa Garcia-Mil\u00e0<\/strong><br \/>\nCercle d&#8217;Economia<br \/>\n<strong>Carlos God\u00f3<\/strong><br \/>\nGrupo God\u00f3<br \/>\n<strong>Victor Gr\u00edfols D\u00e9u<\/strong><br \/>\nGr\u00edfols, S.A.<br \/>\n<strong>Raimon Gr\u00edfols Roura<\/strong><br \/>\nGr\u00edfols, S.A.<br \/>\n<strong>Franz Heukamp<\/strong><br \/>\nIESE<br \/>\n<strong>Jordi Jacques<\/strong><br \/>\nNestl\u00e9 Espa\u00f1a<br \/>\n<strong>Enrique Lacalle Coll<\/strong><br \/>\nC\u00edrculo Ecuestre<br \/>\n<strong>Antoni Llard\u00e9n<\/strong><br \/>\nENAGAS<br \/>\n<strong>Sergi Loughney<\/strong><br \/>\nGrupo Fundaci\u00f3n La Caixa<br \/>\n<strong>Jaime Malet<\/strong><br \/>\nCambra Comer\u00e7 EUA<br \/>\n<strong>Ignacio Manzano<\/strong><br \/>\nNortia Capital Investment Holding<br \/>\n<strong>Arturo Mas-Sard\u00e1<\/strong><br \/>\nPort Aventura<br \/>\n<strong>Josep Mateu<\/strong><br \/>\nReial Autom\u00f2bil Club de Catalunya<br \/>\n<strong>Eduardo Mendiluce Fradera<\/strong><br \/>\nAnticipa Real Estate<br \/>\n<strong>Jordi Mond\u00e9jar<\/strong><br \/>\nCaixaBank<br \/>\n<strong>Pere Navarro<\/strong><br \/>\nConsorci Zona Franca<br \/>\n<strong>David Nogareda<\/strong><br \/>\nHipra<br \/>\n<strong>Adri\u00e1n Orbea<\/strong><br \/>\nHenkel Iberica Operations, SLU<br \/>\n<strong>Carles Puig de Travy<\/strong><br \/>\nCol\u00b7legi d&#8217;Economistes de Catalunya<br \/>\n<strong>Jos\u00e9 M\u00aa Pujol Artigas<\/strong><br \/>\nFICOSA Internacional, S.A.<br \/>\n<strong>Pau Relat<\/strong><br \/>\nFira de Barcelona<br \/>\n<strong>Miquel Roca Junyent<\/strong><br \/>\nRoca Junyent<br \/>\n<strong>Ricardo Rodrigo Amar<\/strong><br \/>\nGrupo Editorial RBA<br \/>\n<strong>Carles Ruiz Novella<\/strong><br \/>\nFerrocarrils de la Generalitat de Catalunya<br \/>\n<strong>Enrique S\u00e1nchez Balser<\/strong>a<br \/>\nMutua Madrile\u00f1a<br \/>\n<strong>Josep Santacreu<\/strong><br \/>\nCambra Comer\u00e7 Barcelona<br \/>\n<strong>Hugo Serra<\/strong><br \/>\nCatalana Occidente<br \/>\n<strong>Carles Sumarroca Claverol<br \/>\n<\/strong>Agromillora Group<br \/>\n<strong>Miguel Agust\u00ed Torres Riera<\/strong><br \/>\nMiguel Torres, S.A.<br \/>\n<strong>Enrique Uriach Torell\u00f3<\/strong><br \/>\nGrupo J. Uriach<br \/>\n<strong>Cristina Vallejo Ros<\/strong><br \/>\nIl\u00b7lustre Col\u00b7legi de l&#8217;Advocacia de Barcelona<br \/>\n<strong>Carlos Vent\u00f3s Omedes<\/strong><br \/>\nLucta<br \/>\n<strong>Carlos Ventura<\/strong><br \/>\nBanc de Sabadell<br \/>\n<strong>Rafael Villaseca Marco<\/strong><br \/>\nFundaci\u00f3 Naturgy<br \/>\nCELSA<br \/>\n<strong>Jorge Villavecchia<\/strong><br \/>\nDamm[\/vc_column_text][\/vc_tta_section][vc_tta_section title=\u00bbConsejo Asesor\u00bb tab_id=\u00bb1472483623398-93e4016e-3063&#8243;][vc_column_text el_class=\u00bbespaiat\u00bb]<\/p>\n<h3 class=\"blue\">Presidente<\/h3>\n<p>Josep S\u00e1nchez Llibre<\/p>\n<h3 class=\"blue\">Secretario General<\/h3>\n<p>David Tornos Salom\u00f3<b><br \/>\n<\/b><\/p>\n<h3 class=\"blue\">Directora Gabinete Presidencia<\/h3>\n<p>Merxe Puig Mart\u00ednez<\/p>\n<p>&nbsp;<\/p>\n<h3 class=\"blue\">Vocales<\/h3>\n<p><strong>Silvia Alsina<\/strong><br \/>\nROMAN REPUTATION MATTERS<br \/>\n<strong>Josep Barcel\u00f3 Moles<\/strong><br \/>\nCaprabo, S.A.U.<br \/>\n<strong>Jaume Blancafort<\/strong><br \/>\nFECIC<br \/>\n<strong>Jordi Campalans<\/strong><br \/>\nAdam Foods<br \/>\n<strong>Joan Camprub\u00ed Potau<\/strong><br \/>\nAnella XXI<br \/>\n<strong>Andr\u00e9s Carasso Vendrell<\/strong><br \/>\nIberdrola<br \/>\n<strong>Xavier Casas Porta<\/strong><br \/>\nFederaci\u00f3 Farmac\u00e9utica, S. Coop.<br \/>\n<strong>Carmelo Cepero Ascaso<\/strong><br \/>\nEcoarome Alimentaria<br \/>\n<strong>David Cortacans S\u00e1nchez<\/strong><br \/>\nBestinver<br \/>\n<strong>Oscar de Santiago<\/strong><br \/>\nGarrigues<br \/>\n<strong>Ferran Debant<\/strong><br \/>\nGCT Plus<br \/>\n<strong>Amaya Echevarria<\/strong><br \/>\nNOVARTIS<br \/>\n<strong>Marta Escandell Vall\u00e9s<\/strong><br \/>\nGrupo EULEN<br \/>\n<strong>Manuel Escand\u00f3n Vidal<\/strong><br \/>\nSECURITAS<br \/>\n<strong>Xavier Fontanet<\/strong><br \/>\nMEMORA SERVICIOS FUNERARIOS S.L.<br \/>\n<strong>Jorge Gay de Montell\u00e0<\/strong><br \/>\nGrupo Estram<br \/>\n<strong>Joan Guinart<\/strong><br \/>\nTorraspapel<br \/>\n<strong>Cristina Guiral del Pozo<\/strong><br \/>\nTradisa\/Agora Invest<br \/>\n<strong>Francisco Hortig\u00fcela<\/strong><br \/>\nAMETIC<br \/>\n<strong>Joaquim Llans\u00f3 Nores<br \/>\n<\/strong>Consell Assessor d&#8217;Infraestructures<br \/>\n<strong>Iv\u00e1n Mart\u00ed Bertrand<\/strong><br \/>\nREPSOL<br \/>\n<strong>Jos\u00e9 M. Mesa Parra<\/strong><br \/>\nSAGITAL<br \/>\n<strong>Sacha Michaud<\/strong><br \/>\nGlovo<br \/>\n<strong>Javier Mirallas Sarabia<\/strong><br \/>\nFundaci\u00f3n Salud y Persona<br \/>\n<strong>Emma Montserrat<\/strong><br \/>\nBankinter<br \/>\n<strong>M. Carmen Mur G\u00f3mez<\/strong><br \/>\nMur &amp; Partners<br \/>\n<strong>Josep Llu\u00eds N\u00fa\u00f1ez Navarro<\/strong><br \/>\nGrup N\u00fa\u00f1ez i Navarro<br \/>\n<strong>Anna Ort\u00ed Albadalejo<\/strong><br \/>\nIndra<br \/>\n<strong>Xavier P\u00e9rez Farguell<\/strong><br \/>\nClearwater International<br \/>\n<strong>Eduardo Piedrafita Soler<br \/>\n<\/strong>ARESBANK<br \/>\n<strong>Oscar Pierre<\/strong><br \/>\nAggity Europe<br \/>\n<strong>Marc Pifarr\u00e9 Estrada<\/strong><br \/>\nCompanyia General d&#8217;Aig\u00fces de Catalunya<br \/>\n<strong>Valent\u00edn Pinuaga<\/strong><br \/>\nEquinix Spain<br \/>\n<strong>Francisco Pla Rodrigo<\/strong><br \/>\nBBVA Catalunya<br \/>\n<strong>Manel Plana Castarlenas<\/strong><br \/>\nMC Mutual<br \/>\n<strong>Xavi Pons<\/strong><br \/>\nIdilia Foods<br \/>\n<strong>Ramon Pujol<\/strong><br \/>\nMapfre, S.A.<br \/>\n<strong>Esteve Rabat Sabater<\/strong><br \/>\nFlash D&#8217;Or &#8211; Joieria Rabat<br \/>\n<strong>Carles Ransanz<\/strong><br \/>\nSAGE Spain<br \/>\n<strong>Josep Riba<\/strong><br \/>\nRiba Vidal Abogados, S.L.U<br \/>\n<strong>Jordi Roma\u00f1ach<\/strong><br \/>\nEl Corte Ingl\u00e9s<br \/>\n<strong>Jonhy Rosell Trallero<\/strong><br \/>\nCongost Plastic, S.A.<br \/>\n<strong>Joan Rovira<\/strong><br \/>\nSUNDISA<br \/>\n<strong>Claudia Safont<\/strong><br \/>\nMarlex<br \/>\n<strong>Joan A. S\u00e0nchez Carret\u00e9<\/strong><br \/>\nINVERSAFE<br \/>\n<strong>Xevi S\u00e1nchez-Llibre Galv\u00e1n<\/strong><br \/>\nGrupo Dani<br \/>\n<strong>Carlos S\u00e1nchez-Llibre P\u00e9rez<\/strong><br \/>\nBakery Group<br \/>\n<strong>Jaume Sanpera<\/strong><br \/>\nSateliot<br \/>\n<strong>Francesc Sim\u00f3<\/strong><br \/>\nBasf Espa\u00f1ola<br \/>\n<strong>Santiago Soler P\u00e9rez<\/strong><br \/>\nThe Adecco Group<br \/>\n<strong>Patricia Such Faro<\/strong><br \/>\nSEAT, S.A.<br \/>\n<strong>Guillermo Vallet<\/strong><br \/>\nHotels Catalonia<br \/>\n<strong>Judith Viader<\/strong><br \/>\nFrit Ravich[\/vc_column_text][\/vc_tta_section][vc_tta_section title=\u00bbCom. Asesoras\u00bb tab_id=\u00bb1472485595504-ba132269-7b1b\u00bb][vc_column_text el_class=\u00bbespaiat\u00bb]<\/p>\n<h3 style=\"text-align: left;\">Presidentes. <strong>Comisi\u00f3n<\/strong><\/h3>\n<p>Baldiri Ros.\u00a0<strong>Agricultura e Industria Alimentaria<\/strong><\/p>\n<p>Roser Fern\u00e1ndez.\u00a0<strong>Atenci\u00f3n a las personas<\/strong><\/p>\n<p>Cristina P\u00e9rez,\u00a0<strong>Aut\u00f3nomos<\/strong><\/p>\n<p>Roger Gaspa.<strong> Competitividad Comercial<\/strong><\/p>\n<p>Narciso Berberana. <strong>Desarrollo Sostenible<\/strong><\/p>\n<p>Valent\u00ed Pich Rosell. <strong>Econom\u00eda y Fiscalidad<\/strong><\/p>\n<p>Estefan\u00eda Gonz\u00e1lez Campins. <strong>Emprendedores<br \/>\n<\/strong><\/p>\n<p>F\u00e9lix Riera. <strong>Cultura<\/strong><\/p>\n<p>Virginia Guinda.\u00a0<strong>Energ\u00eda<br \/>\n<\/strong><\/p>\n<p>Cinta Pascual. <strong>\u00c9tica Empresarial<\/strong><\/p>\n<p>Gerard Esteva. <strong>Deportes<\/strong><\/p>\n<p>David Cortacans. <strong>Financiamiento<\/strong><\/p>\n<p>Manuel Rosillo L\u00f3pez.\u00a0<strong>Formaci\u00f3n<\/strong><\/p>\n<p>Xavier Vilajoana. <strong>Vivienda y Urbanismo<\/strong><\/p>\n<p>Francina Valls.\u00a0<strong>Igualdad<\/strong><\/p>\n<p>Ignasi Ca\u00f1agueral. <strong>Industria<\/strong><\/p>\n<p>Anna Cornad\u00f3.\u00a0<strong>Infraestructuras<\/strong><\/p>\n<p>Jordi Bosch.\u00a0<strong>Innovaci\u00f3n<\/strong><\/p>\n<p>Ignasi Costas. <strong>Inteligencia Artificial<\/strong><\/p>\n<p>Ma. Helena de Felipe. <strong>Internacional<\/strong><\/p>\n<p>Joaqu\u00edn Tornos. <strong>Jur\u00eddica<\/strong><\/p>\n<p>Luis P\u00e9rez. <strong>Laboral y Recursos Humanos<\/strong><\/p>\n<p>Vicente Codes. <strong>Seguridad y Defensa<\/strong><\/p>\n<p>Anna Ma. S\u00e1nchez.\u00a0<strong>Sociedad Digital<\/strong><\/p>\n<p>Josep M. Mart\u00ed.\u00a0<strong>Transporte y Log\u00edstica<\/strong><\/p>\n<p>Miquel Gotanegra. <strong>Turismo y Servicios<\/strong><\/p>\n<p>Ernest Quingles. <strong>Uni\u00f3n Europea<\/strong>[\/vc_column_text][\/vc_tta_section][vc_tta_section title=\u00bbCom. Estatutarias\u00bb tab_id=\u00bb1547196039825-5bfd3f3e-3c32&#8243;][vc_column_text el_class=\u00bbespaiat\u00bb]<\/p>\n<h3>Presidente.<strong> Comisi\u00f3n<\/strong><\/h3>\n<p>Santiago Ballest\u00e9 Clofent. <strong>Comisi\u00f3n Econ\u00f3mica Delegada<\/strong><\/p>\n<p>Ignacio Marull. <strong>Prevenci\u00f3n de Delitos en las Entidades Jur\u00eddicas (Compliance)<\/strong><\/p>\n<p>Joan Canals.<strong> R\u00e9gimen Interno<\/strong>[\/vc_column_text][\/vc_tta_section][vc_tta_section title=\u00bbComisionadas\u00bb tab_id=\u00bb1547196179169-a7c8b500-b700&#8243;][vc_column_text el_class=\u00bbespaiat\u00bb]<strong>Mar Alarc\u00f3n Batlle<\/strong>. Digitalizaci\u00f3n e Innovaci\u00f3n<\/p>\n<p><strong>Elisabeth Ca\u00f1igueral<\/strong>. D\u00eda del Empresario<\/p>\n<p><strong>Ma. Cinta Pascual<\/strong>. Valores, \u00c9tica y Compromiso[\/vc_column_text][\/vc_tta_section][vc_tta_section title=\u00bbConsejeros de Presidencia\u00bb tab_id=\u00bb1559743049600-4d6300c2-11b8&#8243;][vc_column_text el_class=\u00bbespaiat\u00bb]<strong>Marta Angerri Feu<\/strong><\/p>\n<p><strong>Elsa Artadi Vila<\/strong><\/p>\n<p><strong>Isabel Buesa Gambau<\/strong><\/p>\n<p><strong>Jordi Casas i Bed\u00f3s<\/strong><\/p>\n<p><strong>Valeriano G\u00f3mez S\u00e1nchez<\/strong><\/p>\n<p><strong>Josep Ma. Guinart Sol\u00e0<\/strong><\/p>\n<p><strong>Antoni Isac Aguilar<\/strong><\/p>\n<p><strong>Enrique Lacalle Coll<\/strong><\/p>\n<p><strong>Vicente Mart\u00ednez-Pujalte L\u00f3pez<\/strong><\/p>\n<p><strong>Carles Mund\u00f3 i Blanch<\/strong><\/p>\n<p><strong>Laura Pellis\u00e9 Urquiza<\/strong><\/p>\n<p><strong>Alex S\u00e1ez Jubero<\/strong><\/p>\n<p><strong>Manel J. Silva S\u00e1nchez<\/strong>[\/vc_column_text][\/vc_tta_section][\/vc_tta_tabs][\/vc_column][\/vc_row][vc_section][vc_row top_padding=\u00bb50&#8243;][vc_column width=\u00bb1\/1&#8243;]\n\t\t\t<!-- START Asociarse REVOLUTION SLIDER 6.4.6 --><p class=\"rs-p-wp-fix\"><\/p>\n\t\t\t<rs-module-wrap id=\"rev_slider_180_2_wrapper\" data-source=\"gallery\" style=\"background:linear-gradient(rgba(247,247,247,1) 0%, rgba(215,215,215,1) 100%);padding:0;margin:0px auto;margin-top:0;margin-bottom:0;\">\n\t\t\t\t<rs-module id=\"rev_slider_180_2\" style=\"\" data-version=\"6.4.6\">\n\t\t\t\t\t<rs-slides>\n\t\t\t\t\t\t<rs-slide data-key=\"rs-231\" data-title=\"Slide\" data-anim=\"ms:600;\" data-in=\"o:0;\" data-out=\"a:false;\">\n\t\t\t\t\t\t\t<img src=\"\/\/www.foment.com\/wp-content\/plugins\/revslider\/public\/assets\/assets\/dummy.png\" title=\"Mkpl\" width=\"875\" height=\"358\" class=\"rev-slidebg tp-rs-img rs-lazyload\" data-lazyload=\"\/\/www.foment.com\/wp-content\/uploads\/2021\/05\/Mkpl.jpg\" data-parallax=\"off\" data-no-retina>\n<!--\n\t\t\t\t\t\t\t--><rs-layer\n\t\t\t\t\t\t\t\tid=\"slider-180-slide-231-layer-0\" \n\t\t\t\t\t\t\t\tdata-type=\"text\"\n\t\t\t\t\t\t\t\tdata-rsp_ch=\"on\"\n\t\t\t\t\t\t\t\tdata-xy=\"x:c;yo:84px,149px,53px,52px;\"\n\t\t\t\t\t\t\t\tdata-text=\"w:normal;s:49,40,32,32;l:90,74,56,34;fw:700;a:center;\"\n\t\t\t\t\t\t\t\tdata-dim=\"w:913px,753px,572px,352px;\"\n\t\t\t\t\t\t\t\tdata-frame_999=\"o:0;st:w;\"\n\t\t\t\t\t\t\t\tstyle=\"z-index:5;font-family:Montserrat;\"\n\t\t\t\t\t\t\t>HAZTE SOCIO \n\t\t\t\t\t\t\t<\/rs-layer><!--\n\n\t\t\t\t\t\t\t--><rs-layer\n\t\t\t\t\t\t\t\tid=\"slider-180-slide-231-layer-1\" \n\t\t\t\t\t\t\t\tdata-type=\"text\"\n\t\t\t\t\t\t\t\tdata-rsp_ch=\"on\"\n\t\t\t\t\t\t\t\tdata-xy=\"x:c;yo:203px,247px,129px,106px;\"\n\t\t\t\t\t\t\t\tdata-text=\"w:normal;s:25,22,24,22;l:30,24,26,26;fw:500;a:center;\"\n\t\t\t\t\t\t\t\tdata-dim=\"w:638px,526px,614px,401px;h:78px,64px,auto,auto;\"\n\t\t\t\t\t\t\t\tdata-frame_999=\"o:0;st:w;\"\n\t\t\t\t\t\t\t\tstyle=\"z-index:6;font-family:Montserrat;\"\n\t\t\t\t\t\t\t>\u00danete a Foment del Treball y aprovecha todas las ventajas de formar parte de la mayor red de empresarios catalanes del suroeste de Europa. \n\t\t\t\t\t\t\t<\/rs-layer><!--\n\n\t\t\t\t\t\t\t--><a\n\t\t\t\t\t\t\t\tid=\"slider-180-slide-231-layer-2\" \n\t\t\t\t\t\t\t\tclass=\"rs-layer rev-btn\"\n\t\t\t\t\t\t\t\thref=\"\/es\/asociados\" target=\"_self\"\n\t\t\t\t\t\t\t\tdata-type=\"button\"\n\t\t\t\t\t\t\t\tdata-rsp_ch=\"on\"\n\t\t\t\t\t\t\t\tdata-xy=\"x:c;yo:326px,349px,230px,252px;\"\n\t\t\t\t\t\t\t\tdata-text=\"w:normal;s:14,13,18,16;l:57,55,58,51;fw:600;a:center;\"\n\t\t\t\t\t\t\t\tdata-dim=\"minh:0,none,none,none;\"\n\t\t\t\t\t\t\t\tdata-padding=\"r:36,35,38,34;l:36,35,38,34;\"\n\t\t\t\t\t\t\t\tdata-border=\"bos:solid;boc:#ffffff;bow:1px,1px,1px,1px;bor:25px,25px,25px,25px;\"\n\t\t\t\t\t\t\t\tdata-frame_999=\"o:0;st:w;\"\n\t\t\t\t\t\t\t\tdata-frame_hover=\"bgc:rgba(0,0,0,0);boc:rgba(255,255,255,0.75);bor:25px,25px,25px,25px;bos:solid;bow:1px,1px,1px,1px;e:power1.inOut;\"\n\t\t\t\t\t\t\t\tstyle=\"z-index:7;background-color:#d2112d;font-family:Montserrat;\"\n\t\t\t\t\t\t\t>M\u00c1S INFORMACI\u00d3N \n\t\t\t\t\t\t\t<\/a><!--\n-->\t\t\t\t\t\t<\/rs-slide>\n\t\t\t\t\t<\/rs-slides>\n\t\t\t\t<\/rs-module>\n\t\t\t\t<script type=\"text\/javascript\">\n\t\t\t\t\tsetREVStartSize({c: 'rev_slider_180_2',rl:[1240,1024,778,480],el:[500,600,360,360],gw:[1240,1024,778,480],gh:[500,600,360,360],type:'hero',justify:'',layout:'fullwidth',mh:\"0\"});\n\t\t\t\t\tvar\trevapi180,\n\t\t\t\t\t\ttpj;\n\t\t\t\t\tfunction revinit_revslider1802() {\n\t\t\t\t\tjQuery(function() {\n\t\t\t\t\t\ttpj = jQuery;\n\t\t\t\t\t\trevapi180 = tpj(\"#rev_slider_180_2\");\n\t\t\t\t\t\tif(revapi180==undefined || revapi180.revolution == undefined){\n\t\t\t\t\t\t\trevslider_showDoubleJqueryError(\"rev_slider_180_2\");\n\t\t\t\t\t\t}else{\n\t\t\t\t\t\t\trevapi180.revolution({\n\t\t\t\t\t\t\t\tsliderType:\"hero\",\n\t\t\t\t\t\t\t\tDPR:\"dpr\",\n\t\t\t\t\t\t\t\tsliderLayout:\"fullwidth\",\n\t\t\t\t\t\t\t\tvisibilityLevels:\"1240,1024,778,480\",\n\t\t\t\t\t\t\t\tgridwidth:\"1240,1024,778,480\",\n\t\t\t\t\t\t\t\tgridheight:\"500,600,360,360\",\n\t\t\t\t\t\t\t\tlazyType:\"smart\",\n\t\t\t\t\t\t\t\tperspective:600,\n\t\t\t\t\t\t\t\tperspectiveType:\"local\",\n\t\t\t\t\t\t\t\teditorheight:\"500,600,360,360\",\n\t\t\t\t\t\t\t\tresponsiveLevels:\"1240,1024,778,480\",\n\t\t\t\t\t\t\t\tprogressBar:{disableProgressBar:true},\n\t\t\t\t\t\t\t\tparallax: {\n\t\t\t\t\t\t\t\t\tlevels:[2,3,4,5,6,7,12,16,10,50,47,48,49,50,51,55],\n\t\t\t\t\t\t\t\t\ttype:\"mouse\",\n\t\t\t\t\t\t\t\t\torigo:\"slidercenter\",\n\t\t\t\t\t\t\t\t\tspeed:2000\n\t\t\t\t\t\t\t\t},\n\t\t\t\t\t\t\t\tfallbacks: {\n\t\t\t\t\t\t\t\t\tallowHTML5AutoPlayOnAndroid:true\n\t\t\t\t\t\t\t\t},\n\t\t\t\t\t\t\t});\n\t\t\t\t\t\t}\n\t\t\t\t\t\t\n\t\t\t\t\t});\n\t\t\t\t\t} \/\/ End of RevInitScript\n\t\t\t\tvar once_revslider1802 = false;\n\t\t\t\tif (document.readyState === \"loading\") {document.addEventListener('readystatechange',function() { if((document.readyState === \"interactive\" || document.readyState === \"complete\") && !once_revslider1802 ) { once_revslider1802 = true; revinit_revslider1802();}});} else {once_revslider1802 = true; revinit_revslider1802();}\n\t\t\t\t<\/script>\n\t\t\t<\/rs-module-wrap>\n\t\t\t<!-- END REVOLUTION SLIDER -->\n[\/vc_column][\/vc_row][\/vc_section]<\/p>\n<\/section>","protected":false},"excerpt":{"rendered":"<p>[vc_section][vc_row][vc_column width=\u00bb1\/1&#8243;][\/vc_column][\/vc_row][\/vc_section][vc_row top_padding=\u00bb50&#8243; class=\u00bbpestanyesorgans\u00bb][vc_column width=\u00bb1\/1&#8243;][vc_tta_tabs style=\u00bbflat\u00bb shape=\u00bbsquare\u00bb color=\u00bbwhite\u00bb active_section=\u00bb1&#8243; no_fill_content_area=\u00bbtrue\u00bb el_class=\u00bbpestanyesorgans\u00bb][vc_tta_section title=\u00bbConsejo Consultivo\u00bb tab_id=\u00bb1472483623317-d0abf7f4-c8be\u00bb][vc_column_text el_class=\u00bbespaiat\u00bb] Presidente Josep S\u00e1nchez Llibre Expresidentes Juan Rosell Lastortras Joaquim Gay de Montell\u00e0 Ferrer-Vidal Secretario General David Tornos Salom\u00f3 Directora Gabinete Presidencia Merxe Puig Mart\u00ednez &nbsp; Vocales Fausto Agelet Borsa de Barcelona &#8211; Grupo BME Joaquim Agut Bonsfills CIRSA Esther Alcocer Koplowitz FCC Servicios Ciudadanos Josep Ametller Ametller Origen Enric Asunci\u00f3n Wallbox Chargers Francisco Belil Creixell Fundaci\u00f3n Bertelsmann Joan Boix Noel Jos\u00e9 Luis Bonet C\u00e1mara de Comercio de Espa\u00f1a Joan Camprub\u00ed Plain Concepts Jos\u00e9 Manuel Casas Telef\u00f3nica Jos\u00e9 Alberto Carbonell Camallonga Autoritat Portu\u00e0ria de Barcelona Joan Castells FIATC Sonia Colomar Banco Santander Emili Cuatrecasas Figueras EMESA Corporaci\u00f3n Empresarial Adriana de Jos\u00e9 The Boston Consulting Group Raul D\u00edaz-Varela Grupo Indukern Nicolas Dumoulin Boehringer Ingelheim Espa\u00f1a Josep Antoni Duran i Lleida\u00a0 Bufet Colls Carlos Gallardo Ballart Almirall, S.A. Teresa Garcia-Mil\u00e0 Cercle d&#8217;Economia Carlos God\u00f3 Grupo God\u00f3 Victor Gr\u00edfols D\u00e9u Gr\u00edfols, S.A. Raimon Gr\u00edfols Roura Gr\u00edfols, S.A. Franz Heukamp IESE Jordi Jacques Nestl\u00e9 Espa\u00f1a Enrique Lacalle Coll C\u00edrculo Ecuestre Antoni Llard\u00e9n ENAGAS Sergi Loughney Grupo Fundaci\u00f3n La Caixa Jaime Malet Cambra Comer\u00e7 EUA Ignacio Manzano Nortia Capital Investment Holding Arturo Mas-Sard\u00e1 Port Aventura Josep Mateu Reial Autom\u00f2bil Club de [&hellip;]<\/p>\n","protected":false},"author":1,"featured_media":0,"parent":17128,"menu_order":0,"comment_status":"closed","ping_status":"closed","template":"","meta":{"_links_to":"","_links_to_target":""},"acf":[],"wps_subtitle":"","_links":{"self":[{"href":"https:\/\/www.foment.com\/es\/wp-json\/wp\/v2\/pages\/16405"}],"collection":[{"href":"https:\/\/www.foment.com\/es\/wp-json\/wp\/v2\/pages"}],"about":[{"href":"https:\/\/www.foment.com\/es\/wp-json\/wp\/v2\/types\/page"}],"author":[{"embeddable":true,"href":"https:\/\/www.foment.com\/es\/wp-json\/wp\/v2\/users\/1"}],"replies":[{"embeddable":true,"href":"https:\/\/www.foment.com\/es\/wp-json\/wp\/v2\/comments?post=16405"}],"version-history":[{"count":99,"href":"https:\/\/www.foment.com\/es\/wp-json\/wp\/v2\/pages\/16405\/revisions"}],"predecessor-version":[{"id":218424,"href":"https:\/\/www.foment.com\/es\/wp-json\/wp\/v2\/pages\/16405\/revisions\/218424"}],"up":[{"embeddable":true,"href":"https:\/\/www.foment.com\/es\/wp-json\/wp\/v2\/pages\/17128"}],"wp:attachment":[{"href":"https:\/\/www.foment.com\/es\/wp-json\/wp\/v2\/media?parent=16405"}],"curies":[{"name":"wp","href":"https:\/\/api.w.org\/{rel}","templated":true}]}}