{"id":174654,"date":"2023-11-27T10:52:09","date_gmt":"2023-11-27T09:52:09","guid":{"rendered":"https:\/\/www.foment.com\/?page_id=174654"},"modified":"2023-11-27T16:30:40","modified_gmt":"2023-11-27T15:30:40","slug":"nous-lideratges","status":"publish","type":"page","link":"https:\/\/www.foment.com\/es\/nous-lideratges\/","title":{"rendered":"Nous Lideratges"},"content":{"rendered":"<section class=\"wpb-content-wrapper\"><p>[vc_section full_width=\u00bbstretch_row_content\u00bb css=\u00bb.vc_custom_1700670179993{margin-top: -60px !important;padding-top: 0px !important;}\u00bb][vc_row][vc_column width=\u00bb1\/1&#8243;]\n\t\t\t<!-- START Liderages REVOLUTION SLIDER 6.4.6 --><p class=\"rs-p-wp-fix\"><\/p>\n\t\t\t<rs-module-wrap id=\"rev_slider_294_1_wrapper\" data-source=\"gallery\" style=\"background:transparent;padding:0;margin:0px auto;margin-top:0;margin-bottom:0;\">\n\t\t\t\t<rs-module id=\"rev_slider_294_1\" style=\"\" data-version=\"6.4.6\">\n\t\t\t\t\t<rs-slides>\n\t\t\t\t\t\t<rs-slide data-key=\"rs-399\" data-title=\"Slide\" data-link=\"\/\/www.foment.com\/es\/foment-celebra-dia-empresa-poniendo-en-valor-cinco-casos-exito-empresarial-y-nuevos-liderazgos\/\" data-target=\"_blank\" data-seoz=\"front\" data-anim=\"ms:600;\" data-in=\"o:0;\" data-out=\"a:false;\">\n\t\t\t\t\t\t\t<img src=\"\/\/www.foment.com\/wp-content\/plugins\/revslider\/public\/assets\/assets\/dummy.png\" alt=\"Nous lideratges\" title=\"photo1687856683-16\" width=\"1280\" height=\"854\" class=\"rev-slidebg tp-rs-img rs-lazyload\" data-lazyload=\"\/\/www.foment.com\/wp-content\/uploads\/2023\/11\/photo1687856683-16.jpeg\" data-bg=\"p:center top;\" data-parallax=\"off\" data-no-retina>\n<!--\n\t\t\t\t\t\t\t--><rs-layer\n\t\t\t\t\t\t\t\tid=\"slider-294-slide-399-layer-0\" \n\t\t\t\t\t\t\t\tdata-type=\"text\"\n\t\t\t\t\t\t\t\tdata-rsp_ch=\"on\"\n\t\t\t\t\t\t\t\tdata-xy=\"x:c;y:m;yo:-169px,-243px,120px,127px;\"\n\t\t\t\t\t\t\t\tdata-text=\"w:normal;s:30,30,28,22;l:39,32,33,30;fw:700;a:center;\"\n\t\t\t\t\t\t\t\tdata-dim=\"w:873px,826px,711px,421px;\"\n\t\t\t\t\t\t\t\tdata-frame_999=\"o:0;st:w;\"\n\t\t\t\t\t\t\t\tstyle=\"z-index:5;font-family:Montserrat;\"\n\t\t\t\t\t\t\t>Foment celebra el Dia de la Empresa poniendo en valor cinco casos de \u00e9xito empresarial y nuevos liderazgos<br \/>\n \n\t\t\t\t\t\t\t<\/rs-layer><!--\n-->\t\t\t\t\t\t<\/rs-slide>\n\t\t\t\t\t<\/rs-slides>\n\t\t\t\t<\/rs-module>\n\t\t\t\t<script type=\"text\/javascript\">\n\t\t\t\t\tsetREVStartSize({c: 'rev_slider_294_1',rl:[1240,1024,778,480],el:[500,600,360,360],gw:[1240,1024,778,480],gh:[500,600,360,360],type:'hero',justify:'',layout:'fullwidth',mh:\"0\"});\n\t\t\t\t\tvar\trevapi294,\n\t\t\t\t\t\ttpj;\n\t\t\t\t\tfunction revinit_revslider2941() {\n\t\t\t\t\tjQuery(function() {\n\t\t\t\t\t\ttpj = jQuery;\n\t\t\t\t\t\trevapi294 = tpj(\"#rev_slider_294_1\");\n\t\t\t\t\t\tif(revapi294==undefined || revapi294.revolution == undefined){\n\t\t\t\t\t\t\trevslider_showDoubleJqueryError(\"rev_slider_294_1\");\n\t\t\t\t\t\t}else{\n\t\t\t\t\t\t\trevapi294.revolution({\n\t\t\t\t\t\t\t\tsliderType:\"hero\",\n\t\t\t\t\t\t\t\tDPR:\"dpr\",\n\t\t\t\t\t\t\t\tsliderLayout:\"fullwidth\",\n\t\t\t\t\t\t\t\tvisibilityLevels:\"1240,1024,778,480\",\n\t\t\t\t\t\t\t\tgridwidth:\"1240,1024,778,480\",\n\t\t\t\t\t\t\t\tgridheight:\"500,600,360,360\",\n\t\t\t\t\t\t\t\tlazyType:\"smart\",\n\t\t\t\t\t\t\t\tperspective:600,\n\t\t\t\t\t\t\t\tperspectiveType:\"local\",\n\t\t\t\t\t\t\t\teditorheight:\"500,600,360,360\",\n\t\t\t\t\t\t\t\tresponsiveLevels:\"1240,1024,778,480\",\n\t\t\t\t\t\t\t\tprogressBar:{disableProgressBar:true},\n\t\t\t\t\t\t\t\tparallax: {\n\t\t\t\t\t\t\t\t\tlevels:[2,3,4,5,6,7,12,16,10,50,47,48,49,50,51,55],\n\t\t\t\t\t\t\t\t\ttype:\"mouse\",\n\t\t\t\t\t\t\t\t\torigo:\"slidercenter\",\n\t\t\t\t\t\t\t\t\tspeed:2000\n\t\t\t\t\t\t\t\t},\n\t\t\t\t\t\t\t\tfallbacks: {\n\t\t\t\t\t\t\t\t\tallowHTML5AutoPlayOnAndroid:true\n\t\t\t\t\t\t\t\t},\n\t\t\t\t\t\t\t});\n\t\t\t\t\t\t}\n\t\t\t\t\t\t\n\t\t\t\t\t});\n\t\t\t\t\t} \/\/ End of RevInitScript\n\t\t\t\tvar once_revslider2941 = false;\n\t\t\t\tif (document.readyState === \"loading\") {document.addEventListener('readystatechange',function() { if((document.readyState === \"interactive\" || document.readyState === \"complete\") && !once_revslider2941 ) { once_revslider2941 = true; revinit_revslider2941();}});} else {once_revslider2941 = true; revinit_revslider2941();}\n\t\t\t\t<\/script>\n\t\t\t<\/rs-module-wrap>\n\t\t\t<!-- END REVOLUTION SLIDER -->\n[\/vc_column][\/vc_row][\/vc_section][vc_row type=\u00bbfull_width_section\u00bb][vc_column width=\u00bb1\/1&#8243;]<div class=\"single_image wpb_content_element align-center  image_box_rounded  \" data-animation=\"none\" data-delay=\"0\"><img class=\"\" src=\"https:\/\/www.foment.com\/wp-content\/uploads\/2023\/11\/WhatsApp-Image-2023-11-16-at-11.08.42-1-550x275.jpeg\" width=\"550\" height=\"275\" alt=\"WhatsApp Image 2023-11-16 at 11.08.42\" title=\"WhatsApp Image 2023-11-16 at 11.08.42\" \/><\/div><div class=\"newdivider align-center\" style=\"border-bottom-style: solid; border-color: #999999; border-bottom-width: 1px; margin-top: 0; margin-bottom: 0; width: 100%; \"><\/div><div class=\"clear\"><\/div>[\/vc_column][\/vc_row][vc_section full_width=\u00bbstretch_row\u00bb css=\u00bb.vc_custom_1700652826315{background-color: #ededed !important;}\u00bb][vc_row bg_color=\u00bb#ededed\u00bb][vc_column width=\u00bb1\/1&#8243;][vc_empty_space height=\u00bb42px\u00bb]<h1 class=\"headline font-special fontsize-xxl fontweight-700 lh-inherit align-center transform-uppercase \" style=\"margin: 0 0 20px 0; color: #0a0a0a;\">VIDEOS DESTACADOS<\/h1>[vc_empty_space height=\u00bb25px\u00bb]<div class=\"video-embed  wpb_content_element\"><iframe title=\"Dia Mundial de l&#039;Empresa  - Nous Lideratges Compromesos amb el Nostre Futur\" width=\"1161\" height=\"653\" src=\"https:\/\/www.youtube.com\/embed\/au_BGjFAY_4?feature=oembed\" frameborder=\"0\" allow=\"accelerometer; autoplay; clipboard-write; encrypted-media; gyroscope; picture-in-picture; web-share\" referrerpolicy=\"strict-origin-when-cross-origin\" allowfullscreen><\/iframe><\/div><h2 class=\"headline font-special fontsize-l fontweight-400 lh-inherit align-center transform-inherit \" style=\"margin: 0 0 2px 0; color: #0a0a0a;\">D\u00eda Mundial de la Empresa &#8211; Nuevos Liderazgos Comprometidos con Nuestro Futuro<\/h2>[vc_empty_space height=\u00bb20px\u00bb][vc_column_text]En el marco del encuentro\u00a0<em><strong>Nuevos Liderazgos<\/strong><\/em>,\u00a0cinco\u00a0representantes de empresas l\u00edderes han explicado <strong>c\u00f3mo afrontan los desaf\u00edos que tienen las compa\u00f1\u00edas<\/strong> en materias como la formaci\u00f3n, el trato con el cliente o la circularidad. La jornada ha querido destacar el prop\u00f3sito que tiene la empresa en relaci\u00f3n a la sociedad.<\/p>\n<p><a href=\"https:\/\/www.foment.com\/es\/foment-celebra-dia-empresa-poniendo-en-valor-cinco-casos-exito-empresarial-y-nuevos-liderazgos\/\" target=\"_blank\" rel=\"noopener\"><span style=\"color: #ba0606;\"><strong><span style=\"font-size: 14pt;\">[+] Leer m\u00e1s<\/span><\/strong><\/span><\/a>[\/vc_column_text][vc_row_inner][vc_column_inner width=\u00bb1\/3&#8243;]<div class=\"video-embed  wpb_content_element\"><iframe title=\"Trailer de la jornada &#039;Nous Lideratges compromesos amb el nostre futur&#039; del Dia Mundial de l&#039;Empresa\" width=\"1161\" height=\"653\" src=\"https:\/\/www.youtube.com\/embed\/0KISnL0uw94?feature=oembed\" frameborder=\"0\" allow=\"accelerometer; autoplay; clipboard-write; encrypted-media; gyroscope; picture-in-picture; web-share\" referrerpolicy=\"strict-origin-when-cross-origin\" allowfullscreen><\/iframe><\/div><div class=\"video-embed  wpb_content_element\"><iframe title=\"Nous Lideratges 3 - MOVENTIA\" width=\"1161\" height=\"653\" src=\"https:\/\/www.youtube.com\/embed\/moRyUZayP2A?feature=oembed\" frameborder=\"0\" allow=\"accelerometer; autoplay; clipboard-write; encrypted-media; gyroscope; picture-in-picture; web-share\" referrerpolicy=\"strict-origin-when-cross-origin\" allowfullscreen><\/iframe><\/div>[\/vc_column_inner][vc_column_inner width=\u00bb1\/3&#8243;]<div class=\"video-embed  wpb_content_element\"><iframe title=\"Nous Lideratges 1 - CELSA GROUP\" width=\"1161\" height=\"653\" src=\"https:\/\/www.youtube.com\/embed\/UffmCN-aANA?feature=oembed\" frameborder=\"0\" allow=\"accelerometer; autoplay; clipboard-write; encrypted-media; gyroscope; picture-in-picture; web-share\" referrerpolicy=\"strict-origin-when-cross-origin\" allowfullscreen><\/iframe><\/div><div class=\"video-embed  wpb_content_element\"><iframe title=\"Nous Lideratges 4 - MICROBANK\" width=\"1161\" height=\"653\" src=\"https:\/\/www.youtube.com\/embed\/7_0nRVhrCwI?feature=oembed\" frameborder=\"0\" allow=\"accelerometer; autoplay; clipboard-write; encrypted-media; gyroscope; picture-in-picture; web-share\" referrerpolicy=\"strict-origin-when-cross-origin\" allowfullscreen><\/iframe><\/div>[\/vc_column_inner][vc_column_inner width=\u00bb1\/3&#8243;]<div class=\"video-embed  wpb_content_element\"><iframe title=\"Nous Lideratges 2 - BASF\" width=\"1161\" height=\"653\" src=\"https:\/\/www.youtube.com\/embed\/SUIM3iyKNDE?feature=oembed\" frameborder=\"0\" allow=\"accelerometer; autoplay; clipboard-write; encrypted-media; gyroscope; picture-in-picture; web-share\" referrerpolicy=\"strict-origin-when-cross-origin\" allowfullscreen><\/iframe><\/div><div class=\"video-embed  wpb_content_element\"><iframe title=\"Nous Lideratges 5 - AGBAR\" width=\"1161\" height=\"653\" src=\"https:\/\/www.youtube.com\/embed\/aBbw7mY8zeI?feature=oembed\" frameborder=\"0\" allow=\"accelerometer; autoplay; clipboard-write; encrypted-media; gyroscope; picture-in-picture; web-share\" referrerpolicy=\"strict-origin-when-cross-origin\" allowfullscreen><\/iframe><\/div>[\/vc_column_inner][\/vc_row_inner][vc_empty_space height=\u00bb60px\u00bb][vc_column_text]<\/p>\n<p style=\"text-align: right;\"><a href=\"https:\/\/www.youtube.com\/@FomentdelTreballNacional\" target=\"_blank\" rel=\"noopener\"><span style=\"color: #000000; font-size: 14pt;\"><strong><u>VER M\u00c1S EN YOUTUBE&#8230;<\/u><\/strong><\/span><\/a><\/p>\n<p>[\/vc_column_text][vc_empty_space][\/vc_column][\/vc_row][vc_row bg_color=\u00bb#ffffff\u00bb][vc_column width=\u00bb1\/1&#8243;][vc_empty_space height=\u00bb72px\u00bb]<h2 class=\"headline font-inherit fontsize-xl fontweight-400 lh-inherit align-center transform-inherit \" style=\"margin: 0 0 20px 0; color: #000000;\">GALER\u00cdA DE IM\u00c1GENES<\/h2>[vc_empty_space height=\u00bb52px\u00bb][vc_row_inner][vc_column_inner width=\u00bb2\/3&#8243;][vc_empty_space height=\u00bb14px\u00bb]<div class=\"single_image wpb_content_element align-left    \" data-animation=\"none\" data-delay=\"0\"><a href=\"https:\/\/www.foment.com\/wp-content\/uploads\/2023\/11\/NL-2.jpeg\" class=\"prettyPhoto\" rel=\"prettyPhoto[image]\"><img width=\"1280\" height=\"854\" src=\"https:\/\/www.foment.com\/wp-content\/uploads\/2023\/11\/NL-2.jpeg\" class=\"attachment-full\" alt=\"\" loading=\"lazy\" title=\"NL 2\" srcset=\"https:\/\/www.foment.com\/wp-content\/uploads\/2023\/11\/NL-2.jpeg 1280w, https:\/\/www.foment.com\/wp-content\/uploads\/2023\/11\/NL-2-300x200.jpeg 300w, https:\/\/www.foment.com\/wp-content\/uploads\/2023\/11\/NL-2-1024x683.jpeg 1024w, https:\/\/www.foment.com\/wp-content\/uploads\/2023\/11\/NL-2-768x512.jpeg 768w, https:\/\/www.foment.com\/wp-content\/uploads\/2023\/11\/NL-2-600x400.jpeg 600w\" sizes=\"(max-width: 1280px) 100vw, 1280px\" \/><\/a><\/div>[\/vc_column_inner][vc_column_inner width=\u00bb1\/3&#8243;]<div class=\"single_image wpb_content_element align-left    \" data-animation=\"none\" data-delay=\"0\"><a href=\"https:\/\/www.foment.com\/wp-content\/uploads\/2023\/11\/NL-6.jpeg\" class=\"prettyPhoto\" rel=\"prettyPhoto[image]\"><img width=\"1280\" height=\"854\" src=\"https:\/\/www.foment.com\/wp-content\/uploads\/2023\/11\/NL-6.jpeg\" class=\"attachment-full\" alt=\"\" loading=\"lazy\" title=\"NL 6\" srcset=\"https:\/\/www.foment.com\/wp-content\/uploads\/2023\/11\/NL-6.jpeg 1280w, https:\/\/www.foment.com\/wp-content\/uploads\/2023\/11\/NL-6-300x200.jpeg 300w, https:\/\/www.foment.com\/wp-content\/uploads\/2023\/11\/NL-6-1024x683.jpeg 1024w, https:\/\/www.foment.com\/wp-content\/uploads\/2023\/11\/NL-6-768x512.jpeg 768w, https:\/\/www.foment.com\/wp-content\/uploads\/2023\/11\/NL-6-600x400.jpeg 600w\" sizes=\"(max-width: 1280px) 100vw, 1280px\" \/><\/a><\/div><div class=\"single_image wpb_content_element align-left    \" data-animation=\"none\" data-delay=\"0\"><a href=\"https:\/\/www.foment.com\/wp-content\/uploads\/2023\/11\/NL-9.jpeg\" class=\"prettyPhoto\" rel=\"prettyPhoto[image]\"><img width=\"1280\" height=\"854\" src=\"https:\/\/www.foment.com\/wp-content\/uploads\/2023\/11\/NL-9.jpeg\" class=\"attachment-full\" alt=\"\" loading=\"lazy\" title=\"NL 9\" srcset=\"https:\/\/www.foment.com\/wp-content\/uploads\/2023\/11\/NL-9.jpeg 1280w, https:\/\/www.foment.com\/wp-content\/uploads\/2023\/11\/NL-9-300x200.jpeg 300w, https:\/\/www.foment.com\/wp-content\/uploads\/2023\/11\/NL-9-1024x683.jpeg 1024w, https:\/\/www.foment.com\/wp-content\/uploads\/2023\/11\/NL-9-768x512.jpeg 768w, https:\/\/www.foment.com\/wp-content\/uploads\/2023\/11\/NL-9-600x400.jpeg 600w\" sizes=\"(max-width: 1280px) 100vw, 1280px\" \/><\/a><\/div>[\/vc_column_inner][\/vc_row_inner][vc_empty_space height=\u00bb35px\u00bb][vc_row_inner][vc_column_inner width=\u00bb1\/3&#8243;]<div class=\"single_image wpb_content_element align-left    \" data-animation=\"none\" data-delay=\"0\"><a href=\"https:\/\/www.foment.com\/wp-content\/uploads\/2023\/11\/NL-8.jpeg\" class=\"prettyPhoto\" rel=\"prettyPhoto[image]\"><img width=\"1280\" height=\"854\" src=\"https:\/\/www.foment.com\/wp-content\/uploads\/2023\/11\/NL-8.jpeg\" class=\"attachment-full\" alt=\"\" loading=\"lazy\" title=\"NL 8\" srcset=\"https:\/\/www.foment.com\/wp-content\/uploads\/2023\/11\/NL-8.jpeg 1280w, https:\/\/www.foment.com\/wp-content\/uploads\/2023\/11\/NL-8-300x200.jpeg 300w, https:\/\/www.foment.com\/wp-content\/uploads\/2023\/11\/NL-8-1024x683.jpeg 1024w, https:\/\/www.foment.com\/wp-content\/uploads\/2023\/11\/NL-8-768x512.jpeg 768w, https:\/\/www.foment.com\/wp-content\/uploads\/2023\/11\/NL-8-600x400.jpeg 600w\" sizes=\"(max-width: 1280px) 100vw, 1280px\" \/><\/a><\/div>[\/vc_column_inner][vc_column_inner width=\u00bb1\/3&#8243;]<div class=\"single_image wpb_content_element align-left    \" data-animation=\"none\" data-delay=\"0\"><a href=\"https:\/\/www.foment.com\/wp-content\/uploads\/2023\/11\/NL-12.jpeg\" class=\"prettyPhoto\" rel=\"prettyPhoto[image]\"><img width=\"1280\" height=\"854\" src=\"https:\/\/www.foment.com\/wp-content\/uploads\/2023\/11\/NL-12.jpeg\" class=\"attachment-full\" alt=\"\" loading=\"lazy\" title=\"NL 12\" srcset=\"https:\/\/www.foment.com\/wp-content\/uploads\/2023\/11\/NL-12.jpeg 1280w, https:\/\/www.foment.com\/wp-content\/uploads\/2023\/11\/NL-12-300x200.jpeg 300w, https:\/\/www.foment.com\/wp-content\/uploads\/2023\/11\/NL-12-1024x683.jpeg 1024w, https:\/\/www.foment.com\/wp-content\/uploads\/2023\/11\/NL-12-768x512.jpeg 768w, https:\/\/www.foment.com\/wp-content\/uploads\/2023\/11\/NL-12-600x400.jpeg 600w\" sizes=\"(max-width: 1280px) 100vw, 1280px\" \/><\/a><\/div>[\/vc_column_inner][vc_column_inner width=\u00bb1\/3&#8243;]<div class=\"single_image wpb_content_element align-left    \" data-animation=\"none\" data-delay=\"0\"><a href=\"https:\/\/www.foment.com\/wp-content\/uploads\/2023\/11\/NL-5.jpeg\" class=\"prettyPhoto\" rel=\"prettyPhoto[image]\"><img width=\"1280\" height=\"854\" src=\"https:\/\/www.foment.com\/wp-content\/uploads\/2023\/11\/NL-5.jpeg\" class=\"attachment-full\" alt=\"\" loading=\"lazy\" title=\"NL 5\" srcset=\"https:\/\/www.foment.com\/wp-content\/uploads\/2023\/11\/NL-5.jpeg 1280w, https:\/\/www.foment.com\/wp-content\/uploads\/2023\/11\/NL-5-300x200.jpeg 300w, https:\/\/www.foment.com\/wp-content\/uploads\/2023\/11\/NL-5-1024x683.jpeg 1024w, https:\/\/www.foment.com\/wp-content\/uploads\/2023\/11\/NL-5-768x512.jpeg 768w, https:\/\/www.foment.com\/wp-content\/uploads\/2023\/11\/NL-5-600x400.jpeg 600w\" sizes=\"(max-width: 1280px) 100vw, 1280px\" \/><\/a><\/div>[vc_empty_space height=\u00bb20px\u00bb][vc_column_text]<\/p>\n<p style=\"text-align: right;\"><span style=\"color: #000000;\"><a style=\"color: #000000;\" href=\"https:\/\/www.flickr.com\/photos\/fomentdeltreball\/albums\/72177720312860689\" target=\"_blank\" rel=\"noopener\"><strong><u><span style=\"font-size: 14pt;\">VER TODAS LAS IM\u00c1GENES&#8230;<\/span><\/u><\/strong><\/a><\/span><\/p>\n<p>[\/vc_column_text][vc_empty_space height=\u00bb52px\u00bb][\/vc_column_inner][\/vc_row_inner]<h2 class=\"headline font-special fontsize-xl fontweight-600 lh-inherit align-center transform-uppercase \" style=\"margin: 0 0 20px 0; color: #000000;\">Nuestro Twitter<\/h2>[vc_raw_html]JTNDYSUyMGNsYXNzJTNEJTIydHdpdHRlci10aW1lbGluZSUyMiUyMGRhdGEtaGVpZ2h0JTNEJTIyNjAwJTIyJTIwZGF0YS10aGVtZSUzRCUyMmxpZ2h0JTIyJTIwaHJlZiUzRCUyMmh0dHBzJTNBJTJGJTJGdHdpdHRlci5jb20lMkZGb21lbnRUcmViYWxsJTNGcmVmX3NyYyUzRHR3c3JjJTI1NUV0ZnclMjIlM0VUd2VldHMlMjBieSUyMEZvbWVudFRyZWJhbGwlM0MlMkZhJTNFJTIwJTNDc2NyaXB0JTIwYXN5bmMlMjBzcmMlM0QlMjJodHRwcyUzQSUyRiUyRnBsYXRmb3JtLnR3aXR0ZXIuY29tJTJGd2lkZ2V0cy5qcyUyMiUyMGNoYXJzZXQlM0QlMjJ1dGYtOCUyMiUzRSUzQyUyRnNjcmlwdCUzRQ==[\/vc_raw_html][\/vc_column][\/vc_row][vc_row][vc_column width=\u00bb1\/1&#8243;][vc_tweetmeme type=\u00bbfollow\u00bb follow_user=\u00bbFomentTreball\u00bb show_followers_count=\u00bbtrue\u00bb large_button=\u00bbtrue\u00bb css_animation=\u00bbbounceIn\u00bb][\/vc_column][\/vc_row][\/vc_section]<\/p>\n<\/section>","protected":false},"excerpt":{"rendered":"<p>[vc_section full_width=\u00bbstretch_row_content\u00bb css=\u00bb.vc_custom_1700670179993{margin-top: -60px !important;padding-top: 0px !important;}\u00bb][vc_row][vc_column width=\u00bb1\/1&#8243;][\/vc_column][\/vc_row][\/vc_section][vc_row type=\u00bbfull_width_section\u00bb][vc_column width=\u00bb1\/1&#8243;][\/vc_column][\/vc_row][vc_section full_width=\u00bbstretch_row\u00bb css=\u00bb.vc_custom_1700652826315{background-color: #ededed !important;}\u00bb][vc_row bg_color=\u00bb#ededed\u00bb][vc_column width=\u00bb1\/1&#8243;][vc_empty_space height=\u00bb42px\u00bb][vc_empty_space height=\u00bb25px\u00bb][vc_empty_space height=\u00bb20px\u00bb][vc_column_text]En el marco del encuentro\u00a0Nuevos Liderazgos,\u00a0cinco\u00a0representantes de empresas l\u00edderes han explicado c\u00f3mo afrontan los desaf\u00edos que tienen las compa\u00f1\u00edas en materias como la formaci\u00f3n, el trato con el cliente o la circularidad. La jornada ha querido destacar el prop\u00f3sito que tiene la empresa en relaci\u00f3n a la sociedad. [+] Leer m\u00e1s[\/vc_column_text][vc_row_inner][vc_column_inner width=\u00bb1\/3&#8243;][\/vc_column_inner][vc_column_inner width=\u00bb1\/3&#8243;][\/vc_column_inner][vc_column_inner width=\u00bb1\/3&#8243;][\/vc_column_inner][\/vc_row_inner][vc_empty_space height=\u00bb60px\u00bb][vc_column_text] VER M\u00c1S EN YOUTUBE&#8230; [\/vc_column_text][vc_empty_space][\/vc_column][\/vc_row][vc_row bg_color=\u00bb#ffffff\u00bb][vc_column width=\u00bb1\/1&#8243;][vc_empty_space height=\u00bb72px\u00bb][vc_empty_space height=\u00bb52px\u00bb][vc_row_inner][vc_column_inner width=\u00bb2\/3&#8243;][vc_empty_space height=\u00bb14px\u00bb][\/vc_column_inner][vc_column_inner width=\u00bb1\/3&#8243;][\/vc_column_inner][\/vc_row_inner][vc_empty_space height=\u00bb35px\u00bb][vc_row_inner][vc_column_inner width=\u00bb1\/3&#8243;][\/vc_column_inner][vc_column_inner width=\u00bb1\/3&#8243;][\/vc_column_inner][vc_column_inner width=\u00bb1\/3&#8243;][vc_empty_space height=\u00bb20px\u00bb][vc_column_text] VER TODAS LAS IM\u00c1GENES&#8230; [\/vc_column_text][vc_empty_space height=\u00bb52px\u00bb][\/vc_column_inner][\/vc_row_inner][vc_raw_html]JTNDYSUyMGNsYXNzJTNEJTIydHdpdHRlci10aW1lbGluZSUyMiUyMGRhdGEtaGVpZ2h0JTNEJTIyNjAwJTIyJTIwZGF0YS10aGVtZSUzRCUyMmxpZ2h0JTIyJTIwaHJlZiUzRCUyMmh0dHBzJTNBJTJGJTJGdHdpdHRlci5jb20lMkZGb21lbnRUcmViYWxsJTNGcmVmX3NyYyUzRHR3c3JjJTI1NUV0ZnclMjIlM0VUd2VldHMlMjBieSUyMEZvbWVudFRyZWJhbGwlM0MlMkZhJTNFJTIwJTNDc2NyaXB0JTIwYXN5bmMlMjBzcmMlM0QlMjJodHRwcyUzQSUyRiUyRnBsYXRmb3JtLnR3aXR0ZXIuY29tJTJGd2lkZ2V0cy5qcyUyMiUyMGNoYXJzZXQlM0QlMjJ1dGYtOCUyMiUzRSUzQyUyRnNjcmlwdCUzRQ==[\/vc_raw_html][\/vc_column][\/vc_row][vc_row][vc_column width=\u00bb1\/1&#8243;][vc_tweetmeme type=\u00bbfollow\u00bb follow_user=\u00bbFomentTreball\u00bb show_followers_count=\u00bbtrue\u00bb large_button=\u00bbtrue\u00bb css_animation=\u00bbbounceIn\u00bb][\/vc_column][\/vc_row][\/vc_section]<\/p>\n","protected":false},"author":281,"featured_media":0,"parent":0,"menu_order":0,"comment_status":"closed","ping_status":"closed","template":"","meta":{"_links_to":"","_links_to_target":""},"acf":[],"wps_subtitle":"","_links":{"self":[{"href":"https:\/\/www.foment.com\/es\/wp-json\/wp\/v2\/pages\/174654"}],"collection":[{"href":"https:\/\/www.foment.com\/es\/wp-json\/wp\/v2\/pages"}],"about":[{"href":"https:\/\/www.foment.com\/es\/wp-json\/wp\/v2\/types\/page"}],"author":[{"embeddable":true,"href":"https:\/\/www.foment.com\/es\/wp-json\/wp\/v2\/users\/281"}],"replies":[{"embeddable":true,"href":"https:\/\/www.foment.com\/es\/wp-json\/wp\/v2\/comments?post=174654"}],"version-history":[{"count":7,"href":"https:\/\/www.foment.com\/es\/wp-json\/wp\/v2\/pages\/174654\/revisions"}],"predecessor-version":[{"id":174705,"href":"https:\/\/www.foment.com\/es\/wp-json\/wp\/v2\/pages\/174654\/revisions\/174705"}],"wp:attachment":[{"href":"https:\/\/www.foment.com\/es\/wp-json\/wp\/v2\/media?parent=174654"}],"curies":[{"name":"wp","href":"https:\/\/api.w.org\/{rel}","templated":true}]}}