{"id":182807,"date":"2024-05-17T14:32:05","date_gmt":"2024-05-17T12:32:05","guid":{"rendered":"https:\/\/www.foment.com\/?page_id=182807"},"modified":"2024-07-17T14:36:07","modified_gmt":"2024-07-17T12:36:07","slug":"amazonimpulsa","status":"publish","type":"page","link":"https:\/\/www.foment.com\/es\/amazonimpulsa\/","title":{"rendered":"Amazon Impulsa"},"content":{"rendered":"<section class=\"wpb-content-wrapper\"><p>[vc_row type=\u00bbfull_width_section\u00bb bg_color=\u00bb#ffffff\u00bb][vc_column width=\u00bb1\/1&#8243;]<div class=\"single_image wpb_content_element align-left    \" data-animation=\"none\" data-delay=\"0\"><img width=\"1536\" height=\"529\" src=\"https:\/\/www.foment.com\/wp-content\/uploads\/2024\/07\/banner-Amazon-16_es.png\" class=\"attachment-full\" alt=\"\" loading=\"lazy\" title=\"banner Amazon 16_es\" srcset=\"https:\/\/www.foment.com\/wp-content\/uploads\/2024\/07\/banner-Amazon-16_es.png 1536w, https:\/\/www.foment.com\/wp-content\/uploads\/2024\/07\/banner-Amazon-16_es-300x103.png 300w, https:\/\/www.foment.com\/wp-content\/uploads\/2024\/07\/banner-Amazon-16_es-1024x353.png 1024w, https:\/\/www.foment.com\/wp-content\/uploads\/2024\/07\/banner-Amazon-16_es-768x265.png 768w\" sizes=\"(max-width: 1536px) 100vw, 1536px\" \/><\/div>[\/vc_column][\/vc_row][vc_row bg_color=\u00bb#ededed\u00bb][vc_column width=\u00bb1\/1&#8243;][vc_empty_space height=\u00bb40px\u00bb][vc_column_text]<\/p>\n<h2 style=\"text-align: center; color: #c12238;\">Amazon Impulsa<\/h2>\n<h3 style=\"text-align: center;\">Acelerando la digitalizaci\u00f3n de las pymes<\/h3>\n<p style=\"text-align: left;\">Amazon Impulsa es una iniciativa de Foment del Treball y Amazon, dise\u00f1ada para ayudar a las peque\u00f1as y medianas empresas a mejorar su presencia en l\u00ednea y maximizar sus ventas. A trav\u00e9s de webinars, asesor\u00edas personalizadas y estrategias de marketing, proporcionamos las herramientas necesarias para que tu negocio destaque en el mercado digital.<\/p>\n<p>[\/vc_column_text][vc_btn title=\u00bbConoce m\u00e1s sobre el Programa\u00bb color=\u00bbjuicy-pink\u00bb size=\u00bblg\u00bb align=\u00bbcenter\u00bb link=\u00bburl:https%3A%2F%2Ffomentdeltreball.sharepoint.com%2F%3Ab%3A%2Fg%2FEVN-wQFvGEVKmVcfVjh_G5oBD67RnLWKj690sJtm-IeGCg%3Fe%3DMPKmEG|title:Bases%20Reguladoras%20Amazon%20Impulsa|target:_blank\u00bb]<div class=\"spacer\" style=\"height: 60px;\"><\/div>[\/vc_column][\/vc_row][vc_row][vc_column][vc_column_text]<\/p>\n<p>[\/vc_column_text][vc_empty_space height=\u00bb40px\u00bb][\/vc_column][\/vc_row][vc_row][vc_column width=\u00bb2\/3&#8243;][vc_column_text]<span class='dropcap dropcap-book'>F<\/span>\n<p style=\"text-align: justify;\">oment del Treball y Amazon presentan el programa Amazon Impulsa. Este programa est\u00e1 orientado a apoyar a <strong><span style=\"color: #c12238;\"><span style=\"color: #000000;\">15 p<\/span><span style=\"color: #000000;\">eque\u00f1as y medianas empresas<\/span><\/span><\/strong> (pymes). Ofrecemos una serie de actividades y recursos dise\u00f1ados para ayudarte a aprovechar al m\u00e1ximo las oportunidades del comercio electr\u00f3nico, incluyendo:<\/p>\n<ul>\n<li>Webinars en vivo sobre estrategias de marketing digital.<\/li>\n<li>Asesor\u00edas personalizadas con expertos de Amazon.<\/li>\n<li>Acceso a herramientas de log\u00edstica y gesti\u00f3n de inventarios.<\/li>\n<li>Sesiones de networking con otros emprendedores.<\/li>\n<\/ul>\n<p>El objetivo es transformar tus listados en ofertas destacadas y ayudarte a seguir desarroll\u00e1ndote como vendedor en Amazon.[\/vc_column_text][\/vc_column][vc_column text_align=\u00bbcenter\u00bb width=\u00bb1\/3&#8243;][vc_single_image image=\u00bb183146&#8243; img_size=\u00bbmedium\u00bb alignment=\u00bbcenter\u00bb][vc_btn title=\u00bbReg\u00edstrate Ahora\u00bb color=\u00bbjuicy-pink\u00bb size=\u00bblg\u00bb align=\u00bbcenter\u00bb link=\u00bburl:https%3A%2F%2Fforms.office.com%2Fpages%2Fresponsepage.aspx%3Fid%3DjZN882U4iUq5m7AAx2p0v1sudKHVcspJmbHzaYM5-MBUNkwwMkFSRURNMFlZWUlRSDk1VDJIN0FBUiQlQCN0PWcu|title:%C2%A1Reg%C3%ADstrate!|target:_blank\u00bb][\/vc_column][\/vc_row][vc_row][vc_column][vc_column_text]<\/p>\n<p>[\/vc_column_text][\/vc_column][\/vc_row][vc_row bg_color=\u00bb#ffffff\u00bb top_padding=\u00bb60&#8243; bottom_padding=\u00bb40&#8243;][vc_column width=\u00bb1\/1&#8243;]<h2 class=\"headline font-inherit fontsize-xxxl fontweight-700 lh-inherit align-center transform-inherit \" style=\"margin: 0 0 50px 0; color: #000000;\">\u00bfQui\u00e9n puede participar?<\/h2>[vc_column_text]<\/p>\n<p style=\"text-align: justify;\">Amazon Impulsa est\u00e1 dirigido a todos los emprendedores y propietarios de peque\u00f1as y medianas empresas que buscan mejorar su presencia en l\u00ednea y maximizar sus ventas en Amazon. No importa si eres una PYME experimentada o no en vender en l\u00ednea, el programa ofrece recursos valiosos para todos los niveles.<\/p>\n<p>[\/vc_column_text][\/vc_column][\/vc_row][vc_row][vc_column][vc_column_text]<\/p>\n<p>[\/vc_column_text][\/vc_column][\/vc_row][vc_row bg_color=\u00bb#c12238&#8243; text_color=\u00bbcustom\u00bb custom_text_color=\u00bb#ffffff\u00bb top_padding=\u00bb20&#8243; bottom_padding=\u00bb60&#8243;][vc_column width=\u00bb1\/1&#8243;][vc_row_inner][vc_column_inner width=\u00bb1\/2&#8243;][vc_empty_space height=\u00bb45px\u00bb][vc_column_text]<\/p>\n<h3><strong>OBJETIVOS DEL PROGRAMA<\/strong><\/h3>\n<ul>\n<li>Impulsar la digitalizaci\u00f3n de las pymes.<\/li>\n<li>Proporcionar herramientas y estrategias de marketing digital.<\/li>\n<li>Facilitar asesor\u00edas personalizadas con expertos de Amazon.<\/li>\n<li>Fomentar el networking entre emprendedores.<\/li>\n<\/ul>\n<p>[\/vc_column_text][vc_empty_space height=\u00bb10px\u00bb][vc_column_text]<\/p>\n<h3><strong>REQUISITOS<\/strong><\/h3>\n<ul>\n<li>Ser una peque\u00f1a o mediana empresa.<\/li>\n<li>Actuar como fabricante de marcas propias o como distribuidor autorizado de marcas registradas en Espa\u00f1a\/EUIPO.<\/li>\n<li>No ser colaborador comercial en Amazon o, de serlo, haber empezado a vender en Amazon en los \u00faltimos 12 meses.<\/li>\n<\/ul>\n<p>[\/vc_column_text][\/vc_column_inner][vc_column_inner width=\u00bb1\/2&#8243;][vc_empty_space height=\u00bb45px\u00bb][vc_column_text]<\/p>\n<h3><strong>BENEFICIOS<\/strong><\/h3>\n<ul>\n<li>2 horas semanales de asesoramiento personalizado durante 6 meses.<\/li>\n<li>Acceso a webinars y sesiones de formaci\u00f3n en vivo.<\/li>\n<li>Consultor\u00edas personalizadas.<\/li>\n<li>Apoyo en la gesti\u00f3n de inventarios y log\u00edstica.<\/li>\n<li>Estrategias para maximizar tus ventas, especialmente durante la temporada alta.<\/li>\n<\/ul>\n<p>[\/vc_column_text][vc_empty_space height=\u00bb10px\u00bb][vc_column_text]<\/p>\n<h3><span style=\"color: #c12238;\"><strong>.<\/strong><\/span><\/h3>\n<ul>\n<li>Contar con cat\u00e1logo digitalizado de los productos a ofrecer.<\/li>\n<li>Contar con disponibilidad horaria para la configuraci\u00f3n en l\u00ednea de tu negocio.<\/li>\n<li>Compromiso con las oportunidades ofrecidas por el programa.<\/li>\n<\/ul>\n<p>[\/vc_column_text][\/vc_column_inner][\/vc_row_inner][vc_empty_space height=\u00bb45px\u00bb][vc_row_inner][vc_column_inner width=\u00bb1\/3&#8243;][\/vc_column_inner][vc_column_inner width=\u00bb1\/3&#8243;]<a href=\"https:\/\/fomentdeltreball.sharepoint.com\/:b:\/g\/EVN-wQFvGEVKmVcfVjh_G5oBD67RnLWKj690sJtm-IeGCg?e=MPKmEG\" target=\"_blank\" class=\"button color-8 large \" style=\"border-radius: 12px;\">Consulta todas las bases<\/a>[\/vc_column_inner][vc_column_inner width=\u00bb1\/3&#8243;][\/vc_column_inner][\/vc_row_inner][vc_empty_space height=\u00bb1px\u00bb][\/vc_column][\/vc_row][vc_row bg_color=\u00bb#ffffff\u00bb][vc_column width=\u00bb1\/1&#8243;][vc_empty_space height=\u00bb1px\u00bb][\/vc_column][\/vc_row][vc_row bg_color=\u00bb#ffffff\u00bb][vc_column width=\u00bb1\/1&#8243;][vc_empty_space height=\u00bb45px\u00bb]<h2 class=\"headline font-inherit fontsize-xxxl fontweight-700 lh-inherit align-center transform-inherit \" style=\"margin: 0 0 50px 0; color: #000000;\">Amazon con las pymes<\/h2>[vc_column_text]<\/p>\n<p style=\"text-align: justify;\">Amazon mantiene un fuerte compromiso con el tejido empresarial espa\u00f1ol. <strong>Actualmente m\u00e1s de<\/strong> <strong>15.000 pymes espa\u00f1olas venden en la tienda de Amazon<\/strong> y estas registraron m\u00e1s de 950 millones de euros en exportaciones en 2022, una cifra que representa un crecimiento del 10% respecto al a\u00f1o anterior. Catalu\u00f1a es la comunidad aut\u00f3noma con el mayor n\u00famero de pymes vendiendo en Amazon y con la cifra m\u00e1s alta en volumen de exportaciones, con m\u00e1s de 3.300 peque\u00f1as y medianas empresas catalanas presentes en su tienda, las cuales alcanzaron la cifra de 250 millones de euros en 2022.<\/p>\n<p>Por esta raz\u00f3n, desde Amazon invertimos cada a\u00f1o en <strong>herramientas, formaci\u00f3n y apoyo para un gran n\u00famero de peque\u00f1as y medianas empresas<\/strong> <strong>de todo el pa\u00eds<\/strong> que utilizan nuestra tecnolog\u00eda y servicios para hacer crecer sus negocios mediante el aumento de las ventas dentro y fuera de Espa\u00f1a.<\/p>\n<p>Como parte de este compromiso, Amazon tiene como objetivo formar a <strong>50.000 peque\u00f1as y medianas empresas espa\u00f1olas en competencias digitales antes de que finalice el 2025<\/strong> para que estas puedan vender globalmente y asentar los cimientos para tener \u00e9xito en los pr\u00f3ximos a\u00f1os, ya sea vendiendo a trav\u00e9s de Amazon o cualquier otro canal. Para llegar a este objetivo la compa\u00f1\u00eda cuenta, entre otros, con el programa de formaci\u00f3n gratuito Despega, dise\u00f1ado en colaboraci\u00f3n con IE University y otras instituciones p\u00fablicas, como Foment, con el que ya hemos formado a m\u00e1s de 45.000 pymes y emprendedores espa\u00f1oles para ayudarles a digitalizar sus negocios.<\/p>\n<p>En este sentido, tanto Foment como Amazon mantienen un claro compromiso con la transformaci\u00f3n digital de las PYMES. Este es un paso m\u00e1s para favorecer la competitividad de las empresas en Catalunya y abrirles las puertas a un mercado global.[\/vc_column_text][vc_empty_space height=\u00bb40px\u00bb][\/vc_column][\/vc_row][vc_row bg_color=\u00bb#ededed\u00bb top_padding=\u00bb60&#8243; bottom_padding=\u00bb60&#8243;][vc_column width=\u00bb1\/1&#8243;]<h1 class=\"headline font-special fontsize-xl fontweight-700 lh-inherit align-center transform-uppercase \" style=\"margin: 30px 0 40px 0;\">Fechas Clave del Programa<br \/>\n<\/h1><div class=\"minti_carousel  grab-false dots\" data-columns=\"3\" data-tabletcolumns=\"3\" data-nav=\"false\" data-pagination=\"false\" data-autoplay=\"false\" data-animationtime=\"4000\"><div class=\"box clearfix style-1 wpb_content_element align-center \" style=\"padding: 40px 40px 40px 40px; \">\n<h6 style=\"text-align: center; color: #c12238;\">Junio<\/h6>\n<p style=\"text-align: center;\"><strong>Apertura de Inscripciones<\/strong><br \/>\nComienza el registro para participar en el programa.<\/p>\n<\/div><div class=\"box clearfix style-1 wpb_content_element align-center \" style=\"padding: 40px 40px 40px 40px; \">\n<h6 style=\"text-align: center; color: #c12238;\">26 de julio<\/h6>\n<p style=\"text-align: center;\"><strong>Cierre de Solicitudes<\/strong><br \/>\nA las 0:00h. finaliza el periodo de recepci\u00f3n de inscripciones.<\/p>\n<\/div><div class=\"box clearfix style-1 wpb_content_element align-center \" style=\"padding: 40px 40px 40px 40px; \">\n<h6 style=\"text-align: center; color: #c12238;\">16 de septiembre<\/h6>\n<p style=\"text-align: center;\"><strong>Inicio del Programa<\/strong><br \/>\nDe septiembre a febrero: sesiones de asesoramiento estrat\u00e9gico.<\/p>\n<\/div><\/div>[vc_empty_space][\/vc_column][\/vc_row][vc_row bg_color=\u00bbrgba(0,0,0,0.85)\u00bb text_color=\u00bbcustom\u00bb custom_text_color=\u00bb#ffffff\u00bb text_align=\u00bbcenter\u00bb top_padding=\u00bb60&#8243; bottom_padding=\u00bb60&#8243;][vc_column column_center=\u00bbtrue\u00bb width=\u00bb1\/1&#8243;]<h1 class=\"headline font-inherit fontsize-l fontweight-inherit lh-inherit align-center transform-inherit \" style=\"margin: 0 0 20px 0;\">Quieres participar?<\/h1><a href=\"https:\/\/fomentdeltreball.sharepoint.com\/:b:\/g\/EVN-wQFvGEVKmVcfVjh_G5oBD67RnLWKj690sJtm-IeGCg?e=MPKmEG\" target=\"_blank\" class=\"button color-3 medium \" style=\"border-radius: 2px;\">Consulta las bases<\/a><h1 class=\"headline font-inherit fontsize-l fontweight-inherit lh-inherit align-center transform-inherit \" style=\"margin: 0 0 20px 0;\">Y presenta tu candidatura<\/h1><a href=\"https:\/\/forms.office.com\/pages\/responsepage.aspx?id=jZN882U4iUq5m7AAx2p0v1sudKHVcspJmbHzaYM5-MBUNkwwMkFSRURNMFlZWUlRSDk1VDJIN0FBUiQlQCN0PWcu\" target=\"_blank\" class=\"button color-3 medium \" style=\"border-radius: 2px;\">Propuesta de candidatura<\/a>[vc_empty_space][\/vc_column][\/vc_row][vc_row bg_color=\u00bb#d12238&#8243;][vc_column width=\u00bb1\/1&#8243;][vc_empty_space]<h2 class=\"headline font-inherit fontsize-xl fontweight-inherit lh-12 align-center transform-inherit \" style=\"margin: 0 0 0 0; color: #ffffff;\">Consell Territorial de la Pime<\/h2>[vc_empty_space][\/vc_column][\/vc_row][vc_row][vc_column width=\u00bb1\/1&#8243;]<div class=\"single_image wpb_content_element align-left    \" data-animation=\"none\" data-delay=\"0\"><img width=\"3300\" height=\"1856\" src=\"https:\/\/www.foment.com\/wp-content\/uploads\/2024\/05\/Logos-Consell-Territorial-de-la-Pime.png\" class=\"attachment-full\" alt=\"\" loading=\"lazy\" title=\"Logos Consell Territorial de la Pime\" srcset=\"https:\/\/www.foment.com\/wp-content\/uploads\/2024\/05\/Logos-Consell-Territorial-de-la-Pime.png 3300w, https:\/\/www.foment.com\/wp-content\/uploads\/2024\/05\/Logos-Consell-Territorial-de-la-Pime-300x169.png 300w, https:\/\/www.foment.com\/wp-content\/uploads\/2024\/05\/Logos-Consell-Territorial-de-la-Pime-1024x576.png 1024w, https:\/\/www.foment.com\/wp-content\/uploads\/2024\/05\/Logos-Consell-Territorial-de-la-Pime-768x432.png 768w, https:\/\/www.foment.com\/wp-content\/uploads\/2024\/05\/Logos-Consell-Territorial-de-la-Pime-1536x864.png 1536w, https:\/\/www.foment.com\/wp-content\/uploads\/2024\/05\/Logos-Consell-Territorial-de-la-Pime-2048x1152.png 2048w, https:\/\/www.foment.com\/wp-content\/uploads\/2024\/05\/Logos-Consell-Territorial-de-la-Pime-1000x563.png 1000w\" sizes=\"(max-width: 3300px) 100vw, 3300px\" \/><\/div>[\/vc_column][\/vc_row]<\/p>\n<\/section>","protected":false},"excerpt":{"rendered":"<p>[vc_row type=\u00bbfull_width_section\u00bb bg_color=\u00bb#ffffff\u00bb][vc_column width=\u00bb1\/1&#8243;][\/vc_column][\/vc_row][vc_row bg_color=\u00bb#ededed\u00bb][vc_column width=\u00bb1\/1&#8243;][vc_empty_space height=\u00bb40px\u00bb][vc_column_text] Amazon Impulsa Acelerando la digitalizaci\u00f3n de las pymes Amazon Impulsa es una iniciativa de Foment del Treball y Amazon, dise\u00f1ada para ayudar a las peque\u00f1as y medianas empresas a mejorar su presencia en l\u00ednea y maximizar sus ventas. A trav\u00e9s de webinars, asesor\u00edas personalizadas y estrategias de marketing, proporcionamos las herramientas necesarias para que tu negocio destaque en el mercado digital. [\/vc_column_text][vc_btn title=\u00bbConoce m\u00e1s sobre el Programa\u00bb color=\u00bbjuicy-pink\u00bb size=\u00bblg\u00bb align=\u00bbcenter\u00bb link=\u00bburl:https%3A%2F%2Ffomentdeltreball.sharepoint.com%2F%3Ab%3A%2Fg%2FEVN-wQFvGEVKmVcfVjh_G5oBD67RnLWKj690sJtm-IeGCg%3Fe%3DMPKmEG|title:Bases%20Reguladoras%20Amazon%20Impulsa|target:_blank\u00bb][\/vc_column][\/vc_row][vc_row][vc_column][vc_column_text] [\/vc_column_text][vc_empty_space height=\u00bb40px\u00bb][\/vc_column][\/vc_row][vc_row][vc_column width=\u00bb2\/3&#8243;][vc_column_text] oment del Treball y Amazon presentan el programa Amazon Impulsa. Este programa est\u00e1 orientado a apoyar a 15 peque\u00f1as y medianas empresas (pymes). Ofrecemos una serie de actividades y recursos dise\u00f1ados para ayudarte a aprovechar al m\u00e1ximo las oportunidades del comercio electr\u00f3nico, incluyendo: Webinars en vivo sobre estrategias de marketing digital. Asesor\u00edas personalizadas con expertos de Amazon. Acceso a herramientas de log\u00edstica y gesti\u00f3n de inventarios. Sesiones de networking con otros emprendedores. El objetivo es transformar tus listados en ofertas destacadas y ayudarte a seguir desarroll\u00e1ndote como vendedor en Amazon.[\/vc_column_text][\/vc_column][vc_column text_align=\u00bbcenter\u00bb width=\u00bb1\/3&#8243;][vc_single_image image=\u00bb183146&#8243; img_size=\u00bbmedium\u00bb alignment=\u00bbcenter\u00bb][vc_btn title=\u00bbReg\u00edstrate Ahora\u00bb color=\u00bbjuicy-pink\u00bb size=\u00bblg\u00bb align=\u00bbcenter\u00bb link=\u00bburl:https%3A%2F%2Fforms.office.com%2Fpages%2Fresponsepage.aspx%3Fid%3DjZN882U4iUq5m7AAx2p0v1sudKHVcspJmbHzaYM5-MBUNkwwMkFSRURNMFlZWUlRSDk1VDJIN0FBUiQlQCN0PWcu|title:%C2%A1Reg%C3%ADstrate!|target:_blank\u00bb][\/vc_column][\/vc_row][vc_row][vc_column][vc_column_text] [\/vc_column_text][\/vc_column][\/vc_row][vc_row bg_color=\u00bb#ffffff\u00bb top_padding=\u00bb60&#8243; bottom_padding=\u00bb40&#8243;][vc_column width=\u00bb1\/1&#8243;][vc_column_text] Amazon Impulsa est\u00e1 dirigido a todos los emprendedores y propietarios de peque\u00f1as y [&hellip;]<\/p>\n","protected":false},"author":281,"featured_media":0,"parent":0,"menu_order":0,"comment_status":"closed","ping_status":"closed","template":"","meta":{"_links_to":"","_links_to_target":""},"acf":[],"wps_subtitle":"","_links":{"self":[{"href":"https:\/\/www.foment.com\/es\/wp-json\/wp\/v2\/pages\/182807"}],"collection":[{"href":"https:\/\/www.foment.com\/es\/wp-json\/wp\/v2\/pages"}],"about":[{"href":"https:\/\/www.foment.com\/es\/wp-json\/wp\/v2\/types\/page"}],"author":[{"embeddable":true,"href":"https:\/\/www.foment.com\/es\/wp-json\/wp\/v2\/users\/281"}],"replies":[{"embeddable":true,"href":"https:\/\/www.foment.com\/es\/wp-json\/wp\/v2\/comments?post=182807"}],"version-history":[{"count":171,"href":"https:\/\/www.foment.com\/es\/wp-json\/wp\/v2\/pages\/182807\/revisions"}],"predecessor-version":[{"id":188058,"href":"https:\/\/www.foment.com\/es\/wp-json\/wp\/v2\/pages\/182807\/revisions\/188058"}],"wp:attachment":[{"href":"https:\/\/www.foment.com\/es\/wp-json\/wp\/v2\/media?parent=182807"}],"curies":[{"name":"wp","href":"https:\/\/api.w.org\/{rel}","templated":true}]}}