{"id":194327,"date":"2024-12-05T15:01:25","date_gmt":"2024-12-05T14:01:25","guid":{"rendered":"https:\/\/www.foment.com\/?page_id=194327"},"modified":"2025-09-30T12:38:14","modified_gmt":"2025-09-30T10:38:14","slug":"progresa","status":"publish","type":"page","link":"https:\/\/www.foment.com\/es\/progresa\/","title":{"rendered":"Progresa"},"content":{"rendered":"<section class=\"wpb-content-wrapper\"><p>[vc_row type=\u00bbfull_width_section\u00bb][vc_column width=\u00bb1\/1&#8243;]<div class=\"single_image wpb_content_element align-center    \" data-animation=\"none\" data-delay=\"0\"><img width=\"5101\" height=\"1647\" src=\"https:\/\/www.foment.com\/wp-content\/uploads\/2024\/12\/Portada-Folleto-Progresa_reduida-5.png\" class=\"attachment-full\" alt=\"\" loading=\"lazy\" title=\"Portada Folleto Progresa_reduida\" srcset=\"https:\/\/www.foment.com\/wp-content\/uploads\/2024\/12\/Portada-Folleto-Progresa_reduida-5.png 5101w, https:\/\/www.foment.com\/wp-content\/uploads\/2024\/12\/Portada-Folleto-Progresa_reduida-5-300x97.png 300w, https:\/\/www.foment.com\/wp-content\/uploads\/2024\/12\/Portada-Folleto-Progresa_reduida-5-1024x331.png 1024w, https:\/\/www.foment.com\/wp-content\/uploads\/2024\/12\/Portada-Folleto-Progresa_reduida-5-768x248.png 768w, https:\/\/www.foment.com\/wp-content\/uploads\/2024\/12\/Portada-Folleto-Progresa_reduida-5-1536x496.png 1536w, https:\/\/www.foment.com\/wp-content\/uploads\/2024\/12\/Portada-Folleto-Progresa_reduida-5-2048x661.png 2048w\" sizes=\"(max-width: 5101px) 100vw, 5101px\" \/><\/div>[\/vc_column][\/vc_row][vc_row bg_color=\u00bb#ededed\u00bb][vc_column width=\u00bb1\/1&#8243;][vc_empty_space height=\u00bb40px\u00bb][vc_column_text]<\/p>\n<h2 style=\"text-align: center; color: #c12238;\">Proyecto Progresa<\/h2>\n<h3 style=\"text-align: center;\">Impulsando el liderazgo femenino en las empresas<\/h3>\n<p style=\"text-align: left;\">El Proyecto Progresa es una iniciativa impulsada por Foment del Treball, la CEOE y Esade. Este programa ofrece formaci\u00f3n transformadora y apoyo personalizado para potenciar las habilidades de liderazgo de las mujeres en el mundo empresarial. A trav\u00e9s de sesiones formativas, mentoring y networking, ayudamos a las participantes a alcanzar sus objetivos profesionales.<\/p>\n<p>[\/vc_column_text][vc_btn title=\u00bbDescubre m\u00e1s sobre el Proyecto\u00bb color=\u00bbjuicy-pink\u00bb size=\u00bblg\u00bb align=\u00bbcenter\u00bb link=\u00bburl:https%3A%2F%2Fwww.foment.com%2Fwp-content%2Fuploads%2F2024%2F12%2FFolleto-Progresa-actualitzat.pdf|target:_blank\u00bb]<div class=\"spacer\" style=\"height: 60px;\"><\/div>[\/vc_column][\/vc_row][vc_row][vc_column][vc_column_text]<br \/>\n[\/vc_column_text][vc_empty_space height=\u00bb40px\u00bb][\/vc_column][\/vc_row][vc_row][vc_column width=\u00bb2\/3&#8243;][vc_column_text]<span class='dropcap dropcap-book'>P<\/span>\n<p style=\"text-align: justify;\">royecto Progresa est\u00e1 orientado a ofrecer apoyo a <strong><span style=\"color: #c12238;\"><span style=\"color: #000000;\">mujeres profesionales<\/span><\/span><\/strong> de alto potencial. Este programa incluye:<\/p>\n<ul>\n<li>Sesiones formativas presenciales y online sobre liderazgo y transformaci\u00f3n.<\/li>\n<li>Mentor\u00eda personalizada con expertos en diversas \u00e1reas empresariales.<\/li>\n<li>Simulaciones pr\u00e1cticas y proyectos en equipos.<\/li>\n<li>Acceso a una comunidad de networking con l\u00edderes del sector.<\/li>\n<\/ul>\n<p>El objetivo es fomentar el liderazgo compartido y capacitar a las participantes para liderar con \u00e9xito en sus organizaciones.[\/vc_column_text][\/vc_column][vc_column text_align=\u00bbcenter\u00bb width=\u00bb1\/3&#8243;][vc_single_image image=\u00bb183147&#8243; img_size=\u00bbmedium\u00bb alignment=\u00bbcenter\u00bb][vc_btn title=\u00bbReg\u00edstrate Aqu\u00ed\u00bb color=\u00bbjuicy-pink\u00bb size=\u00bblg\u00bb align=\u00bbcenter\u00bb link=\u00bburl:https%3A%2F%2Fwww.foment.com%2Fes%2Fformulario-progresa%2F|target:_blank\u00bb][\/vc_column][\/vc_row][vc_row bg_color=\u00bb#ffffff\u00bb top_padding=\u00bb60&#8243; bottom_padding=\u00bb40&#8243;][vc_column width=\u00bb1\/1&#8243;]<h2 class=\"headline font-inherit fontsize-xxxl fontweight-700 lh-inherit align-center transform-inherit \" style=\"margin: 0 0 50px 0; color: #000000;\">\u00bfQui\u00e9n puede participar?<\/h2>[vc_column_text]<\/p>\n<p style=\"text-align: justify;\">El programa est\u00e1 dirigido a mujeres con m\u00e1s de 7 a\u00f1os de experiencia profesional en cargos de proyecci\u00f3n o liderazgo dentro de sus organizaciones. Es ideal para aquellas que buscan desarrollar habilidades directivas y avanzar hacia cargos de mayor responsabilidad.<\/p>\n<p>[\/vc_column_text][\/vc_column][\/vc_row][vc_row bg_color=\u00bb#c12238&#8243; text_color=\u00bbcustom\u00bb custom_text_color=\u00bb#ffffff\u00bb top_padding=\u00bb20&#8243; bottom_padding=\u00bb60&#8243;][vc_column width=\u00bb1\/1&#8243;][vc_row_inner][vc_column_inner width=\u00bb1\/2&#8243;][vc_empty_space height=\u00bb45px\u00bb][vc_column_text]<\/p>\n<h3><strong>OBJETIVOS DEL PROGRAMA<\/strong><\/h3>\n<ul>\n<li>Capacitar a las participantes en habilidades de liderazgo avanzado.<\/li>\n<li>Proporcionar herramientas para la gesti\u00f3n estrat\u00e9gica e innovaci\u00f3n.<\/li>\n<li>Fomentar el desarrollo personal y profesional con mentor\u00eda.<\/li>\n<li>Construir una red de apoyo profesional.<\/li>\n<\/ul>\n<p>[\/vc_column_text][vc_empty_space height=\u00bb10px\u00bb][vc_column_text]<\/p>\n<h3><strong>REQUISITOS<\/strong><\/h3>\n<ul>\n<li>Experiencia laboral m\u00ednima de 7 a\u00f1os.<\/li>\n<li>Apoyo expl\u00edcito de la empresa.<\/li>\n<li>Titulaci\u00f3n superior.<\/li>\n<li>Estar desarrollando un cargo con proyecci\u00f3n o liderazgo.<\/li>\n<li>Compromiso con el desarrollo personal y profesional.<\/li>\n<\/ul>\n<p>[\/vc_column_text][\/vc_column_inner][vc_column_inner width=\u00bb1\/2&#8243;][vc_empty_space height=\u00bb45px\u00bb][vc_column_text]<\/p>\n<h3><strong>BENEFICIOS<\/strong><\/h3>\n<ul>\n<li>Asesoramiento personalizado por parte de expertos reconocidos.<\/li>\n<li>Participaci\u00f3n en sesiones pr\u00e1cticas y simulaciones.<\/li>\n<li>Desarrollo de un proyecto integrador e innovador.<\/li>\n<li>Acceso a una comunidad de alto nivel profesional.<\/li>\n<\/ul>\n<p>[\/vc_column_text][vc_empty_space height=\u00bb46px\u00bb][vc_column_text]<\/p>\n<h3><\/h3>\n<h3><strong>METODOLOG\u00cdA<\/strong><\/h3>\n<ul>\n<li>Aprendizaje te\u00f3rico: Sesiones magistrales con casos pr\u00e1cticos.<\/li>\n<li>Aprendizaje emocional: Feedback personalizado para trabajar el autoconocimiento y la inteligencia emocional.<\/li>\n<li>Aprendizaje experiencial: Simulaciones pr\u00e1cticas, din\u00e1micas en equipo y proyectos reales.<\/li>\n<\/ul>\n<p>[\/vc_column_text][\/vc_column_inner][\/vc_row_inner][vc_empty_space height=\u00bb45px\u00bb][vc_row_inner][vc_column_inner width=\u00bb1\/3&#8243;][\/vc_column_inner][vc_column_inner width=\u00bb1\/3&#8243;]<a href=\"https:\/\/www.foment.com\/wp-content\/uploads\/2024\/12\/Folleto-Progresa-actualitzat.pdf\" target=\"_blank\" class=\"button color-8 large \" style=\"border-radius: 12px;\">Consulta todo el programa<\/a>[\/vc_column_inner][vc_column_inner width=\u00bb1\/3&#8243;][\/vc_column_inner][\/vc_row_inner][vc_empty_space height=\u00bb1px\u00bb][\/vc_column][\/vc_row][vc_row bg_color=\u00bb#ffffff\u00bb][vc_column width=\u00bb1\/1&#8243;][vc_empty_space height=\u00bb45px\u00bb]<h2 class=\"headline font-inherit fontsize-xxxl fontweight-700 lh-inherit align-center transform-inherit \" style=\"margin: 0 0 50px 0; color: #000000;\">Comprometidos con el Liderazgo Femenino<\/h2>[vc_column_text]El Proyecto Progresa reafirma el compromiso de Foment del Treball, la CEOE y Esade para promover el liderazgo femenino en las organizaciones. Esta iniciativa est\u00e1 dise\u00f1ada para capacitar a mujeres profesionales de alto potencial para que asuman roles de liderazgo con confianza y eficacia. A trav\u00e9s de formaci\u00f3n avanzada, mentor\u00eda personalizada y acceso a una red profesional de alto nivel, el programa ayuda a las participantes a superar las barreras que a menudo limitan su proyecci\u00f3n e influencia.<\/p>\n<p>El liderazgo compartido, la diversidad y la inclusi\u00f3n son pilares fundamentales de esta propuesta, que tiene como objetivo construir un futuro m\u00e1s equitativo e innovador en las empresas. Este compromiso no solo transforma carreras individuales, sino tambi\u00e9n las culturas organizativas, contribuyendo a un impacto positivo en la sociedad.<\/p>\n<p style=\"text-align: justify;\">El Proyecto Progresa reafirma tambi\u00e9n el compromiso de Foment y la CEOE con el apoyo a las peque\u00f1as y medianas empresas. La iniciativa pretende dotarlas de herramientas para su transformaci\u00f3n digital y mejora competitiva, contribuyendo al desarrollo econ\u00f3mico y social del territorio.<\/p>\n<p>[\/vc_column_text][vc_empty_space height=\u00bb40px\u00bb][\/vc_column][\/vc_row][vc_row bg_color=\u00bb#ededed\u00bb top_padding=\u00bb60&#8243; bottom_padding=\u00bb60&#8243;][vc_column width=\u00bb1\/1&#8243;]<h1 class=\"headline font-special fontsize-xl fontweight-700 lh-inherit align-center transform-uppercase \" style=\"margin: 30px 0 40px 0;\">Fechas Clave del Programa<br \/>\n<\/h1><div class=\"minti_carousel  grab-false dots\" data-columns=\"3\" data-tabletcolumns=\"3\" data-nav=\"false\" data-pagination=\"false\" data-autoplay=\"false\" data-animationtime=\"4000\"><div class=\"box clearfix style-1 wpb_content_element align-center \" style=\"padding: 40px 40px 40px 40px; \">\n<h6 style=\"text-align: center; color: #c12238;\">20 de enero<\/h6>\n<p style=\"text-align: center;\"><b>Inicio del M\u00f3dulo 1<\/b><\/p>\n<\/div><div class=\"box clearfix style-1 wpb_content_element align-center \" style=\"padding: 40px 40px 40px 40px; \">\n<h6 style=\"text-align: center; color: #c12238;\">10 de marzo<\/h6>\n<p style=\"text-align: center;\"><b>Inicio del M\u00f3dulo 2<\/b><\/p>\n<\/div><div class=\"box clearfix style-1 wpb_content_element align-center \" style=\"padding: 40px 40px 40px 40px; \">\n<h6 style=\"text-align: center; color: #c12238;\">19 de mayo<\/h6>\n<p style=\"text-align: center;\"><b>Inicio del M\u00f3dulo 3<\/b><\/p>\n<\/div><\/div>[vc_row_inner][vc_column_inner width=\u00bb1\/5&#8243;][\/vc_column_inner][vc_column_inner width=\u00bb1\/5&#8243;][\/vc_column_inner][vc_column_inner width=\u00bb1\/5&#8243;]<a href=\"https:\/\/www.foment.com\/wp-content\/uploads\/2025\/09\/Calendario-Progresa-26.pdf\" target=\"_blank\" class=\"button color-3 medium \" style=\"border-radius: ;\">Calendario Completo<\/a>[vc_empty_space][\/vc_column_inner][vc_column_inner width=\u00bb1\/5&#8243;][\/vc_column_inner][vc_column_inner width=\u00bb1\/5&#8243;][\/vc_column_inner][\/vc_row_inner][\/vc_column][\/vc_row][vc_row bg_color=\u00bbrgba(0,0,0,0.85)\u00bb text_color=\u00bbcustom\u00bb custom_text_color=\u00bb#ffffff\u00bb text_align=\u00bbcenter\u00bb top_padding=\u00bb60&#8243; bottom_padding=\u00bb60&#8243;][vc_column column_center=\u00bbtrue\u00bb width=\u00bb1\/1&#8243;]<h1 class=\"headline font-inherit fontsize-l fontweight-inherit lh-inherit align-center transform-inherit \" style=\"margin: 0 0 20px 0;\">\u00bfQuieres participar?<br \/>\n<\/h1><a href=\"https:\/\/www.foment.com\/wp-content\/uploads\/2024\/12\/Folleto-Progresa-actualitzat.pdf\" target=\"_blank\" class=\"button color-3 medium \" style=\"border-radius: 2px;\">Consulta el programa<\/a><h1 class=\"headline font-inherit fontsize-l fontweight-inherit lh-inherit align-center transform-inherit \" style=\"margin: 0 0 20px 0;\">Y presenta tu candidatura<br \/>\n<\/h1><a href=\"https:\/\/www.foment.com\/es\/formulario-progresa\/\" target=\"_blank\" class=\"button color-3 medium \" style=\"border-radius: 2px;\">Propuesta de candidatura<\/a>[vc_empty_space][\/vc_column][\/vc_row]<\/p>\n<\/section>","protected":false},"excerpt":{"rendered":"<p>[vc_row type=\u00bbfull_width_section\u00bb][vc_column width=\u00bb1\/1&#8243;][\/vc_column][\/vc_row][vc_row bg_color=\u00bb#ededed\u00bb][vc_column width=\u00bb1\/1&#8243;][vc_empty_space height=\u00bb40px\u00bb][vc_column_text] Proyecto Progresa Impulsando el liderazgo femenino en las empresas El Proyecto Progresa es una iniciativa impulsada por Foment del Treball, la CEOE y Esade. Este programa ofrece formaci\u00f3n transformadora y apoyo personalizado para potenciar las habilidades de liderazgo de las mujeres en el mundo empresarial. A trav\u00e9s de sesiones formativas, mentoring y networking, ayudamos a las participantes a alcanzar sus objetivos profesionales. [\/vc_column_text][vc_btn title=\u00bbDescubre m\u00e1s sobre el Proyecto\u00bb color=\u00bbjuicy-pink\u00bb size=\u00bblg\u00bb align=\u00bbcenter\u00bb link=\u00bburl:https%3A%2F%2Fwww.foment.com%2Fwp-content%2Fuploads%2F2024%2F12%2FFolleto-Progresa-actualitzat.pdf|target:_blank\u00bb][\/vc_column][\/vc_row][vc_row][vc_column][vc_column_text] [\/vc_column_text][vc_empty_space height=\u00bb40px\u00bb][\/vc_column][\/vc_row][vc_row][vc_column width=\u00bb2\/3&#8243;][vc_column_text] royecto Progresa est\u00e1 orientado a ofrecer apoyo a mujeres profesionales de alto potencial. Este programa incluye: Sesiones formativas presenciales y online sobre liderazgo y transformaci\u00f3n. Mentor\u00eda personalizada con expertos en diversas \u00e1reas empresariales. Simulaciones pr\u00e1cticas y proyectos en equipos. Acceso a una comunidad de networking con l\u00edderes del sector. El objetivo es fomentar el liderazgo compartido y capacitar a las participantes para liderar con \u00e9xito en sus organizaciones.[\/vc_column_text][\/vc_column][vc_column text_align=\u00bbcenter\u00bb width=\u00bb1\/3&#8243;][vc_single_image image=\u00bb183147&#8243; img_size=\u00bbmedium\u00bb alignment=\u00bbcenter\u00bb][vc_btn title=\u00bbReg\u00edstrate Aqu\u00ed\u00bb color=\u00bbjuicy-pink\u00bb size=\u00bblg\u00bb align=\u00bbcenter\u00bb link=\u00bburl:https%3A%2F%2Fwww.foment.com%2Fes%2Fformulario-progresa%2F|target:_blank\u00bb][\/vc_column][\/vc_row][vc_row bg_color=\u00bb#ffffff\u00bb top_padding=\u00bb60&#8243; bottom_padding=\u00bb40&#8243;][vc_column width=\u00bb1\/1&#8243;][vc_column_text] El programa est\u00e1 dirigido a mujeres con m\u00e1s de 7 a\u00f1os de experiencia profesional en cargos de proyecci\u00f3n o liderazgo dentro de sus organizaciones. Es ideal para aquellas que buscan desarrollar habilidades directivas y avanzar hacia [&hellip;]<\/p>\n","protected":false},"author":281,"featured_media":0,"parent":0,"menu_order":0,"comment_status":"closed","ping_status":"closed","template":"","meta":{"_links_to":"","_links_to_target":""},"acf":[],"wps_subtitle":"","_links":{"self":[{"href":"https:\/\/www.foment.com\/es\/wp-json\/wp\/v2\/pages\/194327"}],"collection":[{"href":"https:\/\/www.foment.com\/es\/wp-json\/wp\/v2\/pages"}],"about":[{"href":"https:\/\/www.foment.com\/es\/wp-json\/wp\/v2\/types\/page"}],"author":[{"embeddable":true,"href":"https:\/\/www.foment.com\/es\/wp-json\/wp\/v2\/users\/281"}],"replies":[{"embeddable":true,"href":"https:\/\/www.foment.com\/es\/wp-json\/wp\/v2\/comments?post=194327"}],"version-history":[{"count":49,"href":"https:\/\/www.foment.com\/es\/wp-json\/wp\/v2\/pages\/194327\/revisions"}],"predecessor-version":[{"id":206644,"href":"https:\/\/www.foment.com\/es\/wp-json\/wp\/v2\/pages\/194327\/revisions\/206644"}],"wp:attachment":[{"href":"https:\/\/www.foment.com\/es\/wp-json\/wp\/v2\/media?parent=194327"}],"curies":[{"name":"wp","href":"https:\/\/api.w.org\/{rel}","templated":true}]}}