{"id":20134,"date":"2016-09-26T18:37:14","date_gmt":"2016-09-26T16:37:14","guid":{"rendered":"http:\/\/foment.itartech.com\/?page_id=20134"},"modified":"2019-02-12T15:54:26","modified_gmt":"2019-02-12T14:54:26","slug":"conocimiento-formacion-profesional","status":"publish","type":"page","link":"https:\/\/www.foment.com\/es\/conocimiento-formacion-profesional\/","title":{"rendered":"Conocimiento y Formaci\u00f3n Profesional"},"content":{"rendered":"<section class=\"wpb-content-wrapper\"><p>[vc_row][vc_column width=\u00bb1\/1&#8243;]\n\t\t\t<!-- START posts conocimiento REVOLUTION SLIDER 6.4.6 --><p class=\"rs-p-wp-fix\"><\/p>\n\t\t\t<rs-module-wrap id=\"rev_slider_24_1_wrapper\" data-source=\"post\" style=\"background:transparent;padding:0;margin:0px auto;margin-top:0;margin-bottom:0;\">\n\t\t\t\t<rs-module id=\"rev_slider_24_1\" style=\"\" data-version=\"6.4.6\">\n\t\t\t\t\t<rs-slides>\n\t\t\t\t\t\t<rs-slide data-key=\"rs-217042\" data-title=\"Foment del Treball y la Fundaci\u00f3 Impulsa unen esfuerzos para impulsar el talento joven a trav\u00e9s de la Formaci\u00f3n Profesional\" data-link=\"\/\/www.foment.com\/es\/217042\/\" data-target=\"_self\" data-seoz=\"front\" data-in=\"o:0;\" data-out=\"a:false;\">\n\t\t\t\t\t\t\t<img src=\"\/\/www.foment.com\/wp-content\/plugins\/revslider\/public\/assets\/assets\/dummy.png\" title=\"DSC_0032\" width=\"2560\" height=\"1707\" class=\"rev-slidebg tp-rs-img rs-lazyload\" data-lazyload=\"\/\/www.foment.com\/wp-content\/uploads\/2026\/03\/DSC_0032-scaled.jpg\" data-parallax=\"off\" data-no-retina>\n<!--\n\t\t\t\t\t\t\t--><rs-layer\n\t\t\t\t\t\t\t\tid=\"slider-24-slide-217042-layer-1\" \n\t\t\t\t\t\t\t\tclass=\"Newspaper-Title\"\n\t\t\t\t\t\t\t\tdata-type=\"text\"\n\t\t\t\t\t\t\t\tdata-color=\"rgba(255,255,255,1)\"\n\t\t\t\t\t\t\t\tdata-rsp_ch=\"on\"\n\t\t\t\t\t\t\t\tdata-xy=\"x:r;xo:933px;yo:119px;\"\n\t\t\t\t\t\t\t\tdata-text=\"w:normal;s:28;l:32;\"\n\t\t\t\t\t\t\t\tdata-dim=\"w:269px;h:264px;\"\n\t\t\t\t\t\t\t\tdata-padding=\"b:10;\"\n\t\t\t\t\t\t\t\tdata-frame_1=\"e:power2.inOut;st:500;\"\n\t\t\t\t\t\t\t\tdata-frame_999=\"o:0;e:nothing;st:w;\"\n\t\t\t\t\t\t\t\tstyle=\"z-index:6;font-family:Roboto Slab;\"\n\t\t\t\t\t\t\t>Foment del Treball y la Fundaci\u00f3 Impulsa unen esfuerzos para impulsar el talento joven a trav\u00e9s de la Formaci\u00f3n Profesional \n\t\t\t\t\t\t\t<\/rs-layer><!--\n\n\t\t\t\t\t\t\t--><rs-layer\n\t\t\t\t\t\t\t\tid=\"slider-24-slide-217042-layer-5\" \n\t\t\t\t\t\t\t\tclass=\"rev-btn\"\n\t\t\t\t\t\t\t\tdata-type=\"button\"\n\t\t\t\t\t\t\t\tdata-color=\"rgba(255,255,255,1)\"\n\t\t\t\t\t\t\t\tdata-xy=\"xo:39px;yo:58px;\"\n\t\t\t\t\t\t\t\tdata-text=\"w:normal;s:17;l:17;\"\n\t\t\t\t\t\t\t\tdata-dim=\"w:259px;h:45px;\"\n\t\t\t\t\t\t\t\tdata-rsp_bd=\"off\"\n\t\t\t\t\t\t\t\tdata-padding=\"t:12;r:35;b:12;l:35;\"\n\t\t\t\t\t\t\t\tdata-frame_1=\"e:power2.inOut;st:500;\"\n\t\t\t\t\t\t\t\tdata-frame_999=\"o:0;e:nothing;st:w;\"\n\t\t\t\t\t\t\t\tdata-frame_hover=\"c:#000;bgc:#fff;boc:#000;bor:0px,0px,0px,0px;bos:solid;oX:50;oY:50;sp:0;\"\n\t\t\t\t\t\t\t\tstyle=\"z-index:7;background-color:rgba(170,52,68,0.75);font-family:News Cycle;cursor:pointer;outline:none;box-shadow:none;box-sizing:border-box;-moz-box-sizing:border-box;-webkit-box-sizing:border-box;\"\n\t\t\t\t\t\t\t>31 de marzo de 2026 \n\t\t\t\t\t\t\t<\/rs-layer><!--\n\n\t\t\t\t\t\t\t--><rs-layer\n\t\t\t\t\t\t\t\tid=\"slider-24-slide-217042-layer-6\" \n\t\t\t\t\t\t\t\tclass=\"tp-shape tp-shapewrapper\"\n\t\t\t\t\t\t\t\tdata-type=\"shape\"\n\t\t\t\t\t\t\t\tdata-rsp_ch=\"on\"\n\t\t\t\t\t\t\t\tdata-xy=\"xo:4px;yo:-1px;\"\n\t\t\t\t\t\t\t\tdata-text=\"w:normal;fw:900;\"\n\t\t\t\t\t\t\t\tdata-dim=\"w:339px;h:646px;\"\n\t\t\t\t\t\t\t\tdata-frame_1=\"e:power2.inOut;st:500;\"\n\t\t\t\t\t\t\t\tdata-frame_999=\"o:0;e:nothing;st:w;\"\n\t\t\t\t\t\t\t\tstyle=\"z-index:5;background-color:rgba(51,51,51,0.50);\"\n\t\t\t\t\t\t\t> \n\t\t\t\t\t\t\t<\/rs-layer><!--\n-->\t\t\t\t\t\t<\/rs-slide>\n\t\t\t\t\t<\/rs-slides>\n\t\t\t\t<\/rs-module>\n\t\t\t\t<script type=\"text\/javascript\">\n\t\t\t\t\tsetREVStartSize({c: 'rev_slider_24_1',rl:[1240,1024,778,480],el:[500,600,500,400],gw:[1240,1024,778,480],gh:[500,600,500,400],type:'standard',justify:'',layout:'fullwidth',mh:\"0\"});\n\t\t\t\t\tvar\trevapi24,\n\t\t\t\t\t\ttpj;\n\t\t\t\t\tfunction revinit_revslider241() {\n\t\t\t\t\tjQuery(function() {\n\t\t\t\t\t\ttpj = jQuery;\n\t\t\t\t\t\trevapi24 = tpj(\"#rev_slider_24_1\");\n\t\t\t\t\t\tif(revapi24==undefined || revapi24.revolution == undefined){\n\t\t\t\t\t\t\trevslider_showDoubleJqueryError(\"rev_slider_24_1\");\n\t\t\t\t\t\t}else{\n\t\t\t\t\t\t\trevapi24.revolution({\n\t\t\t\t\t\t\t\tDPR:\"dpr\",\n\t\t\t\t\t\t\t\tsliderLayout:\"fullwidth\",\n\t\t\t\t\t\t\t\tvisibilityLevels:\"1240,1024,778,480\",\n\t\t\t\t\t\t\t\tgridwidth:\"1240,1024,778,480\",\n\t\t\t\t\t\t\t\tgridheight:\"500,600,500,400\",\n\t\t\t\t\t\t\t\tlazyType:\"smart\",\n\t\t\t\t\t\t\t\tperspective:600,\n\t\t\t\t\t\t\t\tperspectiveType:\"local\",\n\t\t\t\t\t\t\t\teditorheight:\"500,600,500,400\",\n\t\t\t\t\t\t\t\tresponsiveLevels:\"1240,1024,778,480\",\n\t\t\t\t\t\t\t\tprogressBar: {\n\t\t\t\t\t\t\t\t\tcolor:\"rgba(0,0,0,0.15)\",\n\t\t\t\t\t\t\t\t\tvertical:\"top\",\n\t\t\t\t\t\t\t\t\tsize:5,\n\t\t\t\t\t\t\t\t\tx:0,\n\t\t\t\t\t\t\t\t\ty:0\n\t\t\t\t\t\t\t\t},\n\t\t\t\t\t\t\t\tnavigation: {\n\t\t\t\t\t\t\t\t\tmouseScrollNavigation:false,\n\t\t\t\t\t\t\t\t\twheelCallDelay:1000,\n\t\t\t\t\t\t\t\t\ttouch: {\n\t\t\t\t\t\t\t\t\t\ttouchenabled:true,\n\t\t\t\t\t\t\t\t\t\tswipe_min_touches:50\n\t\t\t\t\t\t\t\t\t}\n\t\t\t\t\t\t\t\t},\n\t\t\t\t\t\t\t\tparallax: {\n\t\t\t\t\t\t\t\t\tlevels:[2,3,4,5,6,7,12,16,10,50,47,48,49,50,51,55],\n\t\t\t\t\t\t\t\t\ttype:\"mouse\",\n\t\t\t\t\t\t\t\t\torigo:\"slidercenter\",\n\t\t\t\t\t\t\t\t\tspeed:2000\n\t\t\t\t\t\t\t\t},\n\t\t\t\t\t\t\t\tfanim: {\n\t\t\t\t\t\t\t\t\tin:{\"o\":0},\n\t\t\t\t\t\t\t\t\tout:{\"a\":false},\n\t\t\t\t\t\t\t\t\tspeed:1500\n\t\t\t\t\t\t\t\t},\n\t\t\t\t\t\t\t\tfallbacks: {\n\t\t\t\t\t\t\t\t\tallowHTML5AutoPlayOnAndroid:true\n\t\t\t\t\t\t\t\t},\n\t\t\t\t\t\t\t});\n\t\t\t\t\t\t}\n\t\t\t\t\t\t\n\t\t\t\t\t});\n\t\t\t\t\t} \/\/ End of RevInitScript\n\t\t\t\tvar once_revslider241 = false;\n\t\t\t\tif (document.readyState === \"loading\") {document.addEventListener('readystatechange',function() { if((document.readyState === \"interactive\" || document.readyState === \"complete\") && !once_revslider241 ) { once_revslider241 = true; revinit_revslider241();}});} else {once_revslider241 = true; revinit_revslider241();}\n\t\t\t\t<\/script>\n\t\t\t<\/rs-module-wrap>\n\t\t\t<!-- END REVOLUTION SLIDER -->\n[\/vc_column][\/vc_row][vc_row bg_color=\u00bb#ffffff\u00bb section_arrow=\u00bbfalse\u00bb top_padding=\u00bb100&#8243; bottom_padding=\u00bb60&#8243;][vc_column width=\u00bb1\/3&#8243;]<h1 class=\"headline font-inherit fontsize-l fontweight-700 lh-inherit align-left transform-inherit \" style=\"margin: 0 0 20px 0;\">Conocimiento y Formaci\u00f3n Profesional<\/h1>[vc_column_text]La formaci\u00f3n y la conexi\u00f3n del mundo acad\u00e9mico y la empresa, son fundamentales para el tejido productivo del pa\u00eds. Es un reto importante para Catalu\u00f1a vincular m\u00e1s y mejor la formaci\u00f3n con el mundo del trabajo, coordinar curr\u00edculums acad\u00e9micos y desarrollar perfiles profesionales \u00f3ptimos.<\/p>\n<p>Por tal motivo, Foment del treball ha reforzado estos \u00faltimos a\u00f1os su centro de formaci\u00f3n cont\u00ednua,\u00a0<strong><a href=\"http:\/\/www.fomentformacio.com\/\" target=\"_blank\" rel=\"noopener\">Foment Formaci\u00f3<\/a><\/strong>, para mantenerlo como punto de referencia. Entendemos que \u00e9s un valor social que conviene preservar y potenciar su v\u00ednculo con las necesidades reales de los sectores productivos del pa\u00eds.[\/vc_column_text]<a href=\"http:\/\/analitza.foment.com\/foment\/analitza\/default.aspx\" target=\"_self\" class=\"button color-2 medium \" style=\"border-radius: 2px;\">\u00daltimos an\u00e1lisis<\/a>[\/vc_column][vc_column width=\u00bb2\/3&#8243;]<div class=\"iconbox  iconbox-style-7 icon-color-accent color-dark clearfix\"><i class=\"fa fa-graduation-cap boxicon\" style=\"\"><\/i><h3>L\u00edneas de acci\u00f3n<\/h3><p>\n<ul>\n<li class=\"blue\" style=\"text-align: justify;\"><span class=\"black\"><b>Consolidar el proyecto de coordinaci\u00f3n entre el mundo del trabajo y la universidad. <\/b>Hemos de facilitar que la formaci\u00f3n acad\u00e9mica tenga conexi\u00f3n con la empresa y que nuestros j\u00f3venes encuentren en Catalu\u00f1a buenas oportunidades para su carrera profesional.<\/span><\/li>\n<li class=\"blue\" style=\"text-align: justify;\"><span class=\"black\"><b>Colaborar activamente con la administraci\u00f3n y la sociedad civil para hacer posible un nuevo modelo integrado de la Formaci\u00f3n Profesional en Catalu\u00f1a<\/b>que incorpore los subsistemas de la formaci\u00f3n reglada, la continuada y la ocupacional.<\/span><\/li>\n<li class=\"blue\" style=\"text-align: justify;\"><span class=\"black\"><b>Adaptar los itinerarios y curr\u00edculums formativos de Foment Formaci\u00f3 a las nuevas necesidades<\/b> para mantener su oferta estrechamente vinculada a la realidad social del pa\u00eds.<\/span><\/li>\n<\/ul>\n<\/p><\/div>[\/vc_column][\/vc_row][vc_row bg_color=\u00bb#f9f9f9&#8243; top_padding=\u00bb60&#8243;][vc_column width=\u00bb1\/1&#8243;]<h1 class=\"headline font-inherit fontsize-l fontweight-inherit lh-inherit align-center transform-inherit \" style=\"margin: 0 0 20px 0;\">Actualidad<\/h1>[\/vc_column][\/vc_row][vc_row bg_color=\u00bb#f9f9f9&#8243; section_arrow=\u00bbfalse\u00bb bottom_padding=\u00bb60&#8243;][vc_column width=\u00bb2\/3&#8243;]<h2 class=\"headline font-inherit fontsize-l fontweight-inherit lh-inherit align-left transform-inherit \" style=\"margin: 0 0 20px 0;\">Actividades<\/h2>[vc_column_text]<!-- EventON Calendar --><div id='evcal_calendar_386' class='ajde_evcal_calendar  box_2 ajax_loading_cal' ><div id='evcal_head' class='calendar_header ' ><div class='evo_cal_above'><span class='evo-gototoday-btn' style='display:none' data-mo='5' data-yr='2026' data-dy=''>Mes actual<\/span><\/div><div class='evo_cal_above_content'><\/div><p class='evo_arrows'><span style='margin-right:8px;' id='evcal_prev' class='evcal_arrows evcal_btn_prev' ><\/span><\/p><p style='width: 220px!important;text-align:center' id='evcal_cur' class='evo_month_title'> mayo, 2026<\/p><p class='evo_arrows'><span id='evcal_next' class='evcal_arrows evo_arrow_next evcal_btn_next' ><\/span><\/p><div class='clear'><\/div><\/div><div id='eventon_loadbar_section'><div id='eventon_loadbar'><\/div><\/div><div class='evo_ajax_load_events'><span><\/span><span><\/span><span><\/span><\/div><!-- Events List --><div id='evcal_list' class='eventon_events_list '>\t\t\t<div class='clear'><\/div>\n\t\t\t<\/div>\n\t\t\t<div class='clear'><\/div>\n\t\t\t\t\t \t<div id='evcal_footer' class='evo_bottom' style='display:none'>\n\t\t \t\t<div class='evo_cal_data'  data-sc='{\"accord\":\"no\",\"bottom_nav\":\"no\",\"cal_id\":\"\",\"cal_init_nonajax\":\"no\",\"calendar_type\":\"default\",\"control_style\":\"def\",\"el_type\":\"ue\",\"etc_override\":\"yes\",\"evc_open\":\"no\",\"event_count\":\"3\",\"event_location\":\"all\",\"event_order\":\"ASC\",\"event_organizer\":\"all\",\"event_past_future\":\"all\",\"event_tag\":\"all\",\"event_type\":\"all\",\"event_type_2\":\"all\",\"event_type_3\":\"all\",\"event_type_4\":\"all\",\"event_type_5\":\"all\",\"eventtop_style\":0,\"exp_jumper\":\"no\",\"exp_so\":\"no\",\"filter_relationship\":\"AND\",\"filter_show_set_only\":\"no\",\"filter_type\":\"default\",\"filters\":\"yes\",\"fixed_month\":\"5\",\"fixed_year\":\"2026\",\"focus_end_date_range\":\"1780271999\",\"focus_start_date_range\":\"1777593600\",\"ft_event_priority\":\"no\",\"hide_arrows\":\"no\",\"hide_empty_months\":\"no\",\"hide_end_time\":\"no\",\"hide_ft\":\"no\",\"hide_month_headers\":\"no\",\"hide_mult_occur\":\"no\",\"hide_past\":\"no\",\"hide_past_by\":\"ee\",\"hide_so\":\"no\",\"ics\":\"no\",\"jumper\":\"no\",\"jumper_count\":5,\"jumper_offset\":\"0\",\"lang\":\"L1\",\"layout_changer\":\"no\",\"livenow_bar\":\"yes\",\"mapformat\":\"roadmap\",\"mapiconurl\":\"\",\"maps_load\":\"yes\",\"mapscroll\":\"true\",\"mapzoom\":\"18\",\"members_only\":\"no\",\"ml_priority\":\"no\",\"month_incre\":0,\"number_of_months\":\"1\",\"only_ft\":\"no\",\"pec\":\"\",\"s\":\"\",\"search\":\"\",\"search_all\":\"no\",\"sep_month\":\"no\",\"show_et_ft_img\":\"no\",\"show_limit\":\"yes\",\"show_limit_ajax\":\"no\",\"show_limit_paged\":1,\"show_limit_redir\":\"\",\"show_repeats\":\"no\",\"show_rsvp\":\"no\",\"show_upcoming\":0,\"show_year\":\"no\",\"slide_auto\":\"no\",\"slide_hide_control\":\"no\",\"slide_loop\":\"no\",\"slide_nav_dots\":\"no\",\"slide_pause_hover\":\"no\",\"slide_style\":\"def\",\"slider_pause\":\"2000\",\"slider_speed\":\"400\",\"slider_type\":\"def\",\"slides_visible\":1,\"sort_by\":\"sort_date\",\"tile_bg\":0,\"tile_bg_size\":\"full\",\"tile_count\":2,\"tile_height\":0,\"tile_style\":0,\"tiles\":\"no\",\"ux_val\":\"0\",\"view_switcher\":\"no\",\"wpml_l1\":\"\",\"wpml_l2\":\"\",\"wpml_l3\":\"\",\"yl_priority\":\"no\",\"fixed_day\":\"1\",\"_cver\":\"3.1.6\"}' data-od='{\"lang_no_events\":\"_No hay eventos\"}'><\/div>\n\t\t \t\t<div class='evo_cal_events' data-events=\"\"><\/div>\n\t\t \t<\/div>\n\t\t\t\t\n\t\t\t\n\t\t\t\t\t\t<\/div><!-- EventON End -->\n\t\t\t[\/vc_column_text][\/vc_column][vc_column width=\u00bb1\/3&#8243;]<h2 class=\"headline font-inherit fontsize-l fontweight-inherit lh-inherit align-center transform-inherit \" style=\"margin: 0 0 20px 0;\">Te puede interesar:<\/h2><div class=\"imagebox wpb_content_element style-2\"><div class=\"imagebox-img\"><a href='http:\/\/www.fomentformacio.com\/'><img src=\"https:\/\/www.foment.com\/wp-content\/uploads\/2016\/09\/foment-formacio.png\" alt=\"\" \/><\/a><\/div>\n<h3 style=\"text-align: center;\">El blog de Foment Formaci\u00f3<\/h3>\n<\/div>[\/vc_column][\/vc_row][vc_row][vc_column width=\u00bb1\/1&#8243;]<h2 class=\"headline font-special fontsize-m fontweight-700 lh-inherit align-center transform-inherit \" style=\"margin: 30px 0 40px 0;\">\u00daltimas presentaciones<\/h2><div class=\"minti_carousel  grab-false dots\" data-columns=\"3\" data-tabletcolumns=\"3\" data-nav=\"true\" data-pagination=\"true\" data-autoplay=\"false\" data-animationtime=\"4000\"><div class=\"iconbox  iconbox-style-10 icon-color-accent color-dark clearfix\"><i class=\"fa fa-paper boxicon\" style=\"\"><\/i><h3>N\u00faria Pi<\/h3><p><a href=\"https:\/\/www.foment.com\/wp-content\/uploads\/2019\/02\/Nuria-Pi.pdf\"><strong>Formaci\u00f3 i Qualificaci\u00f3 Professional &#8211;<\/strong><\/a> Institut Catal\u00e0 de les Qualificacions\u00a0 Professionals<\/p><\/div><div class=\"iconbox  iconbox-style-10 icon-color-accent color-dark clearfix\"><i class=\"fa fa-paper boxicon\" style=\"\"><\/i><h3>Mar\u00eda Callej\u00f3n <\/h3><p><a href=\"https:\/\/www.foment.com\/wp-content\/uploads\/2019\/02\/Maria-Callejon.pdf\"><strong>Proc\u00e8s d&#8217;acrediataci\u00f3 de\u00a0 compet\u00e8ncies\u00a0 2014-2016<\/strong><\/a> &#8211; Associaci\u00f3 d&#8217;empresaris de Clubs Catalans de Fitness<\/p><\/div><div class=\"iconbox  iconbox-style-10 icon-color-accent color-dark clearfix\"><i class=\"fa fa-paper boxicon\" style=\"\"><\/i><h3>Lluc Pej\u00f3<\/h3><p><a href=\"https:\/\/www.foment.com\/wp-content\/uploads\/2019\/02\/Lluc-Pejo.pdf\"><strong>Acreditaci\u00f3 de compet\u00e8ncies professionals al sector de l&#8217;aigua<\/strong><\/a> &#8211; Agbar- SUEZ<\/p><\/div><\/div>[\/vc_column][\/vc_row][vc_row bg_color=\u00bb#ffffff\u00bb top_padding=\u00bb40&#8243; bottom_padding=\u00bb60&#8243;][vc_column width=\u00bb1\/1&#8243;]<h2 class=\"headline font-special fontsize-xl fontweight-700 lh-inherit align-center transform-uppercase \" style=\"margin: 0 0 40px 0;\">Nuestro equipo<\/h2>[vc_row_inner][vc_column_inner width=\u00bb1\/4&#8243;][\/vc_column_inner][vc_column_inner width=\u00bb1\/4&#8243;]<div class=\"imagebox wpb_content_element style-2\"><div class=\"imagebox-img\"><img src=\"https:\/\/www.foment.com\/wp-content\/uploads\/2016\/10\/iris-molina-foment-del-treball.png\" alt=\"\" \/><\/div>\n<h3>Iris Molina <a style=\"float: right;\" href=\"https:\/\/www.linkedin.com\/in\/irismariamolina\" target=\"_blank\" rel=\"noopener\"><i class=\"fa fa-linkedin-square minti-icon\" style=\"color:#888888 !important; font-size: 16px; margin: 0px 0px 0px 0px\"><\/i><\/a><\/h3>\n<p><strong>Directora<\/strong><\/div>[\/vc_column_inner][vc_column_inner width=\u00bb1\/4&#8243;]<div class=\"imagebox wpb_content_element style-2\"><div class=\"imagebox-img\"><img src=\"https:\/\/www.foment.com\/wp-content\/uploads\/2016\/09\/manuel-rosillo.png\" alt=\"\" \/><\/div>\n<h3>Manuel Rosillo<\/h3>\n<p><strong>Presidente Comisi\u00f3n Formaci\u00f3n<\/strong><\/div>[\/vc_column_inner][vc_column_inner width=\u00bb1\/4&#8243;][\/vc_column_inner][\/vc_row_inner][\/vc_column][\/vc_row][vc_row][vc_column width=\u00bb1\/4&#8243;]<div class=\"imagebox wpb_content_element style-2\"><div class=\"imagebox-img\"><img src=\"https:\/\/www.foment.com\/wp-content\/uploads\/2016\/10\/eva-samaranch-foment-del-treball.png\" alt=\"\" \/><\/div>\n<h3>Eva Samaranch<\/h3>\n<p><strong>Administrativa<\/strong><\/div>[\/vc_column][vc_column width=\u00bb1\/4&#8243;]<div class=\"imagebox wpb_content_element style-2\"><div class=\"imagebox-img\"><img src=\"https:\/\/www.foment.com\/wp-content\/uploads\/2017\/04\/Calvo.jpg\" alt=\"\" \/><\/div>\n<h3>Araceli Calvo <a style=\"float: right;\" href=\"https:\/\/www.linkedin.com\/in\/araceli-calvo-35a33919\" target=\"_blank\" rel=\"noopener\"><i class=\"fa fa-linkedin-square minti-icon\" style=\"color:#888888 !important; font-size: 16px; margin: 0px 0px 0px 0px\"><\/i><\/a><\/h3>\n<p><strong>Administrativa<\/strong><\/div>[\/vc_column][vc_column width=\u00bb1\/4&#8243;]<div class=\"imagebox wpb_content_element style-2\"><div class=\"imagebox-img\"><img src=\"https:\/\/www.foment.com\/wp-content\/uploads\/2017\/05\/Doller2015.jpg\" alt=\"\" \/><\/div>\n<h3>Dolors Oller<\/h3>\n<p><strong>Administrativa<\/strong><\/div>[\/vc_column][vc_column width=\u00bb1\/4&#8243;][\/vc_column][\/vc_row]<\/p>\n<\/section>","protected":false},"excerpt":{"rendered":"<p>[vc_row][vc_column width=\u00bb1\/1&#8243;][\/vc_column][\/vc_row][vc_row bg_color=\u00bb#ffffff\u00bb section_arrow=\u00bbfalse\u00bb top_padding=\u00bb100&#8243; bottom_padding=\u00bb60&#8243;][vc_column width=\u00bb1\/3&#8243;][vc_column_text]La formaci\u00f3n y la conexi\u00f3n del mundo acad\u00e9mico y la empresa, son fundamentales para el tejido productivo del pa\u00eds. Es un reto importante para Catalu\u00f1a vincular m\u00e1s y mejor la formaci\u00f3n con el mundo del trabajo, coordinar curr\u00edculums acad\u00e9micos y desarrollar perfiles profesionales \u00f3ptimos. Por tal motivo, Foment del treball ha reforzado estos \u00faltimos a\u00f1os su centro de formaci\u00f3n cont\u00ednua,\u00a0Foment Formaci\u00f3, para mantenerlo como punto de referencia. Entendemos que \u00e9s un valor social que conviene preservar y potenciar su v\u00ednculo con las necesidades reales de los sectores productivos del pa\u00eds.[\/vc_column_text][\/vc_column][vc_column width=\u00bb2\/3&#8243;][\/vc_column][\/vc_row][vc_row bg_color=\u00bb#f9f9f9&#8243; top_padding=\u00bb60&#8243;][vc_column width=\u00bb1\/1&#8243;][\/vc_column][\/vc_row][vc_row bg_color=\u00bb#f9f9f9&#8243; section_arrow=\u00bbfalse\u00bb bottom_padding=\u00bb60&#8243;][vc_column width=\u00bb2\/3&#8243;][vc_column_text][\/vc_column_text][\/vc_column][vc_column width=\u00bb1\/3&#8243;][\/vc_column][\/vc_row][vc_row][vc_column width=\u00bb1\/1&#8243;][\/vc_column][\/vc_row][vc_row bg_color=\u00bb#ffffff\u00bb top_padding=\u00bb40&#8243; bottom_padding=\u00bb60&#8243;][vc_column width=\u00bb1\/1&#8243;][vc_row_inner][vc_column_inner width=\u00bb1\/4&#8243;][\/vc_column_inner][vc_column_inner width=\u00bb1\/4&#8243;][\/vc_column_inner][vc_column_inner width=\u00bb1\/4&#8243;][\/vc_column_inner][vc_column_inner width=\u00bb1\/4&#8243;][\/vc_column_inner][\/vc_row_inner][\/vc_column][\/vc_row][vc_row][vc_column width=\u00bb1\/4&#8243;][\/vc_column][vc_column width=\u00bb1\/4&#8243;][\/vc_column][vc_column width=\u00bb1\/4&#8243;][\/vc_column][vc_column width=\u00bb1\/4&#8243;][\/vc_column][\/vc_row]<\/p>\n","protected":false},"author":1,"featured_media":0,"parent":0,"menu_order":0,"comment_status":"closed","ping_status":"closed","template":"","meta":{"_links_to":"","_links_to_target":""},"acf":[],"wps_subtitle":"","_links":{"self":[{"href":"https:\/\/www.foment.com\/es\/wp-json\/wp\/v2\/pages\/20134"}],"collection":[{"href":"https:\/\/www.foment.com\/es\/wp-json\/wp\/v2\/pages"}],"about":[{"href":"https:\/\/www.foment.com\/es\/wp-json\/wp\/v2\/types\/page"}],"author":[{"embeddable":true,"href":"https:\/\/www.foment.com\/es\/wp-json\/wp\/v2\/users\/1"}],"replies":[{"embeddable":true,"href":"https:\/\/www.foment.com\/es\/wp-json\/wp\/v2\/comments?post=20134"}],"version-history":[{"count":0,"href":"https:\/\/www.foment.com\/es\/wp-json\/wp\/v2\/pages\/20134\/revisions"}],"wp:attachment":[{"href":"https:\/\/www.foment.com\/es\/wp-json\/wp\/v2\/media?parent=20134"}],"curies":[{"name":"wp","href":"https:\/\/api.w.org\/{rel}","templated":true}]}}