{"id":20404,"date":"2016-09-28T19:33:10","date_gmt":"2016-09-28T17:33:10","guid":{"rendered":"http:\/\/foment.itartech.com\/?page_id=20404"},"modified":"2024-04-05T09:43:25","modified_gmt":"2024-04-05T07:43:25","slug":"historia","status":"publish","type":"page","link":"https:\/\/www.foment.com\/es\/sobre-nosotros\/historia\/","title":{"rendered":"Historia"},"content":{"rendered":"<section class=\"wpb-content-wrapper\"><p>[vc_section][vc_row][vc_column width=\u00bb1\/1&#8243;]\n\t\t\t<!-- START historia esp REVOLUTION SLIDER 6.4.6 --><p class=\"rs-p-wp-fix\"><\/p>\n\t\t\t<rs-module-wrap id=\"rev_slider_186_1_wrapper\" data-source=\"gallery\" style=\"background:transparent;padding:0;margin:0px auto;margin-top:0;margin-bottom:0;\">\n\t\t\t\t<rs-module id=\"rev_slider_186_1\" style=\"\" data-version=\"6.4.6\">\n\t\t\t\t\t<rs-slides>\n\t\t\t\t\t\t<rs-slide data-key=\"rs-237\" data-title=\"Slide\" data-anim=\"ms:600;\" data-in=\"o:0;\" data-out=\"a:false;\">\n\t\t\t\t\t\t\t<img src=\"\/\/www.foment.com\/wp-content\/plugins\/revslider\/public\/assets\/assets\/dummy.png\" title=\"4-Hist\u00f2ria\" width=\"1080\" height=\"651\" class=\"rev-slidebg tp-rs-img rs-lazyload\" data-lazyload=\"\/\/www.foment.com\/wp-content\/uploads\/2021\/08\/4-Historia.jpg\" data-parallax=\"off\" data-no-retina>\n<!--\n\t\t\t\t\t\t\t--><rs-layer\n\t\t\t\t\t\t\t\tid=\"slider-186-slide-237-layer-0\" \n\t\t\t\t\t\t\t\tdata-type=\"text\"\n\t\t\t\t\t\t\t\tdata-rsp_ch=\"on\"\n\t\t\t\t\t\t\t\tdata-xy=\"x:c;y:m;yo:-40px,-40px,-30px,-30px;\"\n\t\t\t\t\t\t\t\tdata-text=\"w:normal;s:30,30,32,30;l:66,54,41,25;fw:700;a:center;\"\n\t\t\t\t\t\t\t\tdata-dim=\"w:979px,808px,613px,378px;\"\n\t\t\t\t\t\t\t\tdata-frame_999=\"o:0;st:w;\"\n\t\t\t\t\t\t\t\tstyle=\"z-index:5;font-family:Montserrat;\"\n\t\t\t\t\t\t\t>HISTORIA<br \/>\n \n\t\t\t\t\t\t\t<\/rs-layer><!--\n\n\t\t\t\t\t\t\t--><rs-layer\n\t\t\t\t\t\t\t\tid=\"slider-186-slide-237-layer-2\" \n\t\t\t\t\t\t\t\tdata-type=\"text\"\n\t\t\t\t\t\t\t\tdata-rsp_ch=\"on\"\n\t\t\t\t\t\t\t\tdata-xy=\"x:c;y:m;yo:20px;\"\n\t\t\t\t\t\t\t\tdata-text=\"w:normal;s:20,20,20,18;l:30,30,25,23;a:center;\"\n\t\t\t\t\t\t\t\tdata-dim=\"w:734.0312px,606px,460px,356px;\"\n\t\t\t\t\t\t\t\tdata-frame_999=\"o:0;st:w;\"\n\t\t\t\t\t\t\t\tstyle=\"z-index:7;font-family:Montserrat;\"\n\t\t\t\t\t\t\t>La patronal m\u00e1s antigua de Europa.<br \/>\nLa experiencia al servicio del futuro. \n\t\t\t\t\t\t\t<\/rs-layer><!--\n-->\t\t\t\t\t\t<\/rs-slide>\n\t\t\t\t\t<\/rs-slides>\n\t\t\t\t<\/rs-module>\n\t\t\t\t<script type=\"text\/javascript\">\n\t\t\t\t\tsetREVStartSize({c: 'rev_slider_186_1',rl:[1240,1024,778,480],el:[500,600,360,360],gw:[1240,1024,778,480],gh:[500,600,360,360],type:'hero',justify:'',layout:'fullwidth',mh:\"0\"});\n\t\t\t\t\tvar\trevapi186,\n\t\t\t\t\t\ttpj;\n\t\t\t\t\tfunction revinit_revslider1861() {\n\t\t\t\t\tjQuery(function() {\n\t\t\t\t\t\ttpj = jQuery;\n\t\t\t\t\t\trevapi186 = tpj(\"#rev_slider_186_1\");\n\t\t\t\t\t\tif(revapi186==undefined || revapi186.revolution == undefined){\n\t\t\t\t\t\t\trevslider_showDoubleJqueryError(\"rev_slider_186_1\");\n\t\t\t\t\t\t}else{\n\t\t\t\t\t\t\trevapi186.revolution({\n\t\t\t\t\t\t\t\tsliderType:\"hero\",\n\t\t\t\t\t\t\t\tDPR:\"dpr\",\n\t\t\t\t\t\t\t\tsliderLayout:\"fullwidth\",\n\t\t\t\t\t\t\t\tvisibilityLevels:\"1240,1024,778,480\",\n\t\t\t\t\t\t\t\tgridwidth:\"1240,1024,778,480\",\n\t\t\t\t\t\t\t\tgridheight:\"500,600,360,360\",\n\t\t\t\t\t\t\t\tlazyType:\"smart\",\n\t\t\t\t\t\t\t\tperspective:600,\n\t\t\t\t\t\t\t\tperspectiveType:\"local\",\n\t\t\t\t\t\t\t\teditorheight:\"500,600,360,360\",\n\t\t\t\t\t\t\t\tresponsiveLevels:\"1240,1024,778,480\",\n\t\t\t\t\t\t\t\tprogressBar:{disableProgressBar:true},\n\t\t\t\t\t\t\t\tparallax: {\n\t\t\t\t\t\t\t\t\tlevels:[2,3,4,5,6,7,12,16,10,50,47,48,49,50,51,55],\n\t\t\t\t\t\t\t\t\ttype:\"mouse\",\n\t\t\t\t\t\t\t\t\torigo:\"slidercenter\",\n\t\t\t\t\t\t\t\t\tspeed:2000\n\t\t\t\t\t\t\t\t},\n\t\t\t\t\t\t\t\tfallbacks: {\n\t\t\t\t\t\t\t\t\tallowHTML5AutoPlayOnAndroid:true\n\t\t\t\t\t\t\t\t},\n\t\t\t\t\t\t\t});\n\t\t\t\t\t\t}\n\t\t\t\t\t\t\n\t\t\t\t\t});\n\t\t\t\t\t} \/\/ End of RevInitScript\n\t\t\t\tvar once_revslider1861 = false;\n\t\t\t\tif (document.readyState === \"loading\") {document.addEventListener('readystatechange',function() { if((document.readyState === \"interactive\" || document.readyState === \"complete\") && !once_revslider1861 ) { once_revslider1861 = true; revinit_revslider1861();}});} else {once_revslider1861 = true; revinit_revslider1861();}\n\t\t\t\t<\/script>\n\t\t\t<\/rs-module-wrap>\n\t\t\t<!-- END REVOLUTION SLIDER -->\n[\/vc_column][\/vc_row][\/vc_section][vc_row top_padding=\u00bb50&#8243;][vc_column width=\u00bb1\/1&#8243;][vc_column_text]<\/p>\n<p style=\"text-align: center;\">Con el antecedente directo de la Reial Companyia de Filats de Cot\u00f3 del Principat de Catalunya del a\u00f1o 1771, Foment del Treball y los industriales que representaba abanderaron la incipiente Revoluci\u00f3n Industrial que a lo largo del siglo XIX distingui\u00f3 Catalu\u00f1a como territorio l\u00edder de Espa\u00f1a y de la Europa mediterr\u00e1nea.<\/p>\n<p style=\"text-align: center;\">Foment del Treball tambi\u00e9n fue una instituci\u00f3n pionera en la formaci\u00f3n de los profesionales y los cuadros t\u00e9cnicos que posibilitaron, junto a la iniciativa empresarial, el proceso de industrializaci\u00f3n que llev\u00f3 Catalu\u00f1a a homologarse con las sociedades m\u00e1s avanzadas del momento.<\/p>\n<p style=\"text-align: center;\">Desde finales del siglo XIX, Foment se convirti\u00f3 en la instituci\u00f3n que es actualmente: un punto de referencia de la sociedad catalana y de su vida econ\u00f3mica. La participaci\u00f3n activa en los acontecimientos m\u00e1s trascendentales de Catalu\u00f1a y Espa\u00f1a se ejemplifican en su decisiva promoci\u00f3n de entidades como la Escuela Industrial de Barcelona, la Zona Franca de Barcelona, las C\u00e1maras de Industria y de Comercio, la Asociaci\u00f3n de Ingenieros Industriales o la Caja de Ahorros y Pensiones de Barcelona (\u201cla Caixa\u201d); entidades todas ellas de gran relevancia econ\u00f3mica y social para el pa\u00eds.<\/p>\n<p style=\"text-align: center;\">En pleno siglo XXI, Foment cuenta con un equipo humano joven y preparado que desde diferentes \u00e1reas y departamentos da respuesta a las necesidades de representaci\u00f3n y consulta de sus asociados.<\/p>\n<p>[\/vc_column_text][vc_row_inner][vc_column_inner][\/vc_column_inner][\/vc_row_inner][\/vc_column][\/vc_row][vc_row top_padding=\u00bb20&#8243; bottom_padding=\u00bb70&#8243;][vc_column width=\u00bb1\/1&#8243;]<h2 class=\"headline font-inherit fontsize-l fontweight-700 lh-inherit align-center transform-inherit \" style=\"margin: 0 0 40px 0; color: #d2112d;\">Fechas relevantes de la historia de Foment<\/h2><div class=\"minti_carousel  grab-true pagination_numbers\" data-columns=\"3\" data-tabletcolumns=\"3\" data-nav=\"true\" data-pagination=\"true\" data-autoplay=\"false\" data-animationtime=\"4000\"><div class=\"box clearfix style-2 wpb_content_element align-center \" style=\"padding: 20px 40px 20px 40px; \">\n<h2 style=\"text-align: center;\">1771<\/h2>\n<p style=\"text-align: justify;\">Creaci\u00f3n de la Reial Companyia de Filats de Cot\u00f3 del Principat de Catalunya, origen directo de Foment del Treball Nacional.<\/p>\n<div class=\"left\"><\/div>\n<\/div><div class=\"box clearfix style-2 wpb_content_element align-center \" style=\"padding: 20px 40px 20px 40px; \">\n<h2 style=\"text-align: center;\">1849<\/h2>\n<p style=\"text-align: justify;\">Pionera en ofrecer formaci\u00f3n a muchos de los operarios y maestros industriales que protagonizaron la Revoluci\u00f3n Industrial en Catalu\u00f1a. Crea como \u00f3rgano de expresi\u00f3n el diario El Bien P\u00fablico.<\/p>\n<div class=\"left\"><\/div>\n<\/div><div class=\"box clearfix style-2 wpb_content_element align-center \" style=\"padding: 20px 40px 20px 40px; \">\n<h2 style=\"text-align: center;\">1888<\/h2>\n<p style=\"text-align: justify;\">Los industriales catalanes se implican decisivamente en la organizaci\u00f3n y celebraci\u00f3n de la Exposici\u00f3n Universal de Barcelona.<\/p>\n<div class=\"left\"><\/div>\n<\/div><div class=\"box clearfix style-2 wpb_content_element align-center \" style=\"padding: 20px 40px 20px 40px; \">\n<h2 style=\"text-align: center;\">1899<\/h2>\n<p style=\"text-align: justify;\">Abandera la petici\u00f3n de un modelo de gesti\u00f3n administrativa descentralizada y un concierto econ\u00f3mico para Catalu\u00f1a.<\/p>\n<\/div><div class=\"box clearfix style-2 wpb_content_element align-center \" style=\"padding: 20px 40px 20px 40px; \">\n<h2 style=\"text-align: center;\">1889<\/h2>\n<p style=\"text-align: justify;\">Adopci\u00f3n del nombre definitivo, Foment del Treball Nacional.<\/p>\n<div class=\"left\"><\/div>\n<\/div><div class=\"box clearfix style-2 wpb_content_element align-center \" style=\"padding: 20px 40px 20px 40px; \">\n<h2 style=\"text-align: center;\">1890<\/h2>\n<p style=\"text-align: justify;\"><span style=\"line-height: 1.5;\">Instala su sede en la plaza Santa Anna, 4 (ahora Portal del \u00e1ngel, 4), antigua casa del Marqu\u00e9s de Comillas. <\/span><\/p>\n<\/div><div class=\"box clearfix style-2 wpb_content_element align-center \" style=\"padding: 20px 40px 20px 40px; \">\n<h2 style=\"text-align: center;\">1899<\/h2>\n<p style=\"text-align: justify;\">Abandera la petici\u00f3n de un modelo de gesti\u00f3n administrativa descentralizada y un concierto econ\u00f3mico para Catalu\u00f1a.<\/p>\n<\/div><div class=\"box clearfix style-2 wpb_content_element align-center \" style=\"padding: 20px 40px 20px 40px; \">\n<h2 style=\"text-align: center;\">1904<\/h2>\n<p style=\"text-align: justify;\">Socio fundador de la Caja de Ahorros y Pensiones de Barcelona (\u201cla Caixa\u201d), donde asume la primera presidencia con Llu\u00eds Ferrer-Vidal. Promueve la creaci\u00f3n de la Escuela Industrial de Barcelona, junto con otras entidades p\u00fablicas y privadas.<\/p>\n<\/div><div class=\"box clearfix style-2 wpb_content_element align-center \" style=\"padding: 20px 40px 20px 40px; \">\n<h2 style=\"text-align: center;\">1916<\/h2>\n<p style=\"text-align: justify;\">Participa activamente en la petici\u00f3n al gobierno de Espa\u00f1a de creaci\u00f3n de la Zona Franca en el puerto de Barcelona, que se consigue aquel mismo a\u00f1o.<\/p>\n<\/div><div class=\"box clearfix style-2 wpb_content_element align-center \" style=\"padding: 20px 40px 20px 40px; \">\n<h2 style=\"text-align: center;\">1929<\/h2>\n<div class=\"left\">\n<p>Apoyo a la celebraci\u00f3n de la Exposici\u00f3n Internacional de Barcelona.<\/p>\n<\/div>\n<\/div><div class=\"box clearfix style-2 wpb_content_element align-center \" style=\"padding: 20px 40px 20px 40px; \">\n<h2 style=\"text-align: center;\">1934<\/h2>\n<div class=\"left\">\n<p>Traslado a la sede actual de Via Laietana. El edificio se financia por suscripci\u00f3n de sus asociados.<\/p>\n<\/div>\n<\/div><div class=\"box clearfix style-2 wpb_content_element align-center \" style=\"padding: 20px 40px 20px 40px; \">\n<h2 style=\"text-align: center;\">1936-1977<\/h2>\n<div class=\"left\">\n<div class=\"left\">\n<p>Hibernaci\u00f3n obligada de Foment a causa de la guerra y la dictadura militar.<\/p>\n<\/div>\n<\/div>\n<\/div><div class=\"box clearfix style-2 wpb_content_element align-center \" style=\"padding: 20px 40px 20px 40px; \">\n<h2 style=\"text-align: center;\">1977<\/h2>\n<div class=\"left\">\n<div class=\"left\">\n<p style=\"text-align: justify;\">Renacimiento de Foment del Treball Nacional con el advenimiento de la democracia y bajo el impulso de empresarios como Carles Ferrer Salat, Alfred Molinas, Josep Vil\u00e1 Marsans, Andreu Ribera Rovira o Albert Folch.<\/p>\n<\/div>\n<\/div>\n<\/div><div class=\"box clearfix style-2 wpb_content_element align-center \" style=\"padding: 20px 40px 20px 40px; \">\n<h2 style=\"text-align: center;\">1978<\/h2>\n<div class=\"left\">\n<div class=\"left\">\n<p style=\"text-align: justify;\">Carles Ferrer Salat asume la presidencia de la CEOE (Confederaci\u00f3n Espa\u00f1ola de Organizaciones Empresariales) un a\u00f1o despu\u00e9s de haber promovido su fundaci\u00f3n.<\/p>\n<\/div>\n<\/div>\n<\/div><div class=\"box clearfix style-2 wpb_content_element align-center \" style=\"padding: 20px 40px 20px 40px; \">\n<h2 style=\"text-align: center;\">1990<\/h2>\n<div class=\"left\">\n<div class=\"left\">\n<p style=\"text-align: justify;\">Firma con los sindicatos mayoritarios del Acuerdo Interprofesional de Catalu\u00f1a (AIC), que se renueva y actualiza en 2005, 2011, 2015, 2018 y 2021.<\/p>\n<\/div>\n<\/div>\n<\/div><div class=\"box clearfix style-2 wpb_content_element align-center \" style=\"padding: 20px 40px 20px 40px; \">\n<h2 style=\"text-align: center;\">1992<\/h2>\n<div class=\"left\">\n<div class=\"left\">\n<p style=\"text-align: justify;\">Creaci\u00f3n del \u00f3rgano de mediaci\u00f3n extrajudicial Tribunal Laboral de Catalu\u00f1a, consecuencia directa del primer AIC.<\/p>\n<\/div>\n<\/div>\n<\/div><div class=\"box clearfix style-2 wpb_content_element align-center \" style=\"padding: 20px 40px 20px 40px; \">\n<h2 style=\"text-align: center;\">2005<\/h2>\n<div class=\"left\">\n<div class=\"left\">\n<p style=\"text-align: left;\">Firma con el Gobierno de Catalu\u00f1a, organizaciones empresariales y sindicatos mayoritarios del Acuerdo estrat\u00e9gico para la internacionalizaci\u00f3n, la calidad de la ocupaci\u00f3n y la competitividad de la econom\u00eda catalana.<\/p>\n<\/div>\n<\/div>\n<\/div><div class=\"box clearfix style-2 wpb_content_element align-center \" style=\"padding: 20px 40px 20px 40px; \">\n<h2 style=\"text-align: center;\">2011<\/h2>\n<div class=\"left\">\n<div class=\"left\">\n<p style=\"text-align: justify;\">Apoyo a su presidente, Juan Rosell, para presidir la CEOE.<\/p>\n<\/div>\n<\/div>\n<\/div><div class=\"box clearfix style-2 wpb_content_element align-center \" style=\"padding: 20px 40px 20px 40px; \">\n<h2 style=\"text-align: center;\">2012<\/h2>\n<div class=\"left\">\n<div class=\"left\">\n<p style=\"text-align: justify;\">Constituci\u00f3n de la Comisi\u00f3n de Aplicaci\u00f3n y Seguimiento del Acuerdo Interprofesional de Catalu\u00f1a 2011-2014. Foment propone que Barcelona acoja la Secretar\u00eda General permanente del foro de regiones m\u00e1s industrializadas de Europa, el FODERE.<\/p>\n<\/div>\n<\/div>\n<\/div><div class=\"box clearfix style-2 wpb_content_element align-center \" style=\"padding: 20px 40px 20px 40px; \">\n<h2 style=\"text-align: center;\">2014<\/h2>\n<div class=\"left\">\n<div class=\"left\">\n<p style=\"text-align: justify;\">Firma del Acuerdo para el Di\u00e1logo Social Permanente, por parte del Gobierno, organizaciones empresariales y sindicatos. Un conjunto de medidas de car\u00e1cter urgente destinadas a paliar los efectos de la crisis sobre el empleo, el nivel de bienestar de las personas y la supervivencia del tejido empresarial.<\/p>\n<\/div>\n<\/div>\n<\/div><div class=\"box clearfix style-2 wpb_content_element align-center \" style=\"padding: 20px 40px 20px 40px; \">\n<h2 style=\"text-align: center;\">2017<\/h2>\n<div class=\"left\">\n<div class=\"left\">\n<p style=\"text-align: justify;\">Se constituye el Consejo Asesor de Infraestructuras de Catalu\u00f1a bajo el impulso de cuatro entidades del sector empresarial privado, entre las que se encuentra Foment. Un instrumento que permita el di\u00e1logo y debate riguroso de las pol\u00edticas p\u00fablicas de infraestructuras en Catalu\u00f1a.<\/p>\n<\/div>\n<\/div>\n<\/div><div class=\"box clearfix style-2 wpb_content_element align-center \" style=\"padding: 20px 40px 20px 40px; \">\n<h2 style=\"text-align: center;\">2019<\/h2>\n<div class=\"left\">\n<div class=\"left\">\n<p style=\"text-align: justify;\">Los sectores de la cultura y el deporte se integran en Foment del Treball. Tambi\u00e9n la representaci\u00f3n de los aut\u00f3nomos.<br \/>\nSe incorporan nuevos sectores (cultural y deportivo) y colectivos profesionales (aut\u00f3nomos). Se crea el <em>think tank<\/em> Institut d&#8217;Estudis Estrat\u00e8gics para vindicar el compromiso de la empresa con la sostenibilidad y el bienestar compartido. Foment abre una oficina en Bruselas.<\/p>\n<\/div>\n<\/div>\n<\/div><div class=\"box clearfix style-2 wpb_content_element align-center \" style=\"padding: 20px 40px 20px 40px; \">\n<h2 style=\"text-align: center;\">2020<\/h2>\n<div class=\"left\">\n<div class=\"left\">\n<p style=\"text-align: justify;\">El a\u00f1o de la pandemia. Foment intensifica su capacidad de influencia y hace de altavoz de los sectores econ\u00f3micos y empresariales m\u00e1s afectados por la ca\u00edda de la actividad. El Institut de Estudis Estrat\u00e8gics de Foment presenta el informe <em>Por una Europa social y de progreso para el S. XXI<\/em> en el Parlamento Europeo de Bruselas. Y con fecha 9 de noviembre de 2020, Foment refunda la Sociedad de Estudios Econ\u00f3micos como la Sociedad Barcelonesa de Estudios Econ\u00f3micos y Sociales (SBEES), con el objetivo de impulsar la idea de Barcelona como metr\u00f3polis global. Barcelona necesita repensarse en muchos aspectos para afrontar el presente y el futuro. El di\u00e1logo y la colaboraci\u00f3n p\u00fablico-privada deben ser imprescindibles en este sentido.<\/p>\n<\/div>\n<\/div>\n<\/div><div class=\"box clearfix style-2 wpb_content_element align-center \" style=\"padding: 20px 40px 20px 40px; \">\n<h2 style=\"text-align: center;\">2021<\/h2>\n<div class=\"left\">\n<div class=\"left\">\n<p style=\"text-align: justify;\">Con motivo de los 250 a\u00f1os de la patronal catalana, se entregan Medallas de Honor al editor, Javier God\u00f3; al primer ministro italiano, Mario Draghi; al presidente de la Fundaci\u00f3n La Caixa, Isidre Fain\u00e9; la editora de The Economist, Susan \u00abZanny\u00bb Minton Beddoes; al director de la GSMA, John Hoffman; el Xacobeo; y a la Asociaci\u00f3n Industria Textil Algodonera.<\/p>\n<\/div>\n<\/div>\n<\/div><div class=\"box clearfix style-2 wpb_content_element align-center \" style=\"padding: 20px 40px 20px 40px; \">\n<h2 style=\"text-align: center;\">2022<\/h2>\n<div class=\"left\">\n<div class=\"left\">\n<p style=\"text-align: justify;\">El 2022 fue el primer a\u00f1o de celebraci\u00f3n del D\u00eda de la Empresa, una iniciativa impulsada por Foment del Treball. Anteriormente, el presidente de la patronal, Josep S\u00e1nchez Llibre, entreg\u00f3 a todos los grupos parlamentarios la proposici\u00f3n no de ley para institucionalizar un d\u00eda de reconocimiento a las empresas y empresarios por su esencial contribuci\u00f3n al progreso econ\u00f3mico ya la cohesi\u00f3n social de Catalunya, por su doble vertiente de creaci\u00f3n de riqueza y de impulso del empleo. Era uno de los compromisos de su programa electoral, con el que inici\u00f3 su mandato en noviembre de 2018, y que vio logrado con el anuncio del Gobierno de la Generalitat de oficializar el 27 de junio como el d\u00eda para conmemorar la figura del empresario, el mismo d\u00eda establecido por la ONU desde 2017 y, por tanto, la mejor fecha para compartir la celebraci\u00f3n globalmente.<\/p>\n<\/div>\n<\/div>\n<\/div><div class=\"box clearfix style-2 wpb_content_element align-center \" style=\"padding: 20px 40px 20px 40px; \">\n<h2 style=\"text-align: center;\">2024<\/h2>\n<div class=\"left\">\n<div class=\"left\">\n<p style=\"text-align: justify;\">La Sociedad Barcelonesa de Estudios Econ\u00f3micos y Sociales (SBEES) inaugura nueva sede en Madrid, en el Palacio de Miraflores, donde contar\u00e1 con un Consejo Asesor propio, con la vocaci\u00f3n de participar e influir en el debate p\u00fablico m\u00e1s all\u00e1 de Catalu\u00f1a, a trav\u00e9s de la organizaci\u00f3n de jornadas econ\u00f3micas.<\/p>\n<\/div>\n<\/div>\n<\/div><\/div>[\/vc_column][\/vc_row]<\/p>\n<\/section>","protected":false},"excerpt":{"rendered":"<p>[vc_section][vc_row][vc_column width=\u00bb1\/1&#8243;][\/vc_column][\/vc_row][\/vc_section][vc_row top_padding=\u00bb50&#8243;][vc_column width=\u00bb1\/1&#8243;][vc_column_text] Con el antecedente directo de la Reial Companyia de Filats de Cot\u00f3 del Principat de Catalunya del a\u00f1o 1771, Foment del Treball y los industriales que representaba abanderaron la incipiente Revoluci\u00f3n Industrial que a lo largo del siglo XIX distingui\u00f3 Catalu\u00f1a como territorio l\u00edder de Espa\u00f1a y de la Europa mediterr\u00e1nea. Foment del Treball tambi\u00e9n fue una instituci\u00f3n pionera en la formaci\u00f3n de los profesionales y los cuadros t\u00e9cnicos que posibilitaron, junto a la iniciativa empresarial, el proceso de industrializaci\u00f3n que llev\u00f3 Catalu\u00f1a a homologarse con las sociedades m\u00e1s avanzadas del momento. Desde finales del siglo XIX, Foment se convirti\u00f3 en la instituci\u00f3n que es actualmente: un punto de referencia de la sociedad catalana y de su vida econ\u00f3mica. La participaci\u00f3n activa en los acontecimientos m\u00e1s trascendentales de Catalu\u00f1a y Espa\u00f1a se ejemplifican en su decisiva promoci\u00f3n de entidades como la Escuela Industrial de Barcelona, la Zona Franca de Barcelona, las C\u00e1maras de Industria y de Comercio, la Asociaci\u00f3n de Ingenieros Industriales o la Caja de Ahorros y Pensiones de Barcelona (\u201cla Caixa\u201d); entidades todas ellas de gran relevancia econ\u00f3mica y social para el pa\u00eds. En pleno siglo XXI, Foment cuenta con un equipo humano joven [&hellip;]<\/p>\n","protected":false},"author":1,"featured_media":0,"parent":17128,"menu_order":0,"comment_status":"closed","ping_status":"closed","template":"","meta":{"_links_to":"","_links_to_target":""},"acf":[],"wps_subtitle":"","_links":{"self":[{"href":"https:\/\/www.foment.com\/es\/wp-json\/wp\/v2\/pages\/20404"}],"collection":[{"href":"https:\/\/www.foment.com\/es\/wp-json\/wp\/v2\/pages"}],"about":[{"href":"https:\/\/www.foment.com\/es\/wp-json\/wp\/v2\/types\/page"}],"author":[{"embeddable":true,"href":"https:\/\/www.foment.com\/es\/wp-json\/wp\/v2\/users\/1"}],"replies":[{"embeddable":true,"href":"https:\/\/www.foment.com\/es\/wp-json\/wp\/v2\/comments?post=20404"}],"version-history":[{"count":13,"href":"https:\/\/www.foment.com\/es\/wp-json\/wp\/v2\/pages\/20404\/revisions"}],"predecessor-version":[{"id":180227,"href":"https:\/\/www.foment.com\/es\/wp-json\/wp\/v2\/pages\/20404\/revisions\/180227"}],"up":[{"embeddable":true,"href":"https:\/\/www.foment.com\/es\/wp-json\/wp\/v2\/pages\/17128"}],"wp:attachment":[{"href":"https:\/\/www.foment.com\/es\/wp-json\/wp\/v2\/media?parent=20404"}],"curies":[{"name":"wp","href":"https:\/\/api.w.org\/{rel}","templated":true}]}}