{"id":20673,"date":"2016-10-03T19:07:49","date_gmt":"2016-10-03T17:07:49","guid":{"rendered":"http:\/\/foment.itartech.com\/?page_id=20673"},"modified":"2025-07-29T13:46:30","modified_gmt":"2025-07-29T11:46:30","slug":"biblioteca-archivo","status":"publish","type":"page","link":"https:\/\/www.foment.com\/es\/sobre-nosotros\/biblioteca-archivo\/","title":{"rendered":"Biblioteca Archivo"},"content":{"rendered":"<section class=\"wpb-content-wrapper\"><p>[vc_section][vc_row][vc_column width=\u00bb1\/1&#8243;]\n\t\t\t<!-- START biblioteca esp REVOLUTION SLIDER 6.4.6 --><p class=\"rs-p-wp-fix\"><\/p>\n\t\t\t<rs-module-wrap id=\"rev_slider_188_1_wrapper\" data-source=\"gallery\" style=\"background:transparent;padding:0;margin:0px auto;margin-top:0;margin-bottom:0;\">\n\t\t\t\t<rs-module id=\"rev_slider_188_1\" style=\"\" data-version=\"6.4.6\">\n\t\t\t\t\t<rs-slides>\n\t\t\t\t\t\t<rs-slide data-key=\"rs-239\" data-title=\"Slide\" data-anim=\"ms:600;\" data-in=\"o:0;\" data-out=\"a:false;\">\n\t\t\t\t\t\t\t<img src=\"\/\/www.foment.com\/wp-content\/plugins\/revslider\/public\/assets\/assets\/dummy.png\" title=\"biblioteca\" width=\"875\" height=\"281\" class=\"rev-slidebg tp-rs-img rs-lazyload\" data-lazyload=\"\/\/www.foment.com\/wp-content\/uploads\/2021\/05\/biblioteca.jpeg\" data-parallax=\"off\" data-no-retina>\n<!--\n\t\t\t\t\t\t\t--><rs-layer\n\t\t\t\t\t\t\t\tid=\"slider-188-slide-239-layer-0\" \n\t\t\t\t\t\t\t\tdata-type=\"text\"\n\t\t\t\t\t\t\t\tdata-rsp_ch=\"on\"\n\t\t\t\t\t\t\t\tdata-xy=\"x:c;y:m;yo:-10px,-10px,-10px,0;\"\n\t\t\t\t\t\t\t\tdata-text=\"w:normal;s:30,30,28,25;l:66,54,41,25;fw:700;a:center;\"\n\t\t\t\t\t\t\t\tdata-dim=\"w:979px,808px,613px,378px;\"\n\t\t\t\t\t\t\t\tdata-frame_999=\"o:0;st:w;\"\n\t\t\t\t\t\t\t\tstyle=\"z-index:5;font-family:Montserrat;\"\n\t\t\t\t\t\t\t>BIBLIOTECA ARCHIVO \n\t\t\t\t\t\t\t<\/rs-layer><!--\n-->\t\t\t\t\t\t<\/rs-slide>\n\t\t\t\t\t<\/rs-slides>\n\t\t\t\t<\/rs-module>\n\t\t\t\t<script type=\"text\/javascript\">\n\t\t\t\t\tsetREVStartSize({c: 'rev_slider_188_1',rl:[1240,1024,778,480],el:[500,600,360,360],gw:[1240,1024,778,480],gh:[500,600,360,360],type:'hero',justify:'',layout:'fullwidth',mh:\"0\"});\n\t\t\t\t\tvar\trevapi188,\n\t\t\t\t\t\ttpj;\n\t\t\t\t\tfunction revinit_revslider1881() {\n\t\t\t\t\tjQuery(function() {\n\t\t\t\t\t\ttpj = jQuery;\n\t\t\t\t\t\trevapi188 = tpj(\"#rev_slider_188_1\");\n\t\t\t\t\t\tif(revapi188==undefined || revapi188.revolution == undefined){\n\t\t\t\t\t\t\trevslider_showDoubleJqueryError(\"rev_slider_188_1\");\n\t\t\t\t\t\t}else{\n\t\t\t\t\t\t\trevapi188.revolution({\n\t\t\t\t\t\t\t\tsliderType:\"hero\",\n\t\t\t\t\t\t\t\tDPR:\"dpr\",\n\t\t\t\t\t\t\t\tsliderLayout:\"fullwidth\",\n\t\t\t\t\t\t\t\tvisibilityLevels:\"1240,1024,778,480\",\n\t\t\t\t\t\t\t\tgridwidth:\"1240,1024,778,480\",\n\t\t\t\t\t\t\t\tgridheight:\"500,600,360,360\",\n\t\t\t\t\t\t\t\tlazyType:\"smart\",\n\t\t\t\t\t\t\t\tperspective:600,\n\t\t\t\t\t\t\t\tperspectiveType:\"local\",\n\t\t\t\t\t\t\t\teditorheight:\"500,600,360,360\",\n\t\t\t\t\t\t\t\tresponsiveLevels:\"1240,1024,778,480\",\n\t\t\t\t\t\t\t\tprogressBar:{disableProgressBar:true},\n\t\t\t\t\t\t\t\tparallax: {\n\t\t\t\t\t\t\t\t\tlevels:[2,3,4,5,6,7,12,16,10,50,47,48,49,50,51,55],\n\t\t\t\t\t\t\t\t\ttype:\"mouse\",\n\t\t\t\t\t\t\t\t\torigo:\"slidercenter\",\n\t\t\t\t\t\t\t\t\tspeed:2000\n\t\t\t\t\t\t\t\t},\n\t\t\t\t\t\t\t\tfallbacks: {\n\t\t\t\t\t\t\t\t\tallowHTML5AutoPlayOnAndroid:true\n\t\t\t\t\t\t\t\t},\n\t\t\t\t\t\t\t});\n\t\t\t\t\t\t}\n\t\t\t\t\t\t\n\t\t\t\t\t});\n\t\t\t\t\t} \/\/ End of RevInitScript\n\t\t\t\tvar once_revslider1881 = false;\n\t\t\t\tif (document.readyState === \"loading\") {document.addEventListener('readystatechange',function() { if((document.readyState === \"interactive\" || document.readyState === \"complete\") && !once_revslider1881 ) { once_revslider1881 = true; revinit_revslider1881();}});} else {once_revslider1881 = true; revinit_revslider1881();}\n\t\t\t\t<\/script>\n\t\t\t<\/rs-module-wrap>\n\t\t\t<!-- END REVOLUTION SLIDER -->\n[\/vc_column][\/vc_row][\/vc_section][vc_row top_padding=\u00bb60&#8243; bottom_padding=\u00bb50&#8243;][vc_column text_align=\u00bbcenter\u00bb width=\u00bb1\/1&#8243;][vc_column_text]<\/p>\n<p style=\"text-align: center;\">La Biblioteca Archivo se cre\u00f3 en 1889, a\u00f1o en que se constituye formalmente Foment del Treball Nacional. Da cuenta de la historia del asociacionismo empresarial de Catalu\u00f1a y muy especialmente del siglo XIX, a pesar de que conserva libros anteriores al 1800.<\/p>\n<p style=\"text-align: center;\">El 1892 la Junta Directiva aprob\u00f3 un Reglamento de la Biblioteca y del Gabinete de Lectura y public\u00f3 un cat\u00e1logo de materias, que en 1914 se adapta al sistema de Clasificaci\u00f3n Documental de Bruselas (1907) por el bibliotecario Sebasti\u00e0 Farn\u00e9s.<\/p>\n<p style=\"text-align: center;\">Foment del Treball ha iniciado la primera fase de digitalizaci\u00f3n de su archivo hist\u00f3rico entre 1829-1936, con 136 vol\u00famenes y 31.000 im\u00e1genes digitalizadas. Entre estos documentos encontramos actas, registro de oficios y correspondencia.<\/p>\n<p>[\/vc_column_text][\/vc_column][\/vc_row][vc_row][vc_column width=\u00bb1\/1&#8243;]<div class=\"newdivider align-center\" style=\"border-bottom-style: solid; border-color: #d8d8d8; border-bottom-width: 2px; margin-top: 0; margin-bottom: 0; width: 100%; \"><\/div><div class=\"clear\"><\/div>[\/vc_column][\/vc_row][vc_row type=\u00bbfull_width_section\u00bb top_padding=\u00bb30&#8243; bottom_padding=\u00bb20&#8243;][vc_column width=\u00bb1\/1&#8243;]<h4 class=\"headline font-special fontsize-xxl fontweight-700 lh-inherit align-center transform-inherit \" style=\"margin: 0 0 20px 0; color: #d2112d;\">CONTACTA CON LA BIBLIOTECA ARCHIVO<\/h4>[\/vc_column][\/vc_row][vc_row top_padding=\u00bb10&#8243; bottom_padding=\u00bb40&#8243;][vc_column text_align=\u00bbcenter\u00bb width=\u00bb1\/3&#8243;][vc_column_text]<\/p>\n<p style=\"text-align: center;\"><strong>HORARIO<\/strong><\/p>\n<p style=\"text-align: center;\"><span style=\"color: #d2112d; font-size: 16pt;\">10 a 14 horas (cita previa)<\/span><\/p>\n<p>[\/vc_column_text][\/vc_column][vc_column width=\u00bb1\/3&#8243;][vc_column_text]<\/p>\n<p style=\"text-align: center;\"><strong>TEL\u00c9FONO<\/strong><\/p>\n<p style=\"text-align: center;\"><span style=\"color: #d2112d; font-size: 16pt;\">93 484 12 35<\/span><\/p>\n<p>[\/vc_column_text][\/vc_column][vc_column width=\u00bb1\/3&#8243;][vc_column_text]<\/p>\n<p style=\"text-align: center;\"><strong>EMAIL<\/strong><\/p>\n<p style=\"text-align: center;\"><span style=\"color: #d2112d; font-size: 16pt;\"><a style=\"color: #d2112d;\" href=\"mailto:biblioteca@foment.com\">biblioteca@foment.com<\/a><\/span><\/p>\n<p>[\/vc_column_text][\/vc_column][\/vc_row][vc_row][vc_column width=\u00bb1\/1&#8243;][vc_row_inner][vc_column_inner]<div class=\"flexslider wpb_content_element\"><ul class=\"slides\"><li><img src=\"https:\/\/www.foment.com\/wp-content\/uploads\/2016\/09\/Foment_del_Treball_Biblioteca_Arxiu_3.png\" alt=\"\" \/><\/li><li><img src=\"https:\/\/www.foment.com\/wp-content\/uploads\/2016\/09\/Foment_del_Treball_Biblioteca_Arxiu_2.png\" alt=\"\" \/><\/li><li><img src=\"https:\/\/www.foment.com\/wp-content\/uploads\/2016\/09\/Foment_del_Treball_Biblioteca_Arxiu.png\" alt=\"\" \/><\/li><li><img src=\"https:\/\/www.foment.com\/wp-content\/uploads\/2016\/09\/Foment_del_Treball_Biblioteca_Arxiu_4.png\" alt=\"\" \/><\/li><\/ul><\/div>[\/vc_column_inner][\/vc_row_inner][\/vc_column][\/vc_row][vc_section css=\u00bb.vc_custom_1624369329213{background-color: #efefef !important;}\u00bb][vc_row class=\u00bbpestanyesorgans\u00bb][vc_column width=\u00bb1\/1&#8243;][vc_row_inner][vc_column_inner width=\u00bb1\/6&#8243;][\/vc_column_inner][vc_column_inner el_class=\u00bbpestanyesorgans\u00bb width=\u00bb2\/3&#8243; css=\u00bb.vc_custom_1624368821084{padding-bottom: 20px !important;}\u00bb offset=\u00bbvc_hidden-sm vc_hidden-xs\u00bb]<h2 class=\"headline font-inherit fontsize-m fontweight-700 lh-inherit align-center transform-inherit \" style=\"margin: 40px 0 30px 0; color: #000000;\">El fondo documental de Foment cuenta con m\u00e1s de 80.000 vol\u00famenes divididos en cuatro secciones:<\/h2>[\/vc_column_inner][vc_column_inner width=\u00bb1\/6&#8243;][\/vc_column_inner][\/vc_row_inner][vc_row_inner][vc_column_inner width=\u00bb1\/6&#8243;][\/vc_column_inner][vc_column_inner el_class=\u00bbpestanyesorgans\u00bb width=\u00bb2\/3&#8243; offset=\u00bbvc_hidden-lg vc_hidden-md\u00bb css=\u00bb.vc_custom_1629477694790{margin-top: -10px !important;}\u00bb]<h2 class=\"headline font-inherit fontsize-m fontweight-700 lh-inherit align-center transform-inherit \" style=\"margin: 0px 0 0px 0; color: #000000;\">El fondo documental de Foment cuenta con m\u00e1s de 80.000 vol\u00famenes divididos en cuatro secciones:<\/h2>[\/vc_column_inner][vc_column_inner width=\u00bb1\/6&#8243;][\/vc_column_inner][\/vc_row_inner][\/vc_column][\/vc_row][vc_row bg_color=\u00bb#efefef\u00bb top_padding=\u00bb0&#8243; bottom_padding=\u00bb70&#8243; class=\u00bbpestanyesarxiu\u00bb][vc_column el_class=\u00bbpestanyesarxiu\u00bb width=\u00bb1\/1&#8243;][vc_tta_tabs style=\u00bbflat\u00bb shape=\u00bbsquare\u00bb color=\u00bbwhite\u00bb active_section=\u00bb1&#8243; el_class=\u00bbpestanyesarxiu\u00bb][vc_tta_section title=\u00bbARCHIVO HIST\u00d3RICO\u00bb tab_id=\u00bb1624364267284-22bb8a95-4c2c\u00bb][vc_column_text el_class=\u00bbespaiat\u00bb]Archivo de Foment (AFTN) refleja la historia del asociacionismo empresarial en Catalu\u00f1a. Conserva el legado que dejaron las diversas instituciones precedentes del actual Foment y destacan los escritos y documentos manuscritos generados por la Comisi\u00f3n de F\u00e1bricas.<br \/>\nPodemos resumir su contenido en secciones y series:<\/p>\n<h3 class=\"blue\">Secciones:<\/h3>\n<ul>\n<li>Comissi\u00f3 de F\u00e0briques, Teixits i Estampats de Cot\u00f3 de Catalunya (1829-1847)<\/li>\n<li>Junta de F\u00e0briques (1847-1861)<\/li>\n<li>Institut Industrial de Catalunya (1848-1879)<\/li>\n<li>Foment de la Producci\u00f3 Nacional (1869-1880)<\/li>\n<li>Foment de la Producci\u00f3 Espanyola (1876-1888)<\/li>\n<li>Institut de Foment del Treball Nacional (1879-1889)<\/li>\n<li>Foment del Treball Nacional (1889-1936)<\/li>\n<\/ul>\n<h3 class=\"blue\">S\u00e8ries:<\/h3>\n<ul>\n<li>Actas Junta Directiva i Comisi\u00f3n de Gobierno interior<\/li>\n<li>Copiador de Cartas, oficios, comunicaciones<\/li>\n<li>Libros de administraci\u00f3n y contabilidad<\/li>\n<li>Legajos de correspondencia recibida<\/li>\n<li>Legajos de asuntos internos(edificio, presupuestos, homenajes\u2026)<\/li>\n<li>Memorias (1883 &#8212; )<\/li>\n<li>Publicaciones peri\u00f3dicas:\n<dl>\n<dt><\/dt>\n<dd>1849-1850 \u00abEl Bien P\u00fablico\u00bb<\/dd>\n<dd>1869 \u00abEl Protector del Pueblo\u00bb<\/dd>\n<dd>1869-1870 \u00abFomento de la Producci\u00f3n Nacional\u00bb<\/dd>\n<dd>1870-1879 \u00abFomento de la Producci\u00f3n Nacional\u00bb<\/dd>\n<dd>1876-1889 \u00abFomento del la Producci\u00f3n Espa\u00f1ola\u00bb<\/dd>\n<dd>1880-1888 \u00abEl Eco de la Producci\u00f3n\u00bb<\/dd>\n<dd>1890-1892 \u00abEl Economista Espa\u00f1ol\u00bb<\/dd>\n<dd>1892-1936 \u00abEl <a id=\"_GPLITA_0\" title=\"Powered by Text-Enhance\" href=\"\/es\/sobre-nosotros\/biblioteca-archivo\/\">Trabajo<\/a> Nacional\u00bb<\/dd>\n<dd>1942-1943\u00a0<em> \u00ab<\/em>Informaci\u00f3n Econ\u00f3mica\u00bb<\/dd>\n<dd>1943-1970 \u00abFomento del <a id=\"_GPLITA_0\" title=\"Powered by Text-Enhance\" href=\"\/es\/sobre-nosotros\/biblioteca-archivo\/\">Trabajo<\/a> Nacional\u00bb<\/dd>\n<dd>Econom\u00eda nacional, internacional y de la empresa<\/dd>\n<dd>1970-1978 \u00abFomento del <a id=\"_GPLITA_0\" title=\"Powered by Text-Enhance\" href=\"\/es\/sobre-nosotros\/biblioteca-archivo\/\">Trabajo<\/a> Nacional\u00bb<\/dd>\n<dd>1978- \u00abHorizonte Empresarial\u00bb<\/dd>\n<\/dl>\n<\/li>\n<\/ul>\n<p>[\/vc_column_text][\/vc_tta_section][vc_tta_section title=\u00bbLIBROS Y FOLLETOS\u00bb tab_id=\u00bb1624364267322-cf4dfc03-0132&#8243;][vc_column_text el_class=\u00bbespaiat\u00bb]La Biblioteca cuenta con unos 80.000 vol\u00famenes, b\u00e1sicamente de temas econ\u00f3micos y sociales. Contribuyeron con sus donativos: Josep Ferrer y Vidal, Frederic Rahola, Guillem Graell, Emili Orellana, V\u00edctor Balaguer, Llu\u00eds Seg\u00f3, Juan Navarro Reverter i Josep M. Albert Despujol, Bar\u00f3n de Terrades, entre otros.<\/p>\n<p>Tiene un importante fondo de m\u00e1s 200 libros anteriores a 1800 (3 libros del s. XVI, 25 del s.XVII y 183 del s. XVIII)).<\/p>\n<p>Entre estos destacan:<\/p>\n<ul>\n<li>Constituciones y otros derechos de Catalu\u00f1a, 1589, 1r vol.<\/li>\n<li>Marco Tilius Tir\u00f3n. Notae romanorum veterum. Quibus litera verbum facit (Taquigrafia romana), 1603. Las notas tironianes fueran empleadas para recoger con este sistema taquigr\u00e1fico los discursos del Senado Romano.<\/li>\n<li>Miguel de Cervantes Saavedra. Don Quijote de la Mancha (1605) y 1\u00aa edici\u00f3n foto-tipogr\u00e1fica, 1872. Edici\u00f3n de s\u00f3lo 1605 ejemplares para Espa\u00f1a.<\/li>\n<li>Frigola, Vicente. Relaci\u00f3n de los pueblos de que consta el Principado, 1824. Considerado el primer nomencl\u00e1tor catal\u00e1n.<\/li>\n<li>Tos, Joaqu\u00edn. Paleograf\u00eda que para la inteligencia de los manuscritos antiguos de este Principado. Ap\u00e9ndice de escribanos y notarios de Barcelona del siglo XIII. Paleograf\u00eda catalana. (anterior a 1828).<\/li>\n<\/ul>\n<p>[\/vc_column_text][\/vc_tta_section][vc_tta_section title=\u00bbPUBLICACIONES PERI\u00d3DICAS\u00bb tab_id=\u00bb1624364330642-1293fb95-2182&#8243;][vc_column_text el_class=\u00bbespaiat\u00bb]El cat\u00e1logo de t\u00edtulos de revista de Foment del Treball consta de unas 1500 entradas cerradas; cuatro del s. XVIII y m\u00e1s de 160 del s. XIX.<\/p>\n<p>Entre las colecciones m\u00e1s importantes destacan:<\/p>\n<ul>\n<li>Mercurio hist\u00f3rico y pol\u00edtico, 1743<\/li>\n<li>Descriptions des Arts et Metiers 1761 87 vols.<\/li>\n<li>Diario de Barcelona (1793)<\/li>\n<li>Gaceta de Madrid (1848)<\/li>\n<li>Diario de Sesiones de las Cortes, Congreso de Diputados desde las Cortes de Castilla y de C\u00e1diz (1563). (Volums publicats el 1877)<\/li>\n<li>The Economist (1876)<\/li>\n<li>Dekorative Vorbilber, 1890. 21 vol.<\/li>\n<li>Bolet\u00edn de Reformas Sociales (1904-1924)<\/li>\n<\/ul>\n<p>[\/vc_column_text][\/vc_tta_section][vc_tta_section title=\u00bbMANUSCRITOS Y EJEMPLARES \u00daNICOS\u00bb tab_id=\u00bb1624364359324-b9a3a52a-7933&#8243;][vc_column_text el_class=\u00bbespaiat\u00bb]<\/p>\n<ul>\n<li>Colecciones de letras de cambio adquiridas por Foment del Treball en el a\u00f1o 1895:\n<ul>\n<li>Lletra de Canvi de Val\u00e8ncia (s.XV)<\/li>\n<li>Lletra de Vanio de N\u00e0pols (s. XVI)<\/li>\n<\/ul>\n<\/li>\n<li>Samponts Roca, Francisco. Noticia de una nueva Bomba de Fuego, 1805<\/li>\n<li>Rovira, Joaqu\u00edn. Libro de teor\u00eda de la fabricaci\u00f3n de la seda &#8230;1838<\/li>\n<li>Rico y Sinobas. Ornamentaci\u00f3n catalana: cerrajer\u00eda en la Edad Media, 1880<\/li>\n<\/ul>\n<p>[\/vc_column_text][\/vc_tta_section][\/vc_tta_tabs][\/vc_column][\/vc_row][\/vc_section]<\/p>\n<\/section>","protected":false},"excerpt":{"rendered":"<p>[vc_section][vc_row][vc_column width=\u00bb1\/1&#8243;][\/vc_column][\/vc_row][\/vc_section][vc_row top_padding=\u00bb60&#8243; bottom_padding=\u00bb50&#8243;][vc_column text_align=\u00bbcenter\u00bb width=\u00bb1\/1&#8243;][vc_column_text] La Biblioteca Archivo se cre\u00f3 en 1889, a\u00f1o en que se constituye formalmente Foment del Treball Nacional. Da cuenta de la historia del asociacionismo empresarial de Catalu\u00f1a y muy especialmente del siglo XIX, a pesar de que conserva libros anteriores al 1800. El 1892 la Junta Directiva aprob\u00f3 un Reglamento de la Biblioteca y del Gabinete de Lectura y public\u00f3 un cat\u00e1logo de materias, que en 1914 se adapta al sistema de Clasificaci\u00f3n Documental de Bruselas (1907) por el bibliotecario Sebasti\u00e0 Farn\u00e9s. Foment del Treball ha iniciado la primera fase de digitalizaci\u00f3n de su archivo hist\u00f3rico entre 1829-1936, con 136 vol\u00famenes y 31.000 im\u00e1genes digitalizadas. Entre estos documentos encontramos actas, registro de oficios y correspondencia. [\/vc_column_text][\/vc_column][\/vc_row][vc_row][vc_column width=\u00bb1\/1&#8243;][\/vc_column][\/vc_row][vc_row type=\u00bbfull_width_section\u00bb top_padding=\u00bb30&#8243; bottom_padding=\u00bb20&#8243;][vc_column width=\u00bb1\/1&#8243;][\/vc_column][\/vc_row][vc_row top_padding=\u00bb10&#8243; bottom_padding=\u00bb40&#8243;][vc_column text_align=\u00bbcenter\u00bb width=\u00bb1\/3&#8243;][vc_column_text] HORARIO 10 a 14 horas (cita previa) [\/vc_column_text][\/vc_column][vc_column width=\u00bb1\/3&#8243;][vc_column_text] TEL\u00c9FONO 93 484 12 35 [\/vc_column_text][\/vc_column][vc_column width=\u00bb1\/3&#8243;][vc_column_text] EMAIL biblioteca@foment.com [\/vc_column_text][\/vc_column][\/vc_row][vc_row][vc_column width=\u00bb1\/1&#8243;][vc_row_inner][vc_column_inner][\/vc_column_inner][\/vc_row_inner][\/vc_column][\/vc_row][vc_section css=\u00bb.vc_custom_1624369329213{background-color: #efefef !important;}\u00bb][vc_row class=\u00bbpestanyesorgans\u00bb][vc_column width=\u00bb1\/1&#8243;][vc_row_inner][vc_column_inner width=\u00bb1\/6&#8243;][\/vc_column_inner][vc_column_inner el_class=\u00bbpestanyesorgans\u00bb width=\u00bb2\/3&#8243; css=\u00bb.vc_custom_1624368821084{padding-bottom: 20px !important;}\u00bb offset=\u00bbvc_hidden-sm vc_hidden-xs\u00bb][\/vc_column_inner][vc_column_inner width=\u00bb1\/6&#8243;][\/vc_column_inner][\/vc_row_inner][vc_row_inner][vc_column_inner width=\u00bb1\/6&#8243;][\/vc_column_inner][vc_column_inner el_class=\u00bbpestanyesorgans\u00bb width=\u00bb2\/3&#8243; offset=\u00bbvc_hidden-lg vc_hidden-md\u00bb css=\u00bb.vc_custom_1629477694790{margin-top: -10px !important;}\u00bb][\/vc_column_inner][vc_column_inner width=\u00bb1\/6&#8243;][\/vc_column_inner][\/vc_row_inner][\/vc_column][\/vc_row][vc_row bg_color=\u00bb#efefef\u00bb top_padding=\u00bb0&#8243; bottom_padding=\u00bb70&#8243; class=\u00bbpestanyesarxiu\u00bb][vc_column el_class=\u00bbpestanyesarxiu\u00bb width=\u00bb1\/1&#8243;][vc_tta_tabs style=\u00bbflat\u00bb shape=\u00bbsquare\u00bb color=\u00bbwhite\u00bb active_section=\u00bb1&#8243; el_class=\u00bbpestanyesarxiu\u00bb][vc_tta_section title=\u00bbARCHIVO HIST\u00d3RICO\u00bb tab_id=\u00bb1624364267284-22bb8a95-4c2c\u00bb][vc_column_text el_class=\u00bbespaiat\u00bb]Archivo de Foment (AFTN) refleja la historia del asociacionismo empresarial en Catalu\u00f1a. [&hellip;]<\/p>\n","protected":false},"author":1,"featured_media":0,"parent":17128,"menu_order":0,"comment_status":"closed","ping_status":"closed","template":"","meta":{"_links_to":"","_links_to_target":""},"acf":[],"wps_subtitle":"","_links":{"self":[{"href":"https:\/\/www.foment.com\/es\/wp-json\/wp\/v2\/pages\/20673"}],"collection":[{"href":"https:\/\/www.foment.com\/es\/wp-json\/wp\/v2\/pages"}],"about":[{"href":"https:\/\/www.foment.com\/es\/wp-json\/wp\/v2\/types\/page"}],"author":[{"embeddable":true,"href":"https:\/\/www.foment.com\/es\/wp-json\/wp\/v2\/users\/1"}],"replies":[{"embeddable":true,"href":"https:\/\/www.foment.com\/es\/wp-json\/wp\/v2\/comments?post=20673"}],"version-history":[{"count":18,"href":"https:\/\/www.foment.com\/es\/wp-json\/wp\/v2\/pages\/20673\/revisions"}],"predecessor-version":[{"id":204959,"href":"https:\/\/www.foment.com\/es\/wp-json\/wp\/v2\/pages\/20673\/revisions\/204959"}],"up":[{"embeddable":true,"href":"https:\/\/www.foment.com\/es\/wp-json\/wp\/v2\/pages\/17128"}],"wp:attachment":[{"href":"https:\/\/www.foment.com\/es\/wp-json\/wp\/v2\/media?parent=20673"}],"curies":[{"name":"wp","href":"https:\/\/api.w.org\/{rel}","templated":true}]}}