{"id":20716,"date":"2016-10-03T19:48:36","date_gmt":"2016-10-03T17:48:36","guid":{"rendered":"http:\/\/foment.itartech.com\/?page_id=20716"},"modified":"2021-08-16T11:51:20","modified_gmt":"2021-08-16T09:51:20","slug":"sede-social","status":"publish","type":"page","link":"https:\/\/www.foment.com\/es\/sobre-nosotros\/sede-social\/","title":{"rendered":"Sede Social"},"content":{"rendered":"<section class=\"wpb-content-wrapper\"><p>[vc_section][vc_row][vc_column width=\u00bb1\/1&#8243;]\n\t\t\t<!-- START sede social REVOLUTION SLIDER 6.4.6 --><p class=\"rs-p-wp-fix\"><\/p>\n\t\t\t<rs-module-wrap id=\"rev_slider_189_1_wrapper\" data-source=\"gallery\" style=\"background:transparent;padding:0;margin:0px auto;margin-top:0;margin-bottom:0;\">\n\t\t\t\t<rs-module id=\"rev_slider_189_1\" style=\"\" data-version=\"6.4.6\">\n\t\t\t\t\t<rs-slides>\n\t\t\t\t\t\t<rs-slide data-key=\"rs-240\" data-title=\"Slide\" data-anim=\"ms:600;\" data-in=\"o:0;\" data-out=\"a:false;\">\n\t\t\t\t\t\t\t<img src=\"\/\/www.foment.com\/wp-content\/plugins\/revslider\/public\/assets\/assets\/dummy.png\" title=\"seusocial\" width=\"875\" height=\"313\" class=\"rev-slidebg tp-rs-img rs-lazyload\" data-lazyload=\"\/\/www.foment.com\/wp-content\/uploads\/2021\/05\/seusocial.jpeg\" data-parallax=\"off\" data-no-retina>\n<!--\n\t\t\t\t\t\t\t--><rs-layer\n\t\t\t\t\t\t\t\tid=\"slider-189-slide-240-layer-0\" \n\t\t\t\t\t\t\t\tdata-type=\"text\"\n\t\t\t\t\t\t\t\tdata-rsp_ch=\"on\"\n\t\t\t\t\t\t\t\tdata-xy=\"x:c;y:m;yo:-10px,-10px,-10px,0;\"\n\t\t\t\t\t\t\t\tdata-text=\"w:normal;s:30,30,28,25;l:66,54,41,25;fw:700;a:center;\"\n\t\t\t\t\t\t\t\tdata-dim=\"w:979px,808px,613px,378px;\"\n\t\t\t\t\t\t\t\tdata-frame_999=\"o:0;st:w;\"\n\t\t\t\t\t\t\t\tstyle=\"z-index:5;font-family:Montserrat;\"\n\t\t\t\t\t\t\t>SEDE SOCIAL \n\t\t\t\t\t\t\t<\/rs-layer><!--\n-->\t\t\t\t\t\t<\/rs-slide>\n\t\t\t\t\t<\/rs-slides>\n\t\t\t\t<\/rs-module>\n\t\t\t\t<script type=\"text\/javascript\">\n\t\t\t\t\tsetREVStartSize({c: 'rev_slider_189_1',rl:[1240,1024,778,480],el:[500,600,360,360],gw:[1240,1024,778,480],gh:[500,600,360,360],type:'hero',justify:'',layout:'fullwidth',mh:\"0\"});\n\t\t\t\t\tvar\trevapi189,\n\t\t\t\t\t\ttpj;\n\t\t\t\t\tfunction revinit_revslider1891() {\n\t\t\t\t\tjQuery(function() {\n\t\t\t\t\t\ttpj = jQuery;\n\t\t\t\t\t\trevapi189 = tpj(\"#rev_slider_189_1\");\n\t\t\t\t\t\tif(revapi189==undefined || revapi189.revolution == undefined){\n\t\t\t\t\t\t\trevslider_showDoubleJqueryError(\"rev_slider_189_1\");\n\t\t\t\t\t\t}else{\n\t\t\t\t\t\t\trevapi189.revolution({\n\t\t\t\t\t\t\t\tsliderType:\"hero\",\n\t\t\t\t\t\t\t\tDPR:\"dpr\",\n\t\t\t\t\t\t\t\tsliderLayout:\"fullwidth\",\n\t\t\t\t\t\t\t\tvisibilityLevels:\"1240,1024,778,480\",\n\t\t\t\t\t\t\t\tgridwidth:\"1240,1024,778,480\",\n\t\t\t\t\t\t\t\tgridheight:\"500,600,360,360\",\n\t\t\t\t\t\t\t\tlazyType:\"smart\",\n\t\t\t\t\t\t\t\tperspective:600,\n\t\t\t\t\t\t\t\tperspectiveType:\"local\",\n\t\t\t\t\t\t\t\teditorheight:\"500,600,360,360\",\n\t\t\t\t\t\t\t\tresponsiveLevels:\"1240,1024,778,480\",\n\t\t\t\t\t\t\t\tprogressBar:{disableProgressBar:true},\n\t\t\t\t\t\t\t\tparallax: {\n\t\t\t\t\t\t\t\t\tlevels:[2,3,4,5,6,7,12,16,10,50,47,48,49,50,51,55],\n\t\t\t\t\t\t\t\t\ttype:\"mouse\",\n\t\t\t\t\t\t\t\t\torigo:\"slidercenter\",\n\t\t\t\t\t\t\t\t\tspeed:2000\n\t\t\t\t\t\t\t\t},\n\t\t\t\t\t\t\t\tfallbacks: {\n\t\t\t\t\t\t\t\t\tallowHTML5AutoPlayOnAndroid:true\n\t\t\t\t\t\t\t\t},\n\t\t\t\t\t\t\t});\n\t\t\t\t\t\t}\n\t\t\t\t\t\t\n\t\t\t\t\t});\n\t\t\t\t\t} \/\/ End of RevInitScript\n\t\t\t\tvar once_revslider1891 = false;\n\t\t\t\tif (document.readyState === \"loading\") {document.addEventListener('readystatechange',function() { if((document.readyState === \"interactive\" || document.readyState === \"complete\") && !once_revslider1891 ) { once_revslider1891 = true; revinit_revslider1891();}});} else {once_revslider1891 = true; revinit_revslider1891();}\n\t\t\t\t<\/script>\n\t\t\t<\/rs-module-wrap>\n\t\t\t<!-- END REVOLUTION SLIDER -->\n[\/vc_column][\/vc_row][\/vc_section][vc_row top_padding=\u00bb50&#8243;][vc_column width=\u00bb1\/1&#8243;]<h1 class=\"headline font-inherit fontsize-xxxl fontweight-700 lh-inherit align-center transform-inherit \" style=\"margin: 0 0 20px 0; color: #d2112d;\">SEDE ACTUAL<\/h1>[vc_column_text]<\/p>\n<p style=\"text-align: center;\">La sede actual de Foment del Treball en V\u00eda Laietana ocupa una superficie de 10.500m<sup>2<\/sup>. El edificio alberga las oficinas de la estructura ejecutiva, varias salas de actos y reuniones, la biblioteca y archivo hist\u00f3rico, el centro de formaci\u00f3n (2.600 m<sup>2<\/sup> y 30 aulas), as\u00ed como espacios dedicados al alquiler de oficinas y locales comerciales.<\/p>\n<p style=\"text-align: center;\">El edificio es obra de los arquitectos Adolf Florensa y Josep Goday y est\u00e1 incluido en el Cat\u00e1logo del Patrimonio Arquitect\u00f3nico Historicoart\u00edstico de la ciudad de Barcelona. Se inici\u00f3 su construcci\u00f3n en 1931 por suscripci\u00f3n de sus asociados y se\u00a0culmin\u00f3 en 1934. Forma parte de la operaci\u00f3n de gran transformaci\u00f3n urban\u00edstica de Barcelona conocida como La Reforma Interior, iniciada en 1908 y que ten\u00eda por objetivo convertir la V\u00eda Laietana en una v\u00eda de comunicaci\u00f3n entre el centro neur\u00e1lgico de Barcelona y el nuevo Eixample (Ensanche) y el Puerto.<\/p>\n<p style=\"text-align: center;\">Las esculturas de la fachada, que representan a la Industria y la Agricultura (1934), son obra de Joan Borrell i Nicolau. Entre la obra pict\u00f2rica que posee Foment, destaca <em>La F\u00e0brica<\/em> (1889), de Santiago Rusi\u00f1ol, y el mural de la sala Magna, de 1935, es obra de Ernest Santasusagna.<\/p>\n<p>[\/vc_column_text][\/vc_column][\/vc_row][vc_row top_padding=\u00bb30&#8243;][vc_column width=\u00bb1\/1&#8243;]<h1 class=\"headline font-inherit fontsize-xxxl fontweight-700 lh-inherit align-center transform-inherit \" style=\"margin: 10px 0 30px 0; color: #d2112d;\">D\u00d3NDE ESTAMOS<\/h1>[vc_gmaps link=\u00bb#E-8_JTNDaWZyYW1lJTIwc3JjJTNEJTIyaHR0cHMlM0ElMkYlMkZ3d3cuZ29vZ2xlLmNvbSUyRm1hcHMlMkZlbWJlZCUzRnBiJTNEJTIxMW0xOCUyMTFtMTIlMjExbTMlMjExZDI5OTMuNDczODA5NzA2MTMzNiUyMTJkMi4xNzUwMjI0MTU2NzA1MTQyJTIxM2Q0MS4zODU1MTU2MDQwNzM3MSUyMTJtMyUyMTFmMCUyMTJmMCUyMTNmMCUyMTNtMiUyMTFpMTAyNCUyMTJpNzY4JTIxNGYxMy4xJTIxM20zJTIxMW0yJTIxMXMweDEyYTRhMmY5N2E3NTExMmQlMjUzQTB4NzgxMDE4OTMyYjRjYzgxYSUyMTJzQXJ4aXUlMjUyMERlbCUyNTIwRm9tZW50JTI1MjBEZWwlMjUyMFRyZWJhbGwlMjUyME5hY2lvbmFsJTIxNWUwJTIxM20yJTIxMXNlcyUyMTJzZXMlMjE0djE2MjEwNzcyMjA1ODIlMjE1bTIlMjExc2VzJTIxMnNlcyUyMiUyMHdpZHRoJTNEJTIyNjAwJTIyJTIwaGVpZ2h0JTNEJTIyNDUwJTIyJTIwc3R5bGUlM0QlMjJib3JkZXIlM0EwJTNCJTIyJTIwYWxsb3dmdWxsc2NyZWVuJTNEJTIyJTIyJTIwbG9hZGluZyUzRCUyMmxhenklMjIlM0UlM0MlMkZpZnJhbWUlM0U=\u00bb][\/vc_column][\/vc_row][vc_row top_padding=\u00bb40&#8243;][vc_column width=\u00bb1\/1&#8243;]<h1 class=\"headline font-inherit fontsize-xxxl fontweight-700 lh-inherit align-center transform-inherit \" style=\"margin: 0 0 20px 0; color: #d2112d;\">NUESTRO ESPACIO<\/h1>[\/vc_column][\/vc_row][vc_row top_padding=\u00bb50&#8243;][vc_column width=\u00bb1\/1&#8243;]<div class=\"minti_zooming_slider \"><ul class=\"slides\"><li><div class=\"minti_zooming_slider_item\"><div class=\"minti_zooming_slider_item_inner\"><div class=\"image_wrapper\"><img width=\"609\" height=\"406\" src=\"https:\/\/www.foment.com\/wp-content\/uploads\/2016\/09\/Sala-A_Foment-del-Treball.png\" class=\"attachment-full size-full\" alt=\"\" loading=\"lazy\" srcset=\"https:\/\/www.foment.com\/wp-content\/uploads\/2016\/09\/Sala-A_Foment-del-Treball.png 609w, https:\/\/www.foment.com\/wp-content\/uploads\/2016\/09\/Sala-A_Foment-del-Treball-300x200.png 300w, https:\/\/www.foment.com\/wp-content\/uploads\/2016\/09\/Sala-A_Foment-del-Treball-600x400.png 600w\" sizes=\"(max-width: 609px) 100vw, 609px\" \/><h6 class=\"minti_zooming_slider_title\">Sala Magna<\/h6><\/div><\/div><\/div><\/li><li><div class=\"minti_zooming_slider_item\"><div class=\"minti_zooming_slider_item_inner\"><div class=\"image_wrapper\"><img width=\"609\" height=\"400\" src=\"https:\/\/www.foment.com\/wp-content\/uploads\/2016\/09\/Foment_del_Treball_Sala_Noble.png\" class=\"attachment-full size-full\" alt=\"\" loading=\"lazy\" srcset=\"https:\/\/www.foment.com\/wp-content\/uploads\/2016\/09\/Foment_del_Treball_Sala_Noble.png 609w, https:\/\/www.foment.com\/wp-content\/uploads\/2016\/09\/Foment_del_Treball_Sala_Noble-300x197.png 300w\" sizes=\"(max-width: 609px) 100vw, 609px\" \/><h6 class=\"minti_zooming_slider_title\">Sala noble<\/h6><\/div><\/div><\/div><\/li><li><div class=\"minti_zooming_slider_item\"><div class=\"minti_zooming_slider_item_inner\"><div class=\"image_wrapper\"><img width=\"609\" height=\"384\" src=\"https:\/\/www.foment.com\/wp-content\/uploads\/2016\/09\/Foment_del_Treball_despatx_presidencia.png\" class=\"attachment-full size-full\" alt=\"\" loading=\"lazy\" srcset=\"https:\/\/www.foment.com\/wp-content\/uploads\/2016\/09\/Foment_del_Treball_despatx_presidencia.png 609w, https:\/\/www.foment.com\/wp-content\/uploads\/2016\/09\/Foment_del_Treball_despatx_presidencia-300x189.png 300w\" sizes=\"(max-width: 609px) 100vw, 609px\" \/><h6 class=\"minti_zooming_slider_title\">Despacho hist\u00f3rico de Presidencia<\/h6><\/div><\/div><\/div><\/li><li><div class=\"minti_zooming_slider_item\"><div class=\"minti_zooming_slider_item_inner\"><div class=\"image_wrapper\"><img width=\"609\" height=\"406\" src=\"https:\/\/www.foment.com\/wp-content\/uploads\/2016\/09\/Foment_del_Treball_Secretaria_General.png\" class=\"attachment-full size-full\" alt=\"\" loading=\"lazy\" srcset=\"https:\/\/www.foment.com\/wp-content\/uploads\/2016\/09\/Foment_del_Treball_Secretaria_General.png 609w, https:\/\/www.foment.com\/wp-content\/uploads\/2016\/09\/Foment_del_Treball_Secretaria_General-300x200.png 300w, https:\/\/www.foment.com\/wp-content\/uploads\/2016\/09\/Foment_del_Treball_Secretaria_General-600x400.png 600w\" sizes=\"(max-width: 609px) 100vw, 609px\" \/><h6 class=\"minti_zooming_slider_title\">Despacho hist\u00f3rico de Secretar\u00eda General<\/h6><\/div><\/div><\/div><\/li><li><div class=\"minti_zooming_slider_item\"><div class=\"minti_zooming_slider_item_inner\"><div class=\"image_wrapper\"><img width=\"609\" height=\"406\" src=\"https:\/\/www.foment.com\/wp-content\/uploads\/2016\/09\/Foment_del_Treball_Biblioteca_Arxiu-1.png\" class=\"attachment-full size-full\" alt=\"\" loading=\"lazy\" srcset=\"https:\/\/www.foment.com\/wp-content\/uploads\/2016\/09\/Foment_del_Treball_Biblioteca_Arxiu-1.png 609w, https:\/\/www.foment.com\/wp-content\/uploads\/2016\/09\/Foment_del_Treball_Biblioteca_Arxiu-1-300x200.png 300w, https:\/\/www.foment.com\/wp-content\/uploads\/2016\/09\/Foment_del_Treball_Biblioteca_Arxiu-1-600x400.png 600w\" sizes=\"(max-width: 609px) 100vw, 609px\" \/><h6 class=\"minti_zooming_slider_title\">Biblioteca - Archivo hist\u00f3rico<\/h6><\/div><\/div><\/div><\/li><\/ul><\/div>[\/vc_column][\/vc_row][vc_section css=\u00bb.vc_custom_1624370426973{margin-top: 25px !important;}\u00bb][vc_row top_padding=\u00bb30&#8243; bottom_padding=\u00bb30&#8243;][vc_column width=\u00bb1\/1&#8243;][vc_column_text]<\/p>\n<h2 style=\"text-align: center;\">Antes de la sede actual, Foment del Treball y las entitades precursoras estuvieron ubicadas en diferentes locales sociales:<\/h2>\n<div class=\"black\"><\/div>\n<p>[\/vc_column_text][\/vc_column][\/vc_row][vc_row bottom_padding=\u00bb40&#8243;][vc_column width=\u00bb1\/1&#8243;][vc_column_text]<\/p>\n<div>\n<table class=\"tma\">\n<tbody>\n<tr class=\"trtma1\">\n<td class=\"tdtma1\">\n<h3 style=\"text-align: left;\"><span style=\"color: #c1c1c1;\">Institut Industrial de Catalunya<\/span><\/h3>\n<\/td>\n<td class=\"tdtma2\"><img loading=\"lazy\" class=\"aligncenter wp-image-114713\" src=\"https:\/\/www.foment.com\/wp-content\/uploads\/2021\/05\/timelinep.png\" alt=\"\" width=\"61\" height=\"155\" \/><\/td>\n<td class=\"tdma3\">\n<h1 style=\"margin-bottom: 1px; text-align: left;\"><span style=\"color: #c1c1c1;\">1848<\/span><\/h1>\n<p style=\"text-align: left;\"><span style=\"color: #000000; line-height: 17px;\">C\/ Conde del Asalto, 99 1\u00aa<br \/>\n<\/span><span style=\"color: #000000;\">(ahora, c\/ Nou de la Rambla)<\/span><\/td>\n<\/tr>\n<tr class=\"trtma1\">\n<td class=\"tdtma1\">\n<h3 style=\"text-align: left;\"><span style=\"color: #d2112d;\">Foment de la Producci\u00f3 Nacional<\/span><\/h3>\n<\/td>\n<td class=\"tdtma2\"><img loading=\"lazy\" class=\"aligncenter wp-image-114710\" src=\"https:\/\/www.foment.com\/wp-content\/uploads\/2021\/05\/timelinev.png\" alt=\"\" width=\"61\" height=\"155\" \/><\/td>\n<td class=\"tdtma3\">\n<h1 style=\"margin-bottom: 1px; text-align: left;\"><span style=\"color: #d2112d;\">1870<\/span><\/h1>\n<p style=\"text-align: left;\"><span style=\"color: #000000; line-height: 17px;\">C\/ Portaferrissa, 1, pral.<br \/>\n<\/span><span style=\"color: #000000;\">(Palau Moja)<\/span><\/td>\n<\/tr>\n<tr class=\"trtma1\">\n<td class=\"tdtma1\"><\/td>\n<td class=\"tdtma2\"><img loading=\"lazy\" class=\"aligncenter wp-image-114710\" src=\"https:\/\/www.foment.com\/wp-content\/uploads\/2021\/05\/timelinev.png\" alt=\"\" width=\"61\" height=\"155\" \/><\/td>\n<td class=\"tdtma3\">\n<h1 style=\"margin-bottom: 1px; text-align: left;\"><span style=\"color: #d2112d;\">1871-72<\/span><\/h1>\n<p style=\"text-align: left;\"><span style=\"color: #000000; line-height: 17px;\">C\/ Conde del Asalto, 42, pral.<br \/>\n<\/span><span style=\"color: #000000; line-height: 17px;\">(ahora, c\/ Nou de la Rambla)<\/span><\/td>\n<\/tr>\n<tr class=\"trtma1\">\n<td class=\"tdtma1\"><\/td>\n<td class=\"tdtma2\"><img loading=\"lazy\" class=\"aligncenter wp-image-114710\" src=\"https:\/\/www.foment.com\/wp-content\/uploads\/2021\/05\/timelinev.png\" alt=\"\" width=\"61\" height=\"155\" \/><\/td>\n<td class=\"tdtma3\">\n<h1 style=\"margin-bottom: 1px; text-align: left;\"><span style=\"color: #d2112d;\">1873<\/span><\/h1>\n<p style=\"text-align: left;\"><span style=\"color: #000000; line-height: 17px;\">C\/ Pi, 5, pral.<\/span><\/p>\n<\/td>\n<\/tr>\n<tr class=\"trtma1\">\n<td class=\"tdtma1\"><\/td>\n<td class=\"tdtma2\"><img loading=\"lazy\" class=\"aligncenter wp-image-114710\" src=\"https:\/\/www.foment.com\/wp-content\/uploads\/2021\/05\/timelinev.png\" alt=\"\" width=\"61\" height=\"155\" \/><\/td>\n<td class=\"tdtma3\">\n<h1 style=\"margin-bottom: 1px; text-align: left;\"><span style=\"color: #d2112d;\">1879<\/span><\/h1>\n<p style=\"text-align: left;\"><span style=\"color: #000000; line-height: 17px;\">C\/ Palau, 4<\/span><\/p>\n<\/td>\n<\/tr>\n<tr class=\"trtma1\">\n<td class=\"tdtma1\">\n<h3 style=\"text-align: left;\"><span style=\"color: #c1c1c1;\">Foment de la Producci\u00f3 Espanyola<\/span><\/h3>\n<\/td>\n<td class=\"tdtma2\"><img loading=\"lazy\" class=\"wp-image-114713 aligncenter\" src=\"https:\/\/www.foment.com\/wp-content\/uploads\/2021\/05\/timelinep.png\" alt=\"\" width=\"61\" height=\"155\" \/><\/td>\n<td class=\"tdtma3\">\n<h1 style=\"margin-bottom: 1px; text-align: left;\"><span style=\"color: #c1c1c1;\">1886<\/span><\/h1>\n<p style=\"text-align: left;\">C\/ dels Gegants, 4 pral.<\/p>\n<\/td>\n<\/tr>\n<tr class=\"trtma1\">\n<td class=\"tdtma1\">\n<h3 style=\"text-align: left;\"><span style=\"color: #d2112d;\">Foment del Treball Nacional<\/span><\/h3>\n<\/td>\n<td class=\"tdtma2\"><img loading=\"lazy\" class=\"wp-image-114710 aligncenter\" src=\"https:\/\/www.foment.com\/wp-content\/uploads\/2021\/05\/timelinev.png\" alt=\"\" width=\"61\" height=\"155\" \/><\/td>\n<td class=\"tdtma3\">\n<h1 style=\"margin-bottom: 1px; text-align: left;\"><span style=\"color: #d2112d;\">1889<\/span><\/h1>\n<p style=\"text-align: left;\">C\/ Palau, 4<\/p>\n<\/td>\n<\/tr>\n<tr class=\"trtma1\">\n<td class=\"tdtma1\"><\/td>\n<td class=\"tdtma2\"><img loading=\"lazy\" class=\"aligncenter wp-image-114710\" src=\"https:\/\/www.foment.com\/wp-content\/uploads\/2021\/05\/timelinev.png\" alt=\"\" width=\"61\" height=\"155\" \/><\/td>\n<td class=\"tdtma3\" style=\"text-align: left;\">Pl. Santa Anna, 4 (ahora, av, Portal de l&#8217;\u00c0ngel, 4)<br \/>\n(antigua casa del Marqu\u00e8s de Castellvell)<\/td>\n<\/tr>\n<tr class=\"trtma1\">\n<td class=\"tdtma1\"><\/td>\n<td class=\"tdtma2\"><img loading=\"lazy\" class=\"aligncenter wp-image-114710\" src=\"https:\/\/www.foment.com\/wp-content\/uploads\/2021\/05\/timelinev.png\" alt=\"\" width=\"61\" height=\"155\" \/><\/td>\n<td class=\"tdtma3\">\n<h1 style=\"margin-bottom: 1px; text-align: left;\"><span style=\"color: #d2112d;\">Sede actual<\/span><\/h1>\n<p style=\"text-align: left;\">Via Laietana, 32-34<\/p>\n<\/td>\n<\/tr>\n<\/tbody>\n<\/table>\n<\/div>\n<p>[\/vc_column_text][\/vc_column][\/vc_row][\/vc_section]<\/p>\n<\/section>","protected":false},"excerpt":{"rendered":"<p>[vc_section][vc_row][vc_column width=\u00bb1\/1&#8243;][\/vc_column][\/vc_row][\/vc_section][vc_row top_padding=\u00bb50&#8243;][vc_column width=\u00bb1\/1&#8243;][vc_column_text] La sede actual de Foment del Treball en V\u00eda Laietana ocupa una superficie de 10.500m2. El edificio alberga las oficinas de la estructura ejecutiva, varias salas de actos y reuniones, la biblioteca y archivo hist\u00f3rico, el centro de formaci\u00f3n (2.600 m2 y 30 aulas), as\u00ed como espacios dedicados al alquiler de oficinas y locales comerciales. El edificio es obra de los arquitectos Adolf Florensa y Josep Goday y est\u00e1 incluido en el Cat\u00e1logo del Patrimonio Arquitect\u00f3nico Historicoart\u00edstico de la ciudad de Barcelona. Se inici\u00f3 su construcci\u00f3n en 1931 por suscripci\u00f3n de sus asociados y se\u00a0culmin\u00f3 en 1934. Forma parte de la operaci\u00f3n de gran transformaci\u00f3n urban\u00edstica de Barcelona conocida como La Reforma Interior, iniciada en 1908 y que ten\u00eda por objetivo convertir la V\u00eda Laietana en una v\u00eda de comunicaci\u00f3n entre el centro neur\u00e1lgico de Barcelona y el nuevo Eixample (Ensanche) y el Puerto. Las esculturas de la fachada, que representan a la Industria y la Agricultura (1934), son obra de Joan Borrell i Nicolau. Entre la obra pict\u00f2rica que posee Foment, destaca La F\u00e0brica (1889), de Santiago Rusi\u00f1ol, y el mural de la sala Magna, de 1935, es obra de Ernest Santasusagna. [\/vc_column_text][\/vc_column][\/vc_row][vc_row top_padding=\u00bb30&#8243;][vc_column width=\u00bb1\/1&#8243;][vc_gmaps [&hellip;]<\/p>\n","protected":false},"author":1,"featured_media":0,"parent":17128,"menu_order":0,"comment_status":"closed","ping_status":"closed","template":"","meta":{"_links_to":"","_links_to_target":""},"acf":[],"wps_subtitle":"","_links":{"self":[{"href":"https:\/\/www.foment.com\/es\/wp-json\/wp\/v2\/pages\/20716"}],"collection":[{"href":"https:\/\/www.foment.com\/es\/wp-json\/wp\/v2\/pages"}],"about":[{"href":"https:\/\/www.foment.com\/es\/wp-json\/wp\/v2\/types\/page"}],"author":[{"embeddable":true,"href":"https:\/\/www.foment.com\/es\/wp-json\/wp\/v2\/users\/1"}],"replies":[{"embeddable":true,"href":"https:\/\/www.foment.com\/es\/wp-json\/wp\/v2\/comments?post=20716"}],"version-history":[{"count":14,"href":"https:\/\/www.foment.com\/es\/wp-json\/wp\/v2\/pages\/20716\/revisions"}],"predecessor-version":[{"id":119194,"href":"https:\/\/www.foment.com\/es\/wp-json\/wp\/v2\/pages\/20716\/revisions\/119194"}],"up":[{"embeddable":true,"href":"https:\/\/www.foment.com\/es\/wp-json\/wp\/v2\/pages\/17128"}],"wp:attachment":[{"href":"https:\/\/www.foment.com\/es\/wp-json\/wp\/v2\/media?parent=20716"}],"curies":[{"name":"wp","href":"https:\/\/api.w.org\/{rel}","templated":true}]}}