{"id":207690,"date":"2025-10-23T13:42:07","date_gmt":"2025-10-23T11:42:07","guid":{"rendered":"https:\/\/www.foment.com\/?page_id=207690"},"modified":"2025-11-04T15:49:27","modified_gmt":"2025-11-04T14:49:27","slug":"inscripcion_correcta","status":"publish","type":"page","link":"https:\/\/www.foment.com\/es\/inscripciones-eventos\/inscripcion_correcta\/","title":{"rendered":"Inscripci\u00f3n Correcta CAST"},"content":{"rendered":"<section class=\"wpb-content-wrapper\"><p><script>\n  setTimeout(() => {\n    const destino = \"https:\/\/www.foment.com\/es\";\n    if (destino.startsWith(\"https:\/\/\")) {\n      window.location.href = destino;\n    }\n  }, 7000);\n<\/script><\/p>\n<p>[vc_row bg_color=\u00bb#ffffff\u00bb][vc_column width=\u00bb1\/1&#8243;][vc_empty_space height=\u00bb60px\u00bb][vc_column_text]<span style=\"font-size: 18px;\">\u00a1Gracias por inscribirte!<\/span><\/p>\n<p><span style=\"font-size: 18px;\">Hemos recibido correctamente su inscripci\u00f3n al evento. Pr\u00f3ximamente recibir\u00e1 un correo electr\u00f3nico con la confirmaci\u00f3n definitiva de su plaza.<\/span><\/p>\n<p><span style=\"font-size: 18px;\">Le recomendamos revisar su bandeja de entrada y, en caso de no visualizar el mensaje, verificar tambi\u00e9n la carpeta de correo no deseado o spam.<\/span><\/p>\n<p><span style=\"font-size: 18px;\">Si tiene alguna duda, puede escribirnos a <a href=\"mailto:foment@foment.com\">foment@foment.com<\/a>.<\/span>[\/vc_column_text]<div class=\"spacer\" style=\"height: 40px;\"><\/div>[\/vc_column][\/vc_row]<\/p>\n<\/section>","protected":false},"excerpt":{"rendered":"<p>[vc_row bg_color=\u00bb#ffffff\u00bb][vc_column width=\u00bb1\/1&#8243;][vc_empty_space height=\u00bb60px\u00bb][vc_column_text]\u00a1Gracias por inscribirte! Hemos recibido correctamente su inscripci\u00f3n al evento. Pr\u00f3ximamente recibir\u00e1 un correo electr\u00f3nico con la confirmaci\u00f3n definitiva de su plaza. Le recomendamos revisar su bandeja de entrada y, en caso de no visualizar el mensaje, verificar tambi\u00e9n la carpeta de correo no deseado o spam. Si tiene alguna duda, puede escribirnos a foment@foment.com.[\/vc_column_text][\/vc_column][\/vc_row]<\/p>\n","protected":false},"author":281,"featured_media":0,"parent":168883,"menu_order":0,"comment_status":"closed","ping_status":"closed","template":"","meta":{"_links_to":"","_links_to_target":""},"acf":[],"wps_subtitle":"","_links":{"self":[{"href":"https:\/\/www.foment.com\/es\/wp-json\/wp\/v2\/pages\/207690"}],"collection":[{"href":"https:\/\/www.foment.com\/es\/wp-json\/wp\/v2\/pages"}],"about":[{"href":"https:\/\/www.foment.com\/es\/wp-json\/wp\/v2\/types\/page"}],"author":[{"embeddable":true,"href":"https:\/\/www.foment.com\/es\/wp-json\/wp\/v2\/users\/281"}],"replies":[{"embeddable":true,"href":"https:\/\/www.foment.com\/es\/wp-json\/wp\/v2\/comments?post=207690"}],"version-history":[{"count":8,"href":"https:\/\/www.foment.com\/es\/wp-json\/wp\/v2\/pages\/207690\/revisions"}],"predecessor-version":[{"id":208888,"href":"https:\/\/www.foment.com\/es\/wp-json\/wp\/v2\/pages\/207690\/revisions\/208888"}],"up":[{"embeddable":true,"href":"https:\/\/www.foment.com\/es\/wp-json\/wp\/v2\/pages\/168883"}],"wp:attachment":[{"href":"https:\/\/www.foment.com\/es\/wp-json\/wp\/v2\/media?parent=207690"}],"curies":[{"name":"wp","href":"https:\/\/api.w.org\/{rel}","templated":true}]}}