{"id":20783,"date":"2016-09-29T17:00:08","date_gmt":"2016-09-29T15:00:08","guid":{"rendered":"http:\/\/foment.itartech.com\/?page_id=20783"},"modified":"2016-11-03T21:00:31","modified_gmt":"2016-11-03T20:00:31","slug":"derechos-los-socios","status":"publish","type":"page","link":"https:\/\/www.foment.com\/es\/asociados\/derechos-los-socios\/","title":{"rendered":"Derechos de los socios"},"content":{"rendered":"<section class=\"wpb-content-wrapper\"><p>[vc_row bg_color=\u00bb#ffffff\u00bb section_arrow=\u00bbfalse\u00bb top_padding=\u00bb40&#8243; bottom_padding=\u00bb20&#8243;][vc_column column_padding=\u00bbpadding-2&#8243; width=\u00bb1\/1&#8243;][vc_column_text]<\/p>\n<p style=\"text-align: justify;\">Los socios colectivos e individuales de Foment tienen derecho a:<\/p>\n<p>[\/vc_column_text]<div class=\"minti_list wpb_content_element color-accent circlearrow\" style=\"\">\n<ul>\n<li style=\"text-align: justify;\">Elegir y ser elegidos para cargos directivos y de representaci\u00f3n. Se determinar\u00e1 reglamentariamente el r\u00e9gimen de designaci\u00f3n y sustituci\u00f3n de las personas que puedan ejercer estos derechos en representaci\u00f3n de cada socio.<\/li>\n<li class=\"blue\" style=\"text-align: justify;\"><span class=\"black\">Utilizar los servicios de Foment, en la forma que se determine reglamentariamente.<\/span><\/li>\n<li class=\"blue\" style=\"text-align: justify;\"><span class=\"black\">Participar en la gesti\u00f3n econ\u00f3mica de la entidad, de acuerdo con el que determinen los estatutos y los reglamentos correspondientes.<\/span><\/li>\n<li class=\"blue\" style=\"text-align: justify;\"><span class=\"black\">Expresar sus opiniones y sugerencias e instar a los \u00f3rganos de gobierno de Foment a ejecutar las acciones o interponer los recursos necesarios para la promoci\u00f3n y defensa de los intereses empresariales.<\/span><\/li>\n<li class=\"blue\" style=\"text-align: justify;\"><span class=\"black\">Ser informado de los acuerdos y las actuaciones de los \u00f3rganos de gobierno de Foment.<\/span><\/li>\n<\/ul>\n<\/div>[vc_column_text]<\/p>\n<p style=\"text-align: justify;\">Los socios colaboradores tienen como derecho de representaci\u00f3n la participaci\u00f3n en la Asamblea General con voz pero sin voto. Los otros derechos son los que recogen los correspondientes acuerdos de colaboraci\u00f3n.<\/p>\n<p style=\"text-align: justify;\">Las empresas adheridas tienen derecho a obtener y exhibir un documento acreditativo de su condici\u00f3n, participar en las actividades y recibir las informaciones de Foment que se puedan vehicular mediante los socios colectivos con los cuales est\u00e9n afiliados.<\/p>\n<p>[\/vc_column_text][\/vc_column][\/vc_row][vc_row bg_color=\u00bb#f0f0f0&#8243; top_padding=\u00bb40&#8243; bottom_padding=\u00bb40&#8243;][vc_column text_align=\u00bbcenter\u00bb width=\u00bb1\/6&#8243;][\/vc_column][vc_column text_align=\u00bbcenter\u00bb width=\u00bb2\/3&#8243;]<h2 class=\"headline font-special fontsize-l fontweight-700 lh-inherit align-center transform-inherit \" style=\"margin: 0 0 20px 0;\">\u00bfQuiere asociarse a Foment?<\/h2><a href=\"\/es\/asociados\/quiere-asociarse-foment\/\" target=\"_self\" class=\"button color-1 medium \" style=\"border-radius: 2px;\">M\u00e1s informaci\u00f3n<\/a>[\/vc_column][vc_column width=\u00bb1\/6&#8243;][\/vc_column][\/vc_row]<\/p>\n<\/section>","protected":false},"excerpt":{"rendered":"<p>[vc_row bg_color=\u00bb#ffffff\u00bb section_arrow=\u00bbfalse\u00bb top_padding=\u00bb40&#8243; bottom_padding=\u00bb20&#8243;][vc_column column_padding=\u00bbpadding-2&#8243; width=\u00bb1\/1&#8243;][vc_column_text] Los socios colectivos e individuales de Foment tienen derecho a: [\/vc_column_text][vc_column_text] Los socios colaboradores tienen como derecho de representaci\u00f3n la participaci\u00f3n en la Asamblea General con voz pero sin voto. Los otros derechos son los que recogen los correspondientes acuerdos de colaboraci\u00f3n. Las empresas adheridas tienen derecho a obtener y exhibir un documento acreditativo de su condici\u00f3n, participar en las actividades y recibir las informaciones de Foment que se puedan vehicular mediante los socios colectivos con los cuales est\u00e9n afiliados. [\/vc_column_text][\/vc_column][\/vc_row][vc_row bg_color=\u00bb#f0f0f0&#8243; top_padding=\u00bb40&#8243; bottom_padding=\u00bb40&#8243;][vc_column text_align=\u00bbcenter\u00bb width=\u00bb1\/6&#8243;][\/vc_column][vc_column text_align=\u00bbcenter\u00bb width=\u00bb2\/3&#8243;][\/vc_column][vc_column width=\u00bb1\/6&#8243;][\/vc_column][\/vc_row]<\/p>\n","protected":false},"author":1,"featured_media":0,"parent":15853,"menu_order":0,"comment_status":"closed","ping_status":"closed","template":"","meta":{"_links_to":"","_links_to_target":""},"acf":[],"wps_subtitle":"","_links":{"self":[{"href":"https:\/\/www.foment.com\/es\/wp-json\/wp\/v2\/pages\/20783"}],"collection":[{"href":"https:\/\/www.foment.com\/es\/wp-json\/wp\/v2\/pages"}],"about":[{"href":"https:\/\/www.foment.com\/es\/wp-json\/wp\/v2\/types\/page"}],"author":[{"embeddable":true,"href":"https:\/\/www.foment.com\/es\/wp-json\/wp\/v2\/users\/1"}],"replies":[{"embeddable":true,"href":"https:\/\/www.foment.com\/es\/wp-json\/wp\/v2\/comments?post=20783"}],"version-history":[{"count":0,"href":"https:\/\/www.foment.com\/es\/wp-json\/wp\/v2\/pages\/20783\/revisions"}],"up":[{"embeddable":true,"href":"https:\/\/www.foment.com\/es\/wp-json\/wp\/v2\/pages\/15853"}],"wp:attachment":[{"href":"https:\/\/www.foment.com\/es\/wp-json\/wp\/v2\/media?parent=20783"}],"curies":[{"name":"wp","href":"https:\/\/api.w.org\/{rel}","templated":true}]}}