{"id":208217,"date":"2025-10-28T21:52:58","date_gmt":"2025-10-28T20:52:58","guid":{"rendered":"https:\/\/www.foment.com\/?page_id=208217"},"modified":"2025-11-04T11:59:34","modified_gmt":"2025-11-04T10:59:34","slug":"metodo-fabrika","status":"publish","type":"page","link":"https:\/\/www.foment.com\/es\/metodo-fabrika\/","title":{"rendered":"M\u00e9todo Fabrika"},"content":{"rendered":"<section class=\"wpb-content-wrapper\"><p>[vc_row type=\u00bbfull_width_section\u00bb][vc_column width=\u00bb1\/1&#8243;][vc_row_inner][vc_column_inner][vc_single_image image=\u00bb208166&#8243; img_size=\u00bbfull\u00bb][\/vc_column_inner][\/vc_row_inner][\/vc_column][\/vc_row][vc_row bg_color=\u00bb#ededed\u00bb][vc_column width=\u00bb1\/1&#8243;][vc_empty_space height=\u00bb40px\u00bb][vc_column_text]<\/p>\n<h2 style=\"text-align: center; color: #c12238;\">Programa Facilitaci\u00f3n de Equipos<\/h2>\n<h3 style=\"text-align: center;\">Una aproximaci\u00f3n sist\u00e9mica (M\u00e9todo Fabrika)<\/h3>\n<p style=\"text-align: left;\">Formaci\u00f3n avanzada de la Escuela de Facilitaci\u00f3n Fabrika (EFF) que capacita para facilitar procesos de equipo. Se compone de dos niveles a realizar en dos a\u00f1os: en el primero se conoce y analiza el funcionamiento de los procesos de equipo; en el segundo se desarrollan habilidades para acompa\u00f1ar su gesti\u00f3n. La teor\u00eda de los Sistemas Vivos, el Modelo de Efectividad y los Principios de la Nueva Cultura sustentan el programa.<\/p>\n<p>[\/vc_column_text][vc_btn title=\u00bbDescargar folleto\u00bb color=\u00bbjuicy-pink\u00bb size=\u00bblg\u00bb align=\u00bbcenter\u00bb link=\u00bburl:https%3A%2F%2Fwww.foment.com%2Fwp-content%2Fuploads%2F2025%2F11%2FEscuela-de-Facilitacion-de-Fabrika-Nivel-I-Barcelona-2026.pdf|target:_blank\u00bb]<div class=\"spacer\" style=\"height: 60px;\"><\/div>[\/vc_column][\/vc_row][vc_row][vc_column][vc_column_text]<br \/>\n[\/vc_column_text][vc_empty_space height=\u00bb40px\u00bb][\/vc_column][\/vc_row][vc_row][vc_column width=\u00bb2\/3&#8243;][vc_column_text]<span class='dropcap dropcap-book'>P<\/span>\n<p style=\"text-align: justify;\">rograma orientado a quienes desean dedicarse profesionalmente a la facilitaci\u00f3n de equipos y a l\u00edderes con responsabilidad sobre personas. La facilitaci\u00f3n mejora el flujo de informaci\u00f3n y energ\u00eda del equipo, favoreciendo respuestas m\u00e1s efectivas, afectivas y adaptativas ante los retos.<\/p>\n<ul>\n<li>Dos niveles (2 a\u00f1os) basados en el M\u00e9todo Fabrika; pr\u00e1cticas en empresas en una etapa posterior.<\/li>\n<li>M\u00f3dulos presenciales y sesiones online, con trabajo personal y acompa\u00f1amiento.<\/li>\n<li>Marco te\u00f3rico-pr\u00e1ctico: Sistemas Vivos, Modelo de Efectividad y Principios de la Nueva Cultura.<\/li>\n<li>Inicio del Nivel I en Barcelona: 12 de febrero de 2026. Modalidad presencial. Plazas limitadas.<\/li>\n<\/ul>\n<p style=\"text-align: justify;\">Horario de las sesiones presenciales: jueves de 16:30 a 20:00 y viernes de 9:00 a 14:30. Las sesiones online se realizan de 16:00 a 18:00 (seg\u00fan calendario).<\/p>\n<p>[\/vc_column_text][\/vc_column][vc_column text_align=\u00bbcenter\u00bb width=\u00bb1\/3&#8243;][vc_single_image image=\u00bb208155&#8243; img_size=\u00bbmedium\u00bb alignment=\u00bbcenter\u00bb][vc_btn title=\u00bbInscripci\u00f3n\u00bb color=\u00bbjuicy-pink\u00bb size=\u00bblg\u00bb align=\u00bbcenter\u00bb link=\u00bburl:https%3A%2F%2Fwww.foment.com%2Fes%2Fformulario-metodo-fabrika%2F|target:_blank\u00bb][\/vc_column][\/vc_row][vc_row bg_color=\u00bb#ffffff\u00bb top_padding=\u00bb60&#8243; bottom_padding=\u00bb40&#8243;][vc_column width=\u00bb1\/1&#8243;]<h2 class=\"headline font-inherit fontsize-xxxl fontweight-700 lh-inherit align-center transform-inherit \" style=\"margin: 0 0 50px 0; color: #000000;\">\u00bfA qui\u00e9n va dirigido?<\/h2>[vc_column_text]<\/p>\n<p style=\"text-align: justify;\">Personas que quieran dedicarse a la facilitaci\u00f3n de procesos de equipo desde una perspectiva sist\u00e9mica; l\u00edderes y directivos\/as que desean mejorar competencias de facilitaci\u00f3n para aplicarlas en su organizaci\u00f3n; profesionales de consultor\u00eda organizacional interesados en el funcionamiento de equipos desde sistemas vivos; y personas que trabajan con grupos y quieren mejorar habilidades relacionales, comunicativas y de manejo de grupos.<\/p>\n<p>[\/vc_column_text][\/vc_column][\/vc_row][vc_row bg_color=\u00bb#c12238&#8243; text_color=\u00bbcustom\u00bb custom_text_color=\u00bb#ffffff\u00bb top_padding=\u00bb20&#8243; bottom_padding=\u00bb60&#8243;][vc_column width=\u00bb1\/1&#8243;][vc_row_inner][vc_column_inner width=\u00bb1\/2&#8243;][vc_empty_space height=\u00bb45px\u00bb][vc_column_text]<\/p>\n<h3><strong>OBJETIVOS DEL PROGRAMA<\/strong><\/h3>\n<ul>\n<li>Formar facilitadores\/as profesionales con habilidades y herramientas para apoyar y acompa\u00f1ar equipos en procesos de gesti\u00f3n y cambio.<\/li>\n<li>Formar a l\u00edderes y personas con responsabilidad de equipos hacia un estilo de liderazgo facilitador para apoyar procesos en su organizaci\u00f3n.<\/li>\n<\/ul>\n<p>[\/vc_column_text][vc_empty_space height=\u00bb97px\u00bb][vc_column_text]<\/p>\n<h3><strong>REQUISITOS<\/strong><\/h3>\n<ul>\n<li>Carta de motivaci\u00f3n.<\/li>\n<li>Experiencia m\u00ednima de 3 a\u00f1os trabajando con equipos.<\/li>\n<li>Entrevista de admisi\u00f3n.<\/li>\n<\/ul>\n<p>[\/vc_column_text][\/vc_column_inner][vc_column_inner width=\u00bb1\/2&#8243;][vc_empty_space height=\u00bb45px\u00bb][vc_column_text]<\/p>\n<h3><strong>BENEFICIOS \/ COMPETENCIAS<\/strong><\/h3>\n<ul>\n<li>Comprensi\u00f3n sist\u00e9mica de equipos y organizaciones (personas, relaciones, procesos, estructuras, prop\u00f3sito y contexto).<\/li>\n<li>Habilidades cognitivas, emocionales y conductuales para comunicarse, relacionarse y estar en grupo.<\/li>\n<li>Dominio de herramientas para indagaci\u00f3n, toma de decisiones, gesti\u00f3n de conflictos y cohesi\u00f3n grupal.<\/li>\n<li>Acompa\u00f1amiento avanzado a personas y equipos en procesos de gesti\u00f3n y cambio; actitud creativa basada en la colaboraci\u00f3n.<\/li>\n<\/ul>\n<p>[\/vc_column_text][vc_empty_space height=\u00bb36px\u00bb][vc_column_text]<\/p>\n<h3><strong>METODOLOG\u00cdA<\/strong><\/h3>\n<ul>\n<li>Antes del m\u00f3dulo: lectura\/revisi\u00f3n de materiales.<\/li>\n<li>Durante el m\u00f3dulo: teor\u00eda, modelos y pr\u00e1cticas experienciales.<\/li>\n<li>Trabajo no presencial (BOGA): ejercicios para fijar contenidos y diario reflexivo.<\/li>\n<li>Encuentros online para dudas y seguimiento.<\/li>\n<li>Intervenciones\/pr\u00e1cticas en entornos reales (etapa posterior).<\/li>\n<\/ul>\n<p>[\/vc_column_text][\/vc_column_inner][\/vc_row_inner][vc_empty_space height=\u00bb1px\u00bb][\/vc_column][\/vc_row][vc_row bg_color=\u00bbrgba(0,0,0,0.85)\u00bb text_color=\u00bbcustom\u00bb custom_text_color=\u00bb#ffffff\u00bb text_align=\u00bbcenter\u00bb top_padding=\u00bb60&#8243; bottom_padding=\u00bb60&#8243;][vc_column column_center=\u00bbtrue\u00bb width=\u00bb1\/1&#8243;]<h1 class=\"headline font-inherit fontsize-l fontweight-inherit lh-inherit align-center transform-inherit \" style=\"margin: 0 0 20px 0;\">\u00bfQuieres participar?<br \/>\n<\/h1><a href=\"https:\/\/www.foment.com\/wp-content\/uploads\/2025\/11\/Escuela-de-Facilitacion-de-Fabrika-Nivel-I-Barcelona-2026.pdf\" target=\"_blank\" class=\"button color-3 medium \" style=\"border-radius: 2px;\">Consulta el programa<\/a><h1 class=\"headline font-inherit fontsize-l fontweight-inherit lh-inherit align-center transform-inherit \" style=\"margin: 0 0 20px 0;\">Y env\u00eda tu candidatura<br \/>\n<\/h1><a href=\"https:\/\/www.foment.com\/es\/formulario-metodo-fabrika\/\" target=\"_blank\" class=\"button color-3 medium \" style=\"border-radius: 2px;\">Contacto de inscripci\u00f3n<\/a>[vc_empty_space][\/vc_column][\/vc_row]<\/p>\n<\/section>","protected":false},"excerpt":{"rendered":"<p>[vc_row type=\u00bbfull_width_section\u00bb][vc_column width=\u00bb1\/1&#8243;][vc_row_inner][vc_column_inner][vc_single_image image=\u00bb208166&#8243; img_size=\u00bbfull\u00bb][\/vc_column_inner][\/vc_row_inner][\/vc_column][\/vc_row][vc_row bg_color=\u00bb#ededed\u00bb][vc_column width=\u00bb1\/1&#8243;][vc_empty_space height=\u00bb40px\u00bb][vc_column_text] Programa Facilitaci\u00f3n de Equipos Una aproximaci\u00f3n sist\u00e9mica (M\u00e9todo Fabrika) Formaci\u00f3n avanzada de la Escuela de Facilitaci\u00f3n Fabrika (EFF) que capacita para facilitar procesos de equipo. Se compone de dos niveles a realizar en dos a\u00f1os: en el primero se conoce y analiza el funcionamiento de los procesos de equipo; en el segundo se desarrollan habilidades para acompa\u00f1ar su gesti\u00f3n. La teor\u00eda de los Sistemas Vivos, el Modelo de Efectividad y los Principios de la Nueva Cultura sustentan el programa. [\/vc_column_text][vc_btn title=\u00bbDescargar folleto\u00bb color=\u00bbjuicy-pink\u00bb size=\u00bblg\u00bb align=\u00bbcenter\u00bb link=\u00bburl:https%3A%2F%2Fwww.foment.com%2Fwp-content%2Fuploads%2F2025%2F11%2FEscuela-de-Facilitacion-de-Fabrika-Nivel-I-Barcelona-2026.pdf|target:_blank\u00bb][\/vc_column][\/vc_row][vc_row][vc_column][vc_column_text] [\/vc_column_text][vc_empty_space height=\u00bb40px\u00bb][\/vc_column][\/vc_row][vc_row][vc_column width=\u00bb2\/3&#8243;][vc_column_text] rograma orientado a quienes desean dedicarse profesionalmente a la facilitaci\u00f3n de equipos y a l\u00edderes con responsabilidad sobre personas. La facilitaci\u00f3n mejora el flujo de informaci\u00f3n y energ\u00eda del equipo, favoreciendo respuestas m\u00e1s efectivas, afectivas y adaptativas ante los retos. Dos niveles (2 a\u00f1os) basados en el M\u00e9todo Fabrika; pr\u00e1cticas en empresas en una etapa posterior. M\u00f3dulos presenciales y sesiones online, con trabajo personal y acompa\u00f1amiento. Marco te\u00f3rico-pr\u00e1ctico: Sistemas Vivos, Modelo de Efectividad y Principios de la Nueva Cultura. Inicio del Nivel I en Barcelona: 12 de febrero de 2026. Modalidad presencial. Plazas limitadas. Horario de las sesiones presenciales: jueves de 16:30 a [&hellip;]<\/p>\n","protected":false},"author":281,"featured_media":0,"parent":0,"menu_order":0,"comment_status":"closed","ping_status":"closed","template":"","meta":{"_links_to":"","_links_to_target":""},"acf":[],"wps_subtitle":"","_links":{"self":[{"href":"https:\/\/www.foment.com\/es\/wp-json\/wp\/v2\/pages\/208217"}],"collection":[{"href":"https:\/\/www.foment.com\/es\/wp-json\/wp\/v2\/pages"}],"about":[{"href":"https:\/\/www.foment.com\/es\/wp-json\/wp\/v2\/types\/page"}],"author":[{"embeddable":true,"href":"https:\/\/www.foment.com\/es\/wp-json\/wp\/v2\/users\/281"}],"replies":[{"embeddable":true,"href":"https:\/\/www.foment.com\/es\/wp-json\/wp\/v2\/comments?post=208217"}],"version-history":[{"count":5,"href":"https:\/\/www.foment.com\/es\/wp-json\/wp\/v2\/pages\/208217\/revisions"}],"predecessor-version":[{"id":208844,"href":"https:\/\/www.foment.com\/es\/wp-json\/wp\/v2\/pages\/208217\/revisions\/208844"}],"wp:attachment":[{"href":"https:\/\/www.foment.com\/es\/wp-json\/wp\/v2\/media?parent=208217"}],"curies":[{"name":"wp","href":"https:\/\/api.w.org\/{rel}","templated":true}]}}