{"id":208305,"date":"2025-10-29T01:06:11","date_gmt":"2025-10-29T00:06:11","guid":{"rendered":"https:\/\/www.foment.com\/?page_id=208305"},"modified":"2025-11-10T18:34:36","modified_gmt":"2025-11-10T17:34:36","slug":"laboratorio-innovacion-nuevos-negocios-2","status":"publish","type":"page","link":"https:\/\/www.foment.com\/es\/laboratorio-innovacion-nuevos-negocios-2\/","title":{"rendered":"Laboratorio de Innovaci\u00f3n y Creaci\u00f3n de Nuevos Negocios"},"content":{"rendered":"<section class=\"wpb-content-wrapper\"><p>[vc_row type=\u00bbfull_width_section\u00bb][vc_column width=\u00bb1\/1&#8243;]<div class=\"single_image wpb_content_element align-center    \" data-animation=\"none\" data-delay=\"0\"><img width=\"2048\" height=\"661\" src=\"https:\/\/www.foment.com\/wp-content\/uploads\/2025\/10\/Startup-2.jpg\" class=\"attachment-full\" alt=\"\" loading=\"lazy\" title=\"Startup 2\" srcset=\"https:\/\/www.foment.com\/wp-content\/uploads\/2025\/10\/Startup-2.jpg 2048w, https:\/\/www.foment.com\/wp-content\/uploads\/2025\/10\/Startup-2-300x97.jpg 300w, https:\/\/www.foment.com\/wp-content\/uploads\/2025\/10\/Startup-2-1024x331.jpg 1024w, https:\/\/www.foment.com\/wp-content\/uploads\/2025\/10\/Startup-2-768x248.jpg 768w, https:\/\/www.foment.com\/wp-content\/uploads\/2025\/10\/Startup-2-1536x496.jpg 1536w\" sizes=\"(max-width: 2048px) 100vw, 2048px\" \/><\/div>[\/vc_column][\/vc_row][vc_row bg_color=\u00bb#ededed\u00bb][vc_column width=\u00bb1\/1&#8243;][vc_empty_space height=\u00bb40px\u00bb][vc_column_text]<\/p>\n<h2 style=\"text-align: center; color: #c12238;\">Laboratorio de Innovaci\u00f3n y Creaci\u00f3n de Nuevos Negocios<\/h2>\n<h3 style=\"text-align: center;\">Formaci\u00f3n pr\u00e1ctica para crear y hacer crecer tu negocio<\/h3>\n<p style=\"text-align: left;\">Clases y mentor\u00edas en directo impartidas por emprendedores con amplia experiencia, con metodolog\u00eda propia patentada. Programas 100% telepresenciales en vivo para aplicar lo aprendido de forma inmediata en tu proyecto o empresa.<\/p>\n<p>[\/vc_column_text]<div class=\"spacer\" style=\"height: 30px;\"><\/div>[\/vc_column][\/vc_row][vc_row][vc_column][vc_column_text]<br \/>\n[\/vc_column_text][vc_empty_space height=\u00bb40px\u00bb][\/vc_column][\/vc_row][vc_row][vc_column width=\u00bb2\/3&#8243;][vc_column_text]<span class='dropcap dropcap-book'>S<\/span>\n<p style=\"text-align: justify;\">tartups Institute ofrece formaci\u00f3n en emprendimiento con un enfoque directo y orientado a resultados. Todo el claustro est\u00e1 formado por emprendedores en activo que comparten su experiencia real para ayudarte a construir y escalar negocios sostenibles.<\/p>\n<ul>\n<li>Telepresencial, 100% en vivo: relaci\u00f3n directa experto\u2013alumno.<\/li>\n<li>Mentor\u00eda aplicada a tu proyecto y aprendizaje pr\u00e1ctico.<\/li>\n<li>M\u00e1s de 70 expertos y mentores, todos emprendedores en activo.<\/li>\n<li>Programas para cada etapa: desde ideas y fase pre-seed hasta scaleup.<\/li>\n<\/ul>\n<p>Nuestros programas son 100% pr\u00e1cticos y orientados a que puedas aplicar los conocimientos en tu d\u00eda a d\u00eda desde la primera sesi\u00f3n.<br \/>\n[\/vc_column_text][\/vc_column][vc_column text_align=\u00bbcenter\u00bb width=\u00bb1\/3&#8243;][vc_single_image image=\u00bb208289&#8243; img_size=\u00bbmedium\u00bb alignment=\u00bbcenter\u00bb][vc_btn title=\u00bbSolicita informaci\u00f3n\u00bb color=\u00bbjuicy-pink\u00bb size=\u00bblg\u00bb align=\u00bbcenter\u00bb link=\u00bburl:https%3A%2F%2Fwww.foment.com%2Fes%2Fformulario-startups-institute%2F|target:_blank\u00bb][\/vc_column][\/vc_row][vc_row bg_color=\u00bb#ffffff\u00bb top_padding=\u00bb60&#8243; bottom_padding=\u00bb40&#8243;][vc_column width=\u00bb1\/1&#8243;]<h2 class=\"headline font-inherit fontsize-xxxl fontweight-700 lh-inherit align-center transform-inherit \" style=\"margin: 0 0 50px 0; color: #000000;\">\u00bfA qui\u00e9n va dirigido?<\/h2>[vc_column_text]<\/p>\n<p style=\"text-align: justify;\">Emprendedores\/as y equipos que quieren lanzar o hacer crecer su negocio, as\u00ed como intraemprendedores que impulsan nuevos proyectos dentro de la empresa. Tambi\u00e9n trabajamos con empresas, organismos p\u00fablicos y escuelas de negocio mediante programas a medida.<\/p>\n<p>[\/vc_column_text][\/vc_column][\/vc_row][vc_row bg_color=\u00bb#c12238&#8243; text_color=\u00bbcustom\u00bb custom_text_color=\u00bb#ffffff\u00bb top_padding=\u00bb20&#8243; bottom_padding=\u00bb60&#8243;][vc_column width=\u00bb1\/1&#8243;][vc_row_inner][vc_column_inner width=\u00bb1\/2&#8243;][vc_empty_space height=\u00bb45px\u00bb][vc_column_text]<\/p>\n<h3><strong>OBJETIVOS DEL PROGRAMA<\/strong><\/h3>\n<ul>\n<li>Capacitar para crear y hacer crecer negocios con formaci\u00f3n pr\u00e1ctica y mentoring en directo.<\/li>\n<li>Aplicaci\u00f3n inmediata en el propio proyecto con seguimiento de expertos.<\/li>\n<li>Metodolog\u00eda propia orientada a resultados y a la toma de decisiones.<\/li>\n<\/ul>\n<p>[\/vc_column_text][vc_empty_space height=\u00bb10px\u00bb][vc_column_text]<\/p>\n<h3><strong>FORMATO Y DURACI\u00d3N<\/strong><\/h3>\n<ul>\n<li>Telepresencial, 100% en vivo.<\/li>\n<li>Duraci\u00f3n por m\u00f3dulo: 6 semanas.<\/li>\n<li>Cada m\u00f3dulo incluye 3 encuentros presenciales (inicio, ecuador y cierre).<\/li>\n<\/ul>\n<p>[\/vc_column_text][\/vc_column_inner][vc_column_inner width=\u00bb1\/2&#8243;][vc_empty_space height=\u00bb45px\u00bb][vc_column_text]<\/p>\n<h3><strong>BENEFICIOS<\/strong><\/h3>\n<ul>\n<li>Clases y mentoring en vivo.<\/li>\n<li>Mentor personal y acompa\u00f1amiento aplicado.<\/li>\n<li>Apl\u00edcalo en tu empresa desde la primera semana.<\/li>\n<li>Comunidad de emprendedores.<\/li>\n<\/ul>\n<p>[\/vc_column_text][vc_empty_space height=\u00bb70px\u00bb][vc_column_text]<\/p>\n<h3><strong>CLAUSTRO<\/strong><\/h3>\n<ul>\n<li>M\u00e1s de 70 expertos y mentores.<\/li>\n<li>Todos emprendedores en activo con amplia experiencia.<\/li>\n<\/ul>\n<p>[\/vc_column_text][\/vc_column_inner][\/vc_row_inner][vc_empty_space height=\u00bb1px\u00bb][\/vc_column][\/vc_row][vc_row bg_color=\u00bb#ffffff\u00bb][vc_column width=\u00bb1\/1&#8243;][vc_empty_space height=\u00bb45px\u00bb]<h2 class=\"headline font-inherit fontsize-xxxl fontweight-700 lh-inherit align-center transform-inherit \" style=\"margin: 0 0 30px 0; color: #000000;\">Programas y precios<\/h2>[vc_column_text]<\/p>\n<ul>\n<li><strong>M\u00f3dulo 1 \u2014 Startups:<\/strong> desde la fase pre-seed hasta growth.<\/li>\n<li><strong>M\u00f3dulo 2 \u2014 Scaleups:<\/strong> a partir de growth.<\/li>\n<li><strong>Precio oficial por m\u00f3dulo:<\/strong> 2.950\u00a0\u20ac (posible descuento early bird del 10%).<\/li>\n<li><strong>Ambos m\u00f3dulos:<\/strong> 4.950\u00a0\u20ac.<\/li>\n<\/ul>\n<p style=\"text-align: justify;\">Tambi\u00e9n dise\u00f1amos <strong>programas a medida para empresas e instituciones<\/strong> (bootcamps, cursos, seminarios, m\u00e1steres, incubadoras y aceleradoras), con un enfoque 100% pr\u00e1ctico. Entre los partners, Deusto Business School y CEIN, entre otros.<\/p>\n<p>[\/vc_column_text][vc_empty_space height=\u00bb40px\u00bb][\/vc_column][\/vc_row][vc_row bg_color=\u00bbrgba(0,0,0,0.85)\u00bb text_color=\u00bbcustom\u00bb custom_text_color=\u00bb#ffffff\u00bb text_align=\u00bbcenter\u00bb top_padding=\u00bb60&#8243; bottom_padding=\u00bb60&#8243;][vc_column column_center=\u00bbtrue\u00bb width=\u00bb1\/1&#8243;]<h1 class=\"headline font-inherit fontsize-l fontweight-inherit lh-inherit align-center transform-inherit \" style=\"margin: 0 0 20px 0;\">\u00bfQuieres participar?<br \/>\n<\/h1><a href=\"https:\/\/www.foment.com\/es\/formulario-startups-institute\/\" target=\"_blank\" class=\"button color-3 medium \" style=\"border-radius: 2px;\">Solicita tu plaza<\/a>[vc_empty_space][\/vc_column][\/vc_row]<\/p>\n<\/section>","protected":false},"excerpt":{"rendered":"<p>[vc_row type=\u00bbfull_width_section\u00bb][vc_column width=\u00bb1\/1&#8243;][\/vc_column][\/vc_row][vc_row bg_color=\u00bb#ededed\u00bb][vc_column width=\u00bb1\/1&#8243;][vc_empty_space height=\u00bb40px\u00bb][vc_column_text] Laboratorio de Innovaci\u00f3n y Creaci\u00f3n de Nuevos Negocios Formaci\u00f3n pr\u00e1ctica para crear y hacer crecer tu negocio Clases y mentor\u00edas en directo impartidas por emprendedores con amplia experiencia, con metodolog\u00eda propia patentada. Programas 100% telepresenciales en vivo para aplicar lo aprendido de forma inmediata en tu proyecto o empresa. [\/vc_column_text][\/vc_column][\/vc_row][vc_row][vc_column][vc_column_text] [\/vc_column_text][vc_empty_space height=\u00bb40px\u00bb][\/vc_column][\/vc_row][vc_row][vc_column width=\u00bb2\/3&#8243;][vc_column_text] tartups Institute ofrece formaci\u00f3n en emprendimiento con un enfoque directo y orientado a resultados. Todo el claustro est\u00e1 formado por emprendedores en activo que comparten su experiencia real para ayudarte a construir y escalar negocios sostenibles. Telepresencial, 100% en vivo: relaci\u00f3n directa experto\u2013alumno. Mentor\u00eda aplicada a tu proyecto y aprendizaje pr\u00e1ctico. M\u00e1s de 70 expertos y mentores, todos emprendedores en activo. Programas para cada etapa: desde ideas y fase pre-seed hasta scaleup. Nuestros programas son 100% pr\u00e1cticos y orientados a que puedas aplicar los conocimientos en tu d\u00eda a d\u00eda desde la primera sesi\u00f3n. [\/vc_column_text][\/vc_column][vc_column text_align=\u00bbcenter\u00bb width=\u00bb1\/3&#8243;][vc_single_image image=\u00bb208289&#8243; img_size=\u00bbmedium\u00bb alignment=\u00bbcenter\u00bb][vc_btn title=\u00bbSolicita informaci\u00f3n\u00bb color=\u00bbjuicy-pink\u00bb size=\u00bblg\u00bb align=\u00bbcenter\u00bb link=\u00bburl:https%3A%2F%2Fwww.foment.com%2Fes%2Fformulario-startups-institute%2F|target:_blank\u00bb][\/vc_column][\/vc_row][vc_row bg_color=\u00bb#ffffff\u00bb top_padding=\u00bb60&#8243; bottom_padding=\u00bb40&#8243;][vc_column width=\u00bb1\/1&#8243;][vc_column_text] Emprendedores\/as y equipos que quieren lanzar o hacer crecer su negocio, as\u00ed como intraemprendedores que impulsan nuevos proyectos dentro de la empresa. Tambi\u00e9n trabajamos con empresas, organismos p\u00fablicos y escuelas de [&hellip;]<\/p>\n","protected":false},"author":281,"featured_media":0,"parent":0,"menu_order":0,"comment_status":"closed","ping_status":"closed","template":"","meta":{"_links_to":"","_links_to_target":""},"acf":[],"wps_subtitle":"","_links":{"self":[{"href":"https:\/\/www.foment.com\/es\/wp-json\/wp\/v2\/pages\/208305"}],"collection":[{"href":"https:\/\/www.foment.com\/es\/wp-json\/wp\/v2\/pages"}],"about":[{"href":"https:\/\/www.foment.com\/es\/wp-json\/wp\/v2\/types\/page"}],"author":[{"embeddable":true,"href":"https:\/\/www.foment.com\/es\/wp-json\/wp\/v2\/users\/281"}],"replies":[{"embeddable":true,"href":"https:\/\/www.foment.com\/es\/wp-json\/wp\/v2\/comments?post=208305"}],"version-history":[{"count":7,"href":"https:\/\/www.foment.com\/es\/wp-json\/wp\/v2\/pages\/208305\/revisions"}],"predecessor-version":[{"id":208710,"href":"https:\/\/www.foment.com\/es\/wp-json\/wp\/v2\/pages\/208305\/revisions\/208710"}],"wp:attachment":[{"href":"https:\/\/www.foment.com\/es\/wp-json\/wp\/v2\/media?parent=208305"}],"curies":[{"name":"wp","href":"https:\/\/api.w.org\/{rel}","templated":true}]}}