{"id":214943,"date":"2026-02-24T17:36:37","date_gmt":"2026-02-24T16:36:37","guid":{"rendered":"https:\/\/www.foment.com\/?page_id=214943"},"modified":"2026-02-24T17:42:38","modified_gmt":"2026-02-24T16:42:38","slug":"master-en-direccion-avanzada-de-plantas-industriales","status":"publish","type":"page","link":"https:\/\/www.foment.com\/es\/master-en-direccion-avanzada-de-plantas-industriales\/","title":{"rendered":"M\u00e1ster en Direcci\u00f3n Avanzada de Plantas Industriales"},"content":{"rendered":"<section class=\"wpb-content-wrapper\"><p>[vc_row type=\u00bbfull_width_section\u00bb][vc_column width=\u00bb1\/1&#8243;]<div class=\"single_image wpb_content_element align-center    \" data-animation=\"none\" data-delay=\"0\"><img width=\"2048\" height=\"661\" src=\"https:\/\/www.foment.com\/wp-content\/uploads\/2026\/02\/Direccio-avancada-de-plantes-industrials-2-1.jpg\" class=\"attachment-full\" alt=\"\" loading=\"lazy\" title=\"Direcci\u00f3 avan\u00e7ada de plantes industrials (2)\" srcset=\"https:\/\/www.foment.com\/wp-content\/uploads\/2026\/02\/Direccio-avancada-de-plantes-industrials-2-1.jpg 2048w, https:\/\/www.foment.com\/wp-content\/uploads\/2026\/02\/Direccio-avancada-de-plantes-industrials-2-1-300x97.jpg 300w, https:\/\/www.foment.com\/wp-content\/uploads\/2026\/02\/Direccio-avancada-de-plantes-industrials-2-1-1024x331.jpg 1024w, https:\/\/www.foment.com\/wp-content\/uploads\/2026\/02\/Direccio-avancada-de-plantes-industrials-2-1-768x248.jpg 768w, https:\/\/www.foment.com\/wp-content\/uploads\/2026\/02\/Direccio-avancada-de-plantes-industrials-2-1-1536x496.jpg 1536w\" sizes=\"(max-width: 2048px) 100vw, 2048px\" \/><\/div>[\/vc_column][\/vc_row][vc_row bg_color=\u00bb#ededed\u00bb][vc_column width=\u00bb1\/1&#8243;][vc_empty_space height=\u00bb40px\u00bb][vc_column_text]<\/p>\n<h2 style=\"text-align: center; color: #c12238;\">M\u00e1ster en Direcci\u00f3n Avanzada de Plantas Industriales<\/h2>\n<h3 style=\"text-align: center;\">Domina la direcci\u00f3n de planta con estrategia, m\u00e9todo y liderazgo<\/h3>\n<p style=\"text-align: left;\">El entorno industrial actual es cada vez m\u00e1s exigente. En este contexto, la mejora continua se convierte en una necesidad estrat\u00e9gica. Las f\u00e1bricas que aspiran a liderar el mercado deben construir su competitividad sobre tres pilares fundamentales: adaptabilidad, eficiencia operativa y equipos altamente implicados.<\/p>\n<p>[\/vc_column_text]<div class=\"spacer\" style=\"height: 30px;\"><\/div>[\/vc_column][\/vc_row][vc_row][vc_column][vc_column_text] [\/vc_column_text][vc_empty_space height=\u00bb40px\u00bb][\/vc_column][\/vc_row][vc_row][vc_column width=\u00bb2\/3&#8243;][vc_column_text]<span class='dropcap dropcap-book'>E<\/span>\n<p style=\"text-align: justify;\">ste M\u00e1ster en <strong>Direcci\u00f3n Avanzada de Plantas Industriales<\/strong> est\u00e1 enfocado a desarrollar l\u00edderes de organizaciones industriales altamente capacitados para identificar ventajas competitivas y escoger la estrategia operativa \u00f3ptima para cualquier entorno de demanda.<\/p>\n<ul>\n<li>Profesorado procedente de los principales institutos de conocimiento en operaciones (Instituto LEAN Management, QRM Institute, TWI Institute, Council for Six Sigma Certification, Kernel Kata), directivos y consultores en activo.<\/li>\n<li>Dos modalidades: blended y online. En formato blended, el 10% de las horas (5 fines de semana) son talleres presenciales de simulaci\u00f3n; en formato online, los juegos y simulaciones se realizan en formato exclusivamente digital y online.<\/li>\n<li>Enfoque metodol\u00f3gico completo y transversal: para demandas regulares (Lean) e irregulares o imprevisibles (Agile \u2013 QRM); para producto est\u00e1ndar (ETS y MTO) y personalizado (ETO); y tanto para entornos productivos como para entornos de oficina.<\/li>\n<\/ul>\n<p style=\"text-align: justify;\">Trabajaremos metodolog\u00edas para mejorar la adaptabilidad (QRM, POLCA y DDMRP), optimizar procesos y reducir costes mediante la mejora continua (Lean Manufacturing con VSM, SMED y 5S), y consolidar una cultura en la que la formaci\u00f3n continua, la autonom\u00eda y un liderazgo cercano son los pilares para una transformaci\u00f3n sostenible.<\/p>\n<p>[\/vc_column_text][\/vc_column][vc_column text_align=\u00bbcenter\u00bb width=\u00bb1\/3&#8243;][vc_single_image image=\u00bb214928&#8243; img_size=\u00bbmedium\u00bb alignment=\u00bbcenter\u00bb][vc_btn title=\u00bbSolicita m\u00e1s informaci\u00f3n\u00bb color=\u00bbjuicy-pink\u00bb size=\u00bblg\u00bb align=\u00bbcenter\u00bb link=\u00bburl:https%3A%2F%2Fwww.foment.com%2Fes%2Fformulario-master-en-direccion-avanzada-de-plantas-industriales%2F|target:_blank\u00bb][\/vc_column][\/vc_row][vc_row bg_color=\u00bb#ffffff\u00bb top_padding=\u00bb60&#8243; bottom_padding=\u00bb40&#8243;][vc_column width=\u00bb1\/1&#8243;]<h2 class=\"headline font-inherit fontsize-xxxl fontweight-700 lh-inherit align-center transform-inherit \" style=\"margin: 0 0 50px 0; color: #000000;\">\u00bfA qui\u00e9n va dirigido?<\/h2>[vc_column_text]<\/p>\n<p style=\"text-align: justify;\">El M\u00e1ster est\u00e1 dirigido a todos los profesionales que quieren aumentar y actualizar sus conocimientos con el \u00faltimo est\u00e1ndar World Class, que incluye lo m\u00e1s actual de la gesti\u00f3n de plantas industriales (SCM, producci\u00f3n, ingenier\u00eda de producci\u00f3n, calidad, mantenimiento e I+D).<\/p>\n<ul>\n<li>Direcci\u00f3n de f\u00e1brica<\/li>\n<li>Direcci\u00f3n de operaciones<\/li>\n<li>Direcci\u00f3n industrial<\/li>\n<li>Direcci\u00f3n de calidad<\/li>\n<li>Responsable de producci\u00f3n<\/li>\n<li>Responsable de mejora continua<\/li>\n<li>Responsable de ingenier\u00eda de procesos<\/li>\n<li>Responsable de Supply Chain<\/li>\n<li>Consultor\/a de operaciones<\/li>\n<\/ul>\n<p>[\/vc_column_text][\/vc_column][\/vc_row][vc_row bg_color=\u00bb#c12238&#8243; text_color=\u00bbcustom\u00bb custom_text_color=\u00bb#ffffff\u00bb top_padding=\u00bb20&#8243; bottom_padding=\u00bb60&#8243;][vc_column width=\u00bb1\/1&#8243;][vc_row_inner][vc_column_inner width=\u00bb1\/2&#8243;][vc_empty_space height=\u00bb45px\u00bb][vc_column_text]<\/p>\n<h3><strong>OBJETIVOS DEL PROGRAMA<\/strong><\/h3>\n<ul>\n<li>Identificar ventajas competitivas y escoger la estrategia operativa \u00f3ptima para cualquier entorno de demanda en las organizaciones industriales actuales.<\/li>\n<li>Desarrollar las competencias y habilidades personales necesarias para crear y empoderar equipos de alto rendimiento enfocados al \u00e9xito.<\/li>\n<li>Aplicar metodolog\u00edas avanzadas de gesti\u00f3n de operaciones para mejorar la eficiencia, reducir costes e incrementar la adaptabilidad de la planta industrial.<\/li>\n<\/ul>\n<p>[\/vc_column_text][vc_empty_space height=\u00bb33px\u00bb][vc_column_text]<\/p>\n<h3><strong>FORMATO Y DURACI\u00d3N<\/strong><\/h3>\n<ul>\n<li>Modalidades: blended y online.<\/li>\n<li>En formato blended, el 10% de las horas (5 fines de semana) son talleres presenciales de simulaci\u00f3n y juego; el m\u00e1ster cuenta con una parte troncal en plataforma online.<\/li>\n<li>En formato online, los juegos y simulaciones se realizan en formato exclusivamente digital y online.<\/li>\n<li>Workshops: Nodus Barber\u00e0 (Carrer de Mogoda, 1 &#8211; 08210 Barber\u00e0 del Vall\u00e8s).<\/li>\n<\/ul>\n<p>[\/vc_column_text][\/vc_column_inner][vc_column_inner width=\u00bb1\/2&#8243;][vc_empty_space height=\u00bb45px\u00bb][vc_column_text]<\/p>\n<h3><strong>BENEFICIOS<\/strong><\/h3>\n<ul>\n<li>Profesorado procedente de los principales institutos de conocimiento del \u00e1rea de operaciones, directivos y consultores en activo.<\/li>\n<li>Enfoque metodol\u00f3gico completo y transversal: Lean (demanda regular) y Agile \u2013 QRM (demanda irregular o imprevisible); ETS y MTO (producto est\u00e1ndar) y ETO (producto personalizado).<\/li>\n<li>Obtenci\u00f3n de una titulaci\u00f3n y opci\u00f3n de acceso a ocho certificaciones valoradas actualmente en la industria.<\/li>\n<li>Asesoramiento profesional una vez finalizado el m\u00e1ster con los profesionales de PROACH (divisi\u00f3n de QRM Institute).<\/li>\n<\/ul>\n<p>[\/vc_column_text][vc_column_text]<\/p>\n<h3><strong>METODOLOG\u00cdA<\/strong><\/h3>\n<ul>\n<li>Formaci\u00f3n online avanzada con una parte troncal online.<\/li>\n<li>Workshops de simulaci\u00f3n de entornos reales para testear sistemas.<\/li>\n<li>Estudio y resoluci\u00f3n de casos reales o ficticios, business games, masterclass en directo, debates dirigidos, v\u00eddeos y conferencias.<\/li>\n<li>Aprendizaje y networking social, y herramientas exclusivas de benchmarking y de desarrollo de equipos (Sharpa\u00ae).<\/li>\n<li>Acompa\u00f1amiento acad\u00e9mico: sesiones de tutor\u00edas a lo largo de todo el aprendizaje.<\/li>\n<\/ul>\n<p>[\/vc_column_text][\/vc_column_inner][\/vc_row_inner][vc_empty_space height=\u00bb10px\u00bb][\/vc_column][\/vc_row][vc_row bg_color=\u00bb#ffffff\u00bb][vc_column width=\u00bb1\/1&#8243;][vc_empty_space height=\u00bb45px\u00bb]<h2 class=\"headline font-inherit fontsize-xxxl fontweight-700 lh-inherit align-center transform-inherit \" style=\"margin: 0 0 30px 0; color: #000000;\">Programa y precios<\/h2>[vc_column_text]<\/p>\n<ul>\n<li><strong>Programa:<\/strong> M\u00e1ster en Direcci\u00f3n Avanzada de Plantas Industriales.<\/li>\n<li><strong>Precio:<\/strong> 7.800 \u20ac (Blended) \u00b7 7.450 \u20ac (Online).<\/li>\n<li><strong>Preinscripci\u00f3n y reserva de plaza:<\/strong> abierta a partir del 5 de noviembre de 2025. En un plazo m\u00e1ximo de 7 d\u00edas desde la inscripci\u00f3n, se debe realizar el pago de <strong>2.000 \u20ac<\/strong> que se restar\u00e1 del importe de la matr\u00edcula y da derecho a reservar la plaza.<\/li>\n<li><strong>Matr\u00edcula:<\/strong> el pago total deber\u00e1 completarse como m\u00e1ximo 20 d\u00edas antes del inicio del curso.<\/li>\n<li><strong>Financiaci\u00f3n y descuentos:<\/strong> posibilidad de financiar el pago en cuotas. Descuento por inscripci\u00f3n anticipada antes del 19 de diciembre (consultar otros descuentos).<\/li>\n<li><strong>10% de descuento<\/strong> para socios de Foment.<\/li>\n<li><strong>Formaci\u00f3n bonificable por FUNDAE <\/strong>(posibilidad de bonificaci\u00f3n hasta el 70%).<\/li>\n<\/ul>\n<p>[\/vc_column_text][vc_empty_space height=\u00bb40px\u00bb][\/vc_column][\/vc_row][vc_section css=\u00bb.vc_custom_1762516879172{background-color: #efefef !important;}\u00bb][vc_row bg_color=\u00bb#efefef\u00bb text_align=\u00bbcenter\u00bb top_padding=\u00bb30&#8243; bottom_padding=\u00bb30&#8243; class=\u00bbpestanyeslider\u00bb][vc_column column_center=\u00bbtrue\u00bb width=\u00bb1\/1&#8243;]<h6 class=\"headline font-special fontsize-xl fontweight-800 lh-inherit align-center transform-inherit \" style=\"margin: 30 0 60px 0; color: #d12238;\">Descubre el contenido del M\u00e1ster<\/h6>[vc_tta_tour shape=\u00bbsquare\u00bb color=\u00bbblack\u00bb active_section=\u00bb1&#8243; el_class=\u00bbpestanyeslider\u00bb][vc_tta_section title=\u00bb1. Qu\u00e9 trabajar\u00e1s (M\u00e1ster)\u00bb tab_id=\u00bbque-aprendras-modul1&#8243;][vc_column_text]<\/p>\n<p style=\"text-align: left; margin: 0;\">Un plan de estudios completo y transversal para dominar la direcci\u00f3n de planta con estrategia, m\u00e9todo y liderazgo, incorporando las metodolog\u00edas m\u00e1s actuales de gesti\u00f3n de operaciones y mejora continua.<\/p>\n<ul style=\"text-align: left; margin-top: 10px; margin-bottom: 0;\">\n<li><strong>Estrategia operacional, SCM y finanzas:<\/strong> estrategias E2E, tipos de SCM y cadena de valor; sourcing vs purchasing; demand planning, ciclo S&amp;OP e IBP; an\u00e1lisis ABC XYZ; simulaciones (\u201cBeer Game\u201d y Fresh Connections); despliegue de estrategias y OKR; finanzas b\u00e1sicas para ingenieros e introducci\u00f3n a DDMRP.<\/li>\n<li><strong>Gesti\u00f3n de la calidad y Six Sigma:<\/strong> calidad total y del riesgo, voz del cliente y QFD, core tools (APQP, AMFE, MSA, SPC, PPAP) y preparaci\u00f3n para el Six Sigma Yellow Belt Certificate\u00ae.<\/li>\n<li><strong>Lean Manufacturing:<\/strong> pensamiento Lean (Pull, Valor y Flujo), aplicaci\u00f3n de JIT &amp; Jidoka, Value Stream Mapping (VSM), Kernel Kata y preparaci\u00f3n para el Lean Manufacturing Certificate\u00ae.<\/li>\n<li><strong>Quick Response Manufacturing (QRM):<\/strong> estrategias orientadas al tiempo, an\u00e1lisis de camino cr\u00edtico (MCT), din\u00e1mica de sistemas (teor\u00eda de colas), aplicaci\u00f3n transversal del QRM y preparaci\u00f3n para el QRM Silver Certificate\u00ae.<\/li>\n<li><strong>Habilidades directivas y cultura de alta implicaci\u00f3n:<\/strong> liderazgo consciente y Team Maturity Model (TMM), y cultura y estructuras organizativas para f\u00e1bricas VUCA (roadmap de transformaci\u00f3n).<\/li>\n<li><strong>Innovaci\u00f3n, Industria 4.0 y proyectos Agile:<\/strong> Design Thinking, Lean Startup y Canvas; introducci\u00f3n a Agile y Kanban; transformaci\u00f3n digital, Internet of Things, IA y fabricaci\u00f3n aditiva.<\/li>\n<li><strong>Mejora continua, TWI y Trabajo Final de M\u00e1ster:<\/strong> intensivo de herramientas b\u00e1sicas (5S, TPM y SMED), Training Within Industry (TWI) y Trabajo Final de M\u00e1ster. Workshop destacado: coaching con caballos.<\/li>\n<\/ul>\n<p>[\/vc_column_text][\/vc_tta_section][vc_tta_section title=\u00bb2. Modalidades\u00bb tab_id=\u00bbcalendari-horaris\u00bb][vc_column_text]<\/p>\n<p style=\"text-align: left; margin: 0;\">El m\u00e1ster se puede cursar en modalidad blended u online. En el formato blended, el 10% de las horas (5 fines de semana) son talleres presenciales de simulaci\u00f3n y juego. En el formato online, los juegos y simulaciones se realizan en formato exclusivamente digital y online.<\/p>\n<ul style=\"text-align: left; margin-top: 10px; margin-bottom: 0;\">\n<li><strong>Workshops (blended):<\/strong> Nodus Barber\u00e0, Carrer de Mogoda, 1 &#8211; 08210 Barber\u00e0 del Vall\u00e8s.<\/li>\n<li><strong>Preinscripci\u00f3n:<\/strong> abierta a partir del 5 de noviembre de 2025 y hasta un mes antes del inicio del curso.<\/li>\n<\/ul>\n<p>[\/vc_column_text][\/vc_tta_section][vc_tta_section title=\u00bb3. Acompa\u00f1amiento acad\u00e9mico y TFM\u00bb tab_id=\u00bbmentoria-avaluacio\u00bb][vc_column_text]<\/p>\n<p style=\"text-align: left; margin: 0;\">El m\u00e1ster da especial importancia al acompa\u00f1amiento y el asesoramiento acad\u00e9mico para que se puedan adquirir los conocimientos con \u00e9xito, con tutor\u00edas a lo largo de todo el aprendizaje y un Trabajo Final de M\u00e1ster con la ayuda de consultores especializados.<\/p>\n<ul style=\"text-align: left; margin-top: 10px; margin-bottom: 0;\">\n<li><strong>Tutor\u00edas:<\/strong> sesiones de tutor\u00edas a lo largo de todo el aprendizaje.<\/li>\n<li><strong>Autoconocimiento:<\/strong> herramientas exclusivas de autoconocimiento (DISC \u2013 Sharpa\u00ae).<\/li>\n<li><strong>Trabajo Final de M\u00e1ster:<\/strong> realizaci\u00f3n del TFM con la ayuda de consultores especializados.<\/li>\n<li><strong>Formatos de aprendizaje:<\/strong> casos reales o ficticios, business games, masterclass en directo, debates dirigidos, v\u00eddeos y conferencias, y aprendizaje y networking social.<\/li>\n<li><strong>Workshops:<\/strong> simulaci\u00f3n de entornos reales para testear metodolog\u00edas y sistemas.<\/li>\n<\/ul>\n<p>[\/vc_column_text][\/vc_tta_section][vc_tta_section title=\u00bb4. Titulaci\u00f3n, certificaciones y alumni\u00bb tab_id=\u00bbperks\u00bb][vc_column_text]<\/p>\n<p style=\"text-align: left; margin: 0;\">Al finalizar con \u00e9xito el M\u00e1ster en Direcci\u00f3n Avanzada de Plantas Industriales, obtendr\u00e1s una titulaci\u00f3n y estar\u00e1s preparado\/a para optar a certificaciones reconocidas actualmente en la industria.<\/p>\n<ul style=\"text-align: left; margin-top: 10px; margin-bottom: 0;\">\n<li><strong>Titulaci\u00f3n:<\/strong> t\u00edtulo privado de EdvanceBS.<\/li>\n<li><strong>Certificaciones:<\/strong> QRM Silver Certificate, Certificado Lean Manufacturing y Certificado 6-Sigma (Yellow Belt).<\/li>\n<li><strong>Certificaciones opcionales (con examen adicional):<\/strong> TWI Program Knowledge for Managers, Demand Driven Planner Professional (DDPP)\u2122, Certificado nivel SHU Lean Kata y Team Kanban Practitioner (TKP).<\/li>\n<li><strong>Conscious Leader Certified:<\/strong> acreditaci\u00f3n de los fundamentos te\u00f3ricos del Servant Leadership y de los equipos Alpha (no requiere examen).<\/li>\n<li><strong>Alumni y carrera profesional:<\/strong> formar parte de EdvanceBS Alumni y posibilidad de reunirse con los profesionales de PROACH (divisi\u00f3n de QRM Institute) para recibir asesoramiento en carrera profesional.<\/li>\n<\/ul>\n<p>[\/vc_column_text][\/vc_tta_section][vc_tta_section title=\u00bb5. Precio, matr\u00edcula y admisi\u00f3n\u00bb tab_id=\u00bbpreus\u00bb][vc_column_text]<\/p>\n<p style=\"text-align: left; margin: 0;\">Condiciones de precio, preinscripci\u00f3n y matr\u00edcula, opciones de financiaci\u00f3n y requisitos de admisi\u00f3n del programa.<\/p>\n<ul style=\"text-align: left; margin-top: 10px; margin-bottom: 0;\">\n<li><strong>Precio:<\/strong> 7.800 \u20ac (Blended) \u00b7 7.450 \u20ac (Online).<\/li>\n<li><strong>Preinscripci\u00f3n y reserva de plaza:<\/strong> en un plazo m\u00e1ximo de 7 d\u00edas desde la inscripci\u00f3n, es necesario realizar el pago de <strong>2.000 \u20ac<\/strong> que se restar\u00e1 del importe de la matr\u00edcula y da derecho a reservar la plaza.<\/li>\n<li><strong>Matr\u00edcula:<\/strong> el pago total deber\u00e1 completarse como m\u00e1ximo 20 d\u00edas antes del inicio del curso.<\/li>\n<li><strong>Financiaci\u00f3n:<\/strong> posibilidad de financiar el pago en cuotas.<\/li>\n<li><strong>Descuentos:<\/strong> descuento por inscripci\u00f3n anticipada antes del 19 de diciembre (consultar otros descuentos).<\/li>\n<li><span style=\"background-color: #ffffff; color: #c12238; padding: 4px 8px; border-radius: 4px; display: inline-block;\"><strong>10% de descuento para socios de Foment<\/strong><\/span><\/li>\n<li><span style=\"background-color: #ffffff; color: #c12238; padding: 4px 8px; border-radius: 4px; display: inline-block;\"><strong>Formaci\u00f3n bonificable por FUNDAE (posibilidad de bonificaci\u00f3n hasta el 70%)<\/strong><\/span><\/li>\n<li><strong>Requisitos de admisi\u00f3n:<\/strong> titulaci\u00f3n universitaria o experiencia en la industria. Se valorar\u00e1 la ingenier\u00eda, especialmente Industrial y Organizaci\u00f3n. Prueba de nivel o demostrar un m\u00ednimo de 5 a\u00f1os de experiencia en la industria.<\/li>\n<li><strong>Proceso de admisi\u00f3n:<\/strong> iniciar la matriculaci\u00f3n en el portal del m\u00e1ster en la web de EdvanceBS y aportar, adem\u00e1s de los datos personales, profesionales y titulaciones, un CV actualizado y una carta de motivaci\u00f3n.<\/li>\n<\/ul>\n<p><!-- Condiciones, preu i matr\u00edcula (dossier orientatiu). -->[\/vc_column_text][\/vc_tta_section][\/vc_tta_tour][\/vc_column][\/vc_row][vc_row bg_color=\u00bb#efefef\u00bb][vc_column width=\u00bb1\/1&#8243;]<div class=\"spacer\" style=\"height: 45px;\"><\/div>[\/vc_column][\/vc_row][\/vc_section][vc_row bg_color=\u00bbrgba(0,0,0,0.85)\u00bb text_color=\u00bbcustom\u00bb custom_text_color=\u00bb#ffffff\u00bb text_align=\u00bbcenter\u00bb top_padding=\u00bb60&#8243; bottom_padding=\u00bb60&#8243;][vc_column column_center=\u00bbtrue\u00bb width=\u00bb1\/1&#8243;]<h1 class=\"headline font-inherit fontsize-l fontweight-inherit lh-inherit align-center transform-inherit \" style=\"margin: 0 0 20px 0;\">\u00bfQuieres ser el l\u00edder que las organizaciones industriales actuales necesitan? <\/h1><a href=\"https:\/\/www.foment.com\/es\/formulario-master-en-direccion-avanzada-de-plantas-industriales\/\" target=\"_blank\" class=\"button color-3 medium \" style=\"border-radius: 2px;\">Inf\u00f3rmate ahora<\/a>[vc_empty_space height=\u00bb22px\u00bb][\/vc_column][\/vc_row]<\/p>\n<\/section>","protected":false},"excerpt":{"rendered":"<p>[vc_row type=\u00bbfull_width_section\u00bb][vc_column width=\u00bb1\/1&#8243;][\/vc_column][\/vc_row][vc_row bg_color=\u00bb#ededed\u00bb][vc_column width=\u00bb1\/1&#8243;][vc_empty_space height=\u00bb40px\u00bb][vc_column_text] M\u00e1ster en Direcci\u00f3n Avanzada de Plantas Industriales Domina la direcci\u00f3n de planta con estrategia, m\u00e9todo y liderazgo El entorno industrial actual es cada vez m\u00e1s exigente. En este contexto, la mejora continua se convierte en una necesidad estrat\u00e9gica. Las f\u00e1bricas que aspiran a liderar el mercado deben construir su competitividad sobre tres pilares fundamentales: adaptabilidad, eficiencia operativa y equipos altamente implicados. [\/vc_column_text][\/vc_column][\/vc_row][vc_row][vc_column][vc_column_text] [\/vc_column_text][vc_empty_space height=\u00bb40px\u00bb][\/vc_column][\/vc_row][vc_row][vc_column width=\u00bb2\/3&#8243;][vc_column_text] ste M\u00e1ster en Direcci\u00f3n Avanzada de Plantas Industriales est\u00e1 enfocado a desarrollar l\u00edderes de organizaciones industriales altamente capacitados para identificar ventajas competitivas y escoger la estrategia operativa \u00f3ptima para cualquier entorno de demanda. Profesorado procedente de los principales institutos de conocimiento en operaciones (Instituto LEAN Management, QRM Institute, TWI Institute, Council for Six Sigma Certification, Kernel Kata), directivos y consultores en activo. Dos modalidades: blended y online. En formato blended, el 10% de las horas (5 fines de semana) son talleres presenciales de simulaci\u00f3n; en formato online, los juegos y simulaciones se realizan en formato exclusivamente digital y online. Enfoque metodol\u00f3gico completo y transversal: para demandas regulares (Lean) e irregulares o imprevisibles (Agile \u2013 QRM); para producto est\u00e1ndar (ETS y MTO) y personalizado (ETO); y tanto para entornos productivos [&hellip;]<\/p>\n","protected":false},"author":281,"featured_media":0,"parent":0,"menu_order":0,"comment_status":"closed","ping_status":"closed","template":"","meta":{"_links_to":"","_links_to_target":""},"acf":[],"wps_subtitle":"","_links":{"self":[{"href":"https:\/\/www.foment.com\/es\/wp-json\/wp\/v2\/pages\/214943"}],"collection":[{"href":"https:\/\/www.foment.com\/es\/wp-json\/wp\/v2\/pages"}],"about":[{"href":"https:\/\/www.foment.com\/es\/wp-json\/wp\/v2\/types\/page"}],"author":[{"embeddable":true,"href":"https:\/\/www.foment.com\/es\/wp-json\/wp\/v2\/users\/281"}],"replies":[{"embeddable":true,"href":"https:\/\/www.foment.com\/es\/wp-json\/wp\/v2\/comments?post=214943"}],"version-history":[{"count":5,"href":"https:\/\/www.foment.com\/es\/wp-json\/wp\/v2\/pages\/214943\/revisions"}],"predecessor-version":[{"id":214953,"href":"https:\/\/www.foment.com\/es\/wp-json\/wp\/v2\/pages\/214943\/revisions\/214953"}],"wp:attachment":[{"href":"https:\/\/www.foment.com\/es\/wp-json\/wp\/v2\/media?parent=214943"}],"curies":[{"name":"wp","href":"https:\/\/api.w.org\/{rel}","templated":true}]}}