{"id":21591,"date":"2016-10-05T18:14:02","date_gmt":"2016-10-05T16:14:02","guid":{"rendered":"http:\/\/foment.itartech.com\/?page_id=21591"},"modified":"2018-07-12T12:29:41","modified_gmt":"2018-07-12T10:29:41","slug":"publicaciones","status":"publish","type":"page","link":"https:\/\/www.foment.com\/es\/publicaciones\/","title":{"rendered":"Publicaciones"},"content":{"rendered":"<section class=\"wpb-content-wrapper\"><p>[vc_row top_padding=\u00bb60&#8243;][vc_column width=\u00bb1\/4&#8243;]<h1 class=\"headline font-inherit fontsize-l fontweight-inherit lh-inherit align-left transform-inherit \" style=\"margin: 10px 0 10px 0;\">Revista<\/h1>[vc_column_text]Revista de pensamiento y an\u00e1lisis que edita Foment del Treball.<\/p>\n<a href=\"https:\/\/shop.thenewbarcelonapost.com\/es\/\" target=\"_blank\" class=\"button color-2 medium \" style=\"border-radius: 2px;\">F. La Revista del Foment<\/a>[\/vc_column_text][\/vc_column][vc_column width=\u00bb3\/4&#8243;]\n\t\t<div class=\"portfolio-element\">\n\n\t\t\n\t\t\n\t\t\t\t\t<div id=\"1580611539\" class=\"portfolio-items portfolio-masonry portfolio-overlay-icon clearfix\" data-id=\"1580611539\">  \n\t\t\t\t\t\t\n\t\t\t\t\t\t\t\n\t\t\t\t\t\t\t\n\t\t\t\t\t\t\n\t\t\t\t\t\t\t\t\t\t\t\t\t\t\t\t\n\t\t\t\t\t\t\t\t   \n\n\t\t\t\t\t\t\t\t<div class=\"term-revista portfolio-item masonry regular\">\n\t\t\t\t\t\t\t\t\t<div class=\"portfolio-image\"><a href=\"https:\/\/www.foment.com\/es\/items\/2154-perplejas-clases-medias\/\" title=\"2154. Perplejas clases medias\"><div class=\"portfolio-image-img\"><img src=\"https:\/\/www.foment.com\/wp-content\/uploads\/2017\/10\/revista-foto-portada-cast-peque.png\" alt=\"2154. Perplejas clases medias\" \/><\/div><div class=\"portfolio-overlay overlay-icon\"><\/div><i class=\"icon-minti-plus\"><\/i><\/a><\/div>\n\t\t\t\t\t\t\t\t<\/div>\n\n\t\t\t\t\t\t\t\t\t\t\t\t  \n\t\t\t\t\t\t\n\t\t\t\t\t\t\t\n\t\t\t\t\t\t\t\n\t\t\t\t\t\t\n\t\t\t\t\t\t\t\t\t\t\t\t\t\t\t\t\n\t\t\t\t\t\t\t\t   \n\n\t\t\t\t\t\t\t\t<div class=\"term-revista portfolio-item masonry regular\">\n\t\t\t\t\t\t\t\t\t<div class=\"portfolio-image\"><a href=\"https:\/\/www.foment.com\/es\/items\/2153-rituales-joan-ponc\/\" title=\"2153. Rituales de Joan Pon\u00e7\"><div class=\"portfolio-image-img\"><img src=\"https:\/\/www.foment.com\/wp-content\/uploads\/2017\/10\/portafolio.png\" alt=\"2153. Rituales de Joan Pon\u00e7\" \/><\/div><div class=\"portfolio-overlay overlay-icon\"><\/div><i class=\"icon-minti-plus\"><\/i><\/a><\/div>\n\t\t\t\t\t\t\t\t<\/div>\n\n\t\t\t\t\t\t\t\t\t\t\t\t  \n\t\t\t\t\t\t\n\t\t\t\t\t\t\t\n\t\t\t\t\t\t\t\n\t\t\t\t\t\t\n\t\t\t\t\t\t\t\t\t\t\t\t\t\t\t\t\n\t\t\t\t\t\t\t\t   \n\n\t\t\t\t\t\t\t\t<div class=\"term-revista portfolio-item masonry regular\">\n\t\t\t\t\t\t\t\t\t<div class=\"portfolio-image\"><a href=\"https:\/\/www.foment.com\/es\/items\/2152-los-retratos-del-tiempo\/\" title=\"2152. Los Retratos del Tiempo\"><div class=\"portfolio-image-img\"><img src=\"https:\/\/www.foment.com\/wp-content\/uploads\/2017\/07\/F-La-Revista-del-FomentEstiu-2017.png\" alt=\"2152. Los Retratos del Tiempo\" \/><\/div><div class=\"portfolio-overlay overlay-icon\"><\/div><i class=\"icon-minti-plus\"><\/i><\/a><\/div>\n\t\t\t\t\t\t\t\t<\/div>\n\n\t\t\t\t\t\t\t\t\t\t\t\t  \n\t\t\t\t\t\t\n\t\t\t\t\t\t\t\n\t\t\t\t\t\t\t\n\t\t\t\t\t\t\n\t\t\t\t\t\t\t\t\t\t\t\t\t\t\t\t\n\t\t\t\t\t\t\t\t   \n\n\t\t\t\t\t\t\t\t<div class=\"term-revista portfolio-item masonry regular\">\n\t\t\t\t\t\t\t\t\t<div class=\"portfolio-image\"><a href=\"https:\/\/www.foment.com\/es\/items\/2151-octubre-1917\/\" title=\"2151. Octubre 1917\"><div class=\"portfolio-image-img\"><img src=\"https:\/\/www.foment.com\/wp-content\/uploads\/2017\/04\/2151_CAT.jpg\" alt=\"2151. Octubre 1917\" \/><\/div><div class=\"portfolio-overlay overlay-icon\"><\/div><i class=\"icon-minti-plus\"><\/i><\/a><\/div>\n\t\t\t\t\t\t\t\t<\/div>\n\n\t\t\t\t\t\t\t\t\t\t\t\t  \n\t\t\t\t\t\t\n\t\t\t\t\t\t\t\n\t\t\t\t\t\t\t\n\t\t\t\t\t\t\n\t\t\t\t\t\t\t\t\t\t\t\t\t\t\t\t\n\t\t\t\t\t\t\t\t   \n\n\t\t\t\t\t\t\t\t<div class=\"term-revista portfolio-item masonry regular\">\n\t\t\t\t\t\t\t\t\t<div class=\"portfolio-image\"><a href=\"https:\/\/www.foment.com\/es\/items\/2150-240-anos-ligados-progreso\/\" title=\"2150. 240 a\u00f1os ligados al progreso\"><div class=\"portfolio-image-img\"><img src=\"https:\/\/www.foment.com\/wp-content\/uploads\/2016\/12\/2150_240anys_progres_Foment-CAT.jpg\" alt=\"2150. 240 a\u00f1os ligados al progreso\" \/><\/div><div class=\"portfolio-overlay overlay-icon\"><\/div><i class=\"icon-minti-plus\"><\/i><\/a><\/div>\n\t\t\t\t\t\t\t\t<\/div>\n\n\t\t\t\t\t\t\t\t\t\t\t\t  \n\t\t\t\t\t\t\t\t\t\t\t<\/div>\n\n\t\t\n\t\t<\/div>\n\t\t\t\n\t\t\t\t\t<div class=\"pagination-masonry\"><div id=\"pagination\" class=\"clearfix\"><ul>\n<li class=\"current\"><a href=\"https:\/\/www.foment.com\/es\/wp-json\/wp\/v2\/pages\/21591\">1<\/a><\/li>\n<li><a href=\"https:\/\/www.foment.com\/es\/wp-json\/wp\/v2\/pages\/21591\/page\/2\/\">2<\/a><\/li>\n<li><a href=\"https:\/\/www.foment.com\/es\/wp-json\/wp\/v2\/pages\/21591\/page\/3\/\">3<\/a><\/li>\n<li><span>...<\/span><\/li>\n<li><a href=\"https:\/\/www.foment.com\/es\/wp-json\/wp\/v2\/pages\/21591\/page\/9\/\">9<\/a><\/li>\n<li class=\"pagination-next\"><a href=\"https:\/\/www.foment.com\/es\/wp-json\/wp\/v2\/pages\/21591\/page\/2\/\" ><i class=\"fa fa-chevron-right\"><\/i><\/a><\/li>\n<\/ul><\/div>\n<p class=\"hidden\"><a href=\"https:\/\/www.foment.com\/es\/wp-json\/wp\/v2\/pages\/21591\/page\/2\/\" >P\u00e1gina siguiente &raquo;<\/a><\/p><\/div>\n\t\t\t\t\n\t\t[\/vc_column][\/vc_row][vc_row bg_color=\u00bb#ededed\u00bb top_padding=\u00bb60&#8243;][vc_column width=\u00bb1\/4&#8243;]<h1 class=\"headline font-inherit fontsize-l fontweight-inherit lh-inherit align-left transform-inherit \" style=\"margin: 0 0 0 0;\">Monograf\u00edas PRL<\/h1>[\/vc_column][vc_column width=\u00bb3\/4&#8243;]\n\t\t<div class=\"portfolio-element\">\n\n\t\t\n\t\t\n\t\t\t\t\t<div id=\"1723089218\" class=\"portfolio-items portfolio-masonry portfolio-overlay-icon clearfix\" data-id=\"1723089218\">  \n\t\t\t\t\t\t\n\t\t\t\t\t\t\t\n\t\t\t\t\t\t\t\n\t\t\t\t\t\t\n\t\t\t\t\t\t\t\t\t\t\t\t\t\t\t\t\n\t\t\t\t\t\t\t\t   \n\n\t\t\t\t\t\t\t\t<div class=\"term-libros-prl portfolio-item masonry regular\">\n\t\t\t\t\t\t\t\t\t<div class=\"portfolio-image\"><a href=\"https:\/\/www.foment.com\/es\/items\/analisis-de-la-ley-de-prevencion-de-riesgos-laborales-en-su-30-aniversario\/\" title=\"An\u00e1lisis de la Ley de Prevenci\u00f3n de Riesgos Laborales en su 30 aniversario\"><div class=\"portfolio-image-img\"><img src=\"https:\/\/www.foment.com\/wp-content\/uploads\/2025\/12\/Banner_h_cmr-500x500.jpg\" alt=\"An\u00e1lisis de la Ley de Prevenci\u00f3n de Riesgos Laborales en su 30 aniversario\" \/><\/div><div class=\"portfolio-overlay overlay-icon\"><\/div><i class=\"icon-minti-plus\"><\/i><\/a><\/div>\n\t\t\t\t\t\t\t\t<\/div>\n\n\t\t\t\t\t\t\t\t\t\t\t\t  \n\t\t\t\t\t\t\n\t\t\t\t\t\t\t\n\t\t\t\t\t\t\t\n\t\t\t\t\t\t\n\t\t\t\t\t\t\t\t\t\t\t\t\t\t\t\t\n\t\t\t\t\t\t\t\t   \n\n\t\t\t\t\t\t\t\t<div class=\"term-libros-prl portfolio-item masonry regular\">\n\t\t\t\t\t\t\t\t\t<div class=\"portfolio-image\"><a href=\"https:\/\/www.foment.com\/es\/items\/guia-para-mejorar-la-percepcion-del-riesgo-en-organizaciones-excelentes\/\" title=\"Gu\u00eda para mejorar la percepci\u00f3n del riesgo en organizaciones excelentes\"><div class=\"portfolio-image-img\"><img src=\"https:\/\/www.foment.com\/wp-content\/uploads\/2025\/10\/Banner_v_percepcion-500x500.jpg\" alt=\"Gu\u00eda para mejorar la percepci\u00f3n del riesgo en organizaciones excelentes\" \/><\/div><div class=\"portfolio-overlay overlay-icon\"><\/div><i class=\"icon-minti-plus\"><\/i><\/a><\/div>\n\t\t\t\t\t\t\t\t<\/div>\n\n\t\t\t\t\t\t\t\t\t\t\t\t  \n\t\t\t\t\t\t\n\t\t\t\t\t\t\t\n\t\t\t\t\t\t\t\n\t\t\t\t\t\t\n\t\t\t\t\t\t\t\t\t\t\t\t\t\t\t\t\n\t\t\t\t\t\t\t\t   \n\n\t\t\t\t\t\t\t\t<div class=\"term-libros-prl portfolio-item masonry regular\">\n\t\t\t\t\t\t\t\t\t<div class=\"portfolio-image\"><a href=\"https:\/\/www.foment.com\/es\/items\/la-salud-generacional-en-el-marco-del-bienestar-laboral-y-su-relacion-con-el-riesgo-psicosocial\/\" title=\"La salud generacional en el marco del bienestar laboral y su relaci\u00f3n con el riesgo psicosocial\"><div class=\"portfolio-image-img\"><img src=\"https:\/\/www.foment.com\/wp-content\/uploads\/2025\/10\/Banner_v_generacional-500x500.jpg\" alt=\"La salud generacional en el marco del bienestar laboral y su relaci\u00f3n con el riesgo psicosocial\" \/><\/div><div class=\"portfolio-overlay overlay-icon\"><\/div><i class=\"icon-minti-plus\"><\/i><\/a><\/div>\n\t\t\t\t\t\t\t\t<\/div>\n\n\t\t\t\t\t\t\t\t\t\t\t\t  \n\t\t\t\t\t\t\n\t\t\t\t\t\t\t\n\t\t\t\t\t\t\t\n\t\t\t\t\t\t\n\t\t\t\t\t\t\t\t\t\t\t\t\t\t\t\t\n\t\t\t\t\t\t\t\t   \n\n\t\t\t\t\t\t\t\t<div class=\"term-libros-prl portfolio-item masonry regular\">\n\t\t\t\t\t\t\t\t\t<div class=\"portfolio-image\"><a href=\"https:\/\/www.foment.com\/es\/items\/manual-para-un-liderazgo-psicosocialmente-saludable\/\" title=\"Manual para un liderazgo psicosocialmente saludable\"><div class=\"portfolio-image-img\"><img src=\"https:\/\/www.foment.com\/wp-content\/uploads\/2025\/10\/Banner_v_liderazgo-500x500.jpg\" alt=\"Manual para un liderazgo psicosocialmente saludable\" \/><\/div><div class=\"portfolio-overlay overlay-icon\"><\/div><i class=\"icon-minti-plus\"><\/i><\/a><\/div>\n\t\t\t\t\t\t\t\t<\/div>\n\n\t\t\t\t\t\t\t\t\t\t\t\t  \n\t\t\t\t\t\t\n\t\t\t\t\t\t\t\n\t\t\t\t\t\t\t\n\t\t\t\t\t\t\n\t\t\t\t\t\t\t\t\t\t\t\t\t\t\t\t\n\t\t\t\t\t\t\t\t   \n\n\t\t\t\t\t\t\t\t<div class=\"term-libros-prl portfolio-item masonry regular\">\n\t\t\t\t\t\t\t\t\t<div class=\"portfolio-image\"><a href=\"https:\/\/www.foment.com\/es\/items\/guia-para-la-gestion-preventiva-vinculada-a-la-movilidad-de-las-personas-trabajadoras\/\" title=\"Gu\u00eda para la gesti\u00f3n preventiva vinculada a la movilidad de las personas trabajadoras\"><div class=\"portfolio-image-img\"><img src=\"https:\/\/www.foment.com\/wp-content\/uploads\/2025\/10\/Banner_v_internacional-500x500.jpg\" alt=\"Gu\u00eda para la gesti\u00f3n preventiva vinculada a la movilidad de las personas trabajadoras\" \/><\/div><div class=\"portfolio-overlay overlay-icon\"><\/div><i class=\"icon-minti-plus\"><\/i><\/a><\/div>\n\t\t\t\t\t\t\t\t<\/div>\n\n\t\t\t\t\t\t\t\t\t\t\t\t  \n\t\t\t\t\t\t\t\t\t\t\t<\/div>\n\n\t\t\n\t\t<\/div>\n\t\t\t\n\t\t\t\t\t<div class=\"pagination-masonry\"><div id=\"pagination\" class=\"clearfix\"><ul>\n<li class=\"current\"><a href=\"https:\/\/www.foment.com\/es\/wp-json\/wp\/v2\/pages\/21591\">1<\/a><\/li>\n<li><a href=\"https:\/\/www.foment.com\/es\/wp-json\/wp\/v2\/pages\/21591\/page\/2\/\">2<\/a><\/li>\n<li><a href=\"https:\/\/www.foment.com\/es\/wp-json\/wp\/v2\/pages\/21591\/page\/3\/\">3<\/a><\/li>\n<li><span>...<\/span><\/li>\n<li><a href=\"https:\/\/www.foment.com\/es\/wp-json\/wp\/v2\/pages\/21591\/page\/20\/\">20<\/a><\/li>\n<li class=\"pagination-next\"><a href=\"https:\/\/www.foment.com\/es\/wp-json\/wp\/v2\/pages\/21591\/page\/2\/\" ><i class=\"fa fa-chevron-right\"><\/i><\/a><\/li>\n<\/ul><\/div>\n<p class=\"hidden\"><a href=\"https:\/\/www.foment.com\/es\/wp-json\/wp\/v2\/pages\/21591\/page\/2\/\" >P\u00e1gina siguiente &raquo;<\/a><\/p><\/div>\n\t\t\t\t\n\t\t[\/vc_column][\/vc_row][vc_row top_padding=\u00bb40&#8243;][vc_column width=\u00bb1\/4&#8243;]<h1 class=\"headline font-inherit fontsize-l fontweight-inherit lh-inherit align-left transform-inherit \" style=\"margin: 0 0 0 0;\">Colecci\u00f3n Informes<\/h1>[\/vc_column][vc_column width=\u00bb3\/4&#8243;]\n\t\t<div class=\"portfolio-element\">\n\n\t\t\n\t\t\n\t\t\t\t\t<div id=\"1634464857\" class=\"portfolio-items portfolio-masonry portfolio-overlay-icon clearfix\" data-id=\"1634464857\">  \n\t\t\t\t\t\t\n\t\t\t\t\t\t\t\n\t\t\t\t\t\t\t\n\t\t\t\t\t\t\n\t\t\t\t\t\t\t\t\t\t\t\t\t\t\t\t\n\t\t\t\t\t\t\t\t   \n\n\t\t\t\t\t\t\t\t<div class=\"term-coleccion-informes term-informe-de-coyuntura portfolio-item masonry regular\">\n\t\t\t\t\t\t\t\t\t<div class=\"portfolio-image\"><a href=\"https:\/\/www.foment.com\/es\/items\/informe-de-coyuntura-economica-septiembre-2024\/\" title=\"Informe de Coyuntura Econ\u00f3mica \u2013 Septiembre 2024\"><div class=\"portfolio-image-img\"><img src=\"https:\/\/www.foment.com\/wp-content\/uploads\/2024\/09\/photo_5960716546269627679_x-1-462x500.jpg\" alt=\"Informe de Coyuntura Econ\u00f3mica \u2013 Septiembre 2024\" \/><\/div><div class=\"portfolio-overlay overlay-icon\"><\/div><i class=\"icon-minti-plus\"><\/i><\/a><\/div>\n\t\t\t\t\t\t\t\t<\/div>\n\n\t\t\t\t\t\t\t\t\t\t\t\t  \n\t\t\t\t\t\t\n\t\t\t\t\t\t\t\n\t\t\t\t\t\t\t\n\t\t\t\t\t\t\n\t\t\t\t\t\t\t\t\t\t\t\t\t\t\t\t\n\t\t\t\t\t\t\t\t   \n\n\t\t\t\t\t\t\t\t<div class=\"term-coleccion-informes term-informe-mensual-del-comerc-exterior-es portfolio-item masonry regular\">\n\t\t\t\t\t\t\t\t\t<div class=\"portfolio-image\"><a href=\"https:\/\/www.foment.com\/es\/items\/informe-de-comercio-exterior-septiembre-2023\/\" title=\"Informe de Comercio Exterior \u2013 Septiembre 2023\"><div class=\"portfolio-image-img\"><img src=\"https:\/\/www.foment.com\/wp-content\/uploads\/2023\/11\/Informe-Mensual-de-Comercio-Exterior_SEPTIEMBRE_2023-Portada_page-0001-500x500.jpg\" alt=\"Informe de Comercio Exterior \u2013 Septiembre 2023\" \/><\/div><div class=\"portfolio-overlay overlay-icon\"><\/div><i class=\"icon-minti-plus\"><\/i><\/a><\/div>\n\t\t\t\t\t\t\t\t<\/div>\n\n\t\t\t\t\t\t\t\t\t\t\t\t  \n\t\t\t\t\t\t\n\t\t\t\t\t\t\t\n\t\t\t\t\t\t\t\n\t\t\t\t\t\t\n\t\t\t\t\t\t\t\t\t\t\t\t\t\t\t\t\n\t\t\t\t\t\t\t\t   \n\n\t\t\t\t\t\t\t\t<div class=\"term-coleccion-informes term-informe-mensual-del-comerc-exterior-es portfolio-item masonry regular\">\n\t\t\t\t\t\t\t\t\t<div class=\"portfolio-image\"><a href=\"https:\/\/www.foment.com\/es\/items\/informe-de-comercio-exterior-agosto-2023\/\" title=\"Informe de Comercio Exterior \u2013 Agosto 2023\"><div class=\"portfolio-image-img\"><img src=\"https:\/\/www.foment.com\/wp-content\/uploads\/2023\/12\/Informe-Mensual-de-Comercio-Exterior_08AGOSTO_2023-1_page-0001-500x500.jpg\" alt=\"Informe de Comercio Exterior \u2013 Agosto 2023\" \/><\/div><div class=\"portfolio-overlay overlay-icon\"><\/div><i class=\"icon-minti-plus\"><\/i><\/a><\/div>\n\t\t\t\t\t\t\t\t<\/div>\n\n\t\t\t\t\t\t\t\t\t\t\t\t  \n\t\t\t\t\t\t\n\t\t\t\t\t\t\t\n\t\t\t\t\t\t\t\n\t\t\t\t\t\t\n\t\t\t\t\t\t\t\t\t\t\t\t\t\t\t\t\n\t\t\t\t\t\t\t\t   \n\n\t\t\t\t\t\t\t\t<div class=\"term-coleccion-informes term-informe-mensual-del-comerc-exterior-es portfolio-item masonry regular\">\n\t\t\t\t\t\t\t\t\t<div class=\"portfolio-image\"><a href=\"https:\/\/www.foment.com\/es\/items\/informe-de-comercio-exterior-julio-2023\/\" title=\"Informe de Comercio Exterior \u2013 Julio 2023\"><div class=\"portfolio-image-img\"><img src=\"https:\/\/www.foment.com\/wp-content\/uploads\/2023\/12\/Informe-Mensual-de-Comercio-Exterior_07JULIO_2023-1_page-0001-500x500.jpg\" alt=\"Informe de Comercio Exterior \u2013 Julio 2023\" \/><\/div><div class=\"portfolio-overlay overlay-icon\"><\/div><i class=\"icon-minti-plus\"><\/i><\/a><\/div>\n\t\t\t\t\t\t\t\t<\/div>\n\n\t\t\t\t\t\t\t\t\t\t\t\t  \n\t\t\t\t\t\t\n\t\t\t\t\t\t\t\n\t\t\t\t\t\t\t\n\t\t\t\t\t\t\n\t\t\t\t\t\t\t\t\t\t\t\t\t\t\t\t\n\t\t\t\t\t\t\t\t   \n\n\t\t\t\t\t\t\t\t<div class=\"term-coleccion-informes term-informe-mensual-del-comerc-exterior-es portfolio-item masonry regular\">\n\t\t\t\t\t\t\t\t\t<div class=\"portfolio-image\"><a href=\"https:\/\/www.foment.com\/es\/items\/informe-de-comercio-exterior-junio-2023\/\" title=\"Informe de Comercio Exterior \u2013 Junio 2023\"><div class=\"portfolio-image-img\"><img src=\"https:\/\/www.foment.com\/wp-content\/uploads\/2023\/12\/Informe-Mensual-de-Comercio-Exterior_06JUNIO_2023-1_page-0001-500x500.jpg\" alt=\"Informe de Comercio Exterior \u2013 Junio 2023\" \/><\/div><div class=\"portfolio-overlay overlay-icon\"><\/div><i class=\"icon-minti-plus\"><\/i><\/a><\/div>\n\t\t\t\t\t\t\t\t<\/div>\n\n\t\t\t\t\t\t\t\t\t\t\t\t  \n\t\t\t\t\t\t\t\t\t\t\t<\/div>\n\n\t\t\n\t\t<\/div>\n\t\t\t\n\t\t\t\t\t<div class=\"pagination-masonry\"><div id=\"pagination\" class=\"clearfix\"><ul>\n<li class=\"current\"><a href=\"https:\/\/www.foment.com\/es\/wp-json\/wp\/v2\/pages\/21591\">1<\/a><\/li>\n<li><a href=\"https:\/\/www.foment.com\/es\/wp-json\/wp\/v2\/pages\/21591\/page\/2\/\">2<\/a><\/li>\n<li><a href=\"https:\/\/www.foment.com\/es\/wp-json\/wp\/v2\/pages\/21591\/page\/3\/\">3<\/a><\/li>\n<li><span>...<\/span><\/li>\n<li><a href=\"https:\/\/www.foment.com\/es\/wp-json\/wp\/v2\/pages\/21591\/page\/10\/\">10<\/a><\/li>\n<li class=\"pagination-next\"><a href=\"https:\/\/www.foment.com\/es\/wp-json\/wp\/v2\/pages\/21591\/page\/2\/\" ><i class=\"fa fa-chevron-right\"><\/i><\/a><\/li>\n<\/ul><\/div>\n<p class=\"hidden\"><a href=\"https:\/\/www.foment.com\/es\/wp-json\/wp\/v2\/pages\/21591\/page\/2\/\" >P\u00e1gina siguiente &raquo;<\/a><\/p><\/div>\n\t\t\t\t\n\t\t[\/vc_column][\/vc_row][vc_row bg_color=\u00bb#ededed\u00bb top_padding=\u00bb40&#8243;][vc_column width=\u00bb1\/4&#8243;]<h1 class=\"headline font-inherit fontsize-l fontweight-inherit lh-inherit align-left transform-inherit \" style=\"margin: 0 0 0 0;\">Libros<\/h1>[\/vc_column][vc_column width=\u00bb3\/4&#8243;]\n\t\t<div class=\"portfolio-element\">\n\n\t\t\n\t\t\n\t\t\t\t\t<div id=\"1421417485\" class=\"portfolio-items portfolio-masonry portfolio-overlay-icon clearfix\" data-id=\"1421417485\">  \n\t\t\t\t\t\t\n\t\t\t\t\t\t\t\n\t\t\t\t\t\t\t\n\t\t\t\t\t\t\n\t\t\t\t\t\t\t\t\t\t\t\t\t\t\t\t\n\t\t\t\t\t\t\t\t   \n\n\t\t\t\t\t\t\t\t<div class=\"term-coleccion-informes term-informes-destacados term-libros portfolio-item masonry regular\">\n\t\t\t\t\t\t\t\t\t<div class=\"portfolio-image\"><a href=\"https:\/\/www.foment.com\/es\/items\/repensar-metropoi-hacer-metrolopi\/\" title=\"Repensar la metr\u00f3poli. Hacer metr\u00f3poli\"><div class=\"portfolio-image-img\"><img src=\"https:\/\/www.foment.com\/wp-content\/uploads\/2022\/03\/Caratula-repesan-la-metropoli-500x500.jpg\" alt=\"Repensar la metr\u00f3poli. Hacer metr\u00f3poli\" \/><\/div><div class=\"portfolio-overlay overlay-icon\"><\/div><i class=\"icon-minti-plus\"><\/i><\/a><\/div>\n\t\t\t\t\t\t\t\t<\/div>\n\n\t\t\t\t\t\t\t\t\t\t\t\t  \n\t\t\t\t\t\t\n\t\t\t\t\t\t\t\n\t\t\t\t\t\t\t\n\t\t\t\t\t\t\n\t\t\t\t\t\t\t\t\t\t\t\t\t\t\t\t\n\t\t\t\t\t\t\t\t   \n\n\t\t\t\t\t\t\t\t<div class=\"term-analisis-economia-es term-coleccion-informes term-informes-destacados term-libros portfolio-item masonry regular\">\n\t\t\t\t\t\t\t\t\t<div class=\"portfolio-image\"><a href=\"https:\/\/www.foment.com\/es\/items\/llibre-verd-per-a-la-reforma-fiscal-a-espanya\/\" title=\"Libro Verde para la Reforma Fiscal en Espa\u00f1a\"><div class=\"portfolio-image-img\"><img src=\"https:\/\/www.foment.com\/wp-content\/uploads\/2022\/02\/LIBRO-VERDE-500x500.png\" alt=\"Libro Verde para la Reforma Fiscal en Espa\u00f1a\" \/><\/div><div class=\"portfolio-overlay overlay-icon\"><\/div><i class=\"icon-minti-plus\"><\/i><\/a><\/div>\n\t\t\t\t\t\t\t\t<\/div>\n\n\t\t\t\t\t\t\t\t\t\t\t\t  \n\t\t\t\t\t\t\n\t\t\t\t\t\t\t\n\t\t\t\t\t\t\t\n\t\t\t\t\t\t\n\t\t\t\t\t\t\t\t\t\t\t\t\t\t\t\t\n\t\t\t\t\t\t\t\t   \n\n\t\t\t\t\t\t\t\t<div class=\"term-libros portfolio-item masonry regular\">\n\t\t\t\t\t\t\t\t\t<div class=\"portfolio-image\"><a href=\"https:\/\/www.foment.com\/es\/items\/libro-blanco-diseno-preventivo-e-inclusivo-centro-trabajo-sanitario-2011\/\" title=\"Libro Blanco: el dise\u00f1o preventivo e inclusivo de un centro de trabajo sanitario  (2011)\"><div class=\"portfolio-image-img\"><img src=\"https:\/\/www.foment.com\/wp-content\/uploads\/2016\/10\/llibre1_detall.jpg\" alt=\"Libro Blanco: el dise\u00f1o preventivo e inclusivo de un centro de trabajo sanitario  (2011)\" \/><\/div><div class=\"portfolio-overlay overlay-icon\"><\/div><i class=\"icon-minti-plus\"><\/i><\/a><\/div>\n\t\t\t\t\t\t\t\t<\/div>\n\n\t\t\t\t\t\t\t\t\t\t\t\t  \n\t\t\t\t\t\t\n\t\t\t\t\t\t\t\n\t\t\t\t\t\t\t\n\t\t\t\t\t\t\n\t\t\t\t\t\t\t\t\t\t\t\t\t\t\t\t\n\t\t\t\t\t\t\t\t   \n\n\t\t\t\t\t\t\t\t<div class=\"term-libros portfolio-item masonry regular\">\n\t\t\t\t\t\t\t\t\t<div class=\"portfolio-image\"><a href=\"https:\/\/www.foment.com\/es\/items\/guia-practica-la-sustitucion-agentes-quimicos-2011\/\" title=\"Gu\u00eda pr\u00e1ctica para la sustituci\u00f3n de agentes qu\u00edmicos (2011)\"><div class=\"portfolio-image-img\"><img src=\"https:\/\/www.foment.com\/wp-content\/uploads\/2016\/10\/llibre2_detall.jpg\" alt=\"Gu\u00eda pr\u00e1ctica para la sustituci\u00f3n de agentes qu\u00edmicos (2011)\" \/><\/div><div class=\"portfolio-overlay overlay-icon\"><\/div><i class=\"icon-minti-plus\"><\/i><\/a><\/div>\n\t\t\t\t\t\t\t\t<\/div>\n\n\t\t\t\t\t\t\t\t\t\t\t\t  \n\t\t\t\t\t\t\n\t\t\t\t\t\t\t\n\t\t\t\t\t\t\t\n\t\t\t\t\t\t\n\t\t\t\t\t\t\t\t\t\t\t\t\t\t\t\t\n\t\t\t\t\t\t\t\t   \n\n\t\t\t\t\t\t\t\t<div class=\"term-libros portfolio-item masonry regular\">\n\t\t\t\t\t\t\t\t\t<div class=\"portfolio-image\"><a href=\"https:\/\/www.foment.com\/es\/items\/claves-integrar-la-vigilancia-la-salud-las-empresas-2011\/\" title=\"Claves para integrar la vigilancia de la Salud en las Empresas (2011)\"><div class=\"portfolio-image-img\"><img src=\"https:\/\/www.foment.com\/wp-content\/uploads\/2016\/10\/llibre3_detall.jpg\" alt=\"Claves para integrar la vigilancia de la Salud en las Empresas (2011)\" \/><\/div><div class=\"portfolio-overlay overlay-icon\"><\/div><i class=\"icon-minti-plus\"><\/i><\/a><\/div>\n\t\t\t\t\t\t\t\t<\/div>\n\n\t\t\t\t\t\t\t\t\t\t\t\t  \n\t\t\t\t\t\t\t\t\t\t\t<\/div>\n\n\t\t\n\t\t<\/div>\n\t\t\t\n\t\t\t\t\t<div class=\"pagination-masonry\"><div id=\"pagination\" class=\"clearfix\"><ul>\n<li class=\"current\"><a href=\"https:\/\/www.foment.com\/es\/wp-json\/wp\/v2\/pages\/21591\">1<\/a><\/li>\n<li><a href=\"https:\/\/www.foment.com\/es\/wp-json\/wp\/v2\/pages\/21591\/page\/2\/\">2<\/a><\/li>\n<li><a href=\"https:\/\/www.foment.com\/es\/wp-json\/wp\/v2\/pages\/21591\/page\/3\/\">3<\/a><\/li>\n<li class=\"pagination-next\"><a href=\"https:\/\/www.foment.com\/es\/wp-json\/wp\/v2\/pages\/21591\/page\/2\/\" ><i class=\"fa fa-chevron-right\"><\/i><\/a><\/li>\n<\/ul><\/div>\n<p class=\"hidden\"><a href=\"https:\/\/www.foment.com\/es\/wp-json\/wp\/v2\/pages\/21591\/page\/2\/\" >P\u00e1gina siguiente &raquo;<\/a><\/p><\/div>\n\t\t\t\t\n\t\t[\/vc_column][\/vc_row][vc_row top_padding=\u00bb40&#8243;][vc_column width=\u00bb1\/4&#8243;]<h1 class=\"headline font-inherit fontsize-l fontweight-inherit lh-inherit align-left transform-inherit \" style=\"margin: 0 0 0 0;\">Memoria Anual<\/h1>[\/vc_column][vc_column width=\u00bb3\/4&#8243;][\/vc_column][\/vc_row]<\/p>\n<\/section>","protected":false},"excerpt":{"rendered":"<p>[vc_row top_padding=\u00bb60&#8243;][vc_column width=\u00bb1\/4&#8243;][vc_column_text]Revista de pensamiento y an\u00e1lisis que edita Foment del Treball. [\/vc_column_text][\/vc_column][vc_column width=\u00bb3\/4&#8243;][\/vc_column][\/vc_row][vc_row bg_color=\u00bb#ededed\u00bb top_padding=\u00bb60&#8243;][vc_column width=\u00bb1\/4&#8243;][\/vc_column][vc_column width=\u00bb3\/4&#8243;][\/vc_column][\/vc_row][vc_row top_padding=\u00bb40&#8243;][vc_column width=\u00bb1\/4&#8243;][\/vc_column][vc_column width=\u00bb3\/4&#8243;][\/vc_column][\/vc_row][vc_row bg_color=\u00bb#ededed\u00bb top_padding=\u00bb40&#8243;][vc_column width=\u00bb1\/4&#8243;][\/vc_column][vc_column width=\u00bb3\/4&#8243;][\/vc_column][\/vc_row][vc_row top_padding=\u00bb40&#8243;][vc_column width=\u00bb1\/4&#8243;][\/vc_column][vc_column width=\u00bb3\/4&#8243;][\/vc_column][\/vc_row]<\/p>\n","protected":false},"author":1,"featured_media":0,"parent":0,"menu_order":0,"comment_status":"closed","ping_status":"closed","template":"","meta":{"_links_to":"","_links_to_target":""},"acf":[],"wps_subtitle":"","_links":{"self":[{"href":"https:\/\/www.foment.com\/es\/wp-json\/wp\/v2\/pages\/21591"}],"collection":[{"href":"https:\/\/www.foment.com\/es\/wp-json\/wp\/v2\/pages"}],"about":[{"href":"https:\/\/www.foment.com\/es\/wp-json\/wp\/v2\/types\/page"}],"author":[{"embeddable":true,"href":"https:\/\/www.foment.com\/es\/wp-json\/wp\/v2\/users\/1"}],"replies":[{"embeddable":true,"href":"https:\/\/www.foment.com\/es\/wp-json\/wp\/v2\/comments?post=21591"}],"version-history":[{"count":0,"href":"https:\/\/www.foment.com\/es\/wp-json\/wp\/v2\/pages\/21591\/revisions"}],"wp:attachment":[{"href":"https:\/\/www.foment.com\/es\/wp-json\/wp\/v2\/media?parent=21591"}],"curies":[{"name":"wp","href":"https:\/\/api.w.org\/{rel}","templated":true}]}}