{"id":216316,"date":"2026-03-17T16:04:06","date_gmt":"2026-03-17T15:04:06","guid":{"rendered":"https:\/\/www.foment.com\/?page_id=216316"},"modified":"2026-03-27T12:20:10","modified_gmt":"2026-03-27T11:20:10","slug":"catalunya-exporta","status":"publish","type":"page","link":"https:\/\/www.foment.com\/es\/catalunya-exporta\/","title":{"rendered":"Catalunya Exporta"},"content":{"rendered":"<section class=\"wpb-content-wrapper\"><p>[vc_row type=\u00bbfull_width_section\u00bb][vc_column width=\u00bb1\/1&#8243;]<div class=\"single_image wpb_content_element align-center    \" data-animation=\"none\" data-delay=\"0\"><img width=\"2048\" height=\"661\" src=\"https:\/\/www.foment.com\/wp-content\/uploads\/2026\/03\/Direccio-avancada-de-plantes-industrials-4.jpg\" class=\"attachment-full\" alt=\"\" loading=\"lazy\" title=\"Direcci\u00f3 avan\u00e7ada de plantes industrials (4)\" srcset=\"https:\/\/www.foment.com\/wp-content\/uploads\/2026\/03\/Direccio-avancada-de-plantes-industrials-4.jpg 2048w, https:\/\/www.foment.com\/wp-content\/uploads\/2026\/03\/Direccio-avancada-de-plantes-industrials-4-300x97.jpg 300w, https:\/\/www.foment.com\/wp-content\/uploads\/2026\/03\/Direccio-avancada-de-plantes-industrials-4-1024x331.jpg 1024w, https:\/\/www.foment.com\/wp-content\/uploads\/2026\/03\/Direccio-avancada-de-plantes-industrials-4-768x248.jpg 768w, https:\/\/www.foment.com\/wp-content\/uploads\/2026\/03\/Direccio-avancada-de-plantes-industrials-4-1536x496.jpg 1536w\" sizes=\"(max-width: 2048px) 100vw, 2048px\" \/><\/div>[\/vc_column][\/vc_row][vc_row bg_color=\u00bb#ededed\u00bb][vc_column column_padding=\u00bbpadding-3&#8243; width=\u00bb1\/1&#8243;][vc_column_text]<\/p>\n<h2 style=\"text-align: center; color: #c12238;\">CATALU\u00d1A EXPORTA<\/h2>\n<h3 style=\"text-align: center;\">Te acompa\u00f1amos paso a paso en tu entrada en los mercados internacionales<\/h3>\n<p>[\/vc_column_text][vc_btn title=\u00bbDa el salto aqu\u00ed\u00bb color=\u00bbjuicy-pink\u00bb size=\u00bblg\u00bb align=\u00bbcenter\u00bb link=\u00bburl:https%3A%2F%2Fformularis.accio.gencat.cat%2Fweb%2Fformularis%2Finscripcions%2F-%2Finscripcio%2F2026%2F02%2F03%2FOnkrUbTR_SM9nz_z85jUAA%2Fsollicitud-de-diagnostic-pie-foment%2F%3Flang%3Dca_ES%26portal%3Daccio%26_gl%3D1*9dm0zh*_ga*MTI0NzIzNzQyMC4xNzEyODIyOTgy*_ga_6HSVZS0K1X*czE3NzI3MjM4MjckbzE4OSRnMCR0MTc3MjcyMzgzMiRqNTUkbDAkaDA|target:_blank\u00bb][\/vc_column][\/vc_row][vc_row bg_color=\u00bb#ffffff\u00bb][vc_column column_padding=\u00bbpadding-3&#8243; width=\u00bb1\/1&#8243;]<div class=\"single_image wpb_content_element align-center    \" data-animation=\"none\" data-delay=\"0\"><img width=\"300\" height=\"68\" src=\"https:\/\/www.foment.com\/wp-content\/uploads\/2026\/03\/ACCIO-integrat-Horitzontal-CAT-color-300x68.png\" class=\"attachment-medium\" alt=\"\" loading=\"lazy\" title=\"ACCIO-integrat-Horitzontal-CAT-color\" srcset=\"https:\/\/www.foment.com\/wp-content\/uploads\/2026\/03\/ACCIO-integrat-Horitzontal-CAT-color-300x68.png 300w, https:\/\/www.foment.com\/wp-content\/uploads\/2026\/03\/ACCIO-integrat-Horitzontal-CAT-color.png 559w\" sizes=\"(max-width: 300px) 100vw, 300px\" \/><\/div>[\/vc_column][\/vc_row][vc_row bg_color=\u00bb#ffffff\u00bb top_padding=\u00bb60&#8243; bottom_padding=\u00bb40&#8243;][vc_column width=\u00bb2\/3&#8243;][vc_text_separator title=\u00bb\u00bfQu\u00e9 es Catalu\u00f1a Exporta?\u00bb][vc_column_text]<\/p>\n<p style=\"text-align: justify;\"><span style=\"font-size: 16px; font-family: verdana, geneva, sans-serif;\">Catalu\u00f1a Exporta es el programa de iniciaci\u00f3n a la exportaci\u00f3n impulsado por ACCI\u00d3 para acompa\u00f1ar a las empresas en sus primeros pasos en los mercados internacionales. Desde Foment del Treball, como entidad colaboradora, te ayudamos a aprovechar este servicio para analizar el potencial exportador de tu empresa, definir una hoja de ruta y avanzar con m\u00e1s seguridad, confianza y estrategia.<\/span><\/p>\n<p style=\"text-align: justify;\"><span style=\"font-family: verdana, geneva, sans-serif;\"><span style=\"font-size: 16px;\">El programa te ofrece sesiones de capacitaci\u00f3n, un diagn\u00f3stico personalizado y herramientas para identificar los mercados que mejor encajan con tu proyecto, superar los principales obst\u00e1culos, reducir barreras de entrada y consolidar tus exportaciones.<\/span><\/span><\/p>\n<p style=\"text-align: justify;\"><span style=\"font-size: 16px; font-family: verdana, geneva, sans-serif;\">Si quieres empezar a exportar o hacerlo de forma m\u00e1s estructurada, desde Foment podemos acompa\u00f1arte en este proceso y ayudarte a ponerlo en marcha.<\/span><\/p>\n<p>[\/vc_column_text][\/vc_column][vc_column text_align=\u00bbcenter\u00bb width=\u00bb1\/3&#8243;][vc_text_separator title=\u00bb\u00bfPara qui\u00e9n es?\u00bb][vc_column_text]<span style=\"color: #d1221d;\"><span style=\"font-size: 16px;\"><strong>Empresas no exportadoras o exportadoras incipientes:<\/strong> para compa\u00f1\u00edas que quieren empezar a exportar de forma m\u00e1s estructurada.<\/span><\/span><\/p>\n<p><span style=\"color: #d1221d;\"><span style=\"font-size: 16px;\"><strong>Empresas sin estructura exportadora estable:<\/strong> con un \u00fanico cliente internacional o con actividad internacional reactiva, sin una estrategia definida.<\/span><\/span>[\/vc_column_text][\/vc_column][\/vc_row][vc_row][vc_column width=\u00bb1\/1&#8243;][vc_text_separator title=\u00bbServicios\u00bb][vc_tta_tabs active_section=\u00bb1&#8243;][vc_tta_section title=\u00bbQu\u00e9 te ofrecemos\u00bb tab_id=\u00bb1767799545163-9b3a2ac8-c048&#8243;][vc_column_text][\/vc_column_text][vc_column_text]<span style=\"font-family: verdana, geneva, sans-serif;\">[vc_text_separator title=\u00bbAbre la puerta a los mercados internacionales\u00bb]Exportar es un elemento clave para aumentar ventas y hacer crecer las empresas. Muchas empiezan a hacerlo, pero no todas consiguen convertirlo en una dimensi\u00f3n estable de su negocio. Catalu\u00f1a Exporta te acompa\u00f1a en los primeros pasos para que puedas descubrir qu\u00e9 mercados se adaptan mejor a tu empresa, superar obst\u00e1culos y acelerar el proceso de internacionalizaci\u00f3n.<\/span><\/p>\n<p><span style=\"font-family: verdana, geneva, sans-serif;\">A trav\u00e9s de Foment del Treball, puedes acceder a orientaci\u00f3n, diagn\u00f3stico y acompa\u00f1amiento para convertir tu potencial exportador en oportunidades reales de crecimiento.<\/span>[\/vc_column_text][vc_btn title=\u00bbSOLICITA TU DIAGN\u00d3STICO\u00bb shape=\u00bbround\u00bb color=\u00bbinverse\u00bb align=\u00bbcenter\u00bb i_icon_fontawesome=\u00bbfar fa-paper-plane\u00bb add_icon=\u00bbtrue\u00bb link=\u00bburl:https%3A%2F%2Fformularis.accio.gencat.cat%2Fweb%2Fformularis%2Finscripcions%2F-%2Finscripcio%2F2026%2F02%2F03%2FOnkrUbTR_SM9nz_z85jUAA%2Fsollicitud-de-diagnostic-pie-foment%2F%3Flang%3Dca_ES%26portal%3Daccio%26_gl%3D1*9dm0zh*_ga*MTI0NzIzNzQyMC4xNzEyODIyOTgy*_ga_6HSVZS0K1X*czE3NzI3MjM4MjckbzE4OSRnMCR0MTc3MjcyMzgzMiRqNTUkbDAkaDA|target:_blank\u00bb][vc_empty_space height=\u00bb20px\u00bb]<div class=\"video-embed  wpb_content_element\"><iframe title=\"Catalunya Exporta, una iniciativa d&#039;ACCI\u00d3 amb la col\u00b7laboraci\u00f3 de Foment del Treball\" width=\"1161\" height=\"653\" src=\"https:\/\/www.youtube.com\/embed\/IhRHdzG7UWY?feature=oembed\" frameborder=\"0\" allow=\"accelerometer; autoplay; clipboard-write; encrypted-media; gyroscope; picture-in-picture; web-share\" referrerpolicy=\"strict-origin-when-cross-origin\" allowfullscreen><\/iframe><\/div>[\/vc_tta_section][vc_tta_section title=\u00bbDiagn\u00f3stico y hoja de ruta\u00bb tab_id=\u00bb1767799226674-b0d93532-1225&#8243;][vc_column_text] [\/vc_column_text][vc_column_text]<span style=\"font-family: verdana, geneva, sans-serif;\">[vc_text_separator title=\u00bbAn\u00e1lisis personalizado del potencial exportador\u00bb]Si quieres saber si tu empresa est\u00e1 preparada para exportar, este es el servicio clave del programa. En Foment te ayudamos a hacer un an\u00e1lisis personalizado de tu potencial exportador y a construir una hoja de ruta con las primeras acciones concretas para iniciar el proceso con criterio.<\/span><\/p>\n<p><span style=\"font-family: verdana, geneva, sans-serif;\">El diagn\u00f3stico recoge una visi\u00f3n estructurada de la empresa: productos o servicios, clientes y mercados actuales, experiencia internacional, estructura organizativa, capacidad financiera, canales de comunicaci\u00f3n y acceso a los clientes, objetivos de internacionalizaci\u00f3n y recomendaciones.<\/span><\/p>\n<p><span style=\"font-family: verdana, geneva, sans-serif;\">[vc_column_text]<\/span>[\/vc_column_text][vc_column_text] [\/vc_column_text][vc_column_text]<span style=\"font-family: verdana, geneva, sans-serif;\">[vc_text_separator title=\u00bb\u00bfC\u00f3mo te acompa\u00f1amos desde Foment?\u00bb] Una vez recibida tu solicitud, nos pondremos en contacto contigo para iniciar la recogida de informaci\u00f3n y orientar el proceso. El objetivo es ayudarte a pasar de la intuici\u00f3n a una base de trabajo clara para empezar a exportar con m\u00e1s seguridad.<\/span><\/p>\n<p><span style=\"font-family: verdana, geneva, sans-serif;\">[vc_column_text]<\/span>[\/vc_column_text][vc_btn title=\u00bbCONTACTA CON FOMENT\u00bb shape=\u00bbround\u00bb color=\u00bbinverse\u00bb align=\u00bbcenter\u00bb i_icon_fontawesome=\u00bbfar fa-paper-plane\u00bb add_icon=\u00bbtrue\u00bb link=\u00bburl:https%3A%2F%2Fformularis.accio.gencat.cat%2Fweb%2Fformularis%2Finscripcions%2F-%2Finscripcio%2F2026%2F02%2F03%2FOnkrUbTR_SM9nz_z85jUAA%2Fsollicitud-de-diagnostic-pie-foment%2F%3Flang%3Dca_ES%26portal%3Daccio%26_gl%3D1*9dm0zh*_ga*MTI0NzIzNzQyMC4xNzEyODIyOTgy*_ga_6HSVZS0K1X*czE3NzI3MjM4MjckbzE4OSRnMCR0MTc3MjcyMzgzMiRqNTUkbDAkaDA|target:_blank\u00bb][\/vc_tta_section][vc_tta_section title=\u00bbSesiones y capacitaci\u00f3n\u00bb tab_id=\u00bb1767799497417-fa3ae53f-0b5b\u00bb][vc_column_text][\/vc_column_text][vc_column_text]<span style=\"font-family: verdana, geneva, sans-serif;\">[vc_text_separator title=\u00bbSesiones pr\u00e1cticas para empezar a exportar\u00bb]El programa incluye sesiones de capacitaci\u00f3n pensadas para animar a las empresas que nunca han exportado, o lo han hecho de forma muy espor\u00e1dica, a empezar a hacerlo de forma estructurada. Son sesiones pr\u00e1cticas y gratuitas que te ayudan a ponerte al d\u00eda en internacionalizaci\u00f3n y a conocer conceptos, tendencias y normativas clave.<\/span><\/p>\n<p><span style=\"font-family: verdana, geneva, sans-serif;\">Entre las tem\u00e1ticas que se pueden abordar est\u00e1n la financiaci\u00f3n, la digitalizaci\u00f3n, la fiscalidad, las oportunidades sectoriales y de mercado, las claves para exportar e importar con \u00e9xito, la normativa comunitaria o los incoterms b\u00e1sicos.<\/span><\/p>\n<p><span style=\"color: #d12238;\"><strong><span style=\"font-family: verdana, geneva, sans-serif;\">Pr\u00f3ximas sesiones<\/span><\/strong><\/span><\/p>\n<p><span style=\"font-family: verdana, geneva, sans-serif;\">27\/03\/2026 \u2013 Presentaci\u00f3n del Programa Catalu\u00f1a Exporta: recursos y ayudas disponibles &#8211; <a href=\"https:\/\/www.foment.com\/es\/inscripciones-eventos\/?idevento=9EEE4AC1-8D23-F111-8342-000D3ADCC39A\" target=\"_blank\" rel=\"noopener\">Inscr\u00edbete aqu\u00ed<\/a><\/span><\/p>\n<p>08\/04\/2026 \u2013 Exportar por primera vez: por d\u00f3nde empezar &#8211; <a href=\"https:\/\/www.foment.com\/es\/inscripciones-eventos\/?idevento=E0E9AABF-5D24-F111-8342-7CED8D3FACC9\" target=\"_blank\" rel=\"noopener\">Inscr\u00edbete aqu\u00ed<\/a><\/p>\n<p>14\/04\/2026 \u2013 C\u00f3mo identificar los mercados con m\u00e1s oportunidades &#8211; <a href=\"https:\/\/www.foment.com\/es\/inscripciones-eventos\/?idevento=F8E8567F-4224-F111-8342-000D3ADCC39A\" target=\"_blank\" rel=\"noopener\">Inscr\u00edbete aqu\u00ed<\/a><\/p>\n<p>22\/04\/2026 \u2013 Exportar con seguridad \u2013 <a href=\"https:\/\/www.foment.com\/inscripcions-events\/?idevento=52CF59C1-C51B-F111-8342-000D3ABA73B5\" target=\"_blank\" rel=\"noopener\">Inscr\u00edbete aqu\u00ed<\/a><\/p>\n<p>28\/04\/2026 \u2013 Construir una estrategia de exportaci\u00f3n realista &#8211; <a href=\"https:\/\/www.foment.com\/es\/inscripciones-eventos\/?idevento=DC1D1ADC-4F24-F111-8342-7CED8D3FACC9\" target=\"_blank\" rel=\"noopener\">Inscr\u00edbete aqu\u00ed<\/a><\/p>\n<p>12\/05\/2026 \u2013 C\u00f3mo calcular el precio de exportaci\u00f3n &#8211; <a href=\"https:\/\/www.foment.com\/es\/inscripciones-eventos\/?idevento=D5C622D6-5424-F111-8342-7CED8D3FACC9\" target=\"_blank\" rel=\"noopener\">Inscr\u00edbete aqu\u00ed<\/a><\/p>\n<p><span style=\"font-family: verdana, geneva, sans-serif;\">20\/05\/2026 \u2013 Medios de pago internacionales \u2013 <a href=\"https:\/\/www.foment.com\/inscripcions-events\/?idevento=C247C499-4F21-F111-8341-000D3ADC12CB\" target=\"_blank\" rel=\"noopener\">Inscr\u00edbete aqu\u00ed<\/a><\/span><\/p>\n<p>26\/05\/2026 \u2013 Adaptar el producto para vender en otros pa\u00edses &#8211; <a href=\"https:\/\/www.foment.com\/es\/inscripciones-eventos\/?idevento=D52B66C3-5924-F111-8342-7CED8D3FACC9\" target=\"_blank\" rel=\"noopener\">Inscr\u00edbete aqu\u00ed<\/a><\/p>\n<p><span style=\"font-family: verdana, geneva, sans-serif;\">09\/06\/2026 \u2013 Introducci\u00f3n a los Incoterms \u2013 <a href=\"https:\/\/www.foment.com\/inscripcions-events\/?idevento=E7B44EF5-1622-F111-8342-000D3ADCC77A\" target=\"_blank\" rel=\"noopener\">Inscr\u00edbete aqu\u00ed<\/a><\/span>[\/vc_column_text][vc_column_text][\/vc_column_text][\/vc_tta_section][vc_tta_section title=\u00bbSeguimiento y acompa\u00f1amiento\u00bb tab_id=\u00bb1767799226658-5a7d9f22-01c7&#8243;][vc_column_text][\/vc_column_text][vc_column_text]<span style=\"font-family: verdana, geneva, sans-serif;\">[vc_text_separator title=\u00bbAcompa\u00f1amiento continuado\u00bb]Catalu\u00f1a Exporta no termina con el diagn\u00f3stico. Cuando la hoja de ruta ya est\u00e1 definida, el programa prev\u00e9 seguimiento y acompa\u00f1amiento para analizar el progreso de la empresa en su camino hacia la internacionalizaci\u00f3n y detectar nuevas necesidades.<\/span><\/p>\n<p><span style=\"font-family: verdana, geneva, sans-serif;\">Desde Foment podemos acompa\u00f1arte en la revisi\u00f3n de la hoja de ruta, en la resoluci\u00f3n de dudas y en la prescripci\u00f3n de las ayudas y servicios que mejor se adapten a tu proyecto, para que puedas avanzar con continuidad y m\u00e1s criterio.<\/span>[vc_column_text][\/vc_column_text]<div class=\"single_image wpb_content_element align-center    \" data-animation=\"none\" data-delay=\"0\"><img width=\"2468\" height=\"1511\" src=\"https:\/\/www.foment.com\/wp-content\/uploads\/2026\/03\/ACCIO_Disseny_Editables_01-1.png\" class=\"attachment-full\" alt=\"\" loading=\"lazy\" title=\"ACCI\u00d3_Disseny_Editables_01 (1)\" srcset=\"https:\/\/www.foment.com\/wp-content\/uploads\/2026\/03\/ACCIO_Disseny_Editables_01-1.png 2468w, https:\/\/www.foment.com\/wp-content\/uploads\/2026\/03\/ACCIO_Disseny_Editables_01-1-300x184.png 300w, https:\/\/www.foment.com\/wp-content\/uploads\/2026\/03\/ACCIO_Disseny_Editables_01-1-1024x627.png 1024w, https:\/\/www.foment.com\/wp-content\/uploads\/2026\/03\/ACCIO_Disseny_Editables_01-1-768x470.png 768w, https:\/\/www.foment.com\/wp-content\/uploads\/2026\/03\/ACCIO_Disseny_Editables_01-1-1536x940.png 1536w, https:\/\/www.foment.com\/wp-content\/uploads\/2026\/03\/ACCIO_Disseny_Editables_01-1-2048x1254.png 2048w\" sizes=\"(max-width: 2468px) 100vw, 2468px\" \/><\/div>[\/vc_tta_section][\/vc_tta_tabs][vc_column_inner el_id=\u00bb`{`ninja_form id=49`}`\u00bb][\/vc_column_inner][\/vc_column][\/vc_row][vc_row bg_color=\u00bbrgba(0,0,0,0.85)\u00bb text_color=\u00bbcustom\u00bb custom_text_color=\u00bb#ffffff\u00bb text_align=\u00bbcenter\u00bb top_padding=\u00bb60&#8243; bottom_padding=\u00bb60&#8243;][vc_column column_center=\u00bbtrue\u00bb width=\u00bb1\/1&#8243;]<h1 class=\"headline font-inherit fontsize-l fontweight-inherit lh-inherit align-center transform-inherit \" style=\"margin: 0 0 20px 0;\">\u00bfQuieres analizar el potencial exportador de tu empresa? <\/h1><a href=\"https:\/\/formularis.accio.gencat.cat\/web\/formularis\/inscripcions\/-\/inscripcio\/2026\/02\/03\/OnkrUbTR_SM9nz_z85jUAA\/sollicitud-de-diagnostic-pie-foment\/?lang=ca_ES&#038;portal=accio&#038;_gl=1*9dm0zh*_ga*MTI0NzIzNzQyMC4xNzEyODIyOTgy*_ga_6HSVZS0K1X*czE3NzI3MjM4MjckbzE4OSRnMCR0MTc3MjcyMzgzMiRqNTUkbDAkaDA\" target=\"_blank\" class=\"button color-3 medium \" style=\"border-radius: 2px;\">Solicita diagn\u00f3stico y hoja de ruta<\/a>[vc_empty_space height=\u00bb22px\u00bb][\/vc_column][\/vc_row]<\/p>\n<\/section>","protected":false},"excerpt":{"rendered":"<p>[vc_row type=\u00bbfull_width_section\u00bb][vc_column width=\u00bb1\/1&#8243;][\/vc_column][\/vc_row][vc_row bg_color=\u00bb#ededed\u00bb][vc_column column_padding=\u00bbpadding-3&#8243; width=\u00bb1\/1&#8243;][vc_column_text] CATALU\u00d1A EXPORTA Te acompa\u00f1amos paso a paso en tu entrada en los mercados internacionales [\/vc_column_text][vc_btn title=\u00bbDa el salto aqu\u00ed\u00bb color=\u00bbjuicy-pink\u00bb size=\u00bblg\u00bb align=\u00bbcenter\u00bb link=\u00bburl:https%3A%2F%2Fformularis.accio.gencat.cat%2Fweb%2Fformularis%2Finscripcions%2F-%2Finscripcio%2F2026%2F02%2F03%2FOnkrUbTR_SM9nz_z85jUAA%2Fsollicitud-de-diagnostic-pie-foment%2F%3Flang%3Dca_ES%26portal%3Daccio%26_gl%3D1*9dm0zh*_ga*MTI0NzIzNzQyMC4xNzEyODIyOTgy*_ga_6HSVZS0K1X*czE3NzI3MjM4MjckbzE4OSRnMCR0MTc3MjcyMzgzMiRqNTUkbDAkaDA|target:_blank\u00bb][\/vc_column][\/vc_row][vc_row bg_color=\u00bb#ffffff\u00bb][vc_column column_padding=\u00bbpadding-3&#8243; width=\u00bb1\/1&#8243;][\/vc_column][\/vc_row][vc_row bg_color=\u00bb#ffffff\u00bb top_padding=\u00bb60&#8243; bottom_padding=\u00bb40&#8243;][vc_column width=\u00bb2\/3&#8243;][vc_text_separator title=\u00bb\u00bfQu\u00e9 es Catalu\u00f1a Exporta?\u00bb][vc_column_text] Catalu\u00f1a Exporta es el programa de iniciaci\u00f3n a la exportaci\u00f3n impulsado por ACCI\u00d3 para acompa\u00f1ar a las empresas en sus primeros pasos en los mercados internacionales. Desde Foment del Treball, como entidad colaboradora, te ayudamos a aprovechar este servicio para analizar el potencial exportador de tu empresa, definir una hoja de ruta y avanzar con m\u00e1s seguridad, confianza y estrategia. El programa te ofrece sesiones de capacitaci\u00f3n, un diagn\u00f3stico personalizado y herramientas para identificar los mercados que mejor encajan con tu proyecto, superar los principales obst\u00e1culos, reducir barreras de entrada y consolidar tus exportaciones. Si quieres empezar a exportar o hacerlo de forma m\u00e1s estructurada, desde Foment podemos acompa\u00f1arte en este proceso y ayudarte a ponerlo en marcha. [\/vc_column_text][\/vc_column][vc_column text_align=\u00bbcenter\u00bb width=\u00bb1\/3&#8243;][vc_text_separator title=\u00bb\u00bfPara qui\u00e9n es?\u00bb][vc_column_text]Empresas no exportadoras o exportadoras incipientes: para compa\u00f1\u00edas que quieren empezar a exportar de forma m\u00e1s estructurada. Empresas sin estructura exportadora estable: con un \u00fanico cliente internacional o con actividad internacional reactiva, sin una estrategia definida.[\/vc_column_text][\/vc_column][\/vc_row][vc_row][vc_column width=\u00bb1\/1&#8243;][vc_text_separator [&hellip;]<\/p>\n","protected":false},"author":281,"featured_media":0,"parent":0,"menu_order":0,"comment_status":"closed","ping_status":"closed","template":"","meta":{"_links_to":"","_links_to_target":""},"acf":[],"wps_subtitle":"","_links":{"self":[{"href":"https:\/\/www.foment.com\/es\/wp-json\/wp\/v2\/pages\/216316"}],"collection":[{"href":"https:\/\/www.foment.com\/es\/wp-json\/wp\/v2\/pages"}],"about":[{"href":"https:\/\/www.foment.com\/es\/wp-json\/wp\/v2\/types\/page"}],"author":[{"embeddable":true,"href":"https:\/\/www.foment.com\/es\/wp-json\/wp\/v2\/users\/281"}],"replies":[{"embeddable":true,"href":"https:\/\/www.foment.com\/es\/wp-json\/wp\/v2\/comments?post=216316"}],"version-history":[{"count":5,"href":"https:\/\/www.foment.com\/es\/wp-json\/wp\/v2\/pages\/216316\/revisions"}],"predecessor-version":[{"id":217154,"href":"https:\/\/www.foment.com\/es\/wp-json\/wp\/v2\/pages\/216316\/revisions\/217154"}],"wp:attachment":[{"href":"https:\/\/www.foment.com\/es\/wp-json\/wp\/v2\/media?parent=216316"}],"curies":[{"name":"wp","href":"https:\/\/api.w.org\/{rel}","templated":true}]}}