{"id":23048,"date":"2016-10-16T18:22:56","date_gmt":"2016-10-16T16:22:56","guid":{"rendered":"http:\/\/foment.itartech.com\/?page_id=23048"},"modified":"2026-04-10T09:27:37","modified_gmt":"2026-04-10T07:27:37","slug":"cuentas-anuales","status":"publish","type":"page","link":"https:\/\/www.foment.com\/es\/sobre-nosotros\/cuentas-anuales\/","title":{"rendered":"Cuentas Anuales"},"content":{"rendered":"<section class=\"wpb-content-wrapper\"><p>[vc_section][vc_row][vc_column width=\u00bb1\/1&#8243;]\n\t\t\t<!-- START anuales REVOLUTION SLIDER 6.4.6 --><p class=\"rs-p-wp-fix\"><\/p>\n\t\t\t<rs-module-wrap id=\"rev_slider_190_1_wrapper\" data-source=\"gallery\" style=\"background:transparent;padding:0;margin:0px auto;margin-top:0;margin-bottom:0;\">\n\t\t\t\t<rs-module id=\"rev_slider_190_1\" style=\"\" data-version=\"6.4.6\">\n\t\t\t\t\t<rs-slides>\n\t\t\t\t\t\t<rs-slide data-key=\"rs-241\" data-title=\"Slide\" data-anim=\"ms:600;\" data-in=\"o:0;\" data-out=\"a:false;\">\n\t\t\t\t\t\t\t<img src=\"\/\/www.foment.com\/wp-content\/plugins\/revslider\/public\/assets\/assets\/dummy.png\" title=\"comptes\" width=\"875\" height=\"310\" class=\"rev-slidebg tp-rs-img rs-lazyload\" data-lazyload=\"\/\/www.foment.com\/wp-content\/uploads\/2021\/05\/comptes.jpg\" data-parallax=\"off\" data-no-retina>\n<!--\n\t\t\t\t\t\t\t--><rs-layer\n\t\t\t\t\t\t\t\tid=\"slider-190-slide-241-layer-0\" \n\t\t\t\t\t\t\t\tdata-type=\"text\"\n\t\t\t\t\t\t\t\tdata-rsp_ch=\"on\"\n\t\t\t\t\t\t\t\tdata-xy=\"x:c;y:m;yo:-10px,-10px,-10px,0;\"\n\t\t\t\t\t\t\t\tdata-text=\"w:normal;s:36,32,32,28;l:66,54,41,25;fw:700;a:center;\"\n\t\t\t\t\t\t\t\tdata-dim=\"w:979px,808px,613px,378px;\"\n\t\t\t\t\t\t\t\tdata-frame_999=\"o:0;st:w;\"\n\t\t\t\t\t\t\t\tstyle=\"z-index:5;font-family:Montserrat;\"\n\t\t\t\t\t\t\t>CUENTAS ANUALES \n\t\t\t\t\t\t\t<\/rs-layer><!--\n-->\t\t\t\t\t\t<\/rs-slide>\n\t\t\t\t\t<\/rs-slides>\n\t\t\t\t<\/rs-module>\n\t\t\t\t<script type=\"text\/javascript\">\n\t\t\t\t\tsetREVStartSize({c: 'rev_slider_190_1',rl:[1240,1024,778,480],el:[500,600,360,360],gw:[1240,1024,778,480],gh:[500,600,360,360],type:'hero',justify:'',layout:'fullwidth',mh:\"0\"});\n\t\t\t\t\tvar\trevapi190,\n\t\t\t\t\t\ttpj;\n\t\t\t\t\tfunction revinit_revslider1901() {\n\t\t\t\t\tjQuery(function() {\n\t\t\t\t\t\ttpj = jQuery;\n\t\t\t\t\t\trevapi190 = tpj(\"#rev_slider_190_1\");\n\t\t\t\t\t\tif(revapi190==undefined || revapi190.revolution == undefined){\n\t\t\t\t\t\t\trevslider_showDoubleJqueryError(\"rev_slider_190_1\");\n\t\t\t\t\t\t}else{\n\t\t\t\t\t\t\trevapi190.revolution({\n\t\t\t\t\t\t\t\tsliderType:\"hero\",\n\t\t\t\t\t\t\t\tDPR:\"dpr\",\n\t\t\t\t\t\t\t\tsliderLayout:\"fullwidth\",\n\t\t\t\t\t\t\t\tvisibilityLevels:\"1240,1024,778,480\",\n\t\t\t\t\t\t\t\tgridwidth:\"1240,1024,778,480\",\n\t\t\t\t\t\t\t\tgridheight:\"500,600,360,360\",\n\t\t\t\t\t\t\t\tlazyType:\"smart\",\n\t\t\t\t\t\t\t\tperspective:600,\n\t\t\t\t\t\t\t\tperspectiveType:\"local\",\n\t\t\t\t\t\t\t\teditorheight:\"500,600,360,360\",\n\t\t\t\t\t\t\t\tresponsiveLevels:\"1240,1024,778,480\",\n\t\t\t\t\t\t\t\tprogressBar:{disableProgressBar:true},\n\t\t\t\t\t\t\t\tparallax: {\n\t\t\t\t\t\t\t\t\tlevels:[2,3,4,5,6,7,12,16,10,50,47,48,49,50,51,55],\n\t\t\t\t\t\t\t\t\ttype:\"mouse\",\n\t\t\t\t\t\t\t\t\torigo:\"slidercenter\",\n\t\t\t\t\t\t\t\t\tspeed:2000\n\t\t\t\t\t\t\t\t},\n\t\t\t\t\t\t\t\tfallbacks: {\n\t\t\t\t\t\t\t\t\tallowHTML5AutoPlayOnAndroid:true\n\t\t\t\t\t\t\t\t},\n\t\t\t\t\t\t\t});\n\t\t\t\t\t\t}\n\t\t\t\t\t\t\n\t\t\t\t\t});\n\t\t\t\t\t} \/\/ End of RevInitScript\n\t\t\t\tvar once_revslider1901 = false;\n\t\t\t\tif (document.readyState === \"loading\") {document.addEventListener('readystatechange',function() { if((document.readyState === \"interactive\" || document.readyState === \"complete\") && !once_revslider1901 ) { once_revslider1901 = true; revinit_revslider1901();}});} else {once_revslider1901 = true; revinit_revslider1901();}\n\t\t\t\t<\/script>\n\t\t\t<\/rs-module-wrap>\n\t\t\t<!-- END REVOLUTION SLIDER -->\n[\/vc_column][\/vc_row][vc_row top_padding=\u00bb40&#8243; bottom_padding=\u00bb40&#8243;][vc_column width=\u00bb1\/1&#8243;][vc_column_text]<\/p>\n<p style=\"text-align: center;\">En Foment del Treball, como organizaci\u00f3n independiente, privada y sin \u00e1nimo de lucro, creemos necesario transmitir valores como la transparencia y la confianza a trav\u00e9s de nuestra actividad diaria. Es por ello, que anualmente compartimos nuestras cuentas para que empresarios, asociados y otros miembros de la organizaci\u00f3n tengan una clara referencia de la situaci\u00f3n econ\u00f3mica y empresarial de la que todos formamos parte.<\/p>\n<p>[\/vc_column_text]<h1 class=\"headline font-inherit fontsize-xxxl fontweight-700 lh-inherit align-center transform-inherit \" style=\"margin: 0 0 20px 0; color: #d2112d;\">CONSULTA NUESTRAS CUENTAS ANUALES<\/h1>[\/vc_column][\/vc_row][\/vc_section][vc_section css=\u00bb.vc_custom_1624372946910{padding-bottom: 80px !important;}\u00bb][vc_row text_align=\u00bbcenter\u00bb bottom_padding=\u00bb20&#8243;][vc_column width=\u00bb1\/1&#8243;][vc_row_inner][vc_column_inner offset=\u00bbvc_hidden-sm vc_hidden-xs\u00bb][vc_column_text]<\/p>\n<div style=\"margin: auto;\">\n<table class=\" aligncenter\" style=\"width: 96.9326%; border-collapse: collapse;\">\n<tbody>\n<tr>\n<td style=\"width: 10%;\"><img loading=\"lazy\" class=\"aligncenter wp-image-114686 size-full\" src=\"https:\/\/www.foment.com\/wp-content\/uploads\/2021\/05\/timeline.png\" alt=\"\" width=\"51\" height=\"129\" \/><\/td>\n<td style=\"width: 15%;\">\n<h2><span style=\"color: #d2112d;\">2025<\/span><\/h2>\n<\/td>\n<td style=\"width: 75%; text-align: right;\"><a class=\"button color-3 large \" style=\"border-radius: 30px;\" href=\"https:\/\/www.foment.com\/wp-content\/uploads\/2026\/03\/FOMENTO-2025-INFORME-Y-CCAA-Color-1.pdf\" target=\"_blank\" rel=\"noopener\">DESCARGA EL ARCHIVO<\/a><\/td>\n<\/tr>\n<tr>\n<td style=\"width: 10%;\"><img loading=\"lazy\" class=\"aligncenter wp-image-114686 size-full\" src=\"https:\/\/www.foment.com\/wp-content\/uploads\/2021\/05\/timeline.png\" alt=\"\" width=\"51\" height=\"129\" \/><\/td>\n<td style=\"width: 15%;\">\n<h2><span style=\"color: #d2112d;\">2024<\/span><\/h2>\n<\/td>\n<td style=\"width: 75%; text-align: right;\"><a class=\"button color-3 large \" style=\"border-radius: 30px;\" href=\"https:\/\/www.foment.com\/wp-content\/uploads\/2025\/05\/FOMENTO-2024-INFORME-Y-CCAA-Color..pdf\" target=\"_blank\" rel=\"noopener\">DESCARGA EL ARCHIVO<\/a><\/td>\n<\/tr>\n<tr style=\"width: 100%;\">\n<td style=\"width: 10%;\"><img loading=\"lazy\" class=\"aligncenter wp-image-114686 size-full\" src=\"https:\/\/www.foment.com\/wp-content\/uploads\/2021\/05\/timeline.png\" alt=\"\" width=\"51\" height=\"129\" \/><\/td>\n<td style=\"width: 15%;\">\n<h2><span style=\"color: #d2112d;\">2023<\/span><\/h2>\n<\/td>\n<td style=\"width: 75%; text-align: right;\"><a class=\"button color-3 large \" style=\"border-radius: 30px;\" href=\"https:\/\/www.foment.com\/wp-content\/uploads\/2024\/05\/FOMENTO-2023-INFORME-Y-CCAA-B-.N..pdf\" target=\"_blank\" rel=\"noopener\">DESCARGA EL ARCHIVO<\/a><\/td>\n<\/tr>\n<tr style=\"width: 100%;\">\n<td style=\"width: 10%;\"><img loading=\"lazy\" class=\"aligncenter wp-image-114686 size-full\" src=\"https:\/\/www.foment.com\/wp-content\/uploads\/2021\/05\/timeline.png\" alt=\"\" width=\"51\" height=\"129\" \/><\/td>\n<td style=\"width: 15%;\">\n<h2><span style=\"color: #d2112d;\">2022<\/span><\/h2>\n<\/td>\n<td style=\"width: 75%; text-align: right;\"><a class=\"button color-3 large \" style=\"border-radius: 30px;\" href=\"https:\/\/www.foment.com\/wp-content\/uploads\/2023\/05\/FOMENTO-2022-INFORME-CCAA-ByN.pdf\" target=\"_blank\" rel=\"noopener\">DESCARGA EL ARCHIVO<\/a><\/td>\n<\/tr>\n<tr style=\"width: 100%;\">\n<td style=\"width: 10%;\"><img loading=\"lazy\" class=\"aligncenter wp-image-114686 size-full\" src=\"https:\/\/www.foment.com\/wp-content\/uploads\/2021\/05\/timeline.png\" alt=\"\" width=\"51\" height=\"129\" \/><\/td>\n<td style=\"width: 15%;\">\n<h2><span style=\"color: #d2112d;\">2021<\/span><\/h2>\n<\/td>\n<td style=\"width: 75%; text-align: right;\"><a class=\"button color-3 large \" style=\"border-radius: 30px;\" href=\"https:\/\/www.foment.com\/wp-content\/uploads\/2022\/10\/Comptes-Anuals_2021.pdf\" target=\"_blank\" rel=\"noopener\">DESCARGA EL ARCHIVO<\/a><\/td>\n<\/tr>\n<tr style=\"width: 100%;\">\n<td style=\"width: 10%;\"><img loading=\"lazy\" class=\"aligncenter wp-image-114686 size-full\" src=\"https:\/\/www.foment.com\/wp-content\/uploads\/2021\/05\/timeline.png\" alt=\"\" width=\"51\" height=\"129\" \/><\/td>\n<td style=\"width: 15%;\">\n<h2><span style=\"color: #d2112d;\">2020<\/span><\/h2>\n<\/td>\n<td style=\"width: 75%; text-align: right;\"><a class=\"button color-3 large \" style=\"border-radius: 30px;\" href=\"https:\/\/www.foment.com\/wp-content\/uploads\/2022\/10\/Comptes-Anuals_2020.pdf\" target=\"_blank\" rel=\"noopener\">DESCARGA EL ARCHIVO<\/a><\/td>\n<\/tr>\n<tr style=\"width: 100%;\">\n<td style=\"width: 10%;\"><img loading=\"lazy\" class=\"aligncenter wp-image-114686 size-full\" src=\"https:\/\/www.foment.com\/wp-content\/uploads\/2021\/05\/timeline.png\" alt=\"\" width=\"51\" height=\"129\" \/><\/td>\n<td style=\"width: 15%;\">\n<h2><span style=\"color: #d2112d;\">2019<\/span><\/h2>\n<\/td>\n<td style=\"width: 75%; text-align: right;\"><a class=\"button color-3 large \" style=\"border-radius: 30px;\" href=\"https:\/\/www.foment.com\/wp-content\/uploads\/2020\/07\/Comptes-Anuals_2019.pdf\" target=\"_blank\" rel=\"noopener\">DESCARGA EL ARCHIVO<\/a><\/td>\n<\/tr>\n<tr style=\"width: 100%;\">\n<td style=\"width: 10%;\"><img loading=\"lazy\" class=\"aligncenter wp-image-114686 size-full\" src=\"https:\/\/www.foment.com\/wp-content\/uploads\/2021\/05\/timeline.png\" alt=\"\" width=\"51\" height=\"129\" \/><\/td>\n<td style=\"width: 15%;\">\n<h2><span style=\"color: #d2112d;\">2018<\/span><\/h2>\n<\/td>\n<td style=\"width: 75%; text-align: right;\"><a class=\"button color-3 large \" style=\"border-radius: 30px;\" href=\"https:\/\/www.foment.com\/wp-content\/uploads\/2020\/07\/Comptes-Anuals-2018.pdf\">DESCARGA EL ARCHIVO<\/a><\/td>\n<\/tr>\n<\/tbody>\n<\/table>\n<\/div>\n<p>[\/vc_column_text][\/vc_column_inner][\/vc_row_inner][vc_row_inner][vc_column_inner offset=\u00bbvc_hidden-lg vc_hidden-md\u00bb][vc_column_text]<\/p>\n<div style=\"margin: auto;\">\n<table class=\" aligncenter\" style=\"width: 310px; border-collapse: collapse;\">\n<tbody>\n<tr>\n<td style=\"width: 10%;\"><img loading=\"lazy\" class=\"aligncenter wp-image-114686 size-full\" src=\"https:\/\/www.foment.com\/wp-content\/uploads\/2021\/05\/timeline.png\" alt=\"\" width=\"51\" height=\"129\" \/><\/td>\n<td style=\"width: 15%;\">\n<h2><span style=\"color: #d2112d; font-size: 14pt;\">2025<\/span><\/h2>\n<\/td>\n<td style=\"width: 75%; text-align: right;\"><a class=\"button color-3 large \" style=\"border-radius: 30px;\" href=\"https:\/\/www.foment.com\/wp-content\/uploads\/2026\/03\/FOMENTO-2025-INFORME-Y-CCAA-Color-1.pdf\" target=\"_blank\" rel=\"noopener\">DESCARGA EL ARCHIVO<\/a><\/td>\n<\/tr>\n<tr style=\"width: 100%;\">\n<td style=\"width: 10%;\"><img loading=\"lazy\" class=\"aligncenter wp-image-114686 size-full\" src=\"https:\/\/www.foment.com\/wp-content\/uploads\/2021\/05\/timeline.png\" alt=\"\" width=\"51\" height=\"129\" \/><\/td>\n<td style=\"width: 15%;\">\n<h2><span style=\"color: #d2112d; font-size: 14pt;\">2024<\/span><\/h2>\n<\/td>\n<td style=\"width: 75%; text-align: right;\"><a class=\"button color-3 large \" style=\"border-radius: 30px;\" href=\"https:\/\/www.foment.com\/wp-content\/uploads\/2025\/05\/FOMENTO-2024-INFORME-Y-CCAA-Color..pdf\" target=\"_blank\" rel=\"noopener\">DESCARGA EL ARCHIVO<\/a><\/td>\n<\/tr>\n<tr style=\"width: 100%;\">\n<td style=\"width: 10%;\"><img loading=\"lazy\" class=\"aligncenter wp-image-114686 size-full\" src=\"https:\/\/www.foment.com\/wp-content\/uploads\/2021\/05\/timeline.png\" alt=\"\" width=\"51\" height=\"129\" \/><\/td>\n<td style=\"width: 15%;\">\n<h2><span style=\"color: #d2112d; font-size: 14pt;\">2023<\/span><\/h2>\n<\/td>\n<td style=\"width: 75%; text-align: right;\"><a class=\"button color-3 large \" style=\"border-radius: 30px;\" href=\"https:\/\/www.foment.com\/wp-content\/uploads\/2024\/05\/FOMENTO-2023-INFORME-Y-CCAA-B-.N..pdf\" target=\"_blank\" rel=\"noopener\">DESCARGA EL ARCHIVO<\/a><\/td>\n<\/tr>\n<tr style=\"width: 100%;\">\n<td style=\"width: 10%;\"><img loading=\"lazy\" class=\"aligncenter wp-image-114686 size-full\" src=\"https:\/\/www.foment.com\/wp-content\/uploads\/2021\/05\/timeline.png\" alt=\"\" width=\"51\" height=\"129\" \/><\/td>\n<td style=\"width: 15%;\">\n<h2><span style=\"color: #d2112d; font-size: 14pt;\">2022<\/span><\/h2>\n<\/td>\n<td style=\"width: 75%; text-align: right;\"><a class=\"button color-3 large \" style=\"border-radius: 30px;\" href=\"https:\/\/www.foment.com\/wp-content\/uploads\/2023\/05\/FOMENTO-2022-INFORME-CCAA-ByN.pdf\" target=\"_blank\" rel=\"noopener\">DESCARGA EL ARCHIVO<\/a><\/td>\n<\/tr>\n<tr style=\"width: 100%;\">\n<td style=\"width: 10%;\"><img loading=\"lazy\" class=\"aligncenter wp-image-114686 size-full\" src=\"https:\/\/www.foment.com\/wp-content\/uploads\/2021\/05\/timeline.png\" alt=\"\" width=\"51\" height=\"129\" \/><\/td>\n<td style=\"width: 15%;\">\n<h2><span style=\"color: #d2112d; font-size: 14pt;\">2021<\/span><\/h2>\n<\/td>\n<td style=\"width: 75%; text-align: right;\"><a class=\"button color-3 large \" style=\"border-radius: 30px;\" href=\"https:\/\/www.foment.com\/wp-content\/uploads\/2022\/10\/Comptes-Anuals_2021.pdf\">DESCARGA EL ARCHIVO<\/a><\/td>\n<\/tr>\n<\/tbody>\n<\/table>\n<\/div>\n<p>[\/vc_column_text][\/vc_column_inner][\/vc_row_inner][\/vc_column][\/vc_row][\/vc_section][vc_row][vc_column width=\u00bb1\/1&#8243;]\n\t\t\t<!-- START Asociarse REVOLUTION SLIDER 6.4.6 --><p class=\"rs-p-wp-fix\"><\/p>\n\t\t\t<rs-module-wrap id=\"rev_slider_180_2_wrapper\" data-source=\"gallery\" style=\"background:linear-gradient(rgba(247,247,247,1) 0%, rgba(215,215,215,1) 100%);padding:0;margin:0px auto;margin-top:0;margin-bottom:0;\">\n\t\t\t\t<rs-module id=\"rev_slider_180_2\" style=\"\" data-version=\"6.4.6\">\n\t\t\t\t\t<rs-slides>\n\t\t\t\t\t\t<rs-slide data-key=\"rs-231\" data-title=\"Slide\" data-anim=\"ms:600;\" data-in=\"o:0;\" data-out=\"a:false;\">\n\t\t\t\t\t\t\t<img src=\"\/\/www.foment.com\/wp-content\/plugins\/revslider\/public\/assets\/assets\/dummy.png\" title=\"Mkpl\" width=\"875\" height=\"358\" class=\"rev-slidebg tp-rs-img rs-lazyload\" data-lazyload=\"\/\/www.foment.com\/wp-content\/uploads\/2021\/05\/Mkpl.jpg\" data-parallax=\"off\" data-no-retina>\n<!--\n\t\t\t\t\t\t\t--><rs-layer\n\t\t\t\t\t\t\t\tid=\"slider-180-slide-231-layer-0\" \n\t\t\t\t\t\t\t\tdata-type=\"text\"\n\t\t\t\t\t\t\t\tdata-rsp_ch=\"on\"\n\t\t\t\t\t\t\t\tdata-xy=\"x:c;yo:84px,149px,53px,52px;\"\n\t\t\t\t\t\t\t\tdata-text=\"w:normal;s:49,40,32,32;l:90,74,56,34;fw:700;a:center;\"\n\t\t\t\t\t\t\t\tdata-dim=\"w:913px,753px,572px,352px;\"\n\t\t\t\t\t\t\t\tdata-frame_999=\"o:0;st:w;\"\n\t\t\t\t\t\t\t\tstyle=\"z-index:5;font-family:Montserrat;\"\n\t\t\t\t\t\t\t>HAZTE SOCIO \n\t\t\t\t\t\t\t<\/rs-layer><!--\n\n\t\t\t\t\t\t\t--><rs-layer\n\t\t\t\t\t\t\t\tid=\"slider-180-slide-231-layer-1\" \n\t\t\t\t\t\t\t\tdata-type=\"text\"\n\t\t\t\t\t\t\t\tdata-rsp_ch=\"on\"\n\t\t\t\t\t\t\t\tdata-xy=\"x:c;yo:203px,247px,129px,106px;\"\n\t\t\t\t\t\t\t\tdata-text=\"w:normal;s:25,22,24,22;l:30,24,26,26;fw:500;a:center;\"\n\t\t\t\t\t\t\t\tdata-dim=\"w:638px,526px,614px,401px;h:78px,64px,auto,auto;\"\n\t\t\t\t\t\t\t\tdata-frame_999=\"o:0;st:w;\"\n\t\t\t\t\t\t\t\tstyle=\"z-index:6;font-family:Montserrat;\"\n\t\t\t\t\t\t\t>\u00danete a Foment del Treball y aprovecha todas las ventajas de formar parte de la mayor red de empresarios catalanes del suroeste de Europa. \n\t\t\t\t\t\t\t<\/rs-layer><!--\n\n\t\t\t\t\t\t\t--><a\n\t\t\t\t\t\t\t\tid=\"slider-180-slide-231-layer-2\" \n\t\t\t\t\t\t\t\tclass=\"rs-layer rev-btn\"\n\t\t\t\t\t\t\t\thref=\"\/es\/asociados\" target=\"_self\"\n\t\t\t\t\t\t\t\tdata-type=\"button\"\n\t\t\t\t\t\t\t\tdata-rsp_ch=\"on\"\n\t\t\t\t\t\t\t\tdata-xy=\"x:c;yo:326px,349px,230px,252px;\"\n\t\t\t\t\t\t\t\tdata-text=\"w:normal;s:14,13,18,16;l:57,55,58,51;fw:600;a:center;\"\n\t\t\t\t\t\t\t\tdata-dim=\"minh:0,none,none,none;\"\n\t\t\t\t\t\t\t\tdata-padding=\"r:36,35,38,34;l:36,35,38,34;\"\n\t\t\t\t\t\t\t\tdata-border=\"bos:solid;boc:#ffffff;bow:1px,1px,1px,1px;bor:25px,25px,25px,25px;\"\n\t\t\t\t\t\t\t\tdata-frame_999=\"o:0;st:w;\"\n\t\t\t\t\t\t\t\tdata-frame_hover=\"bgc:rgba(0,0,0,0);boc:rgba(255,255,255,0.75);bor:25px,25px,25px,25px;bos:solid;bow:1px,1px,1px,1px;e:power1.inOut;\"\n\t\t\t\t\t\t\t\tstyle=\"z-index:7;background-color:#d2112d;font-family:Montserrat;\"\n\t\t\t\t\t\t\t>M\u00c1S INFORMACI\u00d3N \n\t\t\t\t\t\t\t<\/a><!--\n-->\t\t\t\t\t\t<\/rs-slide>\n\t\t\t\t\t<\/rs-slides>\n\t\t\t\t<\/rs-module>\n\t\t\t\t<script type=\"text\/javascript\">\n\t\t\t\t\tsetREVStartSize({c: 'rev_slider_180_2',rl:[1240,1024,778,480],el:[500,600,360,360],gw:[1240,1024,778,480],gh:[500,600,360,360],type:'hero',justify:'',layout:'fullwidth',mh:\"0\"});\n\t\t\t\t\tvar\trevapi180,\n\t\t\t\t\t\ttpj;\n\t\t\t\t\tfunction revinit_revslider1802() {\n\t\t\t\t\tjQuery(function() {\n\t\t\t\t\t\ttpj = jQuery;\n\t\t\t\t\t\trevapi180 = tpj(\"#rev_slider_180_2\");\n\t\t\t\t\t\tif(revapi180==undefined || revapi180.revolution == undefined){\n\t\t\t\t\t\t\trevslider_showDoubleJqueryError(\"rev_slider_180_2\");\n\t\t\t\t\t\t}else{\n\t\t\t\t\t\t\trevapi180.revolution({\n\t\t\t\t\t\t\t\tsliderType:\"hero\",\n\t\t\t\t\t\t\t\tDPR:\"dpr\",\n\t\t\t\t\t\t\t\tsliderLayout:\"fullwidth\",\n\t\t\t\t\t\t\t\tvisibilityLevels:\"1240,1024,778,480\",\n\t\t\t\t\t\t\t\tgridwidth:\"1240,1024,778,480\",\n\t\t\t\t\t\t\t\tgridheight:\"500,600,360,360\",\n\t\t\t\t\t\t\t\tlazyType:\"smart\",\n\t\t\t\t\t\t\t\tperspective:600,\n\t\t\t\t\t\t\t\tperspectiveType:\"local\",\n\t\t\t\t\t\t\t\teditorheight:\"500,600,360,360\",\n\t\t\t\t\t\t\t\tresponsiveLevels:\"1240,1024,778,480\",\n\t\t\t\t\t\t\t\tprogressBar:{disableProgressBar:true},\n\t\t\t\t\t\t\t\tparallax: {\n\t\t\t\t\t\t\t\t\tlevels:[2,3,4,5,6,7,12,16,10,50,47,48,49,50,51,55],\n\t\t\t\t\t\t\t\t\ttype:\"mouse\",\n\t\t\t\t\t\t\t\t\torigo:\"slidercenter\",\n\t\t\t\t\t\t\t\t\tspeed:2000\n\t\t\t\t\t\t\t\t},\n\t\t\t\t\t\t\t\tfallbacks: {\n\t\t\t\t\t\t\t\t\tallowHTML5AutoPlayOnAndroid:true\n\t\t\t\t\t\t\t\t},\n\t\t\t\t\t\t\t});\n\t\t\t\t\t\t}\n\t\t\t\t\t\t\n\t\t\t\t\t});\n\t\t\t\t\t} \/\/ End of RevInitScript\n\t\t\t\tvar once_revslider1802 = false;\n\t\t\t\tif (document.readyState === \"loading\") {document.addEventListener('readystatechange',function() { if((document.readyState === \"interactive\" || document.readyState === \"complete\") && !once_revslider1802 ) { once_revslider1802 = true; revinit_revslider1802();}});} else {once_revslider1802 = true; revinit_revslider1802();}\n\t\t\t\t<\/script>\n\t\t\t<\/rs-module-wrap>\n\t\t\t<!-- END REVOLUTION SLIDER -->\n[\/vc_column][\/vc_row]<\/p>\n<\/section>","protected":false},"excerpt":{"rendered":"<p>[vc_section][vc_row][vc_column width=\u00bb1\/1&#8243;][\/vc_column][\/vc_row][vc_row top_padding=\u00bb40&#8243; bottom_padding=\u00bb40&#8243;][vc_column width=\u00bb1\/1&#8243;][vc_column_text] En Foment del Treball, como organizaci\u00f3n independiente, privada y sin \u00e1nimo de lucro, creemos necesario transmitir valores como la transparencia y la confianza a trav\u00e9s de nuestra actividad diaria. Es por ello, que anualmente compartimos nuestras cuentas para que empresarios, asociados y otros miembros de la organizaci\u00f3n tengan una clara referencia de la situaci\u00f3n econ\u00f3mica y empresarial de la que todos formamos parte. [\/vc_column_text][\/vc_column][\/vc_row][\/vc_section][vc_section css=\u00bb.vc_custom_1624372946910{padding-bottom: 80px !important;}\u00bb][vc_row text_align=\u00bbcenter\u00bb bottom_padding=\u00bb20&#8243;][vc_column width=\u00bb1\/1&#8243;][vc_row_inner][vc_column_inner offset=\u00bbvc_hidden-sm vc_hidden-xs\u00bb][vc_column_text] 2025 DESCARGA EL ARCHIVO 2024 DESCARGA EL ARCHIVO 2023 DESCARGA EL ARCHIVO 2022 DESCARGA EL ARCHIVO 2021 DESCARGA EL ARCHIVO 2020 DESCARGA EL ARCHIVO 2019 DESCARGA EL ARCHIVO 2018 DESCARGA EL ARCHIVO [\/vc_column_text][\/vc_column_inner][\/vc_row_inner][vc_row_inner][vc_column_inner offset=\u00bbvc_hidden-lg vc_hidden-md\u00bb][vc_column_text] 2025 DESCARGA EL ARCHIVO 2024 DESCARGA EL ARCHIVO 2023 DESCARGA EL ARCHIVO 2022 DESCARGA EL ARCHIVO 2021 DESCARGA EL ARCHIVO [\/vc_column_text][\/vc_column_inner][\/vc_row_inner][\/vc_column][\/vc_row][\/vc_section][vc_row][vc_column width=\u00bb1\/1&#8243;][\/vc_column][\/vc_row]<\/p>\n","protected":false},"author":1,"featured_media":0,"parent":17128,"menu_order":0,"comment_status":"closed","ping_status":"closed","template":"","meta":{"_links_to":"","_links_to_target":""},"acf":[],"wps_subtitle":"","_links":{"self":[{"href":"https:\/\/www.foment.com\/es\/wp-json\/wp\/v2\/pages\/23048"}],"collection":[{"href":"https:\/\/www.foment.com\/es\/wp-json\/wp\/v2\/pages"}],"about":[{"href":"https:\/\/www.foment.com\/es\/wp-json\/wp\/v2\/types\/page"}],"author":[{"embeddable":true,"href":"https:\/\/www.foment.com\/es\/wp-json\/wp\/v2\/users\/1"}],"replies":[{"embeddable":true,"href":"https:\/\/www.foment.com\/es\/wp-json\/wp\/v2\/comments?post=23048"}],"version-history":[{"count":16,"href":"https:\/\/www.foment.com\/es\/wp-json\/wp\/v2\/pages\/23048\/revisions"}],"predecessor-version":[{"id":217885,"href":"https:\/\/www.foment.com\/es\/wp-json\/wp\/v2\/pages\/23048\/revisions\/217885"}],"up":[{"embeddable":true,"href":"https:\/\/www.foment.com\/es\/wp-json\/wp\/v2\/pages\/17128"}],"wp:attachment":[{"href":"https:\/\/www.foment.com\/es\/wp-json\/wp\/v2\/media?parent=23048"}],"curies":[{"name":"wp","href":"https:\/\/api.w.org\/{rel}","templated":true}]}}