{"id":23100,"date":"2016-11-05T11:32:10","date_gmt":"2016-11-05T10:32:10","guid":{"rendered":"http:\/\/foment.itartech.com\/?page_id=23100"},"modified":"2016-11-20T17:43:21","modified_gmt":"2016-11-20T16:43:21","slug":"cuentas-2012","status":"publish","type":"page","link":"https:\/\/www.foment.com\/es\/sobre-nosotros\/cuentas-anuales\/cuentas-2012\/","title":{"rendered":"Cuentas Anuales 2012"},"content":{"rendered":"<section class=\"wpb-content-wrapper\"><p>[vc_row bottom_padding=\u00bb40&#8243;][vc_column width=\u00bb2\/3&#8243;][vc_column_text]<\/p>\n<h3 class=\"blue\">Foment del Treball presenta un resultado equilibrado y ajustado a su actividad<\/h3>\n<p class=\"ms-rteElement-P\">Foment del Treball ha presentado hoy las cuentas anuales relativas al ejercicio 2012 con un resultado de 185.396 euros que reflejan el equilibrio financiero de la instituci\u00f3n y su estabilidad presupuestaria, gracias a los ingresos relativos a las cuotas de los socios y la gesti\u00f3n de la el edificio de su propiedad que es, adem\u00e1s, su emblem\u00e1tica sede social en el centro de la ciudad.<\/p>\n<p class=\"ms-rteElement-P\">Durante el ejercicio 2012, la nueva estructura organizativa implementada permiti\u00f3 optimizar la gesti\u00f3n de los recursos y disminuir de esta manera los gastos en personal y servicios exteriores.<\/p>\n<p class=\"ms-rteElement-P\">Asimismo, Foment ha mantenido los ingresos correspondientes a las cuotas de sus asociados ya la gesti\u00f3n de alquiler de oficinas del edificio, con unos ingresos superiores a los 2,5 millones de euros.<\/p>\n<p style=\"text-align: justify;\"><a href=\"\/wp-content\/uploads\/2016\/10\/Foment_del_Treball_Infomre_Auditoria_Comptes_2012.pdf\">Informe del Auditor (KPMG)<\/a><\/p>\n<p>[\/vc_column_text][\/vc_column][vc_column text_align=\u00bbcenter\u00bb width=\u00bb1\/3&#8243;]<h1 class=\"headline font-inherit fontsize-l fontweight-inherit lh-inherit align-center transform-inherit \" style=\"margin: 0 0 20px 0;\">Consulta aqu\u00ed<\/h1><a href=\"\/es\/cuentas-anuales\/cuentas-2011\/\" target=\"_blank\" class=\"button color-2 medium \" style=\"border-radius: 2px;\">Cuentas anuales 2011<\/a>[\/vc_column][\/vc_row][vc_row top_padding=\u00bb40&#8243; bottom_padding=\u00bb40&#8243;][vc_column width=\u00bb1\/1&#8243;]<div class=\"minti_carousel  grab-false dots\" data-columns=\"2\" data-tabletcolumns=\"2\" data-nav=\"true\" data-pagination=\"true\" data-autoplay=\"false\" data-animationtime=\"4000\"><div class=\"single_image wpb_content_element align-left    \" data-animation=\"none\" data-delay=\"0\"><a href=\"https:\/\/www.foment.com\/wp-content\/uploads\/2016\/10\/Foment_del_treball_Actiu_2012.png\" class=\"prettyPhoto\" rel=\"prettyPhoto[image]\"><img width=\"960\" height=\"720\" src=\"https:\/\/www.foment.com\/wp-content\/uploads\/2016\/10\/Foment_del_treball_Actiu_2012.png\" class=\"attachment-full\" alt=\"\" loading=\"lazy\" title=\"foment_del_treball_actiu_2012\" srcset=\"https:\/\/www.foment.com\/wp-content\/uploads\/2016\/10\/Foment_del_treball_Actiu_2012.png 960w, https:\/\/www.foment.com\/wp-content\/uploads\/2016\/10\/Foment_del_treball_Actiu_2012-300x225.png 300w, https:\/\/www.foment.com\/wp-content\/uploads\/2016\/10\/Foment_del_treball_Actiu_2012-768x576.png 768w\" sizes=\"(max-width: 960px) 100vw, 960px\" \/><\/a><\/div><div class=\"single_image wpb_content_element align-left    \" data-animation=\"none\" data-delay=\"0\"><a href=\"https:\/\/www.foment.com\/wp-content\/uploads\/2016\/10\/Foment_del_Treball_Patrimoni_2012.png\" class=\"prettyPhoto\" rel=\"prettyPhoto[image]\"><img width=\"1134\" height=\"945\" src=\"https:\/\/www.foment.com\/wp-content\/uploads\/2016\/10\/Foment_del_Treball_Patrimoni_2012.png\" class=\"attachment-full\" alt=\"\" loading=\"lazy\" title=\"foment_del_treball_patrimoni_2012\" srcset=\"https:\/\/www.foment.com\/wp-content\/uploads\/2016\/10\/Foment_del_Treball_Patrimoni_2012.png 1134w, https:\/\/www.foment.com\/wp-content\/uploads\/2016\/10\/Foment_del_Treball_Patrimoni_2012-300x250.png 300w, https:\/\/www.foment.com\/wp-content\/uploads\/2016\/10\/Foment_del_Treball_Patrimoni_2012-768x640.png 768w, https:\/\/www.foment.com\/wp-content\/uploads\/2016\/10\/Foment_del_Treball_Patrimoni_2012-1024x853.png 1024w\" sizes=\"(max-width: 1134px) 100vw, 1134px\" \/><\/a><\/div><div class=\"single_image wpb_content_element align-left    \" data-animation=\"none\" data-delay=\"0\"><a href=\"https:\/\/www.foment.com\/wp-content\/uploads\/2016\/10\/Foment_del_Treball_Perdues_Guanys_2012.png\" class=\"prettyPhoto\" rel=\"prettyPhoto[image]\"><img width=\"1134\" height=\"945\" src=\"https:\/\/www.foment.com\/wp-content\/uploads\/2016\/10\/Foment_del_Treball_Perdues_Guanys_2012.png\" class=\"attachment-full\" alt=\"\" loading=\"lazy\" title=\"foment_del_treball_perdues_guanys_2012\" srcset=\"https:\/\/www.foment.com\/wp-content\/uploads\/2016\/10\/Foment_del_Treball_Perdues_Guanys_2012.png 1134w, https:\/\/www.foment.com\/wp-content\/uploads\/2016\/10\/Foment_del_Treball_Perdues_Guanys_2012-300x250.png 300w, https:\/\/www.foment.com\/wp-content\/uploads\/2016\/10\/Foment_del_Treball_Perdues_Guanys_2012-768x640.png 768w, https:\/\/www.foment.com\/wp-content\/uploads\/2016\/10\/Foment_del_Treball_Perdues_Guanys_2012-1024x853.png 1024w\" sizes=\"(max-width: 1134px) 100vw, 1134px\" \/><\/a><\/div><\/div>[\/vc_column][\/vc_row]<\/p>\n<\/section>","protected":false},"excerpt":{"rendered":"<p>[vc_row bottom_padding=\u00bb40&#8243;][vc_column width=\u00bb2\/3&#8243;][vc_column_text] Foment del Treball presenta un resultado equilibrado y ajustado a su actividad Foment del Treball ha presentado hoy las cuentas anuales relativas al ejercicio 2012 con un resultado de 185.396 euros que reflejan el equilibrio financiero de la instituci\u00f3n y su estabilidad presupuestaria, gracias a los ingresos relativos a las cuotas de los socios y la gesti\u00f3n de la el edificio de su propiedad que es, adem\u00e1s, su emblem\u00e1tica sede social en el centro de la ciudad. Durante el ejercicio 2012, la nueva estructura organizativa implementada permiti\u00f3 optimizar la gesti\u00f3n de los recursos y disminuir de esta manera los gastos en personal y servicios exteriores. Asimismo, Foment ha mantenido los ingresos correspondientes a las cuotas de sus asociados ya la gesti\u00f3n de alquiler de oficinas del edificio, con unos ingresos superiores a los 2,5 millones de euros. Informe del Auditor (KPMG) [\/vc_column_text][\/vc_column][vc_column text_align=\u00bbcenter\u00bb width=\u00bb1\/3&#8243;][\/vc_column][\/vc_row][vc_row top_padding=\u00bb40&#8243; bottom_padding=\u00bb40&#8243;][vc_column width=\u00bb1\/1&#8243;][\/vc_column][\/vc_row]<\/p>\n","protected":false},"author":1,"featured_media":0,"parent":23048,"menu_order":0,"comment_status":"closed","ping_status":"closed","template":"","meta":{"_links_to":"","_links_to_target":""},"acf":[],"wps_subtitle":"","_links":{"self":[{"href":"https:\/\/www.foment.com\/es\/wp-json\/wp\/v2\/pages\/23100"}],"collection":[{"href":"https:\/\/www.foment.com\/es\/wp-json\/wp\/v2\/pages"}],"about":[{"href":"https:\/\/www.foment.com\/es\/wp-json\/wp\/v2\/types\/page"}],"author":[{"embeddable":true,"href":"https:\/\/www.foment.com\/es\/wp-json\/wp\/v2\/users\/1"}],"replies":[{"embeddable":true,"href":"https:\/\/www.foment.com\/es\/wp-json\/wp\/v2\/comments?post=23100"}],"version-history":[{"count":0,"href":"https:\/\/www.foment.com\/es\/wp-json\/wp\/v2\/pages\/23100\/revisions"}],"up":[{"embeddable":true,"href":"https:\/\/www.foment.com\/es\/wp-json\/wp\/v2\/pages\/23048"}],"wp:attachment":[{"href":"https:\/\/www.foment.com\/es\/wp-json\/wp\/v2\/media?parent=23100"}],"curies":[{"name":"wp","href":"https:\/\/api.w.org\/{rel}","templated":true}]}}