{"id":23114,"date":"2016-11-05T11:48:25","date_gmt":"2016-11-05T10:48:25","guid":{"rendered":"http:\/\/foment.itartech.com\/?page_id=23114"},"modified":"2016-11-20T17:42:16","modified_gmt":"2016-11-20T16:42:16","slug":"cuentas-2011","status":"publish","type":"page","link":"https:\/\/www.foment.com\/es\/sobre-nosotros\/cuentas-anuales\/cuentas-2011\/","title":{"rendered":"Cuentas Anuales 2011"},"content":{"rendered":"<section class=\"wpb-content-wrapper\"><p>[vc_row bottom_padding=\u00bb40&#8243;][vc_column width=\u00bb1\/1&#8243;][vc_column_text]<\/p>\n<h3 class=\"blue\">Foment del Treball presenta un resultado equilibrado y ajustado a su actividad<\/h3>\n<p class=\"ms-rteElement-P\" style=\"text-align: justify;\">Foment del Treball ha presentado hoy las cuentas anuales relativas al ejercicio 2011 que con un resultado de 32.000 euros reflejan el equilibrio financiero de la instituci\u00f3n y su estabilidad presupuestaria, gracias a los ingresos relativos a las cuotas de los socios y la gesti\u00f3n del edificio de su propiedad que es, adem\u00e1s, su emblem\u00e1tica sede social en el centro de la ciudad.<\/p>\n<p style=\"text-align: justify;\">La aportaci\u00f3n de fondos p\u00fablicos, el 83% de los ingresos de Foment, es de uso finalista para las actividades de Formaci\u00f3n de las que se befician unos 27.000 alumnos de Catalunya (12.000 en el centro de Foment Formaci\u00f3 de Barcelona), a trav\u00e9s de unos 1.500 cursos y con 120 profesionales. Por los ingresos correspondientes a las cuotas de socios y la gesti\u00f3n en alquiler de oficinas del edificio, Foment del Treball obtiene unos ingresos superiores a los 2 millones de euros<\/p>\n<p class=\"ms-rteElement-P\" style=\"text-align: justify;\">En el a\u00f1o 2011 la Comisi\u00f3n Econ\u00f3mica de Foment del Treball encarg\u00f3 a la firma auditora de sus cuentas anuales un estudio para hacer el diagn\u00f3stico de los procedimientos internos.<\/p>\n<p style=\"text-align: justify;\"><a href=\"\/wp-content\/uploads\/2016\/10\/Foment_Informe-Audtoria_2011.pdf\">Informe del Auditor (KPMG)<\/a><\/p>\n<p>[\/vc_column_text][\/vc_column][\/vc_row][vc_row top_padding=\u00bb40&#8243; bottom_padding=\u00bb40&#8243;][vc_column width=\u00bb1\/1&#8243;]<div class=\"minti_carousel  grab-false dots\" data-columns=\"2\" data-tabletcolumns=\"2\" data-nav=\"true\" data-pagination=\"true\" data-autoplay=\"false\" data-animationtime=\"4000\"><div class=\"single_image wpb_content_element align-left    \" data-animation=\"none\" data-delay=\"0\"><a href=\"https:\/\/www.foment.com\/wp-content\/uploads\/2016\/10\/2011_Balanc\u0327-abreujat_Actiu_Foment.png\" class=\"prettyPhoto\" rel=\"prettyPhoto[image]\"><img width=\"776\" height=\"704\" src=\"https:\/\/www.foment.com\/wp-content\/uploads\/2016\/10\/2011_Balanc\u0327-abreujat_Actiu_Foment.png\" class=\"attachment-full\" alt=\"\" loading=\"lazy\" title=\"2011_balanc-abreujat_actiu_foment\" srcset=\"https:\/\/www.foment.com\/wp-content\/uploads\/2016\/10\/2011_Balanc\u0327-abreujat_Actiu_Foment.png 776w, https:\/\/www.foment.com\/wp-content\/uploads\/2016\/10\/2011_Balanc\u0327-abreujat_Actiu_Foment-300x272.png 300w, https:\/\/www.foment.com\/wp-content\/uploads\/2016\/10\/2011_Balanc\u0327-abreujat_Actiu_Foment-768x697.png 768w\" sizes=\"(max-width: 776px) 100vw, 776px\" \/><\/a><\/div><div class=\"single_image wpb_content_element align-left    \" data-animation=\"none\" data-delay=\"0\"><a href=\"https:\/\/www.foment.com\/wp-content\/uploads\/2016\/10\/2011_Balanc\u0327-abreujat_Passiu_Foment.png\" class=\"prettyPhoto\" rel=\"prettyPhoto[image]\"><img width=\"777\" height=\"801\" src=\"https:\/\/www.foment.com\/wp-content\/uploads\/2016\/10\/2011_Balanc\u0327-abreujat_Passiu_Foment.png\" class=\"attachment-full\" alt=\"\" loading=\"lazy\" title=\"2011_balanc%cc%a7-abreujat_passiu_foment\" srcset=\"https:\/\/www.foment.com\/wp-content\/uploads\/2016\/10\/2011_Balanc\u0327-abreujat_Passiu_Foment.png 777w, https:\/\/www.foment.com\/wp-content\/uploads\/2016\/10\/2011_Balanc\u0327-abreujat_Passiu_Foment-291x300.png 291w, https:\/\/www.foment.com\/wp-content\/uploads\/2016\/10\/2011_Balanc\u0327-abreujat_Passiu_Foment-768x792.png 768w\" sizes=\"(max-width: 777px) 100vw, 777px\" \/><\/a><\/div><div class=\"single_image wpb_content_element align-left    \" data-animation=\"none\" data-delay=\"0\"><a href=\"https:\/\/www.foment.com\/wp-content\/uploads\/2016\/10\/2011_Pe\u0300rdues_Guanys_Foment.png\" class=\"prettyPhoto\" rel=\"prettyPhoto[image]\"><img width=\"766\" height=\"752\" src=\"https:\/\/www.foment.com\/wp-content\/uploads\/2016\/10\/2011_Pe\u0300rdues_Guanys_Foment.png\" class=\"attachment-full\" alt=\"\" loading=\"lazy\" title=\"2011_perdues_guanys_foment\" srcset=\"https:\/\/www.foment.com\/wp-content\/uploads\/2016\/10\/2011_Pe\u0300rdues_Guanys_Foment.png 766w, https:\/\/www.foment.com\/wp-content\/uploads\/2016\/10\/2011_Pe\u0300rdues_Guanys_Foment-300x295.png 300w, https:\/\/www.foment.com\/wp-content\/uploads\/2016\/10\/2011_Pe\u0300rdues_Guanys_Foment-80x80.png 80w\" sizes=\"(max-width: 766px) 100vw, 766px\" \/><\/a><\/div><\/div>[\/vc_column][\/vc_row]<\/p>\n<\/section>","protected":false},"excerpt":{"rendered":"<p>[vc_row bottom_padding=\u00bb40&#8243;][vc_column width=\u00bb1\/1&#8243;][vc_column_text] Foment del Treball presenta un resultado equilibrado y ajustado a su actividad Foment del Treball ha presentado hoy las cuentas anuales relativas al ejercicio 2011 que con un resultado de 32.000 euros reflejan el equilibrio financiero de la instituci\u00f3n y su estabilidad presupuestaria, gracias a los ingresos relativos a las cuotas de los socios y la gesti\u00f3n del edificio de su propiedad que es, adem\u00e1s, su emblem\u00e1tica sede social en el centro de la ciudad. La aportaci\u00f3n de fondos p\u00fablicos, el 83% de los ingresos de Foment, es de uso finalista para las actividades de Formaci\u00f3n de las que se befician unos 27.000 alumnos de Catalunya (12.000 en el centro de Foment Formaci\u00f3 de Barcelona), a trav\u00e9s de unos 1.500 cursos y con 120 profesionales. Por los ingresos correspondientes a las cuotas de socios y la gesti\u00f3n en alquiler de oficinas del edificio, Foment del Treball obtiene unos ingresos superiores a los 2 millones de euros En el a\u00f1o 2011 la Comisi\u00f3n Econ\u00f3mica de Foment del Treball encarg\u00f3 a la firma auditora de sus cuentas anuales un estudio para hacer el diagn\u00f3stico de los procedimientos internos. Informe del Auditor (KPMG) [\/vc_column_text][\/vc_column][\/vc_row][vc_row top_padding=\u00bb40&#8243; bottom_padding=\u00bb40&#8243;][vc_column width=\u00bb1\/1&#8243;][\/vc_column][\/vc_row]<\/p>\n","protected":false},"author":1,"featured_media":0,"parent":23048,"menu_order":0,"comment_status":"closed","ping_status":"closed","template":"","meta":{"_links_to":"","_links_to_target":""},"acf":[],"wps_subtitle":"","_links":{"self":[{"href":"https:\/\/www.foment.com\/es\/wp-json\/wp\/v2\/pages\/23114"}],"collection":[{"href":"https:\/\/www.foment.com\/es\/wp-json\/wp\/v2\/pages"}],"about":[{"href":"https:\/\/www.foment.com\/es\/wp-json\/wp\/v2\/types\/page"}],"author":[{"embeddable":true,"href":"https:\/\/www.foment.com\/es\/wp-json\/wp\/v2\/users\/1"}],"replies":[{"embeddable":true,"href":"https:\/\/www.foment.com\/es\/wp-json\/wp\/v2\/comments?post=23114"}],"version-history":[{"count":0,"href":"https:\/\/www.foment.com\/es\/wp-json\/wp\/v2\/pages\/23114\/revisions"}],"up":[{"embeddable":true,"href":"https:\/\/www.foment.com\/es\/wp-json\/wp\/v2\/pages\/23048"}],"wp:attachment":[{"href":"https:\/\/www.foment.com\/es\/wp-json\/wp\/v2\/media?parent=23114"}],"curies":[{"name":"wp","href":"https:\/\/api.w.org\/{rel}","templated":true}]}}