{"id":23158,"date":"2016-10-17T20:28:46","date_gmt":"2016-10-17T18:28:46","guid":{"rendered":"http:\/\/foment.itartech.com\/?page_id=23158"},"modified":"2016-11-03T20:59:33","modified_gmt":"2016-11-03T19:59:33","slug":"son-socios-de-foment","status":"publish","type":"page","link":"https:\/\/www.foment.com\/es\/asociados\/son-socios-de-foment\/","title":{"rendered":"Son socios de Foment"},"content":{"rendered":"<section class=\"wpb-content-wrapper\"><p>[vc_row][vc_column width=\u00bb2\/3&#8243;][vc_column_text]Foment del Treball integra tres clases de asociados:<\/p>\n<ul>\n<li style=\"text-align: justify;\"><strong>Socios colectivos: <\/strong>re\u00fane las Asociaciones Sectoriales -sector qu\u00edmico, hospitalario, tur\u00edstico, metal y servicios, entre otros- y Territoriales -provinciales y comarcales- de Catalu\u00f1a. Tambi\u00e9n incluye los asociados indirectos, formados de la relaci\u00f3n que las diferentes agrupaciones establecen entre ellas.<\/li>\n<\/ul>\n<ul>\n<li style=\"text-align: justify;\"><span class=\"black\"><strong>Socios individuales: <\/strong>son las grandes y medianas empresas o multinacionales con sede o actividad en Catalu\u00f1a y aquellas empresas que son representativas de cada sector de actividad.<\/span><\/li>\n<\/ul>\n<ul>\n<li style=\"text-align: justify;\"><span class=\"black\"><strong>Miembros colaboradores: <\/strong>incluye aquellas entidades la actividad de las cuales no es totalmente empresarial, pero que facilitan la actividad econ\u00f3mica y profesional y que desean integrarse en Foment para recibir sus servicios (c\u00e1maras de comercio extranjeras, colegios profesionales, institutos de actividad empresarial, etc).<\/span><\/li>\n<\/ul>\n<p>[\/vc_column_text]<div class=\"spacer\" style=\"height: 20px;\"><\/div>[\/vc_column][vc_column width=\u00bb1\/3&#8243;]<div class=\"box clearfix style-1 wpb_content_element align-center \" style=\"padding: 20px 20px 20px 20px; \">\n<h3>Organizaciones sectoriales<\/h3>\n<a href=\"\/es\/asociados\/son-socios-de-foment\/organizaciones-sectoriales\/\" target=\"_blank\" class=\"button color-2 medium \" style=\"border-radius: 2px;\">Con\u00f3celas<\/a><\/div><div class=\"box clearfix style-1 wpb_content_element align-center \" style=\"padding: 20px 20px 20px 20px; \">\n<h3>Organizaciones territoriales<\/h3>\n<a href=\"\/es\/asociados\/son-socios-de-foment\/organizaciones-territoriales\/\" target=\"_blank\" class=\"button color-2 medium \" style=\"border-radius: 2px;\">Con\u00f3celas<\/a><\/div>[\/vc_column][\/vc_row][vc_row][vc_column width=\u00bb1\/3&#8243;][\/vc_column][vc_column width=\u00bb1\/3&#8243;][\/vc_column][vc_column width=\u00bb1\/3&#8243;][\/vc_column][\/vc_row]<\/p>\n<\/section>","protected":false},"excerpt":{"rendered":"<p>[vc_row][vc_column width=\u00bb2\/3&#8243;][vc_column_text]Foment del Treball integra tres clases de asociados: Socios colectivos: re\u00fane las Asociaciones Sectoriales -sector qu\u00edmico, hospitalario, tur\u00edstico, metal y servicios, entre otros- y Territoriales -provinciales y comarcales- de Catalu\u00f1a. Tambi\u00e9n incluye los asociados indirectos, formados de la relaci\u00f3n que las diferentes agrupaciones establecen entre ellas. Socios individuales: son las grandes y medianas empresas o multinacionales con sede o actividad en Catalu\u00f1a y aquellas empresas que son representativas de cada sector de actividad. Miembros colaboradores: incluye aquellas entidades la actividad de las cuales no es totalmente empresarial, pero que facilitan la actividad econ\u00f3mica y profesional y que desean integrarse en Foment para recibir sus servicios (c\u00e1maras de comercio extranjeras, colegios profesionales, institutos de actividad empresarial, etc). [\/vc_column_text][\/vc_column][vc_column width=\u00bb1\/3&#8243;][\/vc_column][\/vc_row][vc_row][vc_column width=\u00bb1\/3&#8243;][\/vc_column][vc_column width=\u00bb1\/3&#8243;][\/vc_column][vc_column width=\u00bb1\/3&#8243;][\/vc_column][\/vc_row]<\/p>\n","protected":false},"author":1,"featured_media":0,"parent":15853,"menu_order":0,"comment_status":"closed","ping_status":"closed","template":"","meta":{"_links_to":"","_links_to_target":""},"acf":[],"wps_subtitle":"","_links":{"self":[{"href":"https:\/\/www.foment.com\/es\/wp-json\/wp\/v2\/pages\/23158"}],"collection":[{"href":"https:\/\/www.foment.com\/es\/wp-json\/wp\/v2\/pages"}],"about":[{"href":"https:\/\/www.foment.com\/es\/wp-json\/wp\/v2\/types\/page"}],"author":[{"embeddable":true,"href":"https:\/\/www.foment.com\/es\/wp-json\/wp\/v2\/users\/1"}],"replies":[{"embeddable":true,"href":"https:\/\/www.foment.com\/es\/wp-json\/wp\/v2\/comments?post=23158"}],"version-history":[{"count":0,"href":"https:\/\/www.foment.com\/es\/wp-json\/wp\/v2\/pages\/23158\/revisions"}],"up":[{"embeddable":true,"href":"https:\/\/www.foment.com\/es\/wp-json\/wp\/v2\/pages\/15853"}],"wp:attachment":[{"href":"https:\/\/www.foment.com\/es\/wp-json\/wp\/v2\/media?parent=23158"}],"curies":[{"name":"wp","href":"https:\/\/api.w.org\/{rel}","templated":true}]}}