{"id":23226,"date":"2016-10-18T14:59:16","date_gmt":"2016-10-18T12:59:16","guid":{"rendered":"http:\/\/foment.itartech.com\/?page_id=23226"},"modified":"2018-05-29T16:10:09","modified_gmt":"2018-05-29T14:10:09","slug":"innovacion-competitiva","status":"publish","type":"page","link":"https:\/\/www.foment.com\/es\/actividades\/innovacion-competitiva\/","title":{"rendered":"Innovaci\u00f3n Competitiva"},"content":{"rendered":"<section class=\"wpb-content-wrapper\"><p>[vc_row][vc_column width=\u00bb1\/1&#8243;]\n\t\t\t<!-- START post innovacion competitiva REVOLUTION SLIDER 6.4.6 --><p class=\"rs-p-wp-fix\"><\/p>\n\t\t\t<rs-module-wrap id=\"rev_slider_31_1_wrapper\" data-source=\"post\" style=\"background:transparent;padding:0;margin:0px auto;margin-top:0;margin-bottom:0;\">\n\t\t\t\t<rs-module id=\"rev_slider_31_1\" style=\"\" data-version=\"6.4.6\">\n\t\t\t\t\t<div class=\"rs_error_message_box\">\n\t\t\t\t\t\t<div class=\"rs_error_message_oops\">Oops...<\/div>\n\t\t\t\t\t\t<div class=\"rs_error_message_content\">No slides found, please add at least one Slide Template to the choosen language.<\/div>\n\t\t\t\t\t<\/div>\n\t\t\t\t<\/rs-module>\n\t\t\t<\/rs-module-wrap>\n\t\t\t<script type=\"text\/javascript\">\n\t\t\t\tvar rs_eslider = document.getElementById(\"rev_slider_31_1\");\n\t\t\t\trs_eslider.style.display = \"none\";\n\t\t\t\tconsole.log(\"No slides found, please add at least one Slide Template to the choosen language.\");\n\t\t\t<\/script>\n[\/vc_column][\/vc_row][vc_row bg_color=\u00bb#ffffff\u00bb section_arrow=\u00bbfalse\u00bb top_padding=\u00bb60&#8243; bottom_padding=\u00bb60&#8243;][vc_column width=\u00bb1\/4&#8243;]<div class=\"single_image wpb_content_element align-left    \" data-animation=\"none\" data-delay=\"0\"><img width=\"945\" height=\"236\" src=\"https:\/\/www.foment.com\/wp-content\/uploads\/2017\/05\/nou_logo_Innovaci\u00f3_es.png\" class=\"attachment-full\" alt=\"\" loading=\"lazy\" title=\"nou_logo_Innovaci\u00f3_es\" \/><\/div>[vc_tweetmeme type=\u00bbfollow\u00bb follow_user=\u00bb@icompetitiva\u00bb show_followers_count=\u00bbtrue\u00bb large_button=\u00bbtrue\u00bb][\/vc_column][vc_column width=\u00bb3\/4&#8243;][vc_column_text]<\/p>\n<p style=\"text-align: justify;\"><span class='dropcap dropcap-book'>F<\/span>oment del Treball, con el ciclo Innovaci\u00f3n Competitiva, ofrece un calendario de acciones presenciales dirigido al personal directivo y mandos intermedios de las empresas, para facilitar instrumentos para la mejora de la competitividad y adaptaci\u00f3n al cambio, incrementar el nivel de formaci\u00f3n de los profesionales de las empresas en el \u00e1mbito de la innovaci\u00f3n y las nuevas tecnolog\u00edas y favorecer el networking entre las empresas para propiciar un entorno de confianza de cara a posibles colaboraciones.<\/p>\n<p>En definitiva, Innovaci\u00f3n Competitiva pretende conseguir un entorno que ayude a las empresas a mejorar su nivel de competitividad especialmente en el \u00e1mbito de la I+D, innovaci\u00f3n y nuevas tecnolog\u00edas, haciendo uso de las redes sociales.<\/p>\n<p>[\/vc_column_text][\/vc_column][\/vc_row][vc_row bg_color=\u00bb#ededed\u00bb top_padding=\u00bb60&#8243; bottom_padding=\u00bb60&#8243;][vc_column column_center=\u00bbtrue\u00bb width=\u00bb1\/1&#8243;]<h1 class=\"headline font-inherit fontsize-l fontweight-inherit lh-inherit align-center transform-inherit \" style=\"margin: 0 0 20px 0;\">Actualidad<\/h1>[\/vc_column][\/vc_row][vc_row bg_color=\u00bb#ffffff\u00bb top_padding=\u00bb40&#8243; bottom_padding=\u00bb60&#8243;][vc_column width=\u00bb2\/3&#8243;]<h2 class=\"headline font-inherit fontsize-l fontweight-inherit lh-inherit align-left transform-inherit \" style=\"margin: 0 0 20px 0;\">Actividades<\/h2>[vc_column_text]<!-- EventON Calendar --><div id='evcal_calendar_556' class='ajde_evcal_calendar  box_2 ajax_loading_cal' ><div id='evcal_head' class='calendar_header ' ><div class='evo_cal_above'><span class='evo-gototoday-btn' style='display:none' data-mo='4' data-yr='2026' data-dy=''>Mes actual<\/span><\/div><div class='evo_cal_above_content'><\/div><p class='evo_arrows'><span style='margin-right:8px;' id='evcal_prev' class='evcal_arrows evcal_btn_prev' ><\/span><\/p><p style='width: 220px!important;text-align:center' id='evcal_cur' class='evo_month_title'> abril, 2026<\/p><p class='evo_arrows'><span id='evcal_next' class='evcal_arrows evo_arrow_next evcal_btn_next' ><\/span><\/p><div class='clear'><\/div><\/div><div id='eventon_loadbar_section'><div id='eventon_loadbar'><\/div><\/div><div class='evo_ajax_load_events'><span><\/span><span><\/span><span><\/span><\/div><!-- Events List --><div id='evcal_list' class='eventon_events_list '>\t\t\t<div class='clear'><\/div>\n\t\t\t<\/div>\n\t\t\t<div class='clear'><\/div>\n\t\t\t\t\t \t<div id='evcal_footer' class='evo_bottom' style='display:none'>\n\t\t \t\t<div class='evo_cal_data'  data-sc='{\"accord\":\"no\",\"bottom_nav\":\"no\",\"cal_id\":\"\",\"cal_init_nonajax\":\"no\",\"calendar_type\":\"default\",\"control_style\":\"def\",\"el_type\":\"ue\",\"etc_override\":\"yes\",\"evc_open\":\"no\",\"event_count\":\"3\",\"event_location\":\"all\",\"event_order\":\"ASC\",\"event_organizer\":\"all\",\"event_past_future\":\"all\",\"event_tag\":\"all\",\"event_type\":\"203\",\"event_type_2\":\"all\",\"event_type_3\":\"all\",\"event_type_4\":\"all\",\"event_type_5\":\"all\",\"eventtop_style\":0,\"exp_jumper\":\"no\",\"exp_so\":\"no\",\"filter_relationship\":\"AND\",\"filter_show_set_only\":\"no\",\"filter_type\":\"default\",\"filters\":\"yes\",\"fixed_month\":\"4\",\"fixed_year\":\"2026\",\"focus_end_date_range\":\"1777593599\",\"focus_start_date_range\":\"1775001600\",\"ft_event_priority\":\"no\",\"hide_arrows\":\"no\",\"hide_empty_months\":\"no\",\"hide_end_time\":\"no\",\"hide_ft\":\"no\",\"hide_month_headers\":\"no\",\"hide_mult_occur\":\"no\",\"hide_past\":\"no\",\"hide_past_by\":\"ee\",\"hide_so\":\"no\",\"ics\":\"no\",\"jumper\":\"no\",\"jumper_count\":5,\"jumper_offset\":\"0\",\"lang\":\"L1\",\"layout_changer\":\"no\",\"livenow_bar\":\"yes\",\"mapformat\":\"roadmap\",\"mapiconurl\":\"\",\"maps_load\":\"yes\",\"mapscroll\":\"true\",\"mapzoom\":\"18\",\"members_only\":\"no\",\"ml_priority\":\"no\",\"month_incre\":0,\"number_of_months\":\"1\",\"only_ft\":\"no\",\"pec\":\"\",\"s\":\"\",\"search\":\"\",\"search_all\":\"no\",\"sep_month\":\"no\",\"show_et_ft_img\":\"no\",\"show_limit\":\"yes\",\"show_limit_ajax\":\"no\",\"show_limit_paged\":1,\"show_limit_redir\":\"\",\"show_repeats\":\"no\",\"show_rsvp\":\"no\",\"show_upcoming\":0,\"show_year\":\"no\",\"slide_auto\":\"no\",\"slide_hide_control\":\"no\",\"slide_loop\":\"no\",\"slide_nav_dots\":\"no\",\"slide_pause_hover\":\"no\",\"slide_style\":\"def\",\"slider_pause\":\"2000\",\"slider_speed\":\"400\",\"slider_type\":\"def\",\"slides_visible\":1,\"sort_by\":\"sort_date\",\"tile_bg\":0,\"tile_bg_size\":\"full\",\"tile_count\":2,\"tile_height\":0,\"tile_style\":0,\"tiles\":\"no\",\"ux_val\":\"0\",\"view_switcher\":\"no\",\"wpml_l1\":\"\",\"wpml_l2\":\"\",\"wpml_l3\":\"\",\"yl_priority\":\"no\",\"fixed_day\":\"1\",\"_cver\":\"3.1.6\"}' data-od='{\"lang_no_events\":\"_No hay eventos\"}'><\/div>\n\t\t \t\t<div class='evo_cal_events' data-events=\"\"><\/div>\n\t\t \t<\/div>\n\t\t\t\t\n\t\t\t\n\t\t\t\t\t\t<\/div><!-- EventON End -->\n\t\t\t[\/vc_column_text][\/vc_column][vc_column width=\u00bb1\/3&#8243;]<h2 class=\"headline font-inherit fontsize-l fontweight-inherit lh-inherit align-left transform-inherit \" style=\"margin: 0 0 20px 0;\">\u00daltimos videos<\/h2>[vc_raw_html]JTNDaWZyYW1lJTIwd2lkdGglM0QlMjIzMDAlMjIlMjBoZWlnaHQlM0QlMjIxNjklMjIlMjBzcmMlM0QlMjJodHRwcyUzQSUyRiUyRnd3dy55b3V0dWJlLmNvbSUyRmVtYmVkJTJGdmlkZW9zZXJpZXMlM0ZsaXN0JTNEUEx5dlBBUURGWl9oT3V2ZDR1eTgzcHVWczRadjFlSzQtMyUyMiUyMGZyYW1lYm9yZGVyJTNEJTIyMCUyMiUyMGFsbG93ZnVsbHNjcmVlbiUzRSUzQyUyRmlmcmFtZSUzRSUwQQ==[\/vc_raw_html][\/vc_column][\/vc_row][vc_row][vc_column width=\u00bb1\/1&#8243;]<h2 class=\"headline font-special fontsize-m fontweight-700 lh-inherit align-center transform-inherit \" style=\"margin: 30px 0 40px 0;\">\u00daltimas presentaciones<\/h2>[\/vc_column][\/vc_row][vc_row][vc_column width=\u00bb1\/1&#8243;]<div class=\"minti_carousel  grab-false dots\" data-columns=\"3\" data-tabletcolumns=\"3\" data-nav=\"true\" data-pagination=\"true\" data-autoplay=\"false\" data-animationtime=\"4000\"><div class=\"iconbox  iconbox-style-10 icon-color-accent color-dark clearfix\"><i class=\"fa fa-paperclip boxicon\" style=\"\"><\/i><h3>Marina Mart\u00ednez, Divisi\u00f3n de Programas Europeos, CDTI E.P.E<\/h3><p><a href=\"http:\/\/www.foment.com\/wp-content\/uploads\/2018\/05\/Presentaci\u00f3-Marina-Martinez.pdf\">Evoluci\u00f3n de los programas Europeos de I+D+i a partir de 2021<\/a><\/p><\/div><div class=\"iconbox  iconbox-style-10 icon-color-accent color-dark clearfix\"><i class=\"fa fa-paperclip boxicon\" style=\"\"><\/i><h3>Jos\u00e9 Ma. Del Valle, Clarke, Modet &amp; Co<\/h3><p><a href=\"http:\/\/www.foment.com\/wp-content\/uploads\/2018\/04\/PROPIEDAD-INDUSTRIAL-E-INTELECTUAL-4-1.pdf\"><strong>Breve repaso a las diferentes f\u00f3rmulas de protecci\u00f3n de resultados<\/strong><\/a><\/p><\/div><div class=\"iconbox  iconbox-style-10 icon-color-accent color-dark clearfix\"><i class=\"fa fa-paperclip boxicon\" style=\"\"><\/i><h3>Joan Rovira - Mimcord<\/h3><p><a href=\"http:\/\/www.foment.com\/wp-content\/uploads\/2018\/02\/Presentaci\u00f3-MIMCOR.pdf\">Sistemes de manteniment predictiu<\/a><\/p><\/div><div class=\"iconbox  iconbox-style-10 icon-color-accent color-dark clearfix\"><i class=\"fa fa-paperclip boxicon\" style=\"\"><\/i><h3>Xavier Riba - Innovae<\/h3><p><a href=\"http:\/\/www.foment.com\/wp-content\/uploads\/2018\/02\/Presentaci\u00f3-INNOVAE.pdf\">Aplicaciones AR\/VR para la Industria 4.0<\/a><\/p><\/div><div class=\"iconbox  iconbox-style-10 icon-color-accent color-dark clearfix\"><i class=\"fa fa-paperclip boxicon\" style=\"\"><\/i><h3>Guillem Casas - Effitronix<\/h3><p><a href=\"http:\/\/www.foment.com\/wp-content\/uploads\/2018\/02\/Ponencia-Effitronix-Foment-20180220.pdf\">Aplicacions pr\u00e0ctiques de la ind\u00fastria 4.0<\/a><\/p><\/div><div class=\"iconbox  iconbox-style-10 icon-color-accent color-dark clearfix\"><i class=\"fa fa-paperclip boxicon\" style=\"\"><\/i><h3>Nuno Neves - FICEP S3<\/h3><p><a href=\"http:\/\/www.foment.com\/wp-content\/uploads\/2018\/02\/FICEP-S3.pdf\">Maquinaria 3D versus Maquinaria Tradicional<\/a><\/p><\/div><div class=\"iconbox  iconbox-style-10 icon-color-accent color-dark clearfix\"><i class=\"fa fa-paperclip boxicon\" style=\"\"><\/i><h3>Carles Miranda - Coordinador Ind\u00fastria 4.0 d&#039;ACCI\u00d3<\/h3><p><a href=\"http:\/\/www.foment.com\/wp-content\/uploads\/2018\/02\/Ind\u00fastria-4.0_ACCIO_cat.pdf\">Actuacions de suport de la Generalitat per impulsar la Ind\u00fastria 4.0 en el teixit empresarial<\/a><\/p><\/div><\/div>[\/vc_column][\/vc_row]<\/p>\n<\/section>","protected":false},"excerpt":{"rendered":"<p>[vc_row][vc_column width=\u00bb1\/1&#8243;][\/vc_column][\/vc_row][vc_row bg_color=\u00bb#ffffff\u00bb section_arrow=\u00bbfalse\u00bb top_padding=\u00bb60&#8243; bottom_padding=\u00bb60&#8243;][vc_column width=\u00bb1\/4&#8243;][vc_tweetmeme type=\u00bbfollow\u00bb follow_user=\u00bb@icompetitiva\u00bb show_followers_count=\u00bbtrue\u00bb large_button=\u00bbtrue\u00bb][\/vc_column][vc_column width=\u00bb3\/4&#8243;][vc_column_text] oment del Treball, con el ciclo Innovaci\u00f3n Competitiva, ofrece un calendario de acciones presenciales dirigido al personal directivo y mandos intermedios de las empresas, para facilitar instrumentos para la mejora de la competitividad y adaptaci\u00f3n al cambio, incrementar el nivel de formaci\u00f3n de los profesionales de las empresas en el \u00e1mbito de la innovaci\u00f3n y las nuevas tecnolog\u00edas y favorecer el networking entre las empresas para propiciar un entorno de confianza de cara a posibles colaboraciones. En definitiva, Innovaci\u00f3n Competitiva pretende conseguir un entorno que ayude a las empresas a mejorar su nivel de competitividad especialmente en el \u00e1mbito de la I+D, innovaci\u00f3n y nuevas tecnolog\u00edas, haciendo uso de las redes sociales. [\/vc_column_text][\/vc_column][\/vc_row][vc_row bg_color=\u00bb#ededed\u00bb top_padding=\u00bb60&#8243; bottom_padding=\u00bb60&#8243;][vc_column column_center=\u00bbtrue\u00bb width=\u00bb1\/1&#8243;][\/vc_column][\/vc_row][vc_row bg_color=\u00bb#ffffff\u00bb top_padding=\u00bb40&#8243; bottom_padding=\u00bb60&#8243;][vc_column width=\u00bb2\/3&#8243;][vc_column_text][\/vc_column_text][\/vc_column][vc_column width=\u00bb1\/3&#8243;][vc_raw_html]JTNDaWZyYW1lJTIwd2lkdGglM0QlMjIzMDAlMjIlMjBoZWlnaHQlM0QlMjIxNjklMjIlMjBzcmMlM0QlMjJodHRwcyUzQSUyRiUyRnd3dy55b3V0dWJlLmNvbSUyRmVtYmVkJTJGdmlkZW9zZXJpZXMlM0ZsaXN0JTNEUEx5dlBBUURGWl9oT3V2ZDR1eTgzcHVWczRadjFlSzQtMyUyMiUyMGZyYW1lYm9yZGVyJTNEJTIyMCUyMiUyMGFsbG93ZnVsbHNjcmVlbiUzRSUzQyUyRmlmcmFtZSUzRSUwQQ==[\/vc_raw_html][\/vc_column][\/vc_row][vc_row][vc_column width=\u00bb1\/1&#8243;][\/vc_column][\/vc_row][vc_row][vc_column width=\u00bb1\/1&#8243;][\/vc_column][\/vc_row]<\/p>\n","protected":false},"author":1,"featured_media":0,"parent":20646,"menu_order":0,"comment_status":"closed","ping_status":"closed","template":"","meta":{"_links_to":"","_links_to_target":""},"acf":[],"wps_subtitle":"","_links":{"self":[{"href":"https:\/\/www.foment.com\/es\/wp-json\/wp\/v2\/pages\/23226"}],"collection":[{"href":"https:\/\/www.foment.com\/es\/wp-json\/wp\/v2\/pages"}],"about":[{"href":"https:\/\/www.foment.com\/es\/wp-json\/wp\/v2\/types\/page"}],"author":[{"embeddable":true,"href":"https:\/\/www.foment.com\/es\/wp-json\/wp\/v2\/users\/1"}],"replies":[{"embeddable":true,"href":"https:\/\/www.foment.com\/es\/wp-json\/wp\/v2\/comments?post=23226"}],"version-history":[{"count":0,"href":"https:\/\/www.foment.com\/es\/wp-json\/wp\/v2\/pages\/23226\/revisions"}],"up":[{"embeddable":true,"href":"https:\/\/www.foment.com\/es\/wp-json\/wp\/v2\/pages\/20646"}],"wp:attachment":[{"href":"https:\/\/www.foment.com\/es\/wp-json\/wp\/v2\/media?parent=23226"}],"curies":[{"name":"wp","href":"https:\/\/api.w.org\/{rel}","templated":true}]}}