{"id":24180,"date":"2016-11-07T19:10:31","date_gmt":"2016-11-07T18:10:31","guid":{"rendered":"http:\/\/foment.itartech.com\/?page_id=24180"},"modified":"2025-09-29T13:59:56","modified_gmt":"2025-09-29T11:59:56","slug":"josep-sanchez-llibre","status":"publish","type":"page","link":"https:\/\/www.foment.com\/es\/josep-sanchez-llibre\/","title":{"rendered":"Josep S\u00e1nchez Llibre"},"content":{"rendered":"<section class=\"wpb-content-wrapper\"><p>[vc_row bg_color=\u00bb#ffffff\u00bb top_padding=\u00bb60&#8243; bottom_padding=\u00bb60&#8243;][vc_column width=\u00bb1\/4&#8243;]<div class=\"single_image wpb_content_element align-left  animate   \" data-animation=\"fade-in-from-left\" data-delay=\"0\"><img width=\"1961\" height=\"2560\" src=\"https:\/\/www.foment.com\/wp-content\/uploads\/2023\/05\/7F6A8407-1-scaled.jpg\" class=\"attachment-full\" alt=\"\" loading=\"lazy\" title=\"JOSEP SANCHEZ LLIBRE\" srcset=\"https:\/\/www.foment.com\/wp-content\/uploads\/2023\/05\/7F6A8407-1-scaled.jpg 1961w, https:\/\/www.foment.com\/wp-content\/uploads\/2023\/05\/7F6A8407-1-230x300.jpg 230w, https:\/\/www.foment.com\/wp-content\/uploads\/2023\/05\/7F6A8407-1-784x1024.jpg 784w, https:\/\/www.foment.com\/wp-content\/uploads\/2023\/05\/7F6A8407-1-768x1003.jpg 768w, https:\/\/www.foment.com\/wp-content\/uploads\/2023\/05\/7F6A8407-1-1176x1536.jpg 1176w, https:\/\/www.foment.com\/wp-content\/uploads\/2023\/05\/7F6A8407-1-1569x2048.jpg 1569w\" sizes=\"(max-width: 1961px) 100vw, 1961px\" \/><\/div>[\/vc_column][vc_column width=\u00bb3\/4&#8243;][vc_column_text]<\/p>\n<p style=\"text-align: justify;\">Presidente de Foment del Treball Nacional y vicepresidente de la CEOE desde noviembre de 2018.<\/p>\n<p>Licenciado en Ciencias Empresariales y M\u00e1ster en Direcci\u00f3n de Empresas por ESADE.<\/p>\n<p>Empresario. Vicepresidente de Conserves DANI.<\/p>\n<p>Medalla de Honor Foment del Treball a la Trayectoria Empresarial (2009).<\/p>\n<p style=\"text-align: justify;\">Medalla Bernardo O&#8217;Higgins, otorgada por el presidente del Gobierno de Chile Eduardo Frei Ruiz-Tagle, en reconocimiento por las inversiones espa\u00f1olas en este pa\u00eds (2004).<\/p>\n<p>Ins\u00edgnia d&#8217;or i brillants del RCD Espa\u00f1ol (2011).[\/vc_column_text]<a href=\"https:\/\/www.foment.com\/wp-content\/uploads\/2025\/09\/CV_JOSEP-SANCHEZ-LLIBRE-CAST.pdf\" target=\"_blank\" class=\"button color-3 small \" style=\"border-radius: 2px;\">Consulta una nota biogr\u00e1fica m\u00e1s amplia<\/a>[\/vc_column][\/vc_row][vc_row bg_color=\u00bb#ededed\u00bb text_align=\u00bbcenter\u00bb top_padding=\u00bb40&#8243; bottom_padding=\u00bb40&#8243;][vc_column text_align=\u00bbcenter\u00bb]<h2 class=\"headline font-inherit fontsize-l fontweight-700 lh-inherit align-center transform-inherit \" style=\"margin: 0 0 20px 0;\">Articles i discursos<\/h2>[vc_column_text]<\/p>\n<p style=\"text-align: center;\"><span style=\"color: #333333;\"><i class=\"fa fa-paperclip minti-icon\" style=\"color:#ab192d !important; font-size: 20px; margin: 0px 2px 0px 0px\"><\/i> <a href=\"https:\/\/www.foment.com\/wp-content\/uploads\/2018\/11\/2018.11.05.Foment-del-Treball-Discurs-Josep-S\u00e1nchez-Llibre.-Presa-de-possessi\u00f3-1.pdf\" target=\"_blank\" rel=\"noopener\">\u00abDiscurso de toma de posesi\u00f3n de la Presidencia de Foment\u00bb<\/a> (5 de noviembre de 2018)<\/span><\/p>\n<p>[\/vc_column_text][vc_column_text]<\/p>\n<p style=\"text-align: center;\"><span style=\"color: #333333;\"><i class=\"fa fa-paperclip minti-icon\" style=\"color:#ab192d !important; font-size: 20px; margin: 0px 2px 0px 0px\"><\/i> <a href=\"https:\/\/www.foment.com\/wp-content\/uploads\/2022\/07\/2022.07.17_INTERVENCIO-DEL-PRESIDENT-DE-FOMENT-ASSEMBLEA_CAT-I-CAST-1.pdf\">\u00ab<\/a><a href=\"https:\/\/www.foment.com\/wp-content\/uploads\/2018\/11\/2018.11.05.Foment-del-Treball-Discurs-Josep-S\u00e1nchez-Llibre.-Presa-de-possessi\u00f3-1.pdf\" target=\"_blank\" rel=\"noopener\">Discurso de toma de posesi\u00f3n de la Presidencia de Foment<\/a><a href=\"https:\/\/www.foment.com\/wp-content\/uploads\/2022\/07\/2022.07.17_INTERVENCIO-DEL-PRESIDENT-DE-FOMENT-ASSEMBLEA_CAT-I-CAST-1.pdf\">\u00ab<\/a> (18 de julio de 2022)<\/span><\/p>\n<p>[\/vc_column_text][\/vc_column][\/vc_row]<\/p>\n<\/section>","protected":false},"excerpt":{"rendered":"<p>[vc_row bg_color=\u00bb#ffffff\u00bb top_padding=\u00bb60&#8243; bottom_padding=\u00bb60&#8243;][vc_column width=\u00bb1\/4&#8243;][\/vc_column][vc_column width=\u00bb3\/4&#8243;][vc_column_text] Presidente de Foment del Treball Nacional y vicepresidente de la CEOE desde noviembre de 2018. Licenciado en Ciencias Empresariales y M\u00e1ster en Direcci\u00f3n de Empresas por ESADE. Empresario. Vicepresidente de Conserves DANI. Medalla de Honor Foment del Treball a la Trayectoria Empresarial (2009). Medalla Bernardo O&#8217;Higgins, otorgada por el presidente del Gobierno de Chile Eduardo Frei Ruiz-Tagle, en reconocimiento por las inversiones espa\u00f1olas en este pa\u00eds (2004). Ins\u00edgnia d&#8217;or i brillants del RCD Espa\u00f1ol (2011).[\/vc_column_text][\/vc_column][\/vc_row][vc_row bg_color=\u00bb#ededed\u00bb text_align=\u00bbcenter\u00bb top_padding=\u00bb40&#8243; bottom_padding=\u00bb40&#8243;][vc_column text_align=\u00bbcenter\u00bb][vc_column_text] \u00abDiscurso de toma de posesi\u00f3n de la Presidencia de Foment\u00bb (5 de noviembre de 2018) [\/vc_column_text][vc_column_text] \u00abDiscurso de toma de posesi\u00f3n de la Presidencia de Foment\u00ab (18 de julio de 2022) [\/vc_column_text][\/vc_column][\/vc_row]<\/p>\n","protected":false},"author":1,"featured_media":0,"parent":0,"menu_order":0,"comment_status":"closed","ping_status":"closed","template":"","meta":{"_links_to":"","_links_to_target":""},"acf":[],"wps_subtitle":"","_links":{"self":[{"href":"https:\/\/www.foment.com\/es\/wp-json\/wp\/v2\/pages\/24180"}],"collection":[{"href":"https:\/\/www.foment.com\/es\/wp-json\/wp\/v2\/pages"}],"about":[{"href":"https:\/\/www.foment.com\/es\/wp-json\/wp\/v2\/types\/page"}],"author":[{"embeddable":true,"href":"https:\/\/www.foment.com\/es\/wp-json\/wp\/v2\/users\/1"}],"replies":[{"embeddable":true,"href":"https:\/\/www.foment.com\/es\/wp-json\/wp\/v2\/comments?post=24180"}],"version-history":[{"count":9,"href":"https:\/\/www.foment.com\/es\/wp-json\/wp\/v2\/pages\/24180\/revisions"}],"predecessor-version":[{"id":206632,"href":"https:\/\/www.foment.com\/es\/wp-json\/wp\/v2\/pages\/24180\/revisions\/206632"}],"wp:attachment":[{"href":"https:\/\/www.foment.com\/es\/wp-json\/wp\/v2\/media?parent=24180"}],"curies":[{"name":"wp","href":"https:\/\/api.w.org\/{rel}","templated":true}]}}