{"id":25558,"date":"2016-11-07T12:03:28","date_gmt":"2016-11-07T11:03:28","guid":{"rendered":"http:\/\/foment.itartech.com\/es\/?page_id=25558"},"modified":"2021-09-07T09:49:22","modified_gmt":"2021-09-07T07:49:22","slug":"misiones-empresariales","status":"publish","type":"page","link":"https:\/\/www.foment.com\/es\/misiones-empresariales\/","title":{"rendered":"Misiones Empresariales"},"content":{"rendered":"<section class=\"wpb-content-wrapper\"><p>[vc_row bg_color=\u00bb#f9f9f9&#8243; top_padding=\u00bb60&#8243; bottom_padding=\u00bb60&#8243;][vc_column width=\u00bb1\/6&#8243;]<div class=\"single_image wpb_content_element align-center  animate   \" data-animation=\"fade-in-from-left\" data-delay=\"0\"><img width=\"168\" height=\"140\" src=\"https:\/\/www.foment.com\/wp-content\/uploads\/2014\/07\/icon02.png\" class=\"attachment-full\" alt=\"\" loading=\"lazy\" title=\"icon02\" \/><\/div>[\/vc_column][vc_column width=\u00bb5\/6&#8243;][vc_column_text]<\/p>\n<p style=\"text-align: justify;\">Foment del Treball organiza anualmente un calendario completo de las llamadas misiones empresariales: viajes de negocio a los lugares del mundo que ofrecen mayores oportunidades de negocio e inversi\u00f3n. El objetivo, ayudar a las empresas catalanas a desarrollar una estrategia s\u00f3lida de internacionalizaci\u00f3n.<\/p>\n<p style=\"text-align: justify;\">Para cada misi\u00f3n, Foment prepara una agenda individualizada de contactos de\u00a0acuerdo\u00a0con los requerimientos de cada empresa participante.<\/p>\n<p>[\/vc_column_text][\/vc_column][\/vc_row][vc_row bottom_padding=\u00bb60&#8243;][vc_column width=\u00bb1\/1&#8243;]<h1 class=\"headline font-inherit fontsize-xxl fontweight-700 lh-inherit align-center transform-inherit \" style=\"margin: 30px 0 30px 0; color: #000000;\">PR\u00d3XIMAS MISIONES<\/h1>[vc_column_text]<div id=\"evcal_calendar_329\" class=\"ajde_evcal_calendar evoslider evosliderbox multiSlider cs_lr ss_def sltac\"><div class=\"evo_slider_outter\" >\r\n\t\t\t\t\t<div class=\"evo_slider_slide_out\">\r\n\t                <div class=\"eventon_events_list\" style=\"display:none\"><div class='eventon_list_event no_events'><p class='no_events' >_No hay eventos<\/p><\/div><\/div><\/div><\/div><div class=\"evosl_footer_outter\"><div class=\"evosl_footer\"><\/div><\/div>\t\t \t<div id='evcal_footer' class='evo_bottom' style='display:none'>\n\t\t \t\t<div class='evo_cal_data'  data-sc='{\"accord\":\"no\",\"bottom_nav\":\"no\",\"cal_id\":\"\",\"cal_init_nonajax\":\"no\",\"calendar_type\":\"default\",\"control_style\":\"lr\",\"el_type\":\"ue\",\"etc_override\":\"no\",\"evc_open\":\"no\",\"event_count\":\"12\\u2033\",\"event_location\":\"all\",\"event_order\":\"ASC\",\"event_organizer\":\"all\",\"event_past_future\":\"all\",\"event_tag\":\"all\",\"event_type\":\"386\",\"event_type_2\":\"all\",\"event_type_3\":\"all\",\"event_type_4\":\"all\",\"event_type_5\":\"all\",\"eventtop_style\":\"0\",\"exp_jumper\":\"no\",\"exp_so\":\"no\",\"filter_relationship\":\"AND\",\"filter_show_set_only\":\"no\",\"filter_type\":\"default\",\"filters\":\"yes\",\"fixed_month\":\"4\",\"fixed_year\":\"2026\",\"focus_end_date_range\":\"1806537599\",\"focus_start_date_range\":\"1776476498\",\"ft_event_priority\":\"no\",\"hide_arrows\":\"no\",\"hide_empty_months\":\"no\",\"hide_end_time\":\"no\",\"hide_ft\":\"no\",\"hide_month_headers\":\"no\",\"hide_mult_occur\":\"no\",\"hide_past\":\"no\",\"hide_past_by\":\"ee\",\"hide_so\":\"no\",\"ics\":\"no\",\"jumper\":\"no\",\"jumper_count\":\"5\",\"jumper_offset\":\"0\",\"lang\":\"L1\",\"layout_changer\":\"no\",\"livenow_bar\":\"yes\",\"mapformat\":\"roadmap\",\"mapiconurl\":\"\",\"maps_load\":\"yes\",\"mapscroll\":\"true\",\"mapzoom\":\"18\",\"members_only\":\"no\",\"ml_priority\":\"no\",\"month_incre\":\"0\",\"number_of_months\":\"12\",\"only_ft\":\"no\",\"pec\":\"\",\"s\":\"\",\"search\":\"\",\"search_all\":\"no\",\"sep_month\":\"no\",\"show_et_ft_img\":\"yes\",\"show_limit\":\"no\",\"show_limit_ajax\":\"no\",\"show_limit_paged\":\"1\",\"show_limit_redir\":\"\",\"show_repeats\":\"no\",\"show_rsvp\":\"no\",\"show_upcoming\":\"0\",\"show_year\":\"no\",\"slide_auto\":\"no\",\"slide_hide_control\":\"no\",\"slide_loop\":\"no\",\"slide_nav_dots\":\"yes\",\"slide_pause_hover\":\"no\",\"slide_style\":\"def\",\"slider_pause\":\"2000\",\"slider_speed\":\"400\",\"slider_type\":\"multi\",\"slides_visible\":\"1\",\"sort_by\":\"sort_date\",\"tile_bg\":\"0\",\"tile_bg_size\":\"full\",\"tile_count\":\"2\",\"tile_height\":\"0\",\"tile_style\":\"0\",\"tiles\":\"no\",\"ux_val\":\"3\",\"view_switcher\":\"no\",\"wpml_l1\":\"\",\"wpml_l2\":\"\",\"wpml_l3\":\"\",\"yl_priority\":\"no\",\"fixed_date\":\"\",\"fixed_day\":\"18\",\"_cver\":\"3.1.6\"}' data-od='{\"lang_no_events\":\"_No hay eventos\"}'><\/div>\n\t\t \t\t<div class='evo_cal_events' data-events=\"\"><\/div>\n\t\t \t<\/div>\n\t\t\t<\/div>[\/vc_column_text][\/vc_column][\/vc_row]<\/p>\n<\/section>","protected":false},"excerpt":{"rendered":"<p>[vc_row bg_color=\u00bb#f9f9f9&#8243; top_padding=\u00bb60&#8243; bottom_padding=\u00bb60&#8243;][vc_column width=\u00bb1\/6&#8243;][\/vc_column][vc_column width=\u00bb5\/6&#8243;][vc_column_text] Foment del Treball organiza anualmente un calendario completo de las llamadas misiones empresariales: viajes de negocio a los lugares del mundo que ofrecen mayores oportunidades de negocio e inversi\u00f3n. El objetivo, ayudar a las empresas catalanas a desarrollar una estrategia s\u00f3lida de internacionalizaci\u00f3n. Para cada misi\u00f3n, Foment prepara una agenda individualizada de contactos de\u00a0acuerdo\u00a0con los requerimientos de cada empresa participante. [\/vc_column_text][\/vc_column][\/vc_row][vc_row bottom_padding=\u00bb60&#8243;][vc_column width=\u00bb1\/1&#8243;][vc_column_text][\/vc_column_text][\/vc_column][\/vc_row]<\/p>\n","protected":false},"author":1,"featured_media":0,"parent":0,"menu_order":0,"comment_status":"closed","ping_status":"closed","template":"","meta":{"_links_to":"","_links_to_target":""},"acf":[],"wps_subtitle":"","_links":{"self":[{"href":"https:\/\/www.foment.com\/es\/wp-json\/wp\/v2\/pages\/25558"}],"collection":[{"href":"https:\/\/www.foment.com\/es\/wp-json\/wp\/v2\/pages"}],"about":[{"href":"https:\/\/www.foment.com\/es\/wp-json\/wp\/v2\/types\/page"}],"author":[{"embeddable":true,"href":"https:\/\/www.foment.com\/es\/wp-json\/wp\/v2\/users\/1"}],"replies":[{"embeddable":true,"href":"https:\/\/www.foment.com\/es\/wp-json\/wp\/v2\/comments?post=25558"}],"version-history":[{"count":2,"href":"https:\/\/www.foment.com\/es\/wp-json\/wp\/v2\/pages\/25558\/revisions"}],"predecessor-version":[{"id":119836,"href":"https:\/\/www.foment.com\/es\/wp-json\/wp\/v2\/pages\/25558\/revisions\/119836"}],"wp:attachment":[{"href":"https:\/\/www.foment.com\/es\/wp-json\/wp\/v2\/media?parent=25558"}],"curies":[{"name":"wp","href":"https:\/\/api.w.org\/{rel}","templated":true}]}}