{"id":35849,"date":"2017-05-30T12:21:19","date_gmt":"2017-05-30T10:21:19","guid":{"rendered":"http:\/\/www.foment.com\/es\/?page_id=35849"},"modified":"2019-10-25T08:59:46","modified_gmt":"2019-10-25T06:59:46","slug":"conocimiento-y-empresa","status":"publish","type":"page","link":"https:\/\/www.foment.com\/es\/actividades\/conocimiento-y-empresa\/","title":{"rendered":"Conocimiento y Empresa"},"content":{"rendered":"<section class=\"wpb-content-wrapper\"><p>[vc_row][vc_column width=\u00bb1\/1&#8243;]\n\t\t\t<!-- START conocimiento y empresa REVOLUTION SLIDER 6.4.6 --><p class=\"rs-p-wp-fix\"><\/p>\n\t\t\t<rs-module-wrap id=\"rev_slider_43_1_wrapper\" data-source=\"post\" style=\"background:transparent;padding:0;margin:0px auto;margin-top:0;margin-bottom:0;\">\n\t\t\t\t<rs-module id=\"rev_slider_43_1\" style=\"\" data-version=\"6.4.6\">\n\t\t\t\t\t<div class=\"rs_error_message_box\">\n\t\t\t\t\t\t<div class=\"rs_error_message_oops\">Oops...<\/div>\n\t\t\t\t\t\t<div class=\"rs_error_message_content\">No slides found, please add at least one Slide Template to the choosen language.<\/div>\n\t\t\t\t\t<\/div>\n\t\t\t\t<\/rs-module>\n\t\t\t<\/rs-module-wrap>\n\t\t\t<script type=\"text\/javascript\">\n\t\t\t\tvar rs_eslider = document.getElementById(\"rev_slider_43_1\");\n\t\t\t\trs_eslider.style.display = \"none\";\n\t\t\t\tconsole.log(\"No slides found, please add at least one Slide Template to the choosen language.\");\n\t\t\t<\/script>\n[\/vc_column][\/vc_row][vc_row bg_color=\u00bb#ffffff\u00bb section_arrow=\u00bbfalse\u00bb top_padding=\u00bb60&#8243; bottom_padding=\u00bb60&#8243;][vc_column width=\u00bb1\/1&#8243;][vc_column_text]<a href=\"http:\/\/www.foment.com\/wp-content\/uploads\/2017\/05\/nou_logo_coneixement_es-1.png\"><img loading=\"lazy\" class=\"alignnone wp-image-35858\" src=\"http:\/\/www.foment.com\/wp-content\/uploads\/2017\/05\/nou_logo_coneixement_es-1.png\" alt=\"\" width=\"347\" height=\"73\" \/><\/a><\/p>\n<span class='dropcap dropcap-book'>C<\/span>onocimiento Empresa es un espacio para compartir, intercambiar informaci\u00f3n, conocimiento y experiencias en el \u00e1mbito de la educaci\u00f3n, la formaci\u00f3n universitaria y la profesional. Cuenta con un ciclo de debates dedicado al acercamiento entre el mundo empresarial y el sistema educativo, el cual se dirige a Educadores, Directores de Recursos Humanos, Administraci\u00f3n P\u00fablica y Acad\u00e9micos. La tem\u00e1tica de cada jornada viene determinada seg\u00fan la actualidad.<\/p>\n<p>Creado el 2017 con el objetivo de convertirse en un espacio de an\u00e1lisis de la realidad educativa que m\u00e1s afecta a las empresas, donde expertos en la materia, profesionales y empresas comparten su visi\u00f3n y conocimiento. Las sesiones organizadas por Conocimiento Empresa promueven el an\u00e1lisis y el debate sobre la realidad del sistema educativo que m\u00e1s afecta a la empresa y favorece el intercambio de buenas pr\u00e1cticas.[\/vc_column_text][\/vc_column][\/vc_row][vc_row bg_color=\u00bb#ededed\u00bb top_padding=\u00bb60&#8243; bottom_padding=\u00bb60&#8243;][vc_column column_center=\u00bbtrue\u00bb width=\u00bb1\/1&#8243;]<h1 class=\"headline font-inherit fontsize-l fontweight-inherit lh-inherit align-center transform-inherit \" style=\"margin: 0 0 20px 0;\">Actualidad<\/h1>[\/vc_column][\/vc_row][vc_row bg_color=\u00bb#ffffff\u00bb top_padding=\u00bb40&#8243; bottom_padding=\u00bb60&#8243;][vc_column width=\u00bb2\/3&#8243;]<h2 class=\"headline font-inherit fontsize-l fontweight-inherit lh-inherit align-left transform-inherit \" style=\"margin: 0 0 20px 0;\">Actividades<\/h2>[vc_column_text]<!-- EventON Calendar --><div id='evcal_calendar_380' class='ajde_evcal_calendar  box_2 ajax_loading_cal' ><div id='evcal_head' class='calendar_header ' ><div class='evo_cal_above'><span class='evo-gototoday-btn' style='display:none' data-mo='4' data-yr='2026' data-dy=''>Mes actual<\/span><\/div><div class='evo_cal_above_content'><\/div><p class='evo_arrows'><span style='margin-right:8px;' id='evcal_prev' class='evcal_arrows evcal_btn_prev' ><\/span><\/p><p style='width: 220px!important;text-align:center' id='evcal_cur' class='evo_month_title'> abril, 2026<\/p><p class='evo_arrows'><span id='evcal_next' class='evcal_arrows evo_arrow_next evcal_btn_next' ><\/span><\/p><div class='clear'><\/div><\/div><div id='eventon_loadbar_section'><div id='eventon_loadbar'><\/div><\/div><div class='evo_ajax_load_events'><span><\/span><span><\/span><span><\/span><\/div><!-- Events List --><div id='evcal_list' class='eventon_events_list '>\t\t\t<div class='clear'><\/div>\n\t\t\t<\/div>\n\t\t\t<div class='clear'><\/div>\n\t\t\t\t\t \t<div id='evcal_footer' class='evo_bottom' style='display:none'>\n\t\t \t\t<div class='evo_cal_data'  data-sc='{\"accord\":\"no\",\"bottom_nav\":\"no\",\"cal_id\":\"\",\"cal_init_nonajax\":\"no\",\"calendar_type\":\"default\",\"control_style\":\"def\",\"el_type\":\"ue\",\"etc_override\":\"yes\",\"evc_open\":\"no\",\"event_count\":\"3\",\"event_location\":\"all\",\"event_order\":\"ASC\",\"event_organizer\":\"all\",\"event_past_future\":\"all\",\"event_tag\":\"all\",\"event_type\":\"597\",\"event_type_2\":\"all\",\"event_type_3\":\"all\",\"event_type_4\":\"all\",\"event_type_5\":\"all\",\"eventtop_style\":0,\"exp_jumper\":\"no\",\"exp_so\":\"no\",\"filter_relationship\":\"AND\",\"filter_show_set_only\":\"no\",\"filter_type\":\"default\",\"filters\":\"yes\",\"fixed_month\":\"4\",\"fixed_year\":\"2026\",\"focus_end_date_range\":\"1777593599\",\"focus_start_date_range\":\"1775001600\",\"ft_event_priority\":\"no\",\"hide_arrows\":\"no\",\"hide_empty_months\":\"no\",\"hide_end_time\":\"no\",\"hide_ft\":\"no\",\"hide_month_headers\":\"no\",\"hide_mult_occur\":\"no\",\"hide_past\":\"no\",\"hide_past_by\":\"ee\",\"hide_so\":\"no\",\"ics\":\"no\",\"jumper\":\"no\",\"jumper_count\":5,\"jumper_offset\":\"0\",\"lang\":\"L1\",\"layout_changer\":\"no\",\"livenow_bar\":\"yes\",\"mapformat\":\"roadmap\",\"mapiconurl\":\"\",\"maps_load\":\"yes\",\"mapscroll\":\"true\",\"mapzoom\":\"18\",\"members_only\":\"no\",\"ml_priority\":\"no\",\"month_incre\":0,\"number_of_months\":\"1\",\"only_ft\":\"no\",\"pec\":\"\",\"s\":\"\",\"search\":\"\",\"search_all\":\"no\",\"sep_month\":\"no\",\"show_et_ft_img\":\"no\",\"show_limit\":\"yes\",\"show_limit_ajax\":\"no\",\"show_limit_paged\":1,\"show_limit_redir\":\"\",\"show_repeats\":\"no\",\"show_rsvp\":\"no\",\"show_upcoming\":0,\"show_year\":\"no\",\"slide_auto\":\"no\",\"slide_hide_control\":\"no\",\"slide_loop\":\"no\",\"slide_nav_dots\":\"no\",\"slide_pause_hover\":\"no\",\"slide_style\":\"def\",\"slider_pause\":\"2000\",\"slider_speed\":\"400\",\"slider_type\":\"def\",\"slides_visible\":1,\"sort_by\":\"sort_date\",\"tile_bg\":0,\"tile_bg_size\":\"full\",\"tile_count\":2,\"tile_height\":0,\"tile_style\":0,\"tiles\":\"no\",\"ux_val\":\"0\",\"view_switcher\":\"no\",\"wpml_l1\":\"\",\"wpml_l2\":\"\",\"wpml_l3\":\"\",\"yl_priority\":\"no\",\"fixed_day\":\"1\",\"_cver\":\"3.1.6\"}' data-od='{\"lang_no_events\":\"_No hay eventos\"}'><\/div>\n\t\t \t\t<div class='evo_cal_events' data-events=\"\"><\/div>\n\t\t \t<\/div>\n\t\t\t\t\n\t\t\t\n\t\t\t\t\t\t<\/div><!-- EventON End -->\n\t\t\t[\/vc_column_text][\/vc_column][vc_column width=\u00bb1\/3&#8243;]<h2 class=\"headline font-inherit fontsize-l fontweight-inherit lh-inherit align-left transform-inherit \" style=\"margin: 0 0 20px 0;\">\u00daltimos videos<\/h2>[vc_raw_html]JTNDaWZyYW1lJTIwd2lkdGglM0QlMjIzMDAlMjIlMjBoZWlnaHQlM0QlMjIxNjklMjIlMjBzcmMlM0QlMjJodHRwcyUzQSUyRiUyRnd3dy55b3V0dWJlLmNvbSUyRmVtYmVkJTJGdmlkZW9zZXJpZXMlM0ZsaXN0JTNEUEx5dlBBUURGWl9oTy1NeUNDeG9zR2J6S3NJOFgyWElyaiUyMiUyMGZyYW1lYm9yZGVyJTNEJTIyMCUyMiUyMGFsbG93ZnVsbHNjcmVlbiUzRSUzQyUyRmlmcmFtZSUzRSUwQQ==[\/vc_raw_html][\/vc_column][\/vc_row][vc_row bg_color=\u00bb#f9f9f9&#8243; top_padding=\u00bb60&#8243; bottom_padding=\u00bb60&#8243;][vc_column width=\u00bb1\/1&#8243;]<h2 class=\"headline font-special fontsize-xl fontweight-700 lh-inherit align-center transform-inherit \" style=\"margin: 0 0 30px 0;\">\u00daltimas presentaciones<\/h2>[\/vc_column][\/vc_row][vc_row][vc_column width=\u00bb1\/1&#8243;]<div class=\"minti_carousel  grab-false dots\" data-columns=\"3\" data-tabletcolumns=\"3\" data-nav=\"true\" data-pagination=\"true\" data-autoplay=\"false\" data-animationtime=\"4000\"><div class=\"iconbox  iconbox-style-10 icon-color-accent color-dark clearfix\"><i class=\"fa paper-clip boxicon\" style=\"\"><\/i><h3>Juan Carlos Tejeda -Jornada`` El sistema de Formaci\u00f3n Profesional: La reforma pendiente``<\/h3><p><a href=\"https:\/\/www.foment.com\/wp-content\/uploads\/2019\/10\/Intervenci\u00f3n-Juan-Carlos-Tejeda-Jornada-FP-15.10.2019.pdf\">Iniciativas empresariales de \u00e1mbito estatal en relaci\u00f3n con el Sistema de Formaci\u00f3n Profesional<\/a><\/p><\/div><\/div>[\/vc_column][\/vc_row]<\/p>\n<\/section>","protected":false},"excerpt":{"rendered":"<p>[vc_row][vc_column width=\u00bb1\/1&#8243;][\/vc_column][\/vc_row][vc_row bg_color=\u00bb#ffffff\u00bb section_arrow=\u00bbfalse\u00bb top_padding=\u00bb60&#8243; bottom_padding=\u00bb60&#8243;][vc_column width=\u00bb1\/1&#8243;][vc_column_text] onocimiento Empresa es un espacio para compartir, intercambiar informaci\u00f3n, conocimiento y experiencias en el \u00e1mbito de la educaci\u00f3n, la formaci\u00f3n universitaria y la profesional. Cuenta con un ciclo de debates dedicado al acercamiento entre el mundo empresarial y el sistema educativo, el cual se dirige a Educadores, Directores de Recursos Humanos, Administraci\u00f3n P\u00fablica y Acad\u00e9micos. La tem\u00e1tica de cada jornada viene determinada seg\u00fan la actualidad. Creado el 2017 con el objetivo de convertirse en un espacio de an\u00e1lisis de la realidad educativa que m\u00e1s afecta a las empresas, donde expertos en la materia, profesionales y empresas comparten su visi\u00f3n y conocimiento. Las sesiones organizadas por Conocimiento Empresa promueven el an\u00e1lisis y el debate sobre la realidad del sistema educativo que m\u00e1s afecta a la empresa y favorece el intercambio de buenas pr\u00e1cticas.[\/vc_column_text][\/vc_column][\/vc_row][vc_row bg_color=\u00bb#ededed\u00bb top_padding=\u00bb60&#8243; bottom_padding=\u00bb60&#8243;][vc_column column_center=\u00bbtrue\u00bb width=\u00bb1\/1&#8243;][\/vc_column][\/vc_row][vc_row bg_color=\u00bb#ffffff\u00bb top_padding=\u00bb40&#8243; bottom_padding=\u00bb60&#8243;][vc_column width=\u00bb2\/3&#8243;][vc_column_text][\/vc_column_text][\/vc_column][vc_column width=\u00bb1\/3&#8243;][vc_raw_html]JTNDaWZyYW1lJTIwd2lkdGglM0QlMjIzMDAlMjIlMjBoZWlnaHQlM0QlMjIxNjklMjIlMjBzcmMlM0QlMjJodHRwcyUzQSUyRiUyRnd3dy55b3V0dWJlLmNvbSUyRmVtYmVkJTJGdmlkZW9zZXJpZXMlM0ZsaXN0JTNEUEx5dlBBUURGWl9oTy1NeUNDeG9zR2J6S3NJOFgyWElyaiUyMiUyMGZyYW1lYm9yZGVyJTNEJTIyMCUyMiUyMGFsbG93ZnVsbHNjcmVlbiUzRSUzQyUyRmlmcmFtZSUzRSUwQQ==[\/vc_raw_html][\/vc_column][\/vc_row][vc_row bg_color=\u00bb#f9f9f9&#8243; top_padding=\u00bb60&#8243; bottom_padding=\u00bb60&#8243;][vc_column width=\u00bb1\/1&#8243;][\/vc_column][\/vc_row][vc_row][vc_column width=\u00bb1\/1&#8243;][\/vc_column][\/vc_row]<\/p>\n","protected":false},"author":10,"featured_media":0,"parent":20646,"menu_order":0,"comment_status":"closed","ping_status":"closed","template":"","meta":{"_links_to":"","_links_to_target":""},"acf":[],"wps_subtitle":"","_links":{"self":[{"href":"https:\/\/www.foment.com\/es\/wp-json\/wp\/v2\/pages\/35849"}],"collection":[{"href":"https:\/\/www.foment.com\/es\/wp-json\/wp\/v2\/pages"}],"about":[{"href":"https:\/\/www.foment.com\/es\/wp-json\/wp\/v2\/types\/page"}],"author":[{"embeddable":true,"href":"https:\/\/www.foment.com\/es\/wp-json\/wp\/v2\/users\/10"}],"replies":[{"embeddable":true,"href":"https:\/\/www.foment.com\/es\/wp-json\/wp\/v2\/comments?post=35849"}],"version-history":[{"count":0,"href":"https:\/\/www.foment.com\/es\/wp-json\/wp\/v2\/pages\/35849\/revisions"}],"up":[{"embeddable":true,"href":"https:\/\/www.foment.com\/es\/wp-json\/wp\/v2\/pages\/20646"}],"wp:attachment":[{"href":"https:\/\/www.foment.com\/es\/wp-json\/wp\/v2\/media?parent=35849"}],"curies":[{"name":"wp","href":"https:\/\/api.w.org\/{rel}","templated":true}]}}