{"id":74579,"date":"2019-10-22T09:09:42","date_gmt":"2019-10-22T07:09:42","guid":{"rendered":"https:\/\/www.foment.com\/actividades\/foro-recursos-humanos\/silvia-fores\/"},"modified":"2024-07-23T09:34:14","modified_gmt":"2024-07-23T07:34:14","slug":"silvia-fores","status":"publish","type":"page","link":"https:\/\/www.foment.com\/es\/actividades\/foro-recursos-humanos\/silvia-fores\/","title":{"rendered":"S\u00edlvia For\u00e9s"},"content":{"rendered":"<section class=\"wpb-content-wrapper\"><p>[vc_row top_padding=\u00bb60&#8243; bottom_padding=\u00bb60&#8243;][vc_column width=\u00bb1\/1&#8243;][vc_row_inner][vc_column_inner width=\u00bb1\/3&#8243;]<div class=\"imagebox wpb_content_element style-1\"><div class=\"imagebox-img\"><img src=\"https:\/\/www.foment.com\/wp-content\/uploads\/2024\/07\/Silvia-Fores.jpg\" alt=\"\" \/><\/div>\n<blockquote>\n<div class=\"gdlr-core-pbf-element\">\n<div class=\"gdlr-core-blockquote-item gdlr-core-item-pdlr gdlr-core-item-pdb gdlr-core-center-align gdlr-core-medium-size\">\n<div class=\"gdlr-core-blockquote gdlr-core-info-font\">\n<div class=\"gdlr-core-blockquote-item-content-wrap\">\n<div class=\"gdlr-core-blockquote-item-content gdlr-core-skin-content\">\n<p>Opino que dominar un idioma te permite vivir otra vida distinta y me esforc\u00e9 mucho para poder vivir seis.<\/p><\/div>\n<\/div>\n<\/div>\n<\/div>\n<\/div>\n<\/blockquote>\n<\/div>[vc_column_text]<div class=\"social-icon social-big\"><a href=\"https:\/\/twitter.com\/silviafores?lang=es\" target=\"_blank\" title=\"\"><i class=\"fa fa-twitter\"><\/i><\/a><\/div><div class=\"social-icon social-big\"><a href=\"https:\/\/www.linkedin.com\/in\/silviafores\/\" target=\"_blank\" title=\"\"><i class=\"fa fa-linkedin\"><\/i><\/a><\/div>[\/vc_column_text][\/vc_column_inner][vc_column_inner width=\u00bb2\/3&#8243;]<h3 class=\"headline font-special fontsize-m fontweight-inherit lh-inherit align-left transform-inherit \" style=\"margin: 0 0 20px 0; color: #000000;\">Presidenta del Foro RRHH y Directora de People &#038; Culture en Mandarin Oriental Hotel &#038; The Residences Barcelona<\/h3>[vc_column_text]<span style=\"color: #ab192d;\"><strong>BIOGRAF\u00cdA<\/strong><\/span><\/p>\n<p>Me llamo S\u00edlvia y nac\u00ed en Barcelona el d\u00eda en que Catalu\u00f1a se llena de rosas y de libros por las calles.<\/p>\n<p>Soy traductora-int\u00e9rprete de formaci\u00f3n. Opino que dominar un idioma te permite vivir otra vida distinta y me esforc\u00e9 mucho para poder vivir seis.<\/p>\n<p>Descubr\u00ed mi vocaci\u00f3n por las personas de casualidad, precisamente haciendo pasar las pruebas de idiomas orales a unos candidatos y, como resultado, decid\u00ed dar un giro a mi carrera en 2002. Me form\u00e9 y especialic\u00e9 en Recursos Humanos con la esperanza de poder ayudar a las personas en la b\u00fasqueda y desarrollo de su trayectoria profesional.<\/p>\n<p>Despu\u00e9s de una etapa centrada en la consultor\u00eda en selecci\u00f3n de personal, me he dedicado desde hace a\u00f1os a direcci\u00f3n de recursos humanos en firmas de servicios de car\u00e1cter internacional. Actualmente soy Directora de Recursos Humanos de Mandarin Oriental, Hotel &amp; The Residences Barcelona.<\/p>\n<p>Licenciada en Traducci\u00f3n e Interpretaci\u00f3n por la Universitat Aut\u00f2noma de Barcelona UAB y Traductora-int\u00e9rprete jurada en lengua catalana. M\u00e1ster en Direcci\u00f3n de Recursos Humanos por EAE Business School y M\u00e1ster en Direcci\u00f3n y Organizaci\u00f3n del Capital Humano por la Universitat Polit\u00e8cnica de Catalunya UPC, con matr\u00edcula de honor y beca al mejor expediente de su promoci\u00f3n y Programa enfocado en Direcci\u00f3n Estrat\u00e9gica de Recursos Humanos por IESE .<\/p>\n<p>Escribir sobre el mundo de las personas y sus relaciones con las empresas es una de mis pasiones. Soy autora de los libros \u201cSolo puede quedar uno. Diario de un proceso de selecci\u00f3n \u201c y \u00abEl Empleado es el Rey\u00bb, publicados los dos por Plataforma Editorial y coautora del libro \u00abC\u00f3mo construir la Experiencia de Empleado\u00bb por Lid Editorial. Tambi\u00e9n soy colaboradora habitual de diarios y conferenciante en universidades y escuelas de negocios.<\/p>\n<p>El mar, viajar, los animales y el arte son otras de mis pasiones. Me declaro enamorada de Barcelona, aunque parte de mi coraz\u00f3n por motivos familiares est\u00e1 en el Delta del Ebro, en el pueblo de L\u2019Ampolla, lugar de inspiraci\u00f3n donde han nacido muchos de mis art\u00edculos y charlas.[\/vc_column_text][\/vc_column_inner][\/vc_row_inner][\/vc_column][\/vc_row][vc_row][vc_column width=\u00bb1\/1&#8243;][\/vc_column][\/vc_row]<\/p>\n<\/section>","protected":false},"excerpt":{"rendered":"<p>[vc_row top_padding=\u00bb60&#8243; bottom_padding=\u00bb60&#8243;][vc_column width=\u00bb1\/1&#8243;][vc_row_inner][vc_column_inner width=\u00bb1\/3&#8243;][vc_column_text][\/vc_column_text][\/vc_column_inner][vc_column_inner width=\u00bb2\/3&#8243;][vc_column_text]BIOGRAF\u00cdA Me llamo S\u00edlvia y nac\u00ed en Barcelona el d\u00eda en que Catalu\u00f1a se llena de rosas y de libros por las calles. Soy traductora-int\u00e9rprete de formaci\u00f3n. Opino que dominar un idioma te permite vivir otra vida distinta y me esforc\u00e9 mucho para poder vivir seis. Descubr\u00ed mi vocaci\u00f3n por las personas de casualidad, precisamente haciendo pasar las pruebas de idiomas orales a unos candidatos y, como resultado, decid\u00ed dar un giro a mi carrera en 2002. Me form\u00e9 y especialic\u00e9 en Recursos Humanos con la esperanza de poder ayudar a las personas en la b\u00fasqueda y desarrollo de su trayectoria profesional. Despu\u00e9s de una etapa centrada en la consultor\u00eda en selecci\u00f3n de personal, me he dedicado desde hace a\u00f1os a direcci\u00f3n de recursos humanos en firmas de servicios de car\u00e1cter internacional. Actualmente soy Directora de Recursos Humanos de Mandarin Oriental, Hotel &amp; The Residences Barcelona. Licenciada en Traducci\u00f3n e Interpretaci\u00f3n por la Universitat Aut\u00f2noma de Barcelona UAB y Traductora-int\u00e9rprete jurada en lengua catalana. M\u00e1ster en Direcci\u00f3n de Recursos Humanos por EAE Business School y M\u00e1ster en Direcci\u00f3n y Organizaci\u00f3n del Capital Humano por la Universitat Polit\u00e8cnica de Catalunya UPC, con matr\u00edcula de honor y [&hellip;]<\/p>\n","protected":false},"author":24,"featured_media":0,"parent":20441,"menu_order":0,"comment_status":"closed","ping_status":"closed","template":"","meta":{"_links_to":"","_links_to_target":""},"acf":[],"wps_subtitle":"","_links":{"self":[{"href":"https:\/\/www.foment.com\/es\/wp-json\/wp\/v2\/pages\/74579"}],"collection":[{"href":"https:\/\/www.foment.com\/es\/wp-json\/wp\/v2\/pages"}],"about":[{"href":"https:\/\/www.foment.com\/es\/wp-json\/wp\/v2\/types\/page"}],"author":[{"embeddable":true,"href":"https:\/\/www.foment.com\/es\/wp-json\/wp\/v2\/users\/24"}],"replies":[{"embeddable":true,"href":"https:\/\/www.foment.com\/es\/wp-json\/wp\/v2\/comments?post=74579"}],"version-history":[{"count":7,"href":"https:\/\/www.foment.com\/es\/wp-json\/wp\/v2\/pages\/74579\/revisions"}],"predecessor-version":[{"id":188351,"href":"https:\/\/www.foment.com\/es\/wp-json\/wp\/v2\/pages\/74579\/revisions\/188351"}],"up":[{"embeddable":true,"href":"https:\/\/www.foment.com\/es\/wp-json\/wp\/v2\/pages\/20441"}],"wp:attachment":[{"href":"https:\/\/www.foment.com\/es\/wp-json\/wp\/v2\/media?parent=74579"}],"curies":[{"name":"wp","href":"https:\/\/api.w.org\/{rel}","templated":true}]}}