{"id":74587,"date":"2019-10-27T06:28:22","date_gmt":"2019-10-27T05:28:22","guid":{"rendered":"https:\/\/www.foment.com\/actividades\/foro-recursos-humanos\/merche-fernandez\/"},"modified":"2025-03-27T10:37:30","modified_gmt":"2025-03-27T09:37:30","slug":"merche-fernandez","status":"publish","type":"page","link":"https:\/\/www.foment.com\/es\/actividades\/foro-recursos-humanos\/merche-fernandez\/","title":{"rendered":"Merche Fern\u00e1ndez"},"content":{"rendered":"<section class=\"wpb-content-wrapper\"><p>[vc_row top_padding=\u00bb60&#8243; bottom_padding=\u00bb60&#8243;][vc_column width=\u00bb1\/1&#8243;][vc_row_inner][vc_column_inner width=\u00bb1\/3&#8243;]<div class=\"imagebox wpb_content_element style-1\"><div class=\"imagebox-img\"><img src=\"https:\/\/www.foment.com\/wp-content\/uploads\/2019\/07\/merche-fernandez-foro-rrhh-550x500.png\" alt=\"\" \/><\/div>\n<blockquote>\n<div class=\"gdlr-core-pbf-element\">\n<div class=\"gdlr-core-blockquote-item gdlr-core-item-pdlr gdlr-core-item-pdb gdlr-core-center-align gdlr-core-medium-size\">\n<div class=\"gdlr-core-blockquote gdlr-core-info-font\">\n<div class=\"gdlr-core-blockquote-item-content-wrap\">\n<div class=\"gdlr-core-blockquote-item-content gdlr-core-skin-content\">\n<div class=\"gdlr-core-pbf-element\">\n<div class=\"gdlr-core-blockquote-item gdlr-core-item-pdlr gdlr-core-item-pdb gdlr-core-center-align gdlr-core-medium-size\">\n<div class=\"gdlr-core-blockquote gdlr-core-info-font\">\n<div class=\"gdlr-core-blockquote-item-content-wrap\">\n<div class=\"gdlr-core-blockquote-item-content gdlr-core-skin-content\">\n<div class=\"gdlr-core-pbf-element\">\n<div class=\"gdlr-core-blockquote-item gdlr-core-item-pdlr gdlr-core-item-pdb gdlr-core-center-align gdlr-core-medium-size\">\n<div class=\"gdlr-core-blockquote gdlr-core-info-font\">\n<div class=\"gdlr-core-blockquote-item-content-wrap\">\n<div class=\"gdlr-core-blockquote-item-content gdlr-core-skin-content\">\n<p>Dicen que la consultor\u00eda es \u201cagotadora\u201d\u2026 que est\u00e1 bien para los primeros a\u00f1os de aprendizaje\u2026 quiz\u00e1s s\u00ed\u2026 en mi caso contin\u00fao con las mismas inquietudes\u2026 y m\u00e1s ahora que vivimos un momento apasionante y retador\u00a0<img class=\"emoji\" draggable=\"false\" src=\"https:\/\/s.w.org\/images\/core\/emoji\/11.2.0\/svg\/1f609.svg\" alt=\"?\" \/><\/p>\n<\/div>\n<\/div>\n<\/div>\n<\/div>\n<\/div>\n<\/div>\n<\/div>\n<\/div>\n<\/div>\n<\/div>\n<\/div>\n<\/div>\n<\/div>\n<\/div>\n<\/div>\n<\/blockquote>\n<\/div>[vc_column_text]<div class=\"social-icon social-big\"><a href=\"https:\/\/twitter.com\/@merche_fernndez\" target=\"_blank\" title=\"\"><i class=\"fa fa-twitter\"><\/i><\/a><\/div><div class=\"social-icon social-big\"><a href=\"https:\/\/www.linkedin.com\/in\/merchefernandez\/\" target=\"_blank\" title=\"\"><i class=\"fa fa-linkedin\"><\/i><\/a><\/div>[\/vc_column_text][\/vc_column_inner][vc_column_inner width=\u00bb2\/3&#8243;]<h3 class=\"headline font-special fontsize-m fontweight-inherit lh-inherit align-left transform-inherit \" style=\"margin: 0 0 20px 0; color: #000000;\">Especialista en Carreras profesionales y Talent Management<br \/>\n<\/h3>[vc_column_text]<span style=\"color: #ab192d;\"><strong>BIOGRAF\u00cdA<\/strong><\/span><\/p>\n<p>M\u00e1s de 20 a\u00f1os de experiencia en el \u00e1mbito de los Recursos Humanos, principalmente en consultor\u00eda de carreras profesionales, gesti\u00f3n del talento y \u201cChange Management\u201d<\/p>\n<p>Apasionada de la consultor\u00eda estrat\u00e9gica de RRHH, he tenido la oportunidad de participar en proyectos diversos y cada uno de ellos me ha permitido aprender cada d\u00eda.<\/p>\n<p>Agradezco a los\u00a0 clientes su confianza y generosidad al compartir conmigo sus retos y poder formar parte de sus proyectos, introducirme en sus equipos de trabajo, compartir los momentos dif\u00edciles y celebrar los \u00e9xitos.<\/p>\n<p>Gracias\u00a0 a la consultor\u00eda he podido conocer diferentes empresas: desde las m\u00e1s grandes a las m\u00e1s peque\u00f1as, las que ten\u00edan culturas tradicionales a las m\u00e1s innovadoras, pasando por diferentes sectores: financiero, gran consumo, automoci\u00f3n, farmac\u00e9utico, infraestructuras, tecnolog\u00eda\u2026<\/p>\n<p>Mi formaci\u00f3n en empresariales y econ\u00f3micas hace que no pierda la visi\u00f3n del negocio en todos los proyectos, el Master en Direcci\u00f3n de Recursos Humanos me permiti\u00f3 profundizar en el \u00e1rea y certificarme como Executive Coach y pasar mi propio proceso de coaching me ayud\u00f3 a \u201cdesaprender\u201d para poder seguir aprendiendo y aceptarme con mis defectos.<\/p>\n<p>Soy madre de familia numerosa y junto con mi marido intentamos educar a 3 ni\u00f1as, que adem\u00e1s rozan la adolescencia, esto s\u00ed que es un DESAF\u00cdO junto con volver a bailar ballet cl\u00e1sico despu\u00e9s de 25 a\u00f1os ;-). Tras aplicar el m\u00e9todo de ensayo y error una y otra vez\u2026 mi f\u00f3rmula personal: sentido del humor, paciencia y rebajar la exigencia.[\/vc_column_text][\/vc_column_inner][\/vc_row_inner][\/vc_column][\/vc_row][vc_row][vc_column][vc_column_text]<\/p>\n<p>[\/vc_column_text][\/vc_column][\/vc_row][vc_row][vc_column width=\u00bb1\/1&#8243;][\/vc_column][\/vc_row]<\/p>\n<\/section>","protected":false},"excerpt":{"rendered":"<p>[vc_row top_padding=\u00bb60&#8243; bottom_padding=\u00bb60&#8243;][vc_column width=\u00bb1\/1&#8243;][vc_row_inner][vc_column_inner width=\u00bb1\/3&#8243;][vc_column_text][\/vc_column_text][\/vc_column_inner][vc_column_inner width=\u00bb2\/3&#8243;][vc_column_text]BIOGRAF\u00cdA M\u00e1s de 20 a\u00f1os de experiencia en el \u00e1mbito de los Recursos Humanos, principalmente en consultor\u00eda de carreras profesionales, gesti\u00f3n del talento y \u201cChange Management\u201d Apasionada de la consultor\u00eda estrat\u00e9gica de RRHH, he tenido la oportunidad de participar en proyectos diversos y cada uno de ellos me ha permitido aprender cada d\u00eda. Agradezco a los\u00a0 clientes su confianza y generosidad al compartir conmigo sus retos y poder formar parte de sus proyectos, introducirme en sus equipos de trabajo, compartir los momentos dif\u00edciles y celebrar los \u00e9xitos. Gracias\u00a0 a la consultor\u00eda he podido conocer diferentes empresas: desde las m\u00e1s grandes a las m\u00e1s peque\u00f1as, las que ten\u00edan culturas tradicionales a las m\u00e1s innovadoras, pasando por diferentes sectores: financiero, gran consumo, automoci\u00f3n, farmac\u00e9utico, infraestructuras, tecnolog\u00eda\u2026 Mi formaci\u00f3n en empresariales y econ\u00f3micas hace que no pierda la visi\u00f3n del negocio en todos los proyectos, el Master en Direcci\u00f3n de Recursos Humanos me permiti\u00f3 profundizar en el \u00e1rea y certificarme como Executive Coach y pasar mi propio proceso de coaching me ayud\u00f3 a \u201cdesaprender\u201d para poder seguir aprendiendo y aceptarme con mis defectos. Soy madre de familia numerosa y junto con mi marido intentamos educar a 3 ni\u00f1as, [&hellip;]<\/p>\n","protected":false},"author":24,"featured_media":0,"parent":20441,"menu_order":0,"comment_status":"closed","ping_status":"closed","template":"","meta":{"_links_to":"","_links_to_target":""},"acf":[],"wps_subtitle":"","_links":{"self":[{"href":"https:\/\/www.foment.com\/es\/wp-json\/wp\/v2\/pages\/74587"}],"collection":[{"href":"https:\/\/www.foment.com\/es\/wp-json\/wp\/v2\/pages"}],"about":[{"href":"https:\/\/www.foment.com\/es\/wp-json\/wp\/v2\/types\/page"}],"author":[{"embeddable":true,"href":"https:\/\/www.foment.com\/es\/wp-json\/wp\/v2\/users\/24"}],"replies":[{"embeddable":true,"href":"https:\/\/www.foment.com\/es\/wp-json\/wp\/v2\/comments?post=74587"}],"version-history":[{"count":1,"href":"https:\/\/www.foment.com\/es\/wp-json\/wp\/v2\/pages\/74587\/revisions"}],"predecessor-version":[{"id":199323,"href":"https:\/\/www.foment.com\/es\/wp-json\/wp\/v2\/pages\/74587\/revisions\/199323"}],"up":[{"embeddable":true,"href":"https:\/\/www.foment.com\/es\/wp-json\/wp\/v2\/pages\/20441"}],"wp:attachment":[{"href":"https:\/\/www.foment.com\/es\/wp-json\/wp\/v2\/media?parent=74587"}],"curies":[{"name":"wp","href":"https:\/\/api.w.org\/{rel}","templated":true}]}}