{"id":74601,"date":"2019-10-22T09:27:23","date_gmt":"2019-10-22T07:27:23","guid":{"rendered":"https:\/\/www.foment.com\/actividades\/foro-recursos-humanos\/assis-de-riba\/"},"modified":"2019-11-02T09:21:14","modified_gmt":"2019-11-02T08:21:14","slug":"assis-de-riba","status":"publish","type":"page","link":"https:\/\/www.foment.com\/es\/actividades\/foro-recursos-humanos\/assis-de-riba\/","title":{"rendered":"Ass\u00eds de Riba"},"content":{"rendered":"<section class=\"wpb-content-wrapper\"><p>[vc_row top_padding=\u00bb60&#8243; bottom_padding=\u00bb60&#8243;][vc_column width=\u00bb1\/1&#8243;][vc_row_inner][vc_column_inner width=\u00bb1\/3&#8243;]<div class=\"imagebox wpb_content_element style-1\"><div class=\"imagebox-img\"><img src=\"https:\/\/www.foment.com\/wp-content\/uploads\/2019\/07\/assis-550x500.png\" alt=\"\" \/><\/div>\n<blockquote>\n<div class=\"gdlr-core-pbf-element\">\n<div class=\"gdlr-core-blockquote-item gdlr-core-item-pdlr gdlr-core-item-pdb gdlr-core-center-align gdlr-core-medium-size\">\n<div class=\"gdlr-core-blockquote gdlr-core-info-font\">\n<div class=\"gdlr-core-blockquote-item-content-wrap\">\n<div class=\"gdlr-core-blockquote-item-content gdlr-core-skin-content\">\n<div class=\"gdlr-core-pbf-element\">\n<div class=\"gdlr-core-blockquote-item gdlr-core-item-pdlr gdlr-core-item-pdb gdlr-core-center-align gdlr-core-medium-size\">\n<div class=\"gdlr-core-blockquote gdlr-core-info-font\">\n<div class=\"gdlr-core-blockquote-item-content-wrap\">\n<div class=\"gdlr-core-blockquote-item-content gdlr-core-skin-content\">\n<p>Soy adaptable hasta el extremo, con las virtudes y defectos que esto supone.<\/p>\n<\/div>\n<\/div>\n<\/div>\n<\/div>\n<\/div>\n<div class=\"gdlr-core-pbf-element\">\n<div class=\"gdlr-core-social-network-item gdlr-core-item-pdb gdlr-core-center-align gdlr-core-item-pdlr\"><\/div>\n<\/div>\n<\/div>\n<\/div>\n<\/div>\n<\/div>\n<\/div>\n<\/blockquote>\n<\/div>[vc_column_text]<div class=\"social-icon social-big\"><a href=\"https:\/\/twitter.com\/@AsdeRiba\" target=\"_blank\" title=\"\"><i class=\"fa fa-twitter\"><\/i><\/a><\/div><div class=\"social-icon social-big\"><a href=\"https:\/\/www.linkedin.com\/in\/ass%C3%ADs-de-riba-cus%C3%B3-8b18512a\/\" target=\"_blank\" title=\"\"><i class=\"fa fa-linkedin\"><\/i><\/a><\/div>[\/vc_column_text][\/vc_column_inner][vc_column_inner width=\u00bb2\/3&#8243;]<h3 class=\"headline font-special fontsize-m fontweight-inherit lh-inherit align-left transform-inherit \" style=\"margin: 0 0 20px 0; color: #000000;\">HR Director &#8211; ICF Institut Catal\u00e0 de Finances<\/h3>[vc_column_text]<span style=\"color: #ab192d;\"><strong>BIOGRAF\u00cdA<\/strong><\/span><\/p>\n<p>Experto en Recursos Humanos vinculado casi siempre al sector financiero, ya sea en figuras generalistas como HR Business Partner como tambi\u00e9n especializadas en Relaciones Laborales.<\/p>\n<p>Hay gente que tiene muy definida cu\u00e1l es su vocaci\u00f3n profesional, pero este no es mi caso, tengo la sensaci\u00f3n de que podr\u00eda realizar mucho trabajos en mi vida, que en ninguno ser\u00eda un crac pero seguro que todos los sacar\u00eda adelante.<\/p>\n<p>Estando en el \u00e1rea comercial de una entidad financiera, un d\u00eda me di cuenta que mis habilidades personales ser\u00edan m\u00e1s aprovechadas en recursos humanos, y este d\u00eda se lo dije a mi responsable. En resumen, podr\u00eda decir que me interesan las personas y el impacto individual en las organizaciones.<\/p>\n<p>Con m\u00e1s de 17 a\u00f1os de experiencia, me he desarrollado en empresas como Banco Santander, Caixa Catalunya, \u00c1reas o el Institut Catal\u00e0 de Finances, d\u00f3nde en la actualidad ejerzo la funci\u00f3n de Jefe de Recursos Humanos.<\/p>\n<p>Licenciado en Derecho por la Universidad Aut\u00f3noma de Barcelona y M\u00e1ster en Econom\u00eda por la Universidad de Barcelona, as\u00ed como tambi\u00e9n un Postgrado en Direcci\u00f3n Bancaria por la Universidad Pompeu Fabra. No haber realizado ninguna formaci\u00f3n vinculada al Coaching debe ser mi curioso hecho diferencial a d\u00eda de hoy, si bien espero poder adentrarme en el mundo de PNL en el futuro porque me interesa tanto personal como profesionalmente.<\/p>\n<p>Cuando le preguntas por las aficiones e inquietudes a alguien que tiene 2 hijos muy peque\u00f1os, as\u00ed de entrada, te sale una sonrisa porque piensas que es iron\u00eda fina. Si recuerdo que antes hac\u00eda deporte (algo, tampoco mucho) y que empec\u00e9 a escribir dos novelas, y ahora estoy intentando retomarlo, si bien es cierto que hoy d\u00eda me lo paso pipa jugando con mis hijos y observando como aprenden a entender la vida y el mundo.[\/vc_column_text][\/vc_column_inner][\/vc_row_inner][\/vc_column][\/vc_row][vc_row][vc_column width=\u00bb1\/1&#8243;][\/vc_column][\/vc_row][vc_row bg_color=\u00bb#f9f9f9&#8243; top_padding=\u00bb20&#8243; bottom_padding=\u00bb60&#8243;][vc_column width=\u00bb1\/1&#8243;]<h2 class=\"headline font-special fontsize-xl fontweight-700 lh-inherit align-center transform-uppercase \" style=\"margin: 30px 0 40px 0;\">Nuestro equipo<\/h2>[vc_row_inner][vc_column_inner width=\u00bb1\/4&#8243; css=\u00bb.vc_custom_1563704963378{margin-bottom: 15px !important;}\u00bb]<div class=\"imagebox wpb_content_element style-1\"><div class=\"imagebox-img\"><a href='\/es\/actividades\/foro-recursos-humanos\/silvia-fores\/'><img src=\"https:\/\/www.foment.com\/wp-content\/uploads\/2019\/07\/Silvia-Fores-web-550x500.jpg\" alt=\"\" \/><\/a><\/div>\n<h3>S\u00cdLVIA FOR\u00c9S<\/h3>\n<div class=\"gdlr-core-pbf-element\">\n<div class=\"gdlr-core-title-item gdlr-core-item-pdb clearfix gdlr-core-left-align gdlr-core-title-item-caption-bottom gdlr-core-item-pdlr\">Presidenta del Foro RRHH. Directora de Recursos Humans de Baker McKenzie Barcelona<\/div>\n<\/div>\n<\/div>[\/vc_column_inner][vc_column_inner width=\u00bb1\/4&#8243; css=\u00bb.vc_custom_1563704970556{margin-bottom: 15px !important;}\u00bb]<div class=\"imagebox wpb_content_element style-1\"><div class=\"imagebox-img\"><a href='\/es\/actividades\/foro-recursos-humanos\/antonia-cerrudo\/'><img src=\"https:\/\/www.foment.com\/wp-content\/uploads\/2019\/07\/isabel-salas-foro-rrhh-550x500.png\" alt=\"\" \/><\/a><\/div>\n<h3>ANTONIA CERRUDO<\/h3>\n<p>Vicepresidenta. Directora de Desarrollo de Personas en Fira de Barcelona<\/div>[\/vc_column_inner][vc_column_inner width=\u00bb1\/4&#8243; css=\u00bb.vc_custom_1563704977138{margin-bottom: 15px !important;}\u00bb]<div class=\"imagebox wpb_content_element style-1\"><div class=\"imagebox-img\"><a href='\/es\/actividades\/foro-recursos-humanos\/merche-fernandez\/'><img src=\"https:\/\/www.foment.com\/wp-content\/uploads\/2019\/07\/merche-fernandez-foro-rrhh-550x500.png\" alt=\"\" \/><\/a><\/div>\n<h3>MERCHE FERN\u00c1NDEZ<\/h3>\n<div class=\"gdlr-core-pbf-element\">\n<div class=\"gdlr-core-title-item gdlr-core-item-pdb clearfix gdlr-core-left-align gdlr-core-title-item-caption-bottom gdlr-core-item-pdlr\"><span class=\"gdlr-core-title-item-caption gdlr-core-info-font gdlr-core-skin-caption\">Especialista en Carreras profesionales y Talent Management<\/span><\/div>\n<\/div>\n<\/div>[\/vc_column_inner][vc_column_inner width=\u00bb1\/4&#8243;]<div class=\"imagebox wpb_content_element style-1\"><div class=\"imagebox-img\"><a href='\/es\/actividades\/foro-recursos-humanos\/isabel-salas\/'><img src=\"https:\/\/www.foment.com\/wp-content\/uploads\/2019\/07\/isabel-salas-foro-rrhh-1-550x500.png\" alt=\"\" \/><\/a><\/div>\n<h3>ISABEL SALAS<\/h3>\n<p>Directora de Recursos Humanos en Laboratoris Gebro Pharma<\/div>[\/vc_column_inner][\/vc_row_inner][vc_row_inner][vc_column_inner width=\u00bb1\/4&#8243; css=\u00bb.vc_custom_1563705003592{margin-bottom: 15px !important;}\u00bb]<div class=\"imagebox wpb_content_element style-1\"><div class=\"imagebox-img\"><a href='\/es\/actividades\/foro-recursos-humanos\/nora-sole\/'><img src=\"https:\/\/www.foment.com\/wp-content\/uploads\/2019\/07\/nora-sole-1-550x500.jpg\" alt=\"\" \/><\/a><\/div>\n<div class=\"gdlr-core-title-item-title-wrap \">\n<h3 class=\"gdlr-core-title-item-title gdlr-core-skin-title\">NORA SOL\u00c9<\/h3>\n<\/div>\n<div class=\"gdlr-core-pbf-element\">\n<div class=\"gdlr-core-title-item gdlr-core-item-pdb clearfix gdlr-core-left-align gdlr-core-title-item-caption-bottom gdlr-core-item-pdlr\"><span class=\"gdlr-core-title-item-caption gdlr-core-info-font gdlr-core-skin-caption\">En representaci\u00f3n de ANGED y Directora Regional de RRHH de Leroy Merlin<\/span><\/div>\n<\/div>\n<\/div>[\/vc_column_inner][vc_column_inner width=\u00bb1\/4&#8243; css=\u00bb.vc_custom_1563705008489{margin-bottom: 15px !important;}\u00bb]<div class=\"imagebox wpb_content_element style-1\"><div class=\"imagebox-img\"><a href='\/es\/actividades\/foro-recursos-humanos\/sandra-ramos\/'><img src=\"\" alt=\"\" \/><\/a><\/div>\n<h3>SANDRA RAMOS<\/h3>\n<p>En representaci\u00f3n de fedeQuim y HR Director Akzo Nobel Decorative Paints Spain<\/div>[\/vc_column_inner][vc_column_inner width=\u00bb1\/4&#8243; css=\u00bb.vc_custom_1563705013345{margin-bottom: 15px !important;}\u00bb]<div class=\"imagebox wpb_content_element style-1\"><div class=\"imagebox-img\"><a href='\/es\/actividades\/foro-recursos-humanos\/daniel-iniesta\/'><img src=\"https:\/\/www.foment.com\/wp-content\/uploads\/2019\/07\/Daniel-para-web-2-550x500-1.jpg\" alt=\"\" \/><\/a><\/div>\n<h3>DANIEL INIESTA<\/h3>\n<p>Director de Personas de Fundaci\u00f3 Jesu\u00eftes Educaci\u00f3<\/div>[\/vc_column_inner][vc_column_inner width=\u00bb1\/4&#8243; css=\u00bb.vc_custom_1563705018158{margin-bottom: 15px !important;}\u00bb]<div class=\"imagebox wpb_content_element style-1\"><div class=\"imagebox-img\"><a href='\/es\/actividades\/foro-recursos-humanos\/david-campos\/'><img src=\"https:\/\/www.foment.com\/wp-content\/uploads\/2019\/07\/david-campos-foro-rrhh-550x500.png\" alt=\"\" \/><\/a><\/div>\n<h3>DAVID CAMPOS<\/h3>\n<div class=\"gdlr-core-pbf-element\">\n<div class=\"gdlr-core-title-item gdlr-core-item-pdb clearfix gdlr-core-left-align gdlr-core-title-item-caption-bottom gdlr-core-item-pdlr\">Human Resources Director at Volkswagen Group Espa\u00f1a Distribuci\u00f3n<\/div>\n<\/div>\n<\/div>[\/vc_column_inner][\/vc_row_inner][vc_row_inner][vc_column_inner width=\u00bb1\/4&#8243; css=\u00bb.vc_custom_1563705003592{margin-bottom: 15px !important;}\u00bb]<div class=\"imagebox wpb_content_element style-1\"><div class=\"imagebox-img\"><a href='\/es\/actividades\/foro-recursos-humanos\/rosa-nunez\/'><img src=\"https:\/\/www.foment.com\/wp-content\/uploads\/2019\/07\/Rosa-Web-1-550x500.jpg\" alt=\"\" \/><\/a><\/div>\n<div class=\"gdlr-core-title-item-title-wrap \">\n<h3 class=\"gdlr-core-title-item-title gdlr-core-skin-title\">ROSA N\u00da\u00d1EZ<\/h3>\n<\/div>\n<div class=\"gdlr-core-pbf-element\">\n<div class=\"gdlr-core-title-item gdlr-core-item-pdb clearfix gdlr-core-left-align gdlr-core-title-item-caption-bottom gdlr-core-item-pdlr\">HR Manager Nike Emea South<\/div>\n<\/div>\n<\/div>[\/vc_column_inner][vc_column_inner width=\u00bb1\/4&#8243; css=\u00bb.vc_custom_1563705008489{margin-bottom: 15px !important;}\u00bb]<div class=\"imagebox wpb_content_element style-1\"><div class=\"imagebox-img\"><a href='\/es\/actividades\/foro-recursos-humanos\/francesc-mulero\/'><img src=\"https:\/\/www.foment.com\/wp-content\/uploads\/2019\/07\/francesc-mulero-550x500.png\" alt=\"\" \/><\/a><\/div>\n<h3>FRANCESC MULERO<\/h3>\n<p>HR Business Partner Manager a la Damm<\/div>[\/vc_column_inner][vc_column_inner width=\u00bb1\/4&#8243; css=\u00bb.vc_custom_1563705013345{margin-bottom: 15px !important;}\u00bb]<div class=\"imagebox wpb_content_element style-1\"><div class=\"imagebox-img\"><a href='\/es\/actividades\/foro-recursos-humanos\/gloria-carrasco\/'><img src=\"https:\/\/www.foment.com\/wp-content\/uploads\/2019\/07\/gloria-3-550x500.jpg\" alt=\"\" \/><\/a><\/div>\n<h3>GL\u00d2RIA CARRASCO<\/h3>\n<p>HR Director Bimbo Iberia a Grupo Bimbo<\/div>[\/vc_column_inner][vc_column_inner width=\u00bb1\/4&#8243; css=\u00bb.vc_custom_1563705018158{margin-bottom: 15px !important;}\u00bb]<div class=\"imagebox wpb_content_element style-1\"><div class=\"imagebox-img\"><a href='\/es\/actividades\/foro-recursos-humanos\/ma-jose-alvarez\/'><img src=\"https:\/\/www.foment.com\/wp-content\/uploads\/2019\/07\/maria-jose-foto-web-550x500.jpg\" alt=\"\" \/><\/a><\/div>\n<div class=\"gdlr-core-title-item-title-wrap \">\n<h3 class=\"gdlr-core-title-item-title gdlr-core-skin-title\">M\u00aa. JOS\u00c9 \u00c1LVAREZ<\/h3>\n<\/div>\n<div class=\"gdlr-core-pbf-element\">\n<div class=\"gdlr-core-title-item gdlr-core-item-pdb clearfix gdlr-core-left-align gdlr-core-title-item-caption-bottom gdlr-core-item-pdlr\">Change Project Manager de Randstad HR Solutions<\/div>\n<\/div>\n<\/div>[\/vc_column_inner][\/vc_row_inner][vc_row_inner][vc_column_inner width=\u00bb1\/4&#8243; css=\u00bb.vc_custom_1563705003592{margin-bottom: 15px !important;}\u00bb]<div class=\"imagebox wpb_content_element style-1\"><div class=\"imagebox-img\"><a href='\/es\/actividades\/foro-recursos-humanos\/josep-tura\/'><img src=\"https:\/\/www.foment.com\/wp-content\/uploads\/2019\/07\/tura-para-web-550x500.jpg\" alt=\"\" \/><\/a><\/div>\n<h3>JOSEP TURA<\/h3>\n<p>Director Corporativo del grupo FLUIDRA<\/div>[\/vc_column_inner][vc_column_inner width=\u00bb1\/4&#8243; css=\u00bb.vc_custom_1563705008489{margin-bottom: 15px !important;}\u00bb][\/vc_column_inner][vc_column_inner width=\u00bb1\/4&#8243; css=\u00bb.vc_custom_1563705013345{margin-bottom: 15px !important;}\u00bb][\/vc_column_inner][\/vc_row_inner][\/vc_column][\/vc_row]<\/p>\n<\/section>","protected":false},"excerpt":{"rendered":"<p>[vc_row top_padding=\u00bb60&#8243; bottom_padding=\u00bb60&#8243;][vc_column width=\u00bb1\/1&#8243;][vc_row_inner][vc_column_inner width=\u00bb1\/3&#8243;][vc_column_text][\/vc_column_text][\/vc_column_inner][vc_column_inner width=\u00bb2\/3&#8243;][vc_column_text]BIOGRAF\u00cdA Experto en Recursos Humanos vinculado casi siempre al sector financiero, ya sea en figuras generalistas como HR Business Partner como tambi\u00e9n especializadas en Relaciones Laborales. Hay gente que tiene muy definida cu\u00e1l es su vocaci\u00f3n profesional, pero este no es mi caso, tengo la sensaci\u00f3n de que podr\u00eda realizar mucho trabajos en mi vida, que en ninguno ser\u00eda un crac pero seguro que todos los sacar\u00eda adelante. Estando en el \u00e1rea comercial de una entidad financiera, un d\u00eda me di cuenta que mis habilidades personales ser\u00edan m\u00e1s aprovechadas en recursos humanos, y este d\u00eda se lo dije a mi responsable. En resumen, podr\u00eda decir que me interesan las personas y el impacto individual en las organizaciones. Con m\u00e1s de 17 a\u00f1os de experiencia, me he desarrollado en empresas como Banco Santander, Caixa Catalunya, \u00c1reas o el Institut Catal\u00e0 de Finances, d\u00f3nde en la actualidad ejerzo la funci\u00f3n de Jefe de Recursos Humanos. Licenciado en Derecho por la Universidad Aut\u00f3noma de Barcelona y M\u00e1ster en Econom\u00eda por la Universidad de Barcelona, as\u00ed como tambi\u00e9n un Postgrado en Direcci\u00f3n Bancaria por la Universidad Pompeu Fabra. No haber realizado ninguna formaci\u00f3n vinculada al Coaching debe ser mi [&hellip;]<\/p>\n","protected":false},"author":24,"featured_media":0,"parent":20441,"menu_order":0,"comment_status":"closed","ping_status":"closed","template":"","meta":{"_links_to":"","_links_to_target":""},"acf":[],"wps_subtitle":"","_links":{"self":[{"href":"https:\/\/www.foment.com\/es\/wp-json\/wp\/v2\/pages\/74601"}],"collection":[{"href":"https:\/\/www.foment.com\/es\/wp-json\/wp\/v2\/pages"}],"about":[{"href":"https:\/\/www.foment.com\/es\/wp-json\/wp\/v2\/types\/page"}],"author":[{"embeddable":true,"href":"https:\/\/www.foment.com\/es\/wp-json\/wp\/v2\/users\/24"}],"replies":[{"embeddable":true,"href":"https:\/\/www.foment.com\/es\/wp-json\/wp\/v2\/comments?post=74601"}],"version-history":[{"count":0,"href":"https:\/\/www.foment.com\/es\/wp-json\/wp\/v2\/pages\/74601\/revisions"}],"up":[{"embeddable":true,"href":"https:\/\/www.foment.com\/es\/wp-json\/wp\/v2\/pages\/20441"}],"wp:attachment":[{"href":"https:\/\/www.foment.com\/es\/wp-json\/wp\/v2\/media?parent=74601"}],"curies":[{"name":"wp","href":"https:\/\/api.w.org\/{rel}","templated":true}]}}