{"id":74605,"date":"2019-10-27T06:22:02","date_gmt":"2019-10-27T05:22:02","guid":{"rendered":"https:\/\/www.foment.com\/actividades\/foro-recursos-humanos\/david-campos\/"},"modified":"2025-03-27T10:36:23","modified_gmt":"2025-03-27T09:36:23","slug":"david-campos","status":"publish","type":"page","link":"https:\/\/www.foment.com\/es\/actividades\/foro-recursos-humanos\/david-campos\/","title":{"rendered":"David Campos"},"content":{"rendered":"<section class=\"wpb-content-wrapper\"><p>[vc_row top_padding=\u00bb60&#8243; bottom_padding=\u00bb60&#8243;][vc_column width=\u00bb1\/1&#8243;][vc_row_inner][vc_column_inner width=\u00bb1\/3&#8243;]<div class=\"imagebox wpb_content_element style-1\"><div class=\"imagebox-img\"><img src=\"https:\/\/www.foment.com\/wp-content\/uploads\/2024\/07\/David-Campos.jpg\" alt=\"\" \/><\/div>\n<blockquote>\n<div class=\"gdlr-core-pbf-element\">\n<div class=\"gdlr-core-blockquote-item gdlr-core-item-pdlr gdlr-core-item-pdb gdlr-core-center-align gdlr-core-medium-size\">\n<div class=\"gdlr-core-blockquote gdlr-core-info-font\">\n<div class=\"gdlr-core-blockquote-item-content-wrap\">\n<div class=\"gdlr-core-blockquote-item-content gdlr-core-skin-content\">\n<div class=\"gdlr-core-pbf-element\">\n<div class=\"gdlr-core-blockquote-item gdlr-core-item-pdlr gdlr-core-item-pdb gdlr-core-center-align gdlr-core-medium-size\">\n<div class=\"gdlr-core-blockquote gdlr-core-info-font\">\n<div class=\"gdlr-core-blockquote-item-content-wrap\">\n<div class=\"gdlr-core-blockquote-item-content gdlr-core-skin-content\">\n<div class=\"gdlr-core-pbf-element\">\n<div class=\"gdlr-core-blockquote-item gdlr-core-item-pdlr gdlr-core-item-pdb gdlr-core-center-align gdlr-core-medium-size\">\n<div class=\"gdlr-core-blockquote gdlr-core-info-font\">\n<div class=\"gdlr-core-blockquote-item-content-wrap\">\n<div class=\"gdlr-core-blockquote-item-content gdlr-core-skin-content\">\n<div class=\"gdlr-core-pbf-element\">\n<div class=\"gdlr-core-blockquote-item gdlr-core-item-pdlr gdlr-core-item-pdb gdlr-core-center-align gdlr-core-medium-size\">\n<div class=\"gdlr-core-blockquote gdlr-core-info-font\">\n<div class=\"gdlr-core-blockquote-item-content-wrap\">\n<div class=\"gdlr-core-blockquote-item-content gdlr-core-skin-content\">\n<p>Necesito hacer kil\u00f3metros para tomar distancias y disfrutar junto con mi familia y amigos. Me obsesiona no dejar de aprender d\u00eda a d\u00eda de y con mis hijos. Me encanta ayudar tanto a personas como a organizaciones a conseguir su reconocimiento personal, profesional y social.<\/p>\n<\/div>\n<\/div>\n<\/div>\n<\/div>\n<\/div>\n<div class=\"gdlr-core-pbf-element\">\n<div class=\"gdlr-core-social-network-item gdlr-core-item-pdb gdlr-core-center-align gdlr-core-item-pdlr\"><\/div>\n<\/div>\n<\/div>\n<\/div>\n<\/div>\n<\/div>\n<\/div>\n<\/div>\n<\/div>\n<\/div>\n<\/div>\n<\/div>\n<\/div>\n<\/div>\n<\/div>\n<\/div>\n<\/div>\n<\/blockquote>\n<\/div>[vc_column_text]<div class=\"social-icon social-big\"><a href=\"https:\/\/twitter.com\/@dcamposcallao\" target=\"_blank\" title=\"\"><i class=\"fa fa-twitter\"><\/i><\/a><\/div><div class=\"social-icon social-big\"><a href=\"https:\/\/www.linkedin.com\/in\/david-campos-313a59\/\" target=\"_blank\" title=\"\"><i class=\"fa fa-linkedin\"><\/i><\/a><\/div>[\/vc_column_text][\/vc_column_inner][vc_column_inner width=\u00bb2\/3&#8243;]<h3 class=\"headline font-special fontsize-m fontweight-inherit lh-inherit align-left transform-inherit \" style=\"margin: 0 0 20px 0; color: #000000;\">M&amp;A and Expansion Director at IVC Evidensia Iberia<\/h3>[vc_column_text]<span style=\"color: #ab192d;\"><strong>BIOGRAF\u00cdA<\/strong><\/span><\/p>\n<p>25 a\u00f1os de experiencia liderando procesos de transformaci\u00f3n y desarrollo organizacional en sectores y empresas de alta exigencia mediante el dise\u00f1o e implementaci\u00f3n de estrat\u00e9gias que integran sistemas, procesos y personas siempre enfocado en la obtenci\u00f3n de los resultados de negocio mediante las personas.<\/p>\n<p>Me confieso un networker patol\u00f3gico que disfruta sin parar de aprender cosas nuevas cada d\u00eda de todas las personas que me rodean, al mismo tiempo que aprovecho para desaprender al mismo ritmo. Los errores son mi primer paso para mejorar y me gusta liderar los equipos bas\u00e1ndome en los principios de respeto, esfuerzo y confianza. Lo dem\u00e1s viene solo. Creo en las redes de conocimiento y los entornos colaborativos como la mejor forma de afrontar el apasionante futuro en el que estamos ya inmersos.<\/p>\n<p>He llegado recientemente a la empresa l\u00edder mundial del sector de Retail del Autom\u00f3vil en pleno momento de revoluci\u00f3n como Director de Recursos Humanos y Organizaci\u00f3n, despu\u00e9s de haber debutado en la gesti\u00f3n del mundo de los recursos humanos en el grupo Codorniu, y tras una fant\u00e1stica etapa como Director de Calidad, Organizaci\u00f3n y Procesos en Telectech y anteriormente en GTD Ingenier\u00eda de Sistemas.<\/p>\n<p>Ingeniero en Telecomunicaciones por la UPC-URL, Master en Direcci\u00f3n de Calidad por la ASQC, M\u00e1ster en Desarrollo Organizacional de Itamar Rogovsky por el GR Institute y diversos Programas de Direcci\u00f3n en ESADE y EADA. Direcci\u00f3n de Seguridad por el Ministerio de Defensa. Vice-presidente de LA SALLE Alumni. Miembro del Consejo de la Fundaci\u00f3n ADAMA y miembro del Consejo de RH de EAE.[\/vc_column_text][\/vc_column_inner][\/vc_row_inner][\/vc_column][\/vc_row][vc_row][vc_column][vc_column_text][\/vc_column_text][\/vc_column][\/vc_row][vc_row][vc_column width=\u00bb1\/1&#8243;][\/vc_column][\/vc_row]<\/p>\n<\/section>","protected":false},"excerpt":{"rendered":"<p>[vc_row top_padding=\u00bb60&#8243; bottom_padding=\u00bb60&#8243;][vc_column width=\u00bb1\/1&#8243;][vc_row_inner][vc_column_inner width=\u00bb1\/3&#8243;][vc_column_text][\/vc_column_text][\/vc_column_inner][vc_column_inner width=\u00bb2\/3&#8243;][vc_column_text]BIOGRAF\u00cdA 25 a\u00f1os de experiencia liderando procesos de transformaci\u00f3n y desarrollo organizacional en sectores y empresas de alta exigencia mediante el dise\u00f1o e implementaci\u00f3n de estrat\u00e9gias que integran sistemas, procesos y personas siempre enfocado en la obtenci\u00f3n de los resultados de negocio mediante las personas. Me confieso un networker patol\u00f3gico que disfruta sin parar de aprender cosas nuevas cada d\u00eda de todas las personas que me rodean, al mismo tiempo que aprovecho para desaprender al mismo ritmo. Los errores son mi primer paso para mejorar y me gusta liderar los equipos bas\u00e1ndome en los principios de respeto, esfuerzo y confianza. Lo dem\u00e1s viene solo. Creo en las redes de conocimiento y los entornos colaborativos como la mejor forma de afrontar el apasionante futuro en el que estamos ya inmersos. He llegado recientemente a la empresa l\u00edder mundial del sector de Retail del Autom\u00f3vil en pleno momento de revoluci\u00f3n como Director de Recursos Humanos y Organizaci\u00f3n, despu\u00e9s de haber debutado en la gesti\u00f3n del mundo de los recursos humanos en el grupo Codorniu, y tras una fant\u00e1stica etapa como Director de Calidad, Organizaci\u00f3n y Procesos en Telectech y anteriormente en GTD Ingenier\u00eda de Sistemas. Ingeniero en [&hellip;]<\/p>\n","protected":false},"author":24,"featured_media":0,"parent":20441,"menu_order":0,"comment_status":"closed","ping_status":"closed","template":"","meta":{"_links_to":"","_links_to_target":""},"acf":[],"wps_subtitle":"","_links":{"self":[{"href":"https:\/\/www.foment.com\/es\/wp-json\/wp\/v2\/pages\/74605"}],"collection":[{"href":"https:\/\/www.foment.com\/es\/wp-json\/wp\/v2\/pages"}],"about":[{"href":"https:\/\/www.foment.com\/es\/wp-json\/wp\/v2\/types\/page"}],"author":[{"embeddable":true,"href":"https:\/\/www.foment.com\/es\/wp-json\/wp\/v2\/users\/24"}],"replies":[{"embeddable":true,"href":"https:\/\/www.foment.com\/es\/wp-json\/wp\/v2\/comments?post=74605"}],"version-history":[{"count":2,"href":"https:\/\/www.foment.com\/es\/wp-json\/wp\/v2\/pages\/74605\/revisions"}],"predecessor-version":[{"id":199322,"href":"https:\/\/www.foment.com\/es\/wp-json\/wp\/v2\/pages\/74605\/revisions\/199322"}],"up":[{"embeddable":true,"href":"https:\/\/www.foment.com\/es\/wp-json\/wp\/v2\/pages\/20441"}],"wp:attachment":[{"href":"https:\/\/www.foment.com\/es\/wp-json\/wp\/v2\/media?parent=74605"}],"curies":[{"name":"wp","href":"https:\/\/api.w.org\/{rel}","templated":true}]}}