{"id":77212,"date":"2019-12-12T17:54:52","date_gmt":"2019-12-12T16:54:52","guid":{"rendered":"https:\/\/www.foment.com\/videos-destacats\/"},"modified":"2020-11-10T17:09:33","modified_gmt":"2020-11-10T16:09:33","slug":"videos-destacados","status":"publish","type":"page","link":"https:\/\/www.foment.com\/es\/videos-destacados\/","title":{"rendered":"V\u00eddeos destacados"},"content":{"rendered":"<section class=\"wpb-content-wrapper\"><p>[vc_row][vc_column width=\u00bb1\/1&#8243;][vc_column_text]<\/p>\n<h2>2020<\/h2>\n<p>[\/vc_column_text]<div class=\"spacer\" style=\"height: 10px;\"><\/div>[\/vc_column][\/vc_row][vc_row][vc_column width=\u00bb1\/3&#8243;]<div class=\"video-embed  wpb_content_element\"><iframe title=\"Jornada Laboral: Nova regulaci\u00f3 laboral per a plataformes tecnol\u00f2giques\" width=\"1161\" height=\"653\" src=\"https:\/\/www.youtube.com\/embed\/bQOGqXVeR60?feature=oembed\" frameborder=\"0\" allow=\"accelerometer; autoplay; clipboard-write; encrypted-media; gyroscope; picture-in-picture; web-share\" referrerpolicy=\"strict-origin-when-cross-origin\" allowfullscreen><\/iframe><\/div><div class=\"spacer\" style=\"height: 10px;\"><\/div>[\/vc_column][vc_column width=\u00bb1\/3&#8243;]<div class=\"video-embed  wpb_content_element\"><iframe title=\"S\u00e1nchez Llibre sobre les principals mesures dels Pressupostos Generals de l&#039;Estat a Espejo P\u00fablico\" width=\"1161\" height=\"653\" src=\"https:\/\/www.youtube.com\/embed\/cHlU3Ezw040?feature=oembed\" frameborder=\"0\" allow=\"accelerometer; autoplay; clipboard-write; encrypted-media; gyroscope; picture-in-picture; web-share\" referrerpolicy=\"strict-origin-when-cross-origin\" allowfullscreen><\/iframe><\/div><div class=\"spacer\" style=\"height: 10px;\"><\/div>[\/vc_column][vc_column width=\u00bb1\/3&#8243;]<div class=\"video-embed  wpb_content_element\"><iframe title=\"Intervenci\u00f3 del director de Laboral de Foment al programa Els matins sobre el teletreball\" width=\"1161\" height=\"653\" src=\"https:\/\/www.youtube.com\/embed\/2GGP_qxjJKY?feature=oembed\" frameborder=\"0\" allow=\"accelerometer; autoplay; clipboard-write; encrypted-media; gyroscope; picture-in-picture; web-share\" referrerpolicy=\"strict-origin-when-cross-origin\" allowfullscreen><\/iframe><\/div><div class=\"spacer\" style=\"height: 10px;\"><\/div>[\/vc_column][\/vc_row][vc_row][vc_column width=\u00bb1\/3&#8243;]<div class=\"video-embed  wpb_content_element\"><iframe title=\"Pla de rescat del sector esportiu\" width=\"1161\" height=\"653\" src=\"https:\/\/www.youtube.com\/embed\/FepgUsvGndI?feature=oembed\" frameborder=\"0\" allow=\"accelerometer; autoplay; clipboard-write; encrypted-media; gyroscope; picture-in-picture; web-share\" referrerpolicy=\"strict-origin-when-cross-origin\" allowfullscreen><\/iframe><\/div><div class=\"spacer\" style=\"height: 10px;\"><\/div>[\/vc_column][vc_column width=\u00bb1\/3&#8243;]<div class=\"video-embed  wpb_content_element\"><iframe title=\"S\u00e1nchez Llibre retreu manca de di\u00e0leg a la Generalitat: &quot;Les coses s&#039;han de dir a la cara&quot;\" width=\"1161\" height=\"653\" src=\"https:\/\/www.youtube.com\/embed\/De4ohsFodrM?feature=oembed\" frameborder=\"0\" allow=\"accelerometer; autoplay; clipboard-write; encrypted-media; gyroscope; picture-in-picture; web-share\" referrerpolicy=\"strict-origin-when-cross-origin\" allowfullscreen><\/iframe><\/div><div class=\"spacer\" style=\"height: 10px;\"><\/div>[\/vc_column][vc_column width=\u00bb1\/3&#8243;]<div class=\"video-embed  wpb_content_element\"><iframe title=\"Roger Gaspa sobre les noves mesures extraordin\u00e0ries de la Generalitat per contenir la pandemia\" width=\"1161\" height=\"653\" src=\"https:\/\/www.youtube.com\/embed\/C-HuhWRd_gE?feature=oembed\" frameborder=\"0\" allow=\"accelerometer; autoplay; clipboard-write; encrypted-media; gyroscope; picture-in-picture; web-share\" referrerpolicy=\"strict-origin-when-cross-origin\" allowfullscreen><\/iframe><\/div><div class=\"spacer\" style=\"height: 10px;\"><\/div>[\/vc_column][\/vc_row][vc_row][vc_column width=\u00bb1\/3&#8243;]<div class=\"video-embed  wpb_content_element\"><\/div><div class=\"spacer\" style=\"height: 10px;\"><\/div>[\/vc_column][vc_column width=\u00bb1\/3&#8243;]<div class=\"video-embed  wpb_content_element\"><iframe title=\"Debates Laborales: Teletrabajo y ERTE\" width=\"1161\" height=\"653\" src=\"https:\/\/www.youtube.com\/embed\/6BSnTLHAI5o?feature=oembed\" frameborder=\"0\" allow=\"accelerometer; autoplay; clipboard-write; encrypted-media; gyroscope; picture-in-picture; web-share\" referrerpolicy=\"strict-origin-when-cross-origin\" allowfullscreen><\/iframe><\/div><div class=\"spacer\" style=\"height: 10px;\"><\/div>[\/vc_column][vc_column width=\u00bb1\/3&#8243;]<div class=\"video-embed  wpb_content_element\"><iframe title=\"Construint ponts amb les infraestructures\" width=\"1161\" height=\"653\" src=\"https:\/\/www.youtube.com\/embed\/I0XUHc_ynIo?feature=oembed\" frameborder=\"0\" allow=\"accelerometer; autoplay; clipboard-write; encrypted-media; gyroscope; picture-in-picture; web-share\" referrerpolicy=\"strict-origin-when-cross-origin\" allowfullscreen><\/iframe><\/div><div class=\"spacer\" style=\"height: 10px;\"><\/div>[\/vc_column][\/vc_row][vc_row][vc_column width=\u00bb1\/3&#8243;]<div class=\"video-embed  wpb_content_element\"><iframe title=\"Les claus del debat &#039;Mirant a Europa&#039; de la\u00a0Foment Week\" width=\"1161\" height=\"653\" src=\"https:\/\/www.youtube.com\/embed\/n6Yzh9eE3-A?feature=oembed\" frameborder=\"0\" allow=\"accelerometer; autoplay; clipboard-write; encrypted-media; gyroscope; picture-in-picture; web-share\" referrerpolicy=\"strict-origin-when-cross-origin\" allowfullscreen><\/iframe><\/div><div class=\"spacer\" style=\"height: 10px;\"><\/div>[\/vc_column][vc_column width=\u00bb1\/3&#8243;]<div class=\"video-embed  wpb_content_element\"><iframe title=\"S\u00e1nchez Llibre explica les claus de la Foment Week\" width=\"1161\" height=\"653\" src=\"https:\/\/www.youtube.com\/embed\/4pdvsp0p4KM?feature=oembed\" frameborder=\"0\" allow=\"accelerometer; autoplay; clipboard-write; encrypted-media; gyroscope; picture-in-picture; web-share\" referrerpolicy=\"strict-origin-when-cross-origin\" allowfullscreen><\/iframe><\/div><div class=\"spacer\" style=\"height: 10px;\"><\/div>[\/vc_column][vc_column width=\u00bb1\/3&#8243;]<div class=\"video-embed  wpb_content_element\"><iframe title=\"Guinda apel\u00b7la al di\u00e0leg social en la gesti\u00f3 dels fons europeus per a la recuperaci\u00f3 econ\u00f2mica\" width=\"1161\" height=\"653\" src=\"https:\/\/www.youtube.com\/embed\/RIRx9oLKCEs?feature=oembed\" frameborder=\"0\" allow=\"accelerometer; autoplay; clipboard-write; encrypted-media; gyroscope; picture-in-picture; web-share\" referrerpolicy=\"strict-origin-when-cross-origin\" allowfullscreen><\/iframe><\/div><div class=\"spacer\" style=\"height: 10px;\"><\/div>[\/vc_column][\/vc_row][vc_row][vc_column width=\u00bb1\/3&#8243;]<div class=\"video-embed  wpb_content_element\"><iframe title=\"Joaquim Llans\u00f3 defensa la import\u00e0ncia de les infraestructures com a sector locomotor de l&#039;economia\" width=\"1161\" height=\"653\" src=\"https:\/\/www.youtube.com\/embed\/OXWyLGVUO0U?feature=oembed\" frameborder=\"0\" allow=\"accelerometer; autoplay; clipboard-write; encrypted-media; gyroscope; picture-in-picture; web-share\" referrerpolicy=\"strict-origin-when-cross-origin\" allowfullscreen><\/iframe><\/div><div class=\"spacer\" style=\"height: 10px;\"><\/div>[\/vc_column][vc_column width=\u00bb1\/3&#8243;]<div class=\"video-embed  wpb_content_element\"><iframe title=\"La Foment Week, una iniciativa per donar visibilidad al papel del empresario\" width=\"1161\" height=\"653\" src=\"https:\/\/www.youtube.com\/embed\/eBEx36nkJns?feature=oembed\" frameborder=\"0\" allow=\"accelerometer; autoplay; clipboard-write; encrypted-media; gyroscope; picture-in-picture; web-share\" referrerpolicy=\"strict-origin-when-cross-origin\" allowfullscreen><\/iframe><\/div><div class=\"spacer\" style=\"height: 10px;\"><\/div>[\/vc_column][vc_column width=\u00bb1\/3&#8243;]<div class=\"video-embed  wpb_content_element\"><iframe title=\"Foment Week 2020\" width=\"1161\" height=\"653\" src=\"https:\/\/www.youtube.com\/embed\/Y76Y1mcxN4o?feature=oembed\" frameborder=\"0\" allow=\"accelerometer; autoplay; clipboard-write; encrypted-media; gyroscope; picture-in-picture; web-share\" referrerpolicy=\"strict-origin-when-cross-origin\" allowfullscreen><\/iframe><\/div><div class=\"spacer\" style=\"height: 10px;\"><\/div>[\/vc_column][\/vc_row][vc_row][vc_column width=\u00bb1\/3&#8243;]<div class=\"video-embed  wpb_content_element\"><iframe title=\"Acte empresarial sobre la mobilitat a Barcelona\" width=\"1161\" height=\"653\" src=\"https:\/\/www.youtube.com\/embed\/CzIW1nNDack?feature=oembed\" frameborder=\"0\" allow=\"accelerometer; autoplay; clipboard-write; encrypted-media; gyroscope; picture-in-picture; web-share\" referrerpolicy=\"strict-origin-when-cross-origin\" allowfullscreen><\/iframe><\/div><div class=\"spacer\" style=\"height: 10px;\"><\/div>[\/vc_column][vc_column width=\u00bb1\/3&#8243;]<div class=\"video-embed  wpb_content_element\"><iframe title=\"Cumbre Empresarial &#039;Empresas espa\u00f1olas liderando el futuro&#039; 24 Junio\" width=\"1161\" height=\"653\" src=\"https:\/\/www.youtube.com\/embed\/OzkZVBKSiDo?feature=oembed\" frameborder=\"0\" allow=\"accelerometer; autoplay; clipboard-write; encrypted-media; gyroscope; picture-in-picture; web-share\" referrerpolicy=\"strict-origin-when-cross-origin\" allowfullscreen><\/iframe><\/div><div class=\"spacer\" style=\"height: 10px;\"><\/div>[\/vc_column][vc_column width=\u00bb1\/3&#8243;]<div class=\"video-embed  wpb_content_element\"><iframe title=\"Economia: Pendents de rebrots del virus. Foment del Treball demana un gran pacte social i pol\u00edtic.\" width=\"1161\" height=\"653\" src=\"https:\/\/www.youtube.com\/embed\/Ax6hsr_TIvA?feature=oembed\" frameborder=\"0\" allow=\"accelerometer; autoplay; clipboard-write; encrypted-media; gyroscope; picture-in-picture; web-share\" referrerpolicy=\"strict-origin-when-cross-origin\" allowfullscreen><\/iframe><\/div><div class=\"spacer\" style=\"height: 10px;\"><\/div>[\/vc_column][\/vc_row][vc_row][vc_column width=\u00bb1\/3&#8243;]<div class=\"video-embed  wpb_content_element\"><iframe title=\"Homenatge a les Festes de la Primavera del Foro RRHH!!\" width=\"1161\" height=\"653\" src=\"https:\/\/www.youtube.com\/embed\/90N5qFpXaE4?feature=oembed\" frameborder=\"0\" allow=\"accelerometer; autoplay; clipboard-write; encrypted-media; gyroscope; picture-in-picture; web-share\" referrerpolicy=\"strict-origin-when-cross-origin\" allowfullscreen><\/iframe><\/div><div class=\"spacer\" style=\"height: 10px;\"><\/div>[\/vc_column][vc_column width=\u00bb1\/3&#8243;]<div class=\"video-embed  wpb_content_element\"><iframe title=\"Entrevista a Josep S\u00e1nchez Llibre al TN de TV3\" width=\"1161\" height=\"653\" src=\"https:\/\/www.youtube.com\/embed\/gcSQnN93x6Y?feature=oembed\" frameborder=\"0\" allow=\"accelerometer; autoplay; clipboard-write; encrypted-media; gyroscope; picture-in-picture; web-share\" referrerpolicy=\"strict-origin-when-cross-origin\" allowfullscreen><\/iframe><\/div><div class=\"spacer\" style=\"height: 10px;\"><\/div>[\/vc_column][vc_column width=\u00bb1\/3&#8243;]<div class=\"video-embed  wpb_content_element\"><iframe title=\"El President de Foment del Treball, Josep S\u00e1nchez Llibre, a La 1 de TVE.\" width=\"1161\" height=\"653\" src=\"https:\/\/www.youtube.com\/embed\/KYlkjMQgZLg?feature=oembed\" frameborder=\"0\" allow=\"accelerometer; autoplay; clipboard-write; encrypted-media; gyroscope; picture-in-picture; web-share\" referrerpolicy=\"strict-origin-when-cross-origin\" allowfullscreen><\/iframe><\/div><div class=\"spacer\" style=\"height: 10px;\"><\/div>[\/vc_column][vc_column][\/vc_column][\/vc_row][vc_row][vc_column width=\u00bb1\/3&#8243;]<div class=\"video-embed  wpb_content_element\"><iframe title=\"Susanna Griso entrevista a Josep S\u00e1nchez Llibre, President de Foment del Treball a Espejo P\u00fablico\" width=\"1161\" height=\"653\" src=\"https:\/\/www.youtube.com\/embed\/q0dATPFfatM?feature=oembed\" frameborder=\"0\" allow=\"accelerometer; autoplay; clipboard-write; encrypted-media; gyroscope; picture-in-picture; web-share\" referrerpolicy=\"strict-origin-when-cross-origin\" allowfullscreen><\/iframe><\/div><div class=\"spacer\" style=\"height: 10px;\"><\/div>[\/vc_column][vc_column width=\u00bb1\/3&#8243;]<div class=\"video-embed  wpb_content_element\"><iframe title=\"Els empresaris de Foment del Treball donem suport a la iniciativa &quot;Creu Roja respon&quot;\" width=\"1161\" height=\"653\" src=\"https:\/\/www.youtube.com\/embed\/XHSqXZEErxQ?feature=oembed\" frameborder=\"0\" allow=\"accelerometer; autoplay; clipboard-write; encrypted-media; gyroscope; picture-in-picture; web-share\" referrerpolicy=\"strict-origin-when-cross-origin\" allowfullscreen><\/iframe><\/div><div class=\"spacer\" style=\"height: 10px;\"><\/div>[\/vc_column][vc_column width=\u00bb1\/3&#8243;]<div class=\"video-embed  wpb_content_element\"><iframe title=\"#Aix\u00f2NoHaDeParar, la campanya per animar l&#039;economia\" width=\"1161\" height=\"871\" src=\"https:\/\/www.youtube.com\/embed\/Z-TJPXkujSs?feature=oembed\" frameborder=\"0\" allow=\"accelerometer; autoplay; clipboard-write; encrypted-media; gyroscope; picture-in-picture; web-share\" referrerpolicy=\"strict-origin-when-cross-origin\" allowfullscreen><\/iframe><\/div><div class=\"spacer\" style=\"height: 10px;\"><\/div>[\/vc_column][\/vc_row][vc_row][vc_column width=\u00bb1\/3&#8243;]<div class=\"video-embed  wpb_content_element\"><iframe title=\"La suma de Costa Brava Mediterranean Foods a la campanya #EstoNoTieneQueParar\" width=\"1161\" height=\"653\" src=\"https:\/\/www.youtube.com\/embed\/6qe3osjAzTA?feature=oembed\" frameborder=\"0\" allow=\"accelerometer; autoplay; clipboard-write; encrypted-media; gyroscope; picture-in-picture; web-share\" referrerpolicy=\"strict-origin-when-cross-origin\" allowfullscreen><\/iframe><\/div><div class=\"spacer\" style=\"height: 10px;\"><\/div>[\/vc_column][vc_column width=\u00bb1\/3&#8243;]<div class=\"video-embed  wpb_content_element\"><iframe title=\"Bob Chapman a Foment del Treball\" width=\"1161\" height=\"653\" src=\"https:\/\/www.youtube.com\/embed\/ii4DwutyaEc?feature=oembed\" frameborder=\"0\" allow=\"accelerometer; autoplay; clipboard-write; encrypted-media; gyroscope; picture-in-picture; web-share\" referrerpolicy=\"strict-origin-when-cross-origin\" allowfullscreen><\/iframe><\/div><div class=\"spacer\" style=\"height: 10px;\"><\/div>[\/vc_column][vc_column width=\u00bb1\/3&#8243;]<div class=\"video-embed  wpb_content_element\"><iframe title=\"Visita del president del Govern d&#039;Espanya, Pedro S\u00e1nchez, a la seu de Foment del Treball\" width=\"1161\" height=\"653\" src=\"https:\/\/www.youtube.com\/embed\/rIBq985PA1w?feature=oembed\" frameborder=\"0\" allow=\"accelerometer; autoplay; clipboard-write; encrypted-media; gyroscope; picture-in-picture; web-share\" referrerpolicy=\"strict-origin-when-cross-origin\" allowfullscreen><\/iframe><\/div><div class=\"spacer\" style=\"height: 10px;\"><\/div>[\/vc_column][\/vc_row][vc_row][vc_column width=\u00bb1\/1&#8243;][vc_column_text]<\/p>\n<h2>2019<\/h2>\n<p>[\/vc_column_text]<div class=\"spacer\" style=\"height: 10px;\"><\/div>[\/vc_column][\/vc_row][vc_row][vc_column width=\u00bb1\/3&#8243;]<div class=\"video-embed  wpb_content_element\"><iframe title=\"Industrial Meeting 2019\" width=\"1161\" height=\"653\" src=\"https:\/\/www.youtube.com\/embed\/QCIEMt0ma_U?feature=oembed\" frameborder=\"0\" allow=\"accelerometer; autoplay; clipboard-write; encrypted-media; gyroscope; picture-in-picture; web-share\" referrerpolicy=\"strict-origin-when-cross-origin\" allowfullscreen><\/iframe><\/div><div class=\"spacer\" style=\"height: 10px;\"><\/div>[\/vc_column][vc_column width=\u00bb1\/3&#8243;]<div class=\"video-embed  wpb_content_element\"><iframe title=\"Les propostes empresarials de Foment per a les eleccions municipals 2019\" width=\"1161\" height=\"653\" src=\"https:\/\/www.youtube.com\/embed\/u48LhqDwpBA?feature=oembed\" frameborder=\"0\" allow=\"accelerometer; autoplay; clipboard-write; encrypted-media; gyroscope; picture-in-picture; web-share\" referrerpolicy=\"strict-origin-when-cross-origin\" allowfullscreen><\/iframe><\/div><div class=\"spacer\" style=\"height: 10px;\"><\/div>[\/vc_column][vc_column width=\u00bb1\/3&#8243;]<div class=\"video-embed  wpb_content_element\"><iframe title=\"Propostes Foment Eleccions Generals 2019\" width=\"1161\" height=\"653\" src=\"https:\/\/www.youtube.com\/embed\/MmQej9iwI0I?feature=oembed\" frameborder=\"0\" allow=\"accelerometer; autoplay; clipboard-write; encrypted-media; gyroscope; picture-in-picture; web-share\" referrerpolicy=\"strict-origin-when-cross-origin\" allowfullscreen><\/iframe><\/div><div class=\"spacer\" style=\"height: 10px;\"><\/div>[\/vc_column][\/vc_row][vc_row][vc_column width=\u00bb1\/3&#8243;]<div class=\"video-embed  wpb_content_element\"><iframe title=\"Nit de les Infraestructures 2019 del Consell Assessor d&#039;Infraestructures de Catalunya\" width=\"1161\" height=\"653\" src=\"https:\/\/www.youtube.com\/embed\/dW-lFHaTiUA?feature=oembed\" frameborder=\"0\" allow=\"accelerometer; autoplay; clipboard-write; encrypted-media; gyroscope; picture-in-picture; web-share\" referrerpolicy=\"strict-origin-when-cross-origin\" allowfullscreen><\/iframe><\/div><div class=\"spacer\" style=\"height: 10px;\"><\/div>[\/vc_column][vc_column width=\u00bb1\/3&#8243;]<div class=\"video-embed  wpb_content_element\"><iframe title=\"Fiesta de la Primavera 2019: La Inteligencia Artificial en RRHH.\" width=\"1161\" height=\"653\" src=\"https:\/\/www.youtube.com\/embed\/e1FLHKt-Fak?feature=oembed\" frameborder=\"0\" allow=\"accelerometer; autoplay; clipboard-write; encrypted-media; gyroscope; picture-in-picture; web-share\" referrerpolicy=\"strict-origin-when-cross-origin\" allowfullscreen><\/iframe><\/div><div class=\"spacer\" style=\"height: 10px;\"><\/div>[\/vc_column][vc_column width=\u00bb1\/3&#8243;][\/vc_column][\/vc_row][vc_row][vc_column width=\u00bb1\/1&#8243;][vc_column_text]<\/p>\n<h2>2018<\/h2>\n<p>[\/vc_column_text]<div class=\"spacer\" style=\"height: 10px;\"><\/div>[\/vc_column][\/vc_row][vc_row][vc_column width=\u00bb1\/3&#8243;]<div class=\"video-embed  wpb_content_element\"><iframe title=\"Acto entrega Premios Atlante 2018 a la PRL\" width=\"1161\" height=\"653\" src=\"https:\/\/www.youtube.com\/embed\/vIChbXuZtTM?feature=oembed\" frameborder=\"0\" allow=\"accelerometer; autoplay; clipboard-write; encrypted-media; gyroscope; picture-in-picture; web-share\" referrerpolicy=\"strict-origin-when-cross-origin\" allowfullscreen><\/iframe><\/div><div class=\"spacer\" style=\"height: 10px;\"><\/div>[\/vc_column][vc_column width=\u00bb1\/3&#8243;]<div class=\"video-embed  wpb_content_element\"><iframe title=\"4\u00ba INDUSTRIAL MEETING\" width=\"1161\" height=\"653\" src=\"https:\/\/www.youtube.com\/embed\/XPgVEfOaY_w?feature=oembed\" frameborder=\"0\" allow=\"accelerometer; autoplay; clipboard-write; encrypted-media; gyroscope; picture-in-picture; web-share\" referrerpolicy=\"strict-origin-when-cross-origin\" allowfullscreen><\/iframe><\/div><div class=\"spacer\" style=\"height: 10px;\"><\/div>[\/vc_column][vc_column width=\u00bb1\/3&#8243;]<div class=\"video-embed  wpb_content_element\"><iframe title=\"FIESTA PRIMAVERA 2018:  Humanamente Diversos\" width=\"1161\" height=\"653\" src=\"https:\/\/www.youtube.com\/embed\/9IuXm3gzTVY?feature=oembed\" frameborder=\"0\" allow=\"accelerometer; autoplay; clipboard-write; encrypted-media; gyroscope; picture-in-picture; web-share\" referrerpolicy=\"strict-origin-when-cross-origin\" allowfullscreen><\/iframe><\/div><div class=\"spacer\" style=\"height: 10px;\"><\/div>[\/vc_column][\/vc_row][vc_row][vc_column width=\u00bb1\/3&#8243;]<div class=\"video-embed  wpb_content_element\"><iframe title=\"2a. Nit de les infraestructures-  RESUM\" width=\"1161\" height=\"653\" src=\"https:\/\/www.youtube.com\/embed\/4TPJNH3OUhM?feature=oembed\" frameborder=\"0\" allow=\"accelerometer; autoplay; clipboard-write; encrypted-media; gyroscope; picture-in-picture; web-share\" referrerpolicy=\"strict-origin-when-cross-origin\" allowfullscreen><\/iframe><\/div><div class=\"spacer\" style=\"height: 10px;\"><\/div>[\/vc_column][vc_column width=\u00bb1\/3&#8243;][\/vc_column][vc_column width=\u00bb1\/3&#8243;][\/vc_column][\/vc_row][vc_row][vc_column width=\u00bb1\/1&#8243;][vc_column_text]<\/p>\n<h2>2017<\/h2>\n<p>[\/vc_column_text]<div class=\"spacer\" style=\"height: 10px;\"><\/div>[\/vc_column][\/vc_row][vc_row][vc_column width=\u00bb1\/3&#8243;]<div class=\"video-embed  wpb_content_element\"><iframe title=\"3r INDUSTRIAL MEETING\" width=\"1161\" height=\"653\" src=\"https:\/\/www.youtube.com\/embed\/8-UdEHj5PwY?feature=oembed\" frameborder=\"0\" allow=\"accelerometer; autoplay; clipboard-write; encrypted-media; gyroscope; picture-in-picture; web-share\" referrerpolicy=\"strict-origin-when-cross-origin\" allowfullscreen><\/iframe><\/div><div class=\"spacer\" style=\"height: 10px;\"><\/div>[\/vc_column][vc_column width=\u00bb1\/3&#8243;]<div class=\"video-embed  wpb_content_element\"><iframe title=\"Fiesta Primavera Foro RRHH 2017\" width=\"1161\" height=\"653\" src=\"https:\/\/www.youtube.com\/embed\/QH2equaORHg?feature=oembed\" frameborder=\"0\" allow=\"accelerometer; autoplay; clipboard-write; encrypted-media; gyroscope; picture-in-picture; web-share\" referrerpolicy=\"strict-origin-when-cross-origin\" allowfullscreen><\/iframe><\/div><div class=\"spacer\" style=\"height: 10px;\"><\/div>[\/vc_column][vc_column width=\u00bb1\/3&#8243;][\/vc_column][\/vc_row]<\/p>\n<\/section>","protected":false},"excerpt":{"rendered":"<p>[vc_row][vc_column width=\u00bb1\/1&#8243;][vc_column_text] 2020 [\/vc_column_text][\/vc_column][\/vc_row][vc_row][vc_column width=\u00bb1\/3&#8243;][\/vc_column][vc_column width=\u00bb1\/3&#8243;][\/vc_column][vc_column width=\u00bb1\/3&#8243;][\/vc_column][\/vc_row][vc_row][vc_column width=\u00bb1\/3&#8243;][\/vc_column][vc_column width=\u00bb1\/3&#8243;][\/vc_column][vc_column width=\u00bb1\/3&#8243;][\/vc_column][\/vc_row][vc_row][vc_column width=\u00bb1\/3&#8243;][\/vc_column][vc_column width=\u00bb1\/3&#8243;][\/vc_column][vc_column width=\u00bb1\/3&#8243;][\/vc_column][\/vc_row][vc_row][vc_column width=\u00bb1\/3&#8243;][\/vc_column][vc_column width=\u00bb1\/3&#8243;][\/vc_column][vc_column width=\u00bb1\/3&#8243;][\/vc_column][\/vc_row][vc_row][vc_column width=\u00bb1\/3&#8243;][\/vc_column][vc_column width=\u00bb1\/3&#8243;][\/vc_column][vc_column width=\u00bb1\/3&#8243;][\/vc_column][\/vc_row][vc_row][vc_column width=\u00bb1\/3&#8243;][\/vc_column][vc_column width=\u00bb1\/3&#8243;][\/vc_column][vc_column width=\u00bb1\/3&#8243;][\/vc_column][\/vc_row][vc_row][vc_column width=\u00bb1\/3&#8243;][\/vc_column][vc_column width=\u00bb1\/3&#8243;][\/vc_column][vc_column width=\u00bb1\/3&#8243;][\/vc_column][vc_column][\/vc_column][\/vc_row][vc_row][vc_column width=\u00bb1\/3&#8243;][\/vc_column][vc_column width=\u00bb1\/3&#8243;][\/vc_column][vc_column width=\u00bb1\/3&#8243;][\/vc_column][\/vc_row][vc_row][vc_column width=\u00bb1\/3&#8243;][\/vc_column][vc_column width=\u00bb1\/3&#8243;][\/vc_column][vc_column width=\u00bb1\/3&#8243;][\/vc_column][\/vc_row][vc_row][vc_column width=\u00bb1\/1&#8243;][vc_column_text] 2019 [\/vc_column_text][\/vc_column][\/vc_row][vc_row][vc_column width=\u00bb1\/3&#8243;][\/vc_column][vc_column width=\u00bb1\/3&#8243;][\/vc_column][vc_column width=\u00bb1\/3&#8243;][\/vc_column][\/vc_row][vc_row][vc_column width=\u00bb1\/3&#8243;][\/vc_column][vc_column width=\u00bb1\/3&#8243;][\/vc_column][vc_column width=\u00bb1\/3&#8243;][\/vc_column][\/vc_row][vc_row][vc_column width=\u00bb1\/1&#8243;][vc_column_text] 2018 [\/vc_column_text][\/vc_column][\/vc_row][vc_row][vc_column width=\u00bb1\/3&#8243;][\/vc_column][vc_column width=\u00bb1\/3&#8243;][\/vc_column][vc_column width=\u00bb1\/3&#8243;][\/vc_column][\/vc_row][vc_row][vc_column width=\u00bb1\/3&#8243;][\/vc_column][vc_column width=\u00bb1\/3&#8243;][\/vc_column][vc_column width=\u00bb1\/3&#8243;][\/vc_column][\/vc_row][vc_row][vc_column width=\u00bb1\/1&#8243;][vc_column_text] 2017 [\/vc_column_text][\/vc_column][\/vc_row][vc_row][vc_column width=\u00bb1\/3&#8243;][\/vc_column][vc_column width=\u00bb1\/3&#8243;][\/vc_column][vc_column width=\u00bb1\/3&#8243;][\/vc_column][\/vc_row]<\/p>\n","protected":false},"author":10,"featured_media":0,"parent":0,"menu_order":0,"comment_status":"closed","ping_status":"closed","template":"","meta":{"_links_to":"","_links_to_target":""},"acf":[],"wps_subtitle":"","_links":{"self":[{"href":"https:\/\/www.foment.com\/es\/wp-json\/wp\/v2\/pages\/77212"}],"collection":[{"href":"https:\/\/www.foment.com\/es\/wp-json\/wp\/v2\/pages"}],"about":[{"href":"https:\/\/www.foment.com\/es\/wp-json\/wp\/v2\/types\/page"}],"author":[{"embeddable":true,"href":"https:\/\/www.foment.com\/es\/wp-json\/wp\/v2\/users\/10"}],"replies":[{"embeddable":true,"href":"https:\/\/www.foment.com\/es\/wp-json\/wp\/v2\/comments?post=77212"}],"version-history":[{"count":4,"href":"https:\/\/www.foment.com\/es\/wp-json\/wp\/v2\/pages\/77212\/revisions"}],"predecessor-version":[{"id":102417,"href":"https:\/\/www.foment.com\/es\/wp-json\/wp\/v2\/pages\/77212\/revisions\/102417"}],"wp:attachment":[{"href":"https:\/\/www.foment.com\/es\/wp-json\/wp\/v2\/media?parent=77212"}],"curies":[{"name":"wp","href":"https:\/\/api.w.org\/{rel}","templated":true}]}}