{"id":81533,"date":"2020-02-26T13:49:52","date_gmt":"2020-02-26T12:49:52","guid":{"rendered":"https:\/\/www.foment.com\/fiscalitat-progres-esborrany\/"},"modified":"2020-03-02T06:51:08","modified_gmt":"2020-03-02T05:51:08","slug":"fiscalidad-progreso","status":"publish","type":"page","link":"https:\/\/www.foment.com\/es\/fiscalidad-progreso\/","title":{"rendered":"Por una fiscalidad de progreso"},"content":{"rendered":"<section class=\"wpb-content-wrapper\"><p>[vc_row bg_color=\u00bb#ab192d\u00bb top_padding=\u00bb120&#8243;][vc_column width=\u00bb2\/3&#8243;]<h1 class=\"headline font-inherit fontsize-xxxxxl fontweight-700 lh-12 align-left transform-uppercase \" style=\"margin: 0 0 20px 0; color: #000000;\">POR UNA FISCALIDAD<br \/>\n<span style=\"color: white;\">DE PROGRESO<\/span><\/h1>[vc_column_text]<\/p>\n<h2><span style=\"color: #000000;\">Desde hace a\u00f1os, Catalu\u00f1a vive en un callej\u00f3n sin salida, en el que el constante incremento de la presi\u00f3n fiscal, muy por encima de la de otras econom\u00edas comparables y con las que competimos en un mundo globalizado, perjudica la competitividad, resta oportunidades y dificulta la atracci\u00f3n de inversiones y talento.<\/span><\/h2>\n<p>[\/vc_column_text][\/vc_column][vc_column width=\u00bb1\/3&#8243;][vc_row_inner][vc_column_inner width=\u00bb1\/3&#8243;][\/vc_column_inner][vc_column_inner width=\u00bb2\/3&#8243;]<div class=\"single_image wpb_content_element align-left    \" data-animation=\"none\" data-delay=\"0\"><a href=\"https:\/\/www.foment.com\/es\/\" target=\"_self\"><img width=\"440\" height=\"300\" src=\"https:\/\/www.foment.com\/wp-content\/uploads\/2016\/06\/Foment-del-treball-logotip-footer.png\" class=\"attachment-large\" alt=\"\" loading=\"lazy\" title=\"Foment-del-treball-logotip-footer\" srcset=\"https:\/\/www.foment.com\/wp-content\/uploads\/2016\/06\/Foment-del-treball-logotip-footer.png 440w, https:\/\/www.foment.com\/wp-content\/uploads\/2016\/06\/Foment-del-treball-logotip-footer-300x205.png 300w\" sizes=\"(max-width: 440px) 100vw, 440px\" \/><\/a><\/div>[\/vc_column_inner][\/vc_row_inner][\/vc_column][\/vc_row][vc_row bg_color=\u00bb#ab192d\u00bb top_padding=\u00bb60&#8243; bottom_padding=\u00bb30&#8243;][vc_column width=\u00bb1\/2&#8243;][vc_column_text]<\/p>\n<h3><span style=\"color: #ffffff;\">La pol\u00edtica fiscal define si un pa\u00eds quiere un sistema econ\u00f3mico que haga posible avanzar hacia una sociedad m\u00e1s justa, m\u00e1s din\u00e1mica y m\u00e1s solidaria, generadora de riqueza y de puestos de trabajo. No es la mayor imposici\u00f3n fiscal, sino la estimulaci\u00f3n del crecimiento la que nos asegura seguir progresando en la generaci\u00f3n de bienestar y en la disminuci\u00f3n de la desigualdad. La clave no est\u00e1 en pagar m\u00e1s, sino en generar m\u00e1s para incrementar el per\u00edmetro real de la recaudaci\u00f3n.<\/span><\/h3>\n<h3><span style=\"color: #ffffff;\">Catalu\u00f1a ha incrementado un 17 % su PIB en el periodo 2014-2018, gracias al car\u00e1cter emprendedor de empresarios y ciudadanos que han apostado por la internacionalizaci\u00f3n y la innovaci\u00f3n para afrontar la intensa crisis econ\u00f3mica. Sin embargo, en el mismo periodo de tiempo, la recaudaci\u00f3n fiscal ha aumentado un 48\u00a0%, muy por encima del crecimiento econ\u00f3mico. En un contexto de insuficiente financiaci\u00f3n auton\u00f3mica, la Generalitat de Catalu\u00f1a ha subido los impuestos y ha creado nuevos tributos inexistentes en otras econom\u00edas de similar dimensi\u00f3n. La recaudaci\u00f3n del impuesto sobre el patrimonio ha crecido un 21\u00a0%, la del impuesto sobre sucesiones un 41\u00a0% y la del impuesto sobre transmisiones patrimoniales (ITP) o actos jur\u00eddicos documentados hasta un 63\u00a0%. En definitiva, la fiscalidad de los catalanes es casi un 20\u00a0% superior a la del resto de los ciudadanos de Espa\u00f1a.<\/span><\/h3>\n<h3><span style=\"color: #ffffff;\">Adem\u00e1s, el volumen de econom\u00eda sumergida en Espa\u00f1a equivale al 25\u00a0% del PIB, lo que significa que regularizarla -al menos en 10 puntos- representar\u00eda un incremento de 40.000 millones<\/span><\/h3>\n<p>[\/vc_column_text][\/vc_column][vc_column width=\u00bb1\/2&#8243;][vc_column_text]<\/p>\n<h3><span style=\"color: #ffffff;\">de euros anuales de ingresos. Es urgente elaborar un plan estrat\u00e9gico contra el fraude fiscal.<\/span><\/h3>\n<h3><span style=\"color: #ffffff;\">Asimismo, Catalu\u00f1a es la comunidad aut\u00f3noma con m\u00e1s tributos propios: hasta 18, frente a los 5 de media del resto de autonom\u00edas. Estos impuestos gravan los sectores m\u00e1s estrat\u00e9gicos de la econom\u00eda catalana: alimentaci\u00f3n, automoci\u00f3n, turismo y generaci\u00f3n energ\u00e9tica. La recaudaci\u00f3n que generan representa un 3,2\u00a0% de los ingresos, solo 1 punto m\u00e1s que la recaudaci\u00f3n por tributos propios de otras autonom\u00edas. Por lo tanto, es evidente que el volumen de ingresos nuevos que se recoge es desproporcionado respecto al esfuerzo fiscal que se pide a empresas y ciudadanos.<\/span><\/h3>\n<h3><span style=\"color: #ffffff;\">La alta presi\u00f3n fiscal proyecta una imagen de Catalu\u00f1a disuasoria para la inversi\u00f3n y la retenci\u00f3n de talento. Ante esta situaci\u00f3n, la propuesta de presupuestos de la Generalitat, lejos de proponer un giro, promueve una fiscalidad que castiga a empresas y ciudadanos. El incremento del IRPF y el mantenimiento al alza de los impuestos sobre el patrimonio, las sucesiones y los actos jur\u00eddicos documentados son un claro ejemplo de que la v\u00eda elegida perjudica a Catalu\u00f1a ante econom\u00edas de un peso similar.<\/span><\/h3>\n<h3><span style=\"color: #ffffff;\">Desde Foment del Treball, queremos abrir un debate con todos los agentes sociales y econ\u00f3micos del pa\u00eds para trabajar a favor de una pol\u00edtica fiscal de progreso. Lo hacemos con 12 propuestas para el crecimiento y la igualdad. Por una #FISCALIDADDEPROGRESO<\/span><\/h3>\n<p>[\/vc_column_text][\/vc_column][\/vc_row][vc_row bg_color=\u00bb#ab192d\u00bb bottom_padding=\u00bb60&#8243;][vc_column width=\u00bb1\/1&#8243;][vc_column_text]<\/p>\n<h2><span style=\"color: #000000;\">Desde Foment, decimos BASTA DE NUEVOS Y M\u00c1S IMPUESTOS y rechazamos la pol\u00edtica fiscal del Gobierno de la Generalitat para este a\u00f1o, que contin\u00faa con el aumento desmedido de impuestos:<\/span><\/h2>\n<p>[\/vc_column_text][vc_row_inner][vc_column_inner width=\u00bb1\/4&#8243;][vc_column_text]<\/p>\n<h3 style=\"text-align: center;\"><span style=\"color: #ab192d;\"><strong><img loading=\"lazy\" class=\"alignnone wp-image-81727 size-full\" src=\"https:\/\/www.foment.com\/wp-content\/uploads\/2020\/02\/increment-taxa-turistica.png\" alt=\"\" width=\"80\" height=\"80\" \/><\/strong><\/span><\/h3>\n<h2 style=\"text-align: center;\"><span style=\"color: #000000;\"><strong>Incremento de la tasa tur\u00edstica<\/strong><\/span><\/h2>\n<p>[\/vc_column_text][\/vc_column_inner][vc_column_inner width=\u00bb1\/4&#8243;][vc_column_text]<\/p>\n<h3 style=\"text-align: center;\"><span style=\"color: #ab192d;\"><strong><img loading=\"lazy\" class=\"alignnone wp-image-81730 size-full\" src=\"https:\/\/www.foment.com\/wp-content\/uploads\/2020\/02\/impost-sucre.png\" alt=\"\" width=\"80\" height=\"80\" \/><\/strong><\/span><\/h3>\n<h2 style=\"text-align: center;\"><span style=\"color: #000000;\"><strong>Subida del 25 % del impuesto sobre el az\u00facar<\/strong><\/span><\/h2>\n<p>[\/vc_column_text][\/vc_column_inner][vc_column_inner width=\u00bb1\/4&#8243;][vc_column_text]<\/p>\n<h3 style=\"text-align: center;\"><span style=\"color: #ab192d;\"><strong><a href=\"https:\/\/www.foment.com\/wp-content\/uploads\/2020\/02\/fiscalitat-vehicles.png\"><img loading=\"lazy\" class=\"alignnone wp-image-81733 size-full\" src=\"https:\/\/www.foment.com\/wp-content\/uploads\/2020\/02\/fiscalitat-vehicles.png\" alt=\"\" width=\"100\" height=\"80\" \/><\/a><\/strong><\/span><\/h3>\n<h2 style=\"text-align: center;\"><span style=\"color: #000000;\"><strong>Aumento de la fiscalidad de los veh\u00edculos<\/strong><\/span><\/h2>\n<p>[\/vc_column_text][\/vc_column_inner][vc_column_inner width=\u00bb1\/4&#8243;][vc_column_text]<\/p>\n<h3 style=\"text-align: center;\"><span style=\"color: #ab192d;\"><strong><a href=\"https:\/\/www.foment.com\/wp-content\/uploads\/2020\/02\/irpf.png\"><img loading=\"lazy\" class=\"alignnone wp-image-81736 size-full\" src=\"https:\/\/www.foment.com\/wp-content\/uploads\/2020\/02\/irpf.png\" alt=\"\" width=\"79\" height=\"79\" \/><\/a><\/strong><\/span><\/h3>\n<h2 style=\"text-align: center;\"><span style=\"color: #000000;\"><strong>Subida del IRPF y del impuesto sobre sucesiones entre padres e hijos<\/strong><\/span><\/h2>\n<p>[\/vc_column_text][\/vc_column_inner][\/vc_row_inner][\/vc_column][\/vc_row][vc_row top_padding=\u00bb60&#8243; bottom_padding=\u00bb60&#8243;][vc_column width=\u00bb1\/1&#8243;]<h1 class=\"headline font-inherit fontsize-xxxl fontweight-700 lh-inherit align-center transform-uppercase \" style=\"margin: 0 0 20px 0; color: #000000;\">12 PROPUESTAS PARA UNA FISCALIDAD DE PROGRESO<br \/>\n<\/h1>[vc_row_inner][vc_column_inner width=\u00bb1\/4&#8243;][vc_column_text]<\/p>\n<h3 style=\"text-align: center;\"><span style=\"color: #ab192d;\"><strong><img loading=\"lazy\" class=\"aligncenter wp-image-81479 size-full\" src=\"https:\/\/www.foment.com\/wp-content\/uploads\/2020\/02\/supressio-impost-patrimoni.png\" alt=\"\" width=\"100\" height=\"94\" \/><\/strong><\/span><\/h3>\n<h3 style=\"text-align: center;\"><span style=\"color: #ab192d;\"><strong>1. Suprimir el impuesto sobre el patrimonio<\/strong><\/span><\/h3>\n<h3 style=\"text-align: center;\">Evitar la singularidad fiscal, ya que disuade de la actividad econ\u00f3mica y la distorsiona.<\/h3>\n<p>[\/vc_column_text][\/vc_column_inner][vc_column_inner width=\u00bb1\/4&#8243;][vc_column_text]<\/p>\n<h3 style=\"text-align: center;\"><span style=\"color: #ab192d;\"><strong><img loading=\"lazy\" class=\"alignnone wp-image-81482\" src=\"https:\/\/www.foment.com\/wp-content\/uploads\/2020\/02\/estimular-consum.png\" alt=\"\" width=\"101\" height=\"95\" \/><\/strong><\/span><\/h3>\n<h3 style=\"text-align: center;\"><span style=\"color: #ab192d;\"><strong>2. Estimular el consumo<\/strong><\/span><\/h3>\n<h3 style=\"text-align: center;\">Bajar el IRPF, en todos los tramos.<\/h3>\n<p>[\/vc_column_text][\/vc_column_inner][vc_column_inner width=\u00bb1\/4&#8243;][vc_column_text]<\/p>\n<h3 style=\"text-align: center;\"><span style=\"color: #ab192d;\"><strong><img loading=\"lazy\" class=\"alignnone size-full wp-image-81485\" src=\"https:\/\/www.foment.com\/wp-content\/uploads\/2020\/02\/incentivar-ocupacio.png\" alt=\"\" width=\"100\" height=\"94\" \/><\/strong><\/span><\/h3>\n<h3 style=\"text-align: center;\"><span style=\"color: #ab192d;\"><strong>3. Incentivar la ocupaci\u00f3n<\/strong><\/span><\/h3>\n<h3 style=\"text-align: center;\">Reducir las cotizaciones sociales a cargo de los empleadores a medida que mejore la recaudaci\u00f3n por el aumento de la ocupaci\u00f3n.<\/h3>\n<p>[\/vc_column_text][\/vc_column_inner][vc_column_inner width=\u00bb1\/4&#8243;][vc_column_text]<\/p>\n<h3 style=\"text-align: center;\"><span style=\"color: #ab192d;\"><strong><img loading=\"lazy\" class=\"alignnone size-full wp-image-81488\" src=\"https:\/\/www.foment.com\/wp-content\/uploads\/2020\/02\/prou-impostos.png\" alt=\"\" width=\"100\" height=\"94\" \/><\/strong><\/span><\/h3>\n<h3 style=\"text-align: center;\"><span style=\"color: #ab192d;\"><strong>4. Basta de impuestos nuevos<\/strong><\/span><\/h3>\n<h3 style=\"text-align: center;\">Revisar los impuestos de la Generalitat. Catalu\u00f1a es la comunidad aut\u00f3noma con m\u00e1s tributos propios: 18 en total.<\/h3>\n<p>[\/vc_column_text][\/vc_column_inner][\/vc_row_inner][vc_row_inner][vc_column_inner width=\u00bb1\/4&#8243;][vc_column_text]<\/p>\n<h3 style=\"text-align: center;\"><span style=\"color: #ab192d;\"><strong><img loading=\"lazy\" class=\"alignnone size-full wp-image-81476\" src=\"https:\/\/www.foment.com\/wp-content\/uploads\/2020\/02\/no-a-la-despoblacio.png\" alt=\"\" width=\"100\" height=\"94\" \/><\/strong><\/span><\/h3>\n<h3 style=\"text-align: center;\"><span style=\"color: #ab192d;\"><strong>5. Tenemos que pagar todos<\/strong><\/span><\/h3>\n<h3 style=\"text-align: center;\">Elaborar un plan estrat\u00e9gico a 4 a\u00f1os para reducir la econom\u00eda sumergida en 10 puntos con relaci\u00f3n al PIB y as\u00ed recaudar 40.000 millones m\u00e1s cada a\u00f1o.<\/h3>\n<p>[\/vc_column_text][\/vc_column_inner][vc_column_inner width=\u00bb1\/4&#8243;][vc_column_text]<\/p>\n<h3 style=\"text-align: center;\"><span style=\"color: #ab192d;\"><strong><img loading=\"lazy\" class=\"alignnone wp-image-81458 size-full\" src=\"https:\/\/www.foment.com\/wp-content\/uploads\/2020\/02\/estalvi-pensio.png\" alt=\"\" width=\"100\" height=\"94\" \/><\/strong><\/span><\/h3>\n<h3 style=\"text-align: center;\"><span style=\"color: #ab192d;\"><strong>6. Ahorrar para la pensi\u00f3n<\/strong><\/span><\/h3>\n<h3 style=\"text-align: center;\">Recuperar los incentivos al ahorro a largo plazo, especialmente para los mayores de 52 a\u00f1os y las personas discapacitadas.<\/h3>\n<p>[\/vc_column_text][\/vc_column_inner][vc_column_inner width=\u00bb1\/4&#8243;][vc_column_text]<\/p>\n<h3 style=\"text-align: center;\"><span style=\"color: #ab192d;\"><strong><img loading=\"lazy\" class=\"alignnone wp-image-81461 size-full\" src=\"https:\/\/www.foment.com\/wp-content\/uploads\/2020\/02\/fiscalitat-familiar-justa.png\" alt=\"\" width=\"100\" height=\"94\" \/><\/strong><\/span><\/h3>\n<h3 style=\"text-align: center;\"><span style=\"color: #ab192d;\"><strong>7. Fomentar una fiscalidad familiar justa<\/strong><\/span><\/h3>\n<h3 style=\"text-align: center;\">Reducir el tipo del impuesto sobre sucesiones y donaciones.<\/h3>\n<p>[\/vc_column_text][\/vc_column_inner][vc_column_inner width=\u00bb1\/4&#8243;][vc_column_text]<\/p>\n<h3 style=\"text-align: center;\"><span style=\"color: #ab192d;\"><strong><img loading=\"lazy\" class=\"alignnone wp-image-81464 size-full\" src=\"https:\/\/www.foment.com\/wp-content\/uploads\/2020\/02\/afavorir-finan\u00e7ament-empreses.png\" alt=\"\" width=\"100\" height=\"94\" \/><\/strong><\/span><\/h3>\n<h3 style=\"text-align: center;\"><span style=\"color: #ab192d;\"><strong>8. Favorecer la financiaci\u00f3n de las empresas<br \/>\n<\/strong><\/span><\/h3>\n<h3 style=\"text-align: center;\">Cambiar el impuesto sobre sociedades (25 %), estableciendo un tipo m\u00e1s reducido (15 %) para pymes y para los beneficios no distribuidos, eliminando el pago m\u00ednimo y manteniendo la deducci\u00f3n del 100 % per doble imposici\u00f3n.<\/h3>\n<p>[\/vc_column_text][\/vc_column_inner][\/vc_row_inner][vc_row_inner][vc_column_inner width=\u00bb1\/4&#8243;][vc_column_text]<\/p>\n<h3 style=\"text-align: center;\"><span style=\"color: #ab192d;\"><strong><img loading=\"lazy\" class=\"alignnone wp-image-81467 size-full\" src=\"https:\/\/www.foment.com\/wp-content\/uploads\/2020\/02\/habitatge-mes-barat.png\" alt=\"\" width=\"100\" height=\"94\" \/><\/strong><\/span><\/h3>\n<h3 style=\"text-align: center;\"><span style=\"color: #ab192d;\"><strong>9. Promover una vivienda m\u00e1s barata<\/strong><\/span><\/h3>\n<h3 style=\"text-align: center;\">Reducir el ITP y el AJD, adem\u00e1s de la imposici\u00f3n por documentos notariales, obsoleta en un sistema fiscal moderno.<\/h3>\n<p>[\/vc_column_text][\/vc_column_inner][vc_column_inner width=\u00bb1\/4&#8243;][vc_column_text]<\/p>\n<h3 style=\"text-align: center;\"><span style=\"color: #ab192d;\"><strong><img loading=\"lazy\" class=\"alignnone wp-image-81470 size-full\" src=\"https:\/\/www.foment.com\/wp-content\/uploads\/2020\/02\/atraure-talent.png\" alt=\"\" width=\"100\" height=\"94\" \/><\/strong><\/span><\/h3>\n<h3 style=\"text-align: center;\"><span style=\"color: #ab192d;\"><strong>10. Atraer talento<\/strong><\/span><\/h3>\n<h3 style=\"text-align: center;\">Ampliar a 10 a\u00f1os el plazo para el tratamiento de no residentes y atraer talento del exterior.<\/h3>\n<p>[\/vc_column_text][\/vc_column_inner][vc_column_inner width=\u00bb1\/4&#8243;][vc_column_text]<\/p>\n<h3 style=\"text-align: center;\"><span style=\"color: #ab192d;\"><strong><img loading=\"lazy\" class=\"alignnone wp-image-81473 size-full\" src=\"https:\/\/www.foment.com\/wp-content\/uploads\/2020\/02\/iva-solidari.png\" alt=\"\" width=\"100\" height=\"94\" \/><\/strong><\/span><\/h3>\n<h3 style=\"text-align: center;\"><span style=\"color: #ab192d;\"><strong>11. Favorecer el IVA Solidario<\/strong><\/span><\/h3>\n<h3 style=\"text-align: center;\">Bajar el tipo de IVA reducido y superreducido de las actividades b\u00e1sicas.<\/h3>\n<p>[\/vc_column_text][\/vc_column_inner][vc_column_inner width=\u00bb1\/4&#8243;][vc_column_text]<\/p>\n<h3 style=\"text-align: center;\"><span style=\"color: #ab192d;\"><strong><img loading=\"lazy\" class=\"alignnone wp-image-81476 size-full\" src=\"https:\/\/www.foment.com\/wp-content\/uploads\/2020\/02\/no-a-la-despoblacio.png\" alt=\"\" width=\"100\" height=\"94\" \/><\/strong><\/span><\/h3>\n<h3 style=\"text-align: center;\"><span style=\"color: #ab192d;\"><strong>12. No a la despoblaci\u00f3n<\/strong><\/span><\/h3>\n<h3 style=\"text-align: center;\">Implantar un r\u00e9gimen fiscal econ\u00f3mico que trate como zonas especiales los territorios menos poblados.<\/h3>\n<p>[\/vc_column_text][\/vc_column_inner][\/vc_row_inner][\/vc_column][\/vc_row][vc_row bg_color=\u00bb#ab192d\u00bb top_padding=\u00bb60&#8243; bottom_padding=\u00bb80&#8243;][vc_column width=\u00bb1\/1&#8243;]<h1 class=\"headline font-inherit fontsize-xxxl fontweight-700 lh-12 align-center transform-uppercase \" style=\"margin: 0 0 20px 0; color: #ffffff;\">POR UNA <span style=\"color: black;\">#FISCALIDAD<\/span>DEPROGRESO<\/h1><h1 class=\"headline font-inherit fontsize-xxxxl fontweight-700 lh-12 align-center transform-uppercase \" style=\"margin: 0 0 20px 0; color: #000000;\">BASTA DE SUBIR IMPUESTOS EN CATALU\u00d1A<\/h1>[\/vc_column][\/vc_row]<\/p>\n<\/section>","protected":false},"excerpt":{"rendered":"<p>[vc_row bg_color=\u00bb#ab192d\u00bb top_padding=\u00bb120&#8243;][vc_column width=\u00bb2\/3&#8243;][vc_column_text] Desde hace a\u00f1os, Catalu\u00f1a vive en un callej\u00f3n sin salida, en el que el constante incremento de la presi\u00f3n fiscal, muy por encima de la de otras econom\u00edas comparables y con las que competimos en un mundo globalizado, perjudica la competitividad, resta oportunidades y dificulta la atracci\u00f3n de inversiones y talento. [\/vc_column_text][\/vc_column][vc_column width=\u00bb1\/3&#8243;][vc_row_inner][vc_column_inner width=\u00bb1\/3&#8243;][\/vc_column_inner][vc_column_inner width=\u00bb2\/3&#8243;][\/vc_column_inner][\/vc_row_inner][\/vc_column][\/vc_row][vc_row bg_color=\u00bb#ab192d\u00bb top_padding=\u00bb60&#8243; bottom_padding=\u00bb30&#8243;][vc_column width=\u00bb1\/2&#8243;][vc_column_text] La pol\u00edtica fiscal define si un pa\u00eds quiere un sistema econ\u00f3mico que haga posible avanzar hacia una sociedad m\u00e1s justa, m\u00e1s din\u00e1mica y m\u00e1s solidaria, generadora de riqueza y de puestos de trabajo. No es la mayor imposici\u00f3n fiscal, sino la estimulaci\u00f3n del crecimiento la que nos asegura seguir progresando en la generaci\u00f3n de bienestar y en la disminuci\u00f3n de la desigualdad. La clave no est\u00e1 en pagar m\u00e1s, sino en generar m\u00e1s para incrementar el per\u00edmetro real de la recaudaci\u00f3n. Catalu\u00f1a ha incrementado un 17 % su PIB en el periodo 2014-2018, gracias al car\u00e1cter emprendedor de empresarios y ciudadanos que han apostado por la internacionalizaci\u00f3n y la innovaci\u00f3n para afrontar la intensa crisis econ\u00f3mica. Sin embargo, en el mismo periodo de tiempo, la recaudaci\u00f3n fiscal ha aumentado un 48\u00a0%, muy por encima del crecimiento econ\u00f3mico. [&hellip;]<\/p>\n","protected":false},"author":24,"featured_media":0,"parent":0,"menu_order":0,"comment_status":"closed","ping_status":"closed","template":"","meta":{"_links_to":"","_links_to_target":""},"acf":[],"wps_subtitle":"","_links":{"self":[{"href":"https:\/\/www.foment.com\/es\/wp-json\/wp\/v2\/pages\/81533"}],"collection":[{"href":"https:\/\/www.foment.com\/es\/wp-json\/wp\/v2\/pages"}],"about":[{"href":"https:\/\/www.foment.com\/es\/wp-json\/wp\/v2\/types\/page"}],"author":[{"embeddable":true,"href":"https:\/\/www.foment.com\/es\/wp-json\/wp\/v2\/users\/24"}],"replies":[{"embeddable":true,"href":"https:\/\/www.foment.com\/es\/wp-json\/wp\/v2\/comments?post=81533"}],"version-history":[{"count":0,"href":"https:\/\/www.foment.com\/es\/wp-json\/wp\/v2\/pages\/81533\/revisions"}],"wp:attachment":[{"href":"https:\/\/www.foment.com\/es\/wp-json\/wp\/v2\/media?parent=81533"}],"curies":[{"name":"wp","href":"https:\/\/api.w.org\/{rel}","templated":true}]}}