{"id":83567,"date":"2020-03-22T20:02:40","date_gmt":"2020-03-22T19:02:40","guid":{"rendered":"https:\/\/www.foment.com\/suport-suspensio-declaracions-autoliquidacions-tributaries\/"},"modified":"2020-04-21T20:21:05","modified_gmt":"2020-04-21T18:21:05","slug":"soporte-suspension-declaraciones-autoliquidaciones-tributarias","status":"publish","type":"page","link":"https:\/\/www.foment.com\/es\/soporte-suspension-declaraciones-autoliquidaciones-tributarias\/","title":{"rendered":"Movilizaci\u00f3n empresarial en relaci\u00f3n al coronavirus"},"content":{"rendered":"<section class=\"wpb-content-wrapper\"><p>[vc_row][vc_column width=\u00bb1\/1&#8243;][vc_column_text]<\/p>\n<h1 style=\"text-align: center;\"><span style=\"color: #c1002b;\"><strong>Pedimos al Gobierno de Espa\u00f1a que ampl\u00ede <\/strong><\/span><span style=\"color: #c1002b;\"><strong>la suspensi\u00f3n de las declaraciones y autoliquidaciones tributarias hasta junio<\/strong><\/span><\/h1>\n<p>[\/vc_column_text]<div class=\"spacer\" style=\"height: 10px;\"><\/div>[\/vc_column][\/vc_row][vc_row][vc_column width=\u00bb1\/1&#8243;][vc_column_text]Foment del Treball busca el apoyo de todas las organizaciones sectoriales y territoriales para pedir de forma unitaria, urgente e inminente que el Gobierno de Espa\u00f1a apruebe una ampliaci\u00f3n de la suspensi\u00f3n en el pago de impuestos hasta junio, y que la medida tambi\u00e9n se aplique a las empresas con una facturaci\u00f3n superior a los 600.000\u20ac pero que han tenido que parar su producci\u00f3n por falta de liquidez.<\/p>\n<p>Las nuevas medidas extraordinarias aprobadas el 14 de abril por el Consejo de Ministros contribuir\u00e1n a aportar liquidez y tesorer\u00eda a pymes y aut\u00f3nomos en el momento m\u00e1s cr\u00edtico de la crisis econ\u00f3mica desencadenada por la pandemia del coronavirus, cuando ya pronto se cumplen cuatro semanas del decreto del Estado de Alarma que fren\u00f3 en seco la actividad econ\u00f3mica.<\/p>\n<p>Aun as\u00ed, Foment del Treball considera que:[\/vc_column_text]<div class=\"spacer\" style=\"height: 10px;\"><\/div>[\/vc_column][\/vc_row][vc_row][vc_column width=\u00bb2\/3&#8243;][vc_column_text]<\/p>\n<ol>\n<li>El tiempo de suspensi\u00f3n es excesivamente corto y tendr\u00eda que ampliarse hasta la liquidaci\u00f3n del mes de junio puesto que la parada de la actividad se mantendr\u00e1 en los meses de abril y mayo.<\/li>\n<li>Seg\u00fan se desprende de los datos de la Estad\u00edstica Anual del Impuesto sobre sociedades de a\u00f1o 2017 \u2013la \u00faltima disponible- estas medidas afectan al 84,8% de los contribuyentes por el Impuesto de Sociedades y la pr\u00e1ctica totalidad de los aut\u00f3nomos, por el IRPF. En cambio, quedan fuera en torno a 250.000 sociedades, seg\u00fan la \u00faltima estad\u00edstica anual de la AEAT, que suponen el 83% de los pagos por anticipado del Impuesto de Sociedades, muchas de ellas con facturaci\u00f3n superior a los 600.000 \u20ac pero con graves problemas de liquidez.<\/li>\n<\/ol>\n<p>[\/vc_column_text]<div class=\"spacer\" style=\"height: 10px;\"><\/div>[\/vc_column][vc_column width=\u00bb1\/3&#8243;]<div class=\"box clearfix style-1 wpb_content_element align-center \" style=\"padding: 20px 20px 20px 20px; \">\n<h3>Organizaciones adheridas<\/h3>\n<a href=\"http:\/\/www.foment.com\/es\/organizaciones-adheridas-peticion-foment-suspension-declaraciones-autoliquidaciones-tributarias\/\" target=\"_blank\" class=\"button color-2 medium \" style=\"border-radius: 2px;\">Con\u00f3celas<\/a><\/div><div class=\"spacer\" style=\"height: 10px;\"><\/div>[\/vc_column][\/vc_row][vc_row][vc_column width=\u00bb1\/1&#8243;]<div class=\"newdivider align-center\" style=\"border-bottom-style: solid; border-color: #c1002b; border-bottom-width: 1px; margin-top: 0; margin-bottom: 0; width: 100%; \"><\/div><div class=\"clear\"><\/div><div class=\"spacer\" style=\"height: 10px;\"><\/div>[vc_column_text]<\/p>\n<h3>Para dar tu apoyo completa el siguiente formulario:<\/h3>\n<p>[\/vc_column_text]<noscript class=\"ninja-forms-noscript-message\">\n\tAviso: Se requiere JavaScript para este contenido.<\/noscript>\n<div id=\"nf-form-13-cont\" class=\"nf-form-cont\" aria-live=\"polite\" aria-labelledby=\"nf-form-title-13\" aria-describedby=\"nf-form-errors-13\" role=\"form\">\n\n    <div class=\"nf-loading-spinner\"><\/div>\n\n<\/div>\n        <!-- TODO: Move to Template File. -->\n        <script>var formDisplay=1;var nfForms=nfForms||[];var form=[];form.id='13';form.settings={\"objectType\":\"Form Setting\",\"editActive\":true,\"title\":\"Suspensi\\u00f3n declaraciones y autoliquidaciones tributarias por coronavirus\",\"created_at\":\"2020-03-23 14:19:46\",\"default_label_pos\":\"above\",\"show_title\":\"0\",\"clear_complete\":\"1\",\"hide_complete\":\"1\",\"logged_in\":\"\",\"wrapper_class\":\"\",\"element_class\":\"\",\"key\":\"\",\"add_submit\":\"1\",\"currency\":\"\",\"unique_field_error\":\"A form with this value has already been submitted.\",\"not_logged_in_msg\":\"\",\"sub_limit_msg\":\"The form has reached its submission limit.\",\"calculations\":[],\"formContentData\":[\"nombre_de_la_empresa_1584969741031\",\"nombre_y_apellido_de_la_persona_de_contacto_1584969756764\",\"email_1523908522614\",\"telefono_1584969765960\",\"quiero_adherirme_a_la_peticion_de_foment_1584969779083\",\"enviar_1584900826186\"],\"drawerDisabled\":false,\"changeEmailErrorMsg\":\"Introduce una direcci\\u00f3n de correo electr\\u00f3nico v\\u00e1lida.\",\"changeDateErrorMsg\":\"\\u00a1Introduce una fecha v\\u00e1lida!\",\"confirmFieldErrorMsg\":\"Estos campos deben coincidir.\",\"fieldNumberNumMinError\":\"Error de n\\u00famero m\\u00ednimo\",\"fieldNumberNumMaxError\":\"Error de n\\u00famero m\\u00e1ximo\",\"fieldNumberIncrementBy\":\"Increm\\u00e9ntalo por \",\"formErrorsCorrectErrors\":\"Corrige los errores antes de enviar este formulario.\",\"validateRequiredField\":\"Este campo es obligatorio.\",\"honeypotHoneypotError\":\"Error de Honeypot\",\"fieldsMarkedRequired\":\"Los campos marcados con * son requeridos\",\"allow_public_link\":1,\"public_link\":\"https:\\\/\\\/www.foment.com\\\/ninja-forms\\\/13fkgz\",\"embed_form\":\"\",\"public_link_key\":\"13fkgz\",\"ninjaForms\":\"Ninja Forms\",\"fieldTextareaRTEInsertLink\":\"Insertar enlace\",\"fieldTextareaRTEInsertMedia\":\"Insertar medios\",\"fieldTextareaRTESelectAFile\":\"Seleccione un archivo\",\"formHoneypot\":\"Si eres un ser humano y est\\u00e1s viendo este campo, por favor d\\u00e9jalo vac\\u00edo.\",\"fileUploadOldCodeFileUploadInProgress\":\"Subida de archivo en curso.\",\"fileUploadOldCodeFileUpload\":\"SUBIDA DE ARCHIVO\",\"currencySymbol\":\"&#36;\",\"thousands_sep\":\".\",\"decimal_point\":\",\",\"siteLocale\":\"es_ES\",\"dateFormat\":\"m\\\/d\\\/Y\",\"startOfWeek\":\"1\",\"of\":\"de\",\"previousMonth\":\"Mes anterior\",\"nextMonth\":\"Pr\\u00f3ximo mes\",\"months\":[\"Enero\",\"Febrero\",\"Marzo\",\"Abril\",\"Mayo\",\"Junio\",\"Julio\",\"Agosto\",\"Septiembre\",\"Octubre\",\"Noviembre\",\"Diciembre\"],\"monthsShort\":[\"Ene\",\"Feb\",\"Mar\",\"Abr\",\"Mayo\",\"Jun\",\"Jul\",\"Ago\",\"Sep\",\"Oct\",\"Nov\",\"Dic\"],\"weekdays\":[\"Domingo\",\"Lunes\",\"Martes\",\"Mi\\u00e9rcoles\",\"Jueves\",\"Viernes\",\"S\\u00e1bado\"],\"weekdaysShort\":[\"Dom\",\"Lun\",\"Mar\",\"Mi\\u00e9\",\"Jue\",\"Vie\",\"S\\u00e1b\"],\"weekdaysMin\":[\"Do\",\"Lu\",\"Ma\",\"Mi\",\"Ju\",\"Vi\",\"S\\u00e1\"],\"recaptchaConsentMissing\":\"reCapctha validation couldn&#039;t load.\",\"recaptchaMissingCookie\":\"reCaptcha v3 validation couldn&#039;t load the cookie needed to submit the form.\",\"recaptchaConsentEvent\":\"Accept reCaptcha cookies before sending the form.\",\"currency_symbol\":\"\",\"beforeForm\":\"\",\"beforeFields\":\"\",\"afterFields\":\"\",\"afterForm\":\"\"};form.fields=[{\"objectType\":\"Field\",\"objectDomain\":\"fields\",\"editActive\":false,\"order\":2,\"field_label\":\"Nom i cognom de la persona de contacte\",\"field_key\":\"nom_i_cognom_de_la_persona_de_contacte_1584900683122\",\"label_pos\":\"above\",\"required\":1,\"default\":\"\",\"placeholder\":\"\",\"container_class\":\"one-half second\",\"element_class\":\"\",\"admin_label\":\"\",\"help_text\":\"\",\"custom_name_attribute\":\"lname\",\"drawerDisabled\":false,\"label\":\"Nombre de la empresa\",\"type\":\"lastname\",\"key\":\"nombre_de_la_empresa_1584969741031\",\"created_at\":\"2020-03-22 19:09:30\",\"personally_identifiable\":1,\"value\":\"\",\"id\":234,\"beforeField\":\"\",\"afterField\":\"\",\"parentType\":\"lastname\",\"element_templates\":[\"lastname\",\"input\"],\"old_classname\":\"\",\"wrap_template\":\"wrap\"},{\"objectType\":\"Field\",\"objectDomain\":\"fields\",\"editActive\":false,\"order\":2,\"field_label\":\"Nom i cognom de la persona de contacte\",\"field_key\":\"nom_i_cognom_de_la_persona_de_contacte_1584900683122\",\"label_pos\":\"above\",\"required\":1,\"default\":\"\",\"placeholder\":\"\",\"container_class\":\"one-half second\",\"element_class\":\"\",\"admin_label\":\"\",\"help_text\":\"\",\"custom_name_attribute\":\"lname\",\"drawerDisabled\":false,\"label\":\"Nombre y apellido de la persona de contacto\",\"type\":\"lastname\",\"key\":\"nombre_y_apellido_de_la_persona_de_contacto_1584969756764\",\"created_at\":\"2020-03-22 19:09:30\",\"personally_identifiable\":1,\"value\":\"\",\"id\":239,\"beforeField\":\"\",\"afterField\":\"\",\"parentType\":\"lastname\",\"element_templates\":[\"lastname\",\"input\"],\"old_classname\":\"\",\"wrap_template\":\"wrap\"},{\"objectType\":\"Field\",\"objectDomain\":\"fields\",\"editActive\":false,\"order\":3,\"field_label\":\"Email\",\"field_key\":\"email_1523908522614\",\"label_pos\":\"above\",\"required\":1,\"default\":\"\",\"placeholder\":\"\",\"container_class\":\"\",\"element_class\":\"\",\"admin_label\":\"\",\"help_text\":\"\",\"custom_name_attribute\":\"email\",\"label\":\"Email\",\"type\":\"email\",\"key\":\"email_1523908522614\",\"created_at\":\"2020-03-22 19:09:30\",\"personally_identifiable\":1,\"value\":\"\",\"id\":235,\"beforeField\":\"\",\"afterField\":\"\",\"parentType\":\"email\",\"element_templates\":[\"email\",\"input\"],\"old_classname\":\"\",\"wrap_template\":\"wrap\"},{\"objectType\":\"Field\",\"objectDomain\":\"fields\",\"editActive\":false,\"order\":4,\"field_label\":\"Tel\\u00e8fon\",\"field_key\":\"telefon_1584900692270\",\"label_pos\":\"above\",\"required\":1,\"default\":\"\",\"placeholder\":\"\",\"container_class\":\"\",\"element_class\":\"\",\"input_limit\":\"\",\"input_limit_type\":\"characters\",\"input_limit_msg\":\"Character(s) left\",\"manual_key\":\"\",\"admin_label\":\"\",\"help_text\":\"\",\"mask\":\"\",\"custom_mask\":\"\",\"custom_name_attribute\":\"phone\",\"label\":\"Tel\\u00e9fono\",\"type\":\"phone\",\"key\":\"telefono_1584969765960\",\"created_at\":\"2020-03-22 19:09:30\",\"personally_identifiable\":1,\"value\":\"\",\"drawerDisabled\":false,\"id\":236,\"beforeField\":\"\",\"afterField\":\"\",\"parentType\":\"textbox\",\"element_templates\":[\"tel\",\"textbox\",\"input\"],\"old_classname\":\"\",\"wrap_template\":\"wrap\"},{\"objectType\":\"Field\",\"objectDomain\":\"fields\",\"editActive\":false,\"order\":5,\"field_label\":\"Vull aherir-me a la petici\\u00f3 de Foment\",\"field_key\":\"vull_aherir-me_a_la_peticio_de_foment_1584900857520\",\"label_pos\":\"right\",\"required\":1,\"container_class\":\"\",\"element_class\":\"\",\"manual_key\":\"\",\"admin_label\":\"\",\"help_text\":\"\",\"default_value\":\"unchecked\",\"checked_value\":\"Checked\",\"unchecked_value\":\"Unchecked\",\"drawerDisabled\":false,\"default\":\"unchecked\",\"type\":\"checkbox\",\"label\":\"Quiero adherirme a la petici\\u00f3n de Foment\",\"key\":\"quiero_adherirme_a_la_peticion_de_foment_1584969779083\",\"created_at\":\"2020-03-22 19:09:30\",\"checked_calc_value\":\"\",\"unchecked_calc_value\":\"\",\"value\":\"unchecked\",\"id\":237,\"beforeField\":\"\",\"afterField\":\"\",\"parentType\":\"checkbox\",\"element_templates\":[\"checkbox\",\"input\"],\"old_classname\":\"\",\"wrap_template\":\"wrap\"},{\"objectType\":\"Field\",\"objectDomain\":\"fields\",\"editActive\":false,\"order\":6,\"field_label\":\"Enviar\",\"field_key\":\"enviar_1584900826186\",\"processing_label\":\"Processing\",\"container_class\":\"\",\"element_class\":\"\",\"type\":\"submit\",\"label\":\"Enviar\",\"key\":\"enviar_1584900826186\",\"created_at\":\"2020-03-22 19:09:30\",\"drawerDisabled\":\"\",\"id\":238,\"beforeField\":\"\",\"afterField\":\"\",\"value\":\"\",\"label_pos\":\"above\",\"parentType\":\"textbox\",\"element_templates\":[\"submit\",\"button\",\"input\"],\"old_classname\":\"\",\"wrap_template\":\"wrap-no-label\"}];nfForms.push(form);<\/script>\n        [\/vc_column][\/vc_row]<\/p>\n<\/section>","protected":false},"excerpt":{"rendered":"<p>[vc_row][vc_column width=\u00bb1\/1&#8243;][vc_column_text] Pedimos al Gobierno de Espa\u00f1a que ampl\u00ede la suspensi\u00f3n de las declaraciones y autoliquidaciones tributarias hasta junio [\/vc_column_text][\/vc_column][\/vc_row][vc_row][vc_column width=\u00bb1\/1&#8243;][vc_column_text]Foment del Treball busca el apoyo de todas las organizaciones sectoriales y territoriales para pedir de forma unitaria, urgente e inminente que el Gobierno de Espa\u00f1a apruebe una ampliaci\u00f3n de la suspensi\u00f3n en el pago de impuestos hasta junio, y que la medida tambi\u00e9n se aplique a las empresas con una facturaci\u00f3n superior a los 600.000\u20ac pero que han tenido que parar su producci\u00f3n por falta de liquidez. Las nuevas medidas extraordinarias aprobadas el 14 de abril por el Consejo de Ministros contribuir\u00e1n a aportar liquidez y tesorer\u00eda a pymes y aut\u00f3nomos en el momento m\u00e1s cr\u00edtico de la crisis econ\u00f3mica desencadenada por la pandemia del coronavirus, cuando ya pronto se cumplen cuatro semanas del decreto del Estado de Alarma que fren\u00f3 en seco la actividad econ\u00f3mica. Aun as\u00ed, Foment del Treball considera que:[\/vc_column_text][\/vc_column][\/vc_row][vc_row][vc_column width=\u00bb2\/3&#8243;][vc_column_text] El tiempo de suspensi\u00f3n es excesivamente corto y tendr\u00eda que ampliarse hasta la liquidaci\u00f3n del mes de junio puesto que la parada de la actividad se mantendr\u00e1 en los meses de abril y mayo. Seg\u00fan se desprende de los datos de la Estad\u00edstica Anual del [&hellip;]<\/p>\n","protected":false},"author":10,"featured_media":0,"parent":0,"menu_order":0,"comment_status":"closed","ping_status":"closed","template":"","meta":{"_links_to":"","_links_to_target":""},"acf":[],"wps_subtitle":"","_links":{"self":[{"href":"https:\/\/www.foment.com\/es\/wp-json\/wp\/v2\/pages\/83567"}],"collection":[{"href":"https:\/\/www.foment.com\/es\/wp-json\/wp\/v2\/pages"}],"about":[{"href":"https:\/\/www.foment.com\/es\/wp-json\/wp\/v2\/types\/page"}],"author":[{"embeddable":true,"href":"https:\/\/www.foment.com\/es\/wp-json\/wp\/v2\/users\/10"}],"replies":[{"embeddable":true,"href":"https:\/\/www.foment.com\/es\/wp-json\/wp\/v2\/comments?post=83567"}],"version-history":[{"count":0,"href":"https:\/\/www.foment.com\/es\/wp-json\/wp\/v2\/pages\/83567\/revisions"}],"wp:attachment":[{"href":"https:\/\/www.foment.com\/es\/wp-json\/wp\/v2\/media?parent=83567"}],"curies":[{"name":"wp","href":"https:\/\/api.w.org\/{rel}","templated":true}]}}