{"id":83571,"date":"2020-03-22T20:44:54","date_gmt":"2020-03-22T19:44:54","guid":{"rendered":"https:\/\/www.foment.com\/organitzacions-adherides-peticio-foment-suspensio-declaracions-autoliquidacions-tributaries\/"},"modified":"2020-03-31T13:22:51","modified_gmt":"2020-03-31T11:22:51","slug":"organizaciones-adheridas-peticion-foment-suspension-declaraciones-autoliquidaciones-tributarias","status":"publish","type":"page","link":"https:\/\/www.foment.com\/es\/organizaciones-adheridas-peticion-foment-suspension-declaraciones-autoliquidaciones-tributarias\/","title":{"rendered":"Organizaciones adheridas"},"content":{"rendered":"<ol>\n<li>AGEFRED<\/li>\n<li>Agrupaci\u00f3 de Fabricants Ciment de Catalunya<\/li>\n<li>Agrupaci\u00f3 de Serveis d\u2019Aigua de Catalunya (ASAC)<\/li>\n<li>AGRUPACION ESPA\u00d1OLA DEL GENERO DE PUNTO<\/li>\n<li>Applus<\/li>\n<li>ASOCIACIO CATALANA D\u2019EMPRESARIOS D\u2019AMBULANCIES<\/li>\n<li>ASOCIACI\u00d3N DE ARMADORES DE BUQUES DE PESCA DE LAS PROV DE BARCELONA Y GIRONA<\/li>\n<li>ASOCIACION DE BEBIDAS REFRESCANTES (ANFABRA)<\/li>\n<li>ASOCIACI\u00d3N DE CADENAS ESPA\u00d1OLAS DE SUPERMERCADOS<\/li>\n<li>ASOCIACION DE EMPRESARIOS GALLEGOS DE CATALU\u00d1A<\/li>\n<li>ASOCIACI\u00d3N DE EMPRESARIOS Y EMPRENDEDORES AUTONOMOS DE CATALU\u00d1A<\/li>\n<li>Asociaci\u00f3n de Federaciones y Asociaciones de Empresarias del Mediterr\u00e1neo<\/li>\n<li>Asociaci\u00f3n de instaladores de sistemas PYL (AD&#8217;IP)<\/li>\n<li>Asociaci\u00f3n de Interim Management Espa\u00f1a<\/li>\n<li>ASOCIACION EMPRESARIAL DEL TAXI<\/li>\n<li>ASOCIACI\u00d3N ESPA\u00d1OLA DE COGENERACI\u00d3N (ACOGEN)<\/li>\n<li>ASOCIACION ESPA\u00d1OLA DE EMPRESAS DE MULTIMEDIA.<\/li>\n<li>Asociaci\u00f3n Espa\u00f1ola de Fabricantes de Cables y Conductores El\u00e9ctricos y de Fibra \u00d3ptica (FACEL)<\/li>\n<li>ASOCIACION ESPA\u00d1OLA DE FINANCIEROS DE EMPRESA (ASSET)<\/li>\n<li>ASOCIACION ESPA\u00d1OLA DE PROFESIONALES DECOMPRAS, CONTRATACION Y APROVISIONAMIENTO (AERCE)<\/li>\n<li>ASOCIACI\u00d3N MULTISECTORIAL DE EMPRESAS DE ELECTRONICA, TECNOLOG\u00cdAS DE LA INFORMACI\u00d3N Y LA COMUNICACI\u00d3N DE LAS TELECOMUNICACIONES Y DE LOS CONTENIDOS DIGITALES (AMETIC)<\/li>\n<li>ASOCIACI\u00d3N NACIONAL DE GRANDES EMPRESAS DE DISTRIBUCI\u00d3N (ANGED)<\/li>\n<li>ASOCIACION NACIONAL DE PERFUMERIA Y COSMETICA (STANPA)<\/li>\n<li>ASOCIACION PROFESIONAL DE COMPA\u00d1IAS PRIVADAS DE SERVICIOS DE SEGURIDAD (APROSER)<\/li>\n<li>ASOCIACION PROFESIONAL DE LOTERIAS Y APUESTAS<\/li>\n<li>ASOCIACI\u00d3N PROVINCIAL DE ESTACIONES DE SERVICIO DE BARCELONA<\/li>\n<li>ASSOCIACI\u00d3 CATALANA D\u2019AG\u00c8NCIES DE COL\u00b7LOCACI\u00d3 I EMPRESES DE RECOL\u00b7LOCACI\u00d3 (ACACER)<\/li>\n<li>Associaci\u00f3 Catalana d\u2019Ag\u00e8ncies de Viatges Especialitzades (ACAVE)<\/li>\n<li>Associaci\u00f3 Catalana d\u2019Empres\u00e0ries i Executives<\/li>\n<li>ASSOCIACI\u00d3 CATALANA D\u2019EMPRESES CONCESSION\u00c0RIES AMB INSTAL\u00b7LACIONS PORTU\u00c0RIES (ASCIPORT)<\/li>\n<li>ASSOCIACI\u00d3 CATALANA D\u2019EMPRESES CONSULTORES (ACEC)<\/li>\n<li>ASSOCIACI\u00d3 CATALANA D\u2019INSTAL.LACIONS DE TRACTAMENT DE RESIDUS ESPECIALS (ACITRE)<\/li>\n<li>ASSOCIACIO CATALANA DE RESPONSABLES DE MEDI AMBIENT DE LA INDUSTRIA D\u2019ALIMENTACIO I BEGUDES (ENVICAB)<\/li>\n<li>Associaci\u00f3 Comarcal d\u2019Empresaris del Bergued\u00e0 (ACEB)<\/li>\n<li>Associaci\u00f3 d\u2019Apartaments Tur\u00edstics (Apartur)<\/li>\n<li>Associaci\u00f3 d\u2019Empresaris Surers de Catalunya (AECORK)<\/li>\n<li>ASSOCIACI\u00d3 D\u2019EMPRESES D\u2019ENGINYERIA I CONSULTORIA INDEPENDENTS DE CATALUNYA (ASINCA)<\/li>\n<li>ASSOCIACI\u00d3 D\u2019EMPRESES DE DISTRIBUCI\u00d3 I LOG\u00cdSTICA DE BEGUDES I ALIMENTACI\u00d3 DE CATALUNYA<\/li>\n<li>ASSOCIACIO D\u2019EMPRESES DE SERVEIS FUNERARIS DE CATALUNYA<\/li>\n<li>Associaci\u00f3 de Cadenes Espanyoles de Supermercats.<\/li>\n<li>Associaci\u00f3 de Concessionaris de Mercabarna<\/li>\n<li>Associaci\u00f3 de Mestres Industrials i T\u00e8cnics Superiors (AMITS)<\/li>\n<li>ASSOCIACI\u00d3 DE PROMOTORS I CONSTRUCTORS D\u2019EDIFICIS DE CATALUNYA (APCE)<\/li>\n<li>Associaci\u00f3 Empresarial de l\u2019Hospitalet i Baix Llobregat (AEBALL)<\/li>\n<li>Associaci\u00f3 Empresarial de Publicitat<\/li>\n<li>Associaci\u00f3 Independent de Joves Empresaris de Catalunya (AIJEC)<\/li>\n<li>Associaci\u00f3 Nacional d\u2019Empresaris de Maquines Recreatives<\/li>\n<li>Associaci\u00f3 Nacional Grans Empreses de Distribuci\u00f3<\/li>\n<li>BINGO DE CATALUNYA, ASSOCIACIO D\u2019EMPRESARIS DE (A.E.J.E.A.)<\/li>\n<li>CATALONIA CERAMICA, S.A<\/li>\n<li>CECOT<\/li>\n<li>Cecot Comer\u00e7<\/li>\n<li>CENTRE D\u2019INVESTIGACIO D\u2019ECONOMIA I SOCIETAT (CIES)<\/li>\n<li>Centre Metal\u00b7l\u00fargic de Sabadell i Comarca<\/li>\n<li>CENTRES ESPECIALS DE TREBALL DE CATALUNYA, FEDERACIO DE (F.E.C.E.T.C.)<\/li>\n<li>Centro de Estudios y Asesoramiento Metal\u00fargico (CEAM)<\/li>\n<li>COL.LEGI D\u2019ADMINISTRADORS DE FINQUES DE BARCELONA-LLEIDA<\/li>\n<li>Col\u00b7legi Oficial d\u2019Agents Comercials de Barcelona (COACB)<\/li>\n<li>COL\u00b7LEGI OFICIAL D\u2019AGENTS I COMISSIONISTES DE DUANES DE BARCELONA<\/li>\n<li>COMARQUES DE L\u2019EBRE (AECE), ASSOCIACIO D\u2019EMPRESARIS DE LES<\/li>\n<li>Comertia<\/li>\n<li>COMSA<\/li>\n<li>CONFEDERACI\u00d3 CATALANA DE LA FUSTA<\/li>\n<li>Confederaci\u00f3 d\u2019Organitzacions Empresarials de Lleida<\/li>\n<li>CONFEDERACI\u00d3 EMPRESARIAL D\u2019HOSTALERIA I RESTAURACI\u00d3 DE CATALUNYA (CONFECAT)<\/li>\n<li>Confederaci\u00f3 Empresarial de la Prov\u00edncia de Tarragona (CEPTA)<\/li>\n<li>Confederaci\u00f3n de la Industria Textil (TEXFOR)<\/li>\n<li>CONSEJO INTERSECTORIAL DE EMPRESARIOS DE SABADELL Y COMARCA (CIESC)<\/li>\n<li>Consell d\u2019Empreses Distribuidores d\u2019Alimentaci\u00f3 de Catalunya (CEDAC)<\/li>\n<li>Consell de Gremis de Comer\u00e7, Serveis i Turisme<\/li>\n<li>CONSELL DE GREMIS DE COMER\u00c7, SERVEIS I TURISME DE BARCELONA<\/li>\n<li>CONSELL EMPRESARIAL OSONA<\/li>\n<li>EXAU ASSESSORS SL<\/li>\n<li>FEDERACIO CATALANA DE FUTBOL<\/li>\n<li>FEDERACIO CATALANA DE TALLERS DE REPARACIO D\u2019AUTOMOBILS (FECATRA)<\/li>\n<li>FEDERACI\u00d3 CATALANA DE TRANSPORTS DE BARCELONA (TRANSCALIT)<\/li>\n<li>Federaci\u00f3 d\u2019Associacions i Gremis Empresarials del Maresme (FAGEM)<\/li>\n<li>Federaci\u00f3 d\u2019Organitzacions Empresarials de Girona (FOEG)<\/li>\n<li>FEDERACI\u00d3 DE GREMIS DE CONSTRUCTORS D\u2019OBRES DE CATALUNYA<\/li>\n<li>FEDERACI\u00d3 DE MUTUALITATS DE CATALUNYA<\/li>\n<li>Federacio Empresarial de Badalona<\/li>\n<li>Federaci\u00f3 Empresarial del Gran Pened\u00e8s (FEGP)<\/li>\n<li>FEDERACI\u00d3 PROVINCIAL D\u2019EMPRESARIS DE COMER\u00c7 DE LLEIDA (Fecom)<\/li>\n<li>Federaci\u00f3n Empresarial Catalana del Sector Qu\u00edmico (FEDEQUIM)<\/li>\n<li>Federaci\u00f3n Empresarial de Carnes e Industrias C\u00e1rnicas (FECIC)<\/li>\n<li>FEPIME<\/li>\n<li>Fundaci\u00f3 Internacional de la Dona Emprenedora<\/li>\n<li>FUNDACIO VIVER DE BELL-LLOC<\/li>\n<li>GEBTA (Guild of European Business Travel Agents)<\/li>\n<li>GREMI DE CONSTRUCTORS D\u2019OBRES DE BARCELONA I COMARQUES<\/li>\n<li>GREMI DE FABRICANTS DE SABADELL<\/li>\n<li>GREMI DE GARATGES DE BARCELONA I PROV\u00cdNCIA<\/li>\n<li>GREMI DE LA INDUSTRIA I COMUNICACIO GRAFICA DE CATALUNYA<\/li>\n<li>Gremi del Motor<\/li>\n<li>Gremi d&#8217;Hotels<\/li>\n<li>Ilustre Colegio de la Abogac\u00eda de Barcelona (ICAB)<\/li>\n<li>Materials per a la construcci\u00f3 J.E. Magri\u00f1\u00e0 S.L.<\/li>\n<li>PATRONAL DEL JOC PRIVAT DE CATALUNYA (PATROJOC)<\/li>\n<li>Revisiones y Montajes, S.L.<\/li>\n<li>Saba Infraestructuras, S.A.<\/li>\n<li>Uni\u00f3 Catalana d\u2019Hospitals<\/li>\n<li>UNIO DE FEDERACIONS ESPORTIVES DE CATALUNYA (UFEC)<\/li>\n<li>Uni\u00f3 de Licoristes de Catalunya<\/li>\n<li>Uni\u00f3 Empresarial de l\u2019Anoia<\/li>\n<li>UNI\u00d3 EMPRESARIAL INTERSECTORIAL CERCLE D\u2019EMPRESARIS (UEI-CERCLEM)<\/li>\n<li>UNIO INTERSECTORIAL D\u2019EMPRESARIS DE LA GARROTXA<\/li>\n<li>Uni\u00f3 Intersectorial Empresarial del Ripoll\u00e8s (UIER)<\/li>\n<li>Uni\u00f3n Patronal Metal\u00fargica (UPM)<\/li>\n<\/ol>\n<p><strong style=\"color: #c1002b;\">Empreses individuals que s&#8217;han sumat a la campanya:<\/strong><\/p>\n<ol>\n<li>ALITARA<\/li>\n<li>Aluminis i vidres Igualada Bonet sl<\/li>\n<li>ANODIZADOS OLIVA SL<\/li>\n<li>Anuncis de Paper Sk<\/li>\n<li>ASDE ASSESSORS 2002, SL<\/li>\n<li>ASSESSORS D&#8217;EMPRESA ENRICH, S.L.<\/li>\n<li>ATLANTIDA TRAVEL<\/li>\n<li>BAR POBLENOU<\/li>\n<li>BARCELONA OBERTA<\/li>\n<li>BENITO SPORTS<\/li>\n<li>CAF\u00c9 4B<\/li>\n<li>CLEARPEAKS SL<\/li>\n<li>CLIMAVA<\/li>\n<li>Clintu<\/li>\n<li>COMSA<\/li>\n<li>CONSULTORIA ESTUDIO LEGAL BUFETE ABOGADOS SLP<\/li>\n<li>CULTURA Y MODA<\/li>\n<li>CURQUEJO TORRENT, S.L.<\/li>\n<li>Dabel Telecomunicaciones<\/li>\n<li>DARNAU SL<\/li>\n<li>DESTI\u00d3N INTEGRAL DE INSTALACIONES, S.L.<\/li>\n<li>Empreses de Noves Tecnologies de l&#8217;Informaci\u00f3 i la Comunicaci\u00f3 (GENTIC)<\/li>\n<li>ESTABLIMENTS ANDREU SL<\/li>\n<li>ESTIVILL SERVEISS ADMINSITRATIUS, SL<\/li>\n<li>EUIPOS DE LIMPIEZA SL<\/li>\n<li>FELGAR<\/li>\n<li>FELIUCONSULTORS SL<\/li>\n<li>FILPAR<\/li>\n<li>FRANCISCO OLLER SA<\/li>\n<li>GINERS Estilistes<\/li>\n<li>GR\u00c0FIQUES POCH<\/li>\n<li>GREMI DE PERRUQUERIA I EST\u00c8TICA DE MATAR\u00d3<\/li>\n<li>GRUP LESSEPS<\/li>\n<li>GRUPO AKOMA<\/li>\n<li>GUILERA SA<\/li>\n<li>IBERBOARD<\/li>\n<li>IGUALADINA DE DEPURACIO<\/li>\n<li>INDUSTRIAS GARCIA GRAU SA<\/li>\n<li>INSTOP CATALUNYA SLU<\/li>\n<li>JAPAN LESSEPS<\/li>\n<li>JOSEP SUBIRANA RIERA<\/li>\n<li>JSM INFOREDES SL<\/li>\n<li>Kenko Europa, S.A.<\/li>\n<li>Kliu Solutions S.L<\/li>\n<li>KROKOBAGS,S.L.<\/li>\n<li>LA MALLORQUINA<\/li>\n<li>LIDERA ASESORES<\/li>\n<li>LLORENS ISBERT SL<\/li>\n<li>M.M.CANALS, S.A.<\/li>\n<li>MMF MICHELI S L<\/li>\n<li>QUALITY MEDIA COMUNICACI\u00d3N SL<\/li>\n<li>RAMON<\/li>\n<li>RESTAURANT CAMINETTO<\/li>\n<li>ROSA GRES, S.L.U.<\/li>\n<li>SANTA EULALIA SL<\/li>\n<li>Satecnic<\/li>\n<li>SEAT<\/li>\n<li>SEFAR<\/li>\n<li>Servei T\u00e8cnic Grau<\/li>\n<li>Sistemas G\u00f3mez S.R.L.L<\/li>\n<li>ST GRAU<\/li>\n<li>STHAL IBERICA SL<\/li>\n<li>STORO PACK ESPA\u00d1A SL<\/li>\n<li>SURIS<\/li>\n<li>TALLER JORDI BASAS<\/li>\n<li>TALLERES FELIPE VERDES<\/li>\n<li>TAX MATARO<\/li>\n<li>TC CARRION<\/li>\n<li>Teleantena Llobregat SL<\/li>\n<li>TEX DORPAL SL<\/li>\n<li>TG GILAVER, SL<\/li>\n<li>THE COLOURS BOX<\/li>\n<li>Transportes Fagamar S.L.<\/li>\n<li>UNIPREUS SL<\/li>\n<li>ZIV<\/li>\n<li>Crit<\/li>\n<li>Decoral<\/li>\n<li>Joan Costa Quer<\/li>\n<li>PRODUCTES PIQUE S.L.<\/li>\n<li>Antenas Teide, S. L.<\/li>\n<li>Electr\u00f3nica Ballesteros<\/li>\n<li>BLUE WATER SHIPPING ESPA\u00d1A, SA<\/li>\n<li>J.VIGAS, S.A.<\/li>\n<li>Danespa SA<\/li>\n<li>CORREA DELCASSO<\/li>\n<li>VIA TAX CONSULTING, SL<\/li>\n<li>JDA EXPERT LEGALTAX, S.L.P. &#8211; BARCELONA<\/li>\n<li>WENCE INVERSIONES SL<\/li>\n<li>Grup Lesseps SL<\/li>\n<li>Reprise de crilcsa<\/li>\n<li>Manufacturas Caor SL<\/li>\n<li>ACLERK DETECTIVES PRIVADOS S.L<\/li>\n<li>Pivicisa SAU<\/li>\n<li>FORO LEGAL ABOGADO ASESORES SLP<\/li>\n<li>INTER PARTES, S.L<\/li>\n<li>Virutex,SA<\/li>\n<\/ol>\n","protected":false},"excerpt":{"rendered":"<p>AGEFRED Agrupaci\u00f3 de Fabricants Ciment de Catalunya Agrupaci\u00f3 de Serveis d\u2019Aigua de Catalunya (ASAC) AGRUPACION ESPA\u00d1OLA DEL GENERO DE PUNTO Applus ASOCIACIO CATALANA D\u2019EMPRESARIOS D\u2019AMBULANCIES ASOCIACI\u00d3N DE ARMADORES DE BUQUES DE PESCA DE LAS PROV DE BARCELONA Y GIRONA ASOCIACION DE BEBIDAS REFRESCANTES (ANFABRA) ASOCIACI\u00d3N DE CADENAS ESPA\u00d1OLAS DE SUPERMERCADOS ASOCIACION DE EMPRESARIOS GALLEGOS DE CATALU\u00d1A ASOCIACI\u00d3N DE EMPRESARIOS Y EMPRENDEDORES AUTONOMOS DE CATALU\u00d1A Asociaci\u00f3n de Federaciones y Asociaciones de Empresarias del Mediterr\u00e1neo Asociaci\u00f3n de instaladores de sistemas PYL (AD&#8217;IP) Asociaci\u00f3n de Interim Management Espa\u00f1a ASOCIACION EMPRESARIAL DEL TAXI ASOCIACI\u00d3N ESPA\u00d1OLA DE COGENERACI\u00d3N (ACOGEN) ASOCIACION ESPA\u00d1OLA DE EMPRESAS DE MULTIMEDIA. Asociaci\u00f3n Espa\u00f1ola de Fabricantes de Cables y Conductores El\u00e9ctricos y de Fibra \u00d3ptica (FACEL) ASOCIACION ESPA\u00d1OLA DE FINANCIEROS DE EMPRESA (ASSET) ASOCIACION ESPA\u00d1OLA DE PROFESIONALES DECOMPRAS, CONTRATACION Y APROVISIONAMIENTO (AERCE) ASOCIACI\u00d3N MULTISECTORIAL DE EMPRESAS DE ELECTRONICA, TECNOLOG\u00cdAS DE LA INFORMACI\u00d3N Y LA COMUNICACI\u00d3N DE LAS TELECOMUNICACIONES Y DE LOS CONTENIDOS DIGITALES (AMETIC) ASOCIACI\u00d3N NACIONAL DE GRANDES EMPRESAS DE DISTRIBUCI\u00d3N (ANGED) ASOCIACION NACIONAL DE PERFUMERIA Y COSMETICA (STANPA) ASOCIACION PROFESIONAL DE COMPA\u00d1IAS PRIVADAS DE SERVICIOS DE SEGURIDAD (APROSER) ASOCIACION PROFESIONAL DE LOTERIAS Y APUESTAS ASOCIACI\u00d3N PROVINCIAL DE ESTACIONES DE SERVICIO DE BARCELONA ASSOCIACI\u00d3 CATALANA D\u2019AG\u00c8NCIES DE COL\u00b7LOCACI\u00d3 I EMPRESES DE RECOL\u00b7LOCACI\u00d3 [&hellip;]<\/p>\n","protected":false},"author":10,"featured_media":0,"parent":0,"menu_order":0,"comment_status":"closed","ping_status":"closed","template":"","meta":{"_links_to":"","_links_to_target":""},"acf":[],"wps_subtitle":"","_links":{"self":[{"href":"https:\/\/www.foment.com\/es\/wp-json\/wp\/v2\/pages\/83571"}],"collection":[{"href":"https:\/\/www.foment.com\/es\/wp-json\/wp\/v2\/pages"}],"about":[{"href":"https:\/\/www.foment.com\/es\/wp-json\/wp\/v2\/types\/page"}],"author":[{"embeddable":true,"href":"https:\/\/www.foment.com\/es\/wp-json\/wp\/v2\/users\/10"}],"replies":[{"embeddable":true,"href":"https:\/\/www.foment.com\/es\/wp-json\/wp\/v2\/comments?post=83571"}],"version-history":[{"count":0,"href":"https:\/\/www.foment.com\/es\/wp-json\/wp\/v2\/pages\/83571\/revisions"}],"wp:attachment":[{"href":"https:\/\/www.foment.com\/es\/wp-json\/wp\/v2\/media?parent=83571"}],"curies":[{"name":"wp","href":"https:\/\/api.w.org\/{rel}","templated":true}]}}