{"id":87168,"date":"2020-04-21T09:47:01","date_gmt":"2020-04-21T07:47:01","guid":{"rendered":"https:\/\/www.foment.com\/material-proteccio-treballadors-davant-contagi-covid-19\/"},"modified":"2020-06-03T12:40:46","modified_gmt":"2020-06-03T10:40:46","slug":"material-proteccion-trabajadores-ante-contagio-covid-19","status":"publish","type":"page","link":"https:\/\/www.foment.com\/es\/material-proteccion-trabajadores-ante-contagio-covid-19\/","title":{"rendered":"Material de protecci\u00f3n para los trabajadores ante el contagio del COVID-19"},"content":{"rendered":"<section class=\"wpb-content-wrapper\"><p>[vc_row top_padding=\u00bb60&#8243;][vc_column width=\u00bb1\/2&#8243;][vc_column_text]<span class='dropcap dropcap-book'>E<\/span>n el momento en que todas las empresas empiecen a llevar a cabo la actividad laboral despu\u00e9s del final del confinamiento, ser\u00e1 imprescindible que se alcancen todas las medidas necesarias para proteger a sus trabajadores y evitar un nuevo repunte del virus, mientras sea necesario.<\/p>\n<p>Foment del Treball pone a su disposici\u00f3n un listado de empresas fabricantes o distribuidores de material EPI, mascarillas, test r\u00e1pidos, term\u00f3metros, separadores de mesa o mostradores, entre otros, que pueden abastecer los pedidos de las empresas para que apliquen las medidas de protecci\u00f3n necesarias para sus empleados ante el contagio del COVID19.<\/p>\n<p>Dado que tanto el precio unitario como las cantidades, los stocks y las fechas de entrega pueden ser variables, recomendamos que consulten previamente con cada proveedor antes de hacer efectivo el pedido.[\/vc_column_text][\/vc_column][vc_column width=\u00bb1\/2&#8243;]<div class=\"single_image wpb_content_element align-left    \" data-animation=\"none\" data-delay=\"0\"><img width=\"6000\" height=\"4000\" src=\"https:\/\/www.foment.com\/wp-content\/uploads\/2020\/04\/h-shaw-UhOIDLhhIcI-unsplash.jpg\" class=\"attachment-full\" alt=\"\" loading=\"lazy\" title=\"h-shaw-UhOIDLhhIcI-unsplash\" \/><\/div>[\/vc_column][\/vc_row][vc_row section_arrow=\u00bbfalse\u00bb top_padding=\u00bb20&#8243; bottom_padding=\u00bb20&#8243; bg_position=\u00bbleft top\u00bb][vc_column width=\u00bb1\/1&#8243;]<h4 class=\"headline font-inherit fontsize-m fontweight-inherit lh-inherit align-left transform-inherit \" style=\"margin: 0 0 20px 0;\">Listado de empresas fabricantes o distribuidoras de material EPI, test r\u00e1pidos y otros<\/h4>[vc_tta_accordion][vc_tta_section title=\u00bbBastos Medical, SL (Mascarillas)\u00bb tab_id=\u00bbbastos-medical\u00bb][vc_column_text]<strong>Persona de contacto:<\/strong><br \/>\nJaume Membrive<br \/>\n938311075<br \/>\n<a href=\"mailto:medical.express@bastosmedical.com\">medical.express@bastosmedical.com<\/a><\/p>\n<a href=\"https:\/\/www.foment.com\/wp-content\/uploads\/2020\/05\/BASTOS.pdf\" target=\"_blank\" class=\"button color-3 medium \" style=\"border-radius: 2px;\">M\u00e1s informaci\u00f3n<\/a>[\/vc_column_text][\/vc_tta_section][vc_tta_section title=\u00bbB. Boddy SL (Mascarillas)\u00bb tab_id=\u00bbb-boddy\u00bb][vc_column_text]<strong>Persona de contacto:<\/strong><br \/>\nFrancisco Sevilla<br \/>\n652 795 455<br \/>\n<a href=\"mailto:pacosevilla64@gmail.com\">pacosevilla64@gmail.com<\/a><\/p>\n<a href=\"https:\/\/www.foment.com\/wp-content\/uploads\/2020\/04\/BBODDY.pdf\" target=\"_blank\" class=\"button color-3 medium \" style=\"border-radius: 2px;\">M\u00e1s informaci\u00f3n<\/a>[\/vc_column_text][\/vc_tta_section][vc_tta_section title=\u00bbFresco Podolog\u00eda, SL (Mascarillas, guantes, protector facial y gel)\u00bb tab_id=\u00bbfresco-podologia\u00bb][vc_column_text]<strong>Persona de contacto:<\/strong><br \/>\nGuillermo Segura<br \/>\n664 273 347<br \/>\n<a href=\"mailto:export@fresco.es\">export@fresco.es<\/a><\/p>\n<a href=\"https:\/\/www.foment.com\/wp-content\/uploads\/2020\/04\/FRESCO-1.pdf\" target=\"_blank\" class=\"button color-3 medium \" style=\"border-radius: 2px;\">M\u00e1s informaci\u00f3n<\/a>[\/vc_column_text][\/vc_tta_section][vc_tta_section title=\u00bbGrup Met (Mascarillas y test)\u00bb tab_id=\u00bbgrup-met\u00bb][vc_column_text]<strong>Persona de contacto:<\/strong><br \/>\nJordi Ruiz<br \/>\n<a href=\"mailto:jordi@grupmet.com\">jordi@grupmet.com<\/a><br \/>\n647 410 637<br \/>\n<a href=\"https:\/\/docs.google.com\/forms\/d\/e\/1FAIpQLSd3z2496YOkLuEqJ8LUb4UutqJveXiQP-VH3I8RLfXftuLf0g\/viewform\">Formulari per fer la comanda<\/a><\/p>\n<a href=\"https:\/\/www.foment.com\/wp-content\/uploads\/2020\/04\/GRUP-MET.pdf\" target=\"_blank\" class=\"button color-3 medium \" style=\"border-radius: 2px;\">M\u00e1s informaci\u00f3n<\/a>[\/vc_column_text][\/vc_tta_section][vc_tta_section title=\u00bbHerraiz Maquinaria ICA, SA (Mascarillas, guantes, gafas, hidroalcohol, term\u00f3metro infrarrojo, generadores de ozono, portal de desinfecci\u00f3n, mamparas, batas, buzos, se\u00f1alizaci\u00f3n y papelera para los residuos COVID)\u00bb tab_id=\u00bbherraiz-marquinaria-ica\u00bb][vc_column_text]<strong>Persona de contacto:<\/strong><br \/>\nJuli\u00e1n Herraiz<br \/>\n<a href=\"mailto:julian@herraiz.com\">julian@herraiz.com<\/a><\/p>\n<a href=\"https:\/\/www.foment.com\/wp-content\/uploads\/2020\/05\/HERRAIZ.pdf\" target=\"_blank\" class=\"button color-3 medium \" style=\"border-radius: 2px;\">M\u00e1s informaci\u00f3n<\/a>[\/vc_column_text][\/vc_tta_section][vc_tta_section title=\u00bbInnjoo \/ Innovaciones Hospitalarias (Termometros de frente infrarrojos)\u00bb tab_id=\u00bbinnjoo-innovaciones-hospitalarias\u00bb][vc_column_text]<strong>Persona de contacto:<\/strong><br \/>\nCarlos Ferrer<br \/>\n638 030 819<br \/>\n<a href=\"mailto:ferrerspa@gmail.com\">ferrerspa@gmail.com<\/a><\/p>\n<a href=\"https:\/\/www.foment.com\/wp-content\/uploads\/2020\/05\/INNUDO.pdf\" target=\"_blank\" class=\"button color-3 medium \" style=\"border-radius: 2px;\">M\u00e1s informaci\u00f3n<\/a>[\/vc_column_text][\/vc_tta_section][vc_tta_section title=\u00bbLyba Textiles, SL (Batas)\u00bb tab_id=\u00bblyba-textiles\u00bb][vc_column_text]<strong>Persona de contacto:<\/strong><br \/>\nRoman Piera<br \/>\n935767086\/658519837<br \/>\n<a href=\"mailto:roman@lybatextiles.com\" target=\"_blank\" rel=\"noopener noreferrer\">roman@lybatextiles.com<\/a><\/p>\n<a href=\"https:\/\/www.foment.com\/wp-content\/uploads\/2020\/05\/LYBATEXTILES_-1.pdf\" target=\"_blank\" class=\"button color-3 medium \" style=\"border-radius: 2px;\">M\u00e1s informaci\u00f3n<\/a>[\/vc_column_text][\/vc_tta_section][vc_tta_section title=\u00bbMedline (Mascarillas)\u00bb tab_id=\u00bb1591180880417-bb1ce0e8-0aac\u00bb][vc_column_text]<strong>P<\/strong><strong>ersona de contacte:<br \/>\n<\/strong>Raquel Mart\u00ednez<br \/>\n616 999 262<\/p>\n<p><u><a href=\"mailto:raquel.martinez@medline.com\">raquel.martinez@medline.com<\/a><\/u><\/p>\n<a href=\"https:\/\/www.foment.com\/wp-content\/uploads\/2020\/06\/MEDLINE.pdf\" target=\"_blank\" class=\"button color-3 medium \" style=\"border-radius: 2px;\">M\u00e1s informaci\u00f3n<\/a>[\/vc_column_text][\/vc_tta_section][vc_tta_section title=\u00bbMeliora Solutions (Mamparas aislantes de protecci\u00f3n)\u00bb tab_id=\u00bb1588584786761-4e80a221-b726&#8243;][vc_column_text]<strong>Persona de contacto:<br \/>\n<\/strong>Carles Garcias<br \/>\n675849445<br \/>\ncarles@meliorasolutions.com<\/p>\n<a href=\"https:\/\/www.foment.com\/wp-content\/uploads\/2020\/05\/MELIORA.pdf\" target=\"_blank\" class=\"button color-3 medium \" style=\"border-radius: 2px;\">M\u00e1s informaci\u00f3n<\/a>[\/vc_column_text][\/vc_tta_section][vc_tta_section title=\u00bbOrange Fish (Term\u00f3metros a distancia, EPI&#8217;s tipo buzo y bata, gafas de protecci\u00f3n, mamparas, esterilizador de aires, guantes, gel hidroalcoh\u00f3lico y test serol\u00f3gicos)\u00bb tab_id=\u00bb1588864988486-c96828c6-c1de\u00bb][vc_column_text]<strong>Persona de contacto:\u00a0<\/strong><br \/>\nNacho Trabal\u00f3n<br \/>\n670856666<br \/>\n<a href=\"mailto:nacho@orange-fish.es\">nacho@orange-fish.es<\/a><\/p>\n<a href=\"https:\/\/www.foment.com\/wp-content\/uploads\/2020\/05\/ORANGE-FISH.pdf\" target=\"_blank\" class=\"button color-3 medium \" style=\"border-radius: 2px;\">M\u00e1s informaci\u00f3n<\/a>[\/vc_column_text][\/vc_tta_section][vc_tta_section title=\u00bbPalex Medical SA (Buzo protector, Mascarillas, gafas, pantallas, gel y test)\u00bb tab_id=\u00bb1587479754057-bd96514d-02db\u00bb][vc_column_text]<strong>P<\/strong><strong>ersona de contacto:<\/strong><br \/>\nMarc Dav\u00ed<br \/>\n93 400 65 42<br \/>\n<a href=\"mailto:m.davi@palex.es\">m.davi@palex.es<\/a><\/p>\n<p>Para pedidos:<br \/>\n<a href=\"mailto:f.zamora@palex.es\">f.zamora@palex.es<\/a><\/p>\n<p>Daniel Serra (pera test)<br \/>\n660 276 722<br \/>\n<a href=\"mailto:d.serra@palex.es\">d.serra@palex.es<\/a><\/p>\n<a href=\"https:\/\/www.foment.com\/wp-content\/uploads\/2020\/05\/PALEX-1.pdf\" target=\"_blank\" class=\"button color-3 medium \" style=\"border-radius: 2px;\">M\u00e1s informaci\u00f3n<\/a>[\/vc_column_text][\/vc_tta_section][vc_tta_section title=\u00bbPioneer Medical (Term\u00f3metros Infrarrojos, Mascarillas, Pulsios\u00edmetro y Gel Hidroalch\u00f3lico)\u00bb tab_id=\u00bb1588849433920-0990a270-431c\u00bb][vc_column_text]<strong>Persona de contacto:<\/strong><br \/>\nJordi Camps<br \/>\n648 95 65 05<strong><br \/>\n<\/strong><strong><u><a href=\"mailto:info@pioneermedicalsupply.com\">info@pioneermedicalsupply.com<\/a><\/u><\/strong><\/p>\n<a href=\"https:\/\/www.foment.com\/wp-content\/uploads\/2020\/05\/PIONEER-MEDICAL.pdf\" target=\"_blank\" class=\"button color-3 medium \" style=\"border-radius: 2px;\">M\u00e1s informaci\u00f3n<\/a>[\/vc_column_text][\/vc_tta_section][vc_tta_section title=\u00bbProsegur ( C\u00e1maras Termo Gr\u00e1ficas y Tecnolog\u00edas de gesti\u00f3 de aforo y distancia social)\u00bb tab_id=\u00bb1590687212886-6ffe5d56-072a\u00bb][vc_column_text]<strong>P<\/strong><strong>ersona de contacto:<\/strong><\/p>\n<p>Miquel D\u00edaz L\u00f3pez<br \/>\n<a href=\"mailto:miquel.diaz@prosegur.com\">miquel.diaz@prosegur.com<\/a><br \/>\ntel. 676 470 233<\/p>\n<a href=\"https:\/\/marketing.seguridad.prosegur.es\/soluciones-reapertura?utm_source=banner&#038;utm_medium=referral&#038;utm_campaign=cepyme&#038;utm_term=cepyme&#038;_cldee=bXNhbmNoZXpAZm9tZW50LmNvbQ%3d%3d&#038;recipientid=contact-fd721b8f35f8e1118b62005056b24941-bb5e718f99684a319f8a711f702cbd81&#038;esid=9df47737-ac9a-ea11-be15-005056b24941\" target=\"_blank\" class=\"button color-3 medium \" style=\"border-radius: 2px;\">M\u00e1s informaci\u00f3n<\/a>\n<p>ibus leo.[\/vc_column_text][\/vc_tta_section][vc_tta_section title=\u00bbProsersa (Mascarillas, gel y gafas)\u00bb tab_id=\u00bbprosersa\u00bb][vc_column_text]<strong>Persona de contacto:<\/strong><br \/>\nEva Rivali<br \/>\n625 059 268 &#8211; 93 399 42 00<br \/>\n<a href=\"mailto:eva@prosersa.net\">eva@prosersa.net<\/a><\/p>\n<a href=\"https:\/\/www.foment.com\/wp-content\/uploads\/2020\/04\/PROSERSA-1.pdf\" target=\"_blank\" class=\"button color-3 medium \" style=\"border-radius: 2px;\">M\u00e1s informaci\u00f3n<\/a>[\/vc_column_text][\/vc_tta_section][vc_tta_section title=\u00bbSecuritas (Soluciones de medici\u00f3n instant\u00e1nea de temperatura corporal)\u00bb tab_id=\u00bbsecuritas\u00bb][vc_column_text]<strong>P<\/strong><strong>ersona de contacto:<\/strong><br \/>\nManuel Escand\u00f3n Guti\u00e9rrez, director general Zona Catalu\u00f1a, Arag\u00f3n y Canarias<br \/>\n93 887 33 18\u00a0 \/ 660 099 366<br \/>\n<a href=\"mailto:manuel.escandon@securitas.es\">manuel.escandon@securitas.es<\/a><\/p>\n<a href=\"https:\/\/www.foment.com\/wp-content\/uploads\/2020\/04\/SECURITAS.pdf\" target=\"_blank\" class=\"button color-3 medium \" style=\"border-radius: 2px;\">M\u00e1s informaci\u00f3n<\/a>[\/vc_column_text][\/vc_tta_section][vc_tta_section title=\u00bbSuministros Especiales Miltec SL (Mascarillas, mascarillas infantiles)\u00bb tab_id=\u00bbsuministros-especiales-miltec\u00bb][vc_column_text]<strong>Persona de contacto:<\/strong><br \/>\nSebasti\u00e0 Ayats<br \/>\n619 103 532<br \/>\n<a href=\"mailto:sebastia.ayats@miltec.es\">sebastia.ayats@miltec.es<\/a><\/p>\n<a href=\"https:\/\/www.foment.com\/wp-content\/uploads\/2020\/04\/MILTEC-2.pdf\" target=\"_blank\" class=\"button color-3 medium \" style=\"border-radius: 2px;\">M\u00e1s informaci\u00f3n<\/a>[\/vc_column_text][\/vc_tta_section][vc_tta_section title=\u00bbSundisa (Elementos de prevenci\u00f3n : mamparas, separadores de espacios, muebles dispensadores, vinilos) \u00bb tab_id=\u00bb1589996172518-42cc718d-2a30&#8243;][vc_column_text]<strong>P<\/strong><strong>ersona de contacto:<\/strong><\/p>\n<p>lsabel Roch <a href=\"mailto:isabel@sundisa.es\">isabel@sundisa.es<\/a><br \/>\nElisabeth Misse\u00a0<a href=\"mailto:elisabeth@sundisa.es\">elisabeth@sundisa.es<\/a><\/p>\n<p>T +34 93 263 05 00<br \/>\nF +34 93 263 04 56<br \/>\n<a href=\"mailto:info@sundisa.es\">info@sundisa.es<\/a><\/p>\n<a href=\"https:\/\/www.foment.com\/wp-content\/uploads\/2020\/05\/SUNDISA.pdf\" target=\"_blank\" class=\"button color-3 medium \" style=\"border-radius: 2px;\">M\u00e1s informaci\u00f3n<\/a>[\/vc_column_text][\/vc_tta_section][vc_tta_section title=\u00bbTacklen (Mascarillas, protector facial, gafas, punto de desinfecci\u00f3n e higiene con dosificador de gel y papelera, alfombra antibacteriana, cinta retractil con poste, mamparas separadoras de mesas, sillas salas de espera, despachos y papelera de reciclaje para guantes y mascarillas)\u00bb tab_id=\u00bbtacklen\u00bb][vc_column_text]<strong>P<\/strong><strong>ersona de contacto:<\/strong><br \/>\nJordi Abad Freixa<br \/>\n618 517 838<br \/>\n937 888 568<br \/>\n<a href=\"mailto:comercial@tacklen.com\">comercial@tacklen.com<\/a><\/p>\n<p>&nbsp;<\/p>\n<a href=\"https:\/\/www.foment.com\/wp-content\/uploads\/2020\/05\/TACKLEN.pdf\" target=\"_blank\" class=\"button color-3 medium \" style=\"border-radius: 2px;\">M\u00e1s informaci\u00f3n<\/a>[\/vc_column_text][\/vc_tta_section][vc_tta_section title=\u00bbVestilab CRC (Batas)\u00bb tab_id=\u00bbvestilab-crc\u00bb][vc_column_text]<strong>P<\/strong><strong>ersona de contacto:<\/strong><br \/>\nMontserrat Aguilar<br \/>\n93 736 35 10 -Ext. 2127<br \/>\n<a href=\"mailto:m.aguilar@vestilab.com\">m.aguilar@vestilab.com<\/a><\/p>\n<a href=\"https:\/\/www.foment.com\/wp-content\/uploads\/2020\/04\/VESTILAB.pdf\" target=\"_blank\" class=\"button color-3 medium \" style=\"border-radius: 2px;\">M\u00e1s informaci\u00f3n<\/a>[\/vc_column_text][\/vc_tta_section][vc_tta_section title=\u00bbWinderbs-Unimertex Innova SL (Batas, mascarillas, pantallas y gel)\u00bb tab_id=\u00bbwinderbs-unimertex-innova\u00bb][vc_column_text]<strong>P<\/strong><strong>ersona de contacto:<\/strong><br \/>\nOscar Ru\u00edz<br \/>\n609879650<br \/>\n<a href=\"mailto:epis.pedidos@gmail.com\">epis.pedidos@gmail.com<\/a><\/p>\n<a href=\"https:\/\/www.foment.com\/wp-content\/uploads\/2020\/05\/INNOVA_1.pdf\" target=\"_blank\" class=\"button color-3 medium \" style=\"border-radius: 2px;\">M\u00e1s informaci\u00f3n<\/a>[\/vc_column_text][\/vc_tta_section][\/vc_tta_accordion][\/vc_column][\/vc_row][vc_row type=\u00bbfull_width_section\u00bb top_padding=\u00bb30&#8243; bottom_padding=\u00bb30&#8243;][vc_column width=\u00bb1\/1&#8243;]<div class=\"divider divider1\" style='margin:0 0 5px 0 !important;'><\/div><h4 class=\"headline font-special fontsize-m fontweight-700 lh-inherit align-center transform-inherit \" style=\"margin: 0 0 20px 0; color: #000000;\">PARA CUALQUIER DUDA CONT\u00c1CTENOS<\/h4><div class=\"divider divider1\" style='margin:0 0 0 0 !important;'><\/div>[\/vc_column][\/vc_row][vc_row type=\u00bbfull_width_section\u00bb top_padding=\u00bb10&#8243; bottom_padding=\u00bb50&#8243;][vc_column text_align=\u00bbcenter\u00bb width=\u00bb1\/3&#8243;][vc_column_text]<\/p>\n<p style=\"text-align: center;\"><strong>Horario:<\/strong><br \/>\n9-18 horas<\/p>\n<p>[\/vc_column_text][\/vc_column][vc_column width=\u00bb1\/3&#8243;][vc_column_text]<\/p>\n<p style=\"text-align: center;\"><strong>Tel\u00e9fono:<\/strong><br \/>\n93 484 12 55<\/p>\n<p>[\/vc_column_text][\/vc_column][vc_column width=\u00bb1\/3&#8243;][vc_column_text]<\/p>\n<p style=\"text-align: center;\"><strong>E-mail:<br \/>\n<\/strong><a href=\"mailto:networking@foment.com\">networking@foment.com<\/a><\/p>\n<p>[\/vc_column_text][\/vc_column][\/vc_row]<\/p>\n<\/section>","protected":false},"excerpt":{"rendered":"<p>[vc_row top_padding=\u00bb60&#8243;][vc_column width=\u00bb1\/2&#8243;][vc_column_text]n el momento en que todas las empresas empiecen a llevar a cabo la actividad laboral despu\u00e9s del final del confinamiento, ser\u00e1 imprescindible que se alcancen todas las medidas necesarias para proteger a sus trabajadores y evitar un nuevo repunte del virus, mientras sea necesario. Foment del Treball pone a su disposici\u00f3n un listado de empresas fabricantes o distribuidores de material EPI, mascarillas, test r\u00e1pidos, term\u00f3metros, separadores de mesa o mostradores, entre otros, que pueden abastecer los pedidos de las empresas para que apliquen las medidas de protecci\u00f3n necesarias para sus empleados ante el contagio del COVID19. Dado que tanto el precio unitario como las cantidades, los stocks y las fechas de entrega pueden ser variables, recomendamos que consulten previamente con cada proveedor antes de hacer efectivo el pedido.[\/vc_column_text][\/vc_column][vc_column width=\u00bb1\/2&#8243;][\/vc_column][\/vc_row][vc_row section_arrow=\u00bbfalse\u00bb top_padding=\u00bb20&#8243; bottom_padding=\u00bb20&#8243; bg_position=\u00bbleft top\u00bb][vc_column width=\u00bb1\/1&#8243;][vc_tta_accordion][vc_tta_section title=\u00bbBastos Medical, SL (Mascarillas)\u00bb tab_id=\u00bbbastos-medical\u00bb][vc_column_text]Persona de contacto: Jaume Membrive 938311075 medical.express@bastosmedical.com [\/vc_column_text][\/vc_tta_section][vc_tta_section title=\u00bbB. Boddy SL (Mascarillas)\u00bb tab_id=\u00bbb-boddy\u00bb][vc_column_text]Persona de contacto: Francisco Sevilla 652 795 455 pacosevilla64@gmail.com [\/vc_column_text][\/vc_tta_section][vc_tta_section title=\u00bbFresco Podolog\u00eda, SL (Mascarillas, guantes, protector facial y gel)\u00bb tab_id=\u00bbfresco-podologia\u00bb][vc_column_text]Persona de contacto: Guillermo Segura 664 273 347 export@fresco.es [\/vc_column_text][\/vc_tta_section][vc_tta_section title=\u00bbGrup Met (Mascarillas y test)\u00bb tab_id=\u00bbgrup-met\u00bb][vc_column_text]Persona de contacto: Jordi Ruiz jordi@grupmet.com 647 410 637 Formulari per fer [&hellip;]<\/p>\n","protected":false},"author":10,"featured_media":0,"parent":0,"menu_order":0,"comment_status":"closed","ping_status":"closed","template":"","meta":{"_links_to":"","_links_to_target":""},"acf":[],"wps_subtitle":"","_links":{"self":[{"href":"https:\/\/www.foment.com\/es\/wp-json\/wp\/v2\/pages\/87168"}],"collection":[{"href":"https:\/\/www.foment.com\/es\/wp-json\/wp\/v2\/pages"}],"about":[{"href":"https:\/\/www.foment.com\/es\/wp-json\/wp\/v2\/types\/page"}],"author":[{"embeddable":true,"href":"https:\/\/www.foment.com\/es\/wp-json\/wp\/v2\/users\/10"}],"replies":[{"embeddable":true,"href":"https:\/\/www.foment.com\/es\/wp-json\/wp\/v2\/comments?post=87168"}],"version-history":[{"count":4,"href":"https:\/\/www.foment.com\/es\/wp-json\/wp\/v2\/pages\/87168\/revisions"}],"predecessor-version":[{"id":92826,"href":"https:\/\/www.foment.com\/es\/wp-json\/wp\/v2\/pages\/87168\/revisions\/92826"}],"wp:attachment":[{"href":"https:\/\/www.foment.com\/es\/wp-json\/wp\/v2\/media?parent=87168"}],"curies":[{"name":"wp","href":"https:\/\/api.w.org\/{rel}","templated":true}]}}