{"id":89469,"date":"2020-05-03T17:22:30","date_gmt":"2020-05-03T15:22:30","guid":{"rendered":"https:\/\/www.foment.com\/formulari-promocionat-eina-servei-digital\/"},"modified":"2020-05-08T16:53:53","modified_gmt":"2020-05-08T14:53:53","slug":"formulario-promocionate-herramienta-servicio-digital","status":"publish","type":"page","link":"https:\/\/www.foment.com\/es\/formulario-promocionate-herramienta-servicio-digital\/","title":{"rendered":""},"content":{"rendered":"<section class=\"wpb-content-wrapper\"><p>[vc_row][vc_column width=\u00bb1\/1&#8243;]<div class=\"spacer\" style=\"height: 20px;\"><\/div>[vc_column_text]<\/p>\n<h2>Rellena el siguiente formulario si eres una empresa TIC y quieres ofrecer tus servicios<\/h2>\n<p>[\/vc_column_text]<noscript class=\"ninja-forms-noscript-message\">\n\tAviso: Se requiere JavaScript para este contenido.<\/noscript>\n<div id=\"nf-form-16-cont\" class=\"nf-form-cont\" aria-live=\"polite\" aria-labelledby=\"nf-form-title-16\" aria-describedby=\"nf-form-errors-16\" role=\"form\">\n\n    <div class=\"nf-loading-spinner\"><\/div>\n\n<\/div>\n        <!-- TODO: Move to Template File. -->\n        <script>var formDisplay=1;var nfForms=nfForms||[];var form=[];form.id='16';form.settings={\"objectType\":\"Form Setting\",\"editActive\":true,\"title\":\"Promoci\\u00f3nate\",\"created_at\":\"2020-05-08 16:19:15\",\"default_label_pos\":\"above\",\"show_title\":\"0\",\"clear_complete\":\"1\",\"hide_complete\":\"1\",\"logged_in\":\"\",\"wrapper_class\":\"\",\"element_class\":\"\",\"key\":\"\",\"add_submit\":\"1\",\"currency\":\"\",\"unique_field_error\":\"A form with this value has already been submitted.\",\"not_logged_in_msg\":\"\",\"sub_limit_msg\":\"The form has reached its submission limit.\",\"calculations\":[],\"formContentData\":[\"nombre_persona_de_contacto_1588947979088\",\"apellido_1588947983697\",\"nombre_de_la_empresa_1588947991447\",\"esta_asociada_a_foment_o_a_una_organizacion_territorial_o_sectorial_parte_de_ella_1588948826022\",\"en_caso_de_estar_asociada_a_una_organizacion_socia_de_foment_indica_cual_1588948867525\",\"email_1523908522614\",\"telefono_1588948001607\",\"que_herramienta_o_servicio_digital_puede_ofrecer_tu_empresa_1588948022747\",\"he_leido_y_acepto_la_politica_de_privacidad_1588948062431\",\"enviar_1584900826186\"],\"drawerDisabled\":false,\"changeEmailErrorMsg\":\"Introduce una direcci\\u00f3n de correo electr\\u00f3nico v\\u00e1lida.\",\"changeDateErrorMsg\":\"\\u00a1Introduce una fecha v\\u00e1lida!\",\"confirmFieldErrorMsg\":\"Estos campos deben coincidir.\",\"fieldNumberNumMinError\":\"Error de n\\u00famero m\\u00ednimo\",\"fieldNumberNumMaxError\":\"Error de n\\u00famero m\\u00e1ximo\",\"fieldNumberIncrementBy\":\"Increm\\u00e9ntalo por \",\"formErrorsCorrectErrors\":\"Corrige los errores antes de enviar este formulario.\",\"validateRequiredField\":\"Este campo es obligatorio.\",\"honeypotHoneypotError\":\"Error de Honeypot\",\"fieldsMarkedRequired\":\"Los campos marcados con * son requeridos\",\"allow_public_link\":0,\"public_link\":\"https:\\\/\\\/www.foment.com\\\/ninja-forms\\\/16pqql\",\"embed_form\":\"\",\"public_link_key\":\"16pqql\",\"ninjaForms\":\"Ninja Forms\",\"fieldTextareaRTEInsertLink\":\"Insertar enlace\",\"fieldTextareaRTEInsertMedia\":\"Insertar medios\",\"fieldTextareaRTESelectAFile\":\"Seleccione un archivo\",\"formHoneypot\":\"Si eres un ser humano y est\\u00e1s viendo este campo, por favor d\\u00e9jalo vac\\u00edo.\",\"fileUploadOldCodeFileUploadInProgress\":\"Subida de archivo en curso.\",\"fileUploadOldCodeFileUpload\":\"SUBIDA DE ARCHIVO\",\"currencySymbol\":\"&#36;\",\"thousands_sep\":\".\",\"decimal_point\":\",\",\"siteLocale\":\"es_ES\",\"dateFormat\":\"m\\\/d\\\/Y\",\"startOfWeek\":\"1\",\"of\":\"de\",\"previousMonth\":\"Mes anterior\",\"nextMonth\":\"Pr\\u00f3ximo mes\",\"months\":[\"Enero\",\"Febrero\",\"Marzo\",\"Abril\",\"Mayo\",\"Junio\",\"Julio\",\"Agosto\",\"Septiembre\",\"Octubre\",\"Noviembre\",\"Diciembre\"],\"monthsShort\":[\"Ene\",\"Feb\",\"Mar\",\"Abr\",\"Mayo\",\"Jun\",\"Jul\",\"Ago\",\"Sep\",\"Oct\",\"Nov\",\"Dic\"],\"weekdays\":[\"Domingo\",\"Lunes\",\"Martes\",\"Mi\\u00e9rcoles\",\"Jueves\",\"Viernes\",\"S\\u00e1bado\"],\"weekdaysShort\":[\"Dom\",\"Lun\",\"Mar\",\"Mi\\u00e9\",\"Jue\",\"Vie\",\"S\\u00e1b\"],\"weekdaysMin\":[\"Do\",\"Lu\",\"Ma\",\"Mi\",\"Ju\",\"Vi\",\"S\\u00e1\"],\"recaptchaConsentMissing\":\"reCapctha validation couldn&#039;t load.\",\"recaptchaMissingCookie\":\"reCaptcha v3 validation couldn&#039;t load the cookie needed to submit the form.\",\"recaptchaConsentEvent\":\"Accept reCaptcha cookies before sending the form.\",\"currency_symbol\":\"\",\"beforeForm\":\"\",\"beforeFields\":\"\",\"afterFields\":\"\",\"afterForm\":\"\"};form.fields=[{\"objectType\":\"Field\",\"objectDomain\":\"fields\",\"editActive\":false,\"order\":1,\"field_label\":\"Nom (persona de contacte)\",\"field_key\":\"nom_persona_de_contacte_1588516721329\",\"label_pos\":\"above\",\"required\":1,\"default\":\"\",\"placeholder\":\"\",\"container_class\":\"one-half second\",\"element_class\":\"\",\"admin_label\":\"\",\"help_text\":\"\",\"custom_name_attribute\":\"lname\",\"drawerDisabled\":\"\",\"label\":\"Nombre (persona de contacto)\",\"type\":\"lastname\",\"key\":\"nombre_persona_de_contacto_1588947979088\",\"created_at\":\"2020-03-22 19:09:30\",\"personally_identifiable\":1,\"value\":\"\",\"id\":261,\"beforeField\":\"\",\"afterField\":\"\",\"parentType\":\"lastname\",\"element_templates\":[\"lastname\",\"input\"],\"old_classname\":\"\",\"wrap_template\":\"wrap\"},{\"objectType\":\"Field\",\"objectDomain\":\"fields\",\"editActive\":false,\"order\":2,\"field_label\":\"Cognom\",\"field_key\":\"cognom_1588516759332\",\"label_pos\":\"above\",\"required\":1,\"default\":\"\",\"placeholder\":\"\",\"container_class\":\"one-half second\",\"element_class\":\"\",\"admin_label\":\"\",\"help_text\":\"\",\"custom_name_attribute\":\"lname\",\"drawerDisabled\":\"\",\"label\":\"Apellido\",\"type\":\"lastname\",\"key\":\"apellido_1588947983697\",\"created_at\":\"2020-03-22 19:09:30\",\"personally_identifiable\":1,\"value\":\"\",\"id\":265,\"beforeField\":\"\",\"afterField\":\"\",\"parentType\":\"lastname\",\"element_templates\":[\"lastname\",\"input\"],\"old_classname\":\"\",\"wrap_template\":\"wrap\"},{\"objectType\":\"Field\",\"objectDomain\":\"fields\",\"editActive\":false,\"order\":3,\"field_label\":\"Nom de l'empresa\",\"field_key\":\"nom_de_l_empresa_1584900672080\",\"label_pos\":\"above\",\"required\":1,\"default\":\"\",\"placeholder\":\"\",\"container_class\":\"one-half first\",\"element_class\":\"\",\"admin_label\":\"\",\"help_text\":\"\",\"custom_name_attribute\":\"fname\",\"label\":\"Nombre de la empresa\",\"type\":\"firstname\",\"key\":\"nombre_de_la_empresa_1588947991447\",\"created_at\":\"2020-03-22 19:09:30\",\"personally_identifiable\":1,\"value\":\"\",\"drawerDisabled\":\"\",\"id\":260,\"beforeField\":\"\",\"afterField\":\"\",\"parentType\":\"firstname\",\"element_templates\":[\"firstname\",\"input\"],\"old_classname\":\"\",\"wrap_template\":\"wrap\"},{\"objectType\":\"Field\",\"objectDomain\":\"fields\",\"editActive\":false,\"order\":4,\"type\":\"listradio\",\"label\":\"Est\\u00e1 asociada a Foment o a una organizaci\\u00f3n territorial o sectorial parte de ella?\",\"key\":\"esta_asociada_a_foment_o_a_una_organizacion_territorial_o_sectorial_parte_de_ella_1588948826022\",\"label_pos\":\"above\",\"required\":false,\"options\":[{\"errors\":[],\"max_options\":0,\"label\":\"S\\u00ed\",\"value\":\"S\",\"calc\":\"\",\"selected\":0,\"order\":0,\"settingModel\":{\"settings\":false,\"hide_merge_tags\":false,\"error\":false,\"name\":\"options\",\"type\":\"option-repeater\",\"label\":\"Options <a href=\\\"#\\\" class=\\\"nf-add-new\\\">Add New<\\\/a> <a href=\\\"#\\\" class=\\\"extra nf-open-import-tooltip\\\"><i class=\\\"fa fa-sign-in\\\" aria-hidden=\\\"true\\\"><\\\/i> Import<\\\/a>\",\"width\":\"full\",\"group\":\"\",\"value\":[{\"label\":\"One\",\"value\":\"one\",\"calc\":\"\",\"selected\":0,\"order\":0},{\"label\":\"Two\",\"value\":\"two\",\"calc\":\"\",\"selected\":0,\"order\":1},{\"label\":\"Three\",\"value\":\"three\",\"calc\":\"\",\"selected\":0,\"order\":2}],\"columns\":{\"label\":{\"header\":\"Label\",\"default\":\"\"},\"value\":{\"header\":\"Value\",\"default\":\"\"},\"calc\":{\"header\":\"Calc Value\",\"default\":\"\"},\"selected\":{\"header\":\"<span class=\\\"dashicons dashicons-yes\\\"><\\\/span>\",\"default\":0}}},\"manual_value\":true},{\"errors\":[],\"max_options\":0,\"label\":\"No\",\"value\":\"No\",\"calc\":\"\",\"selected\":0,\"order\":1,\"settingModel\":{\"settings\":false,\"hide_merge_tags\":false,\"error\":false,\"name\":\"options\",\"type\":\"option-repeater\",\"label\":\"Options <a href=\\\"#\\\" class=\\\"nf-add-new\\\">Add New<\\\/a> <a href=\\\"#\\\" class=\\\"extra nf-open-import-tooltip\\\"><i class=\\\"fa fa-sign-in\\\" aria-hidden=\\\"true\\\"><\\\/i> Import<\\\/a>\",\"width\":\"full\",\"group\":\"\",\"value\":[{\"label\":\"One\",\"value\":\"one\",\"calc\":\"\",\"selected\":0,\"order\":0},{\"label\":\"Two\",\"value\":\"two\",\"calc\":\"\",\"selected\":0,\"order\":1},{\"label\":\"Three\",\"value\":\"three\",\"calc\":\"\",\"selected\":0,\"order\":2}],\"columns\":{\"label\":{\"header\":\"Label\",\"default\":\"\"},\"value\":{\"header\":\"Value\",\"default\":\"\"},\"calc\":{\"header\":\"Calc Value\",\"default\":\"\"},\"selected\":{\"header\":\"<span class=\\\"dashicons dashicons-yes\\\"><\\\/span>\",\"default\":0}}},\"manual_value\":true}],\"container_class\":\"\",\"element_class\":\"\",\"admin_label\":\"\",\"help_text\":\"\",\"id\":279,\"beforeField\":\"\",\"afterField\":\"\",\"value\":\"\",\"parentType\":\"list\",\"element_templates\":[\"listradio\",\"input\"],\"old_classname\":\"list-radio\",\"wrap_template\":\"wrap\"},{\"objectType\":\"Field\",\"objectDomain\":\"fields\",\"editActive\":false,\"order\":5,\"type\":\"textbox\",\"label\":\"En caso de estar asociada a una organizaci\\u00f3n socia de Foment, indica cu\\u00e1l\",\"key\":\"en_caso_de_estar_asociada_a_una_organizacion_socia_de_foment_indica_cual_1588948867525\",\"label_pos\":\"above\",\"required\":false,\"default\":\"\",\"placeholder\":\"\",\"container_class\":\"\",\"element_class\":\"\",\"input_limit\":\"\",\"input_limit_type\":\"characters\",\"input_limit_msg\":\"Character(s) left\",\"manual_key\":false,\"admin_label\":\"\",\"help_text\":\"\",\"mask\":\"\",\"custom_mask\":\"\",\"custom_name_attribute\":\"\",\"personally_identifiable\":\"\",\"value\":\"\",\"drawerDisabled\":false,\"id\":280,\"beforeField\":\"\",\"afterField\":\"\",\"parentType\":\"textbox\",\"element_templates\":[\"textbox\",\"input\"],\"old_classname\":\"\",\"wrap_template\":\"wrap\"},{\"objectType\":\"Field\",\"objectDomain\":\"fields\",\"editActive\":false,\"order\":6,\"field_label\":\"Email\",\"field_key\":\"email_1523908522614\",\"label_pos\":\"above\",\"required\":1,\"default\":\"\",\"placeholder\":\"\",\"container_class\":\"\",\"element_class\":\"\",\"admin_label\":\"\",\"help_text\":\"\",\"custom_name_attribute\":\"email\",\"label\":\"Email\",\"type\":\"email\",\"key\":\"email_1523908522614\",\"created_at\":\"2020-03-22 19:09:30\",\"personally_identifiable\":1,\"value\":\"\",\"id\":262,\"beforeField\":\"\",\"afterField\":\"\",\"parentType\":\"email\",\"element_templates\":[\"email\",\"input\"],\"old_classname\":\"\",\"wrap_template\":\"wrap\"},{\"objectType\":\"Field\",\"objectDomain\":\"fields\",\"editActive\":false,\"order\":7,\"field_label\":\"Tel\\u00e8fon\",\"field_key\":\"telefon_1584900692270\",\"label_pos\":\"above\",\"required\":1,\"default\":\"\",\"placeholder\":\"\",\"container_class\":\"\",\"element_class\":\"\",\"input_limit\":\"\",\"input_limit_type\":\"characters\",\"input_limit_msg\":\"Character(s) left\",\"manual_key\":\"\",\"admin_label\":\"\",\"help_text\":\"\",\"mask\":\"\",\"custom_mask\":\"\",\"custom_name_attribute\":\"phone\",\"label\":\"Tel\\u00e9fono\",\"type\":\"phone\",\"key\":\"telefono_1588948001607\",\"created_at\":\"2020-03-22 19:09:30\",\"personally_identifiable\":1,\"value\":\"\",\"drawerDisabled\":\"\",\"id\":263,\"beforeField\":\"\",\"afterField\":\"\",\"parentType\":\"textbox\",\"element_templates\":[\"tel\",\"textbox\",\"input\"],\"old_classname\":\"\",\"wrap_template\":\"wrap\"},{\"objectType\":\"Field\",\"objectDomain\":\"fields\",\"editActive\":false,\"order\":8,\"type\":\"textarea\",\"label\":\"Qu\\u00e9 herramienta o servicio digital puede ofrecer tu empresa?\",\"key\":\"que_herramienta_o_servicio_digital_puede_ofrecer_tu_empresa_1588948022747\",\"label_pos\":\"above\",\"required\":1,\"default\":\"\",\"placeholder\":\"\",\"container_class\":\"\",\"element_class\":\"\",\"input_limit\":\"\",\"input_limit_type\":\"characters\",\"input_limit_msg\":\"Character(s) left\",\"manual_key\":\"\",\"admin_label\":\"\",\"help_text\":\"\",\"textarea_rte\":\"\",\"disable_rte_mobile\":\"\",\"textarea_media\":\"\",\"value\":\"\",\"drawerDisabled\":\"\",\"field_label\":\"Quina eina o servei digital pot oferir la teva empresa?\",\"field_key\":\"quina_eina_o_servei_digital_pot_oferir_la_teva_empresa_1588519545193\",\"id\":266,\"beforeField\":\"\",\"afterField\":\"\",\"parentType\":\"textarea\",\"element_templates\":[\"textarea\",\"input\"],\"old_classname\":\"\",\"wrap_template\":\"wrap\"},{\"objectType\":\"Field\",\"objectDomain\":\"fields\",\"editActive\":false,\"order\":9,\"type\":\"checkbox\",\"label\":\"He le\\u00eddo y acepto la pol\\u00edtica de privacidad\",\"key\":\"he_leido_y_acepto_la_politica_de_privacidad_1588948062431\",\"label_pos\":\"right\",\"required\":1,\"container_class\":\"\",\"element_class\":\"\",\"manual_key\":\"\",\"admin_label\":\"\",\"help_text\":\"\",\"default_value\":\"unchecked\",\"checked_value\":\"Checked\",\"unchecked_value\":\"Unchecked\",\"checked_calc_value\":\"\",\"unchecked_calc_value\":\"\",\"drawerDisabled\":false,\"field_label\":\"He llegit i accepto la pol\\u00edtica de privacitat\",\"field_key\":\"he_llegit_i_accepto_la_politica_de_privacitat_1588612888002\",\"id\":267,\"beforeField\":\"\",\"afterField\":\"\",\"value\":\"\",\"parentType\":\"checkbox\",\"element_templates\":[\"checkbox\",\"input\"],\"old_classname\":\"\",\"wrap_template\":\"wrap\"},{\"objectType\":\"Field\",\"objectDomain\":\"fields\",\"editActive\":false,\"order\":10,\"field_label\":\"Enviar\",\"field_key\":\"enviar_1584900826186\",\"processing_label\":\"Processing\",\"container_class\":\"\",\"element_class\":\"\",\"type\":\"submit\",\"label\":\"Enviar\",\"key\":\"enviar_1584900826186\",\"created_at\":\"2020-03-22 19:09:30\",\"drawerDisabled\":\"\",\"id\":264,\"beforeField\":\"\",\"afterField\":\"\",\"value\":\"\",\"label_pos\":\"above\",\"parentType\":\"textbox\",\"element_templates\":[\"submit\",\"button\",\"input\"],\"old_classname\":\"\",\"wrap_template\":\"wrap-no-label\"}];nfForms.push(form);<\/script>\n        [vc_column_text]<strong><u>Informaci\u00f3n b\u00e1sica sobre Protecci\u00f3n de Datos<\/u><\/strong><\/p>\n<p><strong>Responsable:<\/strong>\u00a0Foment del Treball.\u00a0<a href=\"https:\/\/www.foment.com\/es\/politica-de-privacidad\/\" target=\"_blank\" rel=\"noopener noreferrer\">+info<\/a><br \/>\n<strong>Finalidad:<\/strong>\u00a0Poner en contacto al usuario con la entidad.\u00a0<a href=\"https:\/\/www.foment.com\/es\/politica-de-privacidad\/\" target=\"_blank\" rel=\"noopener noreferrer\">+info<\/a><br \/>\n<strong>Legitimaci\u00f3n:<\/strong>\u00a0Consentimiento del interesado.\u00a0<a href=\"https:\/\/www.foment.com\/es\/politica-de-privacidad\/\" target=\"_blank\" rel=\"noopener noreferrer\">+info<\/a><br \/>\n<strong>Destinatarios:<\/strong>\u00a0La petici\u00f3n de contacto generar\u00e1 un correo electr\u00f3nico a la entidad que mantendr\u00e1 en los servidores Foment del Treball.\u00a0<a href=\"https:\/\/www.foment.com\/es\/politica-de-privacidad\/\" target=\"_blank\" rel=\"noopener noreferrer\">+info<\/a><br \/>\n<strong>Derechos:<\/strong>\u00a0Tiene el derecho de acceder, rectificar y suprimir estos datos, como otros derechos que tambi\u00e9n se explican en la pol\u00edtica de privacidad.\u00a0<a href=\"https:\/\/www.foment.com\/es\/politica-de-privacidad\/\" target=\"_blank\" rel=\"noopener noreferrer\">+info<\/a><br \/>\n<strong>Conservaci\u00f3n de los datos:<\/strong>\u00a0Hasta que el usuario solicite su supresi\u00f3n.<br \/>\n<strong>Informaci\u00f3n adicional:<\/strong>\u00a0Puede consultar informaci\u00f3n adicional y detallada sobre la pol\u00edtica de privacidad en\u00a0<a href=\"https:\/\/www.foment.com\/es\/politica-de-privacidad\/\" target=\"_blank\" rel=\"noopener noreferrer\">https:\/\/www.foment.com\/es\/politica-de-privacidad\/<\/a>.[\/vc_column_text][\/vc_column][\/vc_row]<\/p>\n<\/section>","protected":false},"excerpt":{"rendered":"<p>[vc_row][vc_column width=\u00bb1\/1&#8243;][vc_column_text] Rellena el siguiente formulario si eres una empresa TIC y quieres ofrecer tus servicios [\/vc_column_text][vc_column_text]Informaci\u00f3n b\u00e1sica sobre Protecci\u00f3n de Datos Responsable:\u00a0Foment del Treball.\u00a0+info Finalidad:\u00a0Poner en contacto al usuario con la entidad.\u00a0+info Legitimaci\u00f3n:\u00a0Consentimiento del interesado.\u00a0+info Destinatarios:\u00a0La petici\u00f3n de contacto generar\u00e1 un correo electr\u00f3nico a la entidad que mantendr\u00e1 en los servidores Foment del Treball.\u00a0+info Derechos:\u00a0Tiene el derecho de acceder, rectificar y suprimir estos datos, como otros derechos que tambi\u00e9n se explican en la pol\u00edtica de privacidad.\u00a0+info Conservaci\u00f3n de los datos:\u00a0Hasta que el usuario solicite su supresi\u00f3n. Informaci\u00f3n adicional:\u00a0Puede consultar informaci\u00f3n adicional y detallada sobre la pol\u00edtica de privacidad en\u00a0https:\/\/www.foment.com\/es\/politica-de-privacidad\/.[\/vc_column_text][\/vc_column][\/vc_row]<\/p>\n","protected":false},"author":10,"featured_media":0,"parent":0,"menu_order":0,"comment_status":"closed","ping_status":"closed","template":"","meta":{"_links_to":"","_links_to_target":""},"acf":[],"wps_subtitle":"Promoci\u00f3nate - Formulario de inscripci\u00f3n","_links":{"self":[{"href":"https:\/\/www.foment.com\/es\/wp-json\/wp\/v2\/pages\/89469"}],"collection":[{"href":"https:\/\/www.foment.com\/es\/wp-json\/wp\/v2\/pages"}],"about":[{"href":"https:\/\/www.foment.com\/es\/wp-json\/wp\/v2\/types\/page"}],"author":[{"embeddable":true,"href":"https:\/\/www.foment.com\/es\/wp-json\/wp\/v2\/users\/10"}],"replies":[{"embeddable":true,"href":"https:\/\/www.foment.com\/es\/wp-json\/wp\/v2\/comments?post=89469"}],"version-history":[{"count":0,"href":"https:\/\/www.foment.com\/es\/wp-json\/wp\/v2\/pages\/89469\/revisions"}],"wp:attachment":[{"href":"https:\/\/www.foment.com\/es\/wp-json\/wp\/v2\/media?parent=89469"}],"curies":[{"name":"wp","href":"https:\/\/api.w.org\/{rel}","templated":true}]}}